{"id":9973,"date":"2020-11-06T15:44:22","date_gmt":"2020-11-06T15:44:22","guid":{"rendered":"http:\/\/www.alquerapruebas.es\/?page_id=9973"},"modified":"2026-02-23T13:56:37","modified_gmt":"2026-02-23T13:56:37","slug":"usos","status":"publish","type":"page","link":"https:\/\/www.alquera.com\/it\/poliacrilato-de-sodio\/usos\/","title":{"rendered":"Utilizza il poliacrilato di sodio"},"content":{"rendered":"<p>Il\u00a0<a href=\"https:\/\/www.alquera.com\/it\/poliacrilato-de-sodio\/\">poliacrilato di sodio<\/a>\u00a0\u00e8 un polimero superassorbente che si presenta sotto forma di polvere bianca e che, quando assorbe acqua, assume la forma e la consistenza di un gel d'acqua bianco. Questa capacit\u00e0 di assorbire l'acqua \u00e8 la ragione principale degli usi del poliacrilato di sodio che vedremo di seguito.\u00a0<\/p>\r\n\r\n<figure class=\"wp-block-image size-large\"><img loading=\"lazy\" decoding=\"async\" width=\"700\" height=\"302\" class=\"wp-image-10241\" src=\"https:\/\/www.alquera.com\/wp-content\/uploads\/2020\/11\/poliacrilato-de-sodio-que-es.png\" alt=\"USOS POLIACRILATO DE SODIO\" srcset=\"https:\/\/www.alquera.com\/wp-content\/uploads\/2020\/11\/poliacrilato-de-sodio-que-es.png 700w, https:\/\/www.alquera.com\/wp-content\/uploads\/2020\/11\/poliacrilato-de-sodio-que-es-300x129.png 300w, https:\/\/www.alquera.com\/wp-content\/uploads\/2020\/11\/poliacrilato-de-sodio-que-es-600x259.png 600w, https:\/\/www.alquera.com\/wp-content\/uploads\/2020\/11\/poliacrilato-de-sodio-que-es-64x28.png 64w\" sizes=\"auto, (max-width: 700px) 100vw, 700px\" \/><\/figure>\r\n\r\n<p>&nbsp;<\/p>\r\n\r\n\r\n\r\n<h2 class=\"wp-block-heading\">SUPERASSORBENTE NEI PANNOLINI PER BAMBINI, NEGLI ASSORBENTI IGIENICI, NEI PANNOLONI IGIENICI<\/h2>\r\n\r\n\r\n\r\n<p>Il poliacrilato di sodio trova uno dei suoi principali impieghi come superassorbente nei pannolini per bambini e negli assorbenti igienici. Sebbene le aziende produttrici non siano obbligate a rivelare ogni specifico materiale presente nei pannolini e negli assorbenti, tutti hanno una struttura simile. Sono costituiti da due fodere: una fodera esterna che isola il pannolino o l'assorbente dalla pelle e una fodera interna che consente l'ingresso del liquido. Al centro si trova un materiale assorbente, una polvere composta da poliacrilato di sodio, responsabile dell'assorbimento sia dei pannolini che degli assorbenti.\u00a0<\/p>\r\n\r\n\r\n\r\n<h2 class=\"wp-block-heading\">IMPACCHI FREDDI (CUSCINETTI)<\/h2>\r\n\r\n\r\n\r\n<p>Gli impacchi freddi che si comportano come un gel quando sono congelati hanno al loro interno poliacrilato di sodio, che permette all'impacco di avere la solidit\u00e0 di un impacco freddo trattenendo l'acqua.\u00a0<\/p>\r\n\r\n\r\n\r\n<h2 class=\"wp-block-heading\">TRASPORTO ALIMENTARE\u00a0<\/h2>\r\n\r\n\r\n\r\n<p>Per evitare la fuoriuscita di liquidi durante il trasporto di alcuni prodotti alimentari, ad esempio la carne, vengono utilizzati fogli ammortizzati contenenti poliacrilato di sodio per assorbire i liquidi. Nel caso della carne, \u00e8 possibile vedere nelle singole vaschette la pellicola sottostante per assorbire l'eventuale sangue che potrebbe fuoriuscire.\u00a0<\/p>\r\n\r\n\r\n\r\n<h2 class=\"wp-block-heading\">AGENTE CHELANTE<\/h2>\r\n\r\n\r\n\r\n<p>Il poliacrilato di sodio, oltre a intrappolare l'acqua nei suoi ioni, \u00e8 in grado di intrappolare alcuni metalli presenti nell'acqua come magnesio, ferro o zinco. Questo aiuta alcuni detergenti a lavorare in modo pi\u00f9 efficace.<\/p>\r\n\r\n\r\n\r\n<p>Gli agenti chelanti neutralizzano la presenza di metalli pesanti presenti nell'acqua, lo sporco e altre sostanze che possono trovarsi nel bucato, rendendo il detersivo pi\u00f9 puro ed efficace nella pulizia e nella neutralizzazione degli odori del bucato.<\/p>\r\n\r\n\r\n\r\n<h2 class=\"wp-block-heading\">AGENTE ADDENSANTE<\/h2>\r\n\r\n\r\n\r\n<p>Un altro uso del poliacrilato di sodio \u00e8 quello di agente addensante sia nei processi industriali che nei cosmetici. Come agente addensante, migliora la viscosit\u00e0 dei composti a base d'acqua e ne aumenta la stabilit\u00e0.\u00a0<\/p>\r\n\r\n\r\n\r\n<h2 class=\"wp-block-heading\">RIVESTIMENTO<\/h2>\r\n\r\n\r\n\r\n<p>In alcune installazioni elettriche che devono essere a contatto con l'acqua, il cablaggio viene rivestito con poliacrilato di sodio. In questo modo, anche se il cablaggio \u00e8 ben isolato, qualsiasi piccola perdita viene assorbita dal poliacrilato di sodio.<\/p>\r\n\r\n\r\n\r\n<h2 class=\"wp-block-heading\">AGRICOLTURA<\/h2>\r\n\r\n\r\n\r\n<p>I superassorbenti sono sempre pi\u00f9 utilizzati per trattenere l'acqua e mantenere il terreno umido per un periodo di tempo pi\u00f9 lungo. A questo scopo, tuttavia, si consiglia di utilizzare\u00a0<a href=\"https:\/\/www.alquera.com\/it\/poliacrilato-de-potasio\/\">poliacrilato di potassio<\/a>\u00a0o\u00a0<a href=\"https:\/\/www.alquera.com\/it\/hidrogel\/\">idrogel<\/a>\u00a0(stesso prodotto), anch'essi superassorbitori d'acqua, ma senza il rischio che il sodio avveleni le piante. I vantaggi dell'utilizzo di un assorbitore d'acqua per risparmiare tempo e costi di irrigazione sono evidenti.\u00a0<\/p>\r\n\r\n\r\n\r\n<h2 class=\"wp-block-heading\">ESPERIMENTO SCIENTIFICO<\/h2>\r\n\r\n\r\n\r\n<p>Il poliacrilato di sodio \u00e8 uno dei prodotti pi\u00f9 comunemente utilizzati nelle fiere e negli eventi scientifici. L'osservazione dell'assorbimento di acqua da parte del poliacrilato di sodio \u00e8 un esperimento sui polimeri. Oltre a questo esperimento, il poliacrilato, avendo assorbito l'acqua e venendo a contatto con l'aria, si presenta come neve artificiale. Questo lo rende un esperimento scientifico curioso e divertente. Il poliacrilato di sodio viene spesso utilizzato come base per prodotti in polvere per realizzare la neve artificiale. Potete trovare maggiori informazioni qui:\u00a0<a href=\"https:\/\/www.alquera.com\/it\/nieve-artificial\/\">neve artificiale a base di poliacrilato di sodio<\/a>.<\/p>\r\n\r\n\r\n\r\n<figure class=\"wp-block-image size-large is-resized\"><img loading=\"lazy\" decoding=\"async\" class=\"wp-image-10244\" src=\"https:\/\/www.alquera.com\/wp-content\/uploads\/2020\/11\/NIEVE-CON-POLIACRILATO-DE-SODIO.png\" alt=\"\" width=\"500\" height=\"400\" srcset=\"https:\/\/www.alquera.com\/wp-content\/uploads\/2020\/11\/NIEVE-CON-POLIACRILATO-DE-SODIO.png 800w, https:\/\/www.alquera.com\/wp-content\/uploads\/2020\/11\/NIEVE-CON-POLIACRILATO-DE-SODIO-300x240.png 300w, https:\/\/www.alquera.com\/wp-content\/uploads\/2020\/11\/NIEVE-CON-POLIACRILATO-DE-SODIO-768x614.png 768w, https:\/\/www.alquera.com\/wp-content\/uploads\/2020\/11\/NIEVE-CON-POLIACRILATO-DE-SODIO-600x480.png 600w, https:\/\/www.alquera.com\/wp-content\/uploads\/2020\/11\/NIEVE-CON-POLIACRILATO-DE-SODIO-64x51.png 64w\" sizes=\"auto, (max-width: 500px) 100vw, 500px\" \/><\/figure>\r\n\r\n\r\n\r\n<h2 class=\"wp-block-heading\">PROPRIET\u00c0 DEL POLIACRILATO DI SODIO<\/h2>\r\n\r\n\r\n\r\n<p>La formula e le propriet\u00e0 del poliacrilato di sodio sono riportate in questa sezione:\u00a0<a href=\"https:\/\/www.alquera.com\/it\/poliacrilato-de-sodio\/propiedades\/\">Propriet\u00e0 del poliacrilato di sodio<\/a><\/p>\r\n\r\n\r\n\r\n<h3 class=\"widget-title\">Acquista <\/h3><div><div class=\"woocommerce\"><ul class=\"products columns-4\">\n<li class=\"desktop-align-left tablet-align-left mobile-align-left ast-product-gallery-layout-horizontal-slider ast-magnify-disabled ast-product-single-variable ast-product-tabs-layout-horizontal ast-qv-on-image product type-product post-495 status-publish first instock product_cat-productos-experimentos product_cat-productos has-post-thumbnail taxable shipping-taxable purchasable product-type-variable has-default-attributes\">\n\t<a href=\"https:\/\/www.alquera.com\/it\/permanganato-de-potasio\/\" class=\"woocommerce-LoopProduct-link woocommerce-loop-product__link\"><img loading=\"lazy\" decoding=\"async\" width=\"300\" height=\"300\" src=\"https:\/\/www.alquera.com\/wp-content\/uploads\/2016\/01\/permanganato-200g-foto-nueva-300x300.png\" class=\"attachment-woocommerce_thumbnail size-woocommerce_thumbnail\" alt=\"permanganato 200g\" srcset=\"https:\/\/www.alquera.com\/wp-content\/uploads\/2016\/01\/permanganato-200g-foto-nueva-300x300.png 300w, https:\/\/www.alquera.com\/wp-content\/uploads\/2016\/01\/permanganato-200g-foto-nueva-150x150.png 150w, https:\/\/www.alquera.com\/wp-content\/uploads\/2016\/01\/permanganato-200g-foto-nueva-12x12.png 12w, https:\/\/www.alquera.com\/wp-content\/uploads\/2016\/01\/permanganato-200g-foto-nueva-100x100.png 100w\" sizes=\"auto, (max-width: 300px) 100vw, 300px\" \/><h2 class=\"woocommerce-loop-product__title\">Permanganato di Potassio<\/h2><div class=\"review-rating\"><div class=\"star-rating\"><span style=\"width:100%\" data-no-translation=\"\" data-trp-gettext=\"\">Valutato <strong class=\"rating\">5.00<\/strong> su 5<\/span><\/div><\/div>\n<\/a><a href=\"https:\/\/www.alquera.com\/it\/permanganato-de-potasio\/\" aria-describedby=\"woocommerce_loop_add_to_cart_link_describedby_495\" data-quantity=\"1\" class=\"button product_type_variable add_to_cart_button\" data-product_id=\"495\" data-product_sku=\"AL100111\" aria-label=\"Seleziona le opzioni per \u201cPermanganato de Potasio\u201d\" rel=\"nofollow\" data-no-translation=\"\" data-trp-gettext=\"\" data-no-translation-aria-label=\"\">Scegli<\/a>\t<span id=\"woocommerce_loop_add_to_cart_link_describedby_495\" class=\"screen-reader-text\">\n\t\tQuesto prodotto ha pi\u00f9 varianti. Le opzioni possono essere scelte nella pagina del prodotto\t<\/span>\n<\/li>\n<\/ul>\n<\/div><\/div>","protected":false},"excerpt":{"rendered":"<p>SUPERABSORBENTE EN PA\u00d1ALES BEB\u00c9S, COMPRESAS SANITARIAS El poliacrilato de sodio tiene uno de sus usos principales en su comportamiento como super absorbente de agua, en los pa\u00f1ales de los beb\u00e9s, compresas sanitarias. Aunque las compa\u00f1\u00edas fabricantes no est\u00e1n obligadas a desvelar cada material espec\u00edfico en los pa\u00f1ales y en las compresas sanitarias, todas tienen una [&hellip;]<\/p>\n","protected":false},"author":1,"featured_media":0,"parent":32595,"menu_order":0,"comment_status":"open","ping_status":"closed","template":"","meta":{"_acf_changed":false,"site-sidebar-layout":"left-sidebar","site-content-layout":"","ast-site-content-layout":"default","site-content-style":"default","site-sidebar-style":"default","ast-global-header-display":"","ast-banner-title-visibility":"","ast-main-header-display":"","ast-hfb-above-header-display":"","ast-hfb-below-header-display":"","ast-hfb-mobile-header-display":"","site-post-title":"","ast-breadcrumbs-content":"","ast-featured-img":"","footer-sml-layout":"","ast-disable-related-posts":"","theme-transparent-header-meta":"","adv-header-id-meta":"","stick-header-meta":"","header-above-stick-meta":"","header-main-stick-meta":"","header-below-stick-meta":"","astra-migrate-meta-layouts":"set","ast-page-background-enabled":"default","ast-page-background-meta":{"desktop":{"background-color":"var(--ast-global-color-4)","background-image":"","background-repeat":"repeat","background-position":"center center","background-size":"auto","background-attachment":"scroll","background-type":"","background-media":"","overlay-type":"","overlay-color":"","overlay-opacity":"","overlay-gradient":""},"tablet":{"background-color":"","background-image":"","background-repeat":"repeat","background-position":"center center","background-size":"auto","background-attachment":"scroll","background-type":"","background-media":"","overlay-type":"","overlay-color":"","overlay-opacity":"","overlay-gradient":""},"mobile":{"background-color":"","background-image":"","background-repeat":"repeat","background-position":"center center","background-size":"auto","background-attachment":"scroll","background-type":"","background-media":"","overlay-type":"","overlay-color":"","overlay-opacity":"","overlay-gradient":""}},"ast-content-background-meta":{"desktop":{"background-color":"var(--ast-global-color-5)","background-image":"","background-repeat":"repeat","background-position":"center center","background-size":"auto","background-attachment":"scroll","background-type":"","background-media":"","overlay-type":"","overlay-color":"","overlay-opacity":"","overlay-gradient":""},"tablet":{"background-color":"var(--ast-global-color-5)","background-image":"","background-repeat":"repeat","background-position":"center center","background-size":"auto","background-attachment":"scroll","background-type":"","background-media":"","overlay-type":"","overlay-color":"","overlay-opacity":"","overlay-gradient":""},"mobile":{"background-color":"var(--ast-global-color-5)","background-image":"","background-repeat":"repeat","background-position":"center center","background-size":"auto","background-attachment":"scroll","background-type":"","background-media":"","overlay-type":"","overlay-color":"","overlay-opacity":"","overlay-gradient":""}},"footnotes":""},"class_list":["post-9973","page","type-page","status-publish","hentry"],"acf":[],"yoast_head":"<!-- This site is optimized with the Yoast SEO Premium plugin v27.1 (Yoast SEO v27.1.1) - https:\/\/yoast.com\/product\/yoast-seo-premium-wordpress\/ -->\n<title>Usos Poliacrilato de Sodio - Alquera.com<\/title>\n<meta name=\"description\" content=\"El poliacrilato de sodio tiene multitud de usos gracias a su capacidad de absorci\u00f3n de agua; ver usos y caracter\u00edsticas.\" \/>\n<meta name=\"robots\" content=\"index, follow, max-snippet:-1, max-image-preview:large, max-video-preview:-1\" \/>\n<link rel=\"canonical\" href=\"https:\/\/www.alquera.com\/it\/poliacrilato-de-sodio\/usos\/\" \/>\n<meta property=\"og:locale\" content=\"it_IT\" \/>\n<meta property=\"og:type\" content=\"article\" \/>\n<meta property=\"og:title\" content=\"Usos Poliacrilato de Sodio\" \/>\n<meta property=\"og:description\" content=\"El poliacrilato de sodio tiene multitud de usos gracias a su capacidad de absorci\u00f3n de agua; ver usos y caracter\u00edsticas.\" \/>\n<meta property=\"og:url\" content=\"https:\/\/www.alquera.com\/it\/poliacrilato-de-sodio\/usos\/\" \/>\n<meta property=\"og:site_name\" content=\"Alquera.com\" \/>\n<meta property=\"article:publisher\" content=\"https:\/\/www.facebook.com\/alqueraciencia\" \/>\n<meta property=\"article:modified_time\" content=\"2026-02-23T13:56:37+00:00\" \/>\n<meta property=\"og:image\" content=\"https:\/\/www.alquera.com\/wp-content\/uploads\/2020\/11\/poliacrilato-de-sodio-que-es.png\" \/>\n\t<meta property=\"og:image:width\" content=\"700\" \/>\n\t<meta property=\"og:image:height\" content=\"302\" \/>\n\t<meta property=\"og:image:type\" content=\"image\/png\" \/>\n<meta name=\"twitter:card\" content=\"summary_large_image\" \/>\n<meta name=\"twitter:label1\" content=\"Tempo di lettura stimato\" \/>\n\t<meta name=\"twitter:data1\" content=\"4 minuti\" \/>\n<script type=\"application\/ld+json\" class=\"yoast-schema-graph\">{\"@context\":\"https:\/\/schema.org\",\"@graph\":[{\"@type\":\"WebPage\",\"@id\":\"https:\/\/www.alquera.com\/poliacrilato-de-sodio\/usos\/\",\"url\":\"https:\/\/www.alquera.com\/poliacrilato-de-sodio\/usos\/\",\"name\":\"Usos Poliacrilato de Sodio - Alquera.com\",\"isPartOf\":{\"@id\":\"https:\/\/www.alquera.com\/en\/#website\"},\"primaryImageOfPage\":{\"@id\":\"https:\/\/www.alquera.com\/poliacrilato-de-sodio\/usos\/#primaryimage\"},\"image\":{\"@id\":\"https:\/\/www.alquera.com\/poliacrilato-de-sodio\/usos\/#primaryimage\"},\"thumbnailUrl\":\"https:\/\/www.alquera.com\/wp-content\/uploads\/2020\/11\/poliacrilato-de-sodio-que-es.png\",\"datePublished\":\"2020-11-06T15:44:22+00:00\",\"dateModified\":\"2026-02-23T13:56:37+00:00\",\"description\":\"El poliacrilato de sodio tiene multitud de usos gracias a su capacidad de absorci\u00f3n de agua; ver usos y caracter\u00edsticas.\",\"breadcrumb\":{\"@id\":\"https:\/\/www.alquera.com\/poliacrilato-de-sodio\/usos\/#breadcrumb\"},\"inLanguage\":\"it-IT\",\"potentialAction\":[{\"@type\":\"ReadAction\",\"target\":[\"https:\/\/www.alquera.com\/poliacrilato-de-sodio\/usos\/\"]}]},{\"@type\":\"ImageObject\",\"inLanguage\":\"it-IT\",\"@id\":\"https:\/\/www.alquera.com\/poliacrilato-de-sodio\/usos\/#primaryimage\",\"url\":\"https:\/\/www.alquera.com\/wp-content\/uploads\/2020\/11\/poliacrilato-de-sodio-que-es.png\",\"contentUrl\":\"https:\/\/www.alquera.com\/wp-content\/uploads\/2020\/11\/poliacrilato-de-sodio-que-es.png\"},{\"@type\":\"BreadcrumbList\",\"@id\":\"https:\/\/www.alquera.com\/poliacrilato-de-sodio\/usos\/#breadcrumb\",\"itemListElement\":[{\"@type\":\"ListItem\",\"position\":1,\"name\":\"Inicio\",\"item\":\"https:\/\/www.alquera.com\/\"},{\"@type\":\"ListItem\",\"position\":2,\"name\":\"Poliacrilato de Sodio\",\"item\":\"https:\/\/www.alquera.com\/poliacrilato-de-sodio\/\"},{\"@type\":\"ListItem\",\"position\":3,\"name\":\"Usos Poliacrilato de Sodio\"}]},{\"@type\":\"WebSite\",\"@id\":\"https:\/\/www.alquera.com\/en\/#website\",\"url\":\"https:\/\/www.alquera.com\/en\/\",\"name\":\"Alquera.com\",\"description\":\"Tienda Online Productos Qu\u00edmicos y Material de Laboratorio\",\"publisher\":{\"@id\":\"https:\/\/www.alquera.com\/en\/#organization\"},\"potentialAction\":[{\"@type\":\"SearchAction\",\"target\":{\"@type\":\"EntryPoint\",\"urlTemplate\":\"https:\/\/www.alquera.com\/en\/?s={search_term_string}\"},\"query-input\":{\"@type\":\"PropertyValueSpecification\",\"valueRequired\":true,\"valueName\":\"search_term_string\"}}],\"inLanguage\":\"it-IT\"},{\"@type\":\"Organization\",\"@id\":\"https:\/\/www.alquera.com\/en\/#organization\",\"name\":\"ALQUERA CIENCIA SL\",\"url\":\"https:\/\/www.alquera.com\/en\/\",\"logo\":{\"@type\":\"ImageObject\",\"inLanguage\":\"it-IT\",\"@id\":\"https:\/\/www.alquera.com\/en\/#\/schema\/logo\/image\/\",\"url\":\"https:\/\/www.alquera.com\/wp-content\/uploads\/2020\/11\/logo_300_ancho.png\",\"contentUrl\":\"https:\/\/www.alquera.com\/wp-content\/uploads\/2020\/11\/logo_300_ancho.png\",\"width\":300,\"height\":86,\"caption\":\"ALQUERA CIENCIA SL\"},\"image\":{\"@id\":\"https:\/\/www.alquera.com\/en\/#\/schema\/logo\/image\/\"},\"sameAs\":[\"https:\/\/www.facebook.com\/alqueraciencia\",\"https:\/\/www.instagram.com\/alquera_ciencia\/\",\"https:\/\/www.youtube.com\/c\/alquera\"]}]}<\/script>\n<!-- \/ Yoast SEO Premium plugin. -->","yoast_head_json":{"title":"Usi del poliacrilato di sodio - Alquera.com","description":"Il poliacrilato di sodio ha una moltitudine di impieghi grazie alla sua capacit\u00e0 di assorbire l'acqua; vedi usi e caratteristiche.","robots":{"index":"index","follow":"follow","max-snippet":"max-snippet:-1","max-image-preview":"max-image-preview:large","max-video-preview":"max-video-preview:-1"},"canonical":"https:\/\/www.alquera.com\/it\/poliacrilato-de-sodio\/usos\/","og_locale":"it_IT","og_type":"article","og_title":"Usos Poliacrilato de Sodio","og_description":"El poliacrilato de sodio tiene multitud de usos gracias a su capacidad de absorci\u00f3n de agua; ver usos y caracter\u00edsticas.","og_url":"https:\/\/www.alquera.com\/it\/poliacrilato-de-sodio\/usos\/","og_site_name":"Alquera.com","article_publisher":"https:\/\/www.facebook.com\/alqueraciencia","article_modified_time":"2026-02-23T13:56:37+00:00","og_image":[{"width":700,"height":302,"url":"https:\/\/www.alquera.com\/wp-content\/uploads\/2020\/11\/poliacrilato-de-sodio-que-es.png","type":"image\/png"}],"twitter_card":"summary_large_image","twitter_misc":{"Tempo di lettura stimato":"4 minuti"},"schema":{"@context":"https:\/\/schema.org","@graph":[{"@type":"WebPage","@id":"https:\/\/www.alquera.com\/poliacrilato-de-sodio\/usos\/","url":"https:\/\/www.alquera.com\/poliacrilato-de-sodio\/usos\/","name":"Usi del poliacrilato di sodio - Alquera.com","isPartOf":{"@id":"https:\/\/www.alquera.com\/en\/#website"},"primaryImageOfPage":{"@id":"https:\/\/www.alquera.com\/poliacrilato-de-sodio\/usos\/#primaryimage"},"image":{"@id":"https:\/\/www.alquera.com\/poliacrilato-de-sodio\/usos\/#primaryimage"},"thumbnailUrl":"https:\/\/www.alquera.com\/wp-content\/uploads\/2020\/11\/poliacrilato-de-sodio-que-es.png","datePublished":"2020-11-06T15:44:22+00:00","dateModified":"2026-02-23T13:56:37+00:00","description":"Il poliacrilato di sodio ha una moltitudine di impieghi grazie alla sua capacit\u00e0 di assorbire l'acqua; vedi usi e caratteristiche.","breadcrumb":{"@id":"https:\/\/www.alquera.com\/poliacrilato-de-sodio\/usos\/#breadcrumb"},"inLanguage":"it-IT","potentialAction":[{"@type":"ReadAction","target":["https:\/\/www.alquera.com\/poliacrilato-de-sodio\/usos\/"]}]},{"@type":"ImageObject","inLanguage":"it-IT","@id":"https:\/\/www.alquera.com\/poliacrilato-de-sodio\/usos\/#primaryimage","url":"https:\/\/www.alquera.com\/wp-content\/uploads\/2020\/11\/poliacrilato-de-sodio-que-es.png","contentUrl":"https:\/\/www.alquera.com\/wp-content\/uploads\/2020\/11\/poliacrilato-de-sodio-que-es.png"},{"@type":"BreadcrumbList","@id":"https:\/\/www.alquera.com\/poliacrilato-de-sodio\/usos\/#breadcrumb","itemListElement":[{"@type":"ListItem","position":1,"name":"Inicio","item":"https:\/\/www.alquera.com\/"},{"@type":"ListItem","position":2,"name":"Poliacrilato de Sodio","item":"https:\/\/www.alquera.com\/poliacrilato-de-sodio\/"},{"@type":"ListItem","position":3,"name":"Usos Poliacrilato de Sodio"}]},{"@type":"WebSite","@id":"https:\/\/www.alquera.com\/en\/#website","url":"https:\/\/www.alquera.com\/en\/","name":"Alquera.com","description":"Negozio online di prodotti chimici e forniture di laboratorio","publisher":{"@id":"https:\/\/www.alquera.com\/en\/#organization"},"potentialAction":[{"@type":"SearchAction","target":{"@type":"EntryPoint","urlTemplate":"https:\/\/www.alquera.com\/en\/?s={search_term_string}"},"query-input":{"@type":"PropertyValueSpecification","valueRequired":true,"valueName":"search_term_string"}}],"inLanguage":"it-IT"},{"@type":"Organization","@id":"https:\/\/www.alquera.com\/en\/#organization","name":"ALQUERA CIENCIA SL","url":"https:\/\/www.alquera.com\/en\/","logo":{"@type":"ImageObject","inLanguage":"it-IT","@id":"https:\/\/www.alquera.com\/en\/#\/schema\/logo\/image\/","url":"https:\/\/www.alquera.com\/wp-content\/uploads\/2020\/11\/logo_300_ancho.png","contentUrl":"https:\/\/www.alquera.com\/wp-content\/uploads\/2020\/11\/logo_300_ancho.png","width":300,"height":86,"caption":"ALQUERA CIENCIA SL"},"image":{"@id":"https:\/\/www.alquera.com\/en\/#\/schema\/logo\/image\/"},"sameAs":["https:\/\/www.facebook.com\/alqueraciencia","https:\/\/www.instagram.com\/alquera_ciencia\/","https:\/\/www.youtube.com\/c\/alquera"]}]}},"_links":{"self":[{"href":"https:\/\/www.alquera.com\/it\/wp-json\/wp\/v2\/pages\/9973","targetHints":{"allow":["GET"]}}],"collection":[{"href":"https:\/\/www.alquera.com\/it\/wp-json\/wp\/v2\/pages"}],"about":[{"href":"https:\/\/www.alquera.com\/it\/wp-json\/wp\/v2\/types\/page"}],"author":[{"embeddable":true,"href":"https:\/\/www.alquera.com\/it\/wp-json\/wp\/v2\/users\/1"}],"replies":[{"embeddable":true,"href":"https:\/\/www.alquera.com\/it\/wp-json\/wp\/v2\/comments?post=9973"}],"version-history":[{"count":11,"href":"https:\/\/www.alquera.com\/it\/wp-json\/wp\/v2\/pages\/9973\/revisions"}],"predecessor-version":[{"id":56847,"href":"https:\/\/www.alquera.com\/it\/wp-json\/wp\/v2\/pages\/9973\/revisions\/56847"}],"up":[{"embeddable":true,"href":"https:\/\/www.alquera.com\/it\/wp-json\/wp\/v2\/pages\/32595"}],"wp:attachment":[{"href":"https:\/\/www.alquera.com\/it\/wp-json\/wp\/v2\/media?parent=9973"}],"curies":[{"name":"wp","href":"https:\/\/api.w.org\/{rel}","templated":true}]}}