{"id":9976,"date":"2020-11-06T15:51:40","date_gmt":"2020-11-06T15:51:40","guid":{"rendered":"http:\/\/www.alquerapruebas.es\/?page_id=9976"},"modified":"2026-02-23T14:46:31","modified_gmt":"2026-02-23T14:46:31","slug":"usos-hidrogel","status":"publish","type":"page","link":"https:\/\/www.alquera.com\/it\/hidrogel\/usos-hidrogel\/","title":{"rendered":"Utilizza l'idrogel per le piante"},"content":{"rendered":"<h1 class=\"wp-block-heading\" id=\"h-que-es-el-hidrogel\">CHE COS'\u00c8 L'IDROGEL<\/h1>\n\n\n\n<p>Il&nbsp;<strong>idrogel<\/strong>&nbsp;\u00e8 un dispositivo di trattenimento dell'acqua. \u00c8 costituito da un&nbsp;<a href=\"https:\/\/www.alquera.com\/it\/polimeros-super-absorbentes\/\">polimero superassorbente<\/a>&nbsp;acqua chiamata&nbsp;<strong>poliacrilato di potassio<\/strong>. Un polimero superassorbente \u00e8 un materiale che ha la capacit\u00e0 di assorbire grandi quantit\u00e0 di acqua e di rilasciarla poi lentamente. Il&nbsp;<a href=\"https:\/\/www.alquera.com\/it\/hidrogel\/\">idrogel<\/a>&nbsp;appartiene a questo tipo di materiale. \u00c8 un materiale che si presenta secco e sotto forma di cristalli bianchi di 1-2 mm di dimensione. Il suo utilizzo principale \u00e8 in&nbsp;<strong>agricoltura<\/strong>. Conosciuto anche come pioggia solida, trattenitore d'acqua, poliacrilato di potassio, gel d'acqua, cristalli d'acqua.&nbsp;<\/p>\n\n\n\n<figure class=\"wp-block-image size-large\"><img loading=\"lazy\" decoding=\"async\" width=\"700\" height=\"302\" class=\"wp-image-10230\" src=\"https:\/\/www.alquera.com\/wp-content\/uploads\/2020\/11\/HIDROGEL-PARA-PLANTAS.png\" alt=\"\" srcset=\"https:\/\/www.alquera.com\/wp-content\/uploads\/2020\/11\/HIDROGEL-PARA-PLANTAS.png 700w, https:\/\/www.alquera.com\/wp-content\/uploads\/2020\/11\/HIDROGEL-PARA-PLANTAS-300x129.png 300w, https:\/\/www.alquera.com\/wp-content\/uploads\/2020\/11\/HIDROGEL-PARA-PLANTAS-600x259.png 600w, https:\/\/www.alquera.com\/wp-content\/uploads\/2020\/11\/HIDROGEL-PARA-PLANTAS-64x28.png 64w\" sizes=\"auto, (max-width: 700px) 100vw, 700px\" \/><\/figure>\r\n<h2>USI DELL'IDROGEL\u00a0<\/h2>\r\n<p>\n\n\n\n<\/p>\r\n<p>I cristalli di idrogel possono essere utilizzati per qualsiasi applicazione in cui sia necessaria la ritenzione idrica. Il loro uso principale \u00e8 <strong>in agricoltura<\/strong> per il risparmio idrico in agricoltura, permette di trattenere l'acqua per risparmiare tempo e costi di irrigazione.  L'idrogel \u00e8 valido per piccoli vasi, per il mantenimento delle radici e per grandi superfici.<\/p>\n\n\n\n<p><\/p>\n\n\n\n\n\n<h3 class=\"wp-block-heading\">TRATTENITORE D'ACQUA PER PIANTE<\/h3>\n\n\n\n<p>I cristalli di idrogel secco hanno la capacit\u00e0 di assorbire l'acqua e di rilasciarla successivamente. Questo rende l'idrogel un ottimo alleato per il risparmio dell'acqua di irrigazione e per l'utilizzo dell'acqua piovana. L'idrogel Alquera ha una capacit\u00e0 di assorbimento fino a 300 volte il suo peso in acqua. L'acqua assorbita dal polimero pu\u00f2 essere assorbita dalle radici di tutti i tipi di colture agricole, piante, ortaggi, fiori, ecc... La ritenzione idrica dell'idrogel dipende dal tipo di idrogel e dalla salinit\u00e0 dell'acqua applicata. Qui di seguito riportiamo la capacit\u00e0 di assorbimento dell'acqua dell'idrogel che si trova in Alquera (vedi <a href=\"https:\/\/www.alquera.com\/it\/hidrogel\/\">Idrogel di Alquera<\/a>), con acqua di rubinetto con salinit\u00e0 del 2 per mille (misura standard).<\/p>\n\n\n\n<ul class=\"wp-block-list\">\r\n<li>1 grammo di idrogel assorbe fino a 300 ml d'acqua<\/li>\r\n<li>3,3 grammi di idrogel assorbono fino a 1 litro d'acqua<\/li>\r\n<li>200 grammi di idrogel assorbono fino a 60 litri di acqua.<\/li>\r\n<li>1 kg di idrogel assorbe fino a 300 litri di acqua.<\/li>\r\n<\/ul>\r\n<h3>PROPRIET\u00c0 TECNICHE IDROGEL<\/h3>\r\n<p>In questa sezione \u00e8 possibile vedere il <a href=\"https:\/\/www.alquera.com\/it\/hidrogel\/propiedades\/\">propriet\u00e0 tecniche dell'idrogel<\/a>.<\/p>\r\n<h3>GUIDA ALL'APPLICAZIONE DELL'IDROGEL IN AGRICOLTURA<\/h3>\r\n<p>\n\n\n\n<\/p>\r\n<p>Da\u00a0<strong>riferimento<\/strong>\u00a0il tasso di applicazione sarebbe di 2-4 grammi di idrogel secco per litro di substrato, o tra 100-400 grammi di idrogel per albero (a seconda delle dimensioni).<\/p>\r\n<p>\n\n\n\n<\/p>\n<p>Per vedere\u00a0<strong>dosaggio e applicazione<\/strong>\u00a0raccomandato per l'idrogel Alquera in questa sezione:\u00a0<a href=\"https:\/\/www.alquera.com\/it\/hidrogel\/guia-aplicacion\/\">uso dell'idrogel in agricoltura<\/a>.<\/p>\n\n\n\n<h3 class=\"wp-block-heading\">VANTAGGI NELL'USO DELL'IDROGEL<\/h3>\n\n\n\n<p>Le caratteristiche di ritenzione idrica dell'idrogel gli conferiscono una serie di vantaggi per le piante, elencati di seguito:<\/p>\n\n\n\n<ul class=\"wp-block-list\">\n<li><strong>Migliorare la semina:&nbsp;<\/strong>L'uso dell'idrogel migliora il tasso di germinazione dei semi. Anche il tasso di sopravvivenza nei trapianti di piantine.<\/li>\n\n\n\n<li><strong>Radici:&nbsp;<\/strong>L'uso dell'idrogel favorisce lo sviluppo delle radici, aumenta la resistenza dei semi alle malattie della crescita.<\/li>\n\n\n\n<li><strong>Risparmio idrico:&nbsp;<\/strong>Trattenendo sia l'acqua di irrigazione che quella piovana, si ottiene un risparmio idrico, una resistenza alla siccit\u00e0, un aumento delle riserve idriche del suolo, un miglioramento dell'efficacia dell'irrigazione e delle precipitazioni.<\/li>\n\n\n\n<li><strong>Terreno permeabile:&nbsp;<\/strong>Migliorare la permeabilit\u00e0 del suolo e l'utilizzo della materia organica nel terreno.<\/li>\n\n\n\n<li><strong>Fertilizzazione:&nbsp;<\/strong>Migliorare l'effetto della concimazione, ridurre la perdita di nutrienti e proteggere l'ambiente idrico sotterraneo.<\/li>\n\n\n\n<li><strong>Ottimale nelle piante:&nbsp;<\/strong>Non danneggia le piante a lungo termine, migliora la fertilit\u00e0 del suolo e riduce gli stock.<\/li>\n<\/ul>\n\n\n\n<p>&nbsp;<\/p>\n\n\n\n<h3 class=\"widget-title\">Acquista <\/h3><div><div class=\"woocommerce\"><ul class=\"products columns-4\">\n<li class=\"desktop-align-left tablet-align-left mobile-align-left ast-product-gallery-layout-horizontal-slider ast-magnify-disabled ast-product-single-variable ast-product-tabs-layout-horizontal ast-qv-on-image product type-product post-495 status-publish first instock product_cat-productos-experimentos product_cat-productos has-post-thumbnail taxable shipping-taxable purchasable product-type-variable has-default-attributes\">\n\t<a href=\"https:\/\/www.alquera.com\/it\/permanganato-de-potasio\/\" class=\"woocommerce-LoopProduct-link woocommerce-loop-product__link\"><img loading=\"lazy\" decoding=\"async\" width=\"300\" height=\"300\" src=\"https:\/\/www.alquera.com\/wp-content\/uploads\/2016\/01\/permanganato-200g-foto-nueva-300x300.png\" class=\"attachment-woocommerce_thumbnail size-woocommerce_thumbnail\" alt=\"permanganato 200g\" srcset=\"https:\/\/www.alquera.com\/wp-content\/uploads\/2016\/01\/permanganato-200g-foto-nueva-300x300.png 300w, https:\/\/www.alquera.com\/wp-content\/uploads\/2016\/01\/permanganato-200g-foto-nueva-150x150.png 150w, https:\/\/www.alquera.com\/wp-content\/uploads\/2016\/01\/permanganato-200g-foto-nueva-12x12.png 12w, https:\/\/www.alquera.com\/wp-content\/uploads\/2016\/01\/permanganato-200g-foto-nueva-100x100.png 100w\" sizes=\"auto, (max-width: 300px) 100vw, 300px\" \/><h2 class=\"woocommerce-loop-product__title\">Permanganato di Potassio<\/h2><div class=\"review-rating\"><div class=\"star-rating\"><span style=\"width:100%\" data-no-translation=\"\" data-trp-gettext=\"\">Valutato <strong class=\"rating\">5.00<\/strong> su 5<\/span><\/div><\/div>\n<\/a><a href=\"https:\/\/www.alquera.com\/it\/permanganato-de-potasio\/\" aria-describedby=\"woocommerce_loop_add_to_cart_link_describedby_495\" data-quantity=\"1\" class=\"button product_type_variable add_to_cart_button\" data-product_id=\"495\" data-product_sku=\"AL100111\" aria-label=\"Seleziona le opzioni per \u201cPermanganato de Potasio\u201d\" rel=\"nofollow\" data-no-translation=\"\" data-trp-gettext=\"\" data-no-translation-aria-label=\"\">Scegli<\/a>\t<span id=\"woocommerce_loop_add_to_cart_link_describedby_495\" class=\"screen-reader-text\">\n\t\tQuesto prodotto ha pi\u00f9 varianti. Le opzioni possono essere scelte nella pagina del prodotto\t<\/span>\n<\/li>\n<\/ul>\n<\/div><\/div>","protected":false},"excerpt":{"rendered":"<p>QU\u00c9 ES EL HIDROGEL El&nbsp;hidrogel&nbsp;es un retenedor de agua. Est\u00e1 formado por un&nbsp;pol\u00edmero superabsorbente&nbsp;de agua llamado&nbsp;poliacrilato de potasio. Un pol\u00edmero superabsorbente, es un un material que tiene la capacidad de absorci\u00f3n grandes cantidades de agua y liberarla lentamente despu\u00e9s. El&nbsp;hidrogel&nbsp;pertenece a este tipo de materiales. Es un material que se presenta en seco y en [&hellip;]<\/p>\n","protected":false},"author":1,"featured_media":0,"parent":32588,"menu_order":0,"comment_status":"open","ping_status":"closed","template":"","meta":{"_acf_changed":false,"site-sidebar-layout":"left-sidebar","site-content-layout":"default","ast-site-content-layout":"default","site-content-style":"default","site-sidebar-style":"default","ast-global-header-display":"","ast-banner-title-visibility":"","ast-main-header-display":"","ast-hfb-above-header-display":"","ast-hfb-below-header-display":"","ast-hfb-mobile-header-display":"","site-post-title":"","ast-breadcrumbs-content":"","ast-featured-img":"","footer-sml-layout":"","ast-disable-related-posts":"","theme-transparent-header-meta":"default","adv-header-id-meta":"","stick-header-meta":"default","header-above-stick-meta":"","header-main-stick-meta":"","header-below-stick-meta":"","astra-migrate-meta-layouts":"set","ast-page-background-enabled":"default","ast-page-background-meta":{"desktop":{"background-color":"var(--ast-global-color-4)","background-image":"","background-repeat":"repeat","background-position":"center center","background-size":"auto","background-attachment":"scroll","background-type":"","background-media":"","overlay-type":"","overlay-color":"","overlay-opacity":"","overlay-gradient":""},"tablet":{"background-color":"","background-image":"","background-repeat":"repeat","background-position":"center center","background-size":"auto","background-attachment":"scroll","background-type":"","background-media":"","overlay-type":"","overlay-color":"","overlay-opacity":"","overlay-gradient":""},"mobile":{"background-color":"","background-image":"","background-repeat":"repeat","background-position":"center center","background-size":"auto","background-attachment":"scroll","background-type":"","background-media":"","overlay-type":"","overlay-color":"","overlay-opacity":"","overlay-gradient":""}},"ast-content-background-meta":{"desktop":{"background-color":"var(--ast-global-color-5)","background-image":"","background-repeat":"repeat","background-position":"center center","background-size":"auto","background-attachment":"scroll","background-type":"","background-media":"","overlay-type":"","overlay-color":"","overlay-opacity":"","overlay-gradient":""},"tablet":{"background-color":"var(--ast-global-color-5)","background-image":"","background-repeat":"repeat","background-position":"center center","background-size":"auto","background-attachment":"scroll","background-type":"","background-media":"","overlay-type":"","overlay-color":"","overlay-opacity":"","overlay-gradient":""},"mobile":{"background-color":"var(--ast-global-color-5)","background-image":"","background-repeat":"repeat","background-position":"center center","background-size":"auto","background-attachment":"scroll","background-type":"","background-media":"","overlay-type":"","overlay-color":"","overlay-opacity":"","overlay-gradient":""}},"footnotes":""},"class_list":["post-9976","page","type-page","status-publish","hentry"],"acf":[],"yoast_head":"<!-- This site is optimized with the Yoast SEO Premium plugin v27.1 (Yoast SEO v27.1.1) - https:\/\/yoast.com\/product\/yoast-seo-premium-wordpress\/ -->\n<title>Usos Hidrogel para Plantas - Alquera.com<\/title>\n<meta name=\"description\" content=\"El hidrogel es un pol\u00edmero superabsorbente utilizado en agricultura por su capacidad de retenci\u00f3n de agua. Ver sus usos y aplicaciones.\" \/>\n<meta name=\"robots\" content=\"index, follow, max-snippet:-1, max-image-preview:large, max-video-preview:-1\" \/>\n<link rel=\"canonical\" href=\"https:\/\/www.alquera.com\/it\/hidrogel\/usos-hidrogel\/\" \/>\n<meta property=\"og:locale\" content=\"it_IT\" \/>\n<meta property=\"og:type\" content=\"article\" \/>\n<meta property=\"og:title\" content=\"Usos Hidrogel para Plantas\" \/>\n<meta property=\"og:description\" content=\"El hidrogel es un pol\u00edmero superabsorbente utilizado en agricultura por su capacidad de retenci\u00f3n de agua. Ver sus usos y aplicaciones.\" \/>\n<meta property=\"og:url\" content=\"https:\/\/www.alquera.com\/it\/hidrogel\/usos-hidrogel\/\" \/>\n<meta property=\"og:site_name\" content=\"Alquera.com\" \/>\n<meta property=\"article:publisher\" content=\"https:\/\/www.facebook.com\/alqueraciencia\" \/>\n<meta property=\"article:modified_time\" content=\"2026-02-23T14:46:31+00:00\" \/>\n<meta property=\"og:image\" content=\"https:\/\/www.alquera.com\/wp-content\/uploads\/2020\/11\/HIDROGEL-PARA-PLANTAS.png\" \/>\n\t<meta property=\"og:image:width\" content=\"700\" \/>\n\t<meta property=\"og:image:height\" content=\"302\" \/>\n\t<meta property=\"og:image:type\" content=\"image\/png\" \/>\n<meta name=\"twitter:card\" content=\"summary_large_image\" \/>\n<meta name=\"twitter:label1\" content=\"Tempo di lettura stimato\" \/>\n\t<meta name=\"twitter:data1\" content=\"3 minuti\" \/>\n<script type=\"application\/ld+json\" class=\"yoast-schema-graph\">{\"@context\":\"https:\/\/schema.org\",\"@graph\":[{\"@type\":\"WebPage\",\"@id\":\"https:\/\/www.alquera.com\/hidrogel\/usos-hidrogel\/\",\"url\":\"https:\/\/www.alquera.com\/hidrogel\/usos-hidrogel\/\",\"name\":\"Usos Hidrogel para Plantas - Alquera.com\",\"isPartOf\":{\"@id\":\"https:\/\/www.alquera.com\/en\/#website\"},\"primaryImageOfPage\":{\"@id\":\"https:\/\/www.alquera.com\/hidrogel\/usos-hidrogel\/#primaryimage\"},\"image\":{\"@id\":\"https:\/\/www.alquera.com\/hidrogel\/usos-hidrogel\/#primaryimage\"},\"thumbnailUrl\":\"https:\/\/www.alquera.com\/wp-content\/uploads\/2020\/11\/HIDROGEL-PARA-PLANTAS.png\",\"datePublished\":\"2020-11-06T15:51:40+00:00\",\"dateModified\":\"2026-02-23T14:46:31+00:00\",\"description\":\"El hidrogel es un pol\u00edmero superabsorbente utilizado en agricultura por su capacidad de retenci\u00f3n de agua. Ver sus usos y aplicaciones.\",\"breadcrumb\":{\"@id\":\"https:\/\/www.alquera.com\/hidrogel\/usos-hidrogel\/#breadcrumb\"},\"inLanguage\":\"it-IT\",\"potentialAction\":[{\"@type\":\"ReadAction\",\"target\":[\"https:\/\/www.alquera.com\/hidrogel\/usos-hidrogel\/\"]}]},{\"@type\":\"ImageObject\",\"inLanguage\":\"it-IT\",\"@id\":\"https:\/\/www.alquera.com\/hidrogel\/usos-hidrogel\/#primaryimage\",\"url\":\"https:\/\/www.alquera.com\/wp-content\/uploads\/2020\/11\/HIDROGEL-PARA-PLANTAS.png\",\"contentUrl\":\"https:\/\/www.alquera.com\/wp-content\/uploads\/2020\/11\/HIDROGEL-PARA-PLANTAS.png\"},{\"@type\":\"BreadcrumbList\",\"@id\":\"https:\/\/www.alquera.com\/hidrogel\/usos-hidrogel\/#breadcrumb\",\"itemListElement\":[{\"@type\":\"ListItem\",\"position\":1,\"name\":\"Inicio\",\"item\":\"https:\/\/www.alquera.com\/\"},{\"@type\":\"ListItem\",\"position\":2,\"name\":\"Hidrogel para Plantas\",\"item\":\"https:\/\/www.alquera.com\/hidrogel\/\"},{\"@type\":\"ListItem\",\"position\":3,\"name\":\"Usos Hidrogel para Plantas\"}]},{\"@type\":\"WebSite\",\"@id\":\"https:\/\/www.alquera.com\/en\/#website\",\"url\":\"https:\/\/www.alquera.com\/en\/\",\"name\":\"Alquera.com\",\"description\":\"Tienda Online Productos Qu\u00edmicos y Material de Laboratorio\",\"publisher\":{\"@id\":\"https:\/\/www.alquera.com\/en\/#organization\"},\"potentialAction\":[{\"@type\":\"SearchAction\",\"target\":{\"@type\":\"EntryPoint\",\"urlTemplate\":\"https:\/\/www.alquera.com\/en\/?s={search_term_string}\"},\"query-input\":{\"@type\":\"PropertyValueSpecification\",\"valueRequired\":true,\"valueName\":\"search_term_string\"}}],\"inLanguage\":\"it-IT\"},{\"@type\":\"Organization\",\"@id\":\"https:\/\/www.alquera.com\/en\/#organization\",\"name\":\"ALQUERA CIENCIA SL\",\"url\":\"https:\/\/www.alquera.com\/en\/\",\"logo\":{\"@type\":\"ImageObject\",\"inLanguage\":\"it-IT\",\"@id\":\"https:\/\/www.alquera.com\/en\/#\/schema\/logo\/image\/\",\"url\":\"https:\/\/www.alquera.com\/wp-content\/uploads\/2020\/11\/logo_300_ancho.png\",\"contentUrl\":\"https:\/\/www.alquera.com\/wp-content\/uploads\/2020\/11\/logo_300_ancho.png\",\"width\":300,\"height\":86,\"caption\":\"ALQUERA CIENCIA SL\"},\"image\":{\"@id\":\"https:\/\/www.alquera.com\/en\/#\/schema\/logo\/image\/\"},\"sameAs\":[\"https:\/\/www.facebook.com\/alqueraciencia\",\"https:\/\/www.instagram.com\/alquera_ciencia\/\",\"https:\/\/www.youtube.com\/c\/alquera\"]}]}<\/script>\n<!-- \/ Yoast SEO Premium plugin. -->","yoast_head_json":{"title":"Utilizza l'idrogel per le piante - Alquera.com","description":"L'idrogel \u00e8 un polimero superassorbente utilizzato in agricoltura per la sua capacit\u00e0 di trattenere l'acqua. Scoprite i suoi usi e le sue applicazioni.","robots":{"index":"index","follow":"follow","max-snippet":"max-snippet:-1","max-image-preview":"max-image-preview:large","max-video-preview":"max-video-preview:-1"},"canonical":"https:\/\/www.alquera.com\/it\/hidrogel\/usos-hidrogel\/","og_locale":"it_IT","og_type":"article","og_title":"Usos Hidrogel para Plantas","og_description":"El hidrogel es un pol\u00edmero superabsorbente utilizado en agricultura por su capacidad de retenci\u00f3n de agua. Ver sus usos y aplicaciones.","og_url":"https:\/\/www.alquera.com\/it\/hidrogel\/usos-hidrogel\/","og_site_name":"Alquera.com","article_publisher":"https:\/\/www.facebook.com\/alqueraciencia","article_modified_time":"2026-02-23T14:46:31+00:00","og_image":[{"width":700,"height":302,"url":"https:\/\/www.alquera.com\/wp-content\/uploads\/2020\/11\/HIDROGEL-PARA-PLANTAS.png","type":"image\/png"}],"twitter_card":"summary_large_image","twitter_misc":{"Tempo di lettura stimato":"3 minuti"},"schema":{"@context":"https:\/\/schema.org","@graph":[{"@type":"WebPage","@id":"https:\/\/www.alquera.com\/hidrogel\/usos-hidrogel\/","url":"https:\/\/www.alquera.com\/hidrogel\/usos-hidrogel\/","name":"Utilizza l'idrogel per le piante - Alquera.com","isPartOf":{"@id":"https:\/\/www.alquera.com\/en\/#website"},"primaryImageOfPage":{"@id":"https:\/\/www.alquera.com\/hidrogel\/usos-hidrogel\/#primaryimage"},"image":{"@id":"https:\/\/www.alquera.com\/hidrogel\/usos-hidrogel\/#primaryimage"},"thumbnailUrl":"https:\/\/www.alquera.com\/wp-content\/uploads\/2020\/11\/HIDROGEL-PARA-PLANTAS.png","datePublished":"2020-11-06T15:51:40+00:00","dateModified":"2026-02-23T14:46:31+00:00","description":"L'idrogel \u00e8 un polimero superassorbente utilizzato in agricoltura per la sua capacit\u00e0 di trattenere l'acqua. Scoprite i suoi usi e le sue applicazioni.","breadcrumb":{"@id":"https:\/\/www.alquera.com\/hidrogel\/usos-hidrogel\/#breadcrumb"},"inLanguage":"it-IT","potentialAction":[{"@type":"ReadAction","target":["https:\/\/www.alquera.com\/hidrogel\/usos-hidrogel\/"]}]},{"@type":"ImageObject","inLanguage":"it-IT","@id":"https:\/\/www.alquera.com\/hidrogel\/usos-hidrogel\/#primaryimage","url":"https:\/\/www.alquera.com\/wp-content\/uploads\/2020\/11\/HIDROGEL-PARA-PLANTAS.png","contentUrl":"https:\/\/www.alquera.com\/wp-content\/uploads\/2020\/11\/HIDROGEL-PARA-PLANTAS.png"},{"@type":"BreadcrumbList","@id":"https:\/\/www.alquera.com\/hidrogel\/usos-hidrogel\/#breadcrumb","itemListElement":[{"@type":"ListItem","position":1,"name":"Inicio","item":"https:\/\/www.alquera.com\/"},{"@type":"ListItem","position":2,"name":"Hidrogel para Plantas","item":"https:\/\/www.alquera.com\/hidrogel\/"},{"@type":"ListItem","position":3,"name":"Usos Hidrogel para Plantas"}]},{"@type":"WebSite","@id":"https:\/\/www.alquera.com\/en\/#website","url":"https:\/\/www.alquera.com\/en\/","name":"Alquera.com","description":"Negozio online di prodotti chimici e forniture di laboratorio","publisher":{"@id":"https:\/\/www.alquera.com\/en\/#organization"},"potentialAction":[{"@type":"SearchAction","target":{"@type":"EntryPoint","urlTemplate":"https:\/\/www.alquera.com\/en\/?s={search_term_string}"},"query-input":{"@type":"PropertyValueSpecification","valueRequired":true,"valueName":"search_term_string"}}],"inLanguage":"it-IT"},{"@type":"Organization","@id":"https:\/\/www.alquera.com\/en\/#organization","name":"ALQUERA CIENCIA SL","url":"https:\/\/www.alquera.com\/en\/","logo":{"@type":"ImageObject","inLanguage":"it-IT","@id":"https:\/\/www.alquera.com\/en\/#\/schema\/logo\/image\/","url":"https:\/\/www.alquera.com\/wp-content\/uploads\/2020\/11\/logo_300_ancho.png","contentUrl":"https:\/\/www.alquera.com\/wp-content\/uploads\/2020\/11\/logo_300_ancho.png","width":300,"height":86,"caption":"ALQUERA CIENCIA SL"},"image":{"@id":"https:\/\/www.alquera.com\/en\/#\/schema\/logo\/image\/"},"sameAs":["https:\/\/www.facebook.com\/alqueraciencia","https:\/\/www.instagram.com\/alquera_ciencia\/","https:\/\/www.youtube.com\/c\/alquera"]}]}},"_links":{"self":[{"href":"https:\/\/www.alquera.com\/it\/wp-json\/wp\/v2\/pages\/9976","targetHints":{"allow":["GET"]}}],"collection":[{"href":"https:\/\/www.alquera.com\/it\/wp-json\/wp\/v2\/pages"}],"about":[{"href":"https:\/\/www.alquera.com\/it\/wp-json\/wp\/v2\/types\/page"}],"author":[{"embeddable":true,"href":"https:\/\/www.alquera.com\/it\/wp-json\/wp\/v2\/users\/1"}],"replies":[{"embeddable":true,"href":"https:\/\/www.alquera.com\/it\/wp-json\/wp\/v2\/comments?post=9976"}],"version-history":[{"count":15,"href":"https:\/\/www.alquera.com\/it\/wp-json\/wp\/v2\/pages\/9976\/revisions"}],"predecessor-version":[{"id":56861,"href":"https:\/\/www.alquera.com\/it\/wp-json\/wp\/v2\/pages\/9976\/revisions\/56861"}],"up":[{"embeddable":true,"href":"https:\/\/www.alquera.com\/it\/wp-json\/wp\/v2\/pages\/32588"}],"wp:attachment":[{"href":"https:\/\/www.alquera.com\/it\/wp-json\/wp\/v2\/media?parent=9976"}],"curies":[{"name":"wp","href":"https:\/\/api.w.org\/{rel}","templated":true}]}}