{"id":9983,"date":"2020-11-06T15:57:17","date_gmt":"2020-11-06T15:57:17","guid":{"rendered":"http:\/\/www.alquerapruebas.es\/?page_id=9983"},"modified":"2026-02-23T14:46:02","modified_gmt":"2026-02-23T14:46:02","slug":"propiedades","status":"publish","type":"page","link":"https:\/\/www.alquera.com\/it\/hidrogel\/propiedades\/","title":{"rendered":"Propriet\u00e0 Idrogel"},"content":{"rendered":"<p><p>L'idrogel \u00e8 un polimero con un'elevata capacit\u00e0 di assorbimento dell'acqua. Sempre pi\u00f9 utilizzato per le sue capacit\u00e0 di risparmio idrico, in questa sezione \u00e8 possibile vedere le caratteristiche fisiche e chimiche dell'idrogel.<\/p>\n<p>Le caratteristiche tecniche del&nbsp;<a href=\"https:\/\/www.alquera.com\/it\/hidrogel\/\">idrogel per piante<\/a>&nbsp;si possono trovare in Alquera sono i seguenti:&nbsp;<\/p><\/p>\n\n\n\n<figure class=\"wp-block-table\"><table><tbody><tr><th>Generale<\/th><\/tr><tr><th scope=\"row\">Altri nomi<\/th><td>Idrogel, poliacrilato di potassio, pioggia solida, gel d'acqua<\/td><\/tr><tr><th scope=\"row\">&nbsp;<\/th><td>&nbsp;<\/td><\/tr><tr><th>Identificazione<\/th><\/tr><tr><th scope=\"row\">Numero CAS<\/th><td>25608-12-2<\/td><\/tr><tr><th scope=\"row\">&nbsp;<\/th><td>&nbsp;<\/td><\/tr><tr><th>Propriet\u00e0<\/th><\/tr><tr><th scope=\"row\">Aspetto<\/th><td>Cristalli 1-2 mm bianchi<\/td><\/tr><tr><th scope=\"row\">Densit\u00e0 di massa (ml\/g)<\/th><td>0,56<\/td><\/tr><tr><th scope=\"row\">pH<\/th><td>6,8<\/td><\/tr><tr><th scope=\"row\">Contenuto di potassio<\/th><td>10,8%<\/td><\/tr><tr><th scope=\"row\">Assorbimento (acqua distillata) g\/g<\/th><td>400-800<\/td><\/tr><tr><th scope=\"row\">Assorbimento (acqua di rubinetto) g\/g<\/th><td>&gt;100<\/td><\/tr><tr><th scope=\"row\">Acqua disponibile per le piante<\/th><td>95%<\/td><\/tr><tr><th scope=\"row\">Cicli di utilizzo<\/th><td>&gt;18<\/td><\/tr><tr><th scope=\"row\">Conservazione<\/th><td>In un luogo asciutto e al riparo dalla luce<\/td><\/tr><\/tbody><\/table><\/figure>\n\n\n\n<h2 class=\"wp-block-heading\" id=\"h-\">\u00a0<\/h2>\n\n\n\n<p>\u00c8 inoltre possibile <a href=\"https:\/\/www.alquera.com\/wp-content\/uploads\/2016\/03\/Dossier-Hidrogel-Alquera.pdf\">scarica il dossier tecnico completo<\/a> dell'idrogel<\/p>\n\n\n\n<p>&nbsp;<\/p>\n\n\n\n<h3 class=\"widget-title\">Acquista <\/h3><div><div class=\"woocommerce\"><ul class=\"products columns-4\">\n<li class=\"desktop-align-left tablet-align-left mobile-align-left ast-product-gallery-layout-horizontal-slider ast-magnify-disabled ast-product-single-variable ast-product-tabs-layout-horizontal ast-qv-on-image product type-product post-495 status-publish first instock product_cat-productos-experimentos product_cat-productos has-post-thumbnail taxable shipping-taxable purchasable product-type-variable has-default-attributes\">\n\t<a href=\"https:\/\/www.alquera.com\/it\/permanganato-de-potasio\/\" class=\"woocommerce-LoopProduct-link woocommerce-loop-product__link\"><img loading=\"lazy\" decoding=\"async\" width=\"300\" height=\"300\" src=\"https:\/\/www.alquera.com\/wp-content\/uploads\/2016\/01\/permanganato-200g-foto-nueva-300x300.png\" class=\"attachment-woocommerce_thumbnail size-woocommerce_thumbnail\" alt=\"permanganato 200g\" srcset=\"https:\/\/www.alquera.com\/wp-content\/uploads\/2016\/01\/permanganato-200g-foto-nueva-300x300.png 300w, https:\/\/www.alquera.com\/wp-content\/uploads\/2016\/01\/permanganato-200g-foto-nueva-150x150.png 150w, https:\/\/www.alquera.com\/wp-content\/uploads\/2016\/01\/permanganato-200g-foto-nueva-12x12.png 12w, https:\/\/www.alquera.com\/wp-content\/uploads\/2016\/01\/permanganato-200g-foto-nueva-100x100.png 100w\" sizes=\"auto, (max-width: 300px) 100vw, 300px\" \/><h2 class=\"woocommerce-loop-product__title\">Permanganato di Potassio<\/h2><div class=\"review-rating\"><div class=\"star-rating\"><span style=\"width:100%\" data-no-translation=\"\" data-trp-gettext=\"\">Valutato <strong class=\"rating\">5.00<\/strong> su 5<\/span><\/div><\/div>\n<\/a><a href=\"https:\/\/www.alquera.com\/it\/permanganato-de-potasio\/\" aria-describedby=\"woocommerce_loop_add_to_cart_link_describedby_495\" data-quantity=\"1\" class=\"button product_type_variable add_to_cart_button\" data-product_id=\"495\" data-product_sku=\"AL100111\" aria-label=\"Seleziona le opzioni per \u201cPermanganato de Potasio\u201d\" rel=\"nofollow\" data-no-translation=\"\" data-trp-gettext=\"\" data-no-translation-aria-label=\"\">Scegli<\/a>\t<span id=\"woocommerce_loop_add_to_cart_link_describedby_495\" class=\"screen-reader-text\">\n\t\tQuesto prodotto ha pi\u00f9 varianti. Le opzioni possono essere scelte nella pagina del prodotto\t<\/span>\n<\/li>\n<\/ul>\n<\/div><\/div>\n\n\n\n<p class=\"widget-title\">Per saperne di pi\u00f9<\/p><a href=\"https:\/\/www.alquera.com\/it\/hidrogel\/\">Idrogel per Piante<\/a>\n<!-- Page-list plugin v.5.9 wordpress.org\/plugins\/page-list\/ -->\n<ul class=\"page-list siblings-page-list\">\n<li class=\"page_item page-item-9980 menu-item\"><a href=\"https:\/\/www.alquera.com\/it\/hidrogel\/guia-aplicacion\/\" class=\"menu-link\">Guida all'applicazione dell'idrogel per le piante<\/a><\/li>\n<li class=\"page_item page-item-9983 menu-item\"><a href=\"https:\/\/www.alquera.com\/it\/hidrogel\/propiedades\/\" class=\"menu-link\">Propriet\u00e0 Idrogel<\/a><\/li>\n<li class=\"page_item page-item-9976 menu-item\"><a href=\"https:\/\/www.alquera.com\/it\/hidrogel\/usos-hidrogel\/\" class=\"menu-link\">Utilizza l'idrogel per le piante<\/a><\/li>\n\n<\/ul>","protected":false},"excerpt":{"rendered":"<p>El hidrogel es un pol\u00edmero con gran capacidad de absorci\u00f3n de agua. Cada vez m\u00e1s utilizado por la capacidad de ahorro de agua, en este apartado puedes ver las caracter\u00edsticas f\u00edsico qu\u00edmicas del hidrogel. Las caracter\u00edsticas t\u00e9cnicas del&nbsp;hidrogel para plantas&nbsp;que puedes encontrar en Alquera son las siguientes:&nbsp; General Otros nombres Hidrogel, Poliacrilato de Potasio, Lluvia [&hellip;]<\/p>\n","protected":false},"author":1,"featured_media":0,"parent":32588,"menu_order":0,"comment_status":"open","ping_status":"closed","template":"","meta":{"_acf_changed":false,"site-sidebar-layout":"left-sidebar","site-content-layout":"default","ast-site-content-layout":"default","site-content-style":"default","site-sidebar-style":"default","ast-global-header-display":"","ast-banner-title-visibility":"","ast-main-header-display":"","ast-hfb-above-header-display":"","ast-hfb-below-header-display":"","ast-hfb-mobile-header-display":"","site-post-title":"","ast-breadcrumbs-content":"","ast-featured-img":"","footer-sml-layout":"","ast-disable-related-posts":"","theme-transparent-header-meta":"default","adv-header-id-meta":"","stick-header-meta":"default","header-above-stick-meta":"","header-main-stick-meta":"","header-below-stick-meta":"","astra-migrate-meta-layouts":"set","ast-page-background-enabled":"default","ast-page-background-meta":{"desktop":{"background-color":"var(--ast-global-color-4)","background-image":"","background-repeat":"repeat","background-position":"center center","background-size":"auto","background-attachment":"scroll","background-type":"","background-media":"","overlay-type":"","overlay-color":"","overlay-opacity":"","overlay-gradient":""},"tablet":{"background-color":"","background-image":"","background-repeat":"repeat","background-position":"center center","background-size":"auto","background-attachment":"scroll","background-type":"","background-media":"","overlay-type":"","overlay-color":"","overlay-opacity":"","overlay-gradient":""},"mobile":{"background-color":"","background-image":"","background-repeat":"repeat","background-position":"center center","background-size":"auto","background-attachment":"scroll","background-type":"","background-media":"","overlay-type":"","overlay-color":"","overlay-opacity":"","overlay-gradient":""}},"ast-content-background-meta":{"desktop":{"background-color":"var(--ast-global-color-5)","background-image":"","background-repeat":"repeat","background-position":"center center","background-size":"auto","background-attachment":"scroll","background-type":"","background-media":"","overlay-type":"","overlay-color":"","overlay-opacity":"","overlay-gradient":""},"tablet":{"background-color":"var(--ast-global-color-5)","background-image":"","background-repeat":"repeat","background-position":"center center","background-size":"auto","background-attachment":"scroll","background-type":"","background-media":"","overlay-type":"","overlay-color":"","overlay-opacity":"","overlay-gradient":""},"mobile":{"background-color":"var(--ast-global-color-5)","background-image":"","background-repeat":"repeat","background-position":"center center","background-size":"auto","background-attachment":"scroll","background-type":"","background-media":"","overlay-type":"","overlay-color":"","overlay-opacity":"","overlay-gradient":""}},"footnotes":""},"class_list":["post-9983","page","type-page","status-publish","hentry"],"acf":[],"yoast_head":"<!-- This site is optimized with the Yoast SEO Premium plugin v27.1 (Yoast SEO v27.1.1) - https:\/\/yoast.com\/product\/yoast-seo-premium-wordpress\/ -->\n<title>Propiedades Hidrogel - Alquera.com<\/title>\n<meta name=\"description\" content=\"Propiedades t\u00e9cnicias del hidrogel que puedes encontrar en Alquera, ciclos de uso, capacidad de retenci\u00f3n y donde comprar.\" \/>\n<meta name=\"robots\" content=\"index, follow, max-snippet:-1, max-image-preview:large, max-video-preview:-1\" \/>\n<link rel=\"canonical\" href=\"https:\/\/www.alquera.com\/it\/hidrogel\/propiedades\/\" \/>\n<meta property=\"og:locale\" content=\"it_IT\" \/>\n<meta property=\"og:type\" content=\"article\" \/>\n<meta property=\"og:title\" content=\"Propiedades Hidrogel\" \/>\n<meta property=\"og:description\" content=\"Propiedades t\u00e9cnicias del hidrogel que puedes encontrar en Alquera, ciclos de uso, capacidad de retenci\u00f3n y donde comprar.\" \/>\n<meta property=\"og:url\" content=\"https:\/\/www.alquera.com\/it\/hidrogel\/propiedades\/\" \/>\n<meta property=\"og:site_name\" content=\"Alquera.com\" \/>\n<meta property=\"article:publisher\" content=\"https:\/\/www.facebook.com\/alqueraciencia\" \/>\n<meta property=\"article:modified_time\" content=\"2026-02-23T14:46:02+00:00\" \/>\n<meta name=\"twitter:card\" content=\"summary_large_image\" \/>\n<meta name=\"twitter:label1\" content=\"Tempo di lettura stimato\" \/>\n\t<meta name=\"twitter:data1\" content=\"1 minuto\" \/>\n<script type=\"application\/ld+json\" class=\"yoast-schema-graph\">{\"@context\":\"https:\/\/schema.org\",\"@graph\":[{\"@type\":\"WebPage\",\"@id\":\"https:\/\/www.alquera.com\/hidrogel\/propiedades\/\",\"url\":\"https:\/\/www.alquera.com\/hidrogel\/propiedades\/\",\"name\":\"Propiedades Hidrogel - Alquera.com\",\"isPartOf\":{\"@id\":\"https:\/\/www.alquera.com\/en\/#website\"},\"datePublished\":\"2020-11-06T15:57:17+00:00\",\"dateModified\":\"2026-02-23T14:46:02+00:00\",\"description\":\"Propiedades t\u00e9cnicias del hidrogel que puedes encontrar en Alquera, ciclos de uso, capacidad de retenci\u00f3n y donde comprar.\",\"breadcrumb\":{\"@id\":\"https:\/\/www.alquera.com\/hidrogel\/propiedades\/#breadcrumb\"},\"inLanguage\":\"it-IT\",\"potentialAction\":[{\"@type\":\"ReadAction\",\"target\":[\"https:\/\/www.alquera.com\/hidrogel\/propiedades\/\"]}]},{\"@type\":\"BreadcrumbList\",\"@id\":\"https:\/\/www.alquera.com\/hidrogel\/propiedades\/#breadcrumb\",\"itemListElement\":[{\"@type\":\"ListItem\",\"position\":1,\"name\":\"Inicio\",\"item\":\"https:\/\/www.alquera.com\/\"},{\"@type\":\"ListItem\",\"position\":2,\"name\":\"Hidrogel para Plantas\",\"item\":\"https:\/\/www.alquera.com\/hidrogel\/\"},{\"@type\":\"ListItem\",\"position\":3,\"name\":\"Propiedades Hidrogel\"}]},{\"@type\":\"WebSite\",\"@id\":\"https:\/\/www.alquera.com\/en\/#website\",\"url\":\"https:\/\/www.alquera.com\/en\/\",\"name\":\"Alquera.com\",\"description\":\"Tienda Online Productos Qu\u00edmicos y Material de Laboratorio\",\"publisher\":{\"@id\":\"https:\/\/www.alquera.com\/en\/#organization\"},\"potentialAction\":[{\"@type\":\"SearchAction\",\"target\":{\"@type\":\"EntryPoint\",\"urlTemplate\":\"https:\/\/www.alquera.com\/en\/?s={search_term_string}\"},\"query-input\":{\"@type\":\"PropertyValueSpecification\",\"valueRequired\":true,\"valueName\":\"search_term_string\"}}],\"inLanguage\":\"it-IT\"},{\"@type\":\"Organization\",\"@id\":\"https:\/\/www.alquera.com\/en\/#organization\",\"name\":\"ALQUERA CIENCIA SL\",\"url\":\"https:\/\/www.alquera.com\/en\/\",\"logo\":{\"@type\":\"ImageObject\",\"inLanguage\":\"it-IT\",\"@id\":\"https:\/\/www.alquera.com\/en\/#\/schema\/logo\/image\/\",\"url\":\"https:\/\/www.alquera.com\/wp-content\/uploads\/2020\/11\/logo_300_ancho.png\",\"contentUrl\":\"https:\/\/www.alquera.com\/wp-content\/uploads\/2020\/11\/logo_300_ancho.png\",\"width\":300,\"height\":86,\"caption\":\"ALQUERA CIENCIA SL\"},\"image\":{\"@id\":\"https:\/\/www.alquera.com\/en\/#\/schema\/logo\/image\/\"},\"sameAs\":[\"https:\/\/www.facebook.com\/alqueraciencia\",\"https:\/\/www.instagram.com\/alquera_ciencia\/\",\"https:\/\/www.youtube.com\/c\/alquera\"]}]}<\/script>\n<!-- \/ Yoast SEO Premium plugin. -->","yoast_head_json":{"title":"Propriet\u00e0 degli idrogel - Alquera.com","description":"Propriet\u00e0 tecniche dell'idrogel che si pu\u00f2 trovare in Alquera, cicli di utilizzo, capacit\u00e0 di ritenzione e dove si pu\u00f2 acquistare.","robots":{"index":"index","follow":"follow","max-snippet":"max-snippet:-1","max-image-preview":"max-image-preview:large","max-video-preview":"max-video-preview:-1"},"canonical":"https:\/\/www.alquera.com\/it\/hidrogel\/propiedades\/","og_locale":"it_IT","og_type":"article","og_title":"Propiedades Hidrogel","og_description":"Propiedades t\u00e9cnicias del hidrogel que puedes encontrar en Alquera, ciclos de uso, capacidad de retenci\u00f3n y donde comprar.","og_url":"https:\/\/www.alquera.com\/it\/hidrogel\/propiedades\/","og_site_name":"Alquera.com","article_publisher":"https:\/\/www.facebook.com\/alqueraciencia","article_modified_time":"2026-02-23T14:46:02+00:00","twitter_card":"summary_large_image","twitter_misc":{"Tempo di lettura stimato":"1 minuto"},"schema":{"@context":"https:\/\/schema.org","@graph":[{"@type":"WebPage","@id":"https:\/\/www.alquera.com\/hidrogel\/propiedades\/","url":"https:\/\/www.alquera.com\/hidrogel\/propiedades\/","name":"Propriet\u00e0 degli idrogel - Alquera.com","isPartOf":{"@id":"https:\/\/www.alquera.com\/en\/#website"},"datePublished":"2020-11-06T15:57:17+00:00","dateModified":"2026-02-23T14:46:02+00:00","description":"Propriet\u00e0 tecniche dell'idrogel che si pu\u00f2 trovare in Alquera, cicli di utilizzo, capacit\u00e0 di ritenzione e dove si pu\u00f2 acquistare.","breadcrumb":{"@id":"https:\/\/www.alquera.com\/hidrogel\/propiedades\/#breadcrumb"},"inLanguage":"it-IT","potentialAction":[{"@type":"ReadAction","target":["https:\/\/www.alquera.com\/hidrogel\/propiedades\/"]}]},{"@type":"BreadcrumbList","@id":"https:\/\/www.alquera.com\/hidrogel\/propiedades\/#breadcrumb","itemListElement":[{"@type":"ListItem","position":1,"name":"Inicio","item":"https:\/\/www.alquera.com\/"},{"@type":"ListItem","position":2,"name":"Hidrogel para Plantas","item":"https:\/\/www.alquera.com\/hidrogel\/"},{"@type":"ListItem","position":3,"name":"Propiedades Hidrogel"}]},{"@type":"WebSite","@id":"https:\/\/www.alquera.com\/en\/#website","url":"https:\/\/www.alquera.com\/en\/","name":"Alquera.com","description":"Negozio online di prodotti chimici e forniture di laboratorio","publisher":{"@id":"https:\/\/www.alquera.com\/en\/#organization"},"potentialAction":[{"@type":"SearchAction","target":{"@type":"EntryPoint","urlTemplate":"https:\/\/www.alquera.com\/en\/?s={search_term_string}"},"query-input":{"@type":"PropertyValueSpecification","valueRequired":true,"valueName":"search_term_string"}}],"inLanguage":"it-IT"},{"@type":"Organization","@id":"https:\/\/www.alquera.com\/en\/#organization","name":"ALQUERA CIENCIA SL","url":"https:\/\/www.alquera.com\/en\/","logo":{"@type":"ImageObject","inLanguage":"it-IT","@id":"https:\/\/www.alquera.com\/en\/#\/schema\/logo\/image\/","url":"https:\/\/www.alquera.com\/wp-content\/uploads\/2020\/11\/logo_300_ancho.png","contentUrl":"https:\/\/www.alquera.com\/wp-content\/uploads\/2020\/11\/logo_300_ancho.png","width":300,"height":86,"caption":"ALQUERA CIENCIA SL"},"image":{"@id":"https:\/\/www.alquera.com\/en\/#\/schema\/logo\/image\/"},"sameAs":["https:\/\/www.facebook.com\/alqueraciencia","https:\/\/www.instagram.com\/alquera_ciencia\/","https:\/\/www.youtube.com\/c\/alquera"]}]}},"_links":{"self":[{"href":"https:\/\/www.alquera.com\/it\/wp-json\/wp\/v2\/pages\/9983","targetHints":{"allow":["GET"]}}],"collection":[{"href":"https:\/\/www.alquera.com\/it\/wp-json\/wp\/v2\/pages"}],"about":[{"href":"https:\/\/www.alquera.com\/it\/wp-json\/wp\/v2\/types\/page"}],"author":[{"embeddable":true,"href":"https:\/\/www.alquera.com\/it\/wp-json\/wp\/v2\/users\/1"}],"replies":[{"embeddable":true,"href":"https:\/\/www.alquera.com\/it\/wp-json\/wp\/v2\/comments?post=9983"}],"version-history":[{"count":8,"href":"https:\/\/www.alquera.com\/it\/wp-json\/wp\/v2\/pages\/9983\/revisions"}],"predecessor-version":[{"id":56860,"href":"https:\/\/www.alquera.com\/it\/wp-json\/wp\/v2\/pages\/9983\/revisions\/56860"}],"up":[{"embeddable":true,"href":"https:\/\/www.alquera.com\/it\/wp-json\/wp\/v2\/pages\/32588"}],"wp:attachment":[{"href":"https:\/\/www.alquera.com\/it\/wp-json\/wp\/v2\/media?parent=9983"}],"curies":[{"name":"wp","href":"https:\/\/api.w.org\/{rel}","templated":true}]}}