{"id":9989,"date":"2020-11-06T16:06:40","date_gmt":"2020-11-06T16:06:40","guid":{"rendered":"http:\/\/www.alquerapruebas.es\/?page_id=9989"},"modified":"2021-09-20T12:04:03","modified_gmt":"2021-09-20T12:04:03","slug":"alimentacion-animal","status":"publish","type":"page","link":"https:\/\/www.alquera.com\/it\/sulfato-de-cobre\/alimentacion-animal\/","title":{"rendered":"Solfato di rame per mangimi"},"content":{"rendered":"<p>Nell'allevamento del bestiame, il&nbsp;<a href=\"https:\/\/www.alquera.com\/it\/sulfato-de-cobre\/\">solfato di rame<\/a>&nbsp;per l'alimentazione animale \u00e8 un additivo utilizzato per migliorare la crescita e per correggere la carenza di rame negli animali.<\/p>\n\n\n\n<p>I composti del rame sono stati utilizzati per secoli a scopo medicinale e all'inizio del XIX secolo \u00e8 stato riconosciuto come un nutriente essenziale per gli animali.<\/p>\n\n\n\n<h2 class=\"wp-block-heading\">L'IMPORTANZA DEL RAME NEGLI ANIMALI<\/h2>\n\n\n\n<p>Il solfato di rame \u00e8 importante per fornire rame in forma solubile. Il rame \u00e8 un elemento presente nel fegato e nei muscoli degli animali e anche, sebbene in quantit\u00e0 minori, nello scheletro, nella pelle, nella lana e nell'iride dell'occhio.<\/p>\n\n\n\n<p>Il rame \u00e8 essenziale per il metabolismo del ferro. Il ferro \u00e8 a sua volta necessario per la formazione dell'emoglobina. eInterviene nella formazione dell'elastina, una proteina necessaria come componente dell'aorta e del resto del sistema cardiovascolare. Nella formazione della mielina, responsabile dell'integrit\u00e0 del SNC (cervello e midollo spinale). Nella produzione di collagene, una proteina importante per lo sviluppo di ossa, cartilagini e tendini. Nella produzione di melanina, essenziale per la formazione e la pigmentazione dei capelli e della lana. Queste, tra le altre importanti funzioni.<\/p>\n\n\n\n<p>Le diverse fonti attraverso le quali \u00e8 possibile ottenere il rame sono riportate nella seguente tabella<\/p>\n\n\n\n<figure class=\"wp-block-image size-large\"><img loading=\"lazy\" decoding=\"async\" width=\"470\" height=\"300\" src=\"https:\/\/www.alquera.com\/wp-content\/uploads\/2020\/11\/polvo-sulfato-de-cobre.png\" alt=\"Sulfato de Cobre\" class=\"wp-image-10117\" srcset=\"https:\/\/www.alquera.com\/wp-content\/uploads\/2020\/11\/polvo-sulfato-de-cobre.png 470w, https:\/\/www.alquera.com\/wp-content\/uploads\/2020\/11\/polvo-sulfato-de-cobre-300x191.png 300w\" sizes=\"auto, (max-width: 470px) 100vw, 470px\" \/><\/figure>\n\n\n\n<h2 class=\"wp-block-heading\">I SINTOMI DELLA CARENZA DI RAME<\/h2>\n\n\n\n<ul class=\"wp-block-list\"><li>Sbiancamento di capelli e lana<\/li><li>Diminuzione delle difese<\/li><li>Diarrea<\/li><li>Cheratinizzazione dei capelli<\/li><li>Infertilit\u00e0, perdita dell'estro, aborti spontanei.<\/li><li>Crescita in calo<\/li><li>Perdita di appetito<\/li><li>Anemia<\/li><li>Fratture spontanee.<\/li><\/ul>\n\n\n\n<h2 class=\"wp-block-heading\">FONTI DI RAME<\/h2>\n\n\n\n<p>Le fonti naturali di rame includono.<\/p>\n\n\n\n<ul class=\"wp-block-list\"><li>La paglia<\/li><li>Il suolo<\/li><li>Cacao, legumi, latte.<\/li><li>Cereali e loro derivati<\/li><li>Sostanza secca del pascolo<\/li><\/ul>\n\n\n\n<h2 class=\"wp-block-heading\">DOSE DI SOLFATO DI RAME NEGLI ANIMALI<\/h2>\n\n\n\n<p>\u00c8 necessario non superare la quantit\u00e0 indicata nelle specifiche tecniche del produttore. Un'idea generale delle quantit\u00e0 massime di solfato di rame da utilizzare nei mangimi \u00e8 la seguente:<\/p>\n\n\n\n<p>Maiali:<br>- Suinetti fino a 12 settimane: 170mg\/Kg<br>- Altri maiali: 25mg\/kg<br>Bestiame:<br>Prima dell'inizio della ruminazione<br>- Sostituti del latte: 15mg\/Kg<br>- Altri mangimi completi: 15mg\/kg<br>Altri bovini: 35mg\/kg<br>Pecora: 15mg\/kg<br>Pesce: 25mg\/kg<br>Crostacei: 50mg\/Kg<br>Altre specie: 25mg\/kg<br>Pecore: se il contenuto di rame del mangime supera i 10 mg\/kg, il livello di rame di questo mangime pu\u00f2 causare avvelenamento in alcune razze di pecore.<\/p>\n\n\n\n<p>Oltre all'alimentazione animale, altri usi del rame includono:<\/p>\n\n\n\n<p>Pesticidi agricoli,&nbsp;<a href=\"https:\/\/www.alquera.com\/it\/sulfato-de-cobre\/fungicida\/\">fungicida<\/a>,&nbsp;<a href=\"https:\/\/www.alquera.com\/it\/sulfato-de-cobre\/piscinas\/\">solfato di rame per piscine<\/a>tubi di rame per acqua e gas, cavi elettrici, cavi telefonici, monete, sculture, campane, saldatura ad alta resistenza, ottone, bronzi, gioielli, ecc.<\/p>\n\n\n\n<h3 class=\"widget-title\">Acquista <\/h3><div><div class=\"woocommerce\"><ul class=\"products columns-4\">\n<li class=\"desktop-align-left tablet-align-left mobile-align-left ast-product-gallery-layout-horizontal-slider ast-magnify-disabled ast-product-single-variable ast-product-tabs-layout-horizontal ast-qv-on-image product type-product post-495 status-publish first instock product_cat-productos-experimentos product_cat-productos has-post-thumbnail taxable shipping-taxable purchasable product-type-variable has-default-attributes\">\n\t<a href=\"https:\/\/www.alquera.com\/it\/permanganato-de-potasio\/\" class=\"woocommerce-LoopProduct-link woocommerce-loop-product__link\"><img loading=\"lazy\" decoding=\"async\" width=\"300\" height=\"300\" src=\"https:\/\/www.alquera.com\/wp-content\/uploads\/2016\/01\/permanganato-200g-foto-nueva-300x300.png\" class=\"attachment-woocommerce_thumbnail size-woocommerce_thumbnail\" alt=\"permanganato 200g\" srcset=\"https:\/\/www.alquera.com\/wp-content\/uploads\/2016\/01\/permanganato-200g-foto-nueva-300x300.png 300w, https:\/\/www.alquera.com\/wp-content\/uploads\/2016\/01\/permanganato-200g-foto-nueva-150x150.png 150w, https:\/\/www.alquera.com\/wp-content\/uploads\/2016\/01\/permanganato-200g-foto-nueva-12x12.png 12w, https:\/\/www.alquera.com\/wp-content\/uploads\/2016\/01\/permanganato-200g-foto-nueva-100x100.png 100w\" sizes=\"auto, (max-width: 300px) 100vw, 300px\" \/><h2 class=\"woocommerce-loop-product__title\">Permanganato di Potassio<\/h2><div class=\"review-rating\"><div class=\"star-rating\"><span style=\"width:100%\" data-no-translation=\"\" data-trp-gettext=\"\">Valutato <strong class=\"rating\">5.00<\/strong> su 5<\/span><\/div><\/div>\n<\/a><a href=\"https:\/\/www.alquera.com\/it\/permanganato-de-potasio\/\" aria-describedby=\"woocommerce_loop_add_to_cart_link_describedby_495\" data-quantity=\"1\" class=\"button product_type_variable add_to_cart_button\" data-product_id=\"495\" data-product_sku=\"AL100111\" aria-label=\"Seleziona le opzioni per \u201cPermanganato de Potasio\u201d\" rel=\"nofollow\" data-no-translation=\"\" data-trp-gettext=\"\" data-no-translation-aria-label=\"\">Scegli<\/a>\t<span id=\"woocommerce_loop_add_to_cart_link_describedby_495\" class=\"screen-reader-text\">\n\t\tQuesto prodotto ha pi\u00f9 varianti. Le opzioni possono essere scelte nella pagina del prodotto\t<\/span>\n<\/li>\n<\/ul>\n<\/div><\/div>\n\n\n\n<p class=\"widget-title\">Per saperne di pi\u00f9<\/p><a href=\"https:\/\/www.alquera.com\/it\/sulfato-de-cobre\/\">Solfato di rame<\/a>\n<!-- Page-list plugin v.5.9 wordpress.org\/plugins\/page-list\/ -->\n<ul class=\"page-list siblings-page-list\">\n<li class=\"page_item page-item-9998 menu-item\"><a href=\"https:\/\/www.alquera.com\/it\/sulfato-de-cobre\/caldo-bordeles-agricultura\/\" class=\"menu-link\">Brodo Bordelaise<\/a><\/li>\n<li class=\"page_item page-item-9989 menu-item\"><a href=\"https:\/\/www.alquera.com\/it\/sulfato-de-cobre\/alimentacion-animal\/\" class=\"menu-link\">Solfato di rame per mangimi<\/a><\/li>\n<li class=\"page_item page-item-331 menu-item\"><a href=\"https:\/\/www.alquera.com\/it\/sulfato-de-cobre\/fungicida\/\" class=\"menu-link\">Fungicida a base di solfato di rame<\/a><\/li>\n<li class=\"page_item page-item-9992 menu-item\"><a href=\"https:\/\/www.alquera.com\/it\/sulfato-de-cobre\/piscinas\/\" class=\"menu-link\">Piscine con solfato di rame<\/a><\/li>\n<li class=\"page_item page-item-324 menu-item\"><a href=\"https:\/\/www.alquera.com\/it\/sulfato-de-cobre\/usos\/\" class=\"menu-link\">Utilizza il solfato di rame<\/a><\/li>\n\n<\/ul>","protected":false},"excerpt":{"rendered":"<p>En ganader\u00eda, el&nbsp;sulfato de cobre&nbsp;para alimentaci\u00f3n animal es un aditivo utilizado para la mejora en&nbsp;el crecimiento y para correcci\u00f3n de la falta&nbsp;de cobre en los animales. Desde hace varios siglos, los compuestos de cobre ya se utilizaban con prop\u00f3sitos medicinales y a principios del siglo XIX, es reconocido como un nutriente fundamental para los animales. [&hellip;]<\/p>\n","protected":false},"author":1,"featured_media":0,"parent":32602,"menu_order":0,"comment_status":"open","ping_status":"closed","template":"","meta":{"_acf_changed":false,"site-sidebar-layout":"default","site-content-layout":"default","ast-site-content-layout":"default","site-content-style":"default","site-sidebar-style":"default","ast-global-header-display":"","ast-banner-title-visibility":"","ast-main-header-display":"","ast-hfb-above-header-display":"","ast-hfb-below-header-display":"","ast-hfb-mobile-header-display":"","site-post-title":"","ast-breadcrumbs-content":"","ast-featured-img":"","footer-sml-layout":"","ast-disable-related-posts":"","theme-transparent-header-meta":"default","adv-header-id-meta":"","stick-header-meta":"default","header-above-stick-meta":"","header-main-stick-meta":"","header-below-stick-meta":"","astra-migrate-meta-layouts":"default","ast-page-background-enabled":"default","ast-page-background-meta":{"desktop":{"background-color":"var(--ast-global-color-4)","background-image":"","background-repeat":"repeat","background-position":"center center","background-size":"auto","background-attachment":"scroll","background-type":"","background-media":"","overlay-type":"","overlay-color":"","overlay-opacity":"","overlay-gradient":""},"tablet":{"background-color":"","background-image":"","background-repeat":"repeat","background-position":"center center","background-size":"auto","background-attachment":"scroll","background-type":"","background-media":"","overlay-type":"","overlay-color":"","overlay-opacity":"","overlay-gradient":""},"mobile":{"background-color":"","background-image":"","background-repeat":"repeat","background-position":"center center","background-size":"auto","background-attachment":"scroll","background-type":"","background-media":"","overlay-type":"","overlay-color":"","overlay-opacity":"","overlay-gradient":""}},"ast-content-background-meta":{"desktop":{"background-color":"var(--ast-global-color-5)","background-image":"","background-repeat":"repeat","background-position":"center center","background-size":"auto","background-attachment":"scroll","background-type":"","background-media":"","overlay-type":"","overlay-color":"","overlay-opacity":"","overlay-gradient":""},"tablet":{"background-color":"var(--ast-global-color-5)","background-image":"","background-repeat":"repeat","background-position":"center center","background-size":"auto","background-attachment":"scroll","background-type":"","background-media":"","overlay-type":"","overlay-color":"","overlay-opacity":"","overlay-gradient":""},"mobile":{"background-color":"var(--ast-global-color-5)","background-image":"","background-repeat":"repeat","background-position":"center center","background-size":"auto","background-attachment":"scroll","background-type":"","background-media":"","overlay-type":"","overlay-color":"","overlay-opacity":"","overlay-gradient":""}},"footnotes":""},"class_list":["post-9989","page","type-page","status-publish","hentry"],"acf":[],"yoast_head":"<!-- This site is optimized with the Yoast SEO Premium plugin v27.1 (Yoast SEO v27.1.1) - https:\/\/yoast.com\/product\/yoast-seo-premium-wordpress\/ -->\n<title>Sulfato de Cobre Alimentaci\u00f3n Animal - Alquera.com<\/title>\n<meta name=\"robots\" content=\"index, follow, max-snippet:-1, max-image-preview:large, max-video-preview:-1\" \/>\n<link rel=\"canonical\" href=\"https:\/\/www.alquera.com\/it\/sulfato-de-cobre\/alimentacion-animal\/\" \/>\n<meta property=\"og:locale\" content=\"it_IT\" \/>\n<meta property=\"og:type\" content=\"article\" \/>\n<meta property=\"og:title\" content=\"Sulfato de Cobre Alimentaci\u00f3n Animal\" \/>\n<meta property=\"og:description\" content=\"En ganader\u00eda, el&nbsp;sulfato de cobre&nbsp;para alimentaci\u00f3n animal es un aditivo utilizado para la mejora en&nbsp;el crecimiento y para correcci\u00f3n de la falta&nbsp;de cobre en los animales. Desde hace varios siglos, los compuestos de cobre ya se utilizaban con prop\u00f3sitos medicinales y a principios del siglo XIX, es reconocido como un nutriente fundamental para los animales. [&hellip;]\" \/>\n<meta property=\"og:url\" content=\"https:\/\/www.alquera.com\/it\/sulfato-de-cobre\/alimentacion-animal\/\" \/>\n<meta property=\"og:site_name\" content=\"Alquera.com\" \/>\n<meta property=\"article:publisher\" content=\"https:\/\/www.facebook.com\/alqueraciencia\" \/>\n<meta property=\"article:modified_time\" content=\"2021-09-20T12:04:03+00:00\" \/>\n<meta property=\"og:image\" content=\"https:\/\/www.alquera.com\/wp-content\/uploads\/2020\/11\/polvo-sulfato-de-cobre.png\" \/>\n<meta name=\"twitter:card\" content=\"summary_large_image\" \/>\n<meta name=\"twitter:label1\" content=\"Tempo di lettura stimato\" \/>\n\t<meta name=\"twitter:data1\" content=\"3 minuti\" \/>\n<script type=\"application\/ld+json\" class=\"yoast-schema-graph\">{\"@context\":\"https:\/\/schema.org\",\"@graph\":[{\"@type\":\"WebPage\",\"@id\":\"https:\/\/www.alquera.com\/sulfato-de-cobre\/alimentacion-animal\/\",\"url\":\"https:\/\/www.alquera.com\/sulfato-de-cobre\/alimentacion-animal\/\",\"name\":\"Sulfato de Cobre Alimentaci\u00f3n Animal - Alquera.com\",\"isPartOf\":{\"@id\":\"https:\/\/www.alquera.com\/en\/#website\"},\"primaryImageOfPage\":{\"@id\":\"https:\/\/www.alquera.com\/sulfato-de-cobre\/alimentacion-animal\/#primaryimage\"},\"image\":{\"@id\":\"https:\/\/www.alquera.com\/sulfato-de-cobre\/alimentacion-animal\/#primaryimage\"},\"thumbnailUrl\":\"https:\/\/www.alquera.com\/wp-content\/uploads\/2020\/11\/polvo-sulfato-de-cobre.png\",\"datePublished\":\"2020-11-06T16:06:40+00:00\",\"dateModified\":\"2021-09-20T12:04:03+00:00\",\"breadcrumb\":{\"@id\":\"https:\/\/www.alquera.com\/sulfato-de-cobre\/alimentacion-animal\/#breadcrumb\"},\"inLanguage\":\"it-IT\",\"potentialAction\":[{\"@type\":\"ReadAction\",\"target\":[\"https:\/\/www.alquera.com\/sulfato-de-cobre\/alimentacion-animal\/\"]}]},{\"@type\":\"ImageObject\",\"inLanguage\":\"it-IT\",\"@id\":\"https:\/\/www.alquera.com\/sulfato-de-cobre\/alimentacion-animal\/#primaryimage\",\"url\":\"https:\/\/www.alquera.com\/wp-content\/uploads\/2020\/11\/polvo-sulfato-de-cobre.png\",\"contentUrl\":\"https:\/\/www.alquera.com\/wp-content\/uploads\/2020\/11\/polvo-sulfato-de-cobre.png\"},{\"@type\":\"BreadcrumbList\",\"@id\":\"https:\/\/www.alquera.com\/sulfato-de-cobre\/alimentacion-animal\/#breadcrumb\",\"itemListElement\":[{\"@type\":\"ListItem\",\"position\":1,\"name\":\"Inicio\",\"item\":\"https:\/\/www.alquera.com\/\"},{\"@type\":\"ListItem\",\"position\":2,\"name\":\"Sulfato de Cobre\",\"item\":\"https:\/\/www.alquera.com\/sulfato-de-cobre\/\"},{\"@type\":\"ListItem\",\"position\":3,\"name\":\"Sulfato de Cobre Alimentaci\u00f3n Animal\"}]},{\"@type\":\"WebSite\",\"@id\":\"https:\/\/www.alquera.com\/en\/#website\",\"url\":\"https:\/\/www.alquera.com\/en\/\",\"name\":\"Alquera.com\",\"description\":\"Tienda Online Productos Qu\u00edmicos y Material de Laboratorio\",\"publisher\":{\"@id\":\"https:\/\/www.alquera.com\/en\/#organization\"},\"potentialAction\":[{\"@type\":\"SearchAction\",\"target\":{\"@type\":\"EntryPoint\",\"urlTemplate\":\"https:\/\/www.alquera.com\/en\/?s={search_term_string}\"},\"query-input\":{\"@type\":\"PropertyValueSpecification\",\"valueRequired\":true,\"valueName\":\"search_term_string\"}}],\"inLanguage\":\"it-IT\"},{\"@type\":\"Organization\",\"@id\":\"https:\/\/www.alquera.com\/en\/#organization\",\"name\":\"ALQUERA CIENCIA SL\",\"url\":\"https:\/\/www.alquera.com\/en\/\",\"logo\":{\"@type\":\"ImageObject\",\"inLanguage\":\"it-IT\",\"@id\":\"https:\/\/www.alquera.com\/en\/#\/schema\/logo\/image\/\",\"url\":\"https:\/\/www.alquera.com\/wp-content\/uploads\/2020\/11\/logo_300_ancho.png\",\"contentUrl\":\"https:\/\/www.alquera.com\/wp-content\/uploads\/2020\/11\/logo_300_ancho.png\",\"width\":300,\"height\":86,\"caption\":\"ALQUERA CIENCIA SL\"},\"image\":{\"@id\":\"https:\/\/www.alquera.com\/en\/#\/schema\/logo\/image\/\"},\"sameAs\":[\"https:\/\/www.facebook.com\/alqueraciencia\",\"https:\/\/www.instagram.com\/alquera_ciencia\/\",\"https:\/\/www.youtube.com\/c\/alquera\"]}]}<\/script>\n<!-- \/ Yoast SEO Premium plugin. -->","yoast_head_json":{"title":"Solfato di rame per mangimi - Alquera.com","robots":{"index":"index","follow":"follow","max-snippet":"max-snippet:-1","max-image-preview":"max-image-preview:large","max-video-preview":"max-video-preview:-1"},"canonical":"https:\/\/www.alquera.com\/it\/sulfato-de-cobre\/alimentacion-animal\/","og_locale":"it_IT","og_type":"article","og_title":"Sulfato de Cobre Alimentaci\u00f3n Animal","og_description":"En ganader\u00eda, el&nbsp;sulfato de cobre&nbsp;para alimentaci\u00f3n animal es un aditivo utilizado para la mejora en&nbsp;el crecimiento y para correcci\u00f3n de la falta&nbsp;de cobre en los animales. Desde hace varios siglos, los compuestos de cobre ya se utilizaban con prop\u00f3sitos medicinales y a principios del siglo XIX, es reconocido como un nutriente fundamental para los animales. [&hellip;]","og_url":"https:\/\/www.alquera.com\/it\/sulfato-de-cobre\/alimentacion-animal\/","og_site_name":"Alquera.com","article_publisher":"https:\/\/www.facebook.com\/alqueraciencia","article_modified_time":"2021-09-20T12:04:03+00:00","og_image":[{"url":"https:\/\/www.alquera.com\/wp-content\/uploads\/2020\/11\/polvo-sulfato-de-cobre.png","type":"","width":"","height":""}],"twitter_card":"summary_large_image","twitter_misc":{"Tempo di lettura stimato":"3 minuti"},"schema":{"@context":"https:\/\/schema.org","@graph":[{"@type":"WebPage","@id":"https:\/\/www.alquera.com\/sulfato-de-cobre\/alimentacion-animal\/","url":"https:\/\/www.alquera.com\/sulfato-de-cobre\/alimentacion-animal\/","name":"Solfato di rame per mangimi - Alquera.com","isPartOf":{"@id":"https:\/\/www.alquera.com\/en\/#website"},"primaryImageOfPage":{"@id":"https:\/\/www.alquera.com\/sulfato-de-cobre\/alimentacion-animal\/#primaryimage"},"image":{"@id":"https:\/\/www.alquera.com\/sulfato-de-cobre\/alimentacion-animal\/#primaryimage"},"thumbnailUrl":"https:\/\/www.alquera.com\/wp-content\/uploads\/2020\/11\/polvo-sulfato-de-cobre.png","datePublished":"2020-11-06T16:06:40+00:00","dateModified":"2021-09-20T12:04:03+00:00","breadcrumb":{"@id":"https:\/\/www.alquera.com\/sulfato-de-cobre\/alimentacion-animal\/#breadcrumb"},"inLanguage":"it-IT","potentialAction":[{"@type":"ReadAction","target":["https:\/\/www.alquera.com\/sulfato-de-cobre\/alimentacion-animal\/"]}]},{"@type":"ImageObject","inLanguage":"it-IT","@id":"https:\/\/www.alquera.com\/sulfato-de-cobre\/alimentacion-animal\/#primaryimage","url":"https:\/\/www.alquera.com\/wp-content\/uploads\/2020\/11\/polvo-sulfato-de-cobre.png","contentUrl":"https:\/\/www.alquera.com\/wp-content\/uploads\/2020\/11\/polvo-sulfato-de-cobre.png"},{"@type":"BreadcrumbList","@id":"https:\/\/www.alquera.com\/sulfato-de-cobre\/alimentacion-animal\/#breadcrumb","itemListElement":[{"@type":"ListItem","position":1,"name":"Inicio","item":"https:\/\/www.alquera.com\/"},{"@type":"ListItem","position":2,"name":"Sulfato de Cobre","item":"https:\/\/www.alquera.com\/sulfato-de-cobre\/"},{"@type":"ListItem","position":3,"name":"Sulfato de Cobre Alimentaci\u00f3n Animal"}]},{"@type":"WebSite","@id":"https:\/\/www.alquera.com\/en\/#website","url":"https:\/\/www.alquera.com\/en\/","name":"Alquera.com","description":"Negozio online di prodotti chimici e forniture di laboratorio","publisher":{"@id":"https:\/\/www.alquera.com\/en\/#organization"},"potentialAction":[{"@type":"SearchAction","target":{"@type":"EntryPoint","urlTemplate":"https:\/\/www.alquera.com\/en\/?s={search_term_string}"},"query-input":{"@type":"PropertyValueSpecification","valueRequired":true,"valueName":"search_term_string"}}],"inLanguage":"it-IT"},{"@type":"Organization","@id":"https:\/\/www.alquera.com\/en\/#organization","name":"ALQUERA CIENCIA SL","url":"https:\/\/www.alquera.com\/en\/","logo":{"@type":"ImageObject","inLanguage":"it-IT","@id":"https:\/\/www.alquera.com\/en\/#\/schema\/logo\/image\/","url":"https:\/\/www.alquera.com\/wp-content\/uploads\/2020\/11\/logo_300_ancho.png","contentUrl":"https:\/\/www.alquera.com\/wp-content\/uploads\/2020\/11\/logo_300_ancho.png","width":300,"height":86,"caption":"ALQUERA CIENCIA SL"},"image":{"@id":"https:\/\/www.alquera.com\/en\/#\/schema\/logo\/image\/"},"sameAs":["https:\/\/www.facebook.com\/alqueraciencia","https:\/\/www.instagram.com\/alquera_ciencia\/","https:\/\/www.youtube.com\/c\/alquera"]}]}},"_links":{"self":[{"href":"https:\/\/www.alquera.com\/it\/wp-json\/wp\/v2\/pages\/9989","targetHints":{"allow":["GET"]}}],"collection":[{"href":"https:\/\/www.alquera.com\/it\/wp-json\/wp\/v2\/pages"}],"about":[{"href":"https:\/\/www.alquera.com\/it\/wp-json\/wp\/v2\/types\/page"}],"author":[{"embeddable":true,"href":"https:\/\/www.alquera.com\/it\/wp-json\/wp\/v2\/users\/1"}],"replies":[{"embeddable":true,"href":"https:\/\/www.alquera.com\/it\/wp-json\/wp\/v2\/comments?post=9989"}],"version-history":[{"count":10,"href":"https:\/\/www.alquera.com\/it\/wp-json\/wp\/v2\/pages\/9989\/revisions"}],"predecessor-version":[{"id":35143,"href":"https:\/\/www.alquera.com\/it\/wp-json\/wp\/v2\/pages\/9989\/revisions\/35143"}],"up":[{"embeddable":true,"href":"https:\/\/www.alquera.com\/it\/wp-json\/wp\/v2\/pages\/32602"}],"wp:attachment":[{"href":"https:\/\/www.alquera.com\/it\/wp-json\/wp\/v2\/media?parent=9989"}],"curies":[{"name":"wp","href":"https:\/\/api.w.org\/{rel}","templated":true}]}}