{"id":9992,"date":"2020-11-06T16:09:50","date_gmt":"2020-11-06T16:09:50","guid":{"rendered":"http:\/\/www.alquerapruebas.es\/?page_id=9992"},"modified":"2024-02-15T10:52:37","modified_gmt":"2024-02-15T10:52:37","slug":"piscinas","status":"publish","type":"page","link":"https:\/\/www.alquera.com\/it\/sulfato-de-cobre\/piscinas\/","title":{"rendered":"Piscine con solfato di rame"},"content":{"rendered":"<p><p>Il&nbsp;<a href=\"https:\/\/www.alquera.com\/it\/sulfato-de-cobre\/\">Solfato di rame<\/a>&nbsp;per le piscine, il CuSO4, viene utilizzato come&nbsp;<strong>alghicida<\/strong> nella preparazione delle piscine durante la stagione estiva. Un alghicida \u00e8 una sostanza chimica utilizzata per distruggere le alghe (piante microscopiche clorofilliane singole o multicellulari). Si riproducono per divisione o sporulazione e favoriscono la crescita di microrganismi come batteri e funghi.<\/p>\n<p>Quasi tutte le piscine richiedono l'uso di un alghicida. Il <strong>solfato di rame<\/strong> \u00e8 uno dei pi\u00f9 utilizzati.<\/p><\/p>\n\n\n\n<h2 class=\"wp-block-heading\"><strong>QUANDO USARE IL SOLFATO DI RAME NELLE PISCINE<\/strong><\/h2>\n\n\n\n<p><p>In queste due immagini si possono vedere piscine diverse. Nella prima immagine vengono mostrate due piscine con acqua verdastra a causa di alghe e materia organica. L'immagine inferiore mostra una piscina in cui siamo abituati a nuotare. Il colore \u00e8 spesso il miglior indicatore dello stato della piscina.&nbsp;<\/p>\n<p><a href=\"https:\/\/www.alquera.com\/it\/sulfato-de-cobre\/piscinas\/piscina-agua-algas\/\" rel=\"attachment wp-att-33242\"><img loading=\"lazy\" decoding=\"async\" class=\"alignnone wp-image-33242 size-full\" src=\"https:\/\/www.alquera.com\/wp-content\/uploads\/2021\/03\/piscina-agua-ALGAS.png\" alt=\"Piscina con algas\" width=\"600\" height=\"300\" srcset=\"https:\/\/www.alquera.com\/wp-content\/uploads\/2021\/03\/piscina-agua-ALGAS.png 600w, https:\/\/www.alquera.com\/wp-content\/uploads\/2021\/03\/piscina-agua-ALGAS-300x150.png 300w\" sizes=\"auto, (max-width: 600px) 100vw, 600px\" \/><\/a> <a href=\"https:\/\/www.alquera.com\/it\/sulfato-de-cobre\/piscinas\/piscina-agua-clara\/\" rel=\"attachment wp-att-33243\"><img loading=\"lazy\" decoding=\"async\" class=\"alignnone wp-image-33243 size-full\" src=\"https:\/\/www.alquera.com\/wp-content\/uploads\/2021\/03\/piscina-agua-clara.png\" alt=\"Piscina agua clara\" width=\"600\" height=\"300\" srcset=\"https:\/\/www.alquera.com\/wp-content\/uploads\/2021\/03\/piscina-agua-clara.png 600w, https:\/\/www.alquera.com\/wp-content\/uploads\/2021\/03\/piscina-agua-clara-300x150.png 300w\" sizes=\"auto, (max-width: 600px) 100vw, 600px\" \/><\/a><\/p><\/p>\n\n\n\n<p>Il colore verde \u00e8 dovuto alle alghe, che sono microrganismi unicellulari di origine vegetale, con una grande capacit\u00e0 di riprodursi in determinate condizioni.<\/p>\n\n\n\n\n\n<p>Per riparare la piscina quando ci\u00f2 accade, si consiglia di utilizzare un<strong> biocidi come il solfato di rame<\/strong> che agisce come alghicida. Il solfato di rame per piscine \u00e8 il comune solfato di rame (pentaidrato), che di solito si trova in commercio.<\/p>\n\n\n\n<h2 class=\"wp-block-heading\">DOSAGGIO DEL SOLFATO DI RAME PER PISCINE<\/h2>\n\n\n\n<p><p>La dose da utilizzare dipende dalla quantit\u00e0 di materia organica presente nell'acqua. Dipende anche se si tratta di un trattamento d'urto o se viene applicato come trattamento preventivo per l'inverno.&nbsp;<\/p>\n<p>Per una pulizia dell'acqua in preparazione estiva, un dosaggio di riferimento sarebbe <strong>5-10 grammi per m3 di acqua. <\/strong>&nbsp;1 m3 equivale a 1000 litri, quindi per una piscina di <strong>Per 100 m3 sarebbero necessari 0,5-1Kg<\/strong> di solfato di rame circa. Possiamo prendere queste quantit\u00e0 come riferimento.<\/p><\/p>\n\n\n\n<p>1m3 di acqua - (1.000L di acqua) - 5-10 grammi di solfato di rame<br>10m3 di acqua (10.000L di acqua) - 50-100 grammi di solfato di rame<br>50m3 di acqua (50.000L di acqua) - 250-500 grammi di solfato di rame<br>100m3 Acqua - (100.000L di acqua) - 500-1000 grammi (1Kg) di solfato di rame<br>2500m3 di acqua - 12-25 kg di solfato di rame<\/p>\n\n\n\n<p><\/p>\n\n\n\n<p>Sciogliere preventivamente il prodotto in una piccola quantit\u00e0 d'acqua e distribuirlo su tutta la superficie della piscina.<\/p>\n\n\n\n<h2 class=\"wp-block-heading\">PULIZIA DELLE ALGHE IN PISCINA PASSO DOPO PASSO&nbsp;<\/h2>\n\n\n\n<ul class=\"wp-block-list\">\n<li>Fare un calcolo del volume d'acqua della piscina (se non \u00e8 presente nel piano di fabbricazione). Con questo volume, stimare la quantit\u00e0 di solfato di rame.<\/li>\n\n\n\n<li>Sciogliere prima il solfato di rame in una piccola quantit\u00e0 d'acqua. Una volta sciolto nella piccola quantit\u00e0 d'acqua, versare la soluzione nella vasca.<\/li>\n\n\n\n<li>Far circolare l'acqua per 1-2 ore. Facendo circolare l'acqua si scioglie tutto il solfato di rame presente nella vasca.  Lasciare agire il solfato di rame per tutta la notte (8-10 ore) affinch\u00e9 agisca sui microrganismi. Il solfato di rame \u00e8 un biocida che agisce sui microrganismi in sospensione. Successivamente, sar\u00e0 necessario un prodotto che li faccia precipitare.&nbsp;<\/li>\n\n\n\n<li>Una volta che si \u00e8 depositato durante la notte, o almeno per 8-10 ore, \u00e8 necessario un flocculante per far precipitare le particelle in sospensione. Uno dei flocculanti pi\u00f9 comunemente utilizzati \u00e8 il <a href=\"https:\/\/www.alquera.com\/it\/sulfato-de-aluminio\/\">Solfato di alluminio<\/a>. Il solfato di alluminio agisce come flocculante, legando le particelle e facendole precipitare sul fondo della piscina.<\/li>\n\n\n\n<li>Lasciare il solfato di alluminio a riposo e agire per almeno 1-2 ore.<\/li>\n\n\n\n<li>Pulire le impurit\u00e0 rimaste sul fondo e sulle pareti con un aspirapolvere.<\/li>\n\n\n\n<li>Ricircolare l'acqua della piscina.<\/li>\n\n\n\n<li>Misurare il pH dell'acqua e il cloro residuo, verificando che tutti i valori rientrino nei parametri stabiliti.&nbsp;<\/li>\n\n\n\n<li>Per evitare la formazione di microrganismi, si raccomanda l'uso di un protettore per piscine.&nbsp;<\/li>\n<\/ul>\n\n\n\n<p>Nel caso in cui l'uso del solfato di rame sia preventivo (la piscina non \u00e8 verde, ma il solfato di rame viene versato al momento del riempimento della piscina come misura preventiva), utilizzare solo come misura preventiva. <strong>Da 2 a 4 grammi per m3<\/strong> . Se si tratta di manutenzione invernale (TUTTO L'ANNO), allora utilizzare <strong>50 grammi per m3<\/strong> dell'acqua.&nbsp;<\/p>\n\n\n\n<p>OSSERVAZIONI Dopo l'applicazione dell'alghicida o del solfato di rame, possono comparire macchie grigio-bluastre che coprono una superficie apprezzabile delle pareti e del fondo. Sono dovute ai residui proteici morti dei microrganismi invasori e scompaiono da sole entro 1-4 giorni.<\/p>\n\n\n\n<p><p>Un altro utilizzo del solfato di rame \u00e8 quello in agricoltura; qui potete vedere di pi\u00f9:&nbsp;<a href=\"https:\/\/www.alquera.com\/it\/sulfato-de-cobre\/fungicida\/\">fungicida a base di solfato di rame<\/a>ed \u00e8 anche un componente importante della&nbsp;<a href=\"https:\/\/www.alquera.com\/it\/sulfato-de-cobre\/alimentacion-animal\/\">mangimi per animali<\/a>.<\/p>\n<h2>DOCUMENTAZIONE ASSOCIATA<\/h2>\n<ul>\n<li><a href=\"https:\/\/www.alquera.com\/it\/sulfato-de-cobre\/piscinas\/ntp_690\/\" rel=\"attachment wp-att-33230\">Guida alle buone pratiche di manipolazione dei prodotti chimici nelle piscine.&nbsp;<\/a><\/li>\n<li><a href=\"https:\/\/www.alquera.com\/it\/sulfato-de-cobre\/piscinas\/boe-a-2013-10580-consolidado\/\" rel=\"attachment wp-att-33231\">Decreto reale 742\/2013, del 27 settembre, che stabilisce i criteri tecnico-sanitari per le piscine.<\/a><\/li>\n<li><a href=\"http:\/\/www.madrid.org\/cs\/Satellite?blobcol=urldata&amp;blobheader=application%2Fpdf&amp;blobheadername1=Content-Disposition&amp;blobheadervalue1=filename%3D3._MANUAL_PISCINAS_ENCARGADOS_MANTENIMIENTO_2010%5B1%5D.pdf&amp;blobkey=id&amp;blobtable=MungoBlobs&amp;blobwhere=1352885284227&amp;ssbinary=true\">Guida alla manutenzione delle piscine - Comunit\u00e0 sanitaria di Madrid<\/a>.<\/li>\n<\/ul><\/p>\n\n\n\n<h3 class=\"widget-title\">Acquista <\/h3><div><div class=\"woocommerce\"><ul class=\"products columns-4\">\n<li class=\"desktop-align-left tablet-align-left mobile-align-left ast-product-gallery-layout-horizontal-slider ast-magnify-disabled ast-product-single-variable ast-product-tabs-layout-horizontal ast-qv-on-image product type-product post-495 status-publish first instock product_cat-productos-experimentos product_cat-productos has-post-thumbnail taxable shipping-taxable purchasable product-type-variable has-default-attributes\">\n\t<a href=\"https:\/\/www.alquera.com\/it\/permanganato-de-potasio\/\" class=\"woocommerce-LoopProduct-link woocommerce-loop-product__link\"><img loading=\"lazy\" decoding=\"async\" width=\"300\" height=\"300\" src=\"https:\/\/www.alquera.com\/wp-content\/uploads\/2016\/01\/permanganato-200g-foto-nueva-300x300.png\" class=\"attachment-woocommerce_thumbnail size-woocommerce_thumbnail\" alt=\"permanganato 200g\" srcset=\"https:\/\/www.alquera.com\/wp-content\/uploads\/2016\/01\/permanganato-200g-foto-nueva-300x300.png 300w, https:\/\/www.alquera.com\/wp-content\/uploads\/2016\/01\/permanganato-200g-foto-nueva-150x150.png 150w, https:\/\/www.alquera.com\/wp-content\/uploads\/2016\/01\/permanganato-200g-foto-nueva-12x12.png 12w, https:\/\/www.alquera.com\/wp-content\/uploads\/2016\/01\/permanganato-200g-foto-nueva-100x100.png 100w\" sizes=\"auto, (max-width: 300px) 100vw, 300px\" \/><h2 class=\"woocommerce-loop-product__title\">Permanganato di Potassio<\/h2><div class=\"review-rating\"><div class=\"star-rating\"><span style=\"width:100%\" data-no-translation=\"\" data-trp-gettext=\"\">Valutato <strong class=\"rating\">5.00<\/strong> su 5<\/span><\/div><\/div>\n<\/a><a href=\"https:\/\/www.alquera.com\/it\/permanganato-de-potasio\/\" aria-describedby=\"woocommerce_loop_add_to_cart_link_describedby_495\" data-quantity=\"1\" class=\"button product_type_variable add_to_cart_button\" data-product_id=\"495\" data-product_sku=\"AL100111\" aria-label=\"Seleziona le opzioni per \u201cPermanganato de Potasio\u201d\" rel=\"nofollow\" data-no-translation=\"\" data-trp-gettext=\"\" data-no-translation-aria-label=\"\">Scegli<\/a>\t<span id=\"woocommerce_loop_add_to_cart_link_describedby_495\" class=\"screen-reader-text\">\n\t\tQuesto prodotto ha pi\u00f9 varianti. Le opzioni possono essere scelte nella pagina del prodotto\t<\/span>\n<\/li>\n<\/ul>\n<\/div><\/div>\n\n\n\n<p class=\"widget-title\">Per saperne di pi\u00f9<\/p><a href=\"https:\/\/www.alquera.com\/it\/sulfato-de-cobre\/\">Solfato di rame<\/a>\n<!-- Page-list plugin v.5.9 wordpress.org\/plugins\/page-list\/ -->\n<ul class=\"page-list siblings-page-list\">\n<li class=\"page_item page-item-9998 menu-item\"><a href=\"https:\/\/www.alquera.com\/it\/sulfato-de-cobre\/caldo-bordeles-agricultura\/\" class=\"menu-link\">Brodo Bordelaise<\/a><\/li>\n<li class=\"page_item page-item-9989 menu-item\"><a href=\"https:\/\/www.alquera.com\/it\/sulfato-de-cobre\/alimentacion-animal\/\" class=\"menu-link\">Solfato di rame per mangimi<\/a><\/li>\n<li class=\"page_item page-item-331 menu-item\"><a href=\"https:\/\/www.alquera.com\/it\/sulfato-de-cobre\/fungicida\/\" class=\"menu-link\">Fungicida a base di solfato di rame<\/a><\/li>\n<li class=\"page_item page-item-9992 menu-item\"><a href=\"https:\/\/www.alquera.com\/it\/sulfato-de-cobre\/piscinas\/\" class=\"menu-link\">Piscine con solfato di rame<\/a><\/li>\n<li class=\"page_item page-item-324 menu-item\"><a href=\"https:\/\/www.alquera.com\/it\/sulfato-de-cobre\/usos\/\" class=\"menu-link\">Utilizza il solfato di rame<\/a><\/li>\n\n<\/ul>","protected":false},"excerpt":{"rendered":"<p>El&nbsp;Sulfato de Cobre&nbsp;para piscinas, CuSO4, es utilizado como&nbsp;alguicida en la preparaci\u00f3n de las piscinas en \u00e9poca estival. Un alguicida en un qu\u00edmico utilizado para destruir las algas (vegetales clorof\u00edlicos microsc\u00f3picos un\u00ed o pluricelulares). \u00c9stas se reproducen por divisi\u00f3n o esporulaci\u00f3n y favorecen el crecimiento de microorganismos como las bacterias y los hongos. Pr\u00e1cticamente todas las [&hellip;]<\/p>\n","protected":false},"author":1,"featured_media":0,"parent":32602,"menu_order":0,"comment_status":"open","ping_status":"closed","template":"","meta":{"_acf_changed":false,"site-sidebar-layout":"default","site-content-layout":"default","ast-site-content-layout":"default","site-content-style":"default","site-sidebar-style":"default","ast-global-header-display":"","ast-banner-title-visibility":"","ast-main-header-display":"","ast-hfb-above-header-display":"","ast-hfb-below-header-display":"","ast-hfb-mobile-header-display":"","site-post-title":"","ast-breadcrumbs-content":"","ast-featured-img":"","footer-sml-layout":"","ast-disable-related-posts":"","theme-transparent-header-meta":"default","adv-header-id-meta":"","stick-header-meta":"default","header-above-stick-meta":"","header-main-stick-meta":"","header-below-stick-meta":"","astra-migrate-meta-layouts":"default","ast-page-background-enabled":"default","ast-page-background-meta":{"desktop":{"background-color":"var(--ast-global-color-4)","background-image":"","background-repeat":"repeat","background-position":"center center","background-size":"auto","background-attachment":"scroll","background-type":"","background-media":"","overlay-type":"","overlay-color":"","overlay-opacity":"","overlay-gradient":""},"tablet":{"background-color":"","background-image":"","background-repeat":"repeat","background-position":"center center","background-size":"auto","background-attachment":"scroll","background-type":"","background-media":"","overlay-type":"","overlay-color":"","overlay-opacity":"","overlay-gradient":""},"mobile":{"background-color":"","background-image":"","background-repeat":"repeat","background-position":"center center","background-size":"auto","background-attachment":"scroll","background-type":"","background-media":"","overlay-type":"","overlay-color":"","overlay-opacity":"","overlay-gradient":""}},"ast-content-background-meta":{"desktop":{"background-color":"var(--ast-global-color-5)","background-image":"","background-repeat":"repeat","background-position":"center center","background-size":"auto","background-attachment":"scroll","background-type":"","background-media":"","overlay-type":"","overlay-color":"","overlay-opacity":"","overlay-gradient":""},"tablet":{"background-color":"var(--ast-global-color-5)","background-image":"","background-repeat":"repeat","background-position":"center center","background-size":"auto","background-attachment":"scroll","background-type":"","background-media":"","overlay-type":"","overlay-color":"","overlay-opacity":"","overlay-gradient":""},"mobile":{"background-color":"var(--ast-global-color-5)","background-image":"","background-repeat":"repeat","background-position":"center center","background-size":"auto","background-attachment":"scroll","background-type":"","background-media":"","overlay-type":"","overlay-color":"","overlay-opacity":"","overlay-gradient":""}},"footnotes":""},"class_list":["post-9992","page","type-page","status-publish","hentry"],"acf":[],"yoast_head":"<!-- This site is optimized with the Yoast SEO Premium plugin v27.1 (Yoast SEO v27.1.1) - https:\/\/yoast.com\/product\/yoast-seo-premium-wordpress\/ -->\n<title>Sulfato de Cobre: Uso en Piscinas y Comprar - Alquera.com<\/title>\n<meta name=\"description\" content=\"ENV\u00cdOS EN 24\/48H - El sulfato de cobre es un producto que actua como excelente alguicida para piscinas. Ver c\u00f3mo aplicar el sulfato de cobre\" \/>\n<meta name=\"robots\" content=\"index, follow, max-snippet:-1, max-image-preview:large, max-video-preview:-1\" \/>\n<link rel=\"canonical\" href=\"https:\/\/www.alquera.com\/it\/sulfato-de-cobre\/piscinas\/\" \/>\n<meta property=\"og:locale\" content=\"it_IT\" \/>\n<meta property=\"og:type\" content=\"article\" \/>\n<meta property=\"og:title\" content=\"Sulfato de Cobre Piscinas\" \/>\n<meta property=\"og:description\" content=\"ENV\u00cdOS EN 24\/48H - El sulfato de cobre es un producto que actua como excelente alguicida para piscinas. Ver c\u00f3mo aplicar el sulfato de cobre\" \/>\n<meta property=\"og:url\" content=\"https:\/\/www.alquera.com\/it\/sulfato-de-cobre\/piscinas\/\" \/>\n<meta property=\"og:site_name\" content=\"Alquera.com\" \/>\n<meta property=\"article:publisher\" content=\"https:\/\/www.facebook.com\/alqueraciencia\" \/>\n<meta property=\"article:modified_time\" content=\"2024-02-15T10:52:37+00:00\" \/>\n<meta property=\"og:image\" content=\"https:\/\/www.alquera.com\/wp-content\/uploads\/2021\/03\/piscina-agua-ALGAS.png\" \/>\n<meta name=\"twitter:card\" content=\"summary_large_image\" \/>\n<meta name=\"twitter:label1\" content=\"Tempo di lettura stimato\" \/>\n\t<meta name=\"twitter:data1\" content=\"4 minuti\" \/>\n<script type=\"application\/ld+json\" class=\"yoast-schema-graph\">{\"@context\":\"https:\/\/schema.org\",\"@graph\":[{\"@type\":\"WebPage\",\"@id\":\"https:\/\/www.alquera.com\/sulfato-de-cobre\/piscinas\/\",\"url\":\"https:\/\/www.alquera.com\/sulfato-de-cobre\/piscinas\/\",\"name\":\"Sulfato de Cobre: Uso en Piscinas y Comprar - Alquera.com\",\"isPartOf\":{\"@id\":\"https:\/\/www.alquera.com\/en\/#website\"},\"primaryImageOfPage\":{\"@id\":\"https:\/\/www.alquera.com\/sulfato-de-cobre\/piscinas\/#primaryimage\"},\"image\":{\"@id\":\"https:\/\/www.alquera.com\/sulfato-de-cobre\/piscinas\/#primaryimage\"},\"thumbnailUrl\":\"https:\/\/www.alquera.com\/wp-content\/uploads\/2021\/03\/piscina-agua-ALGAS.png\",\"datePublished\":\"2020-11-06T16:09:50+00:00\",\"dateModified\":\"2024-02-15T10:52:37+00:00\",\"description\":\"ENV\u00cdOS EN 24\/48H - El sulfato de cobre es un producto que actua como excelente alguicida para piscinas. Ver c\u00f3mo aplicar el sulfato de cobre\",\"breadcrumb\":{\"@id\":\"https:\/\/www.alquera.com\/sulfato-de-cobre\/piscinas\/#breadcrumb\"},\"inLanguage\":\"it-IT\",\"potentialAction\":[{\"@type\":\"ReadAction\",\"target\":[\"https:\/\/www.alquera.com\/sulfato-de-cobre\/piscinas\/\"]}]},{\"@type\":\"ImageObject\",\"inLanguage\":\"it-IT\",\"@id\":\"https:\/\/www.alquera.com\/sulfato-de-cobre\/piscinas\/#primaryimage\",\"url\":\"https:\/\/www.alquera.com\/wp-content\/uploads\/2021\/03\/piscina-agua-ALGAS.png\",\"contentUrl\":\"https:\/\/www.alquera.com\/wp-content\/uploads\/2021\/03\/piscina-agua-ALGAS.png\"},{\"@type\":\"BreadcrumbList\",\"@id\":\"https:\/\/www.alquera.com\/sulfato-de-cobre\/piscinas\/#breadcrumb\",\"itemListElement\":[{\"@type\":\"ListItem\",\"position\":1,\"name\":\"Inicio\",\"item\":\"https:\/\/www.alquera.com\/\"},{\"@type\":\"ListItem\",\"position\":2,\"name\":\"Sulfato de Cobre\",\"item\":\"https:\/\/www.alquera.com\/sulfato-de-cobre\/\"},{\"@type\":\"ListItem\",\"position\":3,\"name\":\"Sulfato de Cobre Piscinas\"}]},{\"@type\":\"WebSite\",\"@id\":\"https:\/\/www.alquera.com\/en\/#website\",\"url\":\"https:\/\/www.alquera.com\/en\/\",\"name\":\"Alquera.com\",\"description\":\"Tienda Online Productos Qu\u00edmicos y Material de Laboratorio\",\"publisher\":{\"@id\":\"https:\/\/www.alquera.com\/en\/#organization\"},\"potentialAction\":[{\"@type\":\"SearchAction\",\"target\":{\"@type\":\"EntryPoint\",\"urlTemplate\":\"https:\/\/www.alquera.com\/en\/?s={search_term_string}\"},\"query-input\":{\"@type\":\"PropertyValueSpecification\",\"valueRequired\":true,\"valueName\":\"search_term_string\"}}],\"inLanguage\":\"it-IT\"},{\"@type\":\"Organization\",\"@id\":\"https:\/\/www.alquera.com\/en\/#organization\",\"name\":\"ALQUERA CIENCIA SL\",\"url\":\"https:\/\/www.alquera.com\/en\/\",\"logo\":{\"@type\":\"ImageObject\",\"inLanguage\":\"it-IT\",\"@id\":\"https:\/\/www.alquera.com\/en\/#\/schema\/logo\/image\/\",\"url\":\"https:\/\/www.alquera.com\/wp-content\/uploads\/2020\/11\/logo_300_ancho.png\",\"contentUrl\":\"https:\/\/www.alquera.com\/wp-content\/uploads\/2020\/11\/logo_300_ancho.png\",\"width\":300,\"height\":86,\"caption\":\"ALQUERA CIENCIA SL\"},\"image\":{\"@id\":\"https:\/\/www.alquera.com\/en\/#\/schema\/logo\/image\/\"},\"sameAs\":[\"https:\/\/www.facebook.com\/alqueraciencia\",\"https:\/\/www.instagram.com\/alquera_ciencia\/\",\"https:\/\/www.youtube.com\/c\/alquera\"]}]}<\/script>\n<!-- \/ Yoast SEO Premium plugin. -->","yoast_head_json":{"title":"Solfato di rame: Uso nelle piscine e acquisto - Alquera.com","description":"SPEDIZIONE IN 24\/48H - Il solfato di rame \u00e8 un prodotto che agisce come ottimo alghicida per le piscine. Scopri come applicare il solfato di rame","robots":{"index":"index","follow":"follow","max-snippet":"max-snippet:-1","max-image-preview":"max-image-preview:large","max-video-preview":"max-video-preview:-1"},"canonical":"https:\/\/www.alquera.com\/it\/sulfato-de-cobre\/piscinas\/","og_locale":"it_IT","og_type":"article","og_title":"Sulfato de Cobre Piscinas","og_description":"ENV\u00cdOS EN 24\/48H - El sulfato de cobre es un producto que actua como excelente alguicida para piscinas. Ver c\u00f3mo aplicar el sulfato de cobre","og_url":"https:\/\/www.alquera.com\/it\/sulfato-de-cobre\/piscinas\/","og_site_name":"Alquera.com","article_publisher":"https:\/\/www.facebook.com\/alqueraciencia","article_modified_time":"2024-02-15T10:52:37+00:00","og_image":[{"url":"https:\/\/www.alquera.com\/wp-content\/uploads\/2021\/03\/piscina-agua-ALGAS.png","type":"","width":"","height":""}],"twitter_card":"summary_large_image","twitter_misc":{"Tempo di lettura stimato":"4 minuti"},"schema":{"@context":"https:\/\/schema.org","@graph":[{"@type":"WebPage","@id":"https:\/\/www.alquera.com\/sulfato-de-cobre\/piscinas\/","url":"https:\/\/www.alquera.com\/sulfato-de-cobre\/piscinas\/","name":"Solfato di rame: Uso nelle piscine e acquisto - Alquera.com","isPartOf":{"@id":"https:\/\/www.alquera.com\/en\/#website"},"primaryImageOfPage":{"@id":"https:\/\/www.alquera.com\/sulfato-de-cobre\/piscinas\/#primaryimage"},"image":{"@id":"https:\/\/www.alquera.com\/sulfato-de-cobre\/piscinas\/#primaryimage"},"thumbnailUrl":"https:\/\/www.alquera.com\/wp-content\/uploads\/2021\/03\/piscina-agua-ALGAS.png","datePublished":"2020-11-06T16:09:50+00:00","dateModified":"2024-02-15T10:52:37+00:00","description":"SPEDIZIONE IN 24\/48H - Il solfato di rame \u00e8 un prodotto che agisce come ottimo alghicida per le piscine. Scopri come applicare il solfato di rame","breadcrumb":{"@id":"https:\/\/www.alquera.com\/sulfato-de-cobre\/piscinas\/#breadcrumb"},"inLanguage":"it-IT","potentialAction":[{"@type":"ReadAction","target":["https:\/\/www.alquera.com\/sulfato-de-cobre\/piscinas\/"]}]},{"@type":"ImageObject","inLanguage":"it-IT","@id":"https:\/\/www.alquera.com\/sulfato-de-cobre\/piscinas\/#primaryimage","url":"https:\/\/www.alquera.com\/wp-content\/uploads\/2021\/03\/piscina-agua-ALGAS.png","contentUrl":"https:\/\/www.alquera.com\/wp-content\/uploads\/2021\/03\/piscina-agua-ALGAS.png"},{"@type":"BreadcrumbList","@id":"https:\/\/www.alquera.com\/sulfato-de-cobre\/piscinas\/#breadcrumb","itemListElement":[{"@type":"ListItem","position":1,"name":"Inicio","item":"https:\/\/www.alquera.com\/"},{"@type":"ListItem","position":2,"name":"Sulfato de Cobre","item":"https:\/\/www.alquera.com\/sulfato-de-cobre\/"},{"@type":"ListItem","position":3,"name":"Sulfato de Cobre Piscinas"}]},{"@type":"WebSite","@id":"https:\/\/www.alquera.com\/en\/#website","url":"https:\/\/www.alquera.com\/en\/","name":"Alquera.com","description":"Negozio online di prodotti chimici e forniture di laboratorio","publisher":{"@id":"https:\/\/www.alquera.com\/en\/#organization"},"potentialAction":[{"@type":"SearchAction","target":{"@type":"EntryPoint","urlTemplate":"https:\/\/www.alquera.com\/en\/?s={search_term_string}"},"query-input":{"@type":"PropertyValueSpecification","valueRequired":true,"valueName":"search_term_string"}}],"inLanguage":"it-IT"},{"@type":"Organization","@id":"https:\/\/www.alquera.com\/en\/#organization","name":"ALQUERA CIENCIA SL","url":"https:\/\/www.alquera.com\/en\/","logo":{"@type":"ImageObject","inLanguage":"it-IT","@id":"https:\/\/www.alquera.com\/en\/#\/schema\/logo\/image\/","url":"https:\/\/www.alquera.com\/wp-content\/uploads\/2020\/11\/logo_300_ancho.png","contentUrl":"https:\/\/www.alquera.com\/wp-content\/uploads\/2020\/11\/logo_300_ancho.png","width":300,"height":86,"caption":"ALQUERA CIENCIA SL"},"image":{"@id":"https:\/\/www.alquera.com\/en\/#\/schema\/logo\/image\/"},"sameAs":["https:\/\/www.facebook.com\/alqueraciencia","https:\/\/www.instagram.com\/alquera_ciencia\/","https:\/\/www.youtube.com\/c\/alquera"]}]}},"_links":{"self":[{"href":"https:\/\/www.alquera.com\/it\/wp-json\/wp\/v2\/pages\/9992","targetHints":{"allow":["GET"]}}],"collection":[{"href":"https:\/\/www.alquera.com\/it\/wp-json\/wp\/v2\/pages"}],"about":[{"href":"https:\/\/www.alquera.com\/it\/wp-json\/wp\/v2\/types\/page"}],"author":[{"embeddable":true,"href":"https:\/\/www.alquera.com\/it\/wp-json\/wp\/v2\/users\/1"}],"replies":[{"embeddable":true,"href":"https:\/\/www.alquera.com\/it\/wp-json\/wp\/v2\/comments?post=9992"}],"version-history":[{"count":26,"href":"https:\/\/www.alquera.com\/it\/wp-json\/wp\/v2\/pages\/9992\/revisions"}],"predecessor-version":[{"id":46316,"href":"https:\/\/www.alquera.com\/it\/wp-json\/wp\/v2\/pages\/9992\/revisions\/46316"}],"up":[{"embeddable":true,"href":"https:\/\/www.alquera.com\/it\/wp-json\/wp\/v2\/pages\/32602"}],"wp:attachment":[{"href":"https:\/\/www.alquera.com\/it\/wp-json\/wp\/v2\/media?parent=9992"}],"curies":[{"name":"wp","href":"https:\/\/api.w.org\/{rel}","templated":true}]}}