{"id":1056,"date":"2017-12-03T12:15:10","date_gmt":"2017-12-03T12:15:10","guid":{"rendered":"http:\/\/localhost\/alquera\/productos\/producto\/brilliant-blue-fcf-granular-200-gramos\/"},"modified":"2026-04-30T11:38:56","modified_gmt":"2026-04-30T11:38:56","slug":"brilliant-blue-fcf-granular","status":"publish","type":"product","link":"https:\/\/www.alquera.com\/it\/brilliant-blue-fcf-granular\/","title":{"rendered":"Blu brillante FCF"},"content":{"rendered":"<p>Il <a href=\"https:\/\/www.alquera.com\/it\/trazadores-fluorescentes\/\">traccianti fluorescenti<\/a> sono sempre pi\u00f9 utilizzati nel campo dell'idrologia. Il blu brillante FCF granulare non \u00e8 un tracciante fluorescente, tuttavia per molte applicazioni nel controllo del flusso \u00e8 molto valido in quanto \u00e8 molto visibile e crea un forte contrasto a occhio nudo. \u00c8 un colorante utilizzato anche in cosmetica e per la colorazione degli alimenti.<\/p>\n<h2>IDENTIFICAZIONE E PROPRIET\u00c0<\/h2>\n<p><strong>Nome:<\/strong> Blu brillante FCF Granulare<br \/>\n<strong>Sinonimi:<\/strong> Sulfacid blu brillante 5 J, Atracid blu FG<br \/>\n<strong>CAS:<\/strong> 3844-45-9<br \/>\n<strong>CE:\u00a0<\/strong>223-339-8<\/p>\n<ul>\n<li>Stato fisico a 20\u00baC: Solido<\/li>\n<li>Aspetto: Polveroso<\/li>\n<li>Colore: blu<\/li>\n<li>Odore: inodore<\/li>\n<li>Densit\u00e0 a 20\u00baC: 1000 kg\/m3<\/li>\n<li>pH: 4-10 (a 1%)<\/li>\n<li>Punto di fusione\/punto di congelamento: 283\u00baC<\/li>\n<li>Punto di infiammabilit\u00e0: &gt;2000\u00baC<\/li>\n<\/ul>\n<h2>USI<\/h2>\n<ul>\n<li>Tintura tessile<\/li>\n<li>Solo per utenti professionali\/industriali<\/li>\n<\/ul>\n<h2><\/h2>","protected":false},"excerpt":{"rendered":"<p>Acquistare il blu brillante FCF granulare nei formati da 20g, 200g e 1Kg. Il prezzo dei diversi formati di Blu brillante pu\u00f2 essere visualizzato quando si seleziona il formato desiderato. L'ordine viene effettuato direttamente via web seguendo i passaggi indicati e la consegna avviene in 4\/5 giorni.<\/p>","protected":false},"featured_media":8693,"comment_status":"open","ping_status":"closed","template":"","meta":{"_acf_changed":false,"site-sidebar-layout":"default","site-content-layout":"default","ast-site-content-layout":"default","site-content-style":"default","site-sidebar-style":"default","ast-global-header-display":"","ast-banner-title-visibility":"","ast-main-header-display":"","ast-hfb-above-header-display":"","ast-hfb-below-header-display":"","ast-hfb-mobile-header-display":"","site-post-title":"","ast-breadcrumbs-content":"","ast-featured-img":"","footer-sml-layout":"","ast-disable-related-posts":"","theme-transparent-header-meta":"default","adv-header-id-meta":"","stick-header-meta":"default","header-above-stick-meta":"","header-main-stick-meta":"","header-below-stick-meta":"","astra-migrate-meta-layouts":"default","ast-page-background-enabled":"default","ast-page-background-meta":{"desktop":{"background-color":"var(--ast-global-color-4)","background-image":"","background-repeat":"repeat","background-position":"center center","background-size":"auto","background-attachment":"scroll","background-type":"","background-media":"","overlay-type":"","overlay-color":"","overlay-opacity":"","overlay-gradient":""},"tablet":{"background-color":"","background-image":"","background-repeat":"repeat","background-position":"center center","background-size":"auto","background-attachment":"scroll","background-type":"","background-media":"","overlay-type":"","overlay-color":"","overlay-opacity":"","overlay-gradient":""},"mobile":{"background-color":"","background-image":"","background-repeat":"repeat","background-position":"center center","background-size":"auto","background-attachment":"scroll","background-type":"","background-media":"","overlay-type":"","overlay-color":"","overlay-opacity":"","overlay-gradient":""}},"ast-content-background-meta":{"desktop":{"background-color":"var(--ast-global-color-5)","background-image":"","background-repeat":"repeat","background-position":"center center","background-size":"auto","background-attachment":"scroll","background-type":"","background-media":"","overlay-type":"","overlay-color":"","overlay-opacity":"","overlay-gradient":""},"tablet":{"background-color":"var(--ast-global-color-5)","background-image":"","background-repeat":"repeat","background-position":"center center","background-size":"auto","background-attachment":"scroll","background-type":"","background-media":"","overlay-type":"","overlay-color":"","overlay-opacity":"","overlay-gradient":""},"mobile":{"background-color":"var(--ast-global-color-5)","background-image":"","background-repeat":"repeat","background-position":"center center","background-size":"auto","background-attachment":"scroll","background-type":"","background-media":"","overlay-type":"","overlay-color":"","overlay-opacity":"","overlay-gradient":""}}},"product_brand":[],"product_cat":[358,359,215],"product_tag":[],"class_list":{"0":"post-1056","1":"product","2":"type-product","3":"status-publish","4":"has-post-thumbnail","6":"product_cat-colorantes-alimentarios","7":"product_cat-colorantes-solubles-agua","8":"product_cat-trazadores-fluorescentes","9":"pa_cantidad-20g","10":"pa_cantidad-200g","11":"pa_cantidad-1kg","12":"desktop-align-left","13":"tablet-align-left","14":"mobile-align-left","15":"ast-product-gallery-layout-horizontal-slider","16":"ast-product-gallery-with-no-image","17":"ast-magnify-disabled","18":"ast-product-single-variable","19":"ast-product-tabs-layout-horizontal","20":"ast-qv-on-image","22":"first","23":"instock","24":"taxable","25":"shipping-taxable","26":"purchasable","27":"product-type-variable","28":"has-default-attributes"},"acf":[],"yoast_head":"<!-- This site is optimized with the Yoast SEO Premium plugin v27.1 (Yoast SEO v27.1.1) - https:\/\/yoast.com\/product\/yoast-seo-premium-wordpress\/ -->\n<title>Azul Brillante - Brilliant Blue FCF - Comprar Online - Alquera.com<\/title>\n<meta name=\"description\" content=\"Comprar Azul Brillante, Briliant Blue, colorante alimentario y trazador de color azul para control de flujo y para aplicaciones de detecci\u00f3n de fugas\" \/>\n<meta name=\"robots\" content=\"index, follow, max-snippet:-1, max-image-preview:large, max-video-preview:-1\" \/>\n<link rel=\"canonical\" href=\"https:\/\/www.alquera.com\/it\/brilliant-blue-fcf-granular\/\" \/>\n<meta property=\"og:locale\" content=\"it_IT\" \/>\n<meta property=\"og:type\" content=\"article\" \/>\n<meta property=\"og:title\" content=\"Azul Brillante - Brilliant Blue FCF: Comprar Online - Alquera.com\" \/>\n<meta property=\"og:description\" content=\"Comprar Azul Brillante, Briliant Blue, colorante alimentario y trazador de color azul para control de flujo y para aplicaciones de detecci\u00f3n de fugas\" \/>\n<meta property=\"og:url\" content=\"https:\/\/www.alquera.com\/it\/brilliant-blue-fcf-granular\/\" \/>\n<meta property=\"og:site_name\" content=\"Alquera.com\" \/>\n<meta property=\"article:publisher\" content=\"https:\/\/www.facebook.com\/alqueraciencia\" \/>\n<meta property=\"article:modified_time\" content=\"2026-04-30T11:38:56+00:00\" \/>\n<meta property=\"og:image\" content=\"https:\/\/www.alquera.com\/wp-content\/uploads\/2017\/12\/AZUL-BRILLANTE.jpg\" \/>\n\t<meta property=\"og:image:width\" content=\"800\" \/>\n\t<meta property=\"og:image:height\" content=\"800\" \/>\n\t<meta property=\"og:image:type\" content=\"image\/jpeg\" \/>\n<meta name=\"twitter:card\" content=\"summary_large_image\" \/>\n<meta name=\"twitter:label1\" content=\"Disponibilit\u00e0\" \/>\n\t<meta name=\"twitter:data1\" content=\"In stock\" \/>\n<script type=\"application\/ld+json\" class=\"yoast-schema-graph\">{\"@context\":\"https:\/\/schema.org\",\"@graph\":[{\"@type\":[\"WebPage\",\"ItemPage\"],\"@id\":\"https:\/\/www.alquera.com\/brilliant-blue-fcf-granular\/\",\"url\":\"https:\/\/www.alquera.com\/brilliant-blue-fcf-granular\/\",\"name\":\"Azul Brillante - Brilliant Blue FCF - Comprar Online - Alquera.com\",\"isPartOf\":{\"@id\":\"https:\/\/www.alquera.com\/en\/#website\"},\"primaryImageOfPage\":{\"@id\":\"https:\/\/www.alquera.com\/brilliant-blue-fcf-granular\/#primaryimage\"},\"image\":{\"@id\":\"https:\/\/www.alquera.com\/brilliant-blue-fcf-granular\/#primaryimage\"},\"thumbnailUrl\":\"https:\/\/www.alquera.com\/wp-content\/uploads\/2017\/12\/AZUL-BRILLANTE.jpg\",\"datePublished\":\"2017-12-03T12:15:10+00:00\",\"dateModified\":\"2026-04-30T11:38:56+00:00\",\"description\":\"Comprar Azul Brillante, Briliant Blue, colorante alimentario y trazador de color azul para control de flujo y para aplicaciones de detecci\u00f3n de fugas\",\"breadcrumb\":{\"@id\":\"https:\/\/www.alquera.com\/brilliant-blue-fcf-granular\/#breadcrumb\"},\"inLanguage\":\"it-IT\",\"potentialAction\":[{\"@type\":\"ReadAction\",\"target\":[\"https:\/\/www.alquera.com\/brilliant-blue-fcf-granular\/\"]}]},{\"@type\":\"ImageObject\",\"inLanguage\":\"it-IT\",\"@id\":\"https:\/\/www.alquera.com\/brilliant-blue-fcf-granular\/#primaryimage\",\"url\":\"https:\/\/www.alquera.com\/wp-content\/uploads\/2017\/12\/AZUL-BRILLANTE.jpg\",\"contentUrl\":\"https:\/\/www.alquera.com\/wp-content\/uploads\/2017\/12\/AZUL-BRILLANTE.jpg\",\"width\":800,\"height\":800,\"caption\":\"Brilliant blue FCF Granular\"},{\"@type\":\"BreadcrumbList\",\"@id\":\"https:\/\/www.alquera.com\/brilliant-blue-fcf-granular\/#breadcrumb\",\"itemListElement\":[{\"@type\":\"ListItem\",\"position\":1,\"name\":\"Inicio\",\"item\":\"https:\/\/www.alquera.com\/\"},{\"@type\":\"ListItem\",\"position\":2,\"name\":\"Alquera.com: Tienda Online de Productos Qu\u00edmicos y Material de Laboratorio\",\"item\":\"https:\/\/www.alquera.com\/en\/tienda\/\"},{\"@type\":\"ListItem\",\"position\":3,\"name\":\"Azul Brillante &#8211; Brilliant Blue FCF\"}]},{\"@type\":\"WebSite\",\"@id\":\"https:\/\/www.alquera.com\/en\/#website\",\"url\":\"https:\/\/www.alquera.com\/en\/\",\"name\":\"Alquera.com\",\"description\":\"Tienda Online Productos Qu\u00edmicos y Material de Laboratorio\",\"publisher\":{\"@id\":\"https:\/\/www.alquera.com\/en\/#organization\"},\"potentialAction\":[{\"@type\":\"SearchAction\",\"target\":{\"@type\":\"EntryPoint\",\"urlTemplate\":\"https:\/\/www.alquera.com\/en\/?s={search_term_string}\"},\"query-input\":{\"@type\":\"PropertyValueSpecification\",\"valueRequired\":true,\"valueName\":\"search_term_string\"}}],\"inLanguage\":\"it-IT\"},{\"@type\":\"Organization\",\"@id\":\"https:\/\/www.alquera.com\/en\/#organization\",\"name\":\"ALQUERA CIENCIA SL\",\"url\":\"https:\/\/www.alquera.com\/en\/\",\"logo\":{\"@type\":\"ImageObject\",\"inLanguage\":\"it-IT\",\"@id\":\"https:\/\/www.alquera.com\/en\/#\/schema\/logo\/image\/\",\"url\":\"https:\/\/www.alquera.com\/wp-content\/uploads\/2020\/11\/logo_300_ancho.png\",\"contentUrl\":\"https:\/\/www.alquera.com\/wp-content\/uploads\/2020\/11\/logo_300_ancho.png\",\"width\":300,\"height\":86,\"caption\":\"ALQUERA CIENCIA SL\"},\"image\":{\"@id\":\"https:\/\/www.alquera.com\/en\/#\/schema\/logo\/image\/\"},\"sameAs\":[\"https:\/\/www.facebook.com\/alqueraciencia\",\"https:\/\/www.instagram.com\/alquera_ciencia\/\",\"https:\/\/www.youtube.com\/c\/alquera\"]}]}<\/script>\n<meta property=\"og:availability\" content=\"instock\" \/>\n<meta property=\"product:availability\" content=\"instock\" \/>\n<meta property=\"product:condition\" content=\"new\" \/>\n<!-- \/ Yoast SEO Premium plugin. -->","yoast_head_json":{"title":"Brilliant Blue - Brilliant Blue FCF - Acquista online - Alquera.com","description":"Acquistate Briliant Blue, colorante alimentare e tracciante blu per applicazioni di controllo del flusso e rilevamento delle perdite.","robots":{"index":"index","follow":"follow","max-snippet":"max-snippet:-1","max-image-preview":"max-image-preview:large","max-video-preview":"max-video-preview:-1"},"canonical":"https:\/\/www.alquera.com\/it\/brilliant-blue-fcf-granular\/","og_locale":"it_IT","og_type":"article","og_title":"Azul Brillante - Brilliant Blue FCF: Comprar Online - Alquera.com","og_description":"Comprar Azul Brillante, Briliant Blue, colorante alimentario y trazador de color azul para control de flujo y para aplicaciones de detecci\u00f3n de fugas","og_url":"https:\/\/www.alquera.com\/it\/brilliant-blue-fcf-granular\/","og_site_name":"Alquera.com","article_publisher":"https:\/\/www.facebook.com\/alqueraciencia","article_modified_time":"2026-04-30T11:38:56+00:00","og_image":[{"width":800,"height":800,"url":"https:\/\/www.alquera.com\/wp-content\/uploads\/2017\/12\/AZUL-BRILLANTE.jpg","type":"image\/jpeg"}],"twitter_card":"summary_large_image","twitter_misc":{"Disponibilit\u00e0":"In stock"},"schema":{"@context":"https:\/\/schema.org","@graph":[{"@type":["WebPage","ItemPage"],"@id":"https:\/\/www.alquera.com\/brilliant-blue-fcf-granular\/","url":"https:\/\/www.alquera.com\/brilliant-blue-fcf-granular\/","name":"Brilliant Blue - Brilliant Blue FCF - Acquista online - Alquera.com","isPartOf":{"@id":"https:\/\/www.alquera.com\/en\/#website"},"primaryImageOfPage":{"@id":"https:\/\/www.alquera.com\/brilliant-blue-fcf-granular\/#primaryimage"},"image":{"@id":"https:\/\/www.alquera.com\/brilliant-blue-fcf-granular\/#primaryimage"},"thumbnailUrl":"https:\/\/www.alquera.com\/wp-content\/uploads\/2017\/12\/AZUL-BRILLANTE.jpg","datePublished":"2017-12-03T12:15:10+00:00","dateModified":"2026-04-30T11:38:56+00:00","description":"Acquistate Briliant Blue, colorante alimentare e tracciante blu per applicazioni di controllo del flusso e rilevamento delle perdite.","breadcrumb":{"@id":"https:\/\/www.alquera.com\/brilliant-blue-fcf-granular\/#breadcrumb"},"inLanguage":"it-IT","potentialAction":[{"@type":"ReadAction","target":["https:\/\/www.alquera.com\/brilliant-blue-fcf-granular\/"]}]},{"@type":"ImageObject","inLanguage":"it-IT","@id":"https:\/\/www.alquera.com\/brilliant-blue-fcf-granular\/#primaryimage","url":"https:\/\/www.alquera.com\/wp-content\/uploads\/2017\/12\/AZUL-BRILLANTE.jpg","contentUrl":"https:\/\/www.alquera.com\/wp-content\/uploads\/2017\/12\/AZUL-BRILLANTE.jpg","width":800,"height":800,"caption":"Brilliant blue FCF Granular"},{"@type":"BreadcrumbList","@id":"https:\/\/www.alquera.com\/brilliant-blue-fcf-granular\/#breadcrumb","itemListElement":[{"@type":"ListItem","position":1,"name":"Inicio","item":"https:\/\/www.alquera.com\/"},{"@type":"ListItem","position":2,"name":"Alquera.com: Tienda Online de Productos Qu\u00edmicos y Material de Laboratorio","item":"https:\/\/www.alquera.com\/en\/tienda\/"},{"@type":"ListItem","position":3,"name":"Azul Brillante &#8211; Brilliant Blue FCF"}]},{"@type":"WebSite","@id":"https:\/\/www.alquera.com\/en\/#website","url":"https:\/\/www.alquera.com\/en\/","name":"Alquera.com","description":"Negozio online di prodotti chimici e forniture di laboratorio","publisher":{"@id":"https:\/\/www.alquera.com\/en\/#organization"},"potentialAction":[{"@type":"SearchAction","target":{"@type":"EntryPoint","urlTemplate":"https:\/\/www.alquera.com\/en\/?s={search_term_string}"},"query-input":{"@type":"PropertyValueSpecification","valueRequired":true,"valueName":"search_term_string"}}],"inLanguage":"it-IT"},{"@type":"Organization","@id":"https:\/\/www.alquera.com\/en\/#organization","name":"ALQUERA CIENCIA SL","url":"https:\/\/www.alquera.com\/en\/","logo":{"@type":"ImageObject","inLanguage":"it-IT","@id":"https:\/\/www.alquera.com\/en\/#\/schema\/logo\/image\/","url":"https:\/\/www.alquera.com\/wp-content\/uploads\/2020\/11\/logo_300_ancho.png","contentUrl":"https:\/\/www.alquera.com\/wp-content\/uploads\/2020\/11\/logo_300_ancho.png","width":300,"height":86,"caption":"ALQUERA CIENCIA SL"},"image":{"@id":"https:\/\/www.alquera.com\/en\/#\/schema\/logo\/image\/"},"sameAs":["https:\/\/www.facebook.com\/alqueraciencia","https:\/\/www.instagram.com\/alquera_ciencia\/","https:\/\/www.youtube.com\/c\/alquera"]}]},"og_availability":"instock","product_availability":"instock","product_condition":"new"},"_links":{"self":[{"href":"https:\/\/www.alquera.com\/it\/wp-json\/wp\/v2\/product\/1056","targetHints":{"allow":["GET"]}}],"collection":[{"href":"https:\/\/www.alquera.com\/it\/wp-json\/wp\/v2\/product"}],"about":[{"href":"https:\/\/www.alquera.com\/it\/wp-json\/wp\/v2\/types\/product"}],"replies":[{"embeddable":true,"href":"https:\/\/www.alquera.com\/it\/wp-json\/wp\/v2\/comments?post=1056"}],"wp:featuredmedia":[{"embeddable":true,"href":"https:\/\/www.alquera.com\/it\/wp-json\/wp\/v2\/media\/8693"}],"wp:attachment":[{"href":"https:\/\/www.alquera.com\/it\/wp-json\/wp\/v2\/media?parent=1056"}],"wp:term":[{"taxonomy":"product_brand","embeddable":true,"href":"https:\/\/www.alquera.com\/it\/wp-json\/wp\/v2\/product_brand?post=1056"},{"taxonomy":"product_cat","embeddable":true,"href":"https:\/\/www.alquera.com\/it\/wp-json\/wp\/v2\/product_cat?post=1056"},{"taxonomy":"product_tag","embeddable":true,"href":"https:\/\/www.alquera.com\/it\/wp-json\/wp\/v2\/product_tag?post=1056"}],"curies":[{"name":"wp","href":"https:\/\/api.w.org\/{rel}","templated":true}]}}