{"id":1230,"date":"2019-10-30T08:38:37","date_gmt":"2019-10-30T08:38:37","guid":{"rendered":"http:\/\/localhost\/alquera\/productos\/producto\/bolas-gel-de-poliacrilamida-2\/"},"modified":"2026-02-23T16:11:52","modified_gmt":"2026-02-23T16:11:52","slug":"bolas-gel","status":"publish","type":"product","link":"https:\/\/www.alquera.com\/it\/bolas-gel\/","title":{"rendered":"Palline di gel - Idrogel"},"content":{"rendered":"<p><strong>Palline di gel secco, in grado di assorbire fino a 100 l.<\/strong> dell'acqua. Selezionare il colore tra: Trasparente, Rosso, Verde, Giallo, Arancione, Blu. \u00c8 inoltre possibile selezionare la dimensione delle palline.<\/p>\n<ul>\n<li>con 100 g si possono assorbire fino a 10 l di acqua.<\/li>\n<li>con 1 kg si possono assorbire fino a 100 litri di acqua.<\/li>\n<li>Selezionare il colore: Blu, Rosso, Verde, Giallo, Arancione, Trasparente e Multicolore.<\/li>\n<\/ul>\n<p>Queste piccole palline, le gel balls, assorbono una grande quantit\u00e0 d'acqua, trasformandosi da piccole palline dure a palline pi\u00f9 grandi e gelatinose con acqua all'interno.<\/p>\n<h2>IDENTIFICAZIONE E PROPRIET\u00c0 DELL'IDROGEL<\/h2>\n<p><strong>Nome:<\/strong> Perle di gel, perle d'acqua, perle di idrogel<br \/>\n<strong>CAS:<\/strong> 7732-18-5<\/p>\n<ul>\n<li>Forma: Granulo<\/li>\n<li>Odore: inodore<\/li>\n<li>Accensione automatica: il prodotto non si accende da solo.<\/li>\n<li>Pericolo di esplosione: Il prodotto non presenta un rischio di esplosione.<\/li>\n<li>Densit\u00e0: 1,5 g\/cm\u00b3<\/li>\n<\/ul>\n<h2>DIMENSIONI DELLE SFERE DI GEL<\/h2>\n<p>Abbiamo 3 diverse dimensioni di palline in gel. Se non siete sicuri di quale scegliere e vi servono le palline normali, queste sono le dimensioni pi\u00f9 adatte. <strong>Medio (2,5-3 mm secco)<\/strong><br \/>\nPalline piccole - 1,5-2mm secche - 0,8-1cm idratate<br \/>\nPalline medie - 2,5-3 mm secche - 1-1,5 cm idratate<br \/>\nPalline grandi - 6-8 mm secche - 3,5-4,5 cm idratate<\/p>\n<p>In questa immagine \u00e8 possibile vedere un confronto di dimensioni<\/p>\n<p><img loading=\"lazy\" decoding=\"async\" class=\"alignnone wp-image-40300 size-full\" src=\"https:\/\/www.alquera.com\/wp-content\/uploads\/2019\/10\/bolas-con-medidas_-600px-1.png\" alt=\"bolas con medidas_ 600px\" width=\"800\" height=\"585\" srcset=\"https:\/\/www.alquera.com\/wp-content\/uploads\/2019\/10\/bolas-con-medidas_-600px-1.png 800w, https:\/\/www.alquera.com\/wp-content\/uploads\/2019\/10\/bolas-con-medidas_-600px-1-300x219.png 300w, https:\/\/www.alquera.com\/wp-content\/uploads\/2019\/10\/bolas-con-medidas_-600px-1-1024x749.png 1024w, https:\/\/www.alquera.com\/wp-content\/uploads\/2019\/10\/bolas-con-medidas_-600px-1-768x561.png 768w, https:\/\/www.alquera.com\/wp-content\/uploads\/2019\/10\/bolas-con-medidas_-600px-1-16x12.png 16w, https:\/\/www.alquera.com\/wp-content\/uploads\/2019\/10\/bolas-con-medidas_-600px-1-600x439.png 600w\" sizes=\"auto, (max-width: 800px) 100vw, 800px\" \/><\/p>\n<h2>TEMPO DI ASSORBIMENTO<\/h2>\n<p>Pi\u00f9 piccole sono le dimensioni, meno tempo ci vorr\u00e0 per assorbire l'acqua. Per le palline di 1,5-2 mm in 2-3 ore si pu\u00f2 avere l'idratazione, per quelle di 2,5-3 mm in 4-5 ore. Per le palline di 6-8 mm sono necessarie almeno 10 ore per raggiungere i 30 mm e fino a 48 ore per raggiungere i 50 mm.<\/p>\n<h2>USI DELLE PALLINE DI GEL<\/h2>\n<p>Vengono utilizzate come esperimento divertente per i bambini, per la decorazione e anche per il giardinaggio, poich\u00e9 una volta assorbita l'acqua la rilasciano gradualmente, il che le rende molto utili per la manutenzione delle piante.<\/p>\n<div class=\"ast-oembed-container\" style=\"height: 100%;\"><iframe loading=\"lazy\" title=\"Palline di gel. Idrogel. Per la decorazione delle piante.\" width=\"500\" height=\"281\" src=\"https:\/\/www.youtube.com\/embed\/1e8zCAhkcuY?start=7&#038;feature=oembed\" frameborder=\"0\" allow=\"accelerometer; autoplay; clipboard-write; encrypted-media; gyroscope; picture-in-picture; web-share\" referrerpolicy=\"strict-origin-when-cross-origin\" allowfullscreen><\/iframe><\/div>\n<div class=\"container-youtube\"><\/div>\n<div>Colori: palline blu, rosse, verdi, gialle, arancioni, trasparenti e multicolori.<\/div>","protected":false},"excerpt":{"rendered":"<p>Acquista le perle di gel da Alquera. Chiamate anche perle d'acqua o perle d'acqua. Le perle di gel, il cui componente di base \u00e8 il <a href=\"http:\/\/www.alquera.com\/it\/hidrogel\/\">idrogel <\/a>o il <a href=\"http:\/\/www.alquera.com\/it\/poliacrilato-de-potasio\/\">poliacrilato di potassio<\/a>Le palline sono un materiale molto utilizzato per la decorazione dei vasi, ma svolgono anche una funzione molto importante per le piante, in quanto sono polimeri superassorbenti che, una volta assorbita l'acqua, la rilasciano in base al fabbisogno idrico delle piante. Riceverete molte pi\u00f9 perline rispetto alle immagini: per 100 g avrete fino a 10 l di perline e per 1 kg fino a 100 l di perline.<\/p>","protected":false},"featured_media":55540,"comment_status":"open","ping_status":"closed","template":"","meta":{"_acf_changed":false,"site-sidebar-layout":"default","site-content-layout":"default","ast-site-content-layout":"default","site-content-style":"default","site-sidebar-style":"default","ast-global-header-display":"","ast-banner-title-visibility":"","ast-main-header-display":"","ast-hfb-above-header-display":"","ast-hfb-below-header-display":"","ast-hfb-mobile-header-display":"","site-post-title":"","ast-breadcrumbs-content":"","ast-featured-img":"","footer-sml-layout":"","ast-disable-related-posts":"","theme-transparent-header-meta":"default","adv-header-id-meta":"","stick-header-meta":"default","header-above-stick-meta":"","header-main-stick-meta":"","header-below-stick-meta":"","astra-migrate-meta-layouts":"set","ast-page-background-enabled":"default","ast-page-background-meta":{"desktop":{"background-color":"var(--ast-global-color-4)","background-image":"","background-repeat":"repeat","background-position":"center center","background-size":"auto","background-attachment":"scroll","background-type":"","background-media":"","overlay-type":"","overlay-color":"","overlay-opacity":"","overlay-gradient":""},"tablet":{"background-color":"","background-image":"","background-repeat":"repeat","background-position":"center center","background-size":"auto","background-attachment":"scroll","background-type":"","background-media":"","overlay-type":"","overlay-color":"","overlay-opacity":"","overlay-gradient":""},"mobile":{"background-color":"","background-image":"","background-repeat":"repeat","background-position":"center center","background-size":"auto","background-attachment":"scroll","background-type":"","background-media":"","overlay-type":"","overlay-color":"","overlay-opacity":"","overlay-gradient":""}},"ast-content-background-meta":{"desktop":{"background-color":"var(--ast-global-color-5)","background-image":"","background-repeat":"repeat","background-position":"center center","background-size":"auto","background-attachment":"scroll","background-type":"","background-media":"","overlay-type":"","overlay-color":"","overlay-opacity":"","overlay-gradient":""},"tablet":{"background-color":"var(--ast-global-color-5)","background-image":"","background-repeat":"repeat","background-position":"center center","background-size":"auto","background-attachment":"scroll","background-type":"","background-media":"","overlay-type":"","overlay-color":"","overlay-opacity":"","overlay-gradient":""},"mobile":{"background-color":"var(--ast-global-color-5)","background-image":"","background-repeat":"repeat","background-position":"center center","background-size":"auto","background-attachment":"scroll","background-type":"","background-media":"","overlay-type":"","overlay-color":"","overlay-opacity":"","overlay-gradient":""}}},"product_brand":[],"product_cat":[214],"product_tag":[],"class_list":{"0":"post-1230","1":"product","2":"type-product","3":"status-publish","4":"has-post-thumbnail","6":"product_cat-polimeros-super-absorbentes","7":"pa_cantidad-100g","8":"pa_cantidad-1kg","9":"pa_cantidad-25kg","10":"desktop-align-left","11":"tablet-align-left","12":"mobile-align-left","13":"ast-product-gallery-layout-horizontal-slider","14":"ast-magnify-disabled","15":"ast-product-single-variable","16":"ast-product-tabs-layout-horizontal","17":"ast-qv-on-image","19":"first","20":"instock","21":"taxable","22":"shipping-taxable","23":"purchasable","24":"product-type-variable","25":"has-default-attributes"},"acf":[],"yoast_head":"<!-- This site is optimized with the Yoast SEO Premium plugin v27.1 (Yoast SEO v27.1.1) - https:\/\/yoast.com\/product\/yoast-seo-premium-wordpress\/ -->\n<title>Bolas de Gel- Hidrogel: Comprar Online - Alquera.com<\/title>\n<meta name=\"description\" content=\"ENV\u00cdOS EN 24\/48H. Comprar bolas de gel en Alquera. M\u00e1xima calidad, en colores: transparente, azul, rojo, naranja, verde, amarillo.\" \/>\n<meta name=\"robots\" content=\"index, follow, max-snippet:-1, max-image-preview:large, max-video-preview:-1\" \/>\n<link rel=\"canonical\" href=\"https:\/\/www.alquera.com\/it\/bolas-gel\/\" \/>\n<meta property=\"og:locale\" content=\"it_IT\" \/>\n<meta property=\"og:type\" content=\"article\" \/>\n<meta property=\"og:title\" content=\"Bolas Gel - Hidrogel: Comprar Online - Alquera.com\" \/>\n<meta property=\"og:description\" content=\"ENV\u00cdOS EN 24\/48H. Comprar bolas de gel en Alquera. M\u00e1xima calidad, en colores: transparente, azul, rojo, naranja, verde, amarillo.\" \/>\n<meta property=\"og:url\" content=\"https:\/\/www.alquera.com\/it\/bolas-gel\/\" \/>\n<meta property=\"og:site_name\" content=\"Alquera.com\" \/>\n<meta property=\"article:publisher\" content=\"https:\/\/www.facebook.com\/alqueraciencia\" \/>\n<meta property=\"article:modified_time\" content=\"2026-02-23T16:11:52+00:00\" \/>\n<meta property=\"og:image\" content=\"https:\/\/www.alquera.com\/wp-content\/uploads\/2019\/10\/BOLAS-DE-GEL-ALQUERA.png\" \/>\n\t<meta property=\"og:image:width\" content=\"600\" \/>\n\t<meta property=\"og:image:height\" content=\"600\" \/>\n\t<meta property=\"og:image:type\" content=\"image\/png\" \/>\n<meta name=\"twitter:card\" content=\"summary_large_image\" \/>\n<meta name=\"twitter:label1\" content=\"Disponibilit\u00e0\" \/>\n\t<meta name=\"twitter:data1\" content=\"In stock\" \/>\n<script type=\"application\/ld+json\" class=\"yoast-schema-graph\">{\"@context\":\"https:\/\/schema.org\",\"@graph\":[{\"@type\":[\"WebPage\",\"ItemPage\"],\"@id\":\"https:\/\/www.alquera.com\/bolas-gel\/\",\"url\":\"https:\/\/www.alquera.com\/bolas-gel\/\",\"name\":\"Bolas de Gel- Hidrogel: Comprar Online - Alquera.com\",\"isPartOf\":{\"@id\":\"https:\/\/www.alquera.com\/en\/#website\"},\"primaryImageOfPage\":{\"@id\":\"https:\/\/www.alquera.com\/bolas-gel\/#primaryimage\"},\"image\":{\"@id\":\"https:\/\/www.alquera.com\/bolas-gel\/#primaryimage\"},\"thumbnailUrl\":\"https:\/\/www.alquera.com\/wp-content\/uploads\/2019\/10\/BOLAS-DE-GEL-ALQUERA.png\",\"datePublished\":\"2019-10-30T08:38:37+00:00\",\"dateModified\":\"2026-02-23T16:11:52+00:00\",\"description\":\"ENV\u00cdOS EN 24\/48H. Comprar bolas de gel en Alquera. M\u00e1xima calidad, en colores: transparente, azul, rojo, naranja, verde, amarillo.\",\"breadcrumb\":{\"@id\":\"https:\/\/www.alquera.com\/bolas-gel\/#breadcrumb\"},\"inLanguage\":\"it-IT\",\"potentialAction\":[{\"@type\":\"ReadAction\",\"target\":[\"https:\/\/www.alquera.com\/bolas-gel\/\"]}]},{\"@type\":\"ImageObject\",\"inLanguage\":\"it-IT\",\"@id\":\"https:\/\/www.alquera.com\/bolas-gel\/#primaryimage\",\"url\":\"https:\/\/www.alquera.com\/wp-content\/uploads\/2019\/10\/BOLAS-DE-GEL-ALQUERA.png\",\"contentUrl\":\"https:\/\/www.alquera.com\/wp-content\/uploads\/2019\/10\/BOLAS-DE-GEL-ALQUERA.png\",\"width\":600,\"height\":600,\"caption\":\"BOLAS DE GEL\"},{\"@type\":\"BreadcrumbList\",\"@id\":\"https:\/\/www.alquera.com\/bolas-gel\/#breadcrumb\",\"itemListElement\":[{\"@type\":\"ListItem\",\"position\":1,\"name\":\"Inicio\",\"item\":\"https:\/\/www.alquera.com\/\"},{\"@type\":\"ListItem\",\"position\":2,\"name\":\"Alquera.com: Tienda Online de Productos Qu\u00edmicos y Material de Laboratorio\",\"item\":\"https:\/\/www.alquera.com\/en\/tienda\/\"},{\"@type\":\"ListItem\",\"position\":3,\"name\":\"Bolas Gel &#8211; Hidrogel\"}]},{\"@type\":\"WebSite\",\"@id\":\"https:\/\/www.alquera.com\/en\/#website\",\"url\":\"https:\/\/www.alquera.com\/en\/\",\"name\":\"Alquera.com\",\"description\":\"Tienda Online Productos Qu\u00edmicos y Material de Laboratorio\",\"publisher\":{\"@id\":\"https:\/\/www.alquera.com\/en\/#organization\"},\"potentialAction\":[{\"@type\":\"SearchAction\",\"target\":{\"@type\":\"EntryPoint\",\"urlTemplate\":\"https:\/\/www.alquera.com\/en\/?s={search_term_string}\"},\"query-input\":{\"@type\":\"PropertyValueSpecification\",\"valueRequired\":true,\"valueName\":\"search_term_string\"}}],\"inLanguage\":\"it-IT\"},{\"@type\":\"Organization\",\"@id\":\"https:\/\/www.alquera.com\/en\/#organization\",\"name\":\"ALQUERA CIENCIA SL\",\"url\":\"https:\/\/www.alquera.com\/en\/\",\"logo\":{\"@type\":\"ImageObject\",\"inLanguage\":\"it-IT\",\"@id\":\"https:\/\/www.alquera.com\/en\/#\/schema\/logo\/image\/\",\"url\":\"https:\/\/www.alquera.com\/wp-content\/uploads\/2020\/11\/logo_300_ancho.png\",\"contentUrl\":\"https:\/\/www.alquera.com\/wp-content\/uploads\/2020\/11\/logo_300_ancho.png\",\"width\":300,\"height\":86,\"caption\":\"ALQUERA CIENCIA SL\"},\"image\":{\"@id\":\"https:\/\/www.alquera.com\/en\/#\/schema\/logo\/image\/\"},\"sameAs\":[\"https:\/\/www.facebook.com\/alqueraciencia\",\"https:\/\/www.instagram.com\/alquera_ciencia\/\",\"https:\/\/www.youtube.com\/c\/alquera\"]}]}<\/script>\n<meta property=\"og:availability\" content=\"instock\" \/>\n<meta property=\"product:availability\" content=\"instock\" \/>\n<meta property=\"product:retailer_item_id\" content=\"ALQ0030\" \/>\n<meta property=\"product:condition\" content=\"new\" \/>\n<!-- \/ Yoast SEO Premium plugin. -->","yoast_head_json":{"title":"Palline di gel idrogel: Acquistare online - Alquera.com","description":"CONSEGNA IN 24\/48 ORE. Acquistare palline di gel in Alquera. Di alta qualit\u00e0, nei colori: trasparente, blu, rosso, arancione, verde, giallo.","robots":{"index":"index","follow":"follow","max-snippet":"max-snippet:-1","max-image-preview":"max-image-preview:large","max-video-preview":"max-video-preview:-1"},"canonical":"https:\/\/www.alquera.com\/it\/bolas-gel\/","og_locale":"it_IT","og_type":"article","og_title":"Bolas Gel - Hidrogel: Comprar Online - Alquera.com","og_description":"ENV\u00cdOS EN 24\/48H. Comprar bolas de gel en Alquera. M\u00e1xima calidad, en colores: transparente, azul, rojo, naranja, verde, amarillo.","og_url":"https:\/\/www.alquera.com\/it\/bolas-gel\/","og_site_name":"Alquera.com","article_publisher":"https:\/\/www.facebook.com\/alqueraciencia","article_modified_time":"2026-02-23T16:11:52+00:00","og_image":[{"width":600,"height":600,"url":"https:\/\/www.alquera.com\/wp-content\/uploads\/2019\/10\/BOLAS-DE-GEL-ALQUERA.png","type":"image\/png"}],"twitter_card":"summary_large_image","twitter_misc":{"Disponibilit\u00e0":"In stock"},"schema":{"@context":"https:\/\/schema.org","@graph":[{"@type":["WebPage","ItemPage"],"@id":"https:\/\/www.alquera.com\/bolas-gel\/","url":"https:\/\/www.alquera.com\/bolas-gel\/","name":"Palline di gel idrogel: Acquistare online - Alquera.com","isPartOf":{"@id":"https:\/\/www.alquera.com\/en\/#website"},"primaryImageOfPage":{"@id":"https:\/\/www.alquera.com\/bolas-gel\/#primaryimage"},"image":{"@id":"https:\/\/www.alquera.com\/bolas-gel\/#primaryimage"},"thumbnailUrl":"https:\/\/www.alquera.com\/wp-content\/uploads\/2019\/10\/BOLAS-DE-GEL-ALQUERA.png","datePublished":"2019-10-30T08:38:37+00:00","dateModified":"2026-02-23T16:11:52+00:00","description":"CONSEGNA IN 24\/48 ORE. Acquistare palline di gel in Alquera. Di alta qualit\u00e0, nei colori: trasparente, blu, rosso, arancione, verde, giallo.","breadcrumb":{"@id":"https:\/\/www.alquera.com\/bolas-gel\/#breadcrumb"},"inLanguage":"it-IT","potentialAction":[{"@type":"ReadAction","target":["https:\/\/www.alquera.com\/bolas-gel\/"]}]},{"@type":"ImageObject","inLanguage":"it-IT","@id":"https:\/\/www.alquera.com\/bolas-gel\/#primaryimage","url":"https:\/\/www.alquera.com\/wp-content\/uploads\/2019\/10\/BOLAS-DE-GEL-ALQUERA.png","contentUrl":"https:\/\/www.alquera.com\/wp-content\/uploads\/2019\/10\/BOLAS-DE-GEL-ALQUERA.png","width":600,"height":600,"caption":"BOLAS DE GEL"},{"@type":"BreadcrumbList","@id":"https:\/\/www.alquera.com\/bolas-gel\/#breadcrumb","itemListElement":[{"@type":"ListItem","position":1,"name":"Inicio","item":"https:\/\/www.alquera.com\/"},{"@type":"ListItem","position":2,"name":"Alquera.com: Tienda Online de Productos Qu\u00edmicos y Material de Laboratorio","item":"https:\/\/www.alquera.com\/en\/tienda\/"},{"@type":"ListItem","position":3,"name":"Bolas Gel &#8211; Hidrogel"}]},{"@type":"WebSite","@id":"https:\/\/www.alquera.com\/en\/#website","url":"https:\/\/www.alquera.com\/en\/","name":"Alquera.com","description":"Negozio online di prodotti chimici e forniture di laboratorio","publisher":{"@id":"https:\/\/www.alquera.com\/en\/#organization"},"potentialAction":[{"@type":"SearchAction","target":{"@type":"EntryPoint","urlTemplate":"https:\/\/www.alquera.com\/en\/?s={search_term_string}"},"query-input":{"@type":"PropertyValueSpecification","valueRequired":true,"valueName":"search_term_string"}}],"inLanguage":"it-IT"},{"@type":"Organization","@id":"https:\/\/www.alquera.com\/en\/#organization","name":"ALQUERA CIENCIA SL","url":"https:\/\/www.alquera.com\/en\/","logo":{"@type":"ImageObject","inLanguage":"it-IT","@id":"https:\/\/www.alquera.com\/en\/#\/schema\/logo\/image\/","url":"https:\/\/www.alquera.com\/wp-content\/uploads\/2020\/11\/logo_300_ancho.png","contentUrl":"https:\/\/www.alquera.com\/wp-content\/uploads\/2020\/11\/logo_300_ancho.png","width":300,"height":86,"caption":"ALQUERA CIENCIA SL"},"image":{"@id":"https:\/\/www.alquera.com\/en\/#\/schema\/logo\/image\/"},"sameAs":["https:\/\/www.facebook.com\/alqueraciencia","https:\/\/www.instagram.com\/alquera_ciencia\/","https:\/\/www.youtube.com\/c\/alquera"]}]},"og_availability":"instock","product_availability":"instock","product_retailer_item_id":"ALQ0030","product_condition":"new"},"_links":{"self":[{"href":"https:\/\/www.alquera.com\/it\/wp-json\/wp\/v2\/product\/1230","targetHints":{"allow":["GET"]}}],"collection":[{"href":"https:\/\/www.alquera.com\/it\/wp-json\/wp\/v2\/product"}],"about":[{"href":"https:\/\/www.alquera.com\/it\/wp-json\/wp\/v2\/types\/product"}],"replies":[{"embeddable":true,"href":"https:\/\/www.alquera.com\/it\/wp-json\/wp\/v2\/comments?post=1230"}],"wp:featuredmedia":[{"embeddable":true,"href":"https:\/\/www.alquera.com\/it\/wp-json\/wp\/v2\/media\/55540"}],"wp:attachment":[{"href":"https:\/\/www.alquera.com\/it\/wp-json\/wp\/v2\/media?parent=1230"}],"wp:term":[{"taxonomy":"product_brand","embeddable":true,"href":"https:\/\/www.alquera.com\/it\/wp-json\/wp\/v2\/product_brand?post=1230"},{"taxonomy":"product_cat","embeddable":true,"href":"https:\/\/www.alquera.com\/it\/wp-json\/wp\/v2\/product_cat?post=1230"},{"taxonomy":"product_tag","embeddable":true,"href":"https:\/\/www.alquera.com\/it\/wp-json\/wp\/v2\/product_tag?post=1230"}],"curies":[{"name":"wp","href":"https:\/\/api.w.org\/{rel}","templated":true}]}}