{"id":1247,"date":"2020-01-16T08:46:55","date_gmt":"2020-01-16T08:46:55","guid":{"rendered":"http:\/\/localhost\/alquera\/productos\/producto\/azul-de-metileno-20g-2\/"},"modified":"2026-03-02T15:04:46","modified_gmt":"2026-03-02T15:04:46","slug":"azul-de-metileno","status":"publish","type":"product","link":"https:\/\/www.alquera.com\/it\/azul-de-metileno\/","title":{"rendered":"Blu di Metilene"},"content":{"rendered":"<p>Chiamato anche cloruro di metiltionina, \u00e8 un colorante organico con molteplici funzioni. \u00c8 noto anche come cloruro di metiltionina. Il suo impiego principale \u00e8 come colorante per uso industriale, utilizzato come vernice nella colorazione per le osservazioni al microscopio e per dipingere i risultati nei laboratori.<\/p>\n<h2>IDENTIFICAZIONE E PROPRIET\u00c0<\/h2>\n<p><strong>Nome:<\/strong> Blu di Metilene<br \/>\n<strong>Sinonimi:<\/strong> Cloruro di metiltionina<br \/>\n<strong>Formula chimica:<\/strong> C<sub>16<\/sub>H<sub>24<\/sub>ClN<sub>3<\/sub>O<sub>3<\/sub>S<br \/>\n<strong>CAS:<\/strong> 61-73-4<br \/>\n<strong>CE:<\/strong> 200-515-2<br \/>\n<strong>Concentrazione:<\/strong> 75-95%<\/p>\n<ul>\n<li>Stato fisico (20\u00baC): polvere-solido<\/li>\n<li>Colore: blu<\/li>\n<li>Odore: inodore<\/li>\n<li>Pressione di vapore: trascurabile<\/li>\n<li>Infiammabilit\u00e0: questo materiale \u00e8 combustibile, ma non facilmente infiammabile.<\/li>\n<li>Punto di fusione: &gt; 100 (180-190) \u00baC<\/li>\n<li>Temperatura di decomposizione: &gt; 190 \u00baC<\/li>\n<li>pH: 4-6 (10 g\/L, 20 \u00baC)<\/li>\n<li>Solubilit\u00e0: Solubile in acqua<\/li>\n<li>Solubilit\u00e0 in acqua: 50 g\/L (20 \u00baC) (prodotti simili)<\/li>\n<li>Densit\u00e0 di massa: 400-600 kg\/m\u00b3 (prodotti simili)<\/li>\n<\/ul>\n<h2>USI DEL BLU DI METILENE<\/h2>\n<ul>\n<li>Tintura per uso industriale<\/li>\n<\/ul>","protected":false},"excerpt":{"rendered":"<p><strong>Acquistare Blu di metilene<\/strong> ad Alquera. Il blu di metilene \u00e8 un colorante organico con molteplici funzioni. \u00c8 noto anche come cloruro di metiltionina. Disponibile anche in soluzione a 1%: <a href=\"https:\/\/www.alquera.com\/it\/azul-de-metileno-1\/\">Blu di metilene a 1%<\/a>. Si necesitas el azul de metileno para an\u00e1lisis puedes encontrar <a href=\"https:\/\/www.alquera.com\/it\/azul-de-metileno-para-analisis-panreac\/\">Azul de metileno para an\u00e1lisis de Panreac<\/a><\/p>\n<p>&nbsp;<\/p>","protected":false},"featured_media":32847,"comment_status":"open","ping_status":"closed","template":"","meta":{"_acf_changed":false,"site-sidebar-layout":"default","site-content-layout":"default","ast-site-content-layout":"default","site-content-style":"default","site-sidebar-style":"default","ast-global-header-display":"","ast-banner-title-visibility":"","ast-main-header-display":"","ast-hfb-above-header-display":"","ast-hfb-below-header-display":"","ast-hfb-mobile-header-display":"","site-post-title":"","ast-breadcrumbs-content":"","ast-featured-img":"","footer-sml-layout":"","ast-disable-related-posts":"","theme-transparent-header-meta":"default","adv-header-id-meta":"","stick-header-meta":"default","header-above-stick-meta":"","header-main-stick-meta":"","header-below-stick-meta":"","astra-migrate-meta-layouts":"set","ast-page-background-enabled":"default","ast-page-background-meta":{"desktop":{"background-color":"var(--ast-global-color-4)","background-image":"","background-repeat":"repeat","background-position":"center center","background-size":"auto","background-attachment":"scroll","background-type":"","background-media":"","overlay-type":"","overlay-color":"","overlay-opacity":"","overlay-gradient":""},"tablet":{"background-color":"","background-image":"","background-repeat":"repeat","background-position":"center center","background-size":"auto","background-attachment":"scroll","background-type":"","background-media":"","overlay-type":"","overlay-color":"","overlay-opacity":"","overlay-gradient":""},"mobile":{"background-color":"","background-image":"","background-repeat":"repeat","background-position":"center center","background-size":"auto","background-attachment":"scroll","background-type":"","background-media":"","overlay-type":"","overlay-color":"","overlay-opacity":"","overlay-gradient":""}},"ast-content-background-meta":{"desktop":{"background-color":"var(--ast-global-color-5)","background-image":"","background-repeat":"repeat","background-position":"center center","background-size":"auto","background-attachment":"scroll","background-type":"","background-media":"","overlay-type":"","overlay-color":"","overlay-opacity":"","overlay-gradient":""},"tablet":{"background-color":"var(--ast-global-color-5)","background-image":"","background-repeat":"repeat","background-position":"center center","background-size":"auto","background-attachment":"scroll","background-type":"","background-media":"","overlay-type":"","overlay-color":"","overlay-opacity":"","overlay-gradient":""},"mobile":{"background-color":"var(--ast-global-color-5)","background-image":"","background-repeat":"repeat","background-position":"center center","background-size":"auto","background-attachment":"scroll","background-type":"","background-media":"","overlay-type":"","overlay-color":"","overlay-opacity":"","overlay-gradient":""}}},"product_brand":[],"product_cat":[21],"product_tag":[],"class_list":{"0":"post-1247","1":"product","2":"type-product","3":"status-publish","4":"has-post-thumbnail","6":"product_cat-productos","7":"pa_cantidad-20g","8":"pa_cantidad-100g","9":"desktop-align-left","10":"tablet-align-left","11":"mobile-align-left","12":"ast-product-gallery-layout-horizontal-slider","13":"ast-magnify-disabled","14":"ast-product-single-variable","15":"ast-product-tabs-layout-horizontal","16":"ast-qv-on-image","18":"first","19":"instock","20":"taxable","21":"shipping-taxable","22":"purchasable","23":"product-type-variable","24":"has-default-attributes"},"acf":[],"yoast_head":"<!-- This site is optimized with the Yoast SEO Premium plugin v27.1 (Yoast SEO v27.1.1) - https:\/\/yoast.com\/product\/yoast-seo-premium-wordpress\/ -->\n<title>Azul de Metileno: Comprar Online - Alquera.com<\/title>\n<meta name=\"description\" content=\"ENV\u00cdOS EN 24\/48h. Comprar Azul de Metileno en la tienda online de Alquera. Env\u00edos en 24\/48 a toda la Pen\u00ednsula.\" \/>\n<meta name=\"robots\" content=\"index, follow, max-snippet:-1, max-image-preview:large, max-video-preview:-1\" \/>\n<link rel=\"canonical\" href=\"https:\/\/www.alquera.com\/it\/azul-de-metileno\/\" \/>\n<meta property=\"og:locale\" content=\"it_IT\" \/>\n<meta property=\"og:type\" content=\"article\" \/>\n<meta property=\"og:title\" content=\"Azul de Metileno: Comprar Online - Alquera.com\" \/>\n<meta property=\"og:description\" content=\"ENV\u00cdOS EN 24\/48h. Comprar Azul de Metileno en la tienda online de Alquera. Env\u00edos en 24\/48 a toda la Pen\u00ednsula.\" \/>\n<meta property=\"og:url\" content=\"https:\/\/www.alquera.com\/it\/azul-de-metileno\/\" \/>\n<meta property=\"og:site_name\" content=\"Alquera.com\" \/>\n<meta property=\"article:publisher\" content=\"https:\/\/www.facebook.com\/alqueraciencia\" \/>\n<meta property=\"article:modified_time\" content=\"2026-03-02T15:04:46+00:00\" \/>\n<meta property=\"og:image\" content=\"https:\/\/www.alquera.com\/wp-content\/uploads\/2020\/01\/AZUL-DE-METILENO-EN-POLVO-scaled.jpg\" \/>\n\t<meta property=\"og:image:width\" content=\"800\" \/>\n\t<meta property=\"og:image:height\" content=\"720\" \/>\n\t<meta property=\"og:image:type\" content=\"image\/jpeg\" \/>\n<meta name=\"twitter:card\" content=\"summary_large_image\" \/>\n<meta name=\"twitter:label1\" content=\"Disponibilit\u00e0\" \/>\n\t<meta name=\"twitter:data1\" content=\"In stock\" \/>\n<script type=\"application\/ld+json\" class=\"yoast-schema-graph\">{\"@context\":\"https:\/\/schema.org\",\"@graph\":[{\"@type\":[\"WebPage\",\"ItemPage\"],\"@id\":\"https:\/\/www.alquera.com\/azul-de-metileno\/\",\"url\":\"https:\/\/www.alquera.com\/azul-de-metileno\/\",\"name\":\"Azul de Metileno: Comprar Online - Alquera.com\",\"isPartOf\":{\"@id\":\"https:\/\/www.alquera.com\/en\/#website\"},\"primaryImageOfPage\":{\"@id\":\"https:\/\/www.alquera.com\/azul-de-metileno\/#primaryimage\"},\"image\":{\"@id\":\"https:\/\/www.alquera.com\/azul-de-metileno\/#primaryimage\"},\"thumbnailUrl\":\"https:\/\/www.alquera.com\/wp-content\/uploads\/2020\/01\/AZUL-DE-METILENO-EN-POLVO-scaled.jpg\",\"datePublished\":\"2020-01-16T08:46:55+00:00\",\"dateModified\":\"2026-03-02T15:04:46+00:00\",\"description\":\"ENV\u00cdOS EN 24\/48h. Comprar Azul de Metileno en la tienda online de Alquera. Env\u00edos en 24\/48 a toda la Pen\u00ednsula.\",\"breadcrumb\":{\"@id\":\"https:\/\/www.alquera.com\/azul-de-metileno\/#breadcrumb\"},\"inLanguage\":\"it-IT\",\"potentialAction\":[{\"@type\":\"ReadAction\",\"target\":[\"https:\/\/www.alquera.com\/azul-de-metileno\/\"]}]},{\"@type\":\"ImageObject\",\"inLanguage\":\"it-IT\",\"@id\":\"https:\/\/www.alquera.com\/azul-de-metileno\/#primaryimage\",\"url\":\"https:\/\/www.alquera.com\/wp-content\/uploads\/2020\/01\/AZUL-DE-METILENO-EN-POLVO-scaled.jpg\",\"contentUrl\":\"https:\/\/www.alquera.com\/wp-content\/uploads\/2020\/01\/AZUL-DE-METILENO-EN-POLVO-scaled.jpg\",\"width\":800,\"height\":720,\"caption\":\"AZUL DE METILENO EN POLVO\"},{\"@type\":\"BreadcrumbList\",\"@id\":\"https:\/\/www.alquera.com\/azul-de-metileno\/#breadcrumb\",\"itemListElement\":[{\"@type\":\"ListItem\",\"position\":1,\"name\":\"Inicio\",\"item\":\"https:\/\/www.alquera.com\/\"},{\"@type\":\"ListItem\",\"position\":2,\"name\":\"Alquera.com: Tienda Online de Productos Qu\u00edmicos y Material de Laboratorio\",\"item\":\"https:\/\/www.alquera.com\/en\/tienda\/\"},{\"@type\":\"ListItem\",\"position\":3,\"name\":\"Azul de Metileno\"}]},{\"@type\":\"WebSite\",\"@id\":\"https:\/\/www.alquera.com\/en\/#website\",\"url\":\"https:\/\/www.alquera.com\/en\/\",\"name\":\"Alquera.com\",\"description\":\"Tienda Online Productos Qu\u00edmicos y Material de Laboratorio\",\"publisher\":{\"@id\":\"https:\/\/www.alquera.com\/en\/#organization\"},\"potentialAction\":[{\"@type\":\"SearchAction\",\"target\":{\"@type\":\"EntryPoint\",\"urlTemplate\":\"https:\/\/www.alquera.com\/en\/?s={search_term_string}\"},\"query-input\":{\"@type\":\"PropertyValueSpecification\",\"valueRequired\":true,\"valueName\":\"search_term_string\"}}],\"inLanguage\":\"it-IT\"},{\"@type\":\"Organization\",\"@id\":\"https:\/\/www.alquera.com\/en\/#organization\",\"name\":\"ALQUERA CIENCIA SL\",\"url\":\"https:\/\/www.alquera.com\/en\/\",\"logo\":{\"@type\":\"ImageObject\",\"inLanguage\":\"it-IT\",\"@id\":\"https:\/\/www.alquera.com\/en\/#\/schema\/logo\/image\/\",\"url\":\"https:\/\/www.alquera.com\/wp-content\/uploads\/2020\/11\/logo_300_ancho.png\",\"contentUrl\":\"https:\/\/www.alquera.com\/wp-content\/uploads\/2020\/11\/logo_300_ancho.png\",\"width\":300,\"height\":86,\"caption\":\"ALQUERA CIENCIA SL\"},\"image\":{\"@id\":\"https:\/\/www.alquera.com\/en\/#\/schema\/logo\/image\/\"},\"sameAs\":[\"https:\/\/www.facebook.com\/alqueraciencia\",\"https:\/\/www.instagram.com\/alquera_ciencia\/\",\"https:\/\/www.youtube.com\/c\/alquera\"]}]}<\/script>\n<meta property=\"og:availability\" content=\"instock\" \/>\n<meta property=\"product:availability\" content=\"instock\" \/>\n<meta property=\"product:condition\" content=\"new\" \/>\n<!-- \/ Yoast SEO Premium plugin. -->","yoast_head_json":{"title":"Blu di metilene: Acquistare online - Alquera.com","description":"SPEDIZIONE IN 4\/5 giorni. Acquistare il blu di metilene nel negozio online di Alquera. Consegne in 24\/48 in tutta la Penisola.","robots":{"index":"index","follow":"follow","max-snippet":"max-snippet:-1","max-image-preview":"max-image-preview:large","max-video-preview":"max-video-preview:-1"},"canonical":"https:\/\/www.alquera.com\/it\/azul-de-metileno\/","og_locale":"it_IT","og_type":"article","og_title":"Azul de Metileno: Comprar Online - Alquera.com","og_description":"ENV\u00cdOS EN 24\/48h. Comprar Azul de Metileno en la tienda online de Alquera. Env\u00edos en 24\/48 a toda la Pen\u00ednsula.","og_url":"https:\/\/www.alquera.com\/it\/azul-de-metileno\/","og_site_name":"Alquera.com","article_publisher":"https:\/\/www.facebook.com\/alqueraciencia","article_modified_time":"2026-03-02T15:04:46+00:00","og_image":[{"width":800,"height":720,"url":"https:\/\/www.alquera.com\/wp-content\/uploads\/2020\/01\/AZUL-DE-METILENO-EN-POLVO-scaled.jpg","type":"image\/jpeg"}],"twitter_card":"summary_large_image","twitter_misc":{"Disponibilit\u00e0":"In stock"},"schema":{"@context":"https:\/\/schema.org","@graph":[{"@type":["WebPage","ItemPage"],"@id":"https:\/\/www.alquera.com\/azul-de-metileno\/","url":"https:\/\/www.alquera.com\/azul-de-metileno\/","name":"Blu di metilene: Acquistare online - Alquera.com","isPartOf":{"@id":"https:\/\/www.alquera.com\/en\/#website"},"primaryImageOfPage":{"@id":"https:\/\/www.alquera.com\/azul-de-metileno\/#primaryimage"},"image":{"@id":"https:\/\/www.alquera.com\/azul-de-metileno\/#primaryimage"},"thumbnailUrl":"https:\/\/www.alquera.com\/wp-content\/uploads\/2020\/01\/AZUL-DE-METILENO-EN-POLVO-scaled.jpg","datePublished":"2020-01-16T08:46:55+00:00","dateModified":"2026-03-02T15:04:46+00:00","description":"SPEDIZIONE IN 4\/5 giorni. Acquistare il blu di metilene nel negozio online di Alquera. Consegne in 24\/48 in tutta la Penisola.","breadcrumb":{"@id":"https:\/\/www.alquera.com\/azul-de-metileno\/#breadcrumb"},"inLanguage":"it-IT","potentialAction":[{"@type":"ReadAction","target":["https:\/\/www.alquera.com\/azul-de-metileno\/"]}]},{"@type":"ImageObject","inLanguage":"it-IT","@id":"https:\/\/www.alquera.com\/azul-de-metileno\/#primaryimage","url":"https:\/\/www.alquera.com\/wp-content\/uploads\/2020\/01\/AZUL-DE-METILENO-EN-POLVO-scaled.jpg","contentUrl":"https:\/\/www.alquera.com\/wp-content\/uploads\/2020\/01\/AZUL-DE-METILENO-EN-POLVO-scaled.jpg","width":800,"height":720,"caption":"AZUL DE METILENO EN POLVO"},{"@type":"BreadcrumbList","@id":"https:\/\/www.alquera.com\/azul-de-metileno\/#breadcrumb","itemListElement":[{"@type":"ListItem","position":1,"name":"Inicio","item":"https:\/\/www.alquera.com\/"},{"@type":"ListItem","position":2,"name":"Alquera.com: Tienda Online de Productos Qu\u00edmicos y Material de Laboratorio","item":"https:\/\/www.alquera.com\/en\/tienda\/"},{"@type":"ListItem","position":3,"name":"Azul de Metileno"}]},{"@type":"WebSite","@id":"https:\/\/www.alquera.com\/en\/#website","url":"https:\/\/www.alquera.com\/en\/","name":"Alquera.com","description":"Negozio online di prodotti chimici e forniture di laboratorio","publisher":{"@id":"https:\/\/www.alquera.com\/en\/#organization"},"potentialAction":[{"@type":"SearchAction","target":{"@type":"EntryPoint","urlTemplate":"https:\/\/www.alquera.com\/en\/?s={search_term_string}"},"query-input":{"@type":"PropertyValueSpecification","valueRequired":true,"valueName":"search_term_string"}}],"inLanguage":"it-IT"},{"@type":"Organization","@id":"https:\/\/www.alquera.com\/en\/#organization","name":"ALQUERA CIENCIA SL","url":"https:\/\/www.alquera.com\/en\/","logo":{"@type":"ImageObject","inLanguage":"it-IT","@id":"https:\/\/www.alquera.com\/en\/#\/schema\/logo\/image\/","url":"https:\/\/www.alquera.com\/wp-content\/uploads\/2020\/11\/logo_300_ancho.png","contentUrl":"https:\/\/www.alquera.com\/wp-content\/uploads\/2020\/11\/logo_300_ancho.png","width":300,"height":86,"caption":"ALQUERA CIENCIA SL"},"image":{"@id":"https:\/\/www.alquera.com\/en\/#\/schema\/logo\/image\/"},"sameAs":["https:\/\/www.facebook.com\/alqueraciencia","https:\/\/www.instagram.com\/alquera_ciencia\/","https:\/\/www.youtube.com\/c\/alquera"]}]},"og_availability":"instock","product_availability":"instock","product_condition":"new"},"_links":{"self":[{"href":"https:\/\/www.alquera.com\/it\/wp-json\/wp\/v2\/product\/1247","targetHints":{"allow":["GET"]}}],"collection":[{"href":"https:\/\/www.alquera.com\/it\/wp-json\/wp\/v2\/product"}],"about":[{"href":"https:\/\/www.alquera.com\/it\/wp-json\/wp\/v2\/types\/product"}],"replies":[{"embeddable":true,"href":"https:\/\/www.alquera.com\/it\/wp-json\/wp\/v2\/comments?post=1247"}],"wp:featuredmedia":[{"embeddable":true,"href":"https:\/\/www.alquera.com\/it\/wp-json\/wp\/v2\/media\/32847"}],"wp:attachment":[{"href":"https:\/\/www.alquera.com\/it\/wp-json\/wp\/v2\/media?parent=1247"}],"wp:term":[{"taxonomy":"product_brand","embeddable":true,"href":"https:\/\/www.alquera.com\/it\/wp-json\/wp\/v2\/product_brand?post=1247"},{"taxonomy":"product_cat","embeddable":true,"href":"https:\/\/www.alquera.com\/it\/wp-json\/wp\/v2\/product_cat?post=1247"},{"taxonomy":"product_tag","embeddable":true,"href":"https:\/\/www.alquera.com\/it\/wp-json\/wp\/v2\/product_tag?post=1247"}],"curies":[{"name":"wp","href":"https:\/\/api.w.org\/{rel}","templated":true}]}}