{"id":1250,"date":"2020-02-20T15:48:26","date_gmt":"2020-02-20T15:48:26","guid":{"rendered":"http:\/\/localhost\/alquera\/productos\/producto\/alcohol-polivinilico-1kg-2\/"},"modified":"2026-04-04T08:18:45","modified_gmt":"2026-04-04T08:18:45","slug":"alcohol-polivinilico","status":"publish","type":"product","link":"https:\/\/www.alquera.com\/it\/alcohol-polivinilico\/","title":{"rendered":"Alcool polivinilico"},"content":{"rendered":"<p>L'alcol polivinilico non deve essere confuso con l'acetato di polivinile, anch'esso disponibile e noto come efficace rimedio per il legno. L'alcol polivinilico si trova in molti articoli per la casa grazie alla sua capacit\u00e0 di sciogliersi in acqua. Alcuni degli usi dell'alcol polivinilico sono i seguenti: produzione di adesivi, addensamento di colle a base di acetato di polivinile, rivestimento di confezioni di detersivi. Ad esempio, compresse liquide in cui si desidera che la plastica si dissolva. L'alcol polivinilico viene utilizzato anche nella produzione di Slime, insieme alla borace.<\/p>\n<h2>ALCOHOL POLIVINILICO &#8211; IDENTIFICACI\u00d3N Y PROPIEDADES<\/h2>\n<p><strong>Nomi:<\/strong> Alcohol Polivinilico PVA<br \/>\n<strong>CAS:<\/strong> 25213-24-5<br \/>\n<strong>CE:<\/strong> 607-648-9<\/p>\n<ul>\n<li>Aspetto (20\u00baC): polvere-solido<\/li>\n<li>Colore: Bianco<\/li>\n<li>Odore: lieve, quasi inodore.<\/li>\n<li>Punto iniziale\/punto di ebollizione\/intervallo di ebollizione: &gt;200\u00b0C (stima).<\/li>\n<li>Infiammabilit\u00e0: questo materiale \u00e8 combustibile, ma non facilmente infiammabile.<\/li>\n<li>Punto di fusione: 230-240\u00b0C<\/li>\n<li>Temperatura di decomposizione: &gt;200\u00baC<\/li>\n<li>pH: 4,5-6,5 (20\u00baC) (soluzione 4%; 40 g\/L)<\/li>\n<li>Viscosit\u00e0 dinamica: 45-55 cP (20\u00baC, soluzione 4%)<\/li>\n<li>Viscosit\u00e0 cinematica: non applicabile. La viscosit\u00e0 \u00e8 rilevante solo per i liquidi.<\/li>\n<li>Solubilit\u00e0: Solubile in acqua calda<\/li>\n<li>Solubilit\u00e0 in acqua: Solubile in acqua calda<\/li>\n<li>Densit\u00e0 di massa: 610-670 kg\/m3<\/li>\n<li>Densit\u00e0 relativa (acqua=1): 1,10-1,31.<\/li>\n<\/ul>\n<h2>M\u00c1S INFORMACI\u00d3N PVA<\/h2>\n<p>Puedes ver m\u00e1s informaci\u00f3n en el apartado de usos y propiedades: <a href=\"https:\/\/www.alquera.com\/it\/alcohol-polivinilico\/usos-alcohol-polivinilico\/\" target=\"_blank\" rel=\"noopener noreferrer\">Alcool polivinilico, usi e propriet\u00e0<\/a><\/p>","protected":false},"excerpt":{"rendered":"<p>Acquistate l'Alcool Polivinilico a partire da confezioni da 250 g fino a sacchi da 20 kg. Il prezzo dei diversi formati di Alcool Polivinilico Solfato \u00e8 visibile selezionando il formato desiderato. L'ordine viene effettuato direttamente via web seguendo i passaggi indicati, con consegna in 4\/5 giorni.<\/p>","protected":false},"featured_media":8461,"comment_status":"open","ping_status":"closed","template":"","meta":{"_acf_changed":false,"site-sidebar-layout":"default","site-content-layout":"default","ast-site-content-layout":"default","site-content-style":"default","site-sidebar-style":"default","ast-global-header-display":"","ast-banner-title-visibility":"","ast-main-header-display":"","ast-hfb-above-header-display":"","ast-hfb-below-header-display":"","ast-hfb-mobile-header-display":"","site-post-title":"","ast-breadcrumbs-content":"","ast-featured-img":"","footer-sml-layout":"","ast-disable-related-posts":"","theme-transparent-header-meta":"default","adv-header-id-meta":"","stick-header-meta":"default","header-above-stick-meta":"","header-main-stick-meta":"","header-below-stick-meta":"","astra-migrate-meta-layouts":"set","ast-page-background-enabled":"default","ast-page-background-meta":{"desktop":{"background-color":"var(--ast-global-color-4)","background-image":"","background-repeat":"repeat","background-position":"center center","background-size":"auto","background-attachment":"scroll","background-type":"","background-media":"","overlay-type":"","overlay-color":"","overlay-opacity":"","overlay-gradient":""},"tablet":{"background-color":"","background-image":"","background-repeat":"repeat","background-position":"center center","background-size":"auto","background-attachment":"scroll","background-type":"","background-media":"","overlay-type":"","overlay-color":"","overlay-opacity":"","overlay-gradient":""},"mobile":{"background-color":"","background-image":"","background-repeat":"repeat","background-position":"center center","background-size":"auto","background-attachment":"scroll","background-type":"","background-media":"","overlay-type":"","overlay-color":"","overlay-opacity":"","overlay-gradient":""}},"ast-content-background-meta":{"desktop":{"background-color":"var(--ast-global-color-5)","background-image":"","background-repeat":"repeat","background-position":"center center","background-size":"auto","background-attachment":"scroll","background-type":"","background-media":"","overlay-type":"","overlay-color":"","overlay-opacity":"","overlay-gradient":""},"tablet":{"background-color":"var(--ast-global-color-5)","background-image":"","background-repeat":"repeat","background-position":"center center","background-size":"auto","background-attachment":"scroll","background-type":"","background-media":"","overlay-type":"","overlay-color":"","overlay-opacity":"","overlay-gradient":""},"mobile":{"background-color":"var(--ast-global-color-5)","background-image":"","background-repeat":"repeat","background-position":"center center","background-size":"auto","background-attachment":"scroll","background-type":"","background-media":"","overlay-type":"","overlay-color":"","overlay-opacity":"","overlay-gradient":""}}},"product_brand":[],"product_cat":[21],"product_tag":[],"class_list":{"0":"post-1250","1":"product","2":"type-product","3":"status-publish","4":"has-post-thumbnail","6":"product_cat-productos","7":"pa_cantidad-250g","8":"pa_cantidad-1kg","9":"pa_cantidad-5kg","10":"pa_cantidad-20kg","11":"desktop-align-left","12":"tablet-align-left","13":"mobile-align-left","14":"ast-product-gallery-layout-horizontal-slider","15":"ast-magnify-disabled","16":"ast-product-single-variable","17":"ast-product-tabs-layout-horizontal","18":"ast-qv-on-image","20":"first","21":"instock","22":"taxable","23":"shipping-taxable","24":"purchasable","25":"product-type-variable","26":"has-default-attributes"},"acf":[],"yoast_head":"<!-- This site is optimized with the Yoast SEO Premium plugin v27.1 (Yoast SEO v27.1.1) - https:\/\/yoast.com\/product\/yoast-seo-premium-wordpress\/ -->\n<title>Alcohol Polivinilico - Comprar Online - Alquera.com<\/title>\n<meta name=\"description\" content=\"ENVIOS EN 24\/48H Comprar Alcohol Polivinilico o PVA, base de muchos adhesivos y utilizado como recubrimiento. Soluble en agua, realizacion de slime.\" \/>\n<meta name=\"robots\" content=\"index, follow, max-snippet:-1, max-image-preview:large, max-video-preview:-1\" \/>\n<link rel=\"canonical\" href=\"https:\/\/www.alquera.com\/it\/alcohol-polivinilico\/\" \/>\n<meta property=\"og:locale\" content=\"it_IT\" \/>\n<meta property=\"og:type\" content=\"article\" \/>\n<meta property=\"og:title\" content=\"Alcohol Polivinilico: Comprar Online - Alquera.com\" \/>\n<meta property=\"og:description\" content=\"ENVIOS EN 24\/48H Comprar Alcohol Polivinilico o PVA, base de muchos adhesivos y utilizado como recubrimiento. Soluble en agua, realizacion de slime.\" \/>\n<meta property=\"og:url\" content=\"https:\/\/www.alquera.com\/it\/alcohol-polivinilico\/\" \/>\n<meta property=\"og:site_name\" content=\"Alquera.com\" \/>\n<meta property=\"article:publisher\" content=\"https:\/\/www.facebook.com\/alqueraciencia\" \/>\n<meta property=\"article:modified_time\" content=\"2026-04-04T08:18:45+00:00\" \/>\n<meta property=\"og:image\" content=\"https:\/\/www.alquera.com\/wp-content\/uploads\/2020\/02\/ALCOHOL-POLIVINILO-2.jpg\" \/>\n\t<meta property=\"og:image:width\" content=\"800\" \/>\n\t<meta property=\"og:image:height\" content=\"800\" \/>\n\t<meta property=\"og:image:type\" content=\"image\/jpeg\" \/>\n<meta name=\"twitter:card\" content=\"summary_large_image\" \/>\n<meta name=\"twitter:label1\" content=\"Disponibilit\u00e0\" \/>\n\t<meta name=\"twitter:data1\" content=\"In stock\" \/>\n<script type=\"application\/ld+json\" class=\"yoast-schema-graph\">{\"@context\":\"https:\/\/schema.org\",\"@graph\":[{\"@type\":[\"WebPage\",\"ItemPage\"],\"@id\":\"https:\/\/www.alquera.com\/alcohol-polivinilico\/\",\"url\":\"https:\/\/www.alquera.com\/alcohol-polivinilico\/\",\"name\":\"Alcohol Polivinilico - Comprar Online - Alquera.com\",\"isPartOf\":{\"@id\":\"https:\/\/www.alquera.com\/en\/#website\"},\"primaryImageOfPage\":{\"@id\":\"https:\/\/www.alquera.com\/alcohol-polivinilico\/#primaryimage\"},\"image\":{\"@id\":\"https:\/\/www.alquera.com\/alcohol-polivinilico\/#primaryimage\"},\"thumbnailUrl\":\"https:\/\/www.alquera.com\/wp-content\/uploads\/2020\/02\/ALCOHOL-POLIVINILO-2.jpg\",\"datePublished\":\"2020-02-20T15:48:26+00:00\",\"dateModified\":\"2026-04-04T08:18:45+00:00\",\"description\":\"ENVIOS EN 24\/48H Comprar Alcohol Polivinilico o PVA, base de muchos adhesivos y utilizado como recubrimiento. Soluble en agua, realizacion de slime.\",\"breadcrumb\":{\"@id\":\"https:\/\/www.alquera.com\/alcohol-polivinilico\/#breadcrumb\"},\"inLanguage\":\"it-IT\",\"potentialAction\":[{\"@type\":\"ReadAction\",\"target\":[\"https:\/\/www.alquera.com\/alcohol-polivinilico\/\"]}]},{\"@type\":\"ImageObject\",\"inLanguage\":\"it-IT\",\"@id\":\"https:\/\/www.alquera.com\/alcohol-polivinilico\/#primaryimage\",\"url\":\"https:\/\/www.alquera.com\/wp-content\/uploads\/2020\/02\/ALCOHOL-POLIVINILO-2.jpg\",\"contentUrl\":\"https:\/\/www.alquera.com\/wp-content\/uploads\/2020\/02\/ALCOHOL-POLIVINILO-2.jpg\",\"width\":800,\"height\":800,\"caption\":\"ALCOHOL POLIVINILICO\"},{\"@type\":\"BreadcrumbList\",\"@id\":\"https:\/\/www.alquera.com\/alcohol-polivinilico\/#breadcrumb\",\"itemListElement\":[{\"@type\":\"ListItem\",\"position\":1,\"name\":\"Inicio\",\"item\":\"https:\/\/www.alquera.com\/\"},{\"@type\":\"ListItem\",\"position\":2,\"name\":\"Alquera.com: Tienda Online de Productos Qu\u00edmicos y Material de Laboratorio\",\"item\":\"https:\/\/www.alquera.com\/en\/tienda\/\"},{\"@type\":\"ListItem\",\"position\":3,\"name\":\"Alcohol Polivinilico\"}]},{\"@type\":\"WebSite\",\"@id\":\"https:\/\/www.alquera.com\/en\/#website\",\"url\":\"https:\/\/www.alquera.com\/en\/\",\"name\":\"Alquera.com\",\"description\":\"Tienda Online Productos Qu\u00edmicos y Material de Laboratorio\",\"publisher\":{\"@id\":\"https:\/\/www.alquera.com\/en\/#organization\"},\"potentialAction\":[{\"@type\":\"SearchAction\",\"target\":{\"@type\":\"EntryPoint\",\"urlTemplate\":\"https:\/\/www.alquera.com\/en\/?s={search_term_string}\"},\"query-input\":{\"@type\":\"PropertyValueSpecification\",\"valueRequired\":true,\"valueName\":\"search_term_string\"}}],\"inLanguage\":\"it-IT\"},{\"@type\":\"Organization\",\"@id\":\"https:\/\/www.alquera.com\/en\/#organization\",\"name\":\"ALQUERA CIENCIA SL\",\"url\":\"https:\/\/www.alquera.com\/en\/\",\"logo\":{\"@type\":\"ImageObject\",\"inLanguage\":\"it-IT\",\"@id\":\"https:\/\/www.alquera.com\/en\/#\/schema\/logo\/image\/\",\"url\":\"https:\/\/www.alquera.com\/wp-content\/uploads\/2020\/11\/logo_300_ancho.png\",\"contentUrl\":\"https:\/\/www.alquera.com\/wp-content\/uploads\/2020\/11\/logo_300_ancho.png\",\"width\":300,\"height\":86,\"caption\":\"ALQUERA CIENCIA SL\"},\"image\":{\"@id\":\"https:\/\/www.alquera.com\/en\/#\/schema\/logo\/image\/\"},\"sameAs\":[\"https:\/\/www.facebook.com\/alqueraciencia\",\"https:\/\/www.instagram.com\/alquera_ciencia\/\",\"https:\/\/www.youtube.com\/c\/alquera\"]}]}<\/script>\n<meta property=\"og:availability\" content=\"instock\" \/>\n<meta property=\"product:availability\" content=\"instock\" \/>\n<meta property=\"product:retailer_item_id\" content=\"ALCS14\" \/>\n<meta property=\"product:condition\" content=\"new\" \/>\n<!-- \/ Yoast SEO Premium plugin. -->","yoast_head_json":{"title":"Alcool polivinilico - Acquistare online - Alquera.com","description":"ENVIOS EN 24\/48H Comprar Alcohol Polivinilico o PVA, base de muchos adhesivos y utilizado como recubrimiento. Soluble en agua, realizacion de slime.","robots":{"index":"index","follow":"follow","max-snippet":"max-snippet:-1","max-image-preview":"max-image-preview:large","max-video-preview":"max-video-preview:-1"},"canonical":"https:\/\/www.alquera.com\/it\/alcohol-polivinilico\/","og_locale":"it_IT","og_type":"article","og_title":"Alcohol Polivinilico: Comprar Online - Alquera.com","og_description":"ENVIOS EN 24\/48H Comprar Alcohol Polivinilico o PVA, base de muchos adhesivos y utilizado como recubrimiento. Soluble en agua, realizacion de slime.","og_url":"https:\/\/www.alquera.com\/it\/alcohol-polivinilico\/","og_site_name":"Alquera.com","article_publisher":"https:\/\/www.facebook.com\/alqueraciencia","article_modified_time":"2026-04-04T08:18:45+00:00","og_image":[{"width":800,"height":800,"url":"https:\/\/www.alquera.com\/wp-content\/uploads\/2020\/02\/ALCOHOL-POLIVINILO-2.jpg","type":"image\/jpeg"}],"twitter_card":"summary_large_image","twitter_misc":{"Disponibilit\u00e0":"In stock"},"schema":{"@context":"https:\/\/schema.org","@graph":[{"@type":["WebPage","ItemPage"],"@id":"https:\/\/www.alquera.com\/alcohol-polivinilico\/","url":"https:\/\/www.alquera.com\/alcohol-polivinilico\/","name":"Alcool polivinilico - Acquistare online - Alquera.com","isPartOf":{"@id":"https:\/\/www.alquera.com\/en\/#website"},"primaryImageOfPage":{"@id":"https:\/\/www.alquera.com\/alcohol-polivinilico\/#primaryimage"},"image":{"@id":"https:\/\/www.alquera.com\/alcohol-polivinilico\/#primaryimage"},"thumbnailUrl":"https:\/\/www.alquera.com\/wp-content\/uploads\/2020\/02\/ALCOHOL-POLIVINILO-2.jpg","datePublished":"2020-02-20T15:48:26+00:00","dateModified":"2026-04-04T08:18:45+00:00","description":"ENVIOS EN 24\/48H Comprar Alcohol Polivinilico o PVA, base de muchos adhesivos y utilizado como recubrimiento. Soluble en agua, realizacion de slime.","breadcrumb":{"@id":"https:\/\/www.alquera.com\/alcohol-polivinilico\/#breadcrumb"},"inLanguage":"it-IT","potentialAction":[{"@type":"ReadAction","target":["https:\/\/www.alquera.com\/alcohol-polivinilico\/"]}]},{"@type":"ImageObject","inLanguage":"it-IT","@id":"https:\/\/www.alquera.com\/alcohol-polivinilico\/#primaryimage","url":"https:\/\/www.alquera.com\/wp-content\/uploads\/2020\/02\/ALCOHOL-POLIVINILO-2.jpg","contentUrl":"https:\/\/www.alquera.com\/wp-content\/uploads\/2020\/02\/ALCOHOL-POLIVINILO-2.jpg","width":800,"height":800,"caption":"ALCOHOL POLIVINILICO"},{"@type":"BreadcrumbList","@id":"https:\/\/www.alquera.com\/alcohol-polivinilico\/#breadcrumb","itemListElement":[{"@type":"ListItem","position":1,"name":"Inicio","item":"https:\/\/www.alquera.com\/"},{"@type":"ListItem","position":2,"name":"Alquera.com: Tienda Online de Productos Qu\u00edmicos y Material de Laboratorio","item":"https:\/\/www.alquera.com\/en\/tienda\/"},{"@type":"ListItem","position":3,"name":"Alcohol Polivinilico"}]},{"@type":"WebSite","@id":"https:\/\/www.alquera.com\/en\/#website","url":"https:\/\/www.alquera.com\/en\/","name":"Alquera.com","description":"Negozio online di prodotti chimici e forniture di laboratorio","publisher":{"@id":"https:\/\/www.alquera.com\/en\/#organization"},"potentialAction":[{"@type":"SearchAction","target":{"@type":"EntryPoint","urlTemplate":"https:\/\/www.alquera.com\/en\/?s={search_term_string}"},"query-input":{"@type":"PropertyValueSpecification","valueRequired":true,"valueName":"search_term_string"}}],"inLanguage":"it-IT"},{"@type":"Organization","@id":"https:\/\/www.alquera.com\/en\/#organization","name":"ALQUERA CIENCIA SL","url":"https:\/\/www.alquera.com\/en\/","logo":{"@type":"ImageObject","inLanguage":"it-IT","@id":"https:\/\/www.alquera.com\/en\/#\/schema\/logo\/image\/","url":"https:\/\/www.alquera.com\/wp-content\/uploads\/2020\/11\/logo_300_ancho.png","contentUrl":"https:\/\/www.alquera.com\/wp-content\/uploads\/2020\/11\/logo_300_ancho.png","width":300,"height":86,"caption":"ALQUERA CIENCIA SL"},"image":{"@id":"https:\/\/www.alquera.com\/en\/#\/schema\/logo\/image\/"},"sameAs":["https:\/\/www.facebook.com\/alqueraciencia","https:\/\/www.instagram.com\/alquera_ciencia\/","https:\/\/www.youtube.com\/c\/alquera"]}]},"og_availability":"instock","product_availability":"instock","product_retailer_item_id":"ALCS14","product_condition":"new"},"_links":{"self":[{"href":"https:\/\/www.alquera.com\/it\/wp-json\/wp\/v2\/product\/1250","targetHints":{"allow":["GET"]}}],"collection":[{"href":"https:\/\/www.alquera.com\/it\/wp-json\/wp\/v2\/product"}],"about":[{"href":"https:\/\/www.alquera.com\/it\/wp-json\/wp\/v2\/types\/product"}],"replies":[{"embeddable":true,"href":"https:\/\/www.alquera.com\/it\/wp-json\/wp\/v2\/comments?post=1250"}],"wp:featuredmedia":[{"embeddable":true,"href":"https:\/\/www.alquera.com\/it\/wp-json\/wp\/v2\/media\/8461"}],"wp:attachment":[{"href":"https:\/\/www.alquera.com\/it\/wp-json\/wp\/v2\/media?parent=1250"}],"wp:term":[{"taxonomy":"product_brand","embeddable":true,"href":"https:\/\/www.alquera.com\/it\/wp-json\/wp\/v2\/product_brand?post=1250"},{"taxonomy":"product_cat","embeddable":true,"href":"https:\/\/www.alquera.com\/it\/wp-json\/wp\/v2\/product_cat?post=1250"},{"taxonomy":"product_tag","embeddable":true,"href":"https:\/\/www.alquera.com\/it\/wp-json\/wp\/v2\/product_tag?post=1250"}],"curies":[{"name":"wp","href":"https:\/\/api.w.org\/{rel}","templated":true}]}}