{"id":1255,"date":"2020-03-06T12:18:50","date_gmt":"2020-03-06T12:18:50","guid":{"rendered":"http:\/\/localhost\/alquera\/productos\/producto\/kit-experimento-cohete-quimico\/"},"modified":"2025-12-22T12:56:42","modified_gmt":"2025-12-22T12:56:42","slug":"experimento-cohete-quimico","status":"publish","type":"product","link":"https:\/\/www.alquera.com\/it\/experimento-cohete-quimico\/","title":{"rendered":"Reazione acido-base - Razzo chimico - Kit per 10 usi. #Exp3"},"content":{"rendered":"<p>Il kit per l'esperimento del razzo chimico \u00e8 un kit con il quale \u00e8 possibile realizzare l'esperimento del razzo chimico. L'esperimento consiste nel creare un piccolo razzo spinto da CO2. La CO2 si forma dalla reazione tra acido citrico e bicarbonato di potassio.<\/p>\n<h2>CONTENUTO DEL KIT PER RAZZI CHIMICI<\/h2>\n<p>Il kit \u00e8 previsto per 10-20 utilizzi\/persona e contiene:<\/p>\n<ul>\n<li>100 grammi <a href=\"https:\/\/www.alquera.com\/it\/acido-citrico\/\" target=\"_blank\" rel=\"noreferrer noopener\">acido citrico<\/a><\/li>\n<li>100 grammi <a href=\"https:\/\/www.alquera.com\/it\/bicarbonato-de-potasio\/\">bicarbonato di potassio<\/a><\/li>\n<li>20 becher da 25 ml con 20 coperchi a chiusura ermetica<\/li>\n<\/ul>\n<p>Il kit non contiene: carta di cellulosa (igienica) e cucchiaio<\/p>\n<h2>DETTAGLIATO PASSO DOPO PASSO<\/h2>\n<p>Vi mostriamo il video dettagliato passo-passo e potete anche seguire i passaggi descritti di seguito.<\/p>\n<div class=\"ast-oembed-container\" style=\"height: 100%;\"><iframe loading=\"lazy\" title=\"#Exp3 Reacci\u00f3n \u00c1cido- Base. (Cohete Qu\u00edmico)\" width=\"500\" height=\"281\" src=\"https:\/\/www.youtube.com\/embed\/rgmKiWiMUgA?feature=oembed\" frameborder=\"0\" allow=\"accelerometer; autoplay; clipboard-write; encrypted-media; gyroscope; picture-in-picture; web-share\" referrerpolicy=\"strict-origin-when-cross-origin\" allowfullscreen><\/iframe><\/div>\n<ol>\n<li>Prendete un bicchiere da 25 ml e riempitelo a met\u00e0 con acqua.<\/li>\n<li>Ruotare il bicchiere per assicurarsi che l'acqua copra tutti i lati del bicchiere.<\/li>\n<li>Mettere un pezzo di carta igienica nel bicchiere sopra l'acqua.<\/li>\n<li>Aggiungere mezzo cucchiaio di acido citrico sulla carta.<\/li>\n<li>Aggiungere mezzo cucchiaio di bicarbonato di potassio alla carta.<\/li>\n<li>Coprire bene il becher con un coperchio e posizionarlo su una superficie piana.<\/li>\n<li>Prendete il bicchiere con entrambe le mani e capovolgetelo.<\/li>\n<li>Osservate come il razzo viene spinto verso l'alto grazie alla pressione generata dalla reazione chimica.<\/li>\n<\/ol>\n<p>\u00c8 importante notare che questo esperimento \u00e8 solo una dimostrazione domestica e non dovrebbe essere tentato a casa senza la supervisione di un adulto. Inoltre, si consiglia di fare attenzione quando si maneggiano l'acido citrico e il bicarbonato di potassio, poich\u00e9 possono irritare la pelle e gli occhi.<\/p>\n<h2>COSA SI IMPARA DA QUESTO ESPERIMENTO<\/h2>\n<ul>\n<li>Come realizzare un esperimento di razzo fatto in casa con materiali comuni<\/li>\n<li>Le basi della reazione chimica tra acido e base<\/li>\n<li>Come viene generata e utilizzata la pressione per alimentare un razzo<\/li>\n<\/ul>\n<h2><strong>SPIEGAZIONE TECNICA<\/strong><\/h2>\n<p>La reazione tra acido citrico e bicarbonato di potassio \u00e8 una reazione di neutralizzazione, in cui avviene una reazione chimica tra un acido e una base per formare un composto chiamato sali e acqua. La reazione chimica \u00e8 la seguente:<\/p>\n<p>C6H8O7 (aq) + KHCO3 (aq) \u2192 K3C6H5O7 (aq) + H2O (l) + CO2 (g)<\/p>\n<p>Dove C6H8O7 \u00e8 l'acido citrico, KHCO3 \u00e8 il bicarbonato di potassio, K3C6H5O7 \u00e8 il sale citrico che si forma nella reazione e H2O \u00e8 l'acqua. CO2 \u00e8 l'anidride carbonica, che viene rilasciata nella reazione come gas.<\/p>\n<p>In questa reazione, l'acido citrico e il bicarbonato di potassio si combinano per formare un sale chiamato citrato di potassio, oltre ad acqua e anidride carbonica. La reazione \u00e8 esotermica, il che significa che durante la reazione chimica viene rilasciato calore.<\/p>\n<p>La reazione tra l'acido citrico e il bicarbonato di potassio \u00e8 una reazione comune nella chimica domestica e viene utilizzata per produrre una variet\u00e0 di prodotti, come mentine, pastiglie per la pulizia e prodotti per la pulizia della casa.<\/p>\n<h2>TIPO DI REAZIONE<\/h2>\n<p>La reazione tra acido citrico e bicarbonato di potassio \u00e8 una reazione acido-base. Per saperne di pi\u00f9 <a href=\"https:\/\/www.alquera.com\/it\/experimentos-de-ciencias\/?_reaccion=reaccion-acido-base\">reazioni acido-base<\/a>.<\/p>\n<h2>VEDI ALTRI KIT DI ESPERIMENTI<\/h2>\n<div class=\"container-youtube\">Potete vedere altri esperimenti in questa sezione: <a href=\"https:\/\/www.alquera.com\/it\/experimentos-de-ciencias\/\" target=\"_blank\" rel=\"noopener\">Esperimenti scientifici<\/a><\/div>","protected":false},"excerpt":{"rendered":"<p>Imparate a costruire un razzo fatto in casa usando un becher, acqua, acido citrico e bicarbonato di potassio! Questo divertente esperimento scientifico insegna la chimica della reazione tra acido e base e permette di vedere come si genera la pressione che spinge il razzo verso l'alto. Gli ordini possono essere effettuati via web aggiungendo il prodotto al carrello e seguendo i passaggi indicati di seguito.<\/p>","protected":false},"featured_media":40482,"comment_status":"open","ping_status":"closed","template":"","meta":{"_acf_changed":false,"site-sidebar-layout":"default","site-content-layout":"default","ast-site-content-layout":"default","site-content-style":"default","site-sidebar-style":"default","ast-global-header-display":"","ast-banner-title-visibility":"","ast-main-header-display":"","ast-hfb-above-header-display":"","ast-hfb-below-header-display":"","ast-hfb-mobile-header-display":"","site-post-title":"","ast-breadcrumbs-content":"","ast-featured-img":"","footer-sml-layout":"","ast-disable-related-posts":"","theme-transparent-header-meta":"default","adv-header-id-meta":"","stick-header-meta":"default","header-above-stick-meta":"","header-main-stick-meta":"","header-below-stick-meta":"","astra-migrate-meta-layouts":"default","ast-page-background-enabled":"default","ast-page-background-meta":{"desktop":{"background-color":"var(--ast-global-color-4)","background-image":"","background-repeat":"repeat","background-position":"center center","background-size":"auto","background-attachment":"scroll","background-type":"","background-media":"","overlay-type":"","overlay-color":"","overlay-opacity":"","overlay-gradient":""},"tablet":{"background-color":"","background-image":"","background-repeat":"repeat","background-position":"center center","background-size":"auto","background-attachment":"scroll","background-type":"","background-media":"","overlay-type":"","overlay-color":"","overlay-opacity":"","overlay-gradient":""},"mobile":{"background-color":"","background-image":"","background-repeat":"repeat","background-position":"center center","background-size":"auto","background-attachment":"scroll","background-type":"","background-media":"","overlay-type":"","overlay-color":"","overlay-opacity":"","overlay-gradient":""}},"ast-content-background-meta":{"desktop":{"background-color":"var(--ast-global-color-5)","background-image":"","background-repeat":"repeat","background-position":"center center","background-size":"auto","background-attachment":"scroll","background-type":"","background-media":"","overlay-type":"","overlay-color":"","overlay-opacity":"","overlay-gradient":""},"tablet":{"background-color":"var(--ast-global-color-5)","background-image":"","background-repeat":"repeat","background-position":"center center","background-size":"auto","background-attachment":"scroll","background-type":"","background-media":"","overlay-type":"","overlay-color":"","overlay-opacity":"","overlay-gradient":""},"mobile":{"background-color":"var(--ast-global-color-5)","background-image":"","background-repeat":"repeat","background-position":"center center","background-size":"auto","background-attachment":"scroll","background-type":"","background-media":"","overlay-type":"","overlay-color":"","overlay-opacity":"","overlay-gradient":""}}},"product_brand":[],"product_cat":[329,21],"product_tag":[],"class_list":{"0":"post-1255","1":"product","2":"type-product","3":"status-publish","4":"has-post-thumbnail","6":"product_cat-experimentos-ciencias","7":"product_cat-productos","8":"desktop-align-left","9":"tablet-align-left","10":"mobile-align-left","11":"ast-product-gallery-layout-horizontal-slider","12":"ast-product-gallery-with-no-image","13":"ast-magnify-disabled","14":"ast-product-tabs-layout-horizontal","15":"ast-qv-on-image","17":"first","18":"instock","19":"sold-individually","20":"taxable","21":"shipping-taxable","22":"purchasable","23":"product-type-simple"},"acf":[],"yoast_head":"<!-- This site is optimized with the Yoast SEO Premium plugin v27.1 (Yoast SEO v27.1.1) - https:\/\/yoast.com\/product\/yoast-seo-premium-wordpress\/ -->\n<title>Reacci\u00f3n \u00c1cido-Base - Cohete Qu\u00edmico - Kit para 10 usos. #Exp3: Comprar Online - Alquera.com<\/title>\n<meta name=\"robots\" content=\"noindex, nofollow\" \/>\n<meta property=\"og:locale\" content=\"it_IT\" \/>\n<meta property=\"og:type\" content=\"article\" \/>\n<meta property=\"og:title\" content=\"Reacci\u00f3n \u00c1cido-Base - Cohete Qu\u00edmico - Kit para 10 usos. #Exp3: Comprar Online - Alquera.com\" \/>\n<meta property=\"og:description\" content=\"\u00a1Ense\u00f1a a hacer un cohete casero utilizando un vaso, agua, \u00e1cido c\u00edtrico y bicarbonato de potasio! Este divertido experimento cient\u00edfico ense\u00f1ar\u00e1 sobre la qu\u00edmica de la reacci\u00f3n entre \u00e1cido y base y permitir\u00e1 ver c\u00f3mo se genera una presi\u00f3n que impulsa el cohete hacia arriba. Los pedidos se hacen via Web, a\u00f1adiendo el producto al carrito y siguiendo los pasos que se indican m\u00e1s abajo.\" \/>\n<meta property=\"og:url\" content=\"https:\/\/www.alquera.com\/it\/experimento-cohete-quimico\/\" \/>\n<meta property=\"og:site_name\" content=\"Alquera.com\" \/>\n<meta property=\"article:publisher\" content=\"https:\/\/www.facebook.com\/alqueraciencia\" \/>\n<meta property=\"article:modified_time\" content=\"2025-12-22T12:56:42+00:00\" \/>\n<meta property=\"og:image\" content=\"https:\/\/www.alquera.com\/wp-content\/uploads\/2023\/01\/kit-componentes-1.png\" \/>\n\t<meta property=\"og:image:width\" content=\"900\" \/>\n\t<meta property=\"og:image:height\" content=\"900\" \/>\n\t<meta property=\"og:image:type\" content=\"image\/png\" \/>\n<meta name=\"twitter:card\" content=\"summary_large_image\" \/>\n<meta name=\"twitter:label1\" content=\"Prezzo\" \/>\n\t<meta name=\"twitter:data1\" content=\"12,90&euro;\" \/>\n\t<meta name=\"twitter:label2\" content=\"Disponibilit\u00e0\" \/>\n\t<meta name=\"twitter:data2\" content=\"In stock\" \/>\n<script type=\"application\/ld+json\" class=\"yoast-schema-graph\">{\"@context\":\"https:\/\/schema.org\",\"@graph\":[{\"@type\":[\"WebPage\",\"ItemPage\"],\"@id\":\"https:\/\/www.alquera.com\/experimento-cohete-quimico\/\",\"url\":\"https:\/\/www.alquera.com\/experimento-cohete-quimico\/\",\"name\":\"Reacci\u00f3n \u00c1cido-Base - Cohete Qu\u00edmico - Kit para 10 usos. #Exp3: Comprar Online - Alquera.com\",\"isPartOf\":{\"@id\":\"https:\/\/www.alquera.com\/en\/#website\"},\"primaryImageOfPage\":{\"@id\":\"https:\/\/www.alquera.com\/experimento-cohete-quimico\/#primaryimage\"},\"image\":{\"@id\":\"https:\/\/www.alquera.com\/experimento-cohete-quimico\/#primaryimage\"},\"thumbnailUrl\":\"https:\/\/www.alquera.com\/wp-content\/uploads\/2023\/01\/kit-componentes-1.png\",\"datePublished\":\"2020-03-06T12:18:50+00:00\",\"dateModified\":\"2025-12-22T12:56:42+00:00\",\"breadcrumb\":{\"@id\":\"https:\/\/www.alquera.com\/experimento-cohete-quimico\/#breadcrumb\"},\"inLanguage\":\"it-IT\",\"potentialAction\":[{\"@type\":\"ReadAction\",\"target\":[\"https:\/\/www.alquera.com\/experimento-cohete-quimico\/\"]}]},{\"@type\":\"ImageObject\",\"inLanguage\":\"it-IT\",\"@id\":\"https:\/\/www.alquera.com\/experimento-cohete-quimico\/#primaryimage\",\"url\":\"https:\/\/www.alquera.com\/wp-content\/uploads\/2023\/01\/kit-componentes-1.png\",\"contentUrl\":\"https:\/\/www.alquera.com\/wp-content\/uploads\/2023\/01\/kit-componentes-1.png\",\"width\":900,\"height\":900,\"caption\":\"kit experimento cohete quimico\"},{\"@type\":\"BreadcrumbList\",\"@id\":\"https:\/\/www.alquera.com\/experimento-cohete-quimico\/#breadcrumb\",\"itemListElement\":[{\"@type\":\"ListItem\",\"position\":1,\"name\":\"Inicio\",\"item\":\"https:\/\/www.alquera.com\/\"},{\"@type\":\"ListItem\",\"position\":2,\"name\":\"Alquera.com: Tienda Online de Productos Qu\u00edmicos y Material de Laboratorio\",\"item\":\"https:\/\/www.alquera.com\/en\/tienda\/\"},{\"@type\":\"ListItem\",\"position\":3,\"name\":\"Reacci\u00f3n \u00c1cido-Base &#8211; Cohete Qu\u00edmico &#8211; Kit para 10 usos. #Exp3\"}]},{\"@type\":\"WebSite\",\"@id\":\"https:\/\/www.alquera.com\/en\/#website\",\"url\":\"https:\/\/www.alquera.com\/en\/\",\"name\":\"Alquera.com\",\"description\":\"Tienda Online Productos Qu\u00edmicos y Material de Laboratorio\",\"publisher\":{\"@id\":\"https:\/\/www.alquera.com\/en\/#organization\"},\"potentialAction\":[{\"@type\":\"SearchAction\",\"target\":{\"@type\":\"EntryPoint\",\"urlTemplate\":\"https:\/\/www.alquera.com\/en\/?s={search_term_string}\"},\"query-input\":{\"@type\":\"PropertyValueSpecification\",\"valueRequired\":true,\"valueName\":\"search_term_string\"}}],\"inLanguage\":\"it-IT\"},{\"@type\":\"Organization\",\"@id\":\"https:\/\/www.alquera.com\/en\/#organization\",\"name\":\"ALQUERA CIENCIA SL\",\"url\":\"https:\/\/www.alquera.com\/en\/\",\"logo\":{\"@type\":\"ImageObject\",\"inLanguage\":\"it-IT\",\"@id\":\"https:\/\/www.alquera.com\/en\/#\/schema\/logo\/image\/\",\"url\":\"https:\/\/www.alquera.com\/wp-content\/uploads\/2020\/11\/logo_300_ancho.png\",\"contentUrl\":\"https:\/\/www.alquera.com\/wp-content\/uploads\/2020\/11\/logo_300_ancho.png\",\"width\":300,\"height\":86,\"caption\":\"ALQUERA CIENCIA SL\"},\"image\":{\"@id\":\"https:\/\/www.alquera.com\/en\/#\/schema\/logo\/image\/\"},\"sameAs\":[\"https:\/\/www.facebook.com\/alqueraciencia\",\"https:\/\/www.instagram.com\/alquera_ciencia\/\",\"https:\/\/www.youtube.com\/c\/alquera\"]}]}<\/script>\n<meta property=\"product:price:amount\" content=\"12.90\" \/>\n<meta property=\"product:price:currency\" content=\"EUR\" \/>\n<meta property=\"og:availability\" content=\"instock\" \/>\n<meta property=\"product:availability\" content=\"instock\" \/>\n<meta property=\"product:condition\" content=\"new\" \/>\n<!-- \/ Yoast SEO Premium plugin. -->","yoast_head_json":{"title":"Reazione acido-base - Razzo chimico - Kit per 10 usi. #Exp3: Acquistare online - Alquera.com","robots":{"index":"noindex","follow":"nofollow"},"og_locale":"it_IT","og_type":"article","og_title":"Reacci\u00f3n \u00c1cido-Base - Cohete Qu\u00edmico - Kit para 10 usos. #Exp3: Comprar Online - Alquera.com","og_description":"\u00a1Ense\u00f1a a hacer un cohete casero utilizando un vaso, agua, \u00e1cido c\u00edtrico y bicarbonato de potasio! Este divertido experimento cient\u00edfico ense\u00f1ar\u00e1 sobre la qu\u00edmica de la reacci\u00f3n entre \u00e1cido y base y permitir\u00e1 ver c\u00f3mo se genera una presi\u00f3n que impulsa el cohete hacia arriba. Los pedidos se hacen via Web, a\u00f1adiendo el producto al carrito y siguiendo los pasos que se indican m\u00e1s abajo.","og_url":"https:\/\/www.alquera.com\/it\/experimento-cohete-quimico\/","og_site_name":"Alquera.com","article_publisher":"https:\/\/www.facebook.com\/alqueraciencia","article_modified_time":"2025-12-22T12:56:42+00:00","og_image":[{"width":900,"height":900,"url":"https:\/\/www.alquera.com\/wp-content\/uploads\/2023\/01\/kit-componentes-1.png","type":"image\/png"}],"twitter_card":"summary_large_image","twitter_misc":{"Prezzo":"12,90&euro;","Disponibilit\u00e0":"In stock"},"schema":{"@context":"https:\/\/schema.org","@graph":[{"@type":["WebPage","ItemPage"],"@id":"https:\/\/www.alquera.com\/experimento-cohete-quimico\/","url":"https:\/\/www.alquera.com\/experimento-cohete-quimico\/","name":"Reazione acido-base - Razzo chimico - Kit per 10 usi. #Exp3: Acquistare online - Alquera.com","isPartOf":{"@id":"https:\/\/www.alquera.com\/en\/#website"},"primaryImageOfPage":{"@id":"https:\/\/www.alquera.com\/experimento-cohete-quimico\/#primaryimage"},"image":{"@id":"https:\/\/www.alquera.com\/experimento-cohete-quimico\/#primaryimage"},"thumbnailUrl":"https:\/\/www.alquera.com\/wp-content\/uploads\/2023\/01\/kit-componentes-1.png","datePublished":"2020-03-06T12:18:50+00:00","dateModified":"2025-12-22T12:56:42+00:00","breadcrumb":{"@id":"https:\/\/www.alquera.com\/experimento-cohete-quimico\/#breadcrumb"},"inLanguage":"it-IT","potentialAction":[{"@type":"ReadAction","target":["https:\/\/www.alquera.com\/experimento-cohete-quimico\/"]}]},{"@type":"ImageObject","inLanguage":"it-IT","@id":"https:\/\/www.alquera.com\/experimento-cohete-quimico\/#primaryimage","url":"https:\/\/www.alquera.com\/wp-content\/uploads\/2023\/01\/kit-componentes-1.png","contentUrl":"https:\/\/www.alquera.com\/wp-content\/uploads\/2023\/01\/kit-componentes-1.png","width":900,"height":900,"caption":"kit experimento cohete quimico"},{"@type":"BreadcrumbList","@id":"https:\/\/www.alquera.com\/experimento-cohete-quimico\/#breadcrumb","itemListElement":[{"@type":"ListItem","position":1,"name":"Inicio","item":"https:\/\/www.alquera.com\/"},{"@type":"ListItem","position":2,"name":"Alquera.com: Tienda Online de Productos Qu\u00edmicos y Material de Laboratorio","item":"https:\/\/www.alquera.com\/en\/tienda\/"},{"@type":"ListItem","position":3,"name":"Reacci\u00f3n \u00c1cido-Base &#8211; Cohete Qu\u00edmico &#8211; Kit para 10 usos. #Exp3"}]},{"@type":"WebSite","@id":"https:\/\/www.alquera.com\/en\/#website","url":"https:\/\/www.alquera.com\/en\/","name":"Alquera.com","description":"Negozio online di prodotti chimici e forniture di laboratorio","publisher":{"@id":"https:\/\/www.alquera.com\/en\/#organization"},"potentialAction":[{"@type":"SearchAction","target":{"@type":"EntryPoint","urlTemplate":"https:\/\/www.alquera.com\/en\/?s={search_term_string}"},"query-input":{"@type":"PropertyValueSpecification","valueRequired":true,"valueName":"search_term_string"}}],"inLanguage":"it-IT"},{"@type":"Organization","@id":"https:\/\/www.alquera.com\/en\/#organization","name":"ALQUERA CIENCIA SL","url":"https:\/\/www.alquera.com\/en\/","logo":{"@type":"ImageObject","inLanguage":"it-IT","@id":"https:\/\/www.alquera.com\/en\/#\/schema\/logo\/image\/","url":"https:\/\/www.alquera.com\/wp-content\/uploads\/2020\/11\/logo_300_ancho.png","contentUrl":"https:\/\/www.alquera.com\/wp-content\/uploads\/2020\/11\/logo_300_ancho.png","width":300,"height":86,"caption":"ALQUERA CIENCIA SL"},"image":{"@id":"https:\/\/www.alquera.com\/en\/#\/schema\/logo\/image\/"},"sameAs":["https:\/\/www.facebook.com\/alqueraciencia","https:\/\/www.instagram.com\/alquera_ciencia\/","https:\/\/www.youtube.com\/c\/alquera"]}]},"product_price_amount":"12.90","product_price_currency":"EUR","og_availability":"instock","product_availability":"instock","product_condition":"new"},"_links":{"self":[{"href":"https:\/\/www.alquera.com\/it\/wp-json\/wp\/v2\/product\/1255","targetHints":{"allow":["GET"]}}],"collection":[{"href":"https:\/\/www.alquera.com\/it\/wp-json\/wp\/v2\/product"}],"about":[{"href":"https:\/\/www.alquera.com\/it\/wp-json\/wp\/v2\/types\/product"}],"replies":[{"embeddable":true,"href":"https:\/\/www.alquera.com\/it\/wp-json\/wp\/v2\/comments?post=1255"}],"wp:featuredmedia":[{"embeddable":true,"href":"https:\/\/www.alquera.com\/it\/wp-json\/wp\/v2\/media\/40482"}],"wp:attachment":[{"href":"https:\/\/www.alquera.com\/it\/wp-json\/wp\/v2\/media?parent=1255"}],"wp:term":[{"taxonomy":"product_brand","embeddable":true,"href":"https:\/\/www.alquera.com\/it\/wp-json\/wp\/v2\/product_brand?post=1255"},{"taxonomy":"product_cat","embeddable":true,"href":"https:\/\/www.alquera.com\/it\/wp-json\/wp\/v2\/product_cat?post=1255"},{"taxonomy":"product_tag","embeddable":true,"href":"https:\/\/www.alquera.com\/it\/wp-json\/wp\/v2\/product_tag?post=1255"}],"curies":[{"name":"wp","href":"https:\/\/api.w.org\/{rel}","templated":true}]}}