{"id":1258,"date":"2020-06-19T17:54:42","date_gmt":"2020-06-19T17:54:42","guid":{"rendered":"http:\/\/localhost\/alquera\/productos\/producto\/vaso-de-precipitados-forma-baja-1000ml-2\/"},"modified":"2026-02-23T16:12:13","modified_gmt":"2026-02-23T16:12:13","slug":"vaso-de-precipitados","status":"publish","type":"product","link":"https:\/\/www.alquera.com\/it\/vaso-de-precipitados\/","title":{"rendered":"Bicchiere in vetro precipitato Forma bassa"},"content":{"rendered":"<ul>\n<li>Bicchiere di forma bassa<\/li>\n<li>In vetro borosilicato LBG 3.3. Conforme alla norma DIN 12331.<\/li>\n<li>Graduato e con beccuccio<\/li>\n<\/ul>\n<p>A\u00a0<b>bicchiere<\/b> \u00e8 un recipiente sottile comunemente usato in laboratorio, per preparare o riscaldare sostanze, per misurare o manipolare liquidi.<\/p>\n<p>I becher che trovate ad Alquera sono in vetro borosilicato e sono graduati. La graduazione \u00e8 imprecisa, anche se \u00e8 valida per misure di volume molto approssimative, ma non dovrebbe essere utilizzata per misure di volume in cui \u00e8 necessaria un'elevata precisione.<\/p>\n<h2>BECHER IN BOROSILICATO<\/h2>\n<p>I bicchieri Alquera sono realizzati in vetro borosilicato. Il vetro borosilicato ha un coefficiente di espansione inferiore a quello del vetro comune (circa 1\/3). Questo lo rende pi\u00f9 resistente alle variazioni di temperatura rispetto al vetro comune.<\/p>\n<p>Il vetro borosilicato inizia ad ammorbidirsi a circa 821 \u00b0C.<\/p>","protected":false},"excerpt":{"rendered":"<p class=\"ai-optimize-47\">Acquista il Bicchiere per precipitati in vetro borosilicato a bassa forma 3.3. In diverse dimensioni, 100ml, 250ml, 500ml e 1000ml.  L'ordine viene effettuato direttamente sul web seguendo i passaggi indicati. \u00c8 possibile visualizzare il prezzo dei becher selezionando il formato\/la quantit\u00e0 di becher. Spedizione in 4\/5 giorni.<\/p>","protected":false},"featured_media":35895,"comment_status":"open","ping_status":"closed","template":"","meta":{"_acf_changed":false,"site-sidebar-layout":"default","site-content-layout":"default","ast-site-content-layout":"default","site-content-style":"default","site-sidebar-style":"default","ast-global-header-display":"","ast-banner-title-visibility":"","ast-main-header-display":"","ast-hfb-above-header-display":"","ast-hfb-below-header-display":"","ast-hfb-mobile-header-display":"","site-post-title":"","ast-breadcrumbs-content":"","ast-featured-img":"","footer-sml-layout":"","ast-disable-related-posts":"","theme-transparent-header-meta":"default","adv-header-id-meta":"","stick-header-meta":"default","header-above-stick-meta":"","header-main-stick-meta":"","header-below-stick-meta":"","astra-migrate-meta-layouts":"set","ast-page-background-enabled":"default","ast-page-background-meta":{"desktop":{"background-color":"var(--ast-global-color-4)","background-image":"","background-repeat":"repeat","background-position":"center center","background-size":"auto","background-attachment":"scroll","background-type":"","background-media":"","overlay-type":"","overlay-color":"","overlay-opacity":"","overlay-gradient":""},"tablet":{"background-color":"","background-image":"","background-repeat":"repeat","background-position":"center center","background-size":"auto","background-attachment":"scroll","background-type":"","background-media":"","overlay-type":"","overlay-color":"","overlay-opacity":"","overlay-gradient":""},"mobile":{"background-color":"","background-image":"","background-repeat":"repeat","background-position":"center center","background-size":"auto","background-attachment":"scroll","background-type":"","background-media":"","overlay-type":"","overlay-color":"","overlay-opacity":"","overlay-gradient":""}},"ast-content-background-meta":{"desktop":{"background-color":"var(--ast-global-color-5)","background-image":"","background-repeat":"repeat","background-position":"center center","background-size":"auto","background-attachment":"scroll","background-type":"","background-media":"","overlay-type":"","overlay-color":"","overlay-opacity":"","overlay-gradient":""},"tablet":{"background-color":"var(--ast-global-color-5)","background-image":"","background-repeat":"repeat","background-position":"center center","background-size":"auto","background-attachment":"scroll","background-type":"","background-media":"","overlay-type":"","overlay-color":"","overlay-opacity":"","overlay-gradient":""},"mobile":{"background-color":"var(--ast-global-color-5)","background-image":"","background-repeat":"repeat","background-position":"center center","background-size":"auto","background-attachment":"scroll","background-type":"","background-media":"","overlay-type":"","overlay-color":"","overlay-opacity":"","overlay-gradient":""}}},"product_brand":[],"product_cat":[389,21,26],"product_tag":[],"class_list":{"0":"post-1258","1":"product","2":"type-product","3":"status-publish","4":"has-post-thumbnail","6":"product_cat-vasos-de-precipitado","7":"product_cat-productos","8":"product_cat-material-de-laboratorio","9":"pa_cantidad-50ml","10":"pa_cantidad-100ml","11":"pa_cantidad-250ml","12":"pa_cantidad-500ml","13":"pa_cantidad-1000ml","14":"pa_cantidad-2000ml","15":"pa_cantidad-3000ml","16":"pa_cantidad-5000ml","17":"pa_unidades-247","18":"pa_unidades-388","19":"pa_unidades-249","20":"desktop-align-left","21":"tablet-align-left","22":"mobile-align-left","23":"ast-product-gallery-layout-horizontal-slider","24":"ast-product-gallery-with-no-image","25":"ast-magnify-disabled","26":"ast-product-single-variable","27":"ast-product-tabs-layout-horizontal","28":"ast-qv-on-image","30":"first","31":"instock","32":"taxable","33":"shipping-taxable","34":"purchasable","35":"product-type-variable","36":"has-default-attributes"},"acf":[],"yoast_head":"<!-- This site is optimized with the Yoast SEO Premium plugin v27.1 (Yoast SEO v27.1.1) - https:\/\/yoast.com\/product\/yoast-seo-premium-wordpress\/ -->\n<title>Vaso de Precipitados: Comprar Online - Alquera.com<\/title>\n<meta name=\"description\" content=\"ENV\u00cdOS EN 24\/48H. Comprar Vasos de Precipitados de vidrio de Borosilicato 3.3. Con pico y con graduaci\u00f3n. 100ml, 250ml, 500ml, 1000ml\" \/>\n<meta name=\"robots\" content=\"index, follow, max-snippet:-1, max-image-preview:large, max-video-preview:-1\" \/>\n<link rel=\"canonical\" href=\"https:\/\/www.alquera.com\/it\/vaso-de-precipitados\/\" \/>\n<meta property=\"og:locale\" content=\"it_IT\" \/>\n<meta property=\"og:type\" content=\"article\" \/>\n<meta property=\"og:title\" content=\"Vaso de Precipitados Vidrio Forma Baja: Comprar Online - Alquera.com\" \/>\n<meta property=\"og:description\" content=\"ENV\u00cdOS EN 24\/48H. Comprar Vasos de Precipitados de vidrio de Borosilicato 3.3. Con pico y con graduaci\u00f3n. 100ml, 250ml, 500ml, 1000ml\" \/>\n<meta property=\"og:url\" content=\"https:\/\/www.alquera.com\/it\/vaso-de-precipitados\/\" \/>\n<meta property=\"og:site_name\" content=\"Alquera.com\" \/>\n<meta property=\"article:publisher\" content=\"https:\/\/www.facebook.com\/alqueraciencia\" \/>\n<meta property=\"article:modified_time\" content=\"2026-02-23T16:12:13+00:00\" \/>\n<meta property=\"og:image\" content=\"https:\/\/www.alquera.com\/wp-content\/uploads\/2020\/06\/VASO-DE-PRECIPITADOS.png\" \/>\n\t<meta property=\"og:image:width\" content=\"400\" \/>\n\t<meta property=\"og:image:height\" content=\"400\" \/>\n\t<meta property=\"og:image:type\" content=\"image\/png\" \/>\n<meta name=\"twitter:card\" content=\"summary_large_image\" \/>\n<meta name=\"twitter:label1\" content=\"Disponibilit\u00e0\" \/>\n\t<meta name=\"twitter:data1\" content=\"In stock\" \/>\n<script type=\"application\/ld+json\" class=\"yoast-schema-graph\">{\"@context\":\"https:\/\/schema.org\",\"@graph\":[{\"@type\":[\"WebPage\",\"ItemPage\"],\"@id\":\"https:\/\/www.alquera.com\/vaso-de-precipitados\/\",\"url\":\"https:\/\/www.alquera.com\/vaso-de-precipitados\/\",\"name\":\"Vaso de Precipitados: Comprar Online - Alquera.com\",\"isPartOf\":{\"@id\":\"https:\/\/www.alquera.com\/en\/#website\"},\"primaryImageOfPage\":{\"@id\":\"https:\/\/www.alquera.com\/vaso-de-precipitados\/#primaryimage\"},\"image\":{\"@id\":\"https:\/\/www.alquera.com\/vaso-de-precipitados\/#primaryimage\"},\"thumbnailUrl\":\"https:\/\/www.alquera.com\/wp-content\/uploads\/2020\/06\/VASO-DE-PRECIPITADOS.png\",\"datePublished\":\"2020-06-19T17:54:42+00:00\",\"dateModified\":\"2026-02-23T16:12:13+00:00\",\"description\":\"ENV\u00cdOS EN 24\/48H. Comprar Vasos de Precipitados de vidrio de Borosilicato 3.3. Con pico y con graduaci\u00f3n. 100ml, 250ml, 500ml, 1000ml\",\"breadcrumb\":{\"@id\":\"https:\/\/www.alquera.com\/vaso-de-precipitados\/#breadcrumb\"},\"inLanguage\":\"it-IT\",\"potentialAction\":[{\"@type\":\"ReadAction\",\"target\":[\"https:\/\/www.alquera.com\/vaso-de-precipitados\/\"]}]},{\"@type\":\"ImageObject\",\"inLanguage\":\"it-IT\",\"@id\":\"https:\/\/www.alquera.com\/vaso-de-precipitados\/#primaryimage\",\"url\":\"https:\/\/www.alquera.com\/wp-content\/uploads\/2020\/06\/VASO-DE-PRECIPITADOS.png\",\"contentUrl\":\"https:\/\/www.alquera.com\/wp-content\/uploads\/2020\/06\/VASO-DE-PRECIPITADOS.png\",\"width\":400,\"height\":400,\"caption\":\"VASO DE PRECIPITADOS\"},{\"@type\":\"BreadcrumbList\",\"@id\":\"https:\/\/www.alquera.com\/vaso-de-precipitados\/#breadcrumb\",\"itemListElement\":[{\"@type\":\"ListItem\",\"position\":1,\"name\":\"Inicio\",\"item\":\"https:\/\/www.alquera.com\/\"},{\"@type\":\"ListItem\",\"position\":2,\"name\":\"Alquera.com: Tienda Online de Productos Qu\u00edmicos y Material de Laboratorio\",\"item\":\"https:\/\/www.alquera.com\/en\/tienda\/\"},{\"@type\":\"ListItem\",\"position\":3,\"name\":\"Vaso de Precipitados Vidrio Forma Baja\"}]},{\"@type\":\"WebSite\",\"@id\":\"https:\/\/www.alquera.com\/en\/#website\",\"url\":\"https:\/\/www.alquera.com\/en\/\",\"name\":\"Alquera.com\",\"description\":\"Tienda Online Productos Qu\u00edmicos y Material de Laboratorio\",\"publisher\":{\"@id\":\"https:\/\/www.alquera.com\/en\/#organization\"},\"potentialAction\":[{\"@type\":\"SearchAction\",\"target\":{\"@type\":\"EntryPoint\",\"urlTemplate\":\"https:\/\/www.alquera.com\/en\/?s={search_term_string}\"},\"query-input\":{\"@type\":\"PropertyValueSpecification\",\"valueRequired\":true,\"valueName\":\"search_term_string\"}}],\"inLanguage\":\"it-IT\"},{\"@type\":\"Organization\",\"@id\":\"https:\/\/www.alquera.com\/en\/#organization\",\"name\":\"ALQUERA CIENCIA SL\",\"url\":\"https:\/\/www.alquera.com\/en\/\",\"logo\":{\"@type\":\"ImageObject\",\"inLanguage\":\"it-IT\",\"@id\":\"https:\/\/www.alquera.com\/en\/#\/schema\/logo\/image\/\",\"url\":\"https:\/\/www.alquera.com\/wp-content\/uploads\/2020\/11\/logo_300_ancho.png\",\"contentUrl\":\"https:\/\/www.alquera.com\/wp-content\/uploads\/2020\/11\/logo_300_ancho.png\",\"width\":300,\"height\":86,\"caption\":\"ALQUERA CIENCIA SL\"},\"image\":{\"@id\":\"https:\/\/www.alquera.com\/en\/#\/schema\/logo\/image\/\"},\"sameAs\":[\"https:\/\/www.facebook.com\/alqueraciencia\",\"https:\/\/www.instagram.com\/alquera_ciencia\/\",\"https:\/\/www.youtube.com\/c\/alquera\"]}]}<\/script>\n<meta property=\"og:availability\" content=\"instock\" \/>\n<meta property=\"product:availability\" content=\"instock\" \/>\n<meta property=\"product:condition\" content=\"new\" \/>\n<!-- \/ Yoast SEO Premium plugin. -->","yoast_head_json":{"title":"Bicchiere precipitato: Acquistare online - Alquera.com","description":"SPEDIZIONI IN 24\/48H. Acquista Bicchieri per precipitati in vetro borosilicato 3.3. Con beccuccio e graduazione. 100ml, 250ml, 500ml, 1000ml, 1000ml.","robots":{"index":"index","follow":"follow","max-snippet":"max-snippet:-1","max-image-preview":"max-image-preview:large","max-video-preview":"max-video-preview:-1"},"canonical":"https:\/\/www.alquera.com\/it\/vaso-de-precipitados\/","og_locale":"it_IT","og_type":"article","og_title":"Vaso de Precipitados Vidrio Forma Baja: Comprar Online - Alquera.com","og_description":"ENV\u00cdOS EN 24\/48H. Comprar Vasos de Precipitados de vidrio de Borosilicato 3.3. Con pico y con graduaci\u00f3n. 100ml, 250ml, 500ml, 1000ml","og_url":"https:\/\/www.alquera.com\/it\/vaso-de-precipitados\/","og_site_name":"Alquera.com","article_publisher":"https:\/\/www.facebook.com\/alqueraciencia","article_modified_time":"2026-02-23T16:12:13+00:00","og_image":[{"width":400,"height":400,"url":"https:\/\/www.alquera.com\/wp-content\/uploads\/2020\/06\/VASO-DE-PRECIPITADOS.png","type":"image\/png"}],"twitter_card":"summary_large_image","twitter_misc":{"Disponibilit\u00e0":"In stock"},"schema":{"@context":"https:\/\/schema.org","@graph":[{"@type":["WebPage","ItemPage"],"@id":"https:\/\/www.alquera.com\/vaso-de-precipitados\/","url":"https:\/\/www.alquera.com\/vaso-de-precipitados\/","name":"Bicchiere precipitato: Acquistare online - Alquera.com","isPartOf":{"@id":"https:\/\/www.alquera.com\/en\/#website"},"primaryImageOfPage":{"@id":"https:\/\/www.alquera.com\/vaso-de-precipitados\/#primaryimage"},"image":{"@id":"https:\/\/www.alquera.com\/vaso-de-precipitados\/#primaryimage"},"thumbnailUrl":"https:\/\/www.alquera.com\/wp-content\/uploads\/2020\/06\/VASO-DE-PRECIPITADOS.png","datePublished":"2020-06-19T17:54:42+00:00","dateModified":"2026-02-23T16:12:13+00:00","description":"SPEDIZIONI IN 24\/48H. Acquista Bicchieri per precipitati in vetro borosilicato 3.3. Con beccuccio e graduazione. 100ml, 250ml, 500ml, 1000ml, 1000ml.","breadcrumb":{"@id":"https:\/\/www.alquera.com\/vaso-de-precipitados\/#breadcrumb"},"inLanguage":"it-IT","potentialAction":[{"@type":"ReadAction","target":["https:\/\/www.alquera.com\/vaso-de-precipitados\/"]}]},{"@type":"ImageObject","inLanguage":"it-IT","@id":"https:\/\/www.alquera.com\/vaso-de-precipitados\/#primaryimage","url":"https:\/\/www.alquera.com\/wp-content\/uploads\/2020\/06\/VASO-DE-PRECIPITADOS.png","contentUrl":"https:\/\/www.alquera.com\/wp-content\/uploads\/2020\/06\/VASO-DE-PRECIPITADOS.png","width":400,"height":400,"caption":"VASO DE PRECIPITADOS"},{"@type":"BreadcrumbList","@id":"https:\/\/www.alquera.com\/vaso-de-precipitados\/#breadcrumb","itemListElement":[{"@type":"ListItem","position":1,"name":"Inicio","item":"https:\/\/www.alquera.com\/"},{"@type":"ListItem","position":2,"name":"Alquera.com: Tienda Online de Productos Qu\u00edmicos y Material de Laboratorio","item":"https:\/\/www.alquera.com\/en\/tienda\/"},{"@type":"ListItem","position":3,"name":"Vaso de Precipitados Vidrio Forma Baja"}]},{"@type":"WebSite","@id":"https:\/\/www.alquera.com\/en\/#website","url":"https:\/\/www.alquera.com\/en\/","name":"Alquera.com","description":"Negozio online di prodotti chimici e forniture di laboratorio","publisher":{"@id":"https:\/\/www.alquera.com\/en\/#organization"},"potentialAction":[{"@type":"SearchAction","target":{"@type":"EntryPoint","urlTemplate":"https:\/\/www.alquera.com\/en\/?s={search_term_string}"},"query-input":{"@type":"PropertyValueSpecification","valueRequired":true,"valueName":"search_term_string"}}],"inLanguage":"it-IT"},{"@type":"Organization","@id":"https:\/\/www.alquera.com\/en\/#organization","name":"ALQUERA CIENCIA SL","url":"https:\/\/www.alquera.com\/en\/","logo":{"@type":"ImageObject","inLanguage":"it-IT","@id":"https:\/\/www.alquera.com\/en\/#\/schema\/logo\/image\/","url":"https:\/\/www.alquera.com\/wp-content\/uploads\/2020\/11\/logo_300_ancho.png","contentUrl":"https:\/\/www.alquera.com\/wp-content\/uploads\/2020\/11\/logo_300_ancho.png","width":300,"height":86,"caption":"ALQUERA CIENCIA SL"},"image":{"@id":"https:\/\/www.alquera.com\/en\/#\/schema\/logo\/image\/"},"sameAs":["https:\/\/www.facebook.com\/alqueraciencia","https:\/\/www.instagram.com\/alquera_ciencia\/","https:\/\/www.youtube.com\/c\/alquera"]}]},"og_availability":"instock","product_availability":"instock","product_condition":"new"},"_links":{"self":[{"href":"https:\/\/www.alquera.com\/it\/wp-json\/wp\/v2\/product\/1258","targetHints":{"allow":["GET"]}}],"collection":[{"href":"https:\/\/www.alquera.com\/it\/wp-json\/wp\/v2\/product"}],"about":[{"href":"https:\/\/www.alquera.com\/it\/wp-json\/wp\/v2\/types\/product"}],"replies":[{"embeddable":true,"href":"https:\/\/www.alquera.com\/it\/wp-json\/wp\/v2\/comments?post=1258"}],"wp:featuredmedia":[{"embeddable":true,"href":"https:\/\/www.alquera.com\/it\/wp-json\/wp\/v2\/media\/35895"}],"wp:attachment":[{"href":"https:\/\/www.alquera.com\/it\/wp-json\/wp\/v2\/media?parent=1258"}],"wp:term":[{"taxonomy":"product_brand","embeddable":true,"href":"https:\/\/www.alquera.com\/it\/wp-json\/wp\/v2\/product_brand?post=1258"},{"taxonomy":"product_cat","embeddable":true,"href":"https:\/\/www.alquera.com\/it\/wp-json\/wp\/v2\/product_cat?post=1258"},{"taxonomy":"product_tag","embeddable":true,"href":"https:\/\/www.alquera.com\/it\/wp-json\/wp\/v2\/product_tag?post=1258"}],"curies":[{"name":"wp","href":"https:\/\/api.w.org\/{rel}","templated":true}]}}