{"id":1275,"date":"2020-09-18T18:07:22","date_gmt":"2020-09-18T18:07:22","guid":{"rendered":"http:\/\/localhost\/alquera\/productos\/producto\/fosfato-monopotasico\/"},"modified":"2026-04-14T09:55:13","modified_gmt":"2026-04-14T09:55:13","slug":"fosfato-monopotasico","status":"publish","type":"product","link":"https:\/\/www.alquera.com\/it\/fosfato-monopotasico\/","title":{"rendered":"Fosfato Monopotassico"},"content":{"rendered":"<p>Il fosfato monopotassico, noto anche come MKP, \u00e8 un fertilizzante utilizzato per fornire fosforo e potassio alle piante. \u00c8 la base di molti fertilizzanti ed \u00e8 molto solubile in acqua. Oltre al fosfato monopotassico, vengono utilizzati anche il solfato di potassio e il nitrato di potassio. Il fosforo \u00e8 uno dei 12 nutrienti essenziali per la crescita e lo sviluppo delle piante ed \u00e8 uno dei 3 macronutrienti principali.<\/p>\n<h2>IDENTIFICAZIONE E PROPRIET\u00c0<\/h2>\n<p><strong>Nome:<\/strong> Fosfato Monopotassico<br \/>\n<strong>Sinonimi:<\/strong> Ortofosfato di potassio diidrogeno<br \/>\n<strong>Formula chimica:<\/strong> KH2PO4<br \/>\n<strong>CE:<\/strong> 231-913-4<br \/>\n<strong>CAS :<\/strong> 7778-77-0<\/p>\n<ul>\n<li>Stato fisico: Solido (cristallino)<\/li>\n<li>Colore: Bianco<\/li>\n<li>Odore: inodore<\/li>\n<li>Punto di fusione\/punto di congelamento: 253\u00baC<\/li>\n<li>Punto di ebollizione iniziale e intervallo di ebollizione: &gt;450\u00baC<\/li>\n<li>Infiammabilit\u00e0 (solido\/gas): non infiammabile<\/li>\n<li>Solubilit\u00e0: liberamente solubile nei seguenti materiali: acqua fredda.<\/li>\n<li>Solubilit\u00e0 in acqua: &gt;100 g\/l @ 20\u00baC<\/li>\n<li>Propriet\u00e0 esplosive: Nessuna<\/li>\n<\/ul>\n<h2>USI<\/h2>\n<ul>\n<li>Uso industriale per la preparazione di miscele chimiche<\/li>\n<li>Preparazione professionale dei prodotti fertilizzanti<\/li>\n<li>Uso professionale come fertilizzante agricolo: carico e spandimento.<\/li>\n<li>Uso professionale come fertilizzante nelle serre.<\/li>\n<li>Uso professionale come fertilizzante liquido in campo aperto (es. fertirrigazione).<\/li>\n<li>Uso professionale come fertilizzante: manutenzione delle attrezzature.<\/li>\n<\/ul>\n<h2>SCHEDA DI SICUREZZA<\/h2>\n<p>Scarica la scheda di sicurezza del fosfato MKP: <a href=\"https:\/\/www.alquera.com\/it\/?attachment_id=32539\" rel=\"attachment wp-att-32539\">MSDS FOSFATO MONOPOTASSICO<\/a><\/p>\n<h3>ALTRE INFORMAZIONI DI INTERESSE<\/h3>\n<p>Informazioni sulla nutrizione delle piante in base al tipo di coltura: <a href=\"https:\/\/www.yara.es\/nutricion-vegetal\/cultivos\/\" target=\"_blank\" rel=\"noopener noreferrer\">Concimi - colture<\/a><\/p>\n<p>&nbsp;<\/p>","protected":false},"excerpt":{"rendered":"<p><strong>Acquistare il fosfato monopotassico<\/strong>noto anche come MKP. Il fosfato monopotassico \u00e8 un fertilizzante utilizzato per fornire fosforo e potassio alle piante. \u00c8 la base di molti fertilizzanti ed \u00e8 molto solubile in acqua. Insieme al fosfato monopotassico, \u00e8 comunemente usato anche come fertilizzante. <a href=\"https:\/\/www.alquera.com\/it\/sulfato-de-potasio\/\">solfato di potassio<\/a> e il <a href=\"https:\/\/www.alquera.com\/it\/nitrato-de-potasio\/\">nitrato di potassio<\/a>. Nel caso degli acquari, abbiamo una <a href=\"https:\/\/www.alquera.com\/it\/pack-acuario\/\">pacchetto acquario<\/a> con i 3 componenti principali. Ad Alquera \u00e8 possibile acquistare fosfato monopotassico nei formati da 1Kg, 5Kg e 25Kg. Consegne in 4\/5 giorni.<\/p>","protected":false},"featured_media":35830,"comment_status":"open","ping_status":"closed","template":"","meta":{"_acf_changed":false,"site-sidebar-layout":"default","site-content-layout":"default","ast-site-content-layout":"default","site-content-style":"default","site-sidebar-style":"default","ast-global-header-display":"","ast-banner-title-visibility":"","ast-main-header-display":"","ast-hfb-above-header-display":"","ast-hfb-below-header-display":"","ast-hfb-mobile-header-display":"","site-post-title":"","ast-breadcrumbs-content":"","ast-featured-img":"","footer-sml-layout":"","ast-disable-related-posts":"","theme-transparent-header-meta":"default","adv-header-id-meta":"","stick-header-meta":"default","header-above-stick-meta":"","header-main-stick-meta":"","header-below-stick-meta":"","astra-migrate-meta-layouts":"set","ast-page-background-enabled":"default","ast-page-background-meta":{"desktop":{"background-color":"var(--ast-global-color-4)","background-image":"","background-repeat":"repeat","background-position":"center center","background-size":"auto","background-attachment":"scroll","background-type":"","background-media":"","overlay-type":"","overlay-color":"","overlay-opacity":"","overlay-gradient":""},"tablet":{"background-color":"","background-image":"","background-repeat":"repeat","background-position":"center center","background-size":"auto","background-attachment":"scroll","background-type":"","background-media":"","overlay-type":"","overlay-color":"","overlay-opacity":"","overlay-gradient":""},"mobile":{"background-color":"","background-image":"","background-repeat":"repeat","background-position":"center center","background-size":"auto","background-attachment":"scroll","background-type":"","background-media":"","overlay-type":"","overlay-color":"","overlay-opacity":"","overlay-gradient":""}},"ast-content-background-meta":{"desktop":{"background-color":"var(--ast-global-color-5)","background-image":"","background-repeat":"repeat","background-position":"center center","background-size":"auto","background-attachment":"scroll","background-type":"","background-media":"","overlay-type":"","overlay-color":"","overlay-opacity":"","overlay-gradient":""},"tablet":{"background-color":"var(--ast-global-color-5)","background-image":"","background-repeat":"repeat","background-position":"center center","background-size":"auto","background-attachment":"scroll","background-type":"","background-media":"","overlay-type":"","overlay-color":"","overlay-opacity":"","overlay-gradient":""},"mobile":{"background-color":"var(--ast-global-color-5)","background-image":"","background-repeat":"repeat","background-position":"center center","background-size":"auto","background-attachment":"scroll","background-type":"","background-media":"","overlay-type":"","overlay-color":"","overlay-opacity":"","overlay-gradient":""}}},"product_brand":[],"product_cat":[213,21],"product_tag":[],"class_list":{"0":"post-1275","1":"product","2":"type-product","3":"status-publish","4":"has-post-thumbnail","6":"product_cat-agroquimicos","7":"product_cat-productos","8":"pa_cantidad-250g","9":"pa_cantidad-1kg","10":"pa_cantidad-5kg","11":"pa_cantidad-25kg","12":"desktop-align-left","13":"tablet-align-left","14":"mobile-align-left","15":"ast-product-gallery-layout-horizontal-slider","16":"ast-magnify-disabled","17":"ast-product-single-variable","18":"ast-product-tabs-layout-horizontal","19":"ast-qv-on-image","21":"first","22":"instock","23":"taxable","24":"shipping-taxable","25":"purchasable","26":"product-type-variable","27":"has-default-attributes"},"acf":[],"yoast_head":"<!-- This site is optimized with the Yoast SEO Premium plugin v27.1 (Yoast SEO v27.1.1) - https:\/\/yoast.com\/product\/yoast-seo-premium-wordpress\/ -->\n<title>Fosfato Monopot\u00e1sico: Comprar - Alquera.com<\/title>\n<meta name=\"description\" content=\"ENV\u00cdOS EN 24\/48H Comprar fosfato monopot\u00e1sico, como abono simple para plantas. Aporte de f\u00f3sforo para el crecimiento de las plantas.\" \/>\n<meta name=\"robots\" content=\"index, follow, max-snippet:-1, max-image-preview:large, max-video-preview:-1\" \/>\n<link rel=\"canonical\" href=\"https:\/\/www.alquera.com\/it\/fosfato-monopotasico\/\" \/>\n<meta property=\"og:locale\" content=\"it_IT\" \/>\n<meta property=\"og:type\" content=\"article\" \/>\n<meta property=\"og:title\" content=\"Fosfato Monopot\u00e1sico: Comprar Online - Alquera.com\" \/>\n<meta property=\"og:description\" content=\"ENV\u00cdOS EN 24\/48H Comprar fosfato monopot\u00e1sico, como abono simple para plantas. Aporte de f\u00f3sforo para el crecimiento de las plantas.\" \/>\n<meta property=\"og:url\" content=\"https:\/\/www.alquera.com\/it\/fosfato-monopotasico\/\" \/>\n<meta property=\"og:site_name\" content=\"Alquera.com\" \/>\n<meta property=\"article:publisher\" content=\"https:\/\/www.facebook.com\/alqueraciencia\" \/>\n<meta property=\"article:modified_time\" content=\"2026-04-14T09:55:13+00:00\" \/>\n<meta property=\"og:image\" content=\"https:\/\/www.alquera.com\/wp-content\/uploads\/2020\/09\/FOSFATO-MONOPOTASICO.png\" \/>\n\t<meta property=\"og:image:width\" content=\"800\" \/>\n\t<meta property=\"og:image:height\" content=\"800\" \/>\n\t<meta property=\"og:image:type\" content=\"image\/png\" \/>\n<meta name=\"twitter:card\" content=\"summary_large_image\" \/>\n<meta name=\"twitter:label1\" content=\"Disponibilit\u00e0\" \/>\n\t<meta name=\"twitter:data1\" content=\"In stock\" \/>\n<script type=\"application\/ld+json\" class=\"yoast-schema-graph\">{\"@context\":\"https:\/\/schema.org\",\"@graph\":[{\"@type\":[\"WebPage\",\"ItemPage\"],\"@id\":\"https:\/\/www.alquera.com\/fosfato-monopotasico\/\",\"url\":\"https:\/\/www.alquera.com\/fosfato-monopotasico\/\",\"name\":\"Fosfato Monopot\u00e1sico: Comprar - Alquera.com\",\"isPartOf\":{\"@id\":\"https:\/\/www.alquera.com\/en\/#website\"},\"primaryImageOfPage\":{\"@id\":\"https:\/\/www.alquera.com\/fosfato-monopotasico\/#primaryimage\"},\"image\":{\"@id\":\"https:\/\/www.alquera.com\/fosfato-monopotasico\/#primaryimage\"},\"thumbnailUrl\":\"https:\/\/www.alquera.com\/wp-content\/uploads\/2020\/09\/FOSFATO-MONOPOTASICO.png\",\"datePublished\":\"2020-09-18T18:07:22+00:00\",\"dateModified\":\"2026-04-14T09:55:13+00:00\",\"description\":\"ENV\u00cdOS EN 24\/48H Comprar fosfato monopot\u00e1sico, como abono simple para plantas. Aporte de f\u00f3sforo para el crecimiento de las plantas.\",\"breadcrumb\":{\"@id\":\"https:\/\/www.alquera.com\/fosfato-monopotasico\/#breadcrumb\"},\"inLanguage\":\"it-IT\",\"potentialAction\":[{\"@type\":\"ReadAction\",\"target\":[\"https:\/\/www.alquera.com\/fosfato-monopotasico\/\"]}]},{\"@type\":\"ImageObject\",\"inLanguage\":\"it-IT\",\"@id\":\"https:\/\/www.alquera.com\/fosfato-monopotasico\/#primaryimage\",\"url\":\"https:\/\/www.alquera.com\/wp-content\/uploads\/2020\/09\/FOSFATO-MONOPOTASICO.png\",\"contentUrl\":\"https:\/\/www.alquera.com\/wp-content\/uploads\/2020\/09\/FOSFATO-MONOPOTASICO.png\",\"width\":800,\"height\":800,\"caption\":\"FOSFATO MONOPOTASICO\"},{\"@type\":\"BreadcrumbList\",\"@id\":\"https:\/\/www.alquera.com\/fosfato-monopotasico\/#breadcrumb\",\"itemListElement\":[{\"@type\":\"ListItem\",\"position\":1,\"name\":\"Inicio\",\"item\":\"https:\/\/www.alquera.com\/\"},{\"@type\":\"ListItem\",\"position\":2,\"name\":\"Alquera.com: Tienda Online de Productos Qu\u00edmicos y Material de Laboratorio\",\"item\":\"https:\/\/www.alquera.com\/en\/tienda\/\"},{\"@type\":\"ListItem\",\"position\":3,\"name\":\"Fosfato Monopot\u00e1sico\"}]},{\"@type\":\"WebSite\",\"@id\":\"https:\/\/www.alquera.com\/en\/#website\",\"url\":\"https:\/\/www.alquera.com\/en\/\",\"name\":\"Alquera.com\",\"description\":\"Tienda Online Productos Qu\u00edmicos y Material de Laboratorio\",\"publisher\":{\"@id\":\"https:\/\/www.alquera.com\/en\/#organization\"},\"potentialAction\":[{\"@type\":\"SearchAction\",\"target\":{\"@type\":\"EntryPoint\",\"urlTemplate\":\"https:\/\/www.alquera.com\/en\/?s={search_term_string}\"},\"query-input\":{\"@type\":\"PropertyValueSpecification\",\"valueRequired\":true,\"valueName\":\"search_term_string\"}}],\"inLanguage\":\"it-IT\"},{\"@type\":\"Organization\",\"@id\":\"https:\/\/www.alquera.com\/en\/#organization\",\"name\":\"ALQUERA CIENCIA SL\",\"url\":\"https:\/\/www.alquera.com\/en\/\",\"logo\":{\"@type\":\"ImageObject\",\"inLanguage\":\"it-IT\",\"@id\":\"https:\/\/www.alquera.com\/en\/#\/schema\/logo\/image\/\",\"url\":\"https:\/\/www.alquera.com\/wp-content\/uploads\/2020\/11\/logo_300_ancho.png\",\"contentUrl\":\"https:\/\/www.alquera.com\/wp-content\/uploads\/2020\/11\/logo_300_ancho.png\",\"width\":300,\"height\":86,\"caption\":\"ALQUERA CIENCIA SL\"},\"image\":{\"@id\":\"https:\/\/www.alquera.com\/en\/#\/schema\/logo\/image\/\"},\"sameAs\":[\"https:\/\/www.facebook.com\/alqueraciencia\",\"https:\/\/www.instagram.com\/alquera_ciencia\/\",\"https:\/\/www.youtube.com\/c\/alquera\"]}]}<\/script>\n<meta property=\"product:brand\" content=\"Alquera\" \/>\n<meta property=\"og:availability\" content=\"instock\" \/>\n<meta property=\"product:availability\" content=\"instock\" \/>\n<meta property=\"product:retailer_item_id\" content=\"5Q-0EFL-N90V\" \/>\n<meta property=\"product:condition\" content=\"new\" \/>\n<!-- \/ Yoast SEO Premium plugin. -->","yoast_head_json":{"title":"Fosfato monopotassico: Acquistare - Alquera.com","description":"SPEDIZIONE IN 24\/48H Acquistate il fosfato monopotassico come semplice fertilizzante per le piante. Fornisce fosforo per la crescita delle piante.","robots":{"index":"index","follow":"follow","max-snippet":"max-snippet:-1","max-image-preview":"max-image-preview:large","max-video-preview":"max-video-preview:-1"},"canonical":"https:\/\/www.alquera.com\/it\/fosfato-monopotasico\/","og_locale":"it_IT","og_type":"article","og_title":"Fosfato Monopot\u00e1sico: Comprar Online - Alquera.com","og_description":"ENV\u00cdOS EN 24\/48H Comprar fosfato monopot\u00e1sico, como abono simple para plantas. Aporte de f\u00f3sforo para el crecimiento de las plantas.","og_url":"https:\/\/www.alquera.com\/it\/fosfato-monopotasico\/","og_site_name":"Alquera.com","article_publisher":"https:\/\/www.facebook.com\/alqueraciencia","article_modified_time":"2026-04-14T09:55:13+00:00","og_image":[{"width":800,"height":800,"url":"https:\/\/www.alquera.com\/wp-content\/uploads\/2020\/09\/FOSFATO-MONOPOTASICO.png","type":"image\/png"}],"twitter_card":"summary_large_image","twitter_misc":{"Disponibilit\u00e0":"In stock"},"schema":{"@context":"https:\/\/schema.org","@graph":[{"@type":["WebPage","ItemPage"],"@id":"https:\/\/www.alquera.com\/fosfato-monopotasico\/","url":"https:\/\/www.alquera.com\/fosfato-monopotasico\/","name":"Fosfato monopotassico: Acquistare - Alquera.com","isPartOf":{"@id":"https:\/\/www.alquera.com\/en\/#website"},"primaryImageOfPage":{"@id":"https:\/\/www.alquera.com\/fosfato-monopotasico\/#primaryimage"},"image":{"@id":"https:\/\/www.alquera.com\/fosfato-monopotasico\/#primaryimage"},"thumbnailUrl":"https:\/\/www.alquera.com\/wp-content\/uploads\/2020\/09\/FOSFATO-MONOPOTASICO.png","datePublished":"2020-09-18T18:07:22+00:00","dateModified":"2026-04-14T09:55:13+00:00","description":"SPEDIZIONE IN 24\/48H Acquistate il fosfato monopotassico come semplice fertilizzante per le piante. Fornisce fosforo per la crescita delle piante.","breadcrumb":{"@id":"https:\/\/www.alquera.com\/fosfato-monopotasico\/#breadcrumb"},"inLanguage":"it-IT","potentialAction":[{"@type":"ReadAction","target":["https:\/\/www.alquera.com\/fosfato-monopotasico\/"]}]},{"@type":"ImageObject","inLanguage":"it-IT","@id":"https:\/\/www.alquera.com\/fosfato-monopotasico\/#primaryimage","url":"https:\/\/www.alquera.com\/wp-content\/uploads\/2020\/09\/FOSFATO-MONOPOTASICO.png","contentUrl":"https:\/\/www.alquera.com\/wp-content\/uploads\/2020\/09\/FOSFATO-MONOPOTASICO.png","width":800,"height":800,"caption":"FOSFATO MONOPOTASICO"},{"@type":"BreadcrumbList","@id":"https:\/\/www.alquera.com\/fosfato-monopotasico\/#breadcrumb","itemListElement":[{"@type":"ListItem","position":1,"name":"Inicio","item":"https:\/\/www.alquera.com\/"},{"@type":"ListItem","position":2,"name":"Alquera.com: Tienda Online de Productos Qu\u00edmicos y Material de Laboratorio","item":"https:\/\/www.alquera.com\/en\/tienda\/"},{"@type":"ListItem","position":3,"name":"Fosfato Monopot\u00e1sico"}]},{"@type":"WebSite","@id":"https:\/\/www.alquera.com\/en\/#website","url":"https:\/\/www.alquera.com\/en\/","name":"Alquera.com","description":"Negozio online di prodotti chimici e forniture di laboratorio","publisher":{"@id":"https:\/\/www.alquera.com\/en\/#organization"},"potentialAction":[{"@type":"SearchAction","target":{"@type":"EntryPoint","urlTemplate":"https:\/\/www.alquera.com\/en\/?s={search_term_string}"},"query-input":{"@type":"PropertyValueSpecification","valueRequired":true,"valueName":"search_term_string"}}],"inLanguage":"it-IT"},{"@type":"Organization","@id":"https:\/\/www.alquera.com\/en\/#organization","name":"ALQUERA CIENCIA SL","url":"https:\/\/www.alquera.com\/en\/","logo":{"@type":"ImageObject","inLanguage":"it-IT","@id":"https:\/\/www.alquera.com\/en\/#\/schema\/logo\/image\/","url":"https:\/\/www.alquera.com\/wp-content\/uploads\/2020\/11\/logo_300_ancho.png","contentUrl":"https:\/\/www.alquera.com\/wp-content\/uploads\/2020\/11\/logo_300_ancho.png","width":300,"height":86,"caption":"ALQUERA CIENCIA SL"},"image":{"@id":"https:\/\/www.alquera.com\/en\/#\/schema\/logo\/image\/"},"sameAs":["https:\/\/www.facebook.com\/alqueraciencia","https:\/\/www.instagram.com\/alquera_ciencia\/","https:\/\/www.youtube.com\/c\/alquera"]}]},"product_brand":"Alquera","og_availability":"instock","product_availability":"instock","product_retailer_item_id":"5Q-0EFL-N90V","product_condition":"new"},"_links":{"self":[{"href":"https:\/\/www.alquera.com\/it\/wp-json\/wp\/v2\/product\/1275","targetHints":{"allow":["GET"]}}],"collection":[{"href":"https:\/\/www.alquera.com\/it\/wp-json\/wp\/v2\/product"}],"about":[{"href":"https:\/\/www.alquera.com\/it\/wp-json\/wp\/v2\/types\/product"}],"replies":[{"embeddable":true,"href":"https:\/\/www.alquera.com\/it\/wp-json\/wp\/v2\/comments?post=1275"}],"wp:featuredmedia":[{"embeddable":true,"href":"https:\/\/www.alquera.com\/it\/wp-json\/wp\/v2\/media\/35830"}],"wp:attachment":[{"href":"https:\/\/www.alquera.com\/it\/wp-json\/wp\/v2\/media?parent=1275"}],"wp:term":[{"taxonomy":"product_brand","embeddable":true,"href":"https:\/\/www.alquera.com\/it\/wp-json\/wp\/v2\/product_brand?post=1275"},{"taxonomy":"product_cat","embeddable":true,"href":"https:\/\/www.alquera.com\/it\/wp-json\/wp\/v2\/product_cat?post=1275"},{"taxonomy":"product_tag","embeddable":true,"href":"https:\/\/www.alquera.com\/it\/wp-json\/wp\/v2\/product_tag?post=1275"}],"curies":[{"name":"wp","href":"https:\/\/api.w.org\/{rel}","templated":true}]}}