{"id":32775,"date":"2021-01-29T09:52:16","date_gmt":"2021-01-29T09:52:16","guid":{"rendered":"https:\/\/www.alquera.com\/?post_type=product&#038;p=32775"},"modified":"2026-03-30T14:56:24","modified_gmt":"2026-03-30T14:56:24","slug":"azul-de-metileno-1","status":"publish","type":"product","link":"https:\/\/www.alquera.com\/it\/azul-de-metileno-1\/","title":{"rendered":"Blu di Metilene 1%"},"content":{"rendered":"<p>Il blu di metilene, chiamato anche cloruro di metiltionina, \u00e8 un colorante organico con molteplici funzioni. \u00c8 noto anche come cloruro di metiltionina. Ha grandi propriet\u00e0 antisettiche e curative. Viene utilizzato in acquacoltura con i pesci tropicali per trattare le infestazioni fungine. Pu\u00f2 essere efficace nel trattamento dei pesci infettati dal parassita protozoo rotozoo ich: ichthyophthirius multifiliis, nonch\u00e9 per la disinfezione e la guarigione delle ferite nei pesci. <span class=\"a-list-item\">Per uso diretto in acquario: soluzione 1%. Dosaggio: 1 goccia di soluzione 1% per 1 litro d'acqua.<\/span><\/p>\n<h2>IDENTIFICAZIONE E PROPRIET\u00c0<\/h2>\n<p><strong>Nome:<\/strong> Blu di Metilene<br \/>\n<strong>Concentrazione:<\/strong> 1%<\/p>\n<ul>\n<li>Stato fisico (20\u00baC): liquido+<\/li>\n<li>Colore: blu<\/li>\n<li>Odore: inodore<\/li>\n<li>Punto di ebollizione\/punto di ebollizione iniziale\/intervallo di ebollizione: \u2265 100\u00baC (stimato)<\/li>\n<li>Pressione di vapore: trascurabile<\/li>\n<li>Infiammabilit\u00e0: non altamente infiammabile<\/li>\n<li>Punto di fusione: &gt; 100 (180-190) \u00baC (cloruro di metiltioninio, blu di metilene)<\/li>\n<li>pH: 4-6 (10 g\/L, 20 \u00baC) (cloruro di metiltioninio, blu di metilene)<\/li>\n<li>Solubilit\u00e0: Solubile in acqua<\/li>\n<li>Solubilit\u00e0 in acqua: 50 g\/L (20 \u00baC) (cloruro di metiltioninio, blu di metilene)<\/li>\n<\/ul>\n<p>&nbsp;<\/p>\n<p>&nbsp;<\/p>","protected":false},"excerpt":{"rendered":"<p>Acquistare il blu di metilene 1% nei formati da 125 ml e 250 ml. <strong>NON ADATTO AL CONSUMO UMANO.<\/strong> Il prezzo dei diversi formati di Methylene Blue 1% pu\u00f2 essere visualizzato selezionando il formato desiderato. L'ordine viene effettuato direttamente via web seguendo i passaggi indicati e la consegna avviene in 4\/5 giorni. \u00c8 inoltre possibile trovare <a href=\"https:\/\/www.alquera.com\/it\/azul-de-metileno\/\">Blu di metilene in polvere<\/a>.<\/p>","protected":false},"featured_media":34232,"comment_status":"open","ping_status":"closed","template":"","meta":{"_acf_changed":false,"site-sidebar-layout":"default","site-content-layout":"default","ast-site-content-layout":"default","site-content-style":"default","site-sidebar-style":"default","ast-global-header-display":"","ast-banner-title-visibility":"","ast-main-header-display":"","ast-hfb-above-header-display":"","ast-hfb-below-header-display":"","ast-hfb-mobile-header-display":"","site-post-title":"","ast-breadcrumbs-content":"","ast-featured-img":"","footer-sml-layout":"","ast-disable-related-posts":"","theme-transparent-header-meta":"default","adv-header-id-meta":"","stick-header-meta":"default","header-above-stick-meta":"","header-main-stick-meta":"","header-below-stick-meta":"","astra-migrate-meta-layouts":"default","ast-page-background-enabled":"default","ast-page-background-meta":{"desktop":{"background-color":"var(--ast-global-color-4)","background-image":"","background-repeat":"repeat","background-position":"center center","background-size":"auto","background-attachment":"scroll","background-type":"","background-media":"","overlay-type":"","overlay-color":"","overlay-opacity":"","overlay-gradient":""},"tablet":{"background-color":"","background-image":"","background-repeat":"repeat","background-position":"center center","background-size":"auto","background-attachment":"scroll","background-type":"","background-media":"","overlay-type":"","overlay-color":"","overlay-opacity":"","overlay-gradient":""},"mobile":{"background-color":"","background-image":"","background-repeat":"repeat","background-position":"center center","background-size":"auto","background-attachment":"scroll","background-type":"","background-media":"","overlay-type":"","overlay-color":"","overlay-opacity":"","overlay-gradient":""}},"ast-content-background-meta":{"desktop":{"background-color":"var(--ast-global-color-5)","background-image":"","background-repeat":"repeat","background-position":"center center","background-size":"auto","background-attachment":"scroll","background-type":"","background-media":"","overlay-type":"","overlay-color":"","overlay-opacity":"","overlay-gradient":""},"tablet":{"background-color":"var(--ast-global-color-5)","background-image":"","background-repeat":"repeat","background-position":"center center","background-size":"auto","background-attachment":"scroll","background-type":"","background-media":"","overlay-type":"","overlay-color":"","overlay-opacity":"","overlay-gradient":""},"mobile":{"background-color":"var(--ast-global-color-5)","background-image":"","background-repeat":"repeat","background-position":"center center","background-size":"auto","background-attachment":"scroll","background-type":"","background-media":"","overlay-type":"","overlay-color":"","overlay-opacity":"","overlay-gradient":""}}},"product_brand":[],"product_cat":[213],"product_tag":[],"class_list":{"0":"post-32775","1":"product","2":"type-product","3":"status-publish","4":"has-post-thumbnail","6":"product_cat-agroquimicos","7":"pa_cantidad-125ml","8":"pa_cantidad-500ml","9":"desktop-align-left","10":"tablet-align-left","11":"mobile-align-left","12":"ast-product-gallery-layout-horizontal-slider","13":"ast-magnify-disabled","14":"ast-product-single-variable","15":"ast-product-tabs-layout-horizontal","16":"ast-qv-on-image","18":"first","19":"instock","20":"taxable","21":"shipping-taxable","22":"purchasable","23":"product-type-variable","24":"has-default-attributes"},"acf":[],"yoast_head":"<!-- This site is optimized with the Yoast SEO Premium plugin v27.1 (Yoast SEO v27.1.1) - https:\/\/yoast.com\/product\/yoast-seo-premium-wordpress\/ -->\n<title>Azul de Metileno 1%: Comprar Online - Alquera.com<\/title>\n<meta name=\"description\" content=\"Comprar Azul de Metileno con una concentraci\u00f3n del 1%. Especial acuarios 1 gota por litro de agua. Env\u00edos en 24\/48h a toda la Pen\u00ednsula.\" \/>\n<meta name=\"robots\" content=\"index, follow, max-snippet:-1, max-image-preview:large, max-video-preview:-1\" \/>\n<link rel=\"canonical\" href=\"https:\/\/www.alquera.com\/it\/azul-de-metileno-1\/\" \/>\n<meta property=\"og:locale\" content=\"it_IT\" \/>\n<meta property=\"og:type\" content=\"article\" \/>\n<meta property=\"og:title\" content=\"Azul de Metileno 1%: Comprar Online - Alquera.com\" \/>\n<meta property=\"og:description\" content=\"Comprar Azul de Metileno con una concentraci\u00f3n del 1%. Especial acuarios 1 gota por litro de agua. Env\u00edos en 24\/48h a toda la Pen\u00ednsula.\" \/>\n<meta property=\"og:url\" content=\"https:\/\/www.alquera.com\/it\/azul-de-metileno-1\/\" \/>\n<meta property=\"og:site_name\" content=\"Alquera.com\" \/>\n<meta property=\"article:publisher\" content=\"https:\/\/www.facebook.com\/alqueraciencia\" \/>\n<meta property=\"article:modified_time\" content=\"2026-03-30T14:56:24+00:00\" \/>\n<meta property=\"og:image\" content=\"https:\/\/www.alquera.com\/wp-content\/uploads\/2021\/01\/IMG-7193-scaled.jpg\" \/>\n\t<meta property=\"og:image:width\" content=\"800\" \/>\n\t<meta property=\"og:image:height\" content=\"800\" \/>\n\t<meta property=\"og:image:type\" content=\"image\/jpeg\" \/>\n<meta name=\"twitter:card\" content=\"summary_large_image\" \/>\n<meta name=\"twitter:label1\" content=\"Disponibilit\u00e0\" \/>\n\t<meta name=\"twitter:data1\" content=\"In stock\" \/>\n<script type=\"application\/ld+json\" class=\"yoast-schema-graph\">{\"@context\":\"https:\/\/schema.org\",\"@graph\":[{\"@type\":[\"WebPage\",\"ItemPage\"],\"@id\":\"https:\/\/www.alquera.com\/azul-de-metileno-1\/\",\"url\":\"https:\/\/www.alquera.com\/azul-de-metileno-1\/\",\"name\":\"Azul de Metileno 1%: Comprar Online - Alquera.com\",\"isPartOf\":{\"@id\":\"https:\/\/www.alquera.com\/en\/#website\"},\"primaryImageOfPage\":{\"@id\":\"https:\/\/www.alquera.com\/azul-de-metileno-1\/#primaryimage\"},\"image\":{\"@id\":\"https:\/\/www.alquera.com\/azul-de-metileno-1\/#primaryimage\"},\"thumbnailUrl\":\"https:\/\/www.alquera.com\/wp-content\/uploads\/2021\/01\/IMG-7193-scaled.jpg\",\"datePublished\":\"2021-01-29T09:52:16+00:00\",\"dateModified\":\"2026-03-30T14:56:24+00:00\",\"description\":\"Comprar Azul de Metileno con una concentraci\u00f3n del 1%. Especial acuarios 1 gota por litro de agua. Env\u00edos en 24\/48h a toda la Pen\u00ednsula.\",\"breadcrumb\":{\"@id\":\"https:\/\/www.alquera.com\/azul-de-metileno-1\/#breadcrumb\"},\"inLanguage\":\"it-IT\",\"potentialAction\":[{\"@type\":\"ReadAction\",\"target\":[\"https:\/\/www.alquera.com\/azul-de-metileno-1\/\"]}]},{\"@type\":\"ImageObject\",\"inLanguage\":\"it-IT\",\"@id\":\"https:\/\/www.alquera.com\/azul-de-metileno-1\/#primaryimage\",\"url\":\"https:\/\/www.alquera.com\/wp-content\/uploads\/2021\/01\/IMG-7193-scaled.jpg\",\"contentUrl\":\"https:\/\/www.alquera.com\/wp-content\/uploads\/2021\/01\/IMG-7193-scaled.jpg\",\"width\":800,\"height\":800,\"caption\":\"Azul de Metileno 1%\"},{\"@type\":\"BreadcrumbList\",\"@id\":\"https:\/\/www.alquera.com\/azul-de-metileno-1\/#breadcrumb\",\"itemListElement\":[{\"@type\":\"ListItem\",\"position\":1,\"name\":\"Inicio\",\"item\":\"https:\/\/www.alquera.com\/\"},{\"@type\":\"ListItem\",\"position\":2,\"name\":\"Alquera.com: Tienda Online de Productos Qu\u00edmicos y Material de Laboratorio\",\"item\":\"https:\/\/www.alquera.com\/en\/tienda\/\"},{\"@type\":\"ListItem\",\"position\":3,\"name\":\"Azul de Metileno 1%\"}]},{\"@type\":\"WebSite\",\"@id\":\"https:\/\/www.alquera.com\/en\/#website\",\"url\":\"https:\/\/www.alquera.com\/en\/\",\"name\":\"Alquera.com\",\"description\":\"Tienda Online Productos Qu\u00edmicos y Material de Laboratorio\",\"publisher\":{\"@id\":\"https:\/\/www.alquera.com\/en\/#organization\"},\"potentialAction\":[{\"@type\":\"SearchAction\",\"target\":{\"@type\":\"EntryPoint\",\"urlTemplate\":\"https:\/\/www.alquera.com\/en\/?s={search_term_string}\"},\"query-input\":{\"@type\":\"PropertyValueSpecification\",\"valueRequired\":true,\"valueName\":\"search_term_string\"}}],\"inLanguage\":\"it-IT\"},{\"@type\":\"Organization\",\"@id\":\"https:\/\/www.alquera.com\/en\/#organization\",\"name\":\"ALQUERA CIENCIA SL\",\"url\":\"https:\/\/www.alquera.com\/en\/\",\"logo\":{\"@type\":\"ImageObject\",\"inLanguage\":\"it-IT\",\"@id\":\"https:\/\/www.alquera.com\/en\/#\/schema\/logo\/image\/\",\"url\":\"https:\/\/www.alquera.com\/wp-content\/uploads\/2020\/11\/logo_300_ancho.png\",\"contentUrl\":\"https:\/\/www.alquera.com\/wp-content\/uploads\/2020\/11\/logo_300_ancho.png\",\"width\":300,\"height\":86,\"caption\":\"ALQUERA CIENCIA SL\"},\"image\":{\"@id\":\"https:\/\/www.alquera.com\/en\/#\/schema\/logo\/image\/\"},\"sameAs\":[\"https:\/\/www.facebook.com\/alqueraciencia\",\"https:\/\/www.instagram.com\/alquera_ciencia\/\",\"https:\/\/www.youtube.com\/c\/alquera\"]}]}<\/script>\n<meta property=\"og:availability\" content=\"instock\" \/>\n<meta property=\"product:availability\" content=\"instock\" \/>\n<meta property=\"product:condition\" content=\"new\" \/>\n<!-- \/ Yoast SEO Premium plugin. -->","yoast_head_json":{"title":"Blu di metilene 1%: Acquistare online - Alquera.com","description":"Acquistare il blu di metilene con una concentrazione di 1%. Specialmente per acquari 1 goccia per litro d'acqua. Consegne in 24\/48h in tutta la Penisola.","robots":{"index":"index","follow":"follow","max-snippet":"max-snippet:-1","max-image-preview":"max-image-preview:large","max-video-preview":"max-video-preview:-1"},"canonical":"https:\/\/www.alquera.com\/it\/azul-de-metileno-1\/","og_locale":"it_IT","og_type":"article","og_title":"Azul de Metileno 1%: Comprar Online - Alquera.com","og_description":"Comprar Azul de Metileno con una concentraci\u00f3n del 1%. Especial acuarios 1 gota por litro de agua. Env\u00edos en 24\/48h a toda la Pen\u00ednsula.","og_url":"https:\/\/www.alquera.com\/it\/azul-de-metileno-1\/","og_site_name":"Alquera.com","article_publisher":"https:\/\/www.facebook.com\/alqueraciencia","article_modified_time":"2026-03-30T14:56:24+00:00","og_image":[{"width":800,"height":800,"url":"https:\/\/www.alquera.com\/wp-content\/uploads\/2021\/01\/IMG-7193-scaled.jpg","type":"image\/jpeg"}],"twitter_card":"summary_large_image","twitter_misc":{"Disponibilit\u00e0":"In stock"},"schema":{"@context":"https:\/\/schema.org","@graph":[{"@type":["WebPage","ItemPage"],"@id":"https:\/\/www.alquera.com\/azul-de-metileno-1\/","url":"https:\/\/www.alquera.com\/azul-de-metileno-1\/","name":"Blu di metilene 1%: Acquistare online - Alquera.com","isPartOf":{"@id":"https:\/\/www.alquera.com\/en\/#website"},"primaryImageOfPage":{"@id":"https:\/\/www.alquera.com\/azul-de-metileno-1\/#primaryimage"},"image":{"@id":"https:\/\/www.alquera.com\/azul-de-metileno-1\/#primaryimage"},"thumbnailUrl":"https:\/\/www.alquera.com\/wp-content\/uploads\/2021\/01\/IMG-7193-scaled.jpg","datePublished":"2021-01-29T09:52:16+00:00","dateModified":"2026-03-30T14:56:24+00:00","description":"Acquistare il blu di metilene con una concentrazione di 1%. Specialmente per acquari 1 goccia per litro d'acqua. Consegne in 24\/48h in tutta la Penisola.","breadcrumb":{"@id":"https:\/\/www.alquera.com\/azul-de-metileno-1\/#breadcrumb"},"inLanguage":"it-IT","potentialAction":[{"@type":"ReadAction","target":["https:\/\/www.alquera.com\/azul-de-metileno-1\/"]}]},{"@type":"ImageObject","inLanguage":"it-IT","@id":"https:\/\/www.alquera.com\/azul-de-metileno-1\/#primaryimage","url":"https:\/\/www.alquera.com\/wp-content\/uploads\/2021\/01\/IMG-7193-scaled.jpg","contentUrl":"https:\/\/www.alquera.com\/wp-content\/uploads\/2021\/01\/IMG-7193-scaled.jpg","width":800,"height":800,"caption":"Azul de Metileno 1%"},{"@type":"BreadcrumbList","@id":"https:\/\/www.alquera.com\/azul-de-metileno-1\/#breadcrumb","itemListElement":[{"@type":"ListItem","position":1,"name":"Inicio","item":"https:\/\/www.alquera.com\/"},{"@type":"ListItem","position":2,"name":"Alquera.com: Tienda Online de Productos Qu\u00edmicos y Material de Laboratorio","item":"https:\/\/www.alquera.com\/en\/tienda\/"},{"@type":"ListItem","position":3,"name":"Azul de Metileno 1%"}]},{"@type":"WebSite","@id":"https:\/\/www.alquera.com\/en\/#website","url":"https:\/\/www.alquera.com\/en\/","name":"Alquera.com","description":"Negozio online di prodotti chimici e forniture di laboratorio","publisher":{"@id":"https:\/\/www.alquera.com\/en\/#organization"},"potentialAction":[{"@type":"SearchAction","target":{"@type":"EntryPoint","urlTemplate":"https:\/\/www.alquera.com\/en\/?s={search_term_string}"},"query-input":{"@type":"PropertyValueSpecification","valueRequired":true,"valueName":"search_term_string"}}],"inLanguage":"it-IT"},{"@type":"Organization","@id":"https:\/\/www.alquera.com\/en\/#organization","name":"ALQUERA CIENCIA SL","url":"https:\/\/www.alquera.com\/en\/","logo":{"@type":"ImageObject","inLanguage":"it-IT","@id":"https:\/\/www.alquera.com\/en\/#\/schema\/logo\/image\/","url":"https:\/\/www.alquera.com\/wp-content\/uploads\/2020\/11\/logo_300_ancho.png","contentUrl":"https:\/\/www.alquera.com\/wp-content\/uploads\/2020\/11\/logo_300_ancho.png","width":300,"height":86,"caption":"ALQUERA CIENCIA SL"},"image":{"@id":"https:\/\/www.alquera.com\/en\/#\/schema\/logo\/image\/"},"sameAs":["https:\/\/www.facebook.com\/alqueraciencia","https:\/\/www.instagram.com\/alquera_ciencia\/","https:\/\/www.youtube.com\/c\/alquera"]}]},"og_availability":"instock","product_availability":"instock","product_condition":"new"},"_links":{"self":[{"href":"https:\/\/www.alquera.com\/it\/wp-json\/wp\/v2\/product\/32775","targetHints":{"allow":["GET"]}}],"collection":[{"href":"https:\/\/www.alquera.com\/it\/wp-json\/wp\/v2\/product"}],"about":[{"href":"https:\/\/www.alquera.com\/it\/wp-json\/wp\/v2\/types\/product"}],"replies":[{"embeddable":true,"href":"https:\/\/www.alquera.com\/it\/wp-json\/wp\/v2\/comments?post=32775"}],"wp:featuredmedia":[{"embeddable":true,"href":"https:\/\/www.alquera.com\/it\/wp-json\/wp\/v2\/media\/34232"}],"wp:attachment":[{"href":"https:\/\/www.alquera.com\/it\/wp-json\/wp\/v2\/media?parent=32775"}],"wp:term":[{"taxonomy":"product_brand","embeddable":true,"href":"https:\/\/www.alquera.com\/it\/wp-json\/wp\/v2\/product_brand?post=32775"},{"taxonomy":"product_cat","embeddable":true,"href":"https:\/\/www.alquera.com\/it\/wp-json\/wp\/v2\/product_cat?post=32775"},{"taxonomy":"product_tag","embeddable":true,"href":"https:\/\/www.alquera.com\/it\/wp-json\/wp\/v2\/product_tag?post=32775"}],"curies":[{"name":"wp","href":"https:\/\/api.w.org\/{rel}","templated":true}]}}