{"id":32988,"date":"2021-02-17T12:34:46","date_gmt":"2021-02-17T12:34:46","guid":{"rendered":"https:\/\/www.alquera.com\/?post_type=product&#038;p=32988"},"modified":"2026-03-02T15:32:27","modified_gmt":"2026-03-02T15:32:27","slug":"micorrizas","status":"publish","type":"product","link":"https:\/\/www.alquera.com\/it\/micorrizas\/","title":{"rendered":"Micorrize in compresse"},"content":{"rendered":"<p>Comprar Micorrizas de 10, 50 o 500 pastillas. Fertilizante biol\u00f3gico natural apto para utilizar en frutales, vid, planta hort\u00edcola y ornamental. Abono con Microorganismos. Microorganismos ben\u00e9ficos para potenciar la planta desde la ra\u00edz.<\/p>\n<p>En su formulaci\u00f3n se utiliza na combinaci\u00f3n de especies f\u00fangicas aut\u00f3ctonas <strong>(<em>Glomus intraradices y Glomus mosseae<\/em>)<\/strong>\u00a0componentes naturales de procedencia vegetal que ayudan a la compactaci\u00f3n del formulado\u00a0y un agente superabsorvente de agua.\u00a0 Formulaci\u00f3n expresamente estudiada para una pr\u00e1ctica\u00a0y r\u00e1pida micorizaci\u00f3n en plantas de vivero o campo (en plantas ya establecidas o durante el trasplante).<\/p>\n<h2>MODO DE APLICACI\u00d3N<\/h2>\n<p><strong>TRASPLANTES:<\/strong> Aplicar una pastilla por agujero antes del trasplante. Regar abundantemente con agua sola sin abono durante la primera semana despu\u00e9s del trasplante para favorecer la micorrizaci\u00f3n.<\/p>\n<p><a href=\"https:\/\/www.alquera.com\/?attachment_id=33042\" rel=\"attachment wp-att-33042\"><img loading=\"lazy\" decoding=\"async\" class=\"alignnone wp-image-33042 size-full\" src=\"https:\/\/www.alquera.com\/wp-content\/uploads\/2021\/02\/MICORRIZAS-scaled.jpg\" alt=\"MICORRIZAS APLICACI\u00d3N\" width=\"800\" height=\"217\" srcset=\"https:\/\/www.alquera.com\/wp-content\/uploads\/2021\/02\/MICORRIZAS-scaled.jpg 800w, https:\/\/www.alquera.com\/wp-content\/uploads\/2021\/02\/MICORRIZAS-300x81.jpg 300w, https:\/\/www.alquera.com\/wp-content\/uploads\/2021\/02\/MICORRIZAS-768x208.jpg 768w, https:\/\/www.alquera.com\/wp-content\/uploads\/2021\/02\/MICORRIZAS-600x163.jpg 600w\" sizes=\"auto, (max-width: 800px) 100vw, 800px\" \/><\/a><\/p>\n<p><strong>PLANTAS YA ESTABLECIDAS:<\/strong> Enterrar una pastilla en el suelo, de manera que est\u00e9 en contacto directo con las ra\u00edces.<\/p>\n<p>Los\u00a0comprimidos\u00a0se disgregar\u00e1n con la humedad de suelo pero si es posible realizar alg\u00fan\u00a0riego\u00a0facilitar\u00e1 el proceso.\u00a0 Las\u00a0<span class=\"il\">micorrizas<\/span>\u00a0una vez introducidas no es necesario volver a aplicarlas ya que el hongo crecer\u00e1 en el suelo generando micelio y colonizando las raices; lo m\u00e1s importante es que toleran dosis de abonado muy bajas, si es posible no abonar mejor.<\/p>\n<h2><span data-sheets-value=\"{&quot;1&quot;:2,&quot;2&quot;:&quot;Beneficios&quot;}\" data-sheets-userformat=\"{&quot;2&quot;:9091,&quot;3&quot;:{&quot;1&quot;:0},&quot;4&quot;:[null,2,10797812],&quot;10&quot;:1,&quot;11&quot;:4,&quot;12&quot;:0,&quot;16&quot;:8}\">BENEFICIOS MICORRIZAS<\/span><\/h2>\n<ul>\n<li>Potencia el sistema radicular: Las micorrizas crean una simbiosis con las ra\u00edces de la planta para desarrollar un sistema radicular m\u00e1s potente aumentando as\u00ed la capacidad de absorci\u00f3n de nutrientes y agua.<\/li>\n<li>Crecimiento equilibrado.<br \/>\nUn cultivo micorrizado crece de manera equilibrada aportando a la planta una mayor sanidad y resistencia frente a cualquier tipo de adversidades.<\/li>\n<li>Estimula la planta.<\/li>\n<\/ul>\n<h2>CANTIDAD DE MICROORGANISMOS VIABLES<\/h2>\n<p>&gt; 1000 prop\u00e1gulos\/cc<\/p>\n<h2>COMPOSICI\u00d3N<\/h2>\n<p>El producto se presenta en forma de esporas, ves\u00edculas y fragmentos de micelio soportadas por substratos inorg\u00e1nicos inertes, materia org\u00e1nica y agentes para la la compresi\u00f3n.<\/p>\n<h2>AN\u00c1LISIS F\u00cdSICO-QU\u00cdMICO DEL PRODUCTO<\/h2>\n<p>Volumen de producto por unidad: 7cc<br \/>\nPeso unidad: 5g<br \/>\nOlor: tierra<br \/>\nMateria seca: 96%<br \/>\npH en agua (1:5): 6.5-7<br \/>\nN(total): 0.4 %MS (Materia Seca)<br \/>\nP2O5: 0.5 % MS<br \/>\nK2O intercambiable: 0.5 % MS<br \/>\nMateria org\u00e1nica: 12 % MS<\/p>\n<h2>DOSIS<\/h2>\n<p>Dependiendo del volumen del cepell\u00f3n se pone de 1-5 comprimidos. En contenedores de hasta 3 L se aplica un comprimido, hasta 10 L 2 comprimidos y en los de 25 L deber\u00edan utilizar 3 comprimidos.<\/p>\n","protected":false},"excerpt":{"rendered":"<p>Acquistare Micorrize in compresse. Fertilizzante biologico naturale adatto all'uso su alberi da frutto, viti, piante orticole e ornamentali. Formati da 10, 50 e 500 compresse. Maggiori dettagli nella descrizione del prodotto. \u00c8 possibile acquistare le micorrize anche in polvere. <a href=\"https:\/\/www.alquera.com\/it\/micorrizas-polvo\/\">polvere micorrizica<\/a><\/p>","protected":false},"featured_media":33586,"comment_status":"open","ping_status":"closed","template":"","meta":{"_acf_changed":false,"site-sidebar-layout":"default","site-content-layout":"default","ast-site-content-layout":"default","site-content-style":"default","site-sidebar-style":"default","ast-global-header-display":"","ast-banner-title-visibility":"","ast-main-header-display":"","ast-hfb-above-header-display":"","ast-hfb-below-header-display":"","ast-hfb-mobile-header-display":"","site-post-title":"","ast-breadcrumbs-content":"","ast-featured-img":"","footer-sml-layout":"","ast-disable-related-posts":"","theme-transparent-header-meta":"default","adv-header-id-meta":"","stick-header-meta":"default","header-above-stick-meta":"","header-main-stick-meta":"","header-below-stick-meta":"","astra-migrate-meta-layouts":"set","ast-page-background-enabled":"default","ast-page-background-meta":{"desktop":{"background-color":"var(--ast-global-color-4)","background-image":"","background-repeat":"repeat","background-position":"center center","background-size":"auto","background-attachment":"scroll","background-type":"","background-media":"","overlay-type":"","overlay-color":"","overlay-opacity":"","overlay-gradient":""},"tablet":{"background-color":"","background-image":"","background-repeat":"repeat","background-position":"center center","background-size":"auto","background-attachment":"scroll","background-type":"","background-media":"","overlay-type":"","overlay-color":"","overlay-opacity":"","overlay-gradient":""},"mobile":{"background-color":"","background-image":"","background-repeat":"repeat","background-position":"center center","background-size":"auto","background-attachment":"scroll","background-type":"","background-media":"","overlay-type":"","overlay-color":"","overlay-opacity":"","overlay-gradient":""}},"ast-content-background-meta":{"desktop":{"background-color":"var(--ast-global-color-5)","background-image":"","background-repeat":"repeat","background-position":"center center","background-size":"auto","background-attachment":"scroll","background-type":"","background-media":"","overlay-type":"","overlay-color":"","overlay-opacity":"","overlay-gradient":""},"tablet":{"background-color":"var(--ast-global-color-5)","background-image":"","background-repeat":"repeat","background-position":"center center","background-size":"auto","background-attachment":"scroll","background-type":"","background-media":"","overlay-type":"","overlay-color":"","overlay-opacity":"","overlay-gradient":""},"mobile":{"background-color":"var(--ast-global-color-5)","background-image":"","background-repeat":"repeat","background-position":"center center","background-size":"auto","background-attachment":"scroll","background-type":"","background-media":"","overlay-type":"","overlay-color":"","overlay-opacity":"","overlay-gradient":""}}},"product_brand":[],"product_cat":[213,21],"product_tag":[],"class_list":{"0":"post-32988","1":"product","2":"type-product","3":"status-publish","4":"has-post-thumbnail","6":"product_cat-agroquimicos","7":"product_cat-productos","8":"desktop-align-left","9":"tablet-align-left","10":"mobile-align-left","11":"ast-product-gallery-layout-horizontal-slider","12":"ast-magnify-disabled","13":"ast-product-single-variable","14":"ast-product-tabs-layout-horizontal","15":"ast-qv-on-image","17":"first","18":"instock","19":"taxable","20":"shipping-taxable","21":"purchasable","22":"product-type-variable","23":"has-default-attributes"},"acf":[],"yoast_head":"<!-- This site is optimized with the Yoast SEO Premium plugin v27.1 (Yoast SEO v27.1.1) - https:\/\/yoast.com\/product\/yoast-seo-premium-wordpress\/ -->\n<title>Micorrizas en Pastillas: Comprar Online - Alquera.com<\/title>\n<meta name=\"description\" content=\"Env\u00edos en 24\/48h. Comprar Micorrizas para mejorar el desarrollo y el rendimiento de las plantas. Org\u00e1nicas y ecol\u00f3gicas.\" \/>\n<meta name=\"robots\" content=\"index, follow, max-snippet:-1, max-image-preview:large, max-video-preview:-1\" \/>\n<link rel=\"canonical\" href=\"https:\/\/www.alquera.com\/it\/micorrizas\/\" \/>\n<meta property=\"og:locale\" content=\"it_IT\" \/>\n<meta property=\"og:type\" content=\"article\" \/>\n<meta property=\"og:title\" content=\"Micorrizas en Pastillas: Comprar Online - Alquera.com\" \/>\n<meta property=\"og:description\" content=\"Env\u00edos en 24\/48h. Comprar Micorrizas para mejorar el desarrollo y el rendimiento de las plantas. Org\u00e1nicas y ecol\u00f3gicas.\" \/>\n<meta property=\"og:url\" content=\"https:\/\/www.alquera.com\/it\/micorrizas\/\" \/>\n<meta property=\"og:site_name\" content=\"Alquera.com\" \/>\n<meta property=\"article:publisher\" content=\"https:\/\/www.facebook.com\/alqueraciencia\" \/>\n<meta property=\"article:modified_time\" content=\"2026-03-02T15:32:27+00:00\" \/>\n<meta property=\"og:image\" content=\"https:\/\/www.alquera.com\/wp-content\/uploads\/2021\/02\/micorrizas-delante-scaled.jpg\" \/>\n\t<meta property=\"og:image:width\" content=\"800\" \/>\n\t<meta property=\"og:image:height\" content=\"800\" \/>\n\t<meta property=\"og:image:type\" content=\"image\/jpeg\" \/>\n<meta name=\"twitter:card\" content=\"summary_large_image\" \/>\n<meta name=\"twitter:label1\" content=\"Disponibilit\u00e0\" \/>\n\t<meta name=\"twitter:data1\" content=\"In stock\" \/>\n<script type=\"application\/ld+json\" class=\"yoast-schema-graph\">{\"@context\":\"https:\/\/schema.org\",\"@graph\":[{\"@type\":[\"WebPage\",\"ItemPage\"],\"@id\":\"https:\/\/www.alquera.com\/micorrizas\/\",\"url\":\"https:\/\/www.alquera.com\/micorrizas\/\",\"name\":\"Micorrizas en Pastillas: Comprar Online - Alquera.com\",\"isPartOf\":{\"@id\":\"https:\/\/www.alquera.com\/en\/#website\"},\"primaryImageOfPage\":{\"@id\":\"https:\/\/www.alquera.com\/micorrizas\/#primaryimage\"},\"image\":{\"@id\":\"https:\/\/www.alquera.com\/micorrizas\/#primaryimage\"},\"thumbnailUrl\":\"https:\/\/www.alquera.com\/wp-content\/uploads\/2021\/02\/micorrizas-delante-scaled.jpg\",\"datePublished\":\"2021-02-17T12:34:46+00:00\",\"dateModified\":\"2026-03-02T15:32:27+00:00\",\"description\":\"Env\u00edos en 24\/48h. Comprar Micorrizas para mejorar el desarrollo y el rendimiento de las plantas. Org\u00e1nicas y ecol\u00f3gicas.\",\"breadcrumb\":{\"@id\":\"https:\/\/www.alquera.com\/micorrizas\/#breadcrumb\"},\"inLanguage\":\"it-IT\",\"potentialAction\":[{\"@type\":\"ReadAction\",\"target\":[\"https:\/\/www.alquera.com\/micorrizas\/\"]}]},{\"@type\":\"ImageObject\",\"inLanguage\":\"it-IT\",\"@id\":\"https:\/\/www.alquera.com\/micorrizas\/#primaryimage\",\"url\":\"https:\/\/www.alquera.com\/wp-content\/uploads\/2021\/02\/micorrizas-delante-scaled.jpg\",\"contentUrl\":\"https:\/\/www.alquera.com\/wp-content\/uploads\/2021\/02\/micorrizas-delante-scaled.jpg\",\"width\":800,\"height\":800,\"caption\":\"micorrizas\"},{\"@type\":\"BreadcrumbList\",\"@id\":\"https:\/\/www.alquera.com\/micorrizas\/#breadcrumb\",\"itemListElement\":[{\"@type\":\"ListItem\",\"position\":1,\"name\":\"Inicio\",\"item\":\"https:\/\/www.alquera.com\/\"},{\"@type\":\"ListItem\",\"position\":2,\"name\":\"Alquera.com: Tienda Online de Productos Qu\u00edmicos y Material de Laboratorio\",\"item\":\"https:\/\/www.alquera.com\/en\/tienda\/\"},{\"@type\":\"ListItem\",\"position\":3,\"name\":\"Micorrizas en Pastillas\"}]},{\"@type\":\"WebSite\",\"@id\":\"https:\/\/www.alquera.com\/en\/#website\",\"url\":\"https:\/\/www.alquera.com\/en\/\",\"name\":\"Alquera.com\",\"description\":\"Tienda Online Productos Qu\u00edmicos y Material de Laboratorio\",\"publisher\":{\"@id\":\"https:\/\/www.alquera.com\/en\/#organization\"},\"potentialAction\":[{\"@type\":\"SearchAction\",\"target\":{\"@type\":\"EntryPoint\",\"urlTemplate\":\"https:\/\/www.alquera.com\/en\/?s={search_term_string}\"},\"query-input\":{\"@type\":\"PropertyValueSpecification\",\"valueRequired\":true,\"valueName\":\"search_term_string\"}}],\"inLanguage\":\"it-IT\"},{\"@type\":\"Organization\",\"@id\":\"https:\/\/www.alquera.com\/en\/#organization\",\"name\":\"ALQUERA CIENCIA SL\",\"url\":\"https:\/\/www.alquera.com\/en\/\",\"logo\":{\"@type\":\"ImageObject\",\"inLanguage\":\"it-IT\",\"@id\":\"https:\/\/www.alquera.com\/en\/#\/schema\/logo\/image\/\",\"url\":\"https:\/\/www.alquera.com\/wp-content\/uploads\/2020\/11\/logo_300_ancho.png\",\"contentUrl\":\"https:\/\/www.alquera.com\/wp-content\/uploads\/2020\/11\/logo_300_ancho.png\",\"width\":300,\"height\":86,\"caption\":\"ALQUERA CIENCIA SL\"},\"image\":{\"@id\":\"https:\/\/www.alquera.com\/en\/#\/schema\/logo\/image\/\"},\"sameAs\":[\"https:\/\/www.facebook.com\/alqueraciencia\",\"https:\/\/www.instagram.com\/alquera_ciencia\/\",\"https:\/\/www.youtube.com\/c\/alquera\"]}]}<\/script>\n<meta property=\"og:availability\" content=\"instock\" \/>\n<meta property=\"product:availability\" content=\"instock\" \/>\n<meta property=\"product:condition\" content=\"new\" \/>\n<!-- \/ Yoast SEO Premium plugin. -->","yoast_head_json":{"title":"Micorrize in compresse: Acquistare online - Alquera.com","description":"Spedizione in 4\/5 giorni. Acquistate le micorrize per migliorare lo sviluppo e le prestazioni delle piante. Biologico ed ecologico.","robots":{"index":"index","follow":"follow","max-snippet":"max-snippet:-1","max-image-preview":"max-image-preview:large","max-video-preview":"max-video-preview:-1"},"canonical":"https:\/\/www.alquera.com\/it\/micorrizas\/","og_locale":"it_IT","og_type":"article","og_title":"Micorrizas en Pastillas: Comprar Online - Alquera.com","og_description":"Env\u00edos en 24\/48h. Comprar Micorrizas para mejorar el desarrollo y el rendimiento de las plantas. Org\u00e1nicas y ecol\u00f3gicas.","og_url":"https:\/\/www.alquera.com\/it\/micorrizas\/","og_site_name":"Alquera.com","article_publisher":"https:\/\/www.facebook.com\/alqueraciencia","article_modified_time":"2026-03-02T15:32:27+00:00","og_image":[{"width":800,"height":800,"url":"https:\/\/www.alquera.com\/wp-content\/uploads\/2021\/02\/micorrizas-delante-scaled.jpg","type":"image\/jpeg"}],"twitter_card":"summary_large_image","twitter_misc":{"Disponibilit\u00e0":"In stock"},"schema":{"@context":"https:\/\/schema.org","@graph":[{"@type":["WebPage","ItemPage"],"@id":"https:\/\/www.alquera.com\/micorrizas\/","url":"https:\/\/www.alquera.com\/micorrizas\/","name":"Micorrize in compresse: Acquistare online - Alquera.com","isPartOf":{"@id":"https:\/\/www.alquera.com\/en\/#website"},"primaryImageOfPage":{"@id":"https:\/\/www.alquera.com\/micorrizas\/#primaryimage"},"image":{"@id":"https:\/\/www.alquera.com\/micorrizas\/#primaryimage"},"thumbnailUrl":"https:\/\/www.alquera.com\/wp-content\/uploads\/2021\/02\/micorrizas-delante-scaled.jpg","datePublished":"2021-02-17T12:34:46+00:00","dateModified":"2026-03-02T15:32:27+00:00","description":"Spedizione in 4\/5 giorni. Acquistate le micorrize per migliorare lo sviluppo e le prestazioni delle piante. Biologico ed ecologico.","breadcrumb":{"@id":"https:\/\/www.alquera.com\/micorrizas\/#breadcrumb"},"inLanguage":"it-IT","potentialAction":[{"@type":"ReadAction","target":["https:\/\/www.alquera.com\/micorrizas\/"]}]},{"@type":"ImageObject","inLanguage":"it-IT","@id":"https:\/\/www.alquera.com\/micorrizas\/#primaryimage","url":"https:\/\/www.alquera.com\/wp-content\/uploads\/2021\/02\/micorrizas-delante-scaled.jpg","contentUrl":"https:\/\/www.alquera.com\/wp-content\/uploads\/2021\/02\/micorrizas-delante-scaled.jpg","width":800,"height":800,"caption":"micorrizas"},{"@type":"BreadcrumbList","@id":"https:\/\/www.alquera.com\/micorrizas\/#breadcrumb","itemListElement":[{"@type":"ListItem","position":1,"name":"Inicio","item":"https:\/\/www.alquera.com\/"},{"@type":"ListItem","position":2,"name":"Alquera.com: Tienda Online de Productos Qu\u00edmicos y Material de Laboratorio","item":"https:\/\/www.alquera.com\/en\/tienda\/"},{"@type":"ListItem","position":3,"name":"Micorrizas en Pastillas"}]},{"@type":"WebSite","@id":"https:\/\/www.alquera.com\/en\/#website","url":"https:\/\/www.alquera.com\/en\/","name":"Alquera.com","description":"Negozio online di prodotti chimici e forniture di laboratorio","publisher":{"@id":"https:\/\/www.alquera.com\/en\/#organization"},"potentialAction":[{"@type":"SearchAction","target":{"@type":"EntryPoint","urlTemplate":"https:\/\/www.alquera.com\/en\/?s={search_term_string}"},"query-input":{"@type":"PropertyValueSpecification","valueRequired":true,"valueName":"search_term_string"}}],"inLanguage":"it-IT"},{"@type":"Organization","@id":"https:\/\/www.alquera.com\/en\/#organization","name":"ALQUERA CIENCIA SL","url":"https:\/\/www.alquera.com\/en\/","logo":{"@type":"ImageObject","inLanguage":"it-IT","@id":"https:\/\/www.alquera.com\/en\/#\/schema\/logo\/image\/","url":"https:\/\/www.alquera.com\/wp-content\/uploads\/2020\/11\/logo_300_ancho.png","contentUrl":"https:\/\/www.alquera.com\/wp-content\/uploads\/2020\/11\/logo_300_ancho.png","width":300,"height":86,"caption":"ALQUERA CIENCIA SL"},"image":{"@id":"https:\/\/www.alquera.com\/en\/#\/schema\/logo\/image\/"},"sameAs":["https:\/\/www.facebook.com\/alqueraciencia","https:\/\/www.instagram.com\/alquera_ciencia\/","https:\/\/www.youtube.com\/c\/alquera"]}]},"og_availability":"instock","product_availability":"instock","product_condition":"new"},"_links":{"self":[{"href":"https:\/\/www.alquera.com\/it\/wp-json\/wp\/v2\/product\/32988","targetHints":{"allow":["GET"]}}],"collection":[{"href":"https:\/\/www.alquera.com\/it\/wp-json\/wp\/v2\/product"}],"about":[{"href":"https:\/\/www.alquera.com\/it\/wp-json\/wp\/v2\/types\/product"}],"replies":[{"embeddable":true,"href":"https:\/\/www.alquera.com\/it\/wp-json\/wp\/v2\/comments?post=32988"}],"wp:featuredmedia":[{"embeddable":true,"href":"https:\/\/www.alquera.com\/it\/wp-json\/wp\/v2\/media\/33586"}],"wp:attachment":[{"href":"https:\/\/www.alquera.com\/it\/wp-json\/wp\/v2\/media?parent=32988"}],"wp:term":[{"taxonomy":"product_brand","embeddable":true,"href":"https:\/\/www.alquera.com\/it\/wp-json\/wp\/v2\/product_brand?post=32988"},{"taxonomy":"product_cat","embeddable":true,"href":"https:\/\/www.alquera.com\/it\/wp-json\/wp\/v2\/product_cat?post=32988"},{"taxonomy":"product_tag","embeddable":true,"href":"https:\/\/www.alquera.com\/it\/wp-json\/wp\/v2\/product_tag?post=32988"}],"curies":[{"name":"wp","href":"https:\/\/api.w.org\/{rel}","templated":true}]}}