{"id":33043,"date":"2021-02-23T12:05:29","date_gmt":"2021-02-23T12:05:29","guid":{"rendered":"https:\/\/www.alquera.com\/?post_type=product&#038;p=33043"},"modified":"2026-04-01T18:25:47","modified_gmt":"2026-04-01T18:25:47","slug":"fluoresceina-sodica-al-1","status":"publish","type":"product","link":"https:\/\/www.alquera.com\/it\/fluoresceina-sodica-al-1\/","title":{"rendered":"Fluoresceina sodica 1%"},"content":{"rendered":"<p>Fluoresceina sodica in soluzione acquosa 1%. Questo formato consente una migliore manipolazione della fluoresceina, poich\u00e9 \u00e8 praticamente pronta all'uso in quanto gi\u00e0 disciolta.<\/p>\n<p>Se preferite la fluoresceina sodica in polvere, potete trovarla qui: <a href=\"https:\/\/www.alquera.com\/it\/fluoresceina-sodica\/\">acquistare fluoresceina sodica in polvere<\/a>.<\/p>\n<h2>IDENTIFICAZIONE E PROPRIET\u00c0<\/h2>\n<p><strong>1.1 Identificativo del prodotto.<\/strong><\/p>\n<p>Nome del prodotto: <strong>FLUORESCEINA SODICA 1%<br \/>\n<\/strong><span style=\"font-size: 16px;\">Codice prodotto: ALQ0056<br \/>\n<\/span>Tipo di prodotto: Miscela. Categoria: Traccianti fluorescenti.<\/p>\n<p><strong>Aspetto:<br \/>\n<\/strong>Stato fisico (20\u00baC): liquido.<br \/>\nColore: marrone saturo (quando viene diluito si trasforma nel caratteristico giallo intenso della fluoresceina sodica diluita)<br \/>\nOdore: inodore.<br \/>\nSoglia olfattiva: non rilevante a causa della natura del prodotto, che non fornisce informazioni sui suoi pericoli.<\/p>\n<p><strong>Volatilit\u00e0:<br \/>\n<\/strong>Punto iniziale\/punto di ebollizione\/intervallo di ebollizione: \u2265100 \u00baC, soluzione acquosa (Stima basata su indicazioni e componenti del Regolamento (CE) n. 1272\/2008).<\/p>\n<p><strong>Infiammabilit\u00e0:<\/strong><\/p>\n<p>Infiammabilit\u00e0: questo materiale \u00e8 combustibile, ma non facilmente infiammabile.<br \/>\nPunto di infiammabilit\u00e0: &gt;200 \u00b0C (metodo di stima\/calcolo (2.6.4.3)); fluoresceina 217,6 \u00b0C a 967,3 hPa (ECHA, metodo della tazza chiusa, Pensky-Martens).<br \/>\nTemperatura di autoinfiammabilit\u00e0: la fluoresceina N.A. non \u00e8 autoinfiammabile, si decompone a &gt;300\u00b0C (ECHA).<\/p>\n<p><strong>Caratteristiche del prodotto:<\/strong><\/p>\n<p>Punto di fusione\/congelamento: N.D. Come soluzione acquosa si prevede un congelamento \u22640\u00baC.<br \/>\nSolubilit\u00e0 in acqua: solubile in acqua (solubilit\u00e0 della fluoresceina in acqua &gt; 100 g\/l, 20 \u00b0C).<br \/>\nSolubilit\u00e0 lipidica: N.D.<br \/>\nCoefficiente di ripartizione (n-ottanolo\/acqua) (valore logaritmico): N.A.; fluoresceina 0,34 (pH 7) (ECHA).<br \/>\nDensit\u00e0 di massa: N.D.<br \/>\nDensit\u00e0 relativa (acqua=1): 0,8-1,0 (stima basata sui componenti).<\/p>\n<h2>1% DOSE DI FLUORESCEINA SODICA<\/h2>\n<p>La dose di fluoresceina varia notevolmente a seconda dell'applicazione della fluoresceina.<\/p>\n<p>Se si desidera colorare una massa d'acqua, sono sufficienti 2 ml di Fluoresceina sodica 1% per litro d'acqua. Se si desidera individuare singole gocce e distinguerle da quelle non colorate, si consiglia di utilizzare almeno 10 ml di soluzione per litro d'acqua. L'uso di una torcia o di una luce UV vi aiuter\u00e0 a individuare la perdita.<\/p>\n<p>&nbsp;<\/p>","protected":false},"excerpt":{"rendered":"<p>Acquistare la fluoresceina sodica diluita in 1%. La fluoresceina sodica diluita 1% ha una concentrazione molto elevata, quindi deve essere diluita per essere utilizzata. Come si pu\u00f2 vedere nell'immagine, 2 ml di fluoresceina 1% sono sufficienti per colorare 1 litro d'acqua. Se lo desiderate, potete anche acquistare <a href=\"https:\/\/www.alquera.com\/it\/fluoresceina-sodica\/\">fluoresceina sodica in polvere<\/a> e realizzare da soli la pre-soluzione. L'ordine viene effettuato direttamente sul Web seguendo i passaggi indicati e la consegna avviene entro 24\/48 ore.<\/p>","protected":false},"featured_media":33047,"comment_status":"open","ping_status":"closed","template":"","meta":{"_acf_changed":false,"site-sidebar-layout":"default","site-content-layout":"default","ast-site-content-layout":"default","site-content-style":"default","site-sidebar-style":"default","ast-global-header-display":"","ast-banner-title-visibility":"","ast-main-header-display":"","ast-hfb-above-header-display":"","ast-hfb-below-header-display":"","ast-hfb-mobile-header-display":"","site-post-title":"","ast-breadcrumbs-content":"","ast-featured-img":"","footer-sml-layout":"","ast-disable-related-posts":"","theme-transparent-header-meta":"default","adv-header-id-meta":"","stick-header-meta":"default","header-above-stick-meta":"","header-main-stick-meta":"","header-below-stick-meta":"","astra-migrate-meta-layouts":"set","ast-page-background-enabled":"default","ast-page-background-meta":{"desktop":{"background-color":"var(--ast-global-color-4)","background-image":"","background-repeat":"repeat","background-position":"center center","background-size":"auto","background-attachment":"scroll","background-type":"","background-media":"","overlay-type":"","overlay-color":"","overlay-opacity":"","overlay-gradient":""},"tablet":{"background-color":"","background-image":"","background-repeat":"repeat","background-position":"center center","background-size":"auto","background-attachment":"scroll","background-type":"","background-media":"","overlay-type":"","overlay-color":"","overlay-opacity":"","overlay-gradient":""},"mobile":{"background-color":"","background-image":"","background-repeat":"repeat","background-position":"center center","background-size":"auto","background-attachment":"scroll","background-type":"","background-media":"","overlay-type":"","overlay-color":"","overlay-opacity":"","overlay-gradient":""}},"ast-content-background-meta":{"desktop":{"background-color":"var(--ast-global-color-5)","background-image":"","background-repeat":"repeat","background-position":"center center","background-size":"auto","background-attachment":"scroll","background-type":"","background-media":"","overlay-type":"","overlay-color":"","overlay-opacity":"","overlay-gradient":""},"tablet":{"background-color":"var(--ast-global-color-5)","background-image":"","background-repeat":"repeat","background-position":"center center","background-size":"auto","background-attachment":"scroll","background-type":"","background-media":"","overlay-type":"","overlay-color":"","overlay-opacity":"","overlay-gradient":""},"mobile":{"background-color":"var(--ast-global-color-5)","background-image":"","background-repeat":"repeat","background-position":"center center","background-size":"auto","background-attachment":"scroll","background-type":"","background-media":"","overlay-type":"","overlay-color":"","overlay-opacity":"","overlay-gradient":""}}},"product_brand":[],"product_cat":[215],"product_tag":[],"class_list":{"0":"post-33043","1":"product","2":"type-product","3":"status-publish","4":"has-post-thumbnail","6":"product_cat-trazadores-fluorescentes","7":"pa_cantidad-125ml","8":"pa_cantidad-500ml","9":"desktop-align-left","10":"tablet-align-left","11":"mobile-align-left","12":"ast-product-gallery-layout-horizontal-slider","13":"ast-magnify-disabled","14":"ast-product-single-variable","15":"ast-product-tabs-layout-horizontal","16":"ast-qv-on-image","18":"first","19":"instock","20":"taxable","21":"shipping-taxable","22":"purchasable","23":"product-type-variable","24":"has-default-attributes"},"acf":[],"yoast_head":"<!-- This site is optimized with the Yoast SEO Premium plugin v27.1 (Yoast SEO v27.1.1) - https:\/\/yoast.com\/product\/yoast-seo-premium-wordpress\/ -->\n<title>Fluoresce\u00edna S\u00f3dica al 1%: Comprar Online - Alquera.com<\/title>\n<meta name=\"robots\" content=\"index, follow, max-snippet:-1, max-image-preview:large, max-video-preview:-1\" \/>\n<link rel=\"canonical\" href=\"https:\/\/www.alquera.com\/it\/fluoresceina-sodica-al-1\/\" \/>\n<meta property=\"og:locale\" content=\"it_IT\" \/>\n<meta property=\"og:type\" content=\"article\" \/>\n<meta property=\"og:title\" content=\"Fluoresce\u00edna S\u00f3dica al 1%: Comprar Online - Alquera.com\" \/>\n<meta property=\"og:description\" content=\"Comprar fluoresce\u00edna s\u00f3dica dilu\u00edda al 1%. La fluoresce\u00edna s\u00f3dica dilu\u00edda al 1% tiene una concentraci\u00f3n muy alta, de tal forma que debe ser as\u00ed mismo dilu\u00edda para utilizarse. Tal y como puedes ver en la imagen, 2ml de fluoresce\u00edna al 1% es suficiente para dar color a 1L de agua. Si lo deseas tambi\u00e9n puedes comprar fluoresce\u00edna s\u00f3dica en polvo y realizar tu mismo la predisoluci\u00f3n. El pedido se realiza directamente por la Web siguiendo los pasos que se indican, haci\u00e9ndose la entrega en 24\/48 horas.\" \/>\n<meta property=\"og:url\" content=\"https:\/\/www.alquera.com\/it\/fluoresceina-sodica-al-1\/\" \/>\n<meta property=\"og:site_name\" content=\"Alquera.com\" \/>\n<meta property=\"article:publisher\" content=\"https:\/\/www.facebook.com\/alqueraciencia\" \/>\n<meta property=\"article:modified_time\" content=\"2026-04-01T18:25:47+00:00\" \/>\n<meta property=\"og:image\" content=\"https:\/\/www.alquera.com\/wp-content\/uploads\/2021\/02\/Fluoresceina-sodica-1_diluido-scaled.jpg\" \/>\n\t<meta property=\"og:image:width\" content=\"800\" \/>\n\t<meta property=\"og:image:height\" content=\"800\" \/>\n\t<meta property=\"og:image:type\" content=\"image\/jpeg\" \/>\n<meta name=\"twitter:card\" content=\"summary_large_image\" \/>\n<meta name=\"twitter:label1\" content=\"Disponibilit\u00e0\" \/>\n\t<meta name=\"twitter:data1\" content=\"In stock\" \/>\n<script type=\"application\/ld+json\" class=\"yoast-schema-graph\">{\"@context\":\"https:\/\/schema.org\",\"@graph\":[{\"@type\":[\"WebPage\",\"ItemPage\"],\"@id\":\"https:\/\/www.alquera.com\/fluoresceina-sodica-al-1\/\",\"url\":\"https:\/\/www.alquera.com\/fluoresceina-sodica-al-1\/\",\"name\":\"Fluoresce\u00edna S\u00f3dica al 1%: Comprar Online - Alquera.com\",\"isPartOf\":{\"@id\":\"https:\/\/www.alquera.com\/en\/#website\"},\"primaryImageOfPage\":{\"@id\":\"https:\/\/www.alquera.com\/fluoresceina-sodica-al-1\/#primaryimage\"},\"image\":{\"@id\":\"https:\/\/www.alquera.com\/fluoresceina-sodica-al-1\/#primaryimage\"},\"thumbnailUrl\":\"https:\/\/www.alquera.com\/wp-content\/uploads\/2021\/02\/Fluoresceina-sodica-1_diluido-scaled.jpg\",\"datePublished\":\"2021-02-23T12:05:29+00:00\",\"dateModified\":\"2026-04-01T18:25:47+00:00\",\"breadcrumb\":{\"@id\":\"https:\/\/www.alquera.com\/fluoresceina-sodica-al-1\/#breadcrumb\"},\"inLanguage\":\"it-IT\",\"potentialAction\":[{\"@type\":\"ReadAction\",\"target\":[\"https:\/\/www.alquera.com\/fluoresceina-sodica-al-1\/\"]}]},{\"@type\":\"ImageObject\",\"inLanguage\":\"it-IT\",\"@id\":\"https:\/\/www.alquera.com\/fluoresceina-sodica-al-1\/#primaryimage\",\"url\":\"https:\/\/www.alquera.com\/wp-content\/uploads\/2021\/02\/Fluoresceina-sodica-1_diluido-scaled.jpg\",\"contentUrl\":\"https:\/\/www.alquera.com\/wp-content\/uploads\/2021\/02\/Fluoresceina-sodica-1_diluido-scaled.jpg\",\"width\":800,\"height\":800,\"caption\":\"Fluoresceina sodica 1%_diluido\"},{\"@type\":\"BreadcrumbList\",\"@id\":\"https:\/\/www.alquera.com\/fluoresceina-sodica-al-1\/#breadcrumb\",\"itemListElement\":[{\"@type\":\"ListItem\",\"position\":1,\"name\":\"Inicio\",\"item\":\"https:\/\/www.alquera.com\/\"},{\"@type\":\"ListItem\",\"position\":2,\"name\":\"Alquera.com: Tienda Online de Productos Qu\u00edmicos y Material de Laboratorio\",\"item\":\"https:\/\/www.alquera.com\/en\/tienda\/\"},{\"@type\":\"ListItem\",\"position\":3,\"name\":\"Fluoresce\u00edna S\u00f3dica al 1%\"}]},{\"@type\":\"WebSite\",\"@id\":\"https:\/\/www.alquera.com\/en\/#website\",\"url\":\"https:\/\/www.alquera.com\/en\/\",\"name\":\"Alquera.com\",\"description\":\"Tienda Online Productos Qu\u00edmicos y Material de Laboratorio\",\"publisher\":{\"@id\":\"https:\/\/www.alquera.com\/en\/#organization\"},\"potentialAction\":[{\"@type\":\"SearchAction\",\"target\":{\"@type\":\"EntryPoint\",\"urlTemplate\":\"https:\/\/www.alquera.com\/en\/?s={search_term_string}\"},\"query-input\":{\"@type\":\"PropertyValueSpecification\",\"valueRequired\":true,\"valueName\":\"search_term_string\"}}],\"inLanguage\":\"it-IT\"},{\"@type\":\"Organization\",\"@id\":\"https:\/\/www.alquera.com\/en\/#organization\",\"name\":\"ALQUERA CIENCIA SL\",\"url\":\"https:\/\/www.alquera.com\/en\/\",\"logo\":{\"@type\":\"ImageObject\",\"inLanguage\":\"it-IT\",\"@id\":\"https:\/\/www.alquera.com\/en\/#\/schema\/logo\/image\/\",\"url\":\"https:\/\/www.alquera.com\/wp-content\/uploads\/2020\/11\/logo_300_ancho.png\",\"contentUrl\":\"https:\/\/www.alquera.com\/wp-content\/uploads\/2020\/11\/logo_300_ancho.png\",\"width\":300,\"height\":86,\"caption\":\"ALQUERA CIENCIA SL\"},\"image\":{\"@id\":\"https:\/\/www.alquera.com\/en\/#\/schema\/logo\/image\/\"},\"sameAs\":[\"https:\/\/www.facebook.com\/alqueraciencia\",\"https:\/\/www.instagram.com\/alquera_ciencia\/\",\"https:\/\/www.youtube.com\/c\/alquera\"]}]}<\/script>\n<meta property=\"og:availability\" content=\"instock\" \/>\n<meta property=\"product:availability\" content=\"instock\" \/>\n<meta property=\"product:condition\" content=\"new\" \/>\n<!-- \/ Yoast SEO Premium plugin. -->","yoast_head_json":{"title":"Fluoresceina sodica 1%: Acquistare online - Alquera.com","robots":{"index":"index","follow":"follow","max-snippet":"max-snippet:-1","max-image-preview":"max-image-preview:large","max-video-preview":"max-video-preview:-1"},"canonical":"https:\/\/www.alquera.com\/it\/fluoresceina-sodica-al-1\/","og_locale":"it_IT","og_type":"article","og_title":"Fluoresce\u00edna S\u00f3dica al 1%: Comprar Online - Alquera.com","og_description":"Comprar fluoresce\u00edna s\u00f3dica dilu\u00edda al 1%. La fluoresce\u00edna s\u00f3dica dilu\u00edda al 1% tiene una concentraci\u00f3n muy alta, de tal forma que debe ser as\u00ed mismo dilu\u00edda para utilizarse. Tal y como puedes ver en la imagen, 2ml de fluoresce\u00edna al 1% es suficiente para dar color a 1L de agua. Si lo deseas tambi\u00e9n puedes comprar fluoresce\u00edna s\u00f3dica en polvo y realizar tu mismo la predisoluci\u00f3n. El pedido se realiza directamente por la Web siguiendo los pasos que se indican, haci\u00e9ndose la entrega en 24\/48 horas.","og_url":"https:\/\/www.alquera.com\/it\/fluoresceina-sodica-al-1\/","og_site_name":"Alquera.com","article_publisher":"https:\/\/www.facebook.com\/alqueraciencia","article_modified_time":"2026-04-01T18:25:47+00:00","og_image":[{"width":800,"height":800,"url":"https:\/\/www.alquera.com\/wp-content\/uploads\/2021\/02\/Fluoresceina-sodica-1_diluido-scaled.jpg","type":"image\/jpeg"}],"twitter_card":"summary_large_image","twitter_misc":{"Disponibilit\u00e0":"In stock"},"schema":{"@context":"https:\/\/schema.org","@graph":[{"@type":["WebPage","ItemPage"],"@id":"https:\/\/www.alquera.com\/fluoresceina-sodica-al-1\/","url":"https:\/\/www.alquera.com\/fluoresceina-sodica-al-1\/","name":"Fluoresceina sodica 1%: Acquistare online - Alquera.com","isPartOf":{"@id":"https:\/\/www.alquera.com\/en\/#website"},"primaryImageOfPage":{"@id":"https:\/\/www.alquera.com\/fluoresceina-sodica-al-1\/#primaryimage"},"image":{"@id":"https:\/\/www.alquera.com\/fluoresceina-sodica-al-1\/#primaryimage"},"thumbnailUrl":"https:\/\/www.alquera.com\/wp-content\/uploads\/2021\/02\/Fluoresceina-sodica-1_diluido-scaled.jpg","datePublished":"2021-02-23T12:05:29+00:00","dateModified":"2026-04-01T18:25:47+00:00","breadcrumb":{"@id":"https:\/\/www.alquera.com\/fluoresceina-sodica-al-1\/#breadcrumb"},"inLanguage":"it-IT","potentialAction":[{"@type":"ReadAction","target":["https:\/\/www.alquera.com\/fluoresceina-sodica-al-1\/"]}]},{"@type":"ImageObject","inLanguage":"it-IT","@id":"https:\/\/www.alquera.com\/fluoresceina-sodica-al-1\/#primaryimage","url":"https:\/\/www.alquera.com\/wp-content\/uploads\/2021\/02\/Fluoresceina-sodica-1_diluido-scaled.jpg","contentUrl":"https:\/\/www.alquera.com\/wp-content\/uploads\/2021\/02\/Fluoresceina-sodica-1_diluido-scaled.jpg","width":800,"height":800,"caption":"Fluoresceina sodica 1%_diluido"},{"@type":"BreadcrumbList","@id":"https:\/\/www.alquera.com\/fluoresceina-sodica-al-1\/#breadcrumb","itemListElement":[{"@type":"ListItem","position":1,"name":"Inicio","item":"https:\/\/www.alquera.com\/"},{"@type":"ListItem","position":2,"name":"Alquera.com: Tienda Online de Productos Qu\u00edmicos y Material de Laboratorio","item":"https:\/\/www.alquera.com\/en\/tienda\/"},{"@type":"ListItem","position":3,"name":"Fluoresce\u00edna S\u00f3dica al 1%"}]},{"@type":"WebSite","@id":"https:\/\/www.alquera.com\/en\/#website","url":"https:\/\/www.alquera.com\/en\/","name":"Alquera.com","description":"Negozio online di prodotti chimici e forniture di laboratorio","publisher":{"@id":"https:\/\/www.alquera.com\/en\/#organization"},"potentialAction":[{"@type":"SearchAction","target":{"@type":"EntryPoint","urlTemplate":"https:\/\/www.alquera.com\/en\/?s={search_term_string}"},"query-input":{"@type":"PropertyValueSpecification","valueRequired":true,"valueName":"search_term_string"}}],"inLanguage":"it-IT"},{"@type":"Organization","@id":"https:\/\/www.alquera.com\/en\/#organization","name":"ALQUERA CIENCIA SL","url":"https:\/\/www.alquera.com\/en\/","logo":{"@type":"ImageObject","inLanguage":"it-IT","@id":"https:\/\/www.alquera.com\/en\/#\/schema\/logo\/image\/","url":"https:\/\/www.alquera.com\/wp-content\/uploads\/2020\/11\/logo_300_ancho.png","contentUrl":"https:\/\/www.alquera.com\/wp-content\/uploads\/2020\/11\/logo_300_ancho.png","width":300,"height":86,"caption":"ALQUERA CIENCIA SL"},"image":{"@id":"https:\/\/www.alquera.com\/en\/#\/schema\/logo\/image\/"},"sameAs":["https:\/\/www.facebook.com\/alqueraciencia","https:\/\/www.instagram.com\/alquera_ciencia\/","https:\/\/www.youtube.com\/c\/alquera"]}]},"og_availability":"instock","product_availability":"instock","product_condition":"new"},"_links":{"self":[{"href":"https:\/\/www.alquera.com\/it\/wp-json\/wp\/v2\/product\/33043","targetHints":{"allow":["GET"]}}],"collection":[{"href":"https:\/\/www.alquera.com\/it\/wp-json\/wp\/v2\/product"}],"about":[{"href":"https:\/\/www.alquera.com\/it\/wp-json\/wp\/v2\/types\/product"}],"replies":[{"embeddable":true,"href":"https:\/\/www.alquera.com\/it\/wp-json\/wp\/v2\/comments?post=33043"}],"wp:featuredmedia":[{"embeddable":true,"href":"https:\/\/www.alquera.com\/it\/wp-json\/wp\/v2\/media\/33047"}],"wp:attachment":[{"href":"https:\/\/www.alquera.com\/it\/wp-json\/wp\/v2\/media?parent=33043"}],"wp:term":[{"taxonomy":"product_brand","embeddable":true,"href":"https:\/\/www.alquera.com\/it\/wp-json\/wp\/v2\/product_brand?post=33043"},{"taxonomy":"product_cat","embeddable":true,"href":"https:\/\/www.alquera.com\/it\/wp-json\/wp\/v2\/product_cat?post=33043"},{"taxonomy":"product_tag","embeddable":true,"href":"https:\/\/www.alquera.com\/it\/wp-json\/wp\/v2\/product_tag?post=33043"}],"curies":[{"name":"wp","href":"https:\/\/api.w.org\/{rel}","templated":true}]}}