{"id":33708,"date":"2021-04-28T10:45:19","date_gmt":"2021-04-28T10:45:19","guid":{"rendered":"https:\/\/www.alquera.com\/?post_type=product&#038;p=33708"},"modified":"2026-03-02T15:25:59","modified_gmt":"2026-03-02T15:25:59","slug":"tierra-de-diatomeas","status":"publish","type":"product","link":"https:\/\/www.alquera.com\/it\/tierra-de-diatomeas\/","title":{"rendered":"Terra Diatomacea"},"content":{"rendered":"<p><strong>Terra Diatomacea<\/strong>polvere, utilizzata per l'aspersione e la miscelazione nel terreno o nel substrato di coltivazione. Si usa anche nelle lettiere degli animali o come integratore alimentare.<\/p>\n<h2>COMPOSIZIONE DELLA TERRA DIATOMACEA<\/h2>\n<p>La ricchezza e la composizione chimica della <strong>elementi pi\u00f9 importanti<\/strong> sono:<\/p>\n<p>Silicio (SiO2)............................................62,00%<br \/>\nCarbonato di calcio (CaCO4)....................34,50%<br \/>\nCalcio (CaO)....................................................19,30%<br \/>\nSolfato di calce (CaSO4).........................0,22%<br \/>\nMagnesio (MgO).................................................0,45%<br \/>\nFosforo (P2O5)...................................................0,13%<br \/>\nPotassio (K2O)......................................................0,18%<br \/>\nFerro (Fe2O3)...................................................0,72%<br \/>\nAlluminio (Al2O3).............................................1,40%<br \/>\nCloro (Cl)...............................................................0,05%<\/p>\n<p>La terra di diatomee contiene fino a 40 nutrienti minerali. Questi includono nutrienti primari come azoto, fosforo e potassio, nonch\u00e9 nutrienti secondari come calcio, magnesio e zolfo. Sono presenti anche altri 13 oligoelementi principali e secondari che, sebbene presenti in piccole quantit\u00e0, sono indispensabili per lo sviluppo e la vita delle piante.<\/p>\n<ul>\n<li>3 nutrienti principali: Azoto (N), Fosforo (P), Potassio (K)<\/li>\n<li>3 nutrienti secondari: calcio (Ca), magnesio (Mg) e zolfo (S).<\/li>\n<li>6 Principali oligoelementi: ferro (Fe), manganese (Mn), rame (Cu), zinco (Zn), boro (B) e molibdeno (Mo).<\/li>\n<li>7 Oligoelementi secondari: Silicio (Si), Cobalto (Co), Fluoro (F), Nichel (Ni), Selenio (Se), Stagno (Sn), Iodio (I) e Vanadio (V).<\/li>\n<\/ul>\n<p>&nbsp;<\/p>\n<h2>USI DELLA TERRA DIATOMACEA<\/h2>\n<h3>IMPIANTI AD AZIONE MULTICORRETTIVA<\/h3>\n<p>L'elevata capacit\u00e0 di scambio cationico (C.I.C.) permette a tutti i macro e microelementi che fornisce di essere assimilati dalle piante, rendendolo un ottimo multicorrettore delle carenze che le piante possono subire durante i loro cicli di crescita.<\/p>\n<p><strong>DOSAGGIO<\/strong><\/p>\n<ul>\n<li>Dose per le piante: cospargere tra 200 e 300 gr\/m2.<\/li>\n<li>SUBSTRATO: cospargere 10\/15gr\/litro di substrato.<\/li>\n<\/ul>\n<h3><strong>CONTROLLO DEI PARASSITI NEGLI ANIMALI E NELL'UOMO.<\/strong><\/h3>\n<p>La terra di diatomee \u00e8 adatta per il controllo dei parassiti negli animali e nell'uomo. Insetti come pidocchi, zecche, pulci, cimici dei letti possono essere trattati con la terra di diatomee.<\/p>\n<p>Il<strong> applicazione<\/strong> sarebbe quello di applicare la polvere direttamente sull'animale utilizzando un talco o spruzzando la polvere a mano. Il dosaggio in questo caso sarebbe di 1 g per kg di animale (0 grammi per kg di animale). Si pu\u00f2 anche applicare a un tasso di 20% - 30% negli shampoo dei nostri animali domestici.<\/p>\n<p>Si consiglia anche di spruzzare leggermente sulle lettiere degli animali, e nell'ambiente umano pu\u00f2 essere applicato sia nelle case di campagna che in quelle di citt\u00e0, cospargendo il prodotto negli armadi, nelle dispense, nei ripostigli o in qualsiasi altro luogo si voglia proteggere da insetti come ragni, tarme, zanzare, scarafaggi, acari, ecc.<\/p>\n<p>100% \u00e8 innocuo per gli animali e gli esseri umani.<\/p>\n<h3><strong>PROTEZIONE DEI SEMI.<\/strong><\/h3>\n<p>I trattamenti biologici sono molto efficaci nel controllo di insetti, batteri e funghi durante la conservazione di grano, orzo, soia, mais, ecc. e soprattutto contro i tonchi.<\/p>\n<p>Oltre a proteggere i semi, la terra di diatomee aumenta notevolmente il loro potere germinativo, riduce l'umidit\u00e0 e aumenta il loro peso specifico.<\/p>\n<h3>DOSE DI PROTEZIONE DELLE SEMENTI:<\/h3>\n<p>Con 2 o 3 kg per MT di semi di cereali, per periodi di stoccaggio medi, cio\u00e8 fino a circa 12 mesi, potete in pratica conservare i vostri semi da una coltura all'altra.<\/p>\n<h2><strong>TERRA DIATOMACEA COME FUNGICIDA<\/strong><\/h2>\n<p>La terra di diatomee \u00e8 composta da silicio organico amorfo, cio\u00e8 non \u00e8 il silicio convenzionale che conosciamo e che viene utilizzato in varie industrie. Questa peculiarit\u00e0 amorfa la rende un induttore di fitoalessine.<\/p>\n<p>Si tratta di un sistema naturale simile ai vaccini, che vengono sintetizzati con virus indeboliti delle stesse malattie contro cui vengono immunizzati gli animali e gli esseri umani.  Questi, producendo e disponendo degli anticorpi necessari che neutralizzano la lieve infezione prodotta dal vaccino, forniscono le difese per prevenire qualsiasi infezione, che non progredir\u00e0 grazie alle difese.<\/p>\n<ul>\n<li>Dose per le piante: cospargere tra 200 e 300 gr\/m2.<\/li>\n<li>SUBSTRATO: cospargere 10\/15gr\/litro di substrato.<\/li>\n<\/ul>\n<h2><strong>CONTROLLO DEGLI INSETTI NELLE COLTURE DEL SUOLO<\/strong><\/h2>\n<p>La terra di diatomee agisce come agente essiccante per gli insetti a sangue freddo. Gli insetti iniziano a seccarsi e a morire, quindi \u00e8 un ottimo alleato da mescolare al nostro terreno di coltivazione o al substrato per controllare gli insetti del suolo come formiche, lumache, vermi del suolo, ecc.<\/p>\n<ul>\n<li>Acari, zecche, mosche, afidi, ragni, tonchi, zanzare, tafani, lumache, grilli, bruchi, termiti, lumache, formiche, pidocchi, topi, cimici, moscerini, falene, cocciniglie, scarafaggi, locuste, pulci, larve, vermi<\/li>\n<li>DOSE SU PLYWOOD: 100gr\/m2.<\/li>\n<li>Dose per le orchidee: 250gr\/m2<\/li>\n<\/ul>\n<p>&nbsp;<\/p>","protected":false},"excerpt":{"rendered":"<p>Acquistare la Terra di Diatomee in confezioni da 1Kg e 5Kg. Il prezzo dei diversi formati di Diatomee \u00e8 visibile selezionando il formato desiderato. L'ordine viene effettuato direttamente via web seguendo i passaggi indicati, con consegna in 4\/5 giorni.<\/p>","protected":false},"featured_media":35760,"comment_status":"open","ping_status":"closed","template":"","meta":{"_acf_changed":false,"site-sidebar-layout":"default","site-content-layout":"default","ast-site-content-layout":"default","site-content-style":"default","site-sidebar-style":"default","ast-global-header-display":"","ast-banner-title-visibility":"","ast-main-header-display":"","ast-hfb-above-header-display":"","ast-hfb-below-header-display":"","ast-hfb-mobile-header-display":"","site-post-title":"","ast-breadcrumbs-content":"","ast-featured-img":"","footer-sml-layout":"","ast-disable-related-posts":"","theme-transparent-header-meta":"default","adv-header-id-meta":"","stick-header-meta":"default","header-above-stick-meta":"","header-main-stick-meta":"","header-below-stick-meta":"","astra-migrate-meta-layouts":"set","ast-page-background-enabled":"default","ast-page-background-meta":{"desktop":{"background-color":"var(--ast-global-color-4)","background-image":"","background-repeat":"repeat","background-position":"center center","background-size":"auto","background-attachment":"scroll","background-type":"","background-media":"","overlay-type":"","overlay-color":"","overlay-opacity":"","overlay-gradient":""},"tablet":{"background-color":"","background-image":"","background-repeat":"repeat","background-position":"center center","background-size":"auto","background-attachment":"scroll","background-type":"","background-media":"","overlay-type":"","overlay-color":"","overlay-opacity":"","overlay-gradient":""},"mobile":{"background-color":"","background-image":"","background-repeat":"repeat","background-position":"center center","background-size":"auto","background-attachment":"scroll","background-type":"","background-media":"","overlay-type":"","overlay-color":"","overlay-opacity":"","overlay-gradient":""}},"ast-content-background-meta":{"desktop":{"background-color":"var(--ast-global-color-5)","background-image":"","background-repeat":"repeat","background-position":"center center","background-size":"auto","background-attachment":"scroll","background-type":"","background-media":"","overlay-type":"","overlay-color":"","overlay-opacity":"","overlay-gradient":""},"tablet":{"background-color":"var(--ast-global-color-5)","background-image":"","background-repeat":"repeat","background-position":"center center","background-size":"auto","background-attachment":"scroll","background-type":"","background-media":"","overlay-type":"","overlay-color":"","overlay-opacity":"","overlay-gradient":""},"mobile":{"background-color":"var(--ast-global-color-5)","background-image":"","background-repeat":"repeat","background-position":"center center","background-size":"auto","background-attachment":"scroll","background-type":"","background-media":"","overlay-type":"","overlay-color":"","overlay-opacity":"","overlay-gradient":""}}},"product_brand":[],"product_cat":[213,21],"product_tag":[],"class_list":{"0":"post-33708","1":"product","2":"type-product","3":"status-publish","4":"has-post-thumbnail","6":"product_cat-agroquimicos","7":"product_cat-productos","8":"pa_cantidad-3kg","9":"pa_cantidad-1kg","10":"desktop-align-left","11":"tablet-align-left","12":"mobile-align-left","13":"ast-product-gallery-layout-horizontal-slider","14":"ast-magnify-disabled","15":"ast-product-single-variable","16":"ast-product-tabs-layout-horizontal","17":"ast-qv-on-image","19":"first","20":"instock","21":"taxable","22":"shipping-taxable","23":"purchasable","24":"product-type-variable","25":"has-default-attributes"},"acf":[],"yoast_head":"<!-- This site is optimized with the Yoast SEO Premium plugin v27.1 (Yoast SEO v27.1.1) - https:\/\/yoast.com\/product\/yoast-seo-premium-wordpress\/ -->\n<title>Tierra de Diatomeas: Comprar Online - Alquera.com<\/title>\n<meta name=\"description\" content=\"ENVIOS EN 24\/48H. Comprar Tierra de Diatomeas. Utilizada para espolvorear y mezclar en el suelo de cultivo, como multinutriente y fungicida.\" \/>\n<meta name=\"robots\" content=\"index, follow, max-snippet:-1, max-image-preview:large, max-video-preview:-1\" \/>\n<link rel=\"canonical\" href=\"https:\/\/www.alquera.com\/it\/tierra-de-diatomeas\/\" \/>\n<meta property=\"og:locale\" content=\"it_IT\" \/>\n<meta property=\"og:type\" content=\"article\" \/>\n<meta property=\"og:title\" content=\"Tierra de Diatomeas: Comprar Online - Alquera.com\" \/>\n<meta property=\"og:description\" content=\"ENVIOS EN 24\/48H. Comprar Tierra de Diatomeas. Utilizada para espolvorear y mezclar en el suelo de cultivo, como multinutriente y fungicida.\" \/>\n<meta property=\"og:url\" content=\"https:\/\/www.alquera.com\/it\/tierra-de-diatomeas\/\" \/>\n<meta property=\"og:site_name\" content=\"Alquera.com\" \/>\n<meta property=\"article:publisher\" content=\"https:\/\/www.facebook.com\/alqueraciencia\" \/>\n<meta property=\"article:modified_time\" content=\"2026-03-02T15:25:59+00:00\" \/>\n<meta property=\"og:image\" content=\"https:\/\/www.alquera.com\/wp-content\/uploads\/2021\/04\/TIERRA-DE-DIATOMEAS_22_10.png\" \/>\n\t<meta property=\"og:image:width\" content=\"800\" \/>\n\t<meta property=\"og:image:height\" content=\"800\" \/>\n\t<meta property=\"og:image:type\" content=\"image\/png\" \/>\n<meta name=\"twitter:card\" content=\"summary_large_image\" \/>\n<meta name=\"twitter:label1\" content=\"Disponibilit\u00e0\" \/>\n\t<meta name=\"twitter:data1\" content=\"In stock\" \/>\n<script type=\"application\/ld+json\" class=\"yoast-schema-graph\">{\"@context\":\"https:\/\/schema.org\",\"@graph\":[{\"@type\":[\"WebPage\",\"ItemPage\"],\"@id\":\"https:\/\/www.alquera.com\/tierra-de-diatomeas\/\",\"url\":\"https:\/\/www.alquera.com\/tierra-de-diatomeas\/\",\"name\":\"Tierra de Diatomeas: Comprar Online - Alquera.com\",\"isPartOf\":{\"@id\":\"https:\/\/www.alquera.com\/en\/#website\"},\"primaryImageOfPage\":{\"@id\":\"https:\/\/www.alquera.com\/tierra-de-diatomeas\/#primaryimage\"},\"image\":{\"@id\":\"https:\/\/www.alquera.com\/tierra-de-diatomeas\/#primaryimage\"},\"thumbnailUrl\":\"https:\/\/www.alquera.com\/wp-content\/uploads\/2021\/04\/TIERRA-DE-DIATOMEAS_22_10.png\",\"datePublished\":\"2021-04-28T10:45:19+00:00\",\"dateModified\":\"2026-03-02T15:25:59+00:00\",\"description\":\"ENVIOS EN 24\/48H. Comprar Tierra de Diatomeas. Utilizada para espolvorear y mezclar en el suelo de cultivo, como multinutriente y fungicida.\",\"breadcrumb\":{\"@id\":\"https:\/\/www.alquera.com\/tierra-de-diatomeas\/#breadcrumb\"},\"inLanguage\":\"it-IT\",\"potentialAction\":[{\"@type\":\"ReadAction\",\"target\":[\"https:\/\/www.alquera.com\/tierra-de-diatomeas\/\"]}]},{\"@type\":\"ImageObject\",\"inLanguage\":\"it-IT\",\"@id\":\"https:\/\/www.alquera.com\/tierra-de-diatomeas\/#primaryimage\",\"url\":\"https:\/\/www.alquera.com\/wp-content\/uploads\/2021\/04\/TIERRA-DE-DIATOMEAS_22_10.png\",\"contentUrl\":\"https:\/\/www.alquera.com\/wp-content\/uploads\/2021\/04\/TIERRA-DE-DIATOMEAS_22_10.png\",\"width\":800,\"height\":800,\"caption\":\"TIERRA DE DIATOMEAS\"},{\"@type\":\"BreadcrumbList\",\"@id\":\"https:\/\/www.alquera.com\/tierra-de-diatomeas\/#breadcrumb\",\"itemListElement\":[{\"@type\":\"ListItem\",\"position\":1,\"name\":\"Inicio\",\"item\":\"https:\/\/www.alquera.com\/\"},{\"@type\":\"ListItem\",\"position\":2,\"name\":\"Alquera.com: Tienda Online de Productos Qu\u00edmicos y Material de Laboratorio\",\"item\":\"https:\/\/www.alquera.com\/en\/tienda\/\"},{\"@type\":\"ListItem\",\"position\":3,\"name\":\"Tierra de Diatomeas\"}]},{\"@type\":\"WebSite\",\"@id\":\"https:\/\/www.alquera.com\/en\/#website\",\"url\":\"https:\/\/www.alquera.com\/en\/\",\"name\":\"Alquera.com\",\"description\":\"Tienda Online Productos Qu\u00edmicos y Material de Laboratorio\",\"publisher\":{\"@id\":\"https:\/\/www.alquera.com\/en\/#organization\"},\"potentialAction\":[{\"@type\":\"SearchAction\",\"target\":{\"@type\":\"EntryPoint\",\"urlTemplate\":\"https:\/\/www.alquera.com\/en\/?s={search_term_string}\"},\"query-input\":{\"@type\":\"PropertyValueSpecification\",\"valueRequired\":true,\"valueName\":\"search_term_string\"}}],\"inLanguage\":\"it-IT\"},{\"@type\":\"Organization\",\"@id\":\"https:\/\/www.alquera.com\/en\/#organization\",\"name\":\"ALQUERA CIENCIA SL\",\"url\":\"https:\/\/www.alquera.com\/en\/\",\"logo\":{\"@type\":\"ImageObject\",\"inLanguage\":\"it-IT\",\"@id\":\"https:\/\/www.alquera.com\/en\/#\/schema\/logo\/image\/\",\"url\":\"https:\/\/www.alquera.com\/wp-content\/uploads\/2020\/11\/logo_300_ancho.png\",\"contentUrl\":\"https:\/\/www.alquera.com\/wp-content\/uploads\/2020\/11\/logo_300_ancho.png\",\"width\":300,\"height\":86,\"caption\":\"ALQUERA CIENCIA SL\"},\"image\":{\"@id\":\"https:\/\/www.alquera.com\/en\/#\/schema\/logo\/image\/\"},\"sameAs\":[\"https:\/\/www.facebook.com\/alqueraciencia\",\"https:\/\/www.instagram.com\/alquera_ciencia\/\",\"https:\/\/www.youtube.com\/c\/alquera\"]}]}<\/script>\n<meta property=\"og:availability\" content=\"instock\" \/>\n<meta property=\"product:availability\" content=\"instock\" \/>\n<meta property=\"product:condition\" content=\"new\" \/>\n<!-- \/ Yoast SEO Premium plugin. -->","yoast_head_json":{"title":"Terra diatomacea: acquistare online - Alquera.com","description":"SPEDIZIONE IN 24\/48 ORE. Acquistare la terra diatomacea. Utilizzata per l'aspersione e la miscelazione nel terreno, come multinutriente e fungicida.","robots":{"index":"index","follow":"follow","max-snippet":"max-snippet:-1","max-image-preview":"max-image-preview:large","max-video-preview":"max-video-preview:-1"},"canonical":"https:\/\/www.alquera.com\/it\/tierra-de-diatomeas\/","og_locale":"it_IT","og_type":"article","og_title":"Tierra de Diatomeas: Comprar Online - Alquera.com","og_description":"ENVIOS EN 24\/48H. Comprar Tierra de Diatomeas. Utilizada para espolvorear y mezclar en el suelo de cultivo, como multinutriente y fungicida.","og_url":"https:\/\/www.alquera.com\/it\/tierra-de-diatomeas\/","og_site_name":"Alquera.com","article_publisher":"https:\/\/www.facebook.com\/alqueraciencia","article_modified_time":"2026-03-02T15:25:59+00:00","og_image":[{"width":800,"height":800,"url":"https:\/\/www.alquera.com\/wp-content\/uploads\/2021\/04\/TIERRA-DE-DIATOMEAS_22_10.png","type":"image\/png"}],"twitter_card":"summary_large_image","twitter_misc":{"Disponibilit\u00e0":"In stock"},"schema":{"@context":"https:\/\/schema.org","@graph":[{"@type":["WebPage","ItemPage"],"@id":"https:\/\/www.alquera.com\/tierra-de-diatomeas\/","url":"https:\/\/www.alquera.com\/tierra-de-diatomeas\/","name":"Terra diatomacea: acquistare online - Alquera.com","isPartOf":{"@id":"https:\/\/www.alquera.com\/en\/#website"},"primaryImageOfPage":{"@id":"https:\/\/www.alquera.com\/tierra-de-diatomeas\/#primaryimage"},"image":{"@id":"https:\/\/www.alquera.com\/tierra-de-diatomeas\/#primaryimage"},"thumbnailUrl":"https:\/\/www.alquera.com\/wp-content\/uploads\/2021\/04\/TIERRA-DE-DIATOMEAS_22_10.png","datePublished":"2021-04-28T10:45:19+00:00","dateModified":"2026-03-02T15:25:59+00:00","description":"SPEDIZIONE IN 24\/48 ORE. Acquistare la terra diatomacea. Utilizzata per l'aspersione e la miscelazione nel terreno, come multinutriente e fungicida.","breadcrumb":{"@id":"https:\/\/www.alquera.com\/tierra-de-diatomeas\/#breadcrumb"},"inLanguage":"it-IT","potentialAction":[{"@type":"ReadAction","target":["https:\/\/www.alquera.com\/tierra-de-diatomeas\/"]}]},{"@type":"ImageObject","inLanguage":"it-IT","@id":"https:\/\/www.alquera.com\/tierra-de-diatomeas\/#primaryimage","url":"https:\/\/www.alquera.com\/wp-content\/uploads\/2021\/04\/TIERRA-DE-DIATOMEAS_22_10.png","contentUrl":"https:\/\/www.alquera.com\/wp-content\/uploads\/2021\/04\/TIERRA-DE-DIATOMEAS_22_10.png","width":800,"height":800,"caption":"TIERRA DE DIATOMEAS"},{"@type":"BreadcrumbList","@id":"https:\/\/www.alquera.com\/tierra-de-diatomeas\/#breadcrumb","itemListElement":[{"@type":"ListItem","position":1,"name":"Inicio","item":"https:\/\/www.alquera.com\/"},{"@type":"ListItem","position":2,"name":"Alquera.com: Tienda Online de Productos Qu\u00edmicos y Material de Laboratorio","item":"https:\/\/www.alquera.com\/en\/tienda\/"},{"@type":"ListItem","position":3,"name":"Tierra de Diatomeas"}]},{"@type":"WebSite","@id":"https:\/\/www.alquera.com\/en\/#website","url":"https:\/\/www.alquera.com\/en\/","name":"Alquera.com","description":"Negozio online di prodotti chimici e forniture di laboratorio","publisher":{"@id":"https:\/\/www.alquera.com\/en\/#organization"},"potentialAction":[{"@type":"SearchAction","target":{"@type":"EntryPoint","urlTemplate":"https:\/\/www.alquera.com\/en\/?s={search_term_string}"},"query-input":{"@type":"PropertyValueSpecification","valueRequired":true,"valueName":"search_term_string"}}],"inLanguage":"it-IT"},{"@type":"Organization","@id":"https:\/\/www.alquera.com\/en\/#organization","name":"ALQUERA CIENCIA SL","url":"https:\/\/www.alquera.com\/en\/","logo":{"@type":"ImageObject","inLanguage":"it-IT","@id":"https:\/\/www.alquera.com\/en\/#\/schema\/logo\/image\/","url":"https:\/\/www.alquera.com\/wp-content\/uploads\/2020\/11\/logo_300_ancho.png","contentUrl":"https:\/\/www.alquera.com\/wp-content\/uploads\/2020\/11\/logo_300_ancho.png","width":300,"height":86,"caption":"ALQUERA CIENCIA SL"},"image":{"@id":"https:\/\/www.alquera.com\/en\/#\/schema\/logo\/image\/"},"sameAs":["https:\/\/www.facebook.com\/alqueraciencia","https:\/\/www.instagram.com\/alquera_ciencia\/","https:\/\/www.youtube.com\/c\/alquera"]}]},"og_availability":"instock","product_availability":"instock","product_condition":"new"},"_links":{"self":[{"href":"https:\/\/www.alquera.com\/it\/wp-json\/wp\/v2\/product\/33708","targetHints":{"allow":["GET"]}}],"collection":[{"href":"https:\/\/www.alquera.com\/it\/wp-json\/wp\/v2\/product"}],"about":[{"href":"https:\/\/www.alquera.com\/it\/wp-json\/wp\/v2\/types\/product"}],"replies":[{"embeddable":true,"href":"https:\/\/www.alquera.com\/it\/wp-json\/wp\/v2\/comments?post=33708"}],"wp:featuredmedia":[{"embeddable":true,"href":"https:\/\/www.alquera.com\/it\/wp-json\/wp\/v2\/media\/35760"}],"wp:attachment":[{"href":"https:\/\/www.alquera.com\/it\/wp-json\/wp\/v2\/media?parent=33708"}],"wp:term":[{"taxonomy":"product_brand","embeddable":true,"href":"https:\/\/www.alquera.com\/it\/wp-json\/wp\/v2\/product_brand?post=33708"},{"taxonomy":"product_cat","embeddable":true,"href":"https:\/\/www.alquera.com\/it\/wp-json\/wp\/v2\/product_cat?post=33708"},{"taxonomy":"product_tag","embeddable":true,"href":"https:\/\/www.alquera.com\/it\/wp-json\/wp\/v2\/product_tag?post=33708"}],"curies":[{"name":"wp","href":"https:\/\/api.w.org\/{rel}","templated":true}]}}