{"id":374,"date":"2015-04-10T13:36:37","date_gmt":"2015-04-10T13:36:37","guid":{"rendered":"http:\/\/localhost\/alquera\/productos\/producto\/linterna-luz-ultravioleta\/"},"modified":"2026-04-13T16:50:18","modified_gmt":"2026-04-13T16:50:18","slug":"linterna-luz-ultravioleta","status":"publish","type":"product","link":"https:\/\/www.alquera.com\/it\/linterna-luz-ultravioleta\/","title":{"rendered":"Torcia a Luce Ultravioletta"},"content":{"rendered":"<p id=\"title\" class=\"a-size-large a-spacing-none\"><span id=\"productTitle\" class=\"a-size-large product-title-word-break\">Torcia 2 in 1 tattica e UV, torcia LED da 500LM, torcia militare, luce UV con 4 modalit\u00e0, zoom IN\/out, 395nm, alluminio, antigoccia, impermeabile IPX4, 3 batterie incluse<\/span><\/p>\n<p><span class=\"a-list-item\">Con questa torcia \u00e8 possibile effettuare esperimenti di fluorescenza illuminando l'oggetto fluorescente.<\/span><\/p>\n<p><span class=\"a-list-item\"><img loading=\"lazy\" decoding=\"async\" class=\"alignnone size-medium wp-image-32314\" src=\"https:\/\/www.alquera.com\/wp-content\/uploads\/2020\/12\/fluorescencia5-1-300x168.png\" alt=\"liquido fluorescente\" width=\"300\" height=\"168\" srcset=\"https:\/\/www.alquera.com\/wp-content\/uploads\/2020\/12\/fluorescencia5-1-300x168.png 300w, https:\/\/www.alquera.com\/wp-content\/uploads\/2020\/12\/fluorescencia5-1.png 506w\" sizes=\"auto, (max-width: 300px) 100vw, 300px\" \/><\/span><\/p>","protected":false},"excerpt":{"rendered":"<p id=\"title\" class=\"a-size-large a-spacing-none\"><span id=\"productTitle\" class=\"a-size-large product-title-word-break\">Acquistare Torcia Ultravioletta 2 in 1 Torcia Tattica e UV, Torcia LED 500LM, Torcia Militare, Luce UV con 4 Modalit\u00e0, Zoom IN\/out, 395nm, Alluminio, Anticaduta, Impermeabile IPX4, 3 Batterie incluse. Per ordinare, seguire i passaggi indicati di seguito. Spedizione in 24\/48h<\/span><\/p>","protected":false},"featured_media":40835,"comment_status":"open","ping_status":"closed","template":"","meta":{"_acf_changed":false,"site-sidebar-layout":"default","site-content-layout":"default","ast-site-content-layout":"default","site-content-style":"default","site-sidebar-style":"default","ast-global-header-display":"","ast-banner-title-visibility":"","ast-main-header-display":"","ast-hfb-above-header-display":"","ast-hfb-below-header-display":"","ast-hfb-mobile-header-display":"","site-post-title":"","ast-breadcrumbs-content":"","ast-featured-img":"","footer-sml-layout":"","ast-disable-related-posts":"","theme-transparent-header-meta":"default","adv-header-id-meta":"","stick-header-meta":"default","header-above-stick-meta":"","header-main-stick-meta":"","header-below-stick-meta":"","astra-migrate-meta-layouts":"default","ast-page-background-enabled":"default","ast-page-background-meta":{"desktop":{"background-color":"var(--ast-global-color-4)","background-image":"","background-repeat":"repeat","background-position":"center center","background-size":"auto","background-attachment":"scroll","background-type":"","background-media":"","overlay-type":"","overlay-color":"","overlay-opacity":"","overlay-gradient":""},"tablet":{"background-color":"","background-image":"","background-repeat":"repeat","background-position":"center center","background-size":"auto","background-attachment":"scroll","background-type":"","background-media":"","overlay-type":"","overlay-color":"","overlay-opacity":"","overlay-gradient":""},"mobile":{"background-color":"","background-image":"","background-repeat":"repeat","background-position":"center center","background-size":"auto","background-attachment":"scroll","background-type":"","background-media":"","overlay-type":"","overlay-color":"","overlay-opacity":"","overlay-gradient":""}},"ast-content-background-meta":{"desktop":{"background-color":"var(--ast-global-color-5)","background-image":"","background-repeat":"repeat","background-position":"center center","background-size":"auto","background-attachment":"scroll","background-type":"","background-media":"","overlay-type":"","overlay-color":"","overlay-opacity":"","overlay-gradient":""},"tablet":{"background-color":"var(--ast-global-color-5)","background-image":"","background-repeat":"repeat","background-position":"center center","background-size":"auto","background-attachment":"scroll","background-type":"","background-media":"","overlay-type":"","overlay-color":"","overlay-opacity":"","overlay-gradient":""},"mobile":{"background-color":"var(--ast-global-color-5)","background-image":"","background-repeat":"repeat","background-position":"center center","background-size":"auto","background-attachment":"scroll","background-type":"","background-media":"","overlay-type":"","overlay-color":"","overlay-opacity":"","overlay-gradient":""}}},"product_brand":[],"product_cat":[327,26],"product_tag":[],"class_list":{"0":"post-374","1":"product","2":"type-product","3":"status-publish","4":"has-post-thumbnail","6":"product_cat-varios-laboratorio","7":"product_cat-material-de-laboratorio","8":"desktop-align-left","9":"tablet-align-left","10":"mobile-align-left","11":"ast-product-gallery-layout-horizontal-slider","12":"ast-magnify-disabled","13":"ast-product-tabs-layout-horizontal","14":"ast-qv-on-image","16":"first","17":"instock","18":"taxable","19":"shipping-taxable","20":"purchasable","21":"product-type-simple"},"acf":[],"yoast_head":"<!-- This site is optimized with the Yoast SEO Premium plugin v27.1 (Yoast SEO v27.1.1) - https:\/\/yoast.com\/product\/yoast-seo-premium-wordpress\/ -->\n<title>Linterna Luz Ultravioleta: Comprar Online - Alquera.com<\/title>\n<meta name=\"description\" content=\"ENV\u00cdOS EN 24\/48H. Comprar linterna de luz UV, ultravioleta, indicada para ensayos de fluorescencia. Doble funci\u00f3n. Bater\u00edas inclu\u00eddas.\" \/>\n<meta name=\"robots\" content=\"index, follow, max-snippet:-1, max-image-preview:large, max-video-preview:-1\" \/>\n<link rel=\"canonical\" href=\"https:\/\/www.alquera.com\/it\/linterna-luz-ultravioleta\/\" \/>\n<meta property=\"og:locale\" content=\"it_IT\" \/>\n<meta property=\"og:type\" content=\"article\" \/>\n<meta property=\"og:title\" content=\"Linterna Luz Ultravioleta: Comprar Online - Alquera.com\" \/>\n<meta property=\"og:description\" content=\"ENV\u00cdOS EN 24\/48H. Comprar linterna de luz UV, ultravioleta, indicada para ensayos de fluorescencia. Doble funci\u00f3n. Bater\u00edas inclu\u00eddas.\" \/>\n<meta property=\"og:url\" content=\"https:\/\/www.alquera.com\/it\/linterna-luz-ultravioleta\/\" \/>\n<meta property=\"og:site_name\" content=\"Alquera.com\" \/>\n<meta property=\"article:publisher\" content=\"https:\/\/www.facebook.com\/alqueraciencia\" \/>\n<meta property=\"article:modified_time\" content=\"2026-04-13T16:50:18+00:00\" \/>\n<meta property=\"og:image\" content=\"https:\/\/www.alquera.com\/wp-content\/uploads\/2015\/04\/LINTERNA-UV.jpg\" \/>\n\t<meta property=\"og:image:width\" content=\"679\" \/>\n\t<meta property=\"og:image:height\" content=\"766\" \/>\n\t<meta property=\"og:image:type\" content=\"image\/jpeg\" \/>\n<meta name=\"twitter:card\" content=\"summary_large_image\" \/>\n<meta name=\"twitter:label1\" content=\"Prezzo\" \/>\n\t<meta name=\"twitter:data1\" content=\"12,90&euro;\" \/>\n\t<meta name=\"twitter:label2\" content=\"Disponibilit\u00e0\" \/>\n\t<meta name=\"twitter:data2\" content=\"In stock\" \/>\n<script type=\"application\/ld+json\" class=\"yoast-schema-graph\">{\"@context\":\"https:\/\/schema.org\",\"@graph\":[{\"@type\":[\"WebPage\",\"ItemPage\"],\"@id\":\"https:\/\/www.alquera.com\/linterna-luz-ultravioleta\/\",\"url\":\"https:\/\/www.alquera.com\/linterna-luz-ultravioleta\/\",\"name\":\"Linterna Luz Ultravioleta: Comprar Online - Alquera.com\",\"isPartOf\":{\"@id\":\"https:\/\/www.alquera.com\/en\/#website\"},\"primaryImageOfPage\":{\"@id\":\"https:\/\/www.alquera.com\/linterna-luz-ultravioleta\/#primaryimage\"},\"image\":{\"@id\":\"https:\/\/www.alquera.com\/linterna-luz-ultravioleta\/#primaryimage\"},\"thumbnailUrl\":\"https:\/\/www.alquera.com\/wp-content\/uploads\/2015\/04\/LINTERNA-UV.jpg\",\"datePublished\":\"2015-04-10T13:36:37+00:00\",\"dateModified\":\"2026-04-13T16:50:18+00:00\",\"description\":\"ENV\u00cdOS EN 24\/48H. Comprar linterna de luz UV, ultravioleta, indicada para ensayos de fluorescencia. Doble funci\u00f3n. Bater\u00edas inclu\u00eddas.\",\"breadcrumb\":{\"@id\":\"https:\/\/www.alquera.com\/linterna-luz-ultravioleta\/#breadcrumb\"},\"inLanguage\":\"it-IT\",\"potentialAction\":[{\"@type\":\"ReadAction\",\"target\":[\"https:\/\/www.alquera.com\/linterna-luz-ultravioleta\/\"]}]},{\"@type\":\"ImageObject\",\"inLanguage\":\"it-IT\",\"@id\":\"https:\/\/www.alquera.com\/linterna-luz-ultravioleta\/#primaryimage\",\"url\":\"https:\/\/www.alquera.com\/wp-content\/uploads\/2015\/04\/LINTERNA-UV.jpg\",\"contentUrl\":\"https:\/\/www.alquera.com\/wp-content\/uploads\/2015\/04\/LINTERNA-UV.jpg\",\"width\":679,\"height\":766},{\"@type\":\"BreadcrumbList\",\"@id\":\"https:\/\/www.alquera.com\/linterna-luz-ultravioleta\/#breadcrumb\",\"itemListElement\":[{\"@type\":\"ListItem\",\"position\":1,\"name\":\"Inicio\",\"item\":\"https:\/\/www.alquera.com\/\"},{\"@type\":\"ListItem\",\"position\":2,\"name\":\"Alquera.com: Tienda Online de Productos Qu\u00edmicos y Material de Laboratorio\",\"item\":\"https:\/\/www.alquera.com\/en\/tienda\/\"},{\"@type\":\"ListItem\",\"position\":3,\"name\":\"Linterna Luz Ultravioleta\"}]},{\"@type\":\"WebSite\",\"@id\":\"https:\/\/www.alquera.com\/en\/#website\",\"url\":\"https:\/\/www.alquera.com\/en\/\",\"name\":\"Alquera.com\",\"description\":\"Tienda Online Productos Qu\u00edmicos y Material de Laboratorio\",\"publisher\":{\"@id\":\"https:\/\/www.alquera.com\/en\/#organization\"},\"potentialAction\":[{\"@type\":\"SearchAction\",\"target\":{\"@type\":\"EntryPoint\",\"urlTemplate\":\"https:\/\/www.alquera.com\/en\/?s={search_term_string}\"},\"query-input\":{\"@type\":\"PropertyValueSpecification\",\"valueRequired\":true,\"valueName\":\"search_term_string\"}}],\"inLanguage\":\"it-IT\"},{\"@type\":\"Organization\",\"@id\":\"https:\/\/www.alquera.com\/en\/#organization\",\"name\":\"ALQUERA CIENCIA SL\",\"url\":\"https:\/\/www.alquera.com\/en\/\",\"logo\":{\"@type\":\"ImageObject\",\"inLanguage\":\"it-IT\",\"@id\":\"https:\/\/www.alquera.com\/en\/#\/schema\/logo\/image\/\",\"url\":\"https:\/\/www.alquera.com\/wp-content\/uploads\/2020\/11\/logo_300_ancho.png\",\"contentUrl\":\"https:\/\/www.alquera.com\/wp-content\/uploads\/2020\/11\/logo_300_ancho.png\",\"width\":300,\"height\":86,\"caption\":\"ALQUERA CIENCIA SL\"},\"image\":{\"@id\":\"https:\/\/www.alquera.com\/en\/#\/schema\/logo\/image\/\"},\"sameAs\":[\"https:\/\/www.facebook.com\/alqueraciencia\",\"https:\/\/www.instagram.com\/alquera_ciencia\/\",\"https:\/\/www.youtube.com\/c\/alquera\"]}]}<\/script>\n<meta property=\"product:price:amount\" content=\"12.90\" \/>\n<meta property=\"product:price:currency\" content=\"EUR\" \/>\n<meta property=\"og:availability\" content=\"instock\" \/>\n<meta property=\"product:availability\" content=\"instock\" \/>\n<meta property=\"product:retailer_item_id\" content=\"ALML40001\" \/>\n<meta property=\"product:condition\" content=\"new\" \/>\n<!-- \/ Yoast SEO Premium plugin. -->","yoast_head_json":{"title":"Torcia ultravioletta: Acquistare online - Alquera.com","description":"CONSEGNA IN 24\/48 ORE. Acquista la torcia a luce ultravioletta, adatta ai test di fluorescenza. Doppia funzione. Batterie incluse.","robots":{"index":"index","follow":"follow","max-snippet":"max-snippet:-1","max-image-preview":"max-image-preview:large","max-video-preview":"max-video-preview:-1"},"canonical":"https:\/\/www.alquera.com\/it\/linterna-luz-ultravioleta\/","og_locale":"it_IT","og_type":"article","og_title":"Linterna Luz Ultravioleta: Comprar Online - Alquera.com","og_description":"ENV\u00cdOS EN 24\/48H. Comprar linterna de luz UV, ultravioleta, indicada para ensayos de fluorescencia. Doble funci\u00f3n. Bater\u00edas inclu\u00eddas.","og_url":"https:\/\/www.alquera.com\/it\/linterna-luz-ultravioleta\/","og_site_name":"Alquera.com","article_publisher":"https:\/\/www.facebook.com\/alqueraciencia","article_modified_time":"2026-04-13T16:50:18+00:00","og_image":[{"width":679,"height":766,"url":"https:\/\/www.alquera.com\/wp-content\/uploads\/2015\/04\/LINTERNA-UV.jpg","type":"image\/jpeg"}],"twitter_card":"summary_large_image","twitter_misc":{"Prezzo":"12,90&euro;","Disponibilit\u00e0":"In stock"},"schema":{"@context":"https:\/\/schema.org","@graph":[{"@type":["WebPage","ItemPage"],"@id":"https:\/\/www.alquera.com\/linterna-luz-ultravioleta\/","url":"https:\/\/www.alquera.com\/linterna-luz-ultravioleta\/","name":"Torcia ultravioletta: Acquistare online - Alquera.com","isPartOf":{"@id":"https:\/\/www.alquera.com\/en\/#website"},"primaryImageOfPage":{"@id":"https:\/\/www.alquera.com\/linterna-luz-ultravioleta\/#primaryimage"},"image":{"@id":"https:\/\/www.alquera.com\/linterna-luz-ultravioleta\/#primaryimage"},"thumbnailUrl":"https:\/\/www.alquera.com\/wp-content\/uploads\/2015\/04\/LINTERNA-UV.jpg","datePublished":"2015-04-10T13:36:37+00:00","dateModified":"2026-04-13T16:50:18+00:00","description":"CONSEGNA IN 24\/48 ORE. Acquista la torcia a luce ultravioletta, adatta ai test di fluorescenza. Doppia funzione. Batterie incluse.","breadcrumb":{"@id":"https:\/\/www.alquera.com\/linterna-luz-ultravioleta\/#breadcrumb"},"inLanguage":"it-IT","potentialAction":[{"@type":"ReadAction","target":["https:\/\/www.alquera.com\/linterna-luz-ultravioleta\/"]}]},{"@type":"ImageObject","inLanguage":"it-IT","@id":"https:\/\/www.alquera.com\/linterna-luz-ultravioleta\/#primaryimage","url":"https:\/\/www.alquera.com\/wp-content\/uploads\/2015\/04\/LINTERNA-UV.jpg","contentUrl":"https:\/\/www.alquera.com\/wp-content\/uploads\/2015\/04\/LINTERNA-UV.jpg","width":679,"height":766},{"@type":"BreadcrumbList","@id":"https:\/\/www.alquera.com\/linterna-luz-ultravioleta\/#breadcrumb","itemListElement":[{"@type":"ListItem","position":1,"name":"Inicio","item":"https:\/\/www.alquera.com\/"},{"@type":"ListItem","position":2,"name":"Alquera.com: Tienda Online de Productos Qu\u00edmicos y Material de Laboratorio","item":"https:\/\/www.alquera.com\/en\/tienda\/"},{"@type":"ListItem","position":3,"name":"Linterna Luz Ultravioleta"}]},{"@type":"WebSite","@id":"https:\/\/www.alquera.com\/en\/#website","url":"https:\/\/www.alquera.com\/en\/","name":"Alquera.com","description":"Negozio online di prodotti chimici e forniture di laboratorio","publisher":{"@id":"https:\/\/www.alquera.com\/en\/#organization"},"potentialAction":[{"@type":"SearchAction","target":{"@type":"EntryPoint","urlTemplate":"https:\/\/www.alquera.com\/en\/?s={search_term_string}"},"query-input":{"@type":"PropertyValueSpecification","valueRequired":true,"valueName":"search_term_string"}}],"inLanguage":"it-IT"},{"@type":"Organization","@id":"https:\/\/www.alquera.com\/en\/#organization","name":"ALQUERA CIENCIA SL","url":"https:\/\/www.alquera.com\/en\/","logo":{"@type":"ImageObject","inLanguage":"it-IT","@id":"https:\/\/www.alquera.com\/en\/#\/schema\/logo\/image\/","url":"https:\/\/www.alquera.com\/wp-content\/uploads\/2020\/11\/logo_300_ancho.png","contentUrl":"https:\/\/www.alquera.com\/wp-content\/uploads\/2020\/11\/logo_300_ancho.png","width":300,"height":86,"caption":"ALQUERA CIENCIA SL"},"image":{"@id":"https:\/\/www.alquera.com\/en\/#\/schema\/logo\/image\/"},"sameAs":["https:\/\/www.facebook.com\/alqueraciencia","https:\/\/www.instagram.com\/alquera_ciencia\/","https:\/\/www.youtube.com\/c\/alquera"]}]},"product_price_amount":"12.90","product_price_currency":"EUR","og_availability":"instock","product_availability":"instock","product_retailer_item_id":"ALML40001","product_condition":"new"},"_links":{"self":[{"href":"https:\/\/www.alquera.com\/it\/wp-json\/wp\/v2\/product\/374","targetHints":{"allow":["GET"]}}],"collection":[{"href":"https:\/\/www.alquera.com\/it\/wp-json\/wp\/v2\/product"}],"about":[{"href":"https:\/\/www.alquera.com\/it\/wp-json\/wp\/v2\/types\/product"}],"replies":[{"embeddable":true,"href":"https:\/\/www.alquera.com\/it\/wp-json\/wp\/v2\/comments?post=374"}],"wp:featuredmedia":[{"embeddable":true,"href":"https:\/\/www.alquera.com\/it\/wp-json\/wp\/v2\/media\/40835"}],"wp:attachment":[{"href":"https:\/\/www.alquera.com\/it\/wp-json\/wp\/v2\/media?parent=374"}],"wp:term":[{"taxonomy":"product_brand","embeddable":true,"href":"https:\/\/www.alquera.com\/it\/wp-json\/wp\/v2\/product_brand?post=374"},{"taxonomy":"product_cat","embeddable":true,"href":"https:\/\/www.alquera.com\/it\/wp-json\/wp\/v2\/product_cat?post=374"},{"taxonomy":"product_tag","embeddable":true,"href":"https:\/\/www.alquera.com\/it\/wp-json\/wp\/v2\/product_tag?post=374"}],"curies":[{"name":"wp","href":"https:\/\/api.w.org\/{rel}","templated":true}]}}