{"id":37969,"date":"2022-04-28T09:27:43","date_gmt":"2022-04-28T09:27:43","guid":{"rendered":"https:\/\/www.alquera.com\/?post_type=product&#038;p=37969"},"modified":"2022-05-05T11:11:03","modified_gmt":"2022-05-05T11:11:03","slug":"balance-21-17","status":"publish","type":"product","link":"https:\/\/www.alquera.com\/it\/balance-21-17\/","title":{"rendered":"Bilancio 21-17"},"content":{"rendered":"<h2>IDENTIFICAZIONE E PROPRIET\u00c0<\/h2>\n<p><strong>Nome:<\/strong> Bilancio 21-17<\/p>\n<ul>\n<li>Stato fisico: Solido (granuli)<\/li>\n<li>Colore: Grigio<\/li>\n<li>Odore: inodore<\/li>\n<li>pH: 4-7<\/li>\n<li>Punto di fusione\/punto di congelamento: 150\u00baC<\/li>\n<li>Punto di ebollizione iniziale e intervallo di ebollizione: Non adatto\/non applicabile a causa della natura del prodotto.<\/li>\n<li>Densit\u00e0 di massa: 990 - 1.090 kg\/m3<\/li>\n<li>Solubilit\u00e0 in acqua: &gt;80 g\/l<\/li>\n<\/ul>\n<h2>CARATTERISTICHE DEL PRODOTTO<\/h2>\n<ul>\n<li>Concime perlato: tutti gli elementi nutritivi presenti in proporzioni uguali in un unico granulo perlato.<\/li>\n<li>Distribuzione uniforme e omogenea del prodotto grazie ai granuli perlati.<\/li>\n<li>Prodotto con il processo di nitrofosforazione<\/li>\n<li>Igroscopico: assorbe facilmente l'umidit\u00e0 del terreno, in modo che i suoi nutrienti siano facilmente incorporati nella soluzione del terreno. Fornisce nutrienti immediatamente disponibili per la pianta.<\/li>\n<li>Privo di polvere: rivestito con una pellicola di rivestimento brevettata che impedisce la formazione di polvere e la formazione di ghiaccio.<\/li>\n<\/ul>\n<h2>NUTRIENTI<\/h2>\n<ul>\n<li>Fornisce azoto in forma solubile e assimilabile, di cui 7,5% corrispondono all'azoto nitrico immediatamente assimilabile dalla coltura e 13,5% di azoto ammoniacale disponibile per un periodo di tempo prolungato.<\/li>\n<li>Il fosforo \u00e8 totalmente disponibile e parzialmente sotto forma di polifosfati (25-30%). Il fosforo assimilabile \u00e8 fondamentale per il corretto sviluppo della pianta, poich\u00e9 interviene nei processi fisiologici che richiedono un apporto supplementare di energia, come lo sviluppo delle radici, l'accestimento, ecc.<\/li>\n<li>Contiene zolfo sotto forma di solfato, necessario per lo sviluppo delle piante e componente essenziale delle proteine del grano.<\/li>\n<li>Il potassio presente \u00e8 solubile e assimilabile, favorendo la formazione di amido e riducendo lo stress della pianta.<\/li>\n<\/ul>\n<h2>BENEFICI PER LA COLTURA<\/h2>\n<ul>\n<li>L'elevata efficienza del fosforo sotto forma di polifosfati favorisce la germinazione, un maggior numero di figli, il riempimento dei cereali e uno sviluppo ottimale delle radici rispetto al fosforo convenzionale.<\/li>\n<li>Azoto nitrico e ammoniacale disponibile e assimilabile, per un migliore sviluppo della pianta durante l'intero ciclo colturale.<\/li>\n<\/ul>\n<h2>ISTRUZIONI PER L'USO<\/h2>\n<p>Applicare come concime di fondo o nelle prime fasi della coltura per garantire l'equilibrio dei nutrienti durante l'intero ciclo di crescita.<\/p>\n<p>&nbsp;<\/p>\n<p><img loading=\"lazy\" decoding=\"async\" class=\"wp-image-37997 aligncenter\" src=\"https:\/\/www.alquera.com\/wp-content\/uploads\/2022\/04\/composicion.png\" alt=\"\" width=\"750\" height=\"294\" srcset=\"https:\/\/www.alquera.com\/wp-content\/uploads\/2022\/04\/composicion.png 587w, https:\/\/www.alquera.com\/wp-content\/uploads\/2022\/04\/composicion-300x118.png 300w\" sizes=\"auto, (max-width: 750px) 100vw, 750px\" \/><\/p>\n<h2>USI<\/h2>\n<ul>\n<li>Preparazione di miscele chimiche<\/li>\n<li>Preparazione professionale dei prodotti fertilizzanti<\/li>\n<li>Fertilizzanti in azienda: carico e spandimento<\/li>\n<li>Concime liquido in campo aperto<\/li>\n<li>Fertilizzanti: manutenzione delle attrezzature<\/li>\n<\/ul>","protected":false},"excerpt":{"rendered":"<p>Acquista Balance 21-17 da confezioni da 1 kg a sacchi da 25 kg. \u00c8 possibile vedere il prezzo dei diversi formati di Balance 21-17 quando si seleziona il formato desiderato. L'ordine viene effettuato direttamente via web seguendo i passaggi indicati e la consegna avviene in 4\/5 giorni.<\/p>","protected":false},"featured_media":38104,"comment_status":"open","ping_status":"closed","template":"","meta":{"_acf_changed":false,"site-sidebar-layout":"default","site-content-layout":"default","ast-site-content-layout":"default","site-content-style":"default","site-sidebar-style":"default","ast-global-header-display":"","ast-banner-title-visibility":"","ast-main-header-display":"","ast-hfb-above-header-display":"","ast-hfb-below-header-display":"","ast-hfb-mobile-header-display":"","site-post-title":"","ast-breadcrumbs-content":"","ast-featured-img":"","footer-sml-layout":"","ast-disable-related-posts":"","theme-transparent-header-meta":"default","adv-header-id-meta":"","stick-header-meta":"default","header-above-stick-meta":"","header-main-stick-meta":"","header-below-stick-meta":"","astra-migrate-meta-layouts":"default","ast-page-background-enabled":"default","ast-page-background-meta":{"desktop":{"background-color":"var(--ast-global-color-4)","background-image":"","background-repeat":"repeat","background-position":"center center","background-size":"auto","background-attachment":"scroll","background-type":"","background-media":"","overlay-type":"","overlay-color":"","overlay-opacity":"","overlay-gradient":""},"tablet":{"background-color":"","background-image":"","background-repeat":"repeat","background-position":"center center","background-size":"auto","background-attachment":"scroll","background-type":"","background-media":"","overlay-type":"","overlay-color":"","overlay-opacity":"","overlay-gradient":""},"mobile":{"background-color":"","background-image":"","background-repeat":"repeat","background-position":"center center","background-size":"auto","background-attachment":"scroll","background-type":"","background-media":"","overlay-type":"","overlay-color":"","overlay-opacity":"","overlay-gradient":""}},"ast-content-background-meta":{"desktop":{"background-color":"var(--ast-global-color-5)","background-image":"","background-repeat":"repeat","background-position":"center center","background-size":"auto","background-attachment":"scroll","background-type":"","background-media":"","overlay-type":"","overlay-color":"","overlay-opacity":"","overlay-gradient":""},"tablet":{"background-color":"var(--ast-global-color-5)","background-image":"","background-repeat":"repeat","background-position":"center center","background-size":"auto","background-attachment":"scroll","background-type":"","background-media":"","overlay-type":"","overlay-color":"","overlay-opacity":"","overlay-gradient":""},"mobile":{"background-color":"var(--ast-global-color-5)","background-image":"","background-repeat":"repeat","background-position":"center center","background-size":"auto","background-attachment":"scroll","background-type":"","background-media":"","overlay-type":"","overlay-color":"","overlay-opacity":"","overlay-gradient":""}}},"product_brand":[],"product_cat":[21],"product_tag":[],"class_list":{"0":"post-37969","1":"product","2":"type-product","3":"status-publish","4":"has-post-thumbnail","6":"product_cat-productos","7":"pa_cantidad-1kg","8":"pa_cantidad-5kg","9":"pa_cantidad-25kg","10":"desktop-align-left","11":"tablet-align-left","12":"mobile-align-left","13":"ast-product-gallery-layout-horizontal-slider","14":"ast-product-gallery-with-no-image","15":"ast-magnify-disabled","16":"ast-product-single-variable","17":"ast-product-tabs-layout-horizontal","18":"ast-qv-on-image","20":"first","21":"instock","22":"taxable","23":"shipping-taxable","24":"purchasable","25":"product-type-variable","26":"has-default-attributes"},"acf":[],"yoast_head":"<!-- This site is optimized with the Yoast SEO Premium plugin v27.1 (Yoast SEO v27.1.1) - https:\/\/yoast.com\/product\/yoast-seo-premium-wordpress\/ -->\n<title>Balance 21-17: Comprar Online - Alquera.com<\/title>\n<meta name=\"description\" content=\"ENV\u00cdOS EN 24\/48H. Comprar en Alquera Balance 21-17, su funci\u00f3n es abonar el suelo con diversos nutrientes\" \/>\n<meta name=\"robots\" content=\"index, follow, max-snippet:-1, max-image-preview:large, max-video-preview:-1\" \/>\n<link rel=\"canonical\" href=\"https:\/\/www.alquera.com\/it\/balance-21-17\/\" \/>\n<meta property=\"og:locale\" content=\"it_IT\" \/>\n<meta property=\"og:type\" content=\"article\" \/>\n<meta property=\"og:title\" content=\"Balance 21-17: Comprar Online - Alquera.com\" \/>\n<meta property=\"og:description\" content=\"ENV\u00cdOS EN 24\/48H. Comprar en Alquera Balance 21-17, su funci\u00f3n es abonar el suelo con diversos nutrientes\" \/>\n<meta property=\"og:url\" content=\"https:\/\/www.alquera.com\/it\/balance-21-17\/\" \/>\n<meta property=\"og:site_name\" content=\"Alquera.com\" \/>\n<meta property=\"article:publisher\" content=\"https:\/\/www.facebook.com\/alqueraciencia\" \/>\n<meta property=\"article:modified_time\" content=\"2022-05-05T11:11:03+00:00\" \/>\n<meta property=\"og:image\" content=\"https:\/\/www.alquera.com\/wp-content\/uploads\/2022\/04\/Balance-21-17-1.png\" \/>\n\t<meta property=\"og:image:width\" content=\"600\" \/>\n\t<meta property=\"og:image:height\" content=\"635\" \/>\n\t<meta property=\"og:image:type\" content=\"image\/png\" \/>\n<meta name=\"twitter:card\" content=\"summary_large_image\" \/>\n<meta name=\"twitter:label1\" content=\"Disponibilit\u00e0\" \/>\n\t<meta name=\"twitter:data1\" content=\"In stock\" \/>\n<script type=\"application\/ld+json\" class=\"yoast-schema-graph\">{\"@context\":\"https:\/\/schema.org\",\"@graph\":[{\"@type\":[\"WebPage\",\"ItemPage\"],\"@id\":\"https:\/\/www.alquera.com\/balance-21-17\/\",\"url\":\"https:\/\/www.alquera.com\/balance-21-17\/\",\"name\":\"Balance 21-17: Comprar Online - Alquera.com\",\"isPartOf\":{\"@id\":\"https:\/\/www.alquera.com\/en\/#website\"},\"primaryImageOfPage\":{\"@id\":\"https:\/\/www.alquera.com\/balance-21-17\/#primaryimage\"},\"image\":{\"@id\":\"https:\/\/www.alquera.com\/balance-21-17\/#primaryimage\"},\"thumbnailUrl\":\"https:\/\/www.alquera.com\/wp-content\/uploads\/2022\/04\/Balance-21-17-1.png\",\"datePublished\":\"2022-04-28T09:27:43+00:00\",\"dateModified\":\"2022-05-05T11:11:03+00:00\",\"description\":\"ENV\u00cdOS EN 24\/48H. Comprar en Alquera Balance 21-17, su funci\u00f3n es abonar el suelo con diversos nutrientes\",\"breadcrumb\":{\"@id\":\"https:\/\/www.alquera.com\/balance-21-17\/#breadcrumb\"},\"inLanguage\":\"it-IT\",\"potentialAction\":[{\"@type\":\"ReadAction\",\"target\":[\"https:\/\/www.alquera.com\/balance-21-17\/\"]}]},{\"@type\":\"ImageObject\",\"inLanguage\":\"it-IT\",\"@id\":\"https:\/\/www.alquera.com\/balance-21-17\/#primaryimage\",\"url\":\"https:\/\/www.alquera.com\/wp-content\/uploads\/2022\/04\/Balance-21-17-1.png\",\"contentUrl\":\"https:\/\/www.alquera.com\/wp-content\/uploads\/2022\/04\/Balance-21-17-1.png\",\"width\":600,\"height\":635,\"caption\":\"Balance 21-17\"},{\"@type\":\"BreadcrumbList\",\"@id\":\"https:\/\/www.alquera.com\/balance-21-17\/#breadcrumb\",\"itemListElement\":[{\"@type\":\"ListItem\",\"position\":1,\"name\":\"Inicio\",\"item\":\"https:\/\/www.alquera.com\/\"},{\"@type\":\"ListItem\",\"position\":2,\"name\":\"Alquera.com: Tienda Online de Productos Qu\u00edmicos y Material de Laboratorio\",\"item\":\"https:\/\/www.alquera.com\/en\/tienda\/\"},{\"@type\":\"ListItem\",\"position\":3,\"name\":\"Balance 21-17\"}]},{\"@type\":\"WebSite\",\"@id\":\"https:\/\/www.alquera.com\/en\/#website\",\"url\":\"https:\/\/www.alquera.com\/en\/\",\"name\":\"Alquera.com\",\"description\":\"Tienda Online Productos Qu\u00edmicos y Material de Laboratorio\",\"publisher\":{\"@id\":\"https:\/\/www.alquera.com\/en\/#organization\"},\"potentialAction\":[{\"@type\":\"SearchAction\",\"target\":{\"@type\":\"EntryPoint\",\"urlTemplate\":\"https:\/\/www.alquera.com\/en\/?s={search_term_string}\"},\"query-input\":{\"@type\":\"PropertyValueSpecification\",\"valueRequired\":true,\"valueName\":\"search_term_string\"}}],\"inLanguage\":\"it-IT\"},{\"@type\":\"Organization\",\"@id\":\"https:\/\/www.alquera.com\/en\/#organization\",\"name\":\"ALQUERA CIENCIA SL\",\"url\":\"https:\/\/www.alquera.com\/en\/\",\"logo\":{\"@type\":\"ImageObject\",\"inLanguage\":\"it-IT\",\"@id\":\"https:\/\/www.alquera.com\/en\/#\/schema\/logo\/image\/\",\"url\":\"https:\/\/www.alquera.com\/wp-content\/uploads\/2020\/11\/logo_300_ancho.png\",\"contentUrl\":\"https:\/\/www.alquera.com\/wp-content\/uploads\/2020\/11\/logo_300_ancho.png\",\"width\":300,\"height\":86,\"caption\":\"ALQUERA CIENCIA SL\"},\"image\":{\"@id\":\"https:\/\/www.alquera.com\/en\/#\/schema\/logo\/image\/\"},\"sameAs\":[\"https:\/\/www.facebook.com\/alqueraciencia\",\"https:\/\/www.instagram.com\/alquera_ciencia\/\",\"https:\/\/www.youtube.com\/c\/alquera\"]}]}<\/script>\n<meta property=\"og:availability\" content=\"instock\" \/>\n<meta property=\"product:availability\" content=\"instock\" \/>\n<meta property=\"product:condition\" content=\"new\" \/>\n<!-- \/ Yoast SEO Premium plugin. -->","yoast_head_json":{"title":"Balance 21-17: Acquistare online - Alquera.com","description":"SPEDIZIONI IN 24\/48H. Acquista in Alquera Balance 21-17, la sua funzione \u00e8 quella di fertilizzare il terreno con vari nutrienti.","robots":{"index":"index","follow":"follow","max-snippet":"max-snippet:-1","max-image-preview":"max-image-preview:large","max-video-preview":"max-video-preview:-1"},"canonical":"https:\/\/www.alquera.com\/it\/balance-21-17\/","og_locale":"it_IT","og_type":"article","og_title":"Balance 21-17: Comprar Online - Alquera.com","og_description":"ENV\u00cdOS EN 24\/48H. Comprar en Alquera Balance 21-17, su funci\u00f3n es abonar el suelo con diversos nutrientes","og_url":"https:\/\/www.alquera.com\/it\/balance-21-17\/","og_site_name":"Alquera.com","article_publisher":"https:\/\/www.facebook.com\/alqueraciencia","article_modified_time":"2022-05-05T11:11:03+00:00","og_image":[{"width":600,"height":635,"url":"https:\/\/www.alquera.com\/wp-content\/uploads\/2022\/04\/Balance-21-17-1.png","type":"image\/png"}],"twitter_card":"summary_large_image","twitter_misc":{"Disponibilit\u00e0":"In stock"},"schema":{"@context":"https:\/\/schema.org","@graph":[{"@type":["WebPage","ItemPage"],"@id":"https:\/\/www.alquera.com\/balance-21-17\/","url":"https:\/\/www.alquera.com\/balance-21-17\/","name":"Balance 21-17: Acquistare online - Alquera.com","isPartOf":{"@id":"https:\/\/www.alquera.com\/en\/#website"},"primaryImageOfPage":{"@id":"https:\/\/www.alquera.com\/balance-21-17\/#primaryimage"},"image":{"@id":"https:\/\/www.alquera.com\/balance-21-17\/#primaryimage"},"thumbnailUrl":"https:\/\/www.alquera.com\/wp-content\/uploads\/2022\/04\/Balance-21-17-1.png","datePublished":"2022-04-28T09:27:43+00:00","dateModified":"2022-05-05T11:11:03+00:00","description":"SPEDIZIONI IN 24\/48H. Acquista in Alquera Balance 21-17, la sua funzione \u00e8 quella di fertilizzare il terreno con vari nutrienti.","breadcrumb":{"@id":"https:\/\/www.alquera.com\/balance-21-17\/#breadcrumb"},"inLanguage":"it-IT","potentialAction":[{"@type":"ReadAction","target":["https:\/\/www.alquera.com\/balance-21-17\/"]}]},{"@type":"ImageObject","inLanguage":"it-IT","@id":"https:\/\/www.alquera.com\/balance-21-17\/#primaryimage","url":"https:\/\/www.alquera.com\/wp-content\/uploads\/2022\/04\/Balance-21-17-1.png","contentUrl":"https:\/\/www.alquera.com\/wp-content\/uploads\/2022\/04\/Balance-21-17-1.png","width":600,"height":635,"caption":"Balance 21-17"},{"@type":"BreadcrumbList","@id":"https:\/\/www.alquera.com\/balance-21-17\/#breadcrumb","itemListElement":[{"@type":"ListItem","position":1,"name":"Inicio","item":"https:\/\/www.alquera.com\/"},{"@type":"ListItem","position":2,"name":"Alquera.com: Tienda Online de Productos Qu\u00edmicos y Material de Laboratorio","item":"https:\/\/www.alquera.com\/en\/tienda\/"},{"@type":"ListItem","position":3,"name":"Balance 21-17"}]},{"@type":"WebSite","@id":"https:\/\/www.alquera.com\/en\/#website","url":"https:\/\/www.alquera.com\/en\/","name":"Alquera.com","description":"Negozio online di prodotti chimici e forniture di laboratorio","publisher":{"@id":"https:\/\/www.alquera.com\/en\/#organization"},"potentialAction":[{"@type":"SearchAction","target":{"@type":"EntryPoint","urlTemplate":"https:\/\/www.alquera.com\/en\/?s={search_term_string}"},"query-input":{"@type":"PropertyValueSpecification","valueRequired":true,"valueName":"search_term_string"}}],"inLanguage":"it-IT"},{"@type":"Organization","@id":"https:\/\/www.alquera.com\/en\/#organization","name":"ALQUERA CIENCIA SL","url":"https:\/\/www.alquera.com\/en\/","logo":{"@type":"ImageObject","inLanguage":"it-IT","@id":"https:\/\/www.alquera.com\/en\/#\/schema\/logo\/image\/","url":"https:\/\/www.alquera.com\/wp-content\/uploads\/2020\/11\/logo_300_ancho.png","contentUrl":"https:\/\/www.alquera.com\/wp-content\/uploads\/2020\/11\/logo_300_ancho.png","width":300,"height":86,"caption":"ALQUERA CIENCIA SL"},"image":{"@id":"https:\/\/www.alquera.com\/en\/#\/schema\/logo\/image\/"},"sameAs":["https:\/\/www.facebook.com\/alqueraciencia","https:\/\/www.instagram.com\/alquera_ciencia\/","https:\/\/www.youtube.com\/c\/alquera"]}]},"og_availability":"instock","product_availability":"instock","product_condition":"new"},"_links":{"self":[{"href":"https:\/\/www.alquera.com\/it\/wp-json\/wp\/v2\/product\/37969","targetHints":{"allow":["GET"]}}],"collection":[{"href":"https:\/\/www.alquera.com\/it\/wp-json\/wp\/v2\/product"}],"about":[{"href":"https:\/\/www.alquera.com\/it\/wp-json\/wp\/v2\/types\/product"}],"replies":[{"embeddable":true,"href":"https:\/\/www.alquera.com\/it\/wp-json\/wp\/v2\/comments?post=37969"}],"wp:featuredmedia":[{"embeddable":true,"href":"https:\/\/www.alquera.com\/it\/wp-json\/wp\/v2\/media\/38104"}],"wp:attachment":[{"href":"https:\/\/www.alquera.com\/it\/wp-json\/wp\/v2\/media?parent=37969"}],"wp:term":[{"taxonomy":"product_brand","embeddable":true,"href":"https:\/\/www.alquera.com\/it\/wp-json\/wp\/v2\/product_brand?post=37969"},{"taxonomy":"product_cat","embeddable":true,"href":"https:\/\/www.alquera.com\/it\/wp-json\/wp\/v2\/product_cat?post=37969"},{"taxonomy":"product_tag","embeddable":true,"href":"https:\/\/www.alquera.com\/it\/wp-json\/wp\/v2\/product_tag?post=37969"}],"curies":[{"name":"wp","href":"https:\/\/api.w.org\/{rel}","templated":true}]}}