{"id":39775,"date":"2022-11-11T10:34:55","date_gmt":"2022-11-11T10:34:55","guid":{"rendered":"https:\/\/www.alquera.com\/?post_type=product&#038;p=39775"},"modified":"2025-03-31T11:03:38","modified_gmt":"2025-03-31T11:03:38","slug":"grabar-chapas-hierro","status":"publish","type":"product","link":"https:\/\/www.alquera.com\/it\/grabar-chapas-hierro\/","title":{"rendered":"Piastre di ferro mordenzato elettrolitico - Kit per 15 usi. #Exp4"},"content":{"rendered":"<p>Il kit di incisione elettrolitica per lastre di ferro \u00e8 un kit con il quale avrete a disposizione i componenti chimici per realizzare le vostre lastre di ferro incise personalizzate.<\/p>\n<h2>CONTENUTO DEL KIT PER L'INCISIONE ELETTROLITICA DELLE LASTRE DI FERRO<\/h2>\n<p>Il kit comprende:<\/p>\n<ul>\n<li>15 unit\u00e0 di <a href=\"https:\/\/www.alquera.com\/it\/chapas-de-hierro\/\">Piastre di ferro<\/a><\/li>\n<li>250g <a href=\"https:\/\/www.alquera.com\/it\/sulfato-de-cobre\/\">Solfato di rame<\/a><\/li>\n<li>250g <a href=\"https:\/\/www.alquera.com\/it\/cloruro-sodio\/\">Cloruro di sodio<\/a> (sale comune)<\/li>\n<li>3 <a href=\"https:\/\/www.alquera.com\/it\/vaso-precipitados-polipropileno\/\">Tazze in polipropilene<\/a> di 250 ml.<\/li>\n<\/ul>\n<p>Il kit non comprende:<\/p>\n<ul>\n<li>Smalto per unghie<\/li>\n<li>Alcool\/Acetone per la pulizia<\/li>\n<li>Carta vetrata di diverse grane<\/li>\n<\/ul>\n<h2>PASSO DOPO PASSO COME INCIDERE LE LASTRE DI FERRO<\/h2>\n<p>Vi mostriamo in video il procedimento dettagliato passo per passo<\/p>\n<div class=\"ast-oembed-container\" style=\"height: 100%;\"><iframe loading=\"lazy\" title=\"#Exp4 - Reacci\u00f3n Oxidaci\u00f3n entre Hierro y Sulfato de Cobre. Grabado de una Chapa de Hierro\" width=\"500\" height=\"281\" src=\"https:\/\/www.youtube.com\/embed\/n6xppA_wDu8?feature=oembed\" frameborder=\"0\" allow=\"accelerometer; autoplay; clipboard-write; encrypted-media; gyroscope; picture-in-picture; web-share\" referrerpolicy=\"strict-origin-when-cross-origin\" allowfullscreen><\/iframe><\/div>\n<ol>\n<li><span data-sheets-value=\"{&quot;1&quot;:2,&quot;2&quot;:&quot;Colocar el sulfato de cobre y cloruro de sodio (sal com\u00fan) en un vaso con agua. 3 cucharas de cada uno.&quot;}\" data-sheets-userformat=\"{&quot;2&quot;:769,&quot;3&quot;:{&quot;1&quot;:0},&quot;11&quot;:4,&quot;12&quot;:0}\">Mettete il solfato di rame e il cloruro di sodio (sale comune) in un bicchiere d'acqua. 3 cucchiai di ciascuno.<\/span><\/li>\n<li>Prendete la piastra di ferro<\/li>\n<li>Pulire molto bene l'intera superficie con alcool, anche carteggiando se ci sono residui di ruggine.<\/li>\n<li>Coprire bene un lato del foglio con il nastro adesivo e creare un bordo sull'altro lato.<\/li>\n<li>Potete realizzare un disegno sul pezzo con lo smalto, usare la penna o il punzone per ottenere tratti pi\u00f9 fini. Si pu\u00f2 anche usare un adesivo, oppure usare la carta da lucido e utilizzare il proprio stencil.<\/li>\n<li>Immergere il pezzo e lasciarlo per 1-2 ore. Pi\u00f9 a lungo la lastra rimane nella soluzione, pi\u00f9 si incide.<\/li>\n<li>Ogni 15 minuti rimuovere lo strato rossastro che si forma.<\/li>\n<li>Rimuovere la piastra e immergerla in acqua,<\/li>\n<li>Pulire la lamiera: rimuovere il nastro adesivo e lo smalto con acetone, quindi carteggiare bene la superficie con carta vetrata multigrana.<\/li>\n<\/ol>\n<h2>COSA SI IMPARA DA QUESTO ESPERIMENTO<\/h2>\n<ul>\n<li>La reazione tra ferro e solfato di rame permette di studiare la corrosione elettrochimica del ferro, dove lo ione rame agisce come agente ossidante.<\/li>\n<li>Permette di vedere i due elementi in una reazione di ossidoriduzione, in quanto il ferro viene ossidato in soluzione e lo ione rame viene ridotto a rame metallico e depositato sul ferro.<\/li>\n<li>Questo esperimento permette di vedere come una sostanza chimica attiva agisce sul metallo.<\/li>\n<\/ul>\n<h2><strong>SPIEGAZIONE TECNICA<\/strong><\/h2>\n<p><strong>Reazione redox.<\/strong> Questo esperimento mostra un'applicazione pratica di una reazione di ossidoriduzione.<\/p>\n<p>Il concetto di ossidazione del ferro \u00e8 lo strato di ossido di ferro che si deposita sulla sua superficie quando viene ossidato dall'aria. Si tratta di uno strato di Fe2O3 (ossido di ferro). In questo caso, invece di essere ossidato dall'ossigeno, il ferro sar\u00e0 ossidato dallo ione rame. Il ferro, Fe, si ossider\u00e0 in ioni ferrosi, Fe2+ e Fe3+, passando nella soluzione (questo provoca il cambiamento di colore della soluzione).<\/p>\n<p>D'altra parte, lo ione rame Cu2+ del solfato viene ridotto a rame Cu. Ci\u00f2 \u00e8 visibile da un sottile strato rosso depositato sul ferro. Questo strato non \u00e8 fisso e pu\u00f2 essere facilmente rimosso dalla piastra.<\/p>\n<p>Le reazioni che si verificano sono quindi:<\/p>\n<p><strong>CuSO4 + Fe -&gt; FeSO4 + Cu<\/strong><\/p>\n<p>Il ruolo del sale comune, il cloruro di sodio, \u00e8 quello di facilitare il movimento degli elettroni per lo svolgimento della reazione.<\/p>","protected":false},"excerpt":{"rendered":"<p>Questa attivit\u00e0, la realizzazione di un'incisione elettrolitica del ferro, \u00e8 un ottimo esperimento da fare tra il ferro e lo ione rame (dal solfato di rame). Si tratta di una reazione di ossido-riduzione che permette di realizzare un'incisione sul ferro, ad esempio per creare un distintivo o un portachiavi personalizzato. \u00c8 possibile acquistare un kit per 15 utilizzi, in modo da poterlo fare con 15 persone o 15 volte singolarmente. Per ordinare seguite i passaggi indicati di seguito.<\/p>","protected":false},"featured_media":40840,"comment_status":"open","ping_status":"closed","template":"","meta":{"_acf_changed":false,"site-sidebar-layout":"default","site-content-layout":"default","ast-site-content-layout":"default","site-content-style":"default","site-sidebar-style":"default","ast-global-header-display":"","ast-banner-title-visibility":"","ast-main-header-display":"","ast-hfb-above-header-display":"","ast-hfb-below-header-display":"","ast-hfb-mobile-header-display":"","site-post-title":"","ast-breadcrumbs-content":"","ast-featured-img":"","footer-sml-layout":"","ast-disable-related-posts":"","theme-transparent-header-meta":"default","adv-header-id-meta":"","stick-header-meta":"default","header-above-stick-meta":"","header-main-stick-meta":"","header-below-stick-meta":"","astra-migrate-meta-layouts":"set","ast-page-background-enabled":"default","ast-page-background-meta":{"desktop":{"background-color":"var(--ast-global-color-4)","background-image":"","background-repeat":"repeat","background-position":"center center","background-size":"auto","background-attachment":"scroll","background-type":"","background-media":"","overlay-type":"","overlay-color":"","overlay-opacity":"","overlay-gradient":""},"tablet":{"background-color":"","background-image":"","background-repeat":"repeat","background-position":"center center","background-size":"auto","background-attachment":"scroll","background-type":"","background-media":"","overlay-type":"","overlay-color":"","overlay-opacity":"","overlay-gradient":""},"mobile":{"background-color":"","background-image":"","background-repeat":"repeat","background-position":"center center","background-size":"auto","background-attachment":"scroll","background-type":"","background-media":"","overlay-type":"","overlay-color":"","overlay-opacity":"","overlay-gradient":""}},"ast-content-background-meta":{"desktop":{"background-color":"var(--ast-global-color-5)","background-image":"","background-repeat":"repeat","background-position":"center center","background-size":"auto","background-attachment":"scroll","background-type":"","background-media":"","overlay-type":"","overlay-color":"","overlay-opacity":"","overlay-gradient":""},"tablet":{"background-color":"var(--ast-global-color-5)","background-image":"","background-repeat":"repeat","background-position":"center center","background-size":"auto","background-attachment":"scroll","background-type":"","background-media":"","overlay-type":"","overlay-color":"","overlay-opacity":"","overlay-gradient":""},"mobile":{"background-color":"var(--ast-global-color-5)","background-image":"","background-repeat":"repeat","background-position":"center center","background-size":"auto","background-attachment":"scroll","background-type":"","background-media":"","overlay-type":"","overlay-color":"","overlay-opacity":"","overlay-gradient":""}}},"product_brand":[],"product_cat":[329],"product_tag":[],"class_list":{"0":"post-39775","1":"product","2":"type-product","3":"status-publish","4":"has-post-thumbnail","6":"product_cat-experimentos-ciencias","7":"pa_unidades-247","8":"pa_unidades-297","9":"desktop-align-left","10":"tablet-align-left","11":"mobile-align-left","12":"ast-product-gallery-layout-horizontal-slider","13":"ast-magnify-disabled","14":"ast-product-single-variable","15":"ast-product-tabs-layout-horizontal","16":"ast-qv-on-image","18":"first","19":"instock","20":"taxable","21":"shipping-taxable","22":"purchasable","23":"product-type-variable","24":"has-default-attributes"},"acf":[],"yoast_head":"<!-- This site is optimized with the Yoast SEO Premium plugin v27.1 (Yoast SEO v27.1.1) - https:\/\/yoast.com\/product\/yoast-seo-premium-wordpress\/ -->\n<title>Grabado Electrol\u00edtico Chapas de Hierro - Kit para 15 Usos. #Exp4: Comprar Online - Alquera.com<\/title>\n<meta name=\"robots\" content=\"index, follow, max-snippet:-1, max-image-preview:large, max-video-preview:-1\" \/>\n<link rel=\"canonical\" href=\"https:\/\/www.alquera.com\/it\/grabar-chapas-hierro\/\" \/>\n<meta property=\"og:locale\" content=\"it_IT\" \/>\n<meta property=\"og:type\" content=\"article\" \/>\n<meta property=\"og:title\" content=\"Grabado Electrol\u00edtico Chapas de Hierro - Kit para 15 Usos. #Exp4: Comprar Online - Alquera.com\" \/>\n<meta property=\"og:description\" content=\"Esta actividad, hacer un grabado electrol\u00edtico del hierro es un gran experimento a realizar entre el hierro y el ion cobre (proveniente del sulfato de cobre). Es una reacci\u00f3n de oxidaci\u00f3n-reducci\u00f3n que permite hacer un grabado sobre el hierro, pudiendo por ejemplo hacer una chapa o un llavero personalizado. Puedes comprar un kit para 15 usos, pudi\u00e9ndolo realizar con 15 personas o 15 veces individuales. Para hacer el pedido sigue los pasos que se indican aqu\u00ed m\u00e1s abajo.\" \/>\n<meta property=\"og:url\" content=\"https:\/\/www.alquera.com\/it\/grabar-chapas-hierro\/\" \/>\n<meta property=\"og:site_name\" content=\"Alquera.com\" \/>\n<meta property=\"article:publisher\" content=\"https:\/\/www.facebook.com\/alqueraciencia\" \/>\n<meta property=\"article:modified_time\" content=\"2025-03-31T11:03:38+00:00\" \/>\n<meta property=\"og:image\" content=\"https:\/\/www.alquera.com\/wp-content\/uploads\/2022\/11\/KIT-CHAPAS-DE-HIERRO.png\" \/>\n\t<meta property=\"og:image:width\" content=\"900\" \/>\n\t<meta property=\"og:image:height\" content=\"900\" \/>\n\t<meta property=\"og:image:type\" content=\"image\/png\" \/>\n<meta name=\"twitter:card\" content=\"summary_large_image\" \/>\n<meta name=\"twitter:label1\" content=\"Disponibilit\u00e0\" \/>\n\t<meta name=\"twitter:data1\" content=\"In stock\" \/>\n<script type=\"application\/ld+json\" class=\"yoast-schema-graph\">{\"@context\":\"https:\/\/schema.org\",\"@graph\":[{\"@type\":[\"WebPage\",\"ItemPage\"],\"@id\":\"https:\/\/www.alquera.com\/grabar-chapas-hierro\/\",\"url\":\"https:\/\/www.alquera.com\/grabar-chapas-hierro\/\",\"name\":\"Grabado Electrol\u00edtico Chapas de Hierro - Kit para 15 Usos. #Exp4: Comprar Online - Alquera.com\",\"isPartOf\":{\"@id\":\"https:\/\/www.alquera.com\/en\/#website\"},\"primaryImageOfPage\":{\"@id\":\"https:\/\/www.alquera.com\/grabar-chapas-hierro\/#primaryimage\"},\"image\":{\"@id\":\"https:\/\/www.alquera.com\/grabar-chapas-hierro\/#primaryimage\"},\"thumbnailUrl\":\"https:\/\/www.alquera.com\/wp-content\/uploads\/2022\/11\/KIT-CHAPAS-DE-HIERRO.png\",\"datePublished\":\"2022-11-11T10:34:55+00:00\",\"dateModified\":\"2025-03-31T11:03:38+00:00\",\"breadcrumb\":{\"@id\":\"https:\/\/www.alquera.com\/grabar-chapas-hierro\/#breadcrumb\"},\"inLanguage\":\"it-IT\",\"potentialAction\":[{\"@type\":\"ReadAction\",\"target\":[\"https:\/\/www.alquera.com\/grabar-chapas-hierro\/\"]}]},{\"@type\":\"ImageObject\",\"inLanguage\":\"it-IT\",\"@id\":\"https:\/\/www.alquera.com\/grabar-chapas-hierro\/#primaryimage\",\"url\":\"https:\/\/www.alquera.com\/wp-content\/uploads\/2022\/11\/KIT-CHAPAS-DE-HIERRO.png\",\"contentUrl\":\"https:\/\/www.alquera.com\/wp-content\/uploads\/2022\/11\/KIT-CHAPAS-DE-HIERRO.png\",\"width\":900,\"height\":900,\"caption\":\"Kit Grabado Chapas de Hierro\"},{\"@type\":\"BreadcrumbList\",\"@id\":\"https:\/\/www.alquera.com\/grabar-chapas-hierro\/#breadcrumb\",\"itemListElement\":[{\"@type\":\"ListItem\",\"position\":1,\"name\":\"Inicio\",\"item\":\"https:\/\/www.alquera.com\/\"},{\"@type\":\"ListItem\",\"position\":2,\"name\":\"Alquera.com: Tienda Online de Productos Qu\u00edmicos y Material de Laboratorio\",\"item\":\"https:\/\/www.alquera.com\/en\/tienda\/\"},{\"@type\":\"ListItem\",\"position\":3,\"name\":\"Grabado Electrol\u00edtico Chapas de Hierro &#8211; Kit para 15 Usos. #Exp4\"}]},{\"@type\":\"WebSite\",\"@id\":\"https:\/\/www.alquera.com\/en\/#website\",\"url\":\"https:\/\/www.alquera.com\/en\/\",\"name\":\"Alquera.com\",\"description\":\"Tienda Online Productos Qu\u00edmicos y Material de Laboratorio\",\"publisher\":{\"@id\":\"https:\/\/www.alquera.com\/en\/#organization\"},\"potentialAction\":[{\"@type\":\"SearchAction\",\"target\":{\"@type\":\"EntryPoint\",\"urlTemplate\":\"https:\/\/www.alquera.com\/en\/?s={search_term_string}\"},\"query-input\":{\"@type\":\"PropertyValueSpecification\",\"valueRequired\":true,\"valueName\":\"search_term_string\"}}],\"inLanguage\":\"it-IT\"},{\"@type\":\"Organization\",\"@id\":\"https:\/\/www.alquera.com\/en\/#organization\",\"name\":\"ALQUERA CIENCIA SL\",\"url\":\"https:\/\/www.alquera.com\/en\/\",\"logo\":{\"@type\":\"ImageObject\",\"inLanguage\":\"it-IT\",\"@id\":\"https:\/\/www.alquera.com\/en\/#\/schema\/logo\/image\/\",\"url\":\"https:\/\/www.alquera.com\/wp-content\/uploads\/2020\/11\/logo_300_ancho.png\",\"contentUrl\":\"https:\/\/www.alquera.com\/wp-content\/uploads\/2020\/11\/logo_300_ancho.png\",\"width\":300,\"height\":86,\"caption\":\"ALQUERA CIENCIA SL\"},\"image\":{\"@id\":\"https:\/\/www.alquera.com\/en\/#\/schema\/logo\/image\/\"},\"sameAs\":[\"https:\/\/www.facebook.com\/alqueraciencia\",\"https:\/\/www.instagram.com\/alquera_ciencia\/\",\"https:\/\/www.youtube.com\/c\/alquera\"]}]}<\/script>\n<meta property=\"og:availability\" content=\"instock\" \/>\n<meta property=\"product:availability\" content=\"instock\" \/>\n<meta property=\"product:condition\" content=\"new\" \/>\n<!-- \/ Yoast SEO Premium plugin. -->","yoast_head_json":{"title":"Mordenzatura elettrolitica di piastre di ferro - Kit per 15 usi. #Exp4: Acquistare online - Alquera.com","robots":{"index":"index","follow":"follow","max-snippet":"max-snippet:-1","max-image-preview":"max-image-preview:large","max-video-preview":"max-video-preview:-1"},"canonical":"https:\/\/www.alquera.com\/it\/grabar-chapas-hierro\/","og_locale":"it_IT","og_type":"article","og_title":"Grabado Electrol\u00edtico Chapas de Hierro - Kit para 15 Usos. #Exp4: Comprar Online - Alquera.com","og_description":"Esta actividad, hacer un grabado electrol\u00edtico del hierro es un gran experimento a realizar entre el hierro y el ion cobre (proveniente del sulfato de cobre). Es una reacci\u00f3n de oxidaci\u00f3n-reducci\u00f3n que permite hacer un grabado sobre el hierro, pudiendo por ejemplo hacer una chapa o un llavero personalizado. Puedes comprar un kit para 15 usos, pudi\u00e9ndolo realizar con 15 personas o 15 veces individuales. Para hacer el pedido sigue los pasos que se indican aqu\u00ed m\u00e1s abajo.","og_url":"https:\/\/www.alquera.com\/it\/grabar-chapas-hierro\/","og_site_name":"Alquera.com","article_publisher":"https:\/\/www.facebook.com\/alqueraciencia","article_modified_time":"2025-03-31T11:03:38+00:00","og_image":[{"width":900,"height":900,"url":"https:\/\/www.alquera.com\/wp-content\/uploads\/2022\/11\/KIT-CHAPAS-DE-HIERRO.png","type":"image\/png"}],"twitter_card":"summary_large_image","twitter_misc":{"Disponibilit\u00e0":"In stock"},"schema":{"@context":"https:\/\/schema.org","@graph":[{"@type":["WebPage","ItemPage"],"@id":"https:\/\/www.alquera.com\/grabar-chapas-hierro\/","url":"https:\/\/www.alquera.com\/grabar-chapas-hierro\/","name":"Mordenzatura elettrolitica di piastre di ferro - Kit per 15 usi. #Exp4: Acquistare online - Alquera.com","isPartOf":{"@id":"https:\/\/www.alquera.com\/en\/#website"},"primaryImageOfPage":{"@id":"https:\/\/www.alquera.com\/grabar-chapas-hierro\/#primaryimage"},"image":{"@id":"https:\/\/www.alquera.com\/grabar-chapas-hierro\/#primaryimage"},"thumbnailUrl":"https:\/\/www.alquera.com\/wp-content\/uploads\/2022\/11\/KIT-CHAPAS-DE-HIERRO.png","datePublished":"2022-11-11T10:34:55+00:00","dateModified":"2025-03-31T11:03:38+00:00","breadcrumb":{"@id":"https:\/\/www.alquera.com\/grabar-chapas-hierro\/#breadcrumb"},"inLanguage":"it-IT","potentialAction":[{"@type":"ReadAction","target":["https:\/\/www.alquera.com\/grabar-chapas-hierro\/"]}]},{"@type":"ImageObject","inLanguage":"it-IT","@id":"https:\/\/www.alquera.com\/grabar-chapas-hierro\/#primaryimage","url":"https:\/\/www.alquera.com\/wp-content\/uploads\/2022\/11\/KIT-CHAPAS-DE-HIERRO.png","contentUrl":"https:\/\/www.alquera.com\/wp-content\/uploads\/2022\/11\/KIT-CHAPAS-DE-HIERRO.png","width":900,"height":900,"caption":"Kit Grabado Chapas de Hierro"},{"@type":"BreadcrumbList","@id":"https:\/\/www.alquera.com\/grabar-chapas-hierro\/#breadcrumb","itemListElement":[{"@type":"ListItem","position":1,"name":"Inicio","item":"https:\/\/www.alquera.com\/"},{"@type":"ListItem","position":2,"name":"Alquera.com: Tienda Online de Productos Qu\u00edmicos y Material de Laboratorio","item":"https:\/\/www.alquera.com\/en\/tienda\/"},{"@type":"ListItem","position":3,"name":"Grabado Electrol\u00edtico Chapas de Hierro &#8211; Kit para 15 Usos. #Exp4"}]},{"@type":"WebSite","@id":"https:\/\/www.alquera.com\/en\/#website","url":"https:\/\/www.alquera.com\/en\/","name":"Alquera.com","description":"Negozio online di prodotti chimici e forniture di laboratorio","publisher":{"@id":"https:\/\/www.alquera.com\/en\/#organization"},"potentialAction":[{"@type":"SearchAction","target":{"@type":"EntryPoint","urlTemplate":"https:\/\/www.alquera.com\/en\/?s={search_term_string}"},"query-input":{"@type":"PropertyValueSpecification","valueRequired":true,"valueName":"search_term_string"}}],"inLanguage":"it-IT"},{"@type":"Organization","@id":"https:\/\/www.alquera.com\/en\/#organization","name":"ALQUERA CIENCIA SL","url":"https:\/\/www.alquera.com\/en\/","logo":{"@type":"ImageObject","inLanguage":"it-IT","@id":"https:\/\/www.alquera.com\/en\/#\/schema\/logo\/image\/","url":"https:\/\/www.alquera.com\/wp-content\/uploads\/2020\/11\/logo_300_ancho.png","contentUrl":"https:\/\/www.alquera.com\/wp-content\/uploads\/2020\/11\/logo_300_ancho.png","width":300,"height":86,"caption":"ALQUERA CIENCIA SL"},"image":{"@id":"https:\/\/www.alquera.com\/en\/#\/schema\/logo\/image\/"},"sameAs":["https:\/\/www.facebook.com\/alqueraciencia","https:\/\/www.instagram.com\/alquera_ciencia\/","https:\/\/www.youtube.com\/c\/alquera"]}]},"og_availability":"instock","product_availability":"instock","product_condition":"new"},"_links":{"self":[{"href":"https:\/\/www.alquera.com\/it\/wp-json\/wp\/v2\/product\/39775","targetHints":{"allow":["GET"]}}],"collection":[{"href":"https:\/\/www.alquera.com\/it\/wp-json\/wp\/v2\/product"}],"about":[{"href":"https:\/\/www.alquera.com\/it\/wp-json\/wp\/v2\/types\/product"}],"replies":[{"embeddable":true,"href":"https:\/\/www.alquera.com\/it\/wp-json\/wp\/v2\/comments?post=39775"}],"wp:featuredmedia":[{"embeddable":true,"href":"https:\/\/www.alquera.com\/it\/wp-json\/wp\/v2\/media\/40840"}],"wp:attachment":[{"href":"https:\/\/www.alquera.com\/it\/wp-json\/wp\/v2\/media?parent=39775"}],"wp:term":[{"taxonomy":"product_brand","embeddable":true,"href":"https:\/\/www.alquera.com\/it\/wp-json\/wp\/v2\/product_brand?post=39775"},{"taxonomy":"product_cat","embeddable":true,"href":"https:\/\/www.alquera.com\/it\/wp-json\/wp\/v2\/product_cat?post=39775"},{"taxonomy":"product_tag","embeddable":true,"href":"https:\/\/www.alquera.com\/it\/wp-json\/wp\/v2\/product_tag?post=39775"}],"curies":[{"name":"wp","href":"https:\/\/api.w.org\/{rel}","templated":true}]}}