{"id":41922,"date":"2023-03-29T11:41:49","date_gmt":"2023-03-29T11:41:49","guid":{"rendered":"https:\/\/www.alquera.com\/?post_type=product&#038;p=41922"},"modified":"2023-11-28T10:25:09","modified_gmt":"2023-11-28T10:25:09","slug":"colorante-alimentario-azul","status":"publish","type":"product","link":"https:\/\/www.alquera.com\/it\/colorante-alimentario-azul\/","title":{"rendered":"Colorante alimentare indaco carminio"},"content":{"rendered":"<p>Il colorante alimentare in polvere (o colorante secco) \u00e8 un tipo di additivo alimentare che viene aggiunto per dare o ridare colore agli alimenti.<\/p>\n<h2><strong>CARATTERISTICHE TINTURA INDACO CARMINIO\u00a0<\/strong><\/h2>\n<p><span id=\"page3R_mcid5\" class=\"markedContent\"><span dir=\"ltr\" role=\"presentation\"><strong>Colore:<\/strong> Blu - Indaco Carmine. C.I.73015, Blu alimentare 1<br \/>\n<\/span><\/span><span id=\"page3R_mcid5\" class=\"markedContent\"><span dir=\"ltr\" role=\"presentation\">C.I.Acid Blue 74<br \/>\nCAS: 860-22-0<br \/>\nCE: 212-728-8<br \/>\nIndice: Non applicabile<br \/>\nRAGGIUNGERE: 01-2120115910-67-XXXX<\/span><\/span><span id=\"page3R_mcid6\" class=\"markedContent\"><\/span><span id=\"page3R_mcid7\" class=\"markedContent\"><\/span><span id=\"page3R_mcid8\" class=\"markedContent\"><\/span><span id=\"page3R_mcid9\" class=\"markedContent\"><\/span><span id=\"page3R_mcid10\" class=\"markedContent\"><strong>Aspetto:<\/strong> Polvere<br role=\"presentation\" \/><\/span><span id=\"page3R_mcid12\" class=\"markedContent\"><strong><span dir=\"ltr\" role=\"presentation\">Solubilit\u00e0:<\/span><\/strong> <span dir=\"ltr\" role=\"presentation\">Solubile in acqua<\/span><\/span><\/p>\n<p><span id=\"page3R_mcid46\" class=\"markedContent\"><span dir=\"ltr\" role=\"presentation\">Colorazione adatta<\/span> <span dir=\"ltr\" role=\"presentation\">per il cibo (<a href=\"https:\/\/www.boe.es\/doue\/2008\/354\/L00016-00033.pdf\">DOUE REG 1333\/2008\/CE<\/a> &#8211; <a href=\"https:\/\/www.boe.es\/doue\/2011\/295\/L00001-00177.pdf\">Appendice<\/a>),<\/span> <span dir=\"ltr\" role=\"presentation\">cosmetici (GUUE <\/span><span dir=\"ltr\" role=\"presentation\">Reg<\/span><span dir=\"ltr\" role=\"presentation\">.<\/span> <span dir=\"ltr\" role=\"presentation\">1223\/2009\/CE) e farmacia (Dir. 2009\/35\/CE). \u00c8 conforme alla<\/span> <span dir=\"ltr\" role=\"presentation\">specifiche del <\/span><span dir=\"ltr\" role=\"presentation\">UE (DOUE REG 231\/2012\/UE). Consultare la legislazione in vigore<\/span> <span dir=\"ltr\" role=\"presentation\">i dosaggi <\/span><span dir=\"ltr\" role=\"presentation\">e applicazioni autorizzate<\/span><\/span><\/p>\n<h2>REGOLAMENTO SUI COLORANTI ALIMENTARI<\/h2>\n<p>Vedere FT e la scheda di sicurezza nella scheda Documentazione.<\/p>\n<p class=\"documento-tit\"><a href=\"https:\/\/www.boe.es\/doue\/1995\/226\/L00001-00045.pdf\">Direttiva 95\/45\/CE della Commissione,<\/a> del 26 luglio 1995, Criteri specifici di purezza delle sostanze coloranti per uso alimentare.<br \/>\n<a href=\"https:\/\/www.boe.es\/doue\/2008\/354\/L00016-00033.pdf\">REGOLAMENTO (CE) N. 1333\/2008<\/a> del parlamento europeo e del consiglio del 16 dicembre 2008<br \/>\nsugli additivi alimentari<\/p>\n<p>&nbsp;<\/p>\n<div class=\"metadatosDoc\">\n<div class=\"metadatos\"><\/div>\n<\/div>","protected":false},"excerpt":{"rendered":"<p>Acquistare il colorante alimentare blu (carminio indaco) in polvere nel formato da 30g, 300g o 1kg. \u00c8 possibile vedere il prezzo dei diversi formati di colorante alimentare blu (carminio indaco) quando si seleziona il formato desiderato. L'ordine viene effettuato direttamente via web seguendo i passaggi indicati e la consegna avviene in 4\/5 giorni.<\/p>","protected":false},"featured_media":43194,"comment_status":"open","ping_status":"closed","template":"","meta":{"_acf_changed":false,"site-sidebar-layout":"default","site-content-layout":"default","ast-site-content-layout":"default","site-content-style":"default","site-sidebar-style":"default","ast-global-header-display":"","ast-banner-title-visibility":"","ast-main-header-display":"","ast-hfb-above-header-display":"","ast-hfb-below-header-display":"","ast-hfb-mobile-header-display":"","site-post-title":"","ast-breadcrumbs-content":"","ast-featured-img":"","footer-sml-layout":"","ast-disable-related-posts":"","theme-transparent-header-meta":"default","adv-header-id-meta":"","stick-header-meta":"default","header-above-stick-meta":"","header-main-stick-meta":"","header-below-stick-meta":"","astra-migrate-meta-layouts":"default","ast-page-background-enabled":"default","ast-page-background-meta":{"desktop":{"background-color":"var(--ast-global-color-4)","background-image":"","background-repeat":"repeat","background-position":"center center","background-size":"auto","background-attachment":"scroll","background-type":"","background-media":"","overlay-type":"","overlay-color":"","overlay-opacity":"","overlay-gradient":""},"tablet":{"background-color":"","background-image":"","background-repeat":"repeat","background-position":"center center","background-size":"auto","background-attachment":"scroll","background-type":"","background-media":"","overlay-type":"","overlay-color":"","overlay-opacity":"","overlay-gradient":""},"mobile":{"background-color":"","background-image":"","background-repeat":"repeat","background-position":"center center","background-size":"auto","background-attachment":"scroll","background-type":"","background-media":"","overlay-type":"","overlay-color":"","overlay-opacity":"","overlay-gradient":""}},"ast-content-background-meta":{"desktop":{"background-color":"var(--ast-global-color-5)","background-image":"","background-repeat":"repeat","background-position":"center center","background-size":"auto","background-attachment":"scroll","background-type":"","background-media":"","overlay-type":"","overlay-color":"","overlay-opacity":"","overlay-gradient":""},"tablet":{"background-color":"var(--ast-global-color-5)","background-image":"","background-repeat":"repeat","background-position":"center center","background-size":"auto","background-attachment":"scroll","background-type":"","background-media":"","overlay-type":"","overlay-color":"","overlay-opacity":"","overlay-gradient":""},"mobile":{"background-color":"var(--ast-global-color-5)","background-image":"","background-repeat":"repeat","background-position":"center center","background-size":"auto","background-attachment":"scroll","background-type":"","background-media":"","overlay-type":"","overlay-color":"","overlay-opacity":"","overlay-gradient":""}}},"product_brand":[],"product_cat":[358,359],"product_tag":[],"class_list":{"0":"post-41922","1":"product","2":"type-product","3":"status-publish","4":"has-post-thumbnail","6":"product_cat-colorantes-alimentarios","7":"product_cat-colorantes-solubles-agua","8":"pa_cantidad-30g","9":"pa_cantidad-300g","10":"pa_cantidad-1kg","11":"desktop-align-left","12":"tablet-align-left","13":"mobile-align-left","14":"ast-product-gallery-layout-horizontal-slider","15":"ast-magnify-disabled","16":"ast-product-single-variable","17":"ast-product-tabs-layout-horizontal","18":"ast-qv-on-image","20":"first","21":"instock","22":"taxable","23":"shipping-taxable","24":"purchasable","25":"product-type-variable","26":"has-default-attributes"},"acf":[],"yoast_head":"<!-- This site is optimized with the Yoast SEO Premium plugin v27.1 (Yoast SEO v27.1.1) - https:\/\/yoast.com\/product\/yoast-seo-premium-wordpress\/ -->\n<title>Colorante Alimentario \u00cdndigo Carm\u00edn: Comprar Online - Alquera.com<\/title>\n<meta name=\"description\" content=\"ENV\u00cdOS EN 24\/48H. Comprar Colorante Alimentario \u00cdndigo Carm\u00edn. C.I.73015, Food Blue 1. En polvo, distintos formatos. Apto uso Alimentario y Cosm\u00e9tico.\" \/>\n<meta name=\"robots\" content=\"index, follow, max-snippet:-1, max-image-preview:large, max-video-preview:-1\" \/>\n<link rel=\"canonical\" href=\"https:\/\/www.alquera.com\/it\/colorante-alimentario-azul\/\" \/>\n<meta property=\"og:locale\" content=\"it_IT\" \/>\n<meta property=\"og:type\" content=\"article\" \/>\n<meta property=\"og:title\" content=\"Colorante Alimentario \u00cdndigo Carm\u00edn: Comprar Online - Alquera.com\" \/>\n<meta property=\"og:description\" content=\"ENV\u00cdOS EN 24\/48H. Comprar Colorante Alimentario \u00cdndigo Carm\u00edn. C.I.73015, Food Blue 1. En polvo, distintos formatos. Apto uso Alimentario y Cosm\u00e9tico.\" \/>\n<meta property=\"og:url\" content=\"https:\/\/www.alquera.com\/it\/colorante-alimentario-azul\/\" \/>\n<meta property=\"og:site_name\" content=\"Alquera.com\" \/>\n<meta property=\"article:publisher\" content=\"https:\/\/www.facebook.com\/alqueraciencia\" \/>\n<meta property=\"article:modified_time\" content=\"2023-11-28T10:25:09+00:00\" \/>\n<meta property=\"og:image\" content=\"https:\/\/www.alquera.com\/wp-content\/uploads\/2023\/03\/colorante-indigo-carmin.png\" \/>\n\t<meta property=\"og:image:width\" content=\"364\" \/>\n\t<meta property=\"og:image:height\" content=\"344\" \/>\n\t<meta property=\"og:image:type\" content=\"image\/png\" \/>\n<meta name=\"twitter:card\" content=\"summary_large_image\" \/>\n<meta name=\"twitter:label1\" content=\"Disponibilit\u00e0\" \/>\n\t<meta name=\"twitter:data1\" content=\"In stock\" \/>\n<script type=\"application\/ld+json\" class=\"yoast-schema-graph\">{\"@context\":\"https:\/\/schema.org\",\"@graph\":[{\"@type\":[\"WebPage\",\"ItemPage\"],\"@id\":\"https:\/\/www.alquera.com\/colorante-alimentario-azul\/\",\"url\":\"https:\/\/www.alquera.com\/colorante-alimentario-azul\/\",\"name\":\"Colorante Alimentario \u00cdndigo Carm\u00edn: Comprar Online - Alquera.com\",\"isPartOf\":{\"@id\":\"https:\/\/www.alquera.com\/en\/#website\"},\"primaryImageOfPage\":{\"@id\":\"https:\/\/www.alquera.com\/colorante-alimentario-azul\/#primaryimage\"},\"image\":{\"@id\":\"https:\/\/www.alquera.com\/colorante-alimentario-azul\/#primaryimage\"},\"thumbnailUrl\":\"https:\/\/www.alquera.com\/wp-content\/uploads\/2023\/03\/colorante-indigo-carmin.png\",\"datePublished\":\"2023-03-29T11:41:49+00:00\",\"dateModified\":\"2023-11-28T10:25:09+00:00\",\"description\":\"ENV\u00cdOS EN 24\/48H. Comprar Colorante Alimentario \u00cdndigo Carm\u00edn. C.I.73015, Food Blue 1. En polvo, distintos formatos. Apto uso Alimentario y Cosm\u00e9tico.\",\"breadcrumb\":{\"@id\":\"https:\/\/www.alquera.com\/colorante-alimentario-azul\/#breadcrumb\"},\"inLanguage\":\"it-IT\",\"potentialAction\":[{\"@type\":\"ReadAction\",\"target\":[\"https:\/\/www.alquera.com\/colorante-alimentario-azul\/\"]}]},{\"@type\":\"ImageObject\",\"inLanguage\":\"it-IT\",\"@id\":\"https:\/\/www.alquera.com\/colorante-alimentario-azul\/#primaryimage\",\"url\":\"https:\/\/www.alquera.com\/wp-content\/uploads\/2023\/03\/colorante-indigo-carmin.png\",\"contentUrl\":\"https:\/\/www.alquera.com\/wp-content\/uploads\/2023\/03\/colorante-indigo-carmin.png\",\"width\":364,\"height\":344,\"caption\":\"colorante indigo carmin\"},{\"@type\":\"BreadcrumbList\",\"@id\":\"https:\/\/www.alquera.com\/colorante-alimentario-azul\/#breadcrumb\",\"itemListElement\":[{\"@type\":\"ListItem\",\"position\":1,\"name\":\"Inicio\",\"item\":\"https:\/\/www.alquera.com\/\"},{\"@type\":\"ListItem\",\"position\":2,\"name\":\"Alquera.com: Tienda Online de Productos Qu\u00edmicos y Material de Laboratorio\",\"item\":\"https:\/\/www.alquera.com\/en\/tienda\/\"},{\"@type\":\"ListItem\",\"position\":3,\"name\":\"Colorante Alimentario \u00cdndigo Carm\u00edn\"}]},{\"@type\":\"WebSite\",\"@id\":\"https:\/\/www.alquera.com\/en\/#website\",\"url\":\"https:\/\/www.alquera.com\/en\/\",\"name\":\"Alquera.com\",\"description\":\"Tienda Online Productos Qu\u00edmicos y Material de Laboratorio\",\"publisher\":{\"@id\":\"https:\/\/www.alquera.com\/en\/#organization\"},\"potentialAction\":[{\"@type\":\"SearchAction\",\"target\":{\"@type\":\"EntryPoint\",\"urlTemplate\":\"https:\/\/www.alquera.com\/en\/?s={search_term_string}\"},\"query-input\":{\"@type\":\"PropertyValueSpecification\",\"valueRequired\":true,\"valueName\":\"search_term_string\"}}],\"inLanguage\":\"it-IT\"},{\"@type\":\"Organization\",\"@id\":\"https:\/\/www.alquera.com\/en\/#organization\",\"name\":\"ALQUERA CIENCIA SL\",\"url\":\"https:\/\/www.alquera.com\/en\/\",\"logo\":{\"@type\":\"ImageObject\",\"inLanguage\":\"it-IT\",\"@id\":\"https:\/\/www.alquera.com\/en\/#\/schema\/logo\/image\/\",\"url\":\"https:\/\/www.alquera.com\/wp-content\/uploads\/2020\/11\/logo_300_ancho.png\",\"contentUrl\":\"https:\/\/www.alquera.com\/wp-content\/uploads\/2020\/11\/logo_300_ancho.png\",\"width\":300,\"height\":86,\"caption\":\"ALQUERA CIENCIA SL\"},\"image\":{\"@id\":\"https:\/\/www.alquera.com\/en\/#\/schema\/logo\/image\/\"},\"sameAs\":[\"https:\/\/www.facebook.com\/alqueraciencia\",\"https:\/\/www.instagram.com\/alquera_ciencia\/\",\"https:\/\/www.youtube.com\/c\/alquera\"]}]}<\/script>\n<meta property=\"og:availability\" content=\"instock\" \/>\n<meta property=\"product:availability\" content=\"instock\" \/>\n<meta property=\"product:condition\" content=\"new\" \/>\n<!-- \/ Yoast SEO Premium plugin. -->","yoast_head_json":{"title":"Colorante alimentare Indaco di Carmine: Acquistare online - Alquera.com","description":"CONSEGNA IN 24\/48 ORE. Acquistare Colorante alimentare Indigo Carmine. C.I.73015, Blu alimentare 1. Polvere, diversi formati. Adatto per uso alimentare e cosmetico.","robots":{"index":"index","follow":"follow","max-snippet":"max-snippet:-1","max-image-preview":"max-image-preview:large","max-video-preview":"max-video-preview:-1"},"canonical":"https:\/\/www.alquera.com\/it\/colorante-alimentario-azul\/","og_locale":"it_IT","og_type":"article","og_title":"Colorante Alimentario \u00cdndigo Carm\u00edn: Comprar Online - Alquera.com","og_description":"ENV\u00cdOS EN 24\/48H. Comprar Colorante Alimentario \u00cdndigo Carm\u00edn. C.I.73015, Food Blue 1. En polvo, distintos formatos. Apto uso Alimentario y Cosm\u00e9tico.","og_url":"https:\/\/www.alquera.com\/it\/colorante-alimentario-azul\/","og_site_name":"Alquera.com","article_publisher":"https:\/\/www.facebook.com\/alqueraciencia","article_modified_time":"2023-11-28T10:25:09+00:00","og_image":[{"width":364,"height":344,"url":"https:\/\/www.alquera.com\/wp-content\/uploads\/2023\/03\/colorante-indigo-carmin.png","type":"image\/png"}],"twitter_card":"summary_large_image","twitter_misc":{"Disponibilit\u00e0":"In stock"},"schema":{"@context":"https:\/\/schema.org","@graph":[{"@type":["WebPage","ItemPage"],"@id":"https:\/\/www.alquera.com\/colorante-alimentario-azul\/","url":"https:\/\/www.alquera.com\/colorante-alimentario-azul\/","name":"Colorante alimentare Indaco di Carmine: Acquistare online - Alquera.com","isPartOf":{"@id":"https:\/\/www.alquera.com\/en\/#website"},"primaryImageOfPage":{"@id":"https:\/\/www.alquera.com\/colorante-alimentario-azul\/#primaryimage"},"image":{"@id":"https:\/\/www.alquera.com\/colorante-alimentario-azul\/#primaryimage"},"thumbnailUrl":"https:\/\/www.alquera.com\/wp-content\/uploads\/2023\/03\/colorante-indigo-carmin.png","datePublished":"2023-03-29T11:41:49+00:00","dateModified":"2023-11-28T10:25:09+00:00","description":"CONSEGNA IN 24\/48 ORE. Acquistare Colorante alimentare Indigo Carmine. C.I.73015, Blu alimentare 1. Polvere, diversi formati. Adatto per uso alimentare e cosmetico.","breadcrumb":{"@id":"https:\/\/www.alquera.com\/colorante-alimentario-azul\/#breadcrumb"},"inLanguage":"it-IT","potentialAction":[{"@type":"ReadAction","target":["https:\/\/www.alquera.com\/colorante-alimentario-azul\/"]}]},{"@type":"ImageObject","inLanguage":"it-IT","@id":"https:\/\/www.alquera.com\/colorante-alimentario-azul\/#primaryimage","url":"https:\/\/www.alquera.com\/wp-content\/uploads\/2023\/03\/colorante-indigo-carmin.png","contentUrl":"https:\/\/www.alquera.com\/wp-content\/uploads\/2023\/03\/colorante-indigo-carmin.png","width":364,"height":344,"caption":"colorante indigo carmin"},{"@type":"BreadcrumbList","@id":"https:\/\/www.alquera.com\/colorante-alimentario-azul\/#breadcrumb","itemListElement":[{"@type":"ListItem","position":1,"name":"Inicio","item":"https:\/\/www.alquera.com\/"},{"@type":"ListItem","position":2,"name":"Alquera.com: Tienda Online de Productos Qu\u00edmicos y Material de Laboratorio","item":"https:\/\/www.alquera.com\/en\/tienda\/"},{"@type":"ListItem","position":3,"name":"Colorante Alimentario \u00cdndigo Carm\u00edn"}]},{"@type":"WebSite","@id":"https:\/\/www.alquera.com\/en\/#website","url":"https:\/\/www.alquera.com\/en\/","name":"Alquera.com","description":"Negozio online di prodotti chimici e forniture di laboratorio","publisher":{"@id":"https:\/\/www.alquera.com\/en\/#organization"},"potentialAction":[{"@type":"SearchAction","target":{"@type":"EntryPoint","urlTemplate":"https:\/\/www.alquera.com\/en\/?s={search_term_string}"},"query-input":{"@type":"PropertyValueSpecification","valueRequired":true,"valueName":"search_term_string"}}],"inLanguage":"it-IT"},{"@type":"Organization","@id":"https:\/\/www.alquera.com\/en\/#organization","name":"ALQUERA CIENCIA SL","url":"https:\/\/www.alquera.com\/en\/","logo":{"@type":"ImageObject","inLanguage":"it-IT","@id":"https:\/\/www.alquera.com\/en\/#\/schema\/logo\/image\/","url":"https:\/\/www.alquera.com\/wp-content\/uploads\/2020\/11\/logo_300_ancho.png","contentUrl":"https:\/\/www.alquera.com\/wp-content\/uploads\/2020\/11\/logo_300_ancho.png","width":300,"height":86,"caption":"ALQUERA CIENCIA SL"},"image":{"@id":"https:\/\/www.alquera.com\/en\/#\/schema\/logo\/image\/"},"sameAs":["https:\/\/www.facebook.com\/alqueraciencia","https:\/\/www.instagram.com\/alquera_ciencia\/","https:\/\/www.youtube.com\/c\/alquera"]}]},"og_availability":"instock","product_availability":"instock","product_condition":"new"},"_links":{"self":[{"href":"https:\/\/www.alquera.com\/it\/wp-json\/wp\/v2\/product\/41922","targetHints":{"allow":["GET"]}}],"collection":[{"href":"https:\/\/www.alquera.com\/it\/wp-json\/wp\/v2\/product"}],"about":[{"href":"https:\/\/www.alquera.com\/it\/wp-json\/wp\/v2\/types\/product"}],"replies":[{"embeddable":true,"href":"https:\/\/www.alquera.com\/it\/wp-json\/wp\/v2\/comments?post=41922"}],"wp:featuredmedia":[{"embeddable":true,"href":"https:\/\/www.alquera.com\/it\/wp-json\/wp\/v2\/media\/43194"}],"wp:attachment":[{"href":"https:\/\/www.alquera.com\/it\/wp-json\/wp\/v2\/media?parent=41922"}],"wp:term":[{"taxonomy":"product_brand","embeddable":true,"href":"https:\/\/www.alquera.com\/it\/wp-json\/wp\/v2\/product_brand?post=41922"},{"taxonomy":"product_cat","embeddable":true,"href":"https:\/\/www.alquera.com\/it\/wp-json\/wp\/v2\/product_cat?post=41922"},{"taxonomy":"product_tag","embeddable":true,"href":"https:\/\/www.alquera.com\/it\/wp-json\/wp\/v2\/product_tag?post=41922"}],"curies":[{"name":"wp","href":"https:\/\/api.w.org\/{rel}","templated":true}]}}