{"id":423,"date":"2021-10-20T09:33:41","date_gmt":"2021-10-20T09:33:41","guid":{"rendered":"http:\/\/localhost\/alquera\/productos\/?post_type=product&#038;p=423"},"modified":"2026-05-13T16:29:03","modified_gmt":"2026-05-13T16:29:03","slug":"hidroxido-de-potasio-1kg","status":"publish","type":"product","link":"https:\/\/www.alquera.com\/it\/hidroxido-de-potasio-1kg\/","title":{"rendered":"Idrossido di Potassio"},"content":{"rendered":"<p>L'idrossido di potassio (o potassa caustica) \u00e8 un solido bianco inodore. \u00c8 solubile in alcol e glicerina, insolubile in acetone ed etere. Usi: produzione di sapone, candeggina, produzione di acido ossalico e sali di potassio, reagente in chimica analitica, fiammiferi, incisione, elettrolita nelle batterie alcaline e in alcune celle a combustibile, assorbitore di anidride carbonica e idrogeno solforato, reagente di laboratorio.<\/p>\n<h2><strong>IDENTIFICAZIONE E PROPRIET\u00c0 IDROSSIDO DI POTASSIO<\/strong><\/h2>\n<p><strong>Nome:\u00a0\u00a0<\/strong>Idrossido di Potassio<br \/>\n<strong>Sinonimi:\u00a0<\/strong>Potassa caustica, idrossido di potassio<br \/>\n<strong>Formula chimica: <\/strong>KOH<br \/>\n<strong>CAS:<\/strong> 1310-58-3<br \/>\n<strong>CE:\u00a0<\/strong>215-181-3<\/p>\n<ul>\n<li>Odore: inodore<\/li>\n<li>pH: &gt;14 (10g\/100ml)<\/li>\n<li>Punto di fusione: 360\u00baC<\/li>\n<li>Punto di ebollizione\/intervallo di ebollizione: 1320\u00baC<\/li>\n<li>Infiammabilit\u00e0 (solido, gas): non infiammabile e non combustibile.<\/li>\n<li>Densit\u00e0 relativa: 2,04<\/li>\n<li>Solubilit\u00e0: Solubile in alcol e glicerina. Insolubile in ammoniaca ed etere.<\/li>\n<li>Solubilit\u00e0 in acqua : Solubile<\/li>\n<li>Coefficiente di ripartizione (n-ottanolo\/acqua): -3,88<\/li>\n<li>Viscosit\u00e0: Non rilevante (materia solida)<\/li>\n<li>Propriet\u00e0 esplosive: Non esplosivo. Secondo la colonna 2 dell'Allegato VII del regolamento REACH, questo studio non \u00e8 necessario perch\u00e9: nella molecola non sono presenti gruppi chimici associati a propriet\u00e0 esplosive.<\/li>\n<li>Propriet\u00e0 ossidanti: Secondo la colonna 2 dell'Allegato VII del regolamento REACH, questo studio non \u00e8 necessario perch\u00e9: la sostanza, a causa della sua struttura chimica, non pu\u00f2 reagire esotermicamente con sostanze combustibili.<\/li>\n<\/ul>\n<h2><strong>USI\u00a0<\/strong><\/h2>\n<ul>\n<li>Produzione di colle, adesivi e diluenti.<\/li>\n<li>Agente sgrassante.<\/li>\n<\/ul>\n<p>&nbsp;<\/p>\n<p>&nbsp;<\/p>","protected":false},"excerpt":{"rendered":"<p>Acquistare Idrossido di potassio in confezioni da 1 kg. Il prezzo dei diversi formati di Idrossido di potassio pu\u00f2 essere visualizzato quando si seleziona il formato desiderato. L'ordine viene effettuato direttamente via web seguendo i passaggi indicati, con consegna in 4\/5 giorni.<\/p>","protected":false},"featured_media":37769,"comment_status":"open","ping_status":"closed","template":"","meta":{"_acf_changed":false,"site-sidebar-layout":"default","site-content-layout":"default","ast-site-content-layout":"default","site-content-style":"default","site-sidebar-style":"default","ast-global-header-display":"","ast-banner-title-visibility":"","ast-main-header-display":"","ast-hfb-above-header-display":"","ast-hfb-below-header-display":"","ast-hfb-mobile-header-display":"","site-post-title":"","ast-breadcrumbs-content":"","ast-featured-img":"","footer-sml-layout":"","ast-disable-related-posts":"","theme-transparent-header-meta":"default","adv-header-id-meta":"","stick-header-meta":"default","header-above-stick-meta":"","header-main-stick-meta":"","header-below-stick-meta":"","astra-migrate-meta-layouts":"default","ast-page-background-enabled":"default","ast-page-background-meta":{"desktop":{"background-color":"var(--ast-global-color-4)","background-image":"","background-repeat":"repeat","background-position":"center center","background-size":"auto","background-attachment":"scroll","background-type":"","background-media":"","overlay-type":"","overlay-color":"","overlay-opacity":"","overlay-gradient":""},"tablet":{"background-color":"","background-image":"","background-repeat":"repeat","background-position":"center center","background-size":"auto","background-attachment":"scroll","background-type":"","background-media":"","overlay-type":"","overlay-color":"","overlay-opacity":"","overlay-gradient":""},"mobile":{"background-color":"","background-image":"","background-repeat":"repeat","background-position":"center center","background-size":"auto","background-attachment":"scroll","background-type":"","background-media":"","overlay-type":"","overlay-color":"","overlay-opacity":"","overlay-gradient":""}},"ast-content-background-meta":{"desktop":{"background-color":"var(--ast-global-color-5)","background-image":"","background-repeat":"repeat","background-position":"center center","background-size":"auto","background-attachment":"scroll","background-type":"","background-media":"","overlay-type":"","overlay-color":"","overlay-opacity":"","overlay-gradient":""},"tablet":{"background-color":"var(--ast-global-color-5)","background-image":"","background-repeat":"repeat","background-position":"center center","background-size":"auto","background-attachment":"scroll","background-type":"","background-media":"","overlay-type":"","overlay-color":"","overlay-opacity":"","overlay-gradient":""},"mobile":{"background-color":"var(--ast-global-color-5)","background-image":"","background-repeat":"repeat","background-position":"center center","background-size":"auto","background-attachment":"scroll","background-type":"","background-media":"","overlay-type":"","overlay-color":"","overlay-opacity":"","overlay-gradient":""}}},"product_brand":[],"product_cat":[21],"product_tag":[],"class_list":{"0":"post-423","1":"product","2":"type-product","3":"status-publish","4":"has-post-thumbnail","6":"product_cat-productos","7":"desktop-align-left","8":"tablet-align-left","9":"mobile-align-left","10":"ast-product-gallery-layout-horizontal-slider","11":"ast-product-gallery-with-no-image","12":"ast-magnify-disabled","13":"ast-product-tabs-layout-horizontal","14":"ast-qv-on-image","16":"first","17":"instock","18":"taxable","19":"shipping-taxable","20":"purchasable","21":"product-type-simple"},"acf":[],"yoast_head":"<!-- This site is optimized with the Yoast SEO Premium plugin v27.1 (Yoast SEO v27.1.1) - https:\/\/yoast.com\/product\/yoast-seo-premium-wordpress\/ -->\n<title>Hidr\u00f3xido de Potasio :Comprar Online - Alquera.com<\/title>\n<meta name=\"description\" content=\"ENV\u00cdOS EN 24\/48H. Comprar Hidr\u00f3xido de Potasio, tambi\u00e9n conocido como potasa caustica. Utilizado en la fabricaci\u00f3n de colas.\" \/>\n<meta name=\"robots\" content=\"index, follow, max-snippet:-1, max-image-preview:large, max-video-preview:-1\" \/>\n<link rel=\"canonical\" href=\"https:\/\/www.alquera.com\/it\/hidroxido-de-potasio-1kg\/\" \/>\n<meta property=\"og:locale\" content=\"it_IT\" \/>\n<meta property=\"og:type\" content=\"article\" \/>\n<meta property=\"og:title\" content=\"Hidr\u00f3xido de Potasio: Comprar Online - Alquera.com\" \/>\n<meta property=\"og:description\" content=\"ENV\u00cdOS EN 24\/48H. Comprar Hidr\u00f3xido de Potasio, tambi\u00e9n conocido como potasa caustica. Utilizado en la fabricaci\u00f3n de colas.\" \/>\n<meta property=\"og:url\" content=\"https:\/\/www.alquera.com\/it\/hidroxido-de-potasio-1kg\/\" \/>\n<meta property=\"og:site_name\" content=\"Alquera.com\" \/>\n<meta property=\"article:publisher\" content=\"https:\/\/www.facebook.com\/alqueraciencia\" \/>\n<meta property=\"article:modified_time\" content=\"2026-05-13T16:29:03+00:00\" \/>\n<meta property=\"og:image\" content=\"https:\/\/www.alquera.com\/wp-content\/uploads\/2021\/10\/Hidroxido-de-Potasio.png\" \/>\n\t<meta property=\"og:image:width\" content=\"600\" \/>\n\t<meta property=\"og:image:height\" content=\"589\" \/>\n\t<meta property=\"og:image:type\" content=\"image\/png\" \/>\n<meta name=\"twitter:card\" content=\"summary_large_image\" \/>\n<meta name=\"twitter:label1\" content=\"Prezzo\" \/>\n\t<meta name=\"twitter:data1\" content=\"9,90&euro;\" \/>\n\t<meta name=\"twitter:label2\" content=\"Disponibilit\u00e0\" \/>\n\t<meta name=\"twitter:data2\" content=\"In stock\" \/>\n<script type=\"application\/ld+json\" class=\"yoast-schema-graph\">{\"@context\":\"https:\/\/schema.org\",\"@graph\":[{\"@type\":[\"WebPage\",\"ItemPage\"],\"@id\":\"https:\/\/www.alquera.com\/hidroxido-de-potasio-1kg\/\",\"url\":\"https:\/\/www.alquera.com\/hidroxido-de-potasio-1kg\/\",\"name\":\"Hidr\u00f3xido de Potasio :Comprar Online - Alquera.com\",\"isPartOf\":{\"@id\":\"https:\/\/www.alquera.com\/en\/#website\"},\"primaryImageOfPage\":{\"@id\":\"https:\/\/www.alquera.com\/hidroxido-de-potasio-1kg\/#primaryimage\"},\"image\":{\"@id\":\"https:\/\/www.alquera.com\/hidroxido-de-potasio-1kg\/#primaryimage\"},\"thumbnailUrl\":\"https:\/\/www.alquera.com\/wp-content\/uploads\/2021\/10\/Hidroxido-de-Potasio.png\",\"datePublished\":\"2021-10-20T09:33:41+00:00\",\"dateModified\":\"2026-05-13T16:29:03+00:00\",\"description\":\"ENV\u00cdOS EN 24\/48H. Comprar Hidr\u00f3xido de Potasio, tambi\u00e9n conocido como potasa caustica. Utilizado en la fabricaci\u00f3n de colas.\",\"breadcrumb\":{\"@id\":\"https:\/\/www.alquera.com\/hidroxido-de-potasio-1kg\/#breadcrumb\"},\"inLanguage\":\"it-IT\",\"potentialAction\":[{\"@type\":\"ReadAction\",\"target\":[\"https:\/\/www.alquera.com\/hidroxido-de-potasio-1kg\/\"]}]},{\"@type\":\"ImageObject\",\"inLanguage\":\"it-IT\",\"@id\":\"https:\/\/www.alquera.com\/hidroxido-de-potasio-1kg\/#primaryimage\",\"url\":\"https:\/\/www.alquera.com\/wp-content\/uploads\/2021\/10\/Hidroxido-de-Potasio.png\",\"contentUrl\":\"https:\/\/www.alquera.com\/wp-content\/uploads\/2021\/10\/Hidroxido-de-Potasio.png\",\"width\":600,\"height\":589,\"caption\":\"Hidroxido de Potasio\"},{\"@type\":\"BreadcrumbList\",\"@id\":\"https:\/\/www.alquera.com\/hidroxido-de-potasio-1kg\/#breadcrumb\",\"itemListElement\":[{\"@type\":\"ListItem\",\"position\":1,\"name\":\"Inicio\",\"item\":\"https:\/\/www.alquera.com\/\"},{\"@type\":\"ListItem\",\"position\":2,\"name\":\"Alquera.com: Tienda Online de Productos Qu\u00edmicos y Material de Laboratorio\",\"item\":\"https:\/\/www.alquera.com\/en\/tienda\/\"},{\"@type\":\"ListItem\",\"position\":3,\"name\":\"Hidr\u00f3xido de Potasio\"}]},{\"@type\":\"WebSite\",\"@id\":\"https:\/\/www.alquera.com\/en\/#website\",\"url\":\"https:\/\/www.alquera.com\/en\/\",\"name\":\"Alquera.com\",\"description\":\"Tienda Online Productos Qu\u00edmicos y Material de Laboratorio\",\"publisher\":{\"@id\":\"https:\/\/www.alquera.com\/en\/#organization\"},\"potentialAction\":[{\"@type\":\"SearchAction\",\"target\":{\"@type\":\"EntryPoint\",\"urlTemplate\":\"https:\/\/www.alquera.com\/en\/?s={search_term_string}\"},\"query-input\":{\"@type\":\"PropertyValueSpecification\",\"valueRequired\":true,\"valueName\":\"search_term_string\"}}],\"inLanguage\":\"it-IT\"},{\"@type\":\"Organization\",\"@id\":\"https:\/\/www.alquera.com\/en\/#organization\",\"name\":\"ALQUERA CIENCIA SL\",\"url\":\"https:\/\/www.alquera.com\/en\/\",\"logo\":{\"@type\":\"ImageObject\",\"inLanguage\":\"it-IT\",\"@id\":\"https:\/\/www.alquera.com\/en\/#\/schema\/logo\/image\/\",\"url\":\"https:\/\/www.alquera.com\/wp-content\/uploads\/2020\/11\/logo_300_ancho.png\",\"contentUrl\":\"https:\/\/www.alquera.com\/wp-content\/uploads\/2020\/11\/logo_300_ancho.png\",\"width\":300,\"height\":86,\"caption\":\"ALQUERA CIENCIA SL\"},\"image\":{\"@id\":\"https:\/\/www.alquera.com\/en\/#\/schema\/logo\/image\/\"},\"sameAs\":[\"https:\/\/www.facebook.com\/alqueraciencia\",\"https:\/\/www.instagram.com\/alquera_ciencia\/\",\"https:\/\/www.youtube.com\/c\/alquera\"]}]}<\/script>\n<meta property=\"product:price:amount\" content=\"9.90\" \/>\n<meta property=\"product:price:currency\" content=\"EUR\" \/>\n<meta property=\"og:availability\" content=\"instock\" \/>\n<meta property=\"product:availability\" content=\"instock\" \/>\n<meta property=\"product:retailer_item_id\" content=\"AL100071\" \/>\n<meta property=\"product:condition\" content=\"new\" \/>\n<!-- \/ Yoast SEO Premium plugin. -->","yoast_head_json":{"title":"Idrossido di potassio : Zen Cart, L'arte del commercio elettronico - Alquera.com","description":"SPEDIZIONE IN 24\/48 ORE. Acquistare Idrossido di potassio, noto anche come potassa caustica. Utilizzato nella produzione di colle.","robots":{"index":"index","follow":"follow","max-snippet":"max-snippet:-1","max-image-preview":"max-image-preview:large","max-video-preview":"max-video-preview:-1"},"canonical":"https:\/\/www.alquera.com\/it\/hidroxido-de-potasio-1kg\/","og_locale":"it_IT","og_type":"article","og_title":"Hidr\u00f3xido de Potasio: Comprar Online - Alquera.com","og_description":"ENV\u00cdOS EN 24\/48H. Comprar Hidr\u00f3xido de Potasio, tambi\u00e9n conocido como potasa caustica. Utilizado en la fabricaci\u00f3n de colas.","og_url":"https:\/\/www.alquera.com\/it\/hidroxido-de-potasio-1kg\/","og_site_name":"Alquera.com","article_publisher":"https:\/\/www.facebook.com\/alqueraciencia","article_modified_time":"2026-05-13T16:29:03+00:00","og_image":[{"width":600,"height":589,"url":"https:\/\/www.alquera.com\/wp-content\/uploads\/2021\/10\/Hidroxido-de-Potasio.png","type":"image\/png"}],"twitter_card":"summary_large_image","twitter_misc":{"Prezzo":"9,90&euro;","Disponibilit\u00e0":"In stock"},"schema":{"@context":"https:\/\/schema.org","@graph":[{"@type":["WebPage","ItemPage"],"@id":"https:\/\/www.alquera.com\/hidroxido-de-potasio-1kg\/","url":"https:\/\/www.alquera.com\/hidroxido-de-potasio-1kg\/","name":"Idrossido di potassio : Zen Cart, L'arte del commercio elettronico - Alquera.com","isPartOf":{"@id":"https:\/\/www.alquera.com\/en\/#website"},"primaryImageOfPage":{"@id":"https:\/\/www.alquera.com\/hidroxido-de-potasio-1kg\/#primaryimage"},"image":{"@id":"https:\/\/www.alquera.com\/hidroxido-de-potasio-1kg\/#primaryimage"},"thumbnailUrl":"https:\/\/www.alquera.com\/wp-content\/uploads\/2021\/10\/Hidroxido-de-Potasio.png","datePublished":"2021-10-20T09:33:41+00:00","dateModified":"2026-05-13T16:29:03+00:00","description":"SPEDIZIONE IN 24\/48 ORE. Acquistare Idrossido di potassio, noto anche come potassa caustica. Utilizzato nella produzione di colle.","breadcrumb":{"@id":"https:\/\/www.alquera.com\/hidroxido-de-potasio-1kg\/#breadcrumb"},"inLanguage":"it-IT","potentialAction":[{"@type":"ReadAction","target":["https:\/\/www.alquera.com\/hidroxido-de-potasio-1kg\/"]}]},{"@type":"ImageObject","inLanguage":"it-IT","@id":"https:\/\/www.alquera.com\/hidroxido-de-potasio-1kg\/#primaryimage","url":"https:\/\/www.alquera.com\/wp-content\/uploads\/2021\/10\/Hidroxido-de-Potasio.png","contentUrl":"https:\/\/www.alquera.com\/wp-content\/uploads\/2021\/10\/Hidroxido-de-Potasio.png","width":600,"height":589,"caption":"Hidroxido de Potasio"},{"@type":"BreadcrumbList","@id":"https:\/\/www.alquera.com\/hidroxido-de-potasio-1kg\/#breadcrumb","itemListElement":[{"@type":"ListItem","position":1,"name":"Inicio","item":"https:\/\/www.alquera.com\/"},{"@type":"ListItem","position":2,"name":"Alquera.com: Tienda Online de Productos Qu\u00edmicos y Material de Laboratorio","item":"https:\/\/www.alquera.com\/en\/tienda\/"},{"@type":"ListItem","position":3,"name":"Hidr\u00f3xido de Potasio"}]},{"@type":"WebSite","@id":"https:\/\/www.alquera.com\/en\/#website","url":"https:\/\/www.alquera.com\/en\/","name":"Alquera.com","description":"Negozio online di prodotti chimici e forniture di laboratorio","publisher":{"@id":"https:\/\/www.alquera.com\/en\/#organization"},"potentialAction":[{"@type":"SearchAction","target":{"@type":"EntryPoint","urlTemplate":"https:\/\/www.alquera.com\/en\/?s={search_term_string}"},"query-input":{"@type":"PropertyValueSpecification","valueRequired":true,"valueName":"search_term_string"}}],"inLanguage":"it-IT"},{"@type":"Organization","@id":"https:\/\/www.alquera.com\/en\/#organization","name":"ALQUERA CIENCIA SL","url":"https:\/\/www.alquera.com\/en\/","logo":{"@type":"ImageObject","inLanguage":"it-IT","@id":"https:\/\/www.alquera.com\/en\/#\/schema\/logo\/image\/","url":"https:\/\/www.alquera.com\/wp-content\/uploads\/2020\/11\/logo_300_ancho.png","contentUrl":"https:\/\/www.alquera.com\/wp-content\/uploads\/2020\/11\/logo_300_ancho.png","width":300,"height":86,"caption":"ALQUERA CIENCIA SL"},"image":{"@id":"https:\/\/www.alquera.com\/en\/#\/schema\/logo\/image\/"},"sameAs":["https:\/\/www.facebook.com\/alqueraciencia","https:\/\/www.instagram.com\/alquera_ciencia\/","https:\/\/www.youtube.com\/c\/alquera"]}]},"product_price_amount":"9.90","product_price_currency":"EUR","og_availability":"instock","product_availability":"instock","product_retailer_item_id":"AL100071","product_condition":"new"},"_links":{"self":[{"href":"https:\/\/www.alquera.com\/it\/wp-json\/wp\/v2\/product\/423","targetHints":{"allow":["GET"]}}],"collection":[{"href":"https:\/\/www.alquera.com\/it\/wp-json\/wp\/v2\/product"}],"about":[{"href":"https:\/\/www.alquera.com\/it\/wp-json\/wp\/v2\/types\/product"}],"replies":[{"embeddable":true,"href":"https:\/\/www.alquera.com\/it\/wp-json\/wp\/v2\/comments?post=423"}],"wp:featuredmedia":[{"embeddable":true,"href":"https:\/\/www.alquera.com\/it\/wp-json\/wp\/v2\/media\/37769"}],"wp:attachment":[{"href":"https:\/\/www.alquera.com\/it\/wp-json\/wp\/v2\/media?parent=423"}],"wp:term":[{"taxonomy":"product_brand","embeddable":true,"href":"https:\/\/www.alquera.com\/it\/wp-json\/wp\/v2\/product_brand?post=423"},{"taxonomy":"product_cat","embeddable":true,"href":"https:\/\/www.alquera.com\/it\/wp-json\/wp\/v2\/product_cat?post=423"},{"taxonomy":"product_tag","embeddable":true,"href":"https:\/\/www.alquera.com\/it\/wp-json\/wp\/v2\/product_tag?post=423"}],"curies":[{"name":"wp","href":"https:\/\/api.w.org\/{rel}","templated":true}]}}