{"id":426,"date":"2015-11-26T11:52:55","date_gmt":"2015-11-26T11:52:55","guid":{"rendered":"http:\/\/localhost\/alquera\/productos\/producto\/acido-acetico-glacial-1l\/"},"modified":"2026-04-24T09:54:37","modified_gmt":"2026-04-24T09:54:37","slug":"acido-acetico-glacial-1l","status":"publish","type":"product","link":"https:\/\/www.alquera.com\/it\/acido-acetico-glacial-1l\/","title":{"rendered":"\u00c1cido Ac\u00e9tico Glacial 1L"},"content":{"rendered":"<p>El \u00e1cido ac\u00e9tico glacial es un \u00e1cido de origen natural y se encuentra en la mayor\u00eda de las frutas. Su principal forma de producci\u00f3n es la fermentaci\u00f3n bacteriana, debido a esto est\u00e1 presente en todos los productos fermentados. Este \u00e1cido se solidifica a los 16.6\u00baC y por lo general se utiliza en la producci\u00f3n de acetatos, como agente neutralizante, como ingrediente de compuestos adhesivos, como ingrediente en lacas para la industria aeron\u00e1utica, entre otros usos. El \u00e1cido ac\u00e9tico glacial se refiere al \u00e1cido ac\u00e9tico anhidro, es decir, sin presencia de agua.<\/p>\n<h2>IDENTIFICAZIONE E PROPRIET\u00c0<\/h2>\n<p><strong>Nome:<\/strong> \u00c1cido Ac\u00e9tico Glacial<br \/>\n<strong>Formula chimica<\/strong>: C2H4O2<br \/>\n<strong>CAS:\u00a0<\/strong>64-19-7<br \/>\n<strong>CE:<\/strong> 200-580-7<br \/>\n<strong>Onu<\/strong>:2789<\/p>\n<ul>\n<li>Stato fisico: Liquido<\/li>\n<li>Colore: Incolore<\/li>\n<li>Odore: caratteristico<\/li>\n<li>Umbral Olfativo: 480 ppm<\/li>\n<li>Punto de congelaci\u00f3n: 17\u00baC<\/li>\n<li>Punto\/ Punto inicial\/ intervalo de ebullici\u00f3n: 118\u00baC<\/li>\n<li>Punto de Inflamaci\u00f3n: 39\u00baC<\/li>\n<li>Temperatura de descomposici\u00f3n: 460-595\u00baC<\/li>\n<li>pH: &lt;2 (100%)<\/li>\n<li>Viscosidad Cinem\u00e1tica: 1,01 mm2\/s<\/li>\n<li>Solubilidad: Miscible con agua<\/li>\n<li>Coeficiente de reparto (n-octanol\/agua)(valor logaritmico): -0,17<\/li>\n<li>Presi\u00f3n de vapor: 2084 Pa<\/li>\n<li>Densidad absoluta: kg\/m3 1044,6<\/li>\n<li>Densidad relativa: 1,07<\/li>\n<\/ul>\n<p><span style=\"text-decoration: underline;\"><strong>Usos y aplicaciones del \u00e1cido ac\u00e9tico glacial<\/strong><\/span><\/p>\n<ul>\n<li>Entre las principales aplicaciones y usos del \u00e1cido ac\u00e9tico glacial se encuentran:<\/li>\n<li>Limpieza de manchas<\/li>\n<li>En medicina se aplica como tinte en colposcopias. Auxilia en la detecci\u00f3n del virus del papiloma humano.<\/li>\n<li>Se usa en histolog\u00eda (preservaci\u00f3n de \u00f3rganos y tejidos para su estudio)<\/li>\n<li>Fija nucleoprote\u00ednas<\/li>\n<li>Fabricaci\u00f3n de acetato de vinilo, ray\u00f3n, acetato de celulosa, entre otras<\/li>\n<li>En apicultura se utiliza para controlar la plaga de polillas en la cera<\/li>\n<\/ul>","protected":false},"excerpt":{"rendered":"<p>Comprar \u00e1cido ac\u00e9tico glacial 1L.<\/p>","protected":false},"featured_media":425,"comment_status":"open","ping_status":"closed","template":"","meta":{"_acf_changed":false,"site-sidebar-layout":"default","site-content-layout":"","ast-site-content-layout":"default","site-content-style":"default","site-sidebar-style":"default","ast-global-header-display":"","ast-banner-title-visibility":"","ast-main-header-display":"","ast-hfb-above-header-display":"","ast-hfb-below-header-display":"","ast-hfb-mobile-header-display":"","site-post-title":"","ast-breadcrumbs-content":"","ast-featured-img":"","footer-sml-layout":"","ast-disable-related-posts":"","theme-transparent-header-meta":"default","adv-header-id-meta":"","stick-header-meta":"default","header-above-stick-meta":"","header-main-stick-meta":"","header-below-stick-meta":"","astra-migrate-meta-layouts":"set","ast-page-background-enabled":"default","ast-page-background-meta":{"desktop":{"background-color":"var(--ast-global-color-4)","background-image":"","background-repeat":"repeat","background-position":"center center","background-size":"auto","background-attachment":"scroll","background-type":"","background-media":"","overlay-type":"","overlay-color":"","overlay-opacity":"","overlay-gradient":""},"tablet":{"background-color":"","background-image":"","background-repeat":"repeat","background-position":"center center","background-size":"auto","background-attachment":"scroll","background-type":"","background-media":"","overlay-type":"","overlay-color":"","overlay-opacity":"","overlay-gradient":""},"mobile":{"background-color":"","background-image":"","background-repeat":"repeat","background-position":"center center","background-size":"auto","background-attachment":"scroll","background-type":"","background-media":"","overlay-type":"","overlay-color":"","overlay-opacity":"","overlay-gradient":""}},"ast-content-background-meta":{"desktop":{"background-color":"var(--ast-global-color-5)","background-image":"","background-repeat":"repeat","background-position":"center center","background-size":"auto","background-attachment":"scroll","background-type":"","background-media":"","overlay-type":"","overlay-color":"","overlay-opacity":"","overlay-gradient":""},"tablet":{"background-color":"var(--ast-global-color-5)","background-image":"","background-repeat":"repeat","background-position":"center center","background-size":"auto","background-attachment":"scroll","background-type":"","background-media":"","overlay-type":"","overlay-color":"","overlay-opacity":"","overlay-gradient":""},"mobile":{"background-color":"var(--ast-global-color-5)","background-image":"","background-repeat":"repeat","background-position":"center center","background-size":"auto","background-attachment":"scroll","background-type":"","background-media":"","overlay-type":"","overlay-color":"","overlay-opacity":"","overlay-gradient":""}}},"product_brand":[],"product_cat":[21],"product_tag":[],"class_list":{"0":"post-426","1":"product","2":"type-product","3":"status-publish","4":"has-post-thumbnail","6":"product_cat-productos","7":"desktop-align-left","8":"tablet-align-left","9":"mobile-align-left","10":"ast-product-gallery-layout-horizontal-slider","11":"ast-product-gallery-with-no-image","12":"ast-magnify-disabled","13":"ast-product-tabs-layout-horizontal","14":"ast-qv-on-image","16":"first","17":"instock","18":"taxable","19":"shipping-taxable","20":"purchasable","21":"product-type-simple"},"acf":[],"yoast_head":"<!-- This site is optimized with the Yoast SEO Premium plugin v27.1 (Yoast SEO v27.1.1) - https:\/\/yoast.com\/product\/yoast-seo-premium-wordpress\/ -->\n<title>\u00c1cido Ac\u00e9tico Glacial 1L: Comprar Online - Alquera.com<\/title>\n<meta name=\"description\" content=\"El \u00e1cido ac\u00e9tico glacial es un l\u00edquido incoloro con alta concentraci\u00f3n de \u00e1cido ac\u00e9tico (99-100%), utilizado principalmente en la industria qu\u00edmica para la fabricaci\u00f3n de pl\u00e1sticos y solventes.\" \/>\n<meta name=\"robots\" content=\"index, follow, max-snippet:-1, max-image-preview:large, max-video-preview:-1\" \/>\n<link rel=\"canonical\" href=\"https:\/\/www.alquera.com\/it\/acido-acetico-glacial-1l\/\" \/>\n<meta property=\"og:locale\" content=\"it_IT\" \/>\n<meta property=\"og:type\" content=\"article\" \/>\n<meta property=\"og:title\" content=\"\u00c1cido Ac\u00e9tico Glacial 1L: Comprar Online - Alquera.com\" \/>\n<meta property=\"og:description\" content=\"El \u00e1cido ac\u00e9tico glacial es un l\u00edquido incoloro con alta concentraci\u00f3n de \u00e1cido ac\u00e9tico (99-100%), utilizado principalmente en la industria qu\u00edmica para la fabricaci\u00f3n de pl\u00e1sticos y solventes.\" \/>\n<meta property=\"og:url\" content=\"https:\/\/www.alquera.com\/it\/acido-acetico-glacial-1l\/\" \/>\n<meta property=\"og:site_name\" content=\"Alquera.com\" \/>\n<meta property=\"article:publisher\" content=\"https:\/\/www.facebook.com\/alqueraciencia\" \/>\n<meta property=\"article:modified_time\" content=\"2026-04-24T09:54:37+00:00\" \/>\n<meta property=\"og:image\" content=\"https:\/\/www.alquera.com\/wp-content\/uploads\/2015\/11\/138-thickbox_default-Acido-Acetico-Glacial-1L.jpg\" \/>\n\t<meta property=\"og:image:width\" content=\"800\" \/>\n\t<meta property=\"og:image:height\" content=\"800\" \/>\n\t<meta property=\"og:image:type\" content=\"image\/jpeg\" \/>\n<meta name=\"twitter:card\" content=\"summary_large_image\" \/>\n<meta name=\"twitter:label1\" content=\"Prezzo\" \/>\n\t<meta name=\"twitter:data1\" content=\"12,90&euro;\" \/>\n\t<meta name=\"twitter:label2\" content=\"Disponibilit\u00e0\" \/>\n\t<meta name=\"twitter:data2\" content=\"In stock\" \/>\n<script type=\"application\/ld+json\" class=\"yoast-schema-graph\">{\"@context\":\"https:\/\/schema.org\",\"@graph\":[{\"@type\":[\"WebPage\",\"ItemPage\"],\"@id\":\"https:\/\/www.alquera.com\/acido-acetico-glacial-1l\/\",\"url\":\"https:\/\/www.alquera.com\/acido-acetico-glacial-1l\/\",\"name\":\"\u00c1cido Ac\u00e9tico Glacial 1L: Comprar Online - Alquera.com\",\"isPartOf\":{\"@id\":\"https:\/\/www.alquera.com\/en\/#website\"},\"primaryImageOfPage\":{\"@id\":\"https:\/\/www.alquera.com\/acido-acetico-glacial-1l\/#primaryimage\"},\"image\":{\"@id\":\"https:\/\/www.alquera.com\/acido-acetico-glacial-1l\/#primaryimage\"},\"thumbnailUrl\":\"https:\/\/www.alquera.com\/wp-content\/uploads\/2015\/11\/138-thickbox_default-Acido-Acetico-Glacial-1L.jpg\",\"datePublished\":\"2015-11-26T11:52:55+00:00\",\"dateModified\":\"2026-04-24T09:54:37+00:00\",\"description\":\"El \u00e1cido ac\u00e9tico glacial es un l\u00edquido incoloro con alta concentraci\u00f3n de \u00e1cido ac\u00e9tico (99-100%), utilizado principalmente en la industria qu\u00edmica para la fabricaci\u00f3n de pl\u00e1sticos y solventes.\",\"breadcrumb\":{\"@id\":\"https:\/\/www.alquera.com\/acido-acetico-glacial-1l\/#breadcrumb\"},\"inLanguage\":\"it-IT\",\"potentialAction\":[{\"@type\":\"ReadAction\",\"target\":[\"https:\/\/www.alquera.com\/acido-acetico-glacial-1l\/\"]}]},{\"@type\":\"ImageObject\",\"inLanguage\":\"it-IT\",\"@id\":\"https:\/\/www.alquera.com\/acido-acetico-glacial-1l\/#primaryimage\",\"url\":\"https:\/\/www.alquera.com\/wp-content\/uploads\/2015\/11\/138-thickbox_default-Acido-Acetico-Glacial-1L.jpg\",\"contentUrl\":\"https:\/\/www.alquera.com\/wp-content\/uploads\/2015\/11\/138-thickbox_default-Acido-Acetico-Glacial-1L.jpg\",\"width\":800,\"height\":800,\"caption\":\"\u00c1cido Ac\u00e9tico Glacial 1L\"},{\"@type\":\"BreadcrumbList\",\"@id\":\"https:\/\/www.alquera.com\/acido-acetico-glacial-1l\/#breadcrumb\",\"itemListElement\":[{\"@type\":\"ListItem\",\"position\":1,\"name\":\"Inicio\",\"item\":\"https:\/\/www.alquera.com\/\"},{\"@type\":\"ListItem\",\"position\":2,\"name\":\"Alquera.com: Tienda Online de Productos Qu\u00edmicos y Material de Laboratorio\",\"item\":\"https:\/\/www.alquera.com\/en\/tienda\/\"},{\"@type\":\"ListItem\",\"position\":3,\"name\":\"\u00c1cido Ac\u00e9tico Glacial 1L\"}]},{\"@type\":\"WebSite\",\"@id\":\"https:\/\/www.alquera.com\/en\/#website\",\"url\":\"https:\/\/www.alquera.com\/en\/\",\"name\":\"Alquera.com\",\"description\":\"Tienda Online Productos Qu\u00edmicos y Material de Laboratorio\",\"publisher\":{\"@id\":\"https:\/\/www.alquera.com\/en\/#organization\"},\"potentialAction\":[{\"@type\":\"SearchAction\",\"target\":{\"@type\":\"EntryPoint\",\"urlTemplate\":\"https:\/\/www.alquera.com\/en\/?s={search_term_string}\"},\"query-input\":{\"@type\":\"PropertyValueSpecification\",\"valueRequired\":true,\"valueName\":\"search_term_string\"}}],\"inLanguage\":\"it-IT\"},{\"@type\":\"Organization\",\"@id\":\"https:\/\/www.alquera.com\/en\/#organization\",\"name\":\"ALQUERA CIENCIA SL\",\"url\":\"https:\/\/www.alquera.com\/en\/\",\"logo\":{\"@type\":\"ImageObject\",\"inLanguage\":\"it-IT\",\"@id\":\"https:\/\/www.alquera.com\/en\/#\/schema\/logo\/image\/\",\"url\":\"https:\/\/www.alquera.com\/wp-content\/uploads\/2020\/11\/logo_300_ancho.png\",\"contentUrl\":\"https:\/\/www.alquera.com\/wp-content\/uploads\/2020\/11\/logo_300_ancho.png\",\"width\":300,\"height\":86,\"caption\":\"ALQUERA CIENCIA SL\"},\"image\":{\"@id\":\"https:\/\/www.alquera.com\/en\/#\/schema\/logo\/image\/\"},\"sameAs\":[\"https:\/\/www.facebook.com\/alqueraciencia\",\"https:\/\/www.instagram.com\/alquera_ciencia\/\",\"https:\/\/www.youtube.com\/c\/alquera\"]}]}<\/script>\n<meta property=\"product:price:amount\" content=\"12.90\" \/>\n<meta property=\"product:price:currency\" content=\"EUR\" \/>\n<meta property=\"og:availability\" content=\"instock\" \/>\n<meta property=\"product:availability\" content=\"instock\" \/>\n<meta property=\"product:condition\" content=\"new\" \/>\n<!-- \/ Yoast SEO Premium plugin. -->","yoast_head_json":{"title":"\u00c1cido Ac\u00e9tico Glacial 1L: Comprar Online - Alquera.com","description":"El \u00e1cido ac\u00e9tico glacial es un l\u00edquido incoloro con alta concentraci\u00f3n de \u00e1cido ac\u00e9tico (99-100%), utilizado principalmente en la industria qu\u00edmica para la fabricaci\u00f3n de pl\u00e1sticos y solventes.","robots":{"index":"index","follow":"follow","max-snippet":"max-snippet:-1","max-image-preview":"max-image-preview:large","max-video-preview":"max-video-preview:-1"},"canonical":"https:\/\/www.alquera.com\/it\/acido-acetico-glacial-1l\/","og_locale":"it_IT","og_type":"article","og_title":"\u00c1cido Ac\u00e9tico Glacial 1L: Comprar Online - Alquera.com","og_description":"El \u00e1cido ac\u00e9tico glacial es un l\u00edquido incoloro con alta concentraci\u00f3n de \u00e1cido ac\u00e9tico (99-100%), utilizado principalmente en la industria qu\u00edmica para la fabricaci\u00f3n de pl\u00e1sticos y solventes.","og_url":"https:\/\/www.alquera.com\/it\/acido-acetico-glacial-1l\/","og_site_name":"Alquera.com","article_publisher":"https:\/\/www.facebook.com\/alqueraciencia","article_modified_time":"2026-04-24T09:54:37+00:00","og_image":[{"width":800,"height":800,"url":"https:\/\/www.alquera.com\/wp-content\/uploads\/2015\/11\/138-thickbox_default-Acido-Acetico-Glacial-1L.jpg","type":"image\/jpeg"}],"twitter_card":"summary_large_image","twitter_misc":{"Prezzo":"12,90&euro;","Disponibilit\u00e0":"In stock"},"schema":{"@context":"https:\/\/schema.org","@graph":[{"@type":["WebPage","ItemPage"],"@id":"https:\/\/www.alquera.com\/acido-acetico-glacial-1l\/","url":"https:\/\/www.alquera.com\/acido-acetico-glacial-1l\/","name":"\u00c1cido Ac\u00e9tico Glacial 1L: Comprar Online - Alquera.com","isPartOf":{"@id":"https:\/\/www.alquera.com\/en\/#website"},"primaryImageOfPage":{"@id":"https:\/\/www.alquera.com\/acido-acetico-glacial-1l\/#primaryimage"},"image":{"@id":"https:\/\/www.alquera.com\/acido-acetico-glacial-1l\/#primaryimage"},"thumbnailUrl":"https:\/\/www.alquera.com\/wp-content\/uploads\/2015\/11\/138-thickbox_default-Acido-Acetico-Glacial-1L.jpg","datePublished":"2015-11-26T11:52:55+00:00","dateModified":"2026-04-24T09:54:37+00:00","description":"El \u00e1cido ac\u00e9tico glacial es un l\u00edquido incoloro con alta concentraci\u00f3n de \u00e1cido ac\u00e9tico (99-100%), utilizado principalmente en la industria qu\u00edmica para la fabricaci\u00f3n de pl\u00e1sticos y solventes.","breadcrumb":{"@id":"https:\/\/www.alquera.com\/acido-acetico-glacial-1l\/#breadcrumb"},"inLanguage":"it-IT","potentialAction":[{"@type":"ReadAction","target":["https:\/\/www.alquera.com\/acido-acetico-glacial-1l\/"]}]},{"@type":"ImageObject","inLanguage":"it-IT","@id":"https:\/\/www.alquera.com\/acido-acetico-glacial-1l\/#primaryimage","url":"https:\/\/www.alquera.com\/wp-content\/uploads\/2015\/11\/138-thickbox_default-Acido-Acetico-Glacial-1L.jpg","contentUrl":"https:\/\/www.alquera.com\/wp-content\/uploads\/2015\/11\/138-thickbox_default-Acido-Acetico-Glacial-1L.jpg","width":800,"height":800,"caption":"\u00c1cido Ac\u00e9tico Glacial 1L"},{"@type":"BreadcrumbList","@id":"https:\/\/www.alquera.com\/acido-acetico-glacial-1l\/#breadcrumb","itemListElement":[{"@type":"ListItem","position":1,"name":"Inicio","item":"https:\/\/www.alquera.com\/"},{"@type":"ListItem","position":2,"name":"Alquera.com: Tienda Online de Productos Qu\u00edmicos y Material de Laboratorio","item":"https:\/\/www.alquera.com\/en\/tienda\/"},{"@type":"ListItem","position":3,"name":"\u00c1cido Ac\u00e9tico Glacial 1L"}]},{"@type":"WebSite","@id":"https:\/\/www.alquera.com\/en\/#website","url":"https:\/\/www.alquera.com\/en\/","name":"Alquera.com","description":"Negozio online di prodotti chimici e forniture di laboratorio","publisher":{"@id":"https:\/\/www.alquera.com\/en\/#organization"},"potentialAction":[{"@type":"SearchAction","target":{"@type":"EntryPoint","urlTemplate":"https:\/\/www.alquera.com\/en\/?s={search_term_string}"},"query-input":{"@type":"PropertyValueSpecification","valueRequired":true,"valueName":"search_term_string"}}],"inLanguage":"it-IT"},{"@type":"Organization","@id":"https:\/\/www.alquera.com\/en\/#organization","name":"ALQUERA CIENCIA SL","url":"https:\/\/www.alquera.com\/en\/","logo":{"@type":"ImageObject","inLanguage":"it-IT","@id":"https:\/\/www.alquera.com\/en\/#\/schema\/logo\/image\/","url":"https:\/\/www.alquera.com\/wp-content\/uploads\/2020\/11\/logo_300_ancho.png","contentUrl":"https:\/\/www.alquera.com\/wp-content\/uploads\/2020\/11\/logo_300_ancho.png","width":300,"height":86,"caption":"ALQUERA CIENCIA SL"},"image":{"@id":"https:\/\/www.alquera.com\/en\/#\/schema\/logo\/image\/"},"sameAs":["https:\/\/www.facebook.com\/alqueraciencia","https:\/\/www.instagram.com\/alquera_ciencia\/","https:\/\/www.youtube.com\/c\/alquera"]}]},"product_price_amount":"12.90","product_price_currency":"EUR","og_availability":"instock","product_availability":"instock","product_condition":"new"},"_links":{"self":[{"href":"https:\/\/www.alquera.com\/it\/wp-json\/wp\/v2\/product\/426","targetHints":{"allow":["GET"]}}],"collection":[{"href":"https:\/\/www.alquera.com\/it\/wp-json\/wp\/v2\/product"}],"about":[{"href":"https:\/\/www.alquera.com\/it\/wp-json\/wp\/v2\/types\/product"}],"replies":[{"embeddable":true,"href":"https:\/\/www.alquera.com\/it\/wp-json\/wp\/v2\/comments?post=426"}],"wp:featuredmedia":[{"embeddable":true,"href":"https:\/\/www.alquera.com\/it\/wp-json\/wp\/v2\/media\/425"}],"wp:attachment":[{"href":"https:\/\/www.alquera.com\/it\/wp-json\/wp\/v2\/media?parent=426"}],"wp:term":[{"taxonomy":"product_brand","embeddable":true,"href":"https:\/\/www.alquera.com\/it\/wp-json\/wp\/v2\/product_brand?post=426"},{"taxonomy":"product_cat","embeddable":true,"href":"https:\/\/www.alquera.com\/it\/wp-json\/wp\/v2\/product_cat?post=426"},{"taxonomy":"product_tag","embeddable":true,"href":"https:\/\/www.alquera.com\/it\/wp-json\/wp\/v2\/product_tag?post=426"}],"curies":[{"name":"wp","href":"https:\/\/api.w.org\/{rel}","templated":true}]}}