{"id":49790,"date":"2024-11-05T09:06:46","date_gmt":"2024-11-05T09:06:46","guid":{"rendered":"https:\/\/www.alquera.com\/?post_type=product&#038;p=49790"},"modified":"2025-04-09T08:20:18","modified_gmt":"2025-04-09T08:20:18","slug":"activador-para-slime","status":"publish","type":"product","link":"https:\/\/www.alquera.com\/it\/activador-para-slime\/","title":{"rendered":"Attivatore di melma"},"content":{"rendered":"<p>Este producto es un activador para slime, es decir es un componente que quitar\u00e1 la pegajosidad al pegamento, convirti\u00e9ndolo en la masa conocida como slime<\/p>\n<h2>FABBRICAZIONE DELLA MELMA<\/h2>\n<p>Realizzare uno slime \u00e8 un'attivit\u00e0 molto apprezzata dai bambini, sia che si tratti di una festa di compleanno, di un pomeriggio all'aperto o di una riunione con un gruppo di amici, lo slime non mancher\u00e0.<\/p>\n<p>Ecco le istruzioni su come <a href=\"https:\/\/www.experimentoscientificos.es\/hacer-un-slime\/\">fare la melma<\/a>.<\/p>\n<p>Gli ingredienti chiave che non possono mancare sono:<\/p>\n<ul>\n<li><a href=\"https:\/\/www.alquera.com\/it\/pegamento-escolar-blanco\/\">Colla<\/a><\/li>\n<li><a href=\"https:\/\/www.alquera.com\/it\/activador-para-slime\/\">Attivatore di melma.<\/a><\/li>\n<li><a href=\"https:\/\/www.alquera.com\/it\/colorantes-alimentarios\/\">Coloranti<\/a><\/li>\n<\/ul>\n<p>Para el pegamento no hemos encontrado otro <a href=\"https:\/\/www.alquera.com\/it\/pegamento-escolar-blanco\/\">este pegamento<\/a>. Per quanto riguarda l'attivatore, non ne abbiamo trovato uno migliore del nostro, che vi proponiamo qui. Questo attivatore da 500 ml sar\u00e0 sufficiente per realizzare 3 o 4 slime. La quantit\u00e0 da applicare dipende molto dalla quantit\u00e0 di colla che si usa, se la si vuole pi\u00f9 o meno dura, ecc... Parte del divertimento dello slime \u00e8 applicare l'attivatore a piacere e vedere come ogni slime \u00e8 diverso.<\/p>\n<h2>COME APPLICARE L'ATTIVATORE DI MELMA<\/h2>\n<p>L'attivatore di slime \u00e8 solo una fase della realizzazione dello slime. Una volta che avete la colla e il colorante, applicateli poco alla volta e lo slime prender\u00e0 forma. Pi\u00f9 attivatore si applica, pi\u00f9 si rompono i legami della colla, rendendola una massa meno appiccicosa. In questo video potete vedere lo slime passo dopo passo.<\/p>\n<div class=\"ast-oembed-container\" style=\"height: 100%;\"><iframe loading=\"lazy\" title=\"#Exp9 - Come fare uno slime con borace e colla - Alquera.com\" width=\"500\" height=\"281\" src=\"https:\/\/www.youtube.com\/embed\/fj2Z1t6si90?feature=oembed\" frameborder=\"0\" allow=\"accelerometer; autoplay; clipboard-write; encrypted-media; gyroscope; picture-in-picture; web-share\" referrerpolicy=\"strict-origin-when-cross-origin\" allowfullscreen><\/iframe><\/div>\n<h2>TOSSICIT\u00c0 DELL'ATTIVATORE<\/h2>\n<p>L'attivatore di melma contiene borace, che pur essendo disciolto in acqua non \u00e8 dichiarato pericoloso, ma deve essere usato dagli adulti, mai dai bambini, non \u00e8 un giocattolo e bisogna evitare l'esposizione diretta.<\/p>\n<p>&nbsp;<\/p>\n<p>&nbsp;<\/p>\n<p>&nbsp;<\/p>","protected":false},"excerpt":{"rendered":"<p>Comprar activador para slime, en formato de 500ml. Uno de los pasos m\u00e1s importantes en la realizaci\u00f3n del slime es la parte donde se quita la pegajosidad al pegamento, utilizando un activador para slime. El pedido se realiza directamente por la Web siguiendo los pasos que se indican, haci\u00e9ndose la entrega en 24\/48 horas.<\/p>","protected":false},"featured_media":49792,"comment_status":"open","ping_status":"closed","template":"","meta":{"_acf_changed":false,"site-sidebar-layout":"default","site-content-layout":"default","ast-site-content-layout":"default","site-content-style":"default","site-sidebar-style":"default","ast-global-header-display":"","ast-banner-title-visibility":"","ast-main-header-display":"","ast-hfb-above-header-display":"","ast-hfb-below-header-display":"","ast-hfb-mobile-header-display":"","site-post-title":"","ast-breadcrumbs-content":"","ast-featured-img":"","footer-sml-layout":"","ast-disable-related-posts":"","theme-transparent-header-meta":"default","adv-header-id-meta":"","stick-header-meta":"default","header-above-stick-meta":"","header-main-stick-meta":"","header-below-stick-meta":"","astra-migrate-meta-layouts":"set","ast-page-background-enabled":"default","ast-page-background-meta":{"desktop":{"background-color":"var(--ast-global-color-4)","background-image":"","background-repeat":"repeat","background-position":"center center","background-size":"auto","background-attachment":"scroll","background-type":"","background-media":"","overlay-type":"","overlay-color":"","overlay-opacity":"","overlay-gradient":""},"tablet":{"background-color":"","background-image":"","background-repeat":"repeat","background-position":"center center","background-size":"auto","background-attachment":"scroll","background-type":"","background-media":"","overlay-type":"","overlay-color":"","overlay-opacity":"","overlay-gradient":""},"mobile":{"background-color":"","background-image":"","background-repeat":"repeat","background-position":"center center","background-size":"auto","background-attachment":"scroll","background-type":"","background-media":"","overlay-type":"","overlay-color":"","overlay-opacity":"","overlay-gradient":""}},"ast-content-background-meta":{"desktop":{"background-color":"var(--ast-global-color-5)","background-image":"","background-repeat":"repeat","background-position":"center center","background-size":"auto","background-attachment":"scroll","background-type":"","background-media":"","overlay-type":"","overlay-color":"","overlay-opacity":"","overlay-gradient":""},"tablet":{"background-color":"var(--ast-global-color-5)","background-image":"","background-repeat":"repeat","background-position":"center center","background-size":"auto","background-attachment":"scroll","background-type":"","background-media":"","overlay-type":"","overlay-color":"","overlay-opacity":"","overlay-gradient":""},"mobile":{"background-color":"var(--ast-global-color-5)","background-image":"","background-repeat":"repeat","background-position":"center center","background-size":"auto","background-attachment":"scroll","background-type":"","background-media":"","overlay-type":"","overlay-color":"","overlay-opacity":"","overlay-gradient":""}}},"product_brand":[],"product_cat":[329],"product_tag":[],"class_list":{"0":"post-49790","1":"product","2":"type-product","3":"status-publish","4":"has-post-thumbnail","6":"product_cat-experimentos-ciencias","7":"pa_cantidad-500ml","8":"desktop-align-left","9":"tablet-align-left","10":"mobile-align-left","11":"ast-product-gallery-layout-horizontal-slider","12":"ast-product-gallery-with-no-image","13":"ast-magnify-disabled","14":"ast-product-single-variable","15":"ast-product-tabs-layout-horizontal","16":"ast-qv-on-image","18":"first","19":"instock","20":"taxable","21":"shipping-taxable","22":"purchasable","23":"product-type-variable","24":"has-default-attributes"},"acf":[],"yoast_head":"<!-- This site is optimized with the Yoast SEO Premium plugin v27.1 (Yoast SEO v27.1.1) - https:\/\/yoast.com\/product\/yoast-seo-premium-wordpress\/ -->\n<title>Activador para Slime: Comprar Online - Alquera.com<\/title>\n<meta name=\"description\" content=\"ENV\u00cdOS EN 24\/48H. Uno de los pasos m\u00e1s importantes en la realizaci\u00f3n del slime es contar con un buen activador de slime. En formato de 500ml.\" \/>\n<meta name=\"robots\" content=\"index, follow, max-snippet:-1, max-image-preview:large, max-video-preview:-1\" \/>\n<link rel=\"canonical\" href=\"https:\/\/www.alquera.com\/it\/activador-para-slime\/\" \/>\n<meta property=\"og:locale\" content=\"it_IT\" \/>\n<meta property=\"og:type\" content=\"article\" \/>\n<meta property=\"og:title\" content=\"Activador para Slime: Comprar Online - Alquera.com\" \/>\n<meta property=\"og:description\" content=\"ENV\u00cdOS EN 24\/48H. Uno de los pasos m\u00e1s importantes en la realizaci\u00f3n del slime es contar con un buen activador de slime. En formato de 500ml.\" \/>\n<meta property=\"og:url\" content=\"https:\/\/www.alquera.com\/it\/activador-para-slime\/\" \/>\n<meta property=\"og:site_name\" content=\"Alquera.com\" \/>\n<meta property=\"article:publisher\" content=\"https:\/\/www.facebook.com\/alqueraciencia\" \/>\n<meta property=\"article:modified_time\" content=\"2025-04-09T08:20:18+00:00\" \/>\n<meta property=\"og:image\" content=\"https:\/\/www.alquera.com\/wp-content\/uploads\/2024\/11\/ACTIVADOR-PARA-SLIME.jpg\" \/>\n\t<meta property=\"og:image:width\" content=\"1208\" \/>\n\t<meta property=\"og:image:height\" content=\"1328\" \/>\n\t<meta property=\"og:image:type\" content=\"image\/jpeg\" \/>\n<meta name=\"twitter:card\" content=\"summary_large_image\" \/>\n<meta name=\"twitter:label1\" content=\"Disponibilit\u00e0\" \/>\n\t<meta name=\"twitter:data1\" content=\"In stock\" \/>\n<script type=\"application\/ld+json\" class=\"yoast-schema-graph\">{\"@context\":\"https:\/\/schema.org\",\"@graph\":[{\"@type\":[\"WebPage\",\"ItemPage\"],\"@id\":\"https:\/\/www.alquera.com\/activador-para-slime\/\",\"url\":\"https:\/\/www.alquera.com\/activador-para-slime\/\",\"name\":\"Activador para Slime: Comprar Online - Alquera.com\",\"isPartOf\":{\"@id\":\"https:\/\/www.alquera.com\/en\/#website\"},\"primaryImageOfPage\":{\"@id\":\"https:\/\/www.alquera.com\/activador-para-slime\/#primaryimage\"},\"image\":{\"@id\":\"https:\/\/www.alquera.com\/activador-para-slime\/#primaryimage\"},\"thumbnailUrl\":\"https:\/\/www.alquera.com\/wp-content\/uploads\/2024\/11\/ACTIVADOR-PARA-SLIME.jpg\",\"datePublished\":\"2024-11-05T09:06:46+00:00\",\"dateModified\":\"2025-04-09T08:20:18+00:00\",\"description\":\"ENV\u00cdOS EN 24\/48H. Uno de los pasos m\u00e1s importantes en la realizaci\u00f3n del slime es contar con un buen activador de slime. En formato de 500ml.\",\"breadcrumb\":{\"@id\":\"https:\/\/www.alquera.com\/activador-para-slime\/#breadcrumb\"},\"inLanguage\":\"it-IT\",\"potentialAction\":[{\"@type\":\"ReadAction\",\"target\":[\"https:\/\/www.alquera.com\/activador-para-slime\/\"]}]},{\"@type\":\"ImageObject\",\"inLanguage\":\"it-IT\",\"@id\":\"https:\/\/www.alquera.com\/activador-para-slime\/#primaryimage\",\"url\":\"https:\/\/www.alquera.com\/wp-content\/uploads\/2024\/11\/ACTIVADOR-PARA-SLIME.jpg\",\"contentUrl\":\"https:\/\/www.alquera.com\/wp-content\/uploads\/2024\/11\/ACTIVADOR-PARA-SLIME.jpg\",\"width\":1208,\"height\":1328,\"caption\":\"ACTIVADOR PARA SLIME\"},{\"@type\":\"BreadcrumbList\",\"@id\":\"https:\/\/www.alquera.com\/activador-para-slime\/#breadcrumb\",\"itemListElement\":[{\"@type\":\"ListItem\",\"position\":1,\"name\":\"Inicio\",\"item\":\"https:\/\/www.alquera.com\/\"},{\"@type\":\"ListItem\",\"position\":2,\"name\":\"Alquera.com: Tienda Online de Productos Qu\u00edmicos y Material de Laboratorio\",\"item\":\"https:\/\/www.alquera.com\/en\/tienda\/\"},{\"@type\":\"ListItem\",\"position\":3,\"name\":\"Activador para Slime\"}]},{\"@type\":\"WebSite\",\"@id\":\"https:\/\/www.alquera.com\/en\/#website\",\"url\":\"https:\/\/www.alquera.com\/en\/\",\"name\":\"Alquera.com\",\"description\":\"Tienda Online Productos Qu\u00edmicos y Material de Laboratorio\",\"publisher\":{\"@id\":\"https:\/\/www.alquera.com\/en\/#organization\"},\"potentialAction\":[{\"@type\":\"SearchAction\",\"target\":{\"@type\":\"EntryPoint\",\"urlTemplate\":\"https:\/\/www.alquera.com\/en\/?s={search_term_string}\"},\"query-input\":{\"@type\":\"PropertyValueSpecification\",\"valueRequired\":true,\"valueName\":\"search_term_string\"}}],\"inLanguage\":\"it-IT\"},{\"@type\":\"Organization\",\"@id\":\"https:\/\/www.alquera.com\/en\/#organization\",\"name\":\"ALQUERA CIENCIA SL\",\"url\":\"https:\/\/www.alquera.com\/en\/\",\"logo\":{\"@type\":\"ImageObject\",\"inLanguage\":\"it-IT\",\"@id\":\"https:\/\/www.alquera.com\/en\/#\/schema\/logo\/image\/\",\"url\":\"https:\/\/www.alquera.com\/wp-content\/uploads\/2020\/11\/logo_300_ancho.png\",\"contentUrl\":\"https:\/\/www.alquera.com\/wp-content\/uploads\/2020\/11\/logo_300_ancho.png\",\"width\":300,\"height\":86,\"caption\":\"ALQUERA CIENCIA SL\"},\"image\":{\"@id\":\"https:\/\/www.alquera.com\/en\/#\/schema\/logo\/image\/\"},\"sameAs\":[\"https:\/\/www.facebook.com\/alqueraciencia\",\"https:\/\/www.instagram.com\/alquera_ciencia\/\",\"https:\/\/www.youtube.com\/c\/alquera\"]}]}<\/script>\n<meta property=\"og:availability\" content=\"instock\" \/>\n<meta property=\"product:availability\" content=\"instock\" \/>\n<meta property=\"product:condition\" content=\"new\" \/>\n<!-- \/ Yoast SEO Premium plugin. -->","yoast_head_json":{"title":"Attivatore di melma: Acquistare online - Alquera.com","description":"SPEDIZIONI IN 24\/48 ORE. Uno dei passaggi pi\u00f9 importanti nella produzione di slime \u00e8 quello di avere un buon attivatore di slime. In formato da 500 ml.","robots":{"index":"index","follow":"follow","max-snippet":"max-snippet:-1","max-image-preview":"max-image-preview:large","max-video-preview":"max-video-preview:-1"},"canonical":"https:\/\/www.alquera.com\/it\/activador-para-slime\/","og_locale":"it_IT","og_type":"article","og_title":"Activador para Slime: Comprar Online - Alquera.com","og_description":"ENV\u00cdOS EN 24\/48H. Uno de los pasos m\u00e1s importantes en la realizaci\u00f3n del slime es contar con un buen activador de slime. En formato de 500ml.","og_url":"https:\/\/www.alquera.com\/it\/activador-para-slime\/","og_site_name":"Alquera.com","article_publisher":"https:\/\/www.facebook.com\/alqueraciencia","article_modified_time":"2025-04-09T08:20:18+00:00","og_image":[{"width":1208,"height":1328,"url":"https:\/\/www.alquera.com\/wp-content\/uploads\/2024\/11\/ACTIVADOR-PARA-SLIME.jpg","type":"image\/jpeg"}],"twitter_card":"summary_large_image","twitter_misc":{"Disponibilit\u00e0":"In stock"},"schema":{"@context":"https:\/\/schema.org","@graph":[{"@type":["WebPage","ItemPage"],"@id":"https:\/\/www.alquera.com\/activador-para-slime\/","url":"https:\/\/www.alquera.com\/activador-para-slime\/","name":"Attivatore di melma: Acquistare online - Alquera.com","isPartOf":{"@id":"https:\/\/www.alquera.com\/en\/#website"},"primaryImageOfPage":{"@id":"https:\/\/www.alquera.com\/activador-para-slime\/#primaryimage"},"image":{"@id":"https:\/\/www.alquera.com\/activador-para-slime\/#primaryimage"},"thumbnailUrl":"https:\/\/www.alquera.com\/wp-content\/uploads\/2024\/11\/ACTIVADOR-PARA-SLIME.jpg","datePublished":"2024-11-05T09:06:46+00:00","dateModified":"2025-04-09T08:20:18+00:00","description":"SPEDIZIONI IN 24\/48 ORE. Uno dei passaggi pi\u00f9 importanti nella produzione di slime \u00e8 quello di avere un buon attivatore di slime. In formato da 500 ml.","breadcrumb":{"@id":"https:\/\/www.alquera.com\/activador-para-slime\/#breadcrumb"},"inLanguage":"it-IT","potentialAction":[{"@type":"ReadAction","target":["https:\/\/www.alquera.com\/activador-para-slime\/"]}]},{"@type":"ImageObject","inLanguage":"it-IT","@id":"https:\/\/www.alquera.com\/activador-para-slime\/#primaryimage","url":"https:\/\/www.alquera.com\/wp-content\/uploads\/2024\/11\/ACTIVADOR-PARA-SLIME.jpg","contentUrl":"https:\/\/www.alquera.com\/wp-content\/uploads\/2024\/11\/ACTIVADOR-PARA-SLIME.jpg","width":1208,"height":1328,"caption":"ACTIVADOR PARA SLIME"},{"@type":"BreadcrumbList","@id":"https:\/\/www.alquera.com\/activador-para-slime\/#breadcrumb","itemListElement":[{"@type":"ListItem","position":1,"name":"Inicio","item":"https:\/\/www.alquera.com\/"},{"@type":"ListItem","position":2,"name":"Alquera.com: Tienda Online de Productos Qu\u00edmicos y Material de Laboratorio","item":"https:\/\/www.alquera.com\/en\/tienda\/"},{"@type":"ListItem","position":3,"name":"Activador para Slime"}]},{"@type":"WebSite","@id":"https:\/\/www.alquera.com\/en\/#website","url":"https:\/\/www.alquera.com\/en\/","name":"Alquera.com","description":"Negozio online di prodotti chimici e forniture di laboratorio","publisher":{"@id":"https:\/\/www.alquera.com\/en\/#organization"},"potentialAction":[{"@type":"SearchAction","target":{"@type":"EntryPoint","urlTemplate":"https:\/\/www.alquera.com\/en\/?s={search_term_string}"},"query-input":{"@type":"PropertyValueSpecification","valueRequired":true,"valueName":"search_term_string"}}],"inLanguage":"it-IT"},{"@type":"Organization","@id":"https:\/\/www.alquera.com\/en\/#organization","name":"ALQUERA CIENCIA SL","url":"https:\/\/www.alquera.com\/en\/","logo":{"@type":"ImageObject","inLanguage":"it-IT","@id":"https:\/\/www.alquera.com\/en\/#\/schema\/logo\/image\/","url":"https:\/\/www.alquera.com\/wp-content\/uploads\/2020\/11\/logo_300_ancho.png","contentUrl":"https:\/\/www.alquera.com\/wp-content\/uploads\/2020\/11\/logo_300_ancho.png","width":300,"height":86,"caption":"ALQUERA CIENCIA SL"},"image":{"@id":"https:\/\/www.alquera.com\/en\/#\/schema\/logo\/image\/"},"sameAs":["https:\/\/www.facebook.com\/alqueraciencia","https:\/\/www.instagram.com\/alquera_ciencia\/","https:\/\/www.youtube.com\/c\/alquera"]}]},"og_availability":"instock","product_availability":"instock","product_condition":"new"},"_links":{"self":[{"href":"https:\/\/www.alquera.com\/it\/wp-json\/wp\/v2\/product\/49790","targetHints":{"allow":["GET"]}}],"collection":[{"href":"https:\/\/www.alquera.com\/it\/wp-json\/wp\/v2\/product"}],"about":[{"href":"https:\/\/www.alquera.com\/it\/wp-json\/wp\/v2\/types\/product"}],"replies":[{"embeddable":true,"href":"https:\/\/www.alquera.com\/it\/wp-json\/wp\/v2\/comments?post=49790"}],"wp:featuredmedia":[{"embeddable":true,"href":"https:\/\/www.alquera.com\/it\/wp-json\/wp\/v2\/media\/49792"}],"wp:attachment":[{"href":"https:\/\/www.alquera.com\/it\/wp-json\/wp\/v2\/media?parent=49790"}],"wp:term":[{"taxonomy":"product_brand","embeddable":true,"href":"https:\/\/www.alquera.com\/it\/wp-json\/wp\/v2\/product_brand?post=49790"},{"taxonomy":"product_cat","embeddable":true,"href":"https:\/\/www.alquera.com\/it\/wp-json\/wp\/v2\/product_cat?post=49790"},{"taxonomy":"product_tag","embeddable":true,"href":"https:\/\/www.alquera.com\/it\/wp-json\/wp\/v2\/product_tag?post=49790"}],"curies":[{"name":"wp","href":"https:\/\/api.w.org\/{rel}","templated":true}]}}