{"id":501,"date":"2016-02-09T10:35:21","date_gmt":"2016-02-09T10:35:21","guid":{"rendered":"http:\/\/localhost\/alquera\/productos\/producto\/poliacrilamida-1kg\/"},"modified":"2026-04-26T12:12:11","modified_gmt":"2026-04-26T12:12:11","slug":"poliacrilamida","status":"publish","type":"product","link":"https:\/\/www.alquera.com\/it\/poliacrilamida\/","title":{"rendered":"Poliacrilammide (anionica)"},"content":{"rendered":"<p><strong>Poliacrilammide anionica in polvere<\/strong><\/p>\n<ul>\n<li>Aspetto Solido granulare bianco.<\/li>\n<li>Carattere ionico Anionico.<\/li>\n<li>Ionicit\u00e0 media.<\/li>\n<li>Densit\u00e0 ~ 0,80 g\/cm3.<\/li>\n<li>Viscosit\u00e0 a 0,1% 100-150 cp.<\/li>\n<li>Solidi &gt;85%.<\/li>\n<li>Peso molecolare molto elevato.<\/li>\n<\/ul>\n<h2><strong>VANTAGGI DELLA POLIACRILAMMIDE COME FLOCCULANTE<\/strong><\/h2>\n<p><strong>Flocculante universale<\/strong> per la rimozione delle sostanze in sospensione. \u00c8 efficace in un ampio intervallo di pH (6-14). La poliacrilammide pu\u00f2 funzionare da sola o in combinazione con altri prodotti comuni per il trattamento delle acque, quali: <a href=\"https:\/\/www.alquera.com\/it\/sulfato-de-aluminio\/\">solfato di allumina<\/a>cloruro di polivinile, cloruro di polivinile, poliammide, cloruro di alluminio, cloruro ferrico, poliammina, calce, ecc.<\/p>\n<p>Viene utilizzato con successo in numerosi settori industriali come: industria chimica, industria tessile, industria conciaria. Anche nell'industria delle vernici, nell'industria petrolifera, nell'industria del lavaggio, nell'industria alimentare e nei macelli, nell'industria metallurgica e galvanica. \u00c8 adatto per applicazioni con un elevato consumo di flocculanti. \u00c8 un prodotto privo di solventi e tensioattivi, con un contenuto molto basso di composti organici volatili.<\/p>\n<h2><strong>PREPARAZIONE E DOSAGGIO<\/strong><\/h2>\n<p>Si consiglia di preparare soluzioni a una concentrazione compresa tra 0,1% e 0,5%. Per una corretta dissoluzione, si consiglia di utilizzare un dosatore a effetto venturi per disperdere efficacemente il prodotto in acqua. Dopo i primi minuti di forte agitazione, saranno necessari 45-60 minuti di agitazione lenta per completare la dissoluzione.<\/p>\n<p>La stabilit\u00e0 della soluzione del prodotto dipende da vari fattori (qualit\u00e0 dell'acqua utilizzata, pH, temperatura, concentrazione, ecc.) Si raccomanda di preparare la soluzione e di consumarla entro poche ore. Una perdita di viscosit\u00e0 della soluzione indica che la soluzione \u00e8 degradata. In questa situazione la soluzione \u00e8 ancora utile, anche se ora deve essere sovradosata per ottenere l'effetto desiderato.<\/p>\n<p>Il punto di dosaggio ottimale dipende dall'applicazione e deve essere determinato in loco.<\/p>","protected":false},"excerpt":{"rendered":"<p>Acquistate la Poliacrilammide da piccole confezioni da 1Kg a sacchi da 25Kg. Il prezzo dei diversi formati di Poliacrilammide \u00e8 visibile quando si seleziona il formato desiderato. L'ordine viene effettuato direttamente via web seguendo i passaggi indicati, con consegna in 4\/5 giorni.<\/p>","protected":false},"featured_media":52313,"comment_status":"open","ping_status":"closed","template":"","meta":{"_acf_changed":false,"site-sidebar-layout":"default","site-content-layout":"default","ast-site-content-layout":"default","site-content-style":"default","site-sidebar-style":"default","ast-global-header-display":"","ast-banner-title-visibility":"","ast-main-header-display":"","ast-hfb-above-header-display":"","ast-hfb-below-header-display":"","ast-hfb-mobile-header-display":"","site-post-title":"","ast-breadcrumbs-content":"","ast-featured-img":"","footer-sml-layout":"","ast-disable-related-posts":"","theme-transparent-header-meta":"default","adv-header-id-meta":"","stick-header-meta":"default","header-above-stick-meta":"","header-main-stick-meta":"","header-below-stick-meta":"","astra-migrate-meta-layouts":"set","ast-page-background-enabled":"default","ast-page-background-meta":{"desktop":{"background-color":"var(--ast-global-color-4)","background-image":"","background-repeat":"repeat","background-position":"center center","background-size":"auto","background-attachment":"scroll","background-type":"","background-media":"","overlay-type":"","overlay-color":"","overlay-opacity":"","overlay-gradient":""},"tablet":{"background-color":"","background-image":"","background-repeat":"repeat","background-position":"center center","background-size":"auto","background-attachment":"scroll","background-type":"","background-media":"","overlay-type":"","overlay-color":"","overlay-opacity":"","overlay-gradient":""},"mobile":{"background-color":"","background-image":"","background-repeat":"repeat","background-position":"center center","background-size":"auto","background-attachment":"scroll","background-type":"","background-media":"","overlay-type":"","overlay-color":"","overlay-opacity":"","overlay-gradient":""}},"ast-content-background-meta":{"desktop":{"background-color":"var(--ast-global-color-5)","background-image":"","background-repeat":"repeat","background-position":"center center","background-size":"auto","background-attachment":"scroll","background-type":"","background-media":"","overlay-type":"","overlay-color":"","overlay-opacity":"","overlay-gradient":""},"tablet":{"background-color":"var(--ast-global-color-5)","background-image":"","background-repeat":"repeat","background-position":"center center","background-size":"auto","background-attachment":"scroll","background-type":"","background-media":"","overlay-type":"","overlay-color":"","overlay-opacity":"","overlay-gradient":""},"mobile":{"background-color":"var(--ast-global-color-5)","background-image":"","background-repeat":"repeat","background-position":"center center","background-size":"auto","background-attachment":"scroll","background-type":"","background-media":"","overlay-type":"","overlay-color":"","overlay-opacity":"","overlay-gradient":""}}},"product_brand":[],"product_cat":[270,214],"product_tag":[],"class_list":{"0":"post-501","1":"product","2":"type-product","3":"status-publish","4":"has-post-thumbnail","6":"product_cat-productos-piscinas","7":"product_cat-polimeros-super-absorbentes","8":"pa_cantidad-3kg","9":"pa_cantidad-1kg","10":"pa_cantidad-25kg","11":"desktop-align-left","12":"tablet-align-left","13":"mobile-align-left","14":"ast-product-gallery-layout-horizontal-slider","15":"ast-magnify-disabled","16":"ast-product-single-variable","17":"ast-product-tabs-layout-horizontal","18":"ast-qv-on-image","20":"first","21":"instock","22":"taxable","23":"shipping-taxable","24":"purchasable","25":"product-type-variable","26":"has-default-attributes"},"acf":[],"yoast_head":"<!-- This site is optimized with the Yoast SEO Premium plugin v27.1 (Yoast SEO v27.1.1) - https:\/\/yoast.com\/product\/yoast-seo-premium-wordpress\/ -->\n<title>Comprar Poliacrilamida (Ani\u00f3nica) - Alquera.com<\/title>\n<meta name=\"description\" content=\"ENV\u00cdOS EN 24\/48H. Comprar Poliacrilamida. Floculante universal para eliminaci\u00f3n de materia en suspensi\u00f3n. Amplio rango de pH (6 - 14).\" \/>\n<meta name=\"robots\" content=\"index, follow, max-snippet:-1, max-image-preview:large, max-video-preview:-1\" \/>\n<link rel=\"canonical\" href=\"https:\/\/www.alquera.com\/it\/poliacrilamida\/\" \/>\n<meta property=\"og:locale\" content=\"it_IT\" \/>\n<meta property=\"og:type\" content=\"article\" \/>\n<meta property=\"og:title\" content=\"Poliacrilamida (Ani\u00f3nica): Comprar Online - Alquera.com\" \/>\n<meta property=\"og:description\" content=\"ENV\u00cdOS EN 24\/48H. Comprar Poliacrilamida. Floculante universal para eliminaci\u00f3n de materia en suspensi\u00f3n. Amplio rango de pH (6 - 14).\" \/>\n<meta property=\"og:url\" content=\"https:\/\/www.alquera.com\/it\/poliacrilamida\/\" \/>\n<meta property=\"og:site_name\" content=\"Alquera.com\" \/>\n<meta property=\"article:publisher\" content=\"https:\/\/www.facebook.com\/alqueraciencia\" \/>\n<meta property=\"article:modified_time\" content=\"2026-04-26T12:12:11+00:00\" \/>\n<meta property=\"og:image\" content=\"https:\/\/www.alquera.com\/wp-content\/uploads\/2016\/02\/poliacrilamida-anionica-938x1024.png\" \/>\n\t<meta property=\"og:image:width\" content=\"938\" \/>\n\t<meta property=\"og:image:height\" content=\"1024\" \/>\n\t<meta property=\"og:image:type\" content=\"image\/png\" \/>\n<meta name=\"twitter:card\" content=\"summary_large_image\" \/>\n<meta name=\"twitter:label1\" content=\"Disponibilit\u00e0\" \/>\n\t<meta name=\"twitter:data1\" content=\"In stock\" \/>\n<script type=\"application\/ld+json\" class=\"yoast-schema-graph\">{\"@context\":\"https:\/\/schema.org\",\"@graph\":[{\"@type\":[\"WebPage\",\"ItemPage\"],\"@id\":\"https:\/\/www.alquera.com\/poliacrilamida\/\",\"url\":\"https:\/\/www.alquera.com\/poliacrilamida\/\",\"name\":\"Comprar Poliacrilamida (Ani\u00f3nica) - Alquera.com\",\"isPartOf\":{\"@id\":\"https:\/\/www.alquera.com\/en\/#website\"},\"primaryImageOfPage\":{\"@id\":\"https:\/\/www.alquera.com\/poliacrilamida\/#primaryimage\"},\"image\":{\"@id\":\"https:\/\/www.alquera.com\/poliacrilamida\/#primaryimage\"},\"thumbnailUrl\":\"https:\/\/www.alquera.com\/wp-content\/uploads\/2016\/02\/poliacrilamida-anionica.png\",\"datePublished\":\"2016-02-09T10:35:21+00:00\",\"dateModified\":\"2026-04-26T12:12:11+00:00\",\"description\":\"ENV\u00cdOS EN 24\/48H. Comprar Poliacrilamida. Floculante universal para eliminaci\u00f3n de materia en suspensi\u00f3n. Amplio rango de pH (6 - 14).\",\"breadcrumb\":{\"@id\":\"https:\/\/www.alquera.com\/poliacrilamida\/#breadcrumb\"},\"inLanguage\":\"it-IT\",\"potentialAction\":[{\"@type\":\"ReadAction\",\"target\":[\"https:\/\/www.alquera.com\/poliacrilamida\/\"]}]},{\"@type\":\"ImageObject\",\"inLanguage\":\"it-IT\",\"@id\":\"https:\/\/www.alquera.com\/poliacrilamida\/#primaryimage\",\"url\":\"https:\/\/www.alquera.com\/wp-content\/uploads\/2016\/02\/poliacrilamida-anionica.png\",\"contentUrl\":\"https:\/\/www.alquera.com\/wp-content\/uploads\/2016\/02\/poliacrilamida-anionica.png\",\"width\":2054,\"height\":2243,\"caption\":\"poliacrilamida anionica\"},{\"@type\":\"BreadcrumbList\",\"@id\":\"https:\/\/www.alquera.com\/poliacrilamida\/#breadcrumb\",\"itemListElement\":[{\"@type\":\"ListItem\",\"position\":1,\"name\":\"Inicio\",\"item\":\"https:\/\/www.alquera.com\/\"},{\"@type\":\"ListItem\",\"position\":2,\"name\":\"Alquera.com: Tienda Online de Productos Qu\u00edmicos y Material de Laboratorio\",\"item\":\"https:\/\/www.alquera.com\/en\/tienda\/\"},{\"@type\":\"ListItem\",\"position\":3,\"name\":\"Poliacrilamida (Ani\u00f3nica)\"}]},{\"@type\":\"WebSite\",\"@id\":\"https:\/\/www.alquera.com\/en\/#website\",\"url\":\"https:\/\/www.alquera.com\/en\/\",\"name\":\"Alquera.com\",\"description\":\"Tienda Online Productos Qu\u00edmicos y Material de Laboratorio\",\"publisher\":{\"@id\":\"https:\/\/www.alquera.com\/en\/#organization\"},\"potentialAction\":[{\"@type\":\"SearchAction\",\"target\":{\"@type\":\"EntryPoint\",\"urlTemplate\":\"https:\/\/www.alquera.com\/en\/?s={search_term_string}\"},\"query-input\":{\"@type\":\"PropertyValueSpecification\",\"valueRequired\":true,\"valueName\":\"search_term_string\"}}],\"inLanguage\":\"it-IT\"},{\"@type\":\"Organization\",\"@id\":\"https:\/\/www.alquera.com\/en\/#organization\",\"name\":\"ALQUERA CIENCIA SL\",\"url\":\"https:\/\/www.alquera.com\/en\/\",\"logo\":{\"@type\":\"ImageObject\",\"inLanguage\":\"it-IT\",\"@id\":\"https:\/\/www.alquera.com\/en\/#\/schema\/logo\/image\/\",\"url\":\"https:\/\/www.alquera.com\/wp-content\/uploads\/2020\/11\/logo_300_ancho.png\",\"contentUrl\":\"https:\/\/www.alquera.com\/wp-content\/uploads\/2020\/11\/logo_300_ancho.png\",\"width\":300,\"height\":86,\"caption\":\"ALQUERA CIENCIA SL\"},\"image\":{\"@id\":\"https:\/\/www.alquera.com\/en\/#\/schema\/logo\/image\/\"},\"sameAs\":[\"https:\/\/www.facebook.com\/alqueraciencia\",\"https:\/\/www.instagram.com\/alquera_ciencia\/\",\"https:\/\/www.youtube.com\/c\/alquera\"]}]}<\/script>\n<meta property=\"og:availability\" content=\"instock\" \/>\n<meta property=\"product:availability\" content=\"instock\" \/>\n<meta property=\"product:retailer_item_id\" content=\"ALS100121\" \/>\n<meta property=\"product:condition\" content=\"new\" \/>\n<!-- \/ Yoast SEO Premium plugin. -->","yoast_head_json":{"title":"Acquistare Poliacrilammide (anionica) - Alquera.com","description":"SPEDIZIONE IN 24\/48 ORE. Acquistare Poliacrilammide. Flocculante universale per la rimozione delle sostanze in sospensione. Ampio intervallo di pH (6 - 14).","robots":{"index":"index","follow":"follow","max-snippet":"max-snippet:-1","max-image-preview":"max-image-preview:large","max-video-preview":"max-video-preview:-1"},"canonical":"https:\/\/www.alquera.com\/it\/poliacrilamida\/","og_locale":"it_IT","og_type":"article","og_title":"Poliacrilamida (Ani\u00f3nica): Comprar Online - Alquera.com","og_description":"ENV\u00cdOS EN 24\/48H. Comprar Poliacrilamida. Floculante universal para eliminaci\u00f3n de materia en suspensi\u00f3n. Amplio rango de pH (6 - 14).","og_url":"https:\/\/www.alquera.com\/it\/poliacrilamida\/","og_site_name":"Alquera.com","article_publisher":"https:\/\/www.facebook.com\/alqueraciencia","article_modified_time":"2026-04-26T12:12:11+00:00","og_image":[{"width":938,"height":1024,"url":"https:\/\/www.alquera.com\/wp-content\/uploads\/2016\/02\/poliacrilamida-anionica-938x1024.png","type":"image\/png"}],"twitter_card":"summary_large_image","twitter_misc":{"Disponibilit\u00e0":"In stock"},"schema":{"@context":"https:\/\/schema.org","@graph":[{"@type":["WebPage","ItemPage"],"@id":"https:\/\/www.alquera.com\/poliacrilamida\/","url":"https:\/\/www.alquera.com\/poliacrilamida\/","name":"Acquistare Poliacrilammide (anionica) - Alquera.com","isPartOf":{"@id":"https:\/\/www.alquera.com\/en\/#website"},"primaryImageOfPage":{"@id":"https:\/\/www.alquera.com\/poliacrilamida\/#primaryimage"},"image":{"@id":"https:\/\/www.alquera.com\/poliacrilamida\/#primaryimage"},"thumbnailUrl":"https:\/\/www.alquera.com\/wp-content\/uploads\/2016\/02\/poliacrilamida-anionica.png","datePublished":"2016-02-09T10:35:21+00:00","dateModified":"2026-04-26T12:12:11+00:00","description":"SPEDIZIONE IN 24\/48 ORE. Acquistare Poliacrilammide. Flocculante universale per la rimozione delle sostanze in sospensione. Ampio intervallo di pH (6 - 14).","breadcrumb":{"@id":"https:\/\/www.alquera.com\/poliacrilamida\/#breadcrumb"},"inLanguage":"it-IT","potentialAction":[{"@type":"ReadAction","target":["https:\/\/www.alquera.com\/poliacrilamida\/"]}]},{"@type":"ImageObject","inLanguage":"it-IT","@id":"https:\/\/www.alquera.com\/poliacrilamida\/#primaryimage","url":"https:\/\/www.alquera.com\/wp-content\/uploads\/2016\/02\/poliacrilamida-anionica.png","contentUrl":"https:\/\/www.alquera.com\/wp-content\/uploads\/2016\/02\/poliacrilamida-anionica.png","width":2054,"height":2243,"caption":"poliacrilamida anionica"},{"@type":"BreadcrumbList","@id":"https:\/\/www.alquera.com\/poliacrilamida\/#breadcrumb","itemListElement":[{"@type":"ListItem","position":1,"name":"Inicio","item":"https:\/\/www.alquera.com\/"},{"@type":"ListItem","position":2,"name":"Alquera.com: Tienda Online de Productos Qu\u00edmicos y Material de Laboratorio","item":"https:\/\/www.alquera.com\/en\/tienda\/"},{"@type":"ListItem","position":3,"name":"Poliacrilamida (Ani\u00f3nica)"}]},{"@type":"WebSite","@id":"https:\/\/www.alquera.com\/en\/#website","url":"https:\/\/www.alquera.com\/en\/","name":"Alquera.com","description":"Negozio online di prodotti chimici e forniture di laboratorio","publisher":{"@id":"https:\/\/www.alquera.com\/en\/#organization"},"potentialAction":[{"@type":"SearchAction","target":{"@type":"EntryPoint","urlTemplate":"https:\/\/www.alquera.com\/en\/?s={search_term_string}"},"query-input":{"@type":"PropertyValueSpecification","valueRequired":true,"valueName":"search_term_string"}}],"inLanguage":"it-IT"},{"@type":"Organization","@id":"https:\/\/www.alquera.com\/en\/#organization","name":"ALQUERA CIENCIA SL","url":"https:\/\/www.alquera.com\/en\/","logo":{"@type":"ImageObject","inLanguage":"it-IT","@id":"https:\/\/www.alquera.com\/en\/#\/schema\/logo\/image\/","url":"https:\/\/www.alquera.com\/wp-content\/uploads\/2020\/11\/logo_300_ancho.png","contentUrl":"https:\/\/www.alquera.com\/wp-content\/uploads\/2020\/11\/logo_300_ancho.png","width":300,"height":86,"caption":"ALQUERA CIENCIA SL"},"image":{"@id":"https:\/\/www.alquera.com\/en\/#\/schema\/logo\/image\/"},"sameAs":["https:\/\/www.facebook.com\/alqueraciencia","https:\/\/www.instagram.com\/alquera_ciencia\/","https:\/\/www.youtube.com\/c\/alquera"]}]},"og_availability":"instock","product_availability":"instock","product_retailer_item_id":"ALS100121","product_condition":"new"},"_links":{"self":[{"href":"https:\/\/www.alquera.com\/it\/wp-json\/wp\/v2\/product\/501","targetHints":{"allow":["GET"]}}],"collection":[{"href":"https:\/\/www.alquera.com\/it\/wp-json\/wp\/v2\/product"}],"about":[{"href":"https:\/\/www.alquera.com\/it\/wp-json\/wp\/v2\/types\/product"}],"replies":[{"embeddable":true,"href":"https:\/\/www.alquera.com\/it\/wp-json\/wp\/v2\/comments?post=501"}],"wp:featuredmedia":[{"embeddable":true,"href":"https:\/\/www.alquera.com\/it\/wp-json\/wp\/v2\/media\/52313"}],"wp:attachment":[{"href":"https:\/\/www.alquera.com\/it\/wp-json\/wp\/v2\/media?parent=501"}],"wp:term":[{"taxonomy":"product_brand","embeddable":true,"href":"https:\/\/www.alquera.com\/it\/wp-json\/wp\/v2\/product_brand?post=501"},{"taxonomy":"product_cat","embeddable":true,"href":"https:\/\/www.alquera.com\/it\/wp-json\/wp\/v2\/product_cat?post=501"},{"taxonomy":"product_tag","embeddable":true,"href":"https:\/\/www.alquera.com\/it\/wp-json\/wp\/v2\/product_tag?post=501"}],"curies":[{"name":"wp","href":"https:\/\/api.w.org\/{rel}","templated":true}]}}