{"id":542,"date":"2016-03-01T10:40:06","date_gmt":"2016-03-01T10:40:06","guid":{"rendered":"http:\/\/localhost\/alquera\/productos\/producto\/hidrogel-1kg\/"},"modified":"2026-02-23T16:12:59","modified_gmt":"2026-02-23T16:12:59","slug":"hidrogel","status":"publish","type":"product","link":"https:\/\/www.alquera.com\/it\/hidrogel\/","title":{"rendered":"Idrogel per Piante"},"content":{"rendered":"<p>L'idrogel \u00e8 un dispositivo di ritenzione idrica. \u00c8 costituito da un polimero superassorbente chiamato poliacrilato di potassio. Un polimero superassorbente \u00e8 un materiale che ha la capacit\u00e0 di assorbire grandi quantit\u00e0 di acqua e di rilasciarla poi lentamente. L'idrogel appartiene a questo tipo di materiale. \u00c8 un materiale che si presenta asciutto e sotto forma di cristalli bianchi di 1-2 mm di dimensione. Il suo utilizzo principale \u00e8 in agricoltura. \u00c8 noto anche come pioggia solida, trattenitore d'acqua, poliacrilato di potassio, gel d'acqua, cristalli d'acqua.<\/p>\n<h2>IDENTIFICAZIONE E PROPRIET\u00c0<\/h2>\n<p><strong>Nome:<\/strong> Idrogel per piante. Poliacrilato di potassio.<br \/>\n<strong>CAS:<\/strong> 25608-12-2<\/p>\n<p>Aspetto: polvere o cristalli<br \/>\nVedi <a href=\"https:\/\/www.alquera.com\/it\/hidrogel\/propiedades\/\" target=\"_blank\" rel=\"noopener noreferrer\">propriet\u00e0 fisico-chimiche idrogel per piante.<\/a><\/p>\n<h2>GRANULOMETRIA DELL'IDROGEL VEGETALE<\/h2>\n<p>Grana fine: dimensione del secco compresa tra 0,8 e 1,2 mm.<br \/>\nGrana media: dimensioni a secco tra 1,2 e 1,8 mm. Idratati hanno una dimensione irregolare in cristalli di 10-20 mm.<\/p>\n<p>\u00c8 possibile scegliere una granulometria secca di 0,8-1,2 mm o di 1,2-2 mm. Le caratteristiche tecniche di entrambi sono le stesse, la granulometria pi\u00f9 piccola \u00e8 destinata a piante o piantine pi\u00f9 piccole.<\/p>\n<h2>ASSORBIMENTO DELL'IDROGEL<\/h2>\n<p>L'idrogel che trovate da Alquera \u00e8 disponibile in forma secca. Indipendentemente dalla granulometria, l'idrogel assorbe fino a 300 volte il suo peso in acqua.<\/p>\n<ul>\n<li>3,3 grammi assorbono 1 litro d'acqua<\/li>\n<li>1 kg assorbe 303 litri d'acqua.<\/li>\n<li>5Kg assorbono 1515L di acqua<\/li>\n<li>20Kg assorbono 6060 L di acqua<\/li>\n<\/ul>\n<h2>VANTAGGI NELL'USO DELL'IDROGEL<\/h2>\n<p>Con l'applicazione dell'idrogel si ottengono i seguenti vantaggi:<\/p>\n<ul>\n<li>Migliorare la semina, migliorando il tasso di germinazione dei semi e il tasso di sopravvivenza delle piantine al trapianto.<\/li>\n<li>Radici: favorisce lo sviluppo delle radici, aumentando la resistenza alle malattie.<\/li>\n<li>Risparmio idrico: aumenta le riserve idriche del terreno.<\/li>\n<li>Permeabilit\u00e0 del suolo: migliore utilizzo della sostanza organica del suolo<\/li>\n<li>Concimazione: ridurre le perdite di fertilizzante<\/li>\n<\/ul>\n<p>Guarda il video: <a href=\"https:\/\/www.youtube.com\/watch?v=mxRaAunpiN4&amp;feature=youtu.be\" target=\"_blank\" rel=\"noopener noreferrer\">Ritenzione idrica per pavimenti in idrogel.<\/a><\/p>\n<h2>APPLICAZIONE DEL POLIACRILATO DI POTASSIO<\/h2>\n<p>L'idrogel \u00e8 applicabile praticamente in tutte le situazioni in cui \u00e8 necessaria l'acqua. In questo dossier sono riportate le quantit\u00e0 e le dosi di applicazione dell'idrogel-&gt;.<a href=\"https:\/\/www.alquera.com\/wp-content\/uploads\/2016\/03\/DOSSIER-POLIACRILATO-DE-POTASIO.pdf\" target=\"_blank\" rel=\"noopener noreferrer\">Si veda il Dossier tecnico Applicazione dell'idrogel.<\/a><\/p>\n<p>In questo dossier troverete informazioni in base all'utilizzo:<\/p>\n<ul>\n<li>Per vasi e semenzai, il dosaggio \u00e8 di 1,5-3Kg\/m3 (1,5-3Kg di idrogel secco per m3 di substrato), cio\u00e8 1,5-3g\/litro.<\/li>\n<li>Per il mantenimento delle radici per il trapianto.<\/li>\n<li>Trapianto di alberi e arbusti. Vedere il dosaggio e l'applicazione nella sezione<\/li>\n<li>Richiesta di alberi gi\u00e0 piantati.<\/li>\n<li>Applicazione per alberi da frutto.<\/li>\n<li>Applicazione su tappeto erboso e zolla di terra.<\/li>\n<li>Applicazione su terreno strutturale misto a ghiaia e terra.<\/li>\n<\/ul>\n<p>&nbsp;<\/p>","protected":false},"excerpt":{"rendered":"<p>Su Alquera \u00e8 possibile acquistare facilmente l'idrogel, dalle piccole confezioni da 200 grammi ai sacchi da 20 kg. Selezionando il formato desiderato, \u00e8 possibile visualizzare il prezzo dei diversi formati di idrogel. L'ordine viene effettuato direttamente via web seguendo i passaggi indicati e la consegna avviene in 4\/5 giorni.<\/p>","protected":false},"featured_media":540,"comment_status":"open","ping_status":"closed","template":"","meta":{"_acf_changed":false,"site-sidebar-layout":"default","site-content-layout":"default","ast-site-content-layout":"default","site-content-style":"default","site-sidebar-style":"default","ast-global-header-display":"","ast-banner-title-visibility":"","ast-main-header-display":"","ast-hfb-above-header-display":"","ast-hfb-below-header-display":"","ast-hfb-mobile-header-display":"","site-post-title":"","ast-breadcrumbs-content":"","ast-featured-img":"","footer-sml-layout":"","ast-disable-related-posts":"","theme-transparent-header-meta":"default","adv-header-id-meta":"","stick-header-meta":"default","header-above-stick-meta":"","header-main-stick-meta":"","header-below-stick-meta":"","astra-migrate-meta-layouts":"set","ast-page-background-enabled":"default","ast-page-background-meta":{"desktop":{"background-color":"var(--ast-global-color-4)","background-image":"","background-repeat":"repeat","background-position":"center center","background-size":"auto","background-attachment":"scroll","background-type":"","background-media":"","overlay-type":"","overlay-color":"","overlay-opacity":"","overlay-gradient":""},"tablet":{"background-color":"","background-image":"","background-repeat":"repeat","background-position":"center center","background-size":"auto","background-attachment":"scroll","background-type":"","background-media":"","overlay-type":"","overlay-color":"","overlay-opacity":"","overlay-gradient":""},"mobile":{"background-color":"","background-image":"","background-repeat":"repeat","background-position":"center center","background-size":"auto","background-attachment":"scroll","background-type":"","background-media":"","overlay-type":"","overlay-color":"","overlay-opacity":"","overlay-gradient":""}},"ast-content-background-meta":{"desktop":{"background-color":"var(--ast-global-color-5)","background-image":"","background-repeat":"repeat","background-position":"center center","background-size":"auto","background-attachment":"scroll","background-type":"","background-media":"","overlay-type":"","overlay-color":"","overlay-opacity":"","overlay-gradient":""},"tablet":{"background-color":"var(--ast-global-color-5)","background-image":"","background-repeat":"repeat","background-position":"center center","background-size":"auto","background-attachment":"scroll","background-type":"","background-media":"","overlay-type":"","overlay-color":"","overlay-opacity":"","overlay-gradient":""},"mobile":{"background-color":"var(--ast-global-color-5)","background-image":"","background-repeat":"repeat","background-position":"center center","background-size":"auto","background-attachment":"scroll","background-type":"","background-media":"","overlay-type":"","overlay-color":"","overlay-opacity":"","overlay-gradient":""}}},"product_brand":[],"product_cat":[214],"product_tag":[],"class_list":{"0":"post-542","1":"product","2":"type-product","3":"status-publish","4":"has-post-thumbnail","6":"product_cat-polimeros-super-absorbentes","7":"pa_cantidad-200g","8":"pa_cantidad-1kg","9":"pa_cantidad-5kg","10":"pa_cantidad-20kg","11":"desktop-align-left","12":"tablet-align-left","13":"mobile-align-left","14":"ast-product-gallery-layout-horizontal-slider","15":"ast-magnify-disabled","16":"ast-product-single-variable","17":"ast-product-tabs-layout-horizontal","18":"ast-qv-on-image","20":"first","21":"instock","22":"taxable","23":"shipping-taxable","24":"purchasable","25":"product-type-variable","26":"has-default-attributes"},"acf":[],"yoast_head":"<!-- This site is optimized with the Yoast SEO Premium plugin v27.1 (Yoast SEO v27.1.1) - https:\/\/yoast.com\/product\/yoast-seo-premium-wordpress\/ -->\n<title>Hidrogel para Plantas: Comprar Online - Alquera.com<\/title>\n<meta name=\"description\" content=\"ENV\u00cdOS EN 24\/48H. Comprar Hidrogel para plantas. Absorbe hasta 300 veces su peso en agua. Utilizado para ahorro de tiempo y costes de riego.\" \/>\n<meta name=\"robots\" content=\"index, follow, max-snippet:-1, max-image-preview:large, max-video-preview:-1\" \/>\n<link rel=\"canonical\" href=\"https:\/\/www.alquera.com\/it\/hidrogel\/\" \/>\n<meta property=\"og:locale\" content=\"it_IT\" \/>\n<meta property=\"og:type\" content=\"article\" \/>\n<meta property=\"og:title\" content=\"Hidrogel para Plantas: Comprar Online - Alquera.com\" \/>\n<meta property=\"og:description\" content=\"ENV\u00cdOS EN 24\/48H. Comprar Hidrogel para plantas. Absorbe hasta 300 veces su peso en agua. Utilizado para ahorro de tiempo y costes de riego.\" \/>\n<meta property=\"og:url\" content=\"https:\/\/www.alquera.com\/it\/hidrogel\/\" \/>\n<meta property=\"og:site_name\" content=\"Alquera.com\" \/>\n<meta property=\"article:publisher\" content=\"https:\/\/www.facebook.com\/alqueraciencia\" \/>\n<meta property=\"article:modified_time\" content=\"2026-02-23T16:12:59+00:00\" \/>\n<meta property=\"og:image\" content=\"https:\/\/www.alquera.com\/wp-content\/uploads\/2016\/03\/1039-thickbox_default-Hidrogel-1Kg.jpg\" \/>\n\t<meta property=\"og:image:width\" content=\"800\" \/>\n\t<meta property=\"og:image:height\" content=\"800\" \/>\n\t<meta property=\"og:image:type\" content=\"image\/jpeg\" \/>\n<meta name=\"twitter:card\" content=\"summary_large_image\" \/>\n<meta name=\"twitter:label1\" content=\"Disponibilit\u00e0\" \/>\n\t<meta name=\"twitter:data1\" content=\"In stock\" \/>\n<script type=\"application\/ld+json\" class=\"yoast-schema-graph\">{\"@context\":\"https:\/\/schema.org\",\"@graph\":[{\"@type\":[\"WebPage\",\"ItemPage\"],\"@id\":\"https:\/\/www.alquera.com\/hidrogel\/\",\"url\":\"https:\/\/www.alquera.com\/hidrogel\/\",\"name\":\"Hidrogel para Plantas: Comprar Online - Alquera.com\",\"isPartOf\":{\"@id\":\"https:\/\/www.alquera.com\/en\/#website\"},\"primaryImageOfPage\":{\"@id\":\"https:\/\/www.alquera.com\/hidrogel\/#primaryimage\"},\"image\":{\"@id\":\"https:\/\/www.alquera.com\/hidrogel\/#primaryimage\"},\"thumbnailUrl\":\"https:\/\/www.alquera.com\/wp-content\/uploads\/2016\/03\/1039-thickbox_default-Hidrogel-1Kg.jpg\",\"datePublished\":\"2016-03-01T10:40:06+00:00\",\"dateModified\":\"2026-02-23T16:12:59+00:00\",\"description\":\"ENV\u00cdOS EN 24\/48H. Comprar Hidrogel para plantas. Absorbe hasta 300 veces su peso en agua. Utilizado para ahorro de tiempo y costes de riego.\",\"breadcrumb\":{\"@id\":\"https:\/\/www.alquera.com\/hidrogel\/#breadcrumb\"},\"inLanguage\":\"it-IT\",\"potentialAction\":[{\"@type\":\"ReadAction\",\"target\":[\"https:\/\/www.alquera.com\/hidrogel\/\"]}]},{\"@type\":\"ImageObject\",\"inLanguage\":\"it-IT\",\"@id\":\"https:\/\/www.alquera.com\/hidrogel\/#primaryimage\",\"url\":\"https:\/\/www.alquera.com\/wp-content\/uploads\/2016\/03\/1039-thickbox_default-Hidrogel-1Kg.jpg\",\"contentUrl\":\"https:\/\/www.alquera.com\/wp-content\/uploads\/2016\/03\/1039-thickbox_default-Hidrogel-1Kg.jpg\",\"width\":800,\"height\":800,\"caption\":\"Comprar Hidrogel. Hidrogel para plantas\"},{\"@type\":\"BreadcrumbList\",\"@id\":\"https:\/\/www.alquera.com\/hidrogel\/#breadcrumb\",\"itemListElement\":[{\"@type\":\"ListItem\",\"position\":1,\"name\":\"Inicio\",\"item\":\"https:\/\/www.alquera.com\/\"},{\"@type\":\"ListItem\",\"position\":2,\"name\":\"Alquera.com: Tienda Online de Productos Qu\u00edmicos y Material de Laboratorio\",\"item\":\"https:\/\/www.alquera.com\/en\/tienda\/\"},{\"@type\":\"ListItem\",\"position\":3,\"name\":\"Hidrogel para Plantas\"}]},{\"@type\":\"WebSite\",\"@id\":\"https:\/\/www.alquera.com\/en\/#website\",\"url\":\"https:\/\/www.alquera.com\/en\/\",\"name\":\"Alquera.com\",\"description\":\"Tienda Online Productos Qu\u00edmicos y Material de Laboratorio\",\"publisher\":{\"@id\":\"https:\/\/www.alquera.com\/en\/#organization\"},\"potentialAction\":[{\"@type\":\"SearchAction\",\"target\":{\"@type\":\"EntryPoint\",\"urlTemplate\":\"https:\/\/www.alquera.com\/en\/?s={search_term_string}\"},\"query-input\":{\"@type\":\"PropertyValueSpecification\",\"valueRequired\":true,\"valueName\":\"search_term_string\"}}],\"inLanguage\":\"it-IT\"},{\"@type\":\"Organization\",\"@id\":\"https:\/\/www.alquera.com\/en\/#organization\",\"name\":\"ALQUERA CIENCIA SL\",\"url\":\"https:\/\/www.alquera.com\/en\/\",\"logo\":{\"@type\":\"ImageObject\",\"inLanguage\":\"it-IT\",\"@id\":\"https:\/\/www.alquera.com\/en\/#\/schema\/logo\/image\/\",\"url\":\"https:\/\/www.alquera.com\/wp-content\/uploads\/2020\/11\/logo_300_ancho.png\",\"contentUrl\":\"https:\/\/www.alquera.com\/wp-content\/uploads\/2020\/11\/logo_300_ancho.png\",\"width\":300,\"height\":86,\"caption\":\"ALQUERA CIENCIA SL\"},\"image\":{\"@id\":\"https:\/\/www.alquera.com\/en\/#\/schema\/logo\/image\/\"},\"sameAs\":[\"https:\/\/www.facebook.com\/alqueraciencia\",\"https:\/\/www.instagram.com\/alquera_ciencia\/\",\"https:\/\/www.youtube.com\/c\/alquera\"]}]}<\/script>\n<meta property=\"og:availability\" content=\"instock\" \/>\n<meta property=\"product:availability\" content=\"instock\" \/>\n<meta property=\"product:retailer_item_id\" content=\"ALS10041\" \/>\n<meta property=\"product:condition\" content=\"new\" \/>\n<!-- \/ Yoast SEO Premium plugin. -->","yoast_head_json":{"title":"Idrogel per piante: Acquistare online - Alquera.com","description":"CONSEGNA IN 24\/48 ORE. Acquistate l'idrogel per piante. Assorbe fino a 300 volte il suo peso in acqua. Utilizzato per risparmiare tempo e costi di irrigazione.","robots":{"index":"index","follow":"follow","max-snippet":"max-snippet:-1","max-image-preview":"max-image-preview:large","max-video-preview":"max-video-preview:-1"},"canonical":"https:\/\/www.alquera.com\/it\/hidrogel\/","og_locale":"it_IT","og_type":"article","og_title":"Hidrogel para Plantas: Comprar Online - Alquera.com","og_description":"ENV\u00cdOS EN 24\/48H. Comprar Hidrogel para plantas. Absorbe hasta 300 veces su peso en agua. Utilizado para ahorro de tiempo y costes de riego.","og_url":"https:\/\/www.alquera.com\/it\/hidrogel\/","og_site_name":"Alquera.com","article_publisher":"https:\/\/www.facebook.com\/alqueraciencia","article_modified_time":"2026-02-23T16:12:59+00:00","og_image":[{"width":800,"height":800,"url":"https:\/\/www.alquera.com\/wp-content\/uploads\/2016\/03\/1039-thickbox_default-Hidrogel-1Kg.jpg","type":"image\/jpeg"}],"twitter_card":"summary_large_image","twitter_misc":{"Disponibilit\u00e0":"In stock"},"schema":{"@context":"https:\/\/schema.org","@graph":[{"@type":["WebPage","ItemPage"],"@id":"https:\/\/www.alquera.com\/hidrogel\/","url":"https:\/\/www.alquera.com\/hidrogel\/","name":"Idrogel per piante: Acquistare online - Alquera.com","isPartOf":{"@id":"https:\/\/www.alquera.com\/en\/#website"},"primaryImageOfPage":{"@id":"https:\/\/www.alquera.com\/hidrogel\/#primaryimage"},"image":{"@id":"https:\/\/www.alquera.com\/hidrogel\/#primaryimage"},"thumbnailUrl":"https:\/\/www.alquera.com\/wp-content\/uploads\/2016\/03\/1039-thickbox_default-Hidrogel-1Kg.jpg","datePublished":"2016-03-01T10:40:06+00:00","dateModified":"2026-02-23T16:12:59+00:00","description":"CONSEGNA IN 24\/48 ORE. Acquistate l'idrogel per piante. Assorbe fino a 300 volte il suo peso in acqua. Utilizzato per risparmiare tempo e costi di irrigazione.","breadcrumb":{"@id":"https:\/\/www.alquera.com\/hidrogel\/#breadcrumb"},"inLanguage":"it-IT","potentialAction":[{"@type":"ReadAction","target":["https:\/\/www.alquera.com\/hidrogel\/"]}]},{"@type":"ImageObject","inLanguage":"it-IT","@id":"https:\/\/www.alquera.com\/hidrogel\/#primaryimage","url":"https:\/\/www.alquera.com\/wp-content\/uploads\/2016\/03\/1039-thickbox_default-Hidrogel-1Kg.jpg","contentUrl":"https:\/\/www.alquera.com\/wp-content\/uploads\/2016\/03\/1039-thickbox_default-Hidrogel-1Kg.jpg","width":800,"height":800,"caption":"Comprar Hidrogel. Hidrogel para plantas"},{"@type":"BreadcrumbList","@id":"https:\/\/www.alquera.com\/hidrogel\/#breadcrumb","itemListElement":[{"@type":"ListItem","position":1,"name":"Inicio","item":"https:\/\/www.alquera.com\/"},{"@type":"ListItem","position":2,"name":"Alquera.com: Tienda Online de Productos Qu\u00edmicos y Material de Laboratorio","item":"https:\/\/www.alquera.com\/en\/tienda\/"},{"@type":"ListItem","position":3,"name":"Hidrogel para Plantas"}]},{"@type":"WebSite","@id":"https:\/\/www.alquera.com\/en\/#website","url":"https:\/\/www.alquera.com\/en\/","name":"Alquera.com","description":"Negozio online di prodotti chimici e forniture di laboratorio","publisher":{"@id":"https:\/\/www.alquera.com\/en\/#organization"},"potentialAction":[{"@type":"SearchAction","target":{"@type":"EntryPoint","urlTemplate":"https:\/\/www.alquera.com\/en\/?s={search_term_string}"},"query-input":{"@type":"PropertyValueSpecification","valueRequired":true,"valueName":"search_term_string"}}],"inLanguage":"it-IT"},{"@type":"Organization","@id":"https:\/\/www.alquera.com\/en\/#organization","name":"ALQUERA CIENCIA SL","url":"https:\/\/www.alquera.com\/en\/","logo":{"@type":"ImageObject","inLanguage":"it-IT","@id":"https:\/\/www.alquera.com\/en\/#\/schema\/logo\/image\/","url":"https:\/\/www.alquera.com\/wp-content\/uploads\/2020\/11\/logo_300_ancho.png","contentUrl":"https:\/\/www.alquera.com\/wp-content\/uploads\/2020\/11\/logo_300_ancho.png","width":300,"height":86,"caption":"ALQUERA CIENCIA SL"},"image":{"@id":"https:\/\/www.alquera.com\/en\/#\/schema\/logo\/image\/"},"sameAs":["https:\/\/www.facebook.com\/alqueraciencia","https:\/\/www.instagram.com\/alquera_ciencia\/","https:\/\/www.youtube.com\/c\/alquera"]}]},"og_availability":"instock","product_availability":"instock","product_retailer_item_id":"ALS10041","product_condition":"new"},"_links":{"self":[{"href":"https:\/\/www.alquera.com\/it\/wp-json\/wp\/v2\/product\/542","targetHints":{"allow":["GET"]}}],"collection":[{"href":"https:\/\/www.alquera.com\/it\/wp-json\/wp\/v2\/product"}],"about":[{"href":"https:\/\/www.alquera.com\/it\/wp-json\/wp\/v2\/types\/product"}],"replies":[{"embeddable":true,"href":"https:\/\/www.alquera.com\/it\/wp-json\/wp\/v2\/comments?post=542"}],"wp:featuredmedia":[{"embeddable":true,"href":"https:\/\/www.alquera.com\/it\/wp-json\/wp\/v2\/media\/540"}],"wp:attachment":[{"href":"https:\/\/www.alquera.com\/it\/wp-json\/wp\/v2\/media?parent=542"}],"wp:term":[{"taxonomy":"product_brand","embeddable":true,"href":"https:\/\/www.alquera.com\/it\/wp-json\/wp\/v2\/product_brand?post=542"},{"taxonomy":"product_cat","embeddable":true,"href":"https:\/\/www.alquera.com\/it\/wp-json\/wp\/v2\/product_cat?post=542"},{"taxonomy":"product_tag","embeddable":true,"href":"https:\/\/www.alquera.com\/it\/wp-json\/wp\/v2\/product_tag?post=542"}],"curies":[{"name":"wp","href":"https:\/\/api.w.org\/{rel}","templated":true}]}}