{"id":621,"date":"2016-06-14T13:35:32","date_gmt":"2016-06-14T13:35:32","guid":{"rendered":"http:\/\/localhost\/alquera\/productos\/producto\/oxido-de-zinc-100g\/"},"modified":"2026-05-09T10:16:07","modified_gmt":"2026-05-09T10:16:07","slug":"oxido-de-zinc","status":"publish","type":"product","link":"https:\/\/www.alquera.com\/it\/oxido-de-zinc\/","title":{"rendered":"Ossido di Zinco"},"content":{"rendered":"<p>L'ossido di zinco \u00e8 una polvere bianca, molto solubile negli acidi, ma non in acqua. \u00c8 ampiamente utilizzato in cosmetica per le sue propriet\u00e0 protettive contro le radiazioni ultraviolette, come agente astringente e asciugante, anche come pigmento per vernici per le sue propriet\u00e0 fungicide e per creare uno strato protettivo per lo zinco contro l'ossidazione.<\/p>\n<h2>IDENTIFICAZIONE E PROPRIET\u00c0<\/h2>\n<p><strong>Nome:<\/strong> Ossido di zinco<br \/>\n<strong>Formula:<\/strong> ZnO<br \/>\n<strong>Sinonimi:<\/strong> Zinco bianco, monossido di zinco<br \/>\n<strong>CAS:<\/strong> 1314-13-2<br \/>\n<strong>CE:<\/strong> 215-222-5<br \/>\n<strong>Ricchezza:<\/strong> 99,9% min.<\/p>\n<ul>\n<li>Stato fisico: Solido (polvere o granuli)<\/li>\n<li>Colore: bianco giallastro<\/li>\n<li>Odore: inodore<\/li>\n<li>Punto di fusione\/congelamento: L'ossido di zinco \u00e8 molto stabile. Non fonde e non si osservano picchi esotermici o endotermici. Non si osservano reazioni di decomposizione.<\/li>\n<li>Punto di ebollizione \/ intervallo di ebollizione: Non rilevante. Il campione si decompone prima dell'ebollizione.<\/li>\n<li>Infiammabilit\u00e0: l'ossido di zinco in polvere non \u00e8 considerato infiammabile.<\/li>\n<li>Pressione di vapore: non applicabile se il punto di fusione \u00e8 superiore a 300\u00b0C.<\/li>\n<li>Densit\u00e0 relativa: 5,68 g\/cm3<\/li>\n<li>Solubilit\u00e0 in acqua: La solubilit\u00e0 in acqua dello Zn in ZnO \u00e8 di 2,9 mg\/l.<\/li>\n<li>Autoinfiammabilit\u00e0: Non \u00e8 autoinfiammabile.<\/li>\n<li>Propriet\u00e0 esplosive: Nessuna propriet\u00e0 infiammabile, autoinfiammabile o esplosiva.<\/li>\n<\/ul>\n<h2>USI<\/h2>\n<ul>\n<li>Prodotti: prodotti farmaceutici, cosmetici, vernici, lubrificanti, grassi, pneumatici, fertilizzanti, fritte, smalti e materiali ceramici.<\/li>\n<\/ul>","protected":false},"excerpt":{"rendered":"<p>Acquistare l'ossido di zinco nei formati da 100g e 1Kg. Il prezzo dei diversi formati di ossido di zinco \u00e8 visibile quando si seleziona il formato desiderato. L'ordine viene effettuato direttamente via web seguendo i passaggi indicati, con consegna in 4\/5 giorni.<\/p>","protected":false},"featured_media":37775,"comment_status":"open","ping_status":"closed","template":"","meta":{"_acf_changed":false,"site-sidebar-layout":"default","site-content-layout":"default","ast-site-content-layout":"default","site-content-style":"default","site-sidebar-style":"default","ast-global-header-display":"","ast-banner-title-visibility":"","ast-main-header-display":"","ast-hfb-above-header-display":"","ast-hfb-below-header-display":"","ast-hfb-mobile-header-display":"","site-post-title":"","ast-breadcrumbs-content":"","ast-featured-img":"","footer-sml-layout":"","ast-disable-related-posts":"","theme-transparent-header-meta":"default","adv-header-id-meta":"","stick-header-meta":"default","header-above-stick-meta":"","header-main-stick-meta":"","header-below-stick-meta":"","astra-migrate-meta-layouts":"default","ast-page-background-enabled":"default","ast-page-background-meta":{"desktop":{"background-color":"var(--ast-global-color-4)","background-image":"","background-repeat":"repeat","background-position":"center center","background-size":"auto","background-attachment":"scroll","background-type":"","background-media":"","overlay-type":"","overlay-color":"","overlay-opacity":"","overlay-gradient":""},"tablet":{"background-color":"","background-image":"","background-repeat":"repeat","background-position":"center center","background-size":"auto","background-attachment":"scroll","background-type":"","background-media":"","overlay-type":"","overlay-color":"","overlay-opacity":"","overlay-gradient":""},"mobile":{"background-color":"","background-image":"","background-repeat":"repeat","background-position":"center center","background-size":"auto","background-attachment":"scroll","background-type":"","background-media":"","overlay-type":"","overlay-color":"","overlay-opacity":"","overlay-gradient":""}},"ast-content-background-meta":{"desktop":{"background-color":"var(--ast-global-color-5)","background-image":"","background-repeat":"repeat","background-position":"center center","background-size":"auto","background-attachment":"scroll","background-type":"","background-media":"","overlay-type":"","overlay-color":"","overlay-opacity":"","overlay-gradient":""},"tablet":{"background-color":"var(--ast-global-color-5)","background-image":"","background-repeat":"repeat","background-position":"center center","background-size":"auto","background-attachment":"scroll","background-type":"","background-media":"","overlay-type":"","overlay-color":"","overlay-opacity":"","overlay-gradient":""},"mobile":{"background-color":"var(--ast-global-color-5)","background-image":"","background-repeat":"repeat","background-position":"center center","background-size":"auto","background-attachment":"scroll","background-type":"","background-media":"","overlay-type":"","overlay-color":"","overlay-opacity":"","overlay-gradient":""}}},"product_brand":[],"product_cat":[21],"product_tag":[],"class_list":{"0":"post-621","1":"product","2":"type-product","3":"status-publish","4":"has-post-thumbnail","6":"product_cat-productos","7":"pa_cantidad-100g","8":"pa_cantidad-1kg","9":"desktop-align-left","10":"tablet-align-left","11":"mobile-align-left","12":"ast-product-gallery-layout-horizontal-slider","13":"ast-product-gallery-with-no-image","14":"ast-magnify-disabled","15":"ast-product-single-variable","16":"ast-product-tabs-layout-horizontal","17":"ast-qv-on-image","19":"first","20":"instock","21":"taxable","22":"shipping-taxable","23":"purchasable","24":"product-type-variable","25":"has-default-attributes"},"acf":[],"yoast_head":"<!-- This site is optimized with the Yoast SEO Premium plugin v27.1 (Yoast SEO v27.1.1) - https:\/\/yoast.com\/product\/yoast-seo-premium-wordpress\/ -->\n<title>\u00d3xido de Zinc: Comprar Online - Alquera.com<\/title>\n<meta name=\"description\" content=\"ENV\u00cdOS EN 24\/48H. Comprar \u00d3xido de Zinc en Alquera. Es muy utilizado en cosm\u00e9tica por sus propiedades protectoras.\" \/>\n<meta name=\"robots\" content=\"index, follow, max-snippet:-1, max-image-preview:large, max-video-preview:-1\" \/>\n<link rel=\"canonical\" href=\"https:\/\/www.alquera.com\/it\/oxido-de-zinc\/\" \/>\n<meta property=\"og:locale\" content=\"it_IT\" \/>\n<meta property=\"og:type\" content=\"article\" \/>\n<meta property=\"og:title\" content=\"\u00d3xido de Zinc: Comprar Online - Alquera.com\" \/>\n<meta property=\"og:description\" content=\"ENV\u00cdOS EN 24\/48H. Comprar \u00d3xido de Zinc en Alquera. Es muy utilizado en cosm\u00e9tica por sus propiedades protectoras.\" \/>\n<meta property=\"og:url\" content=\"https:\/\/www.alquera.com\/it\/oxido-de-zinc\/\" \/>\n<meta property=\"og:site_name\" content=\"Alquera.com\" \/>\n<meta property=\"article:publisher\" content=\"https:\/\/www.facebook.com\/alqueraciencia\" \/>\n<meta property=\"article:modified_time\" content=\"2026-05-09T10:16:07+00:00\" \/>\n<meta property=\"og:image\" content=\"https:\/\/www.alquera.com\/wp-content\/uploads\/2016\/06\/Oxido-de-Zinc.png\" \/>\n\t<meta property=\"og:image:width\" content=\"600\" \/>\n\t<meta property=\"og:image:height\" content=\"578\" \/>\n\t<meta property=\"og:image:type\" content=\"image\/png\" \/>\n<meta name=\"twitter:card\" content=\"summary_large_image\" \/>\n<meta name=\"twitter:label1\" content=\"Disponibilit\u00e0\" \/>\n\t<meta name=\"twitter:data1\" content=\"In stock\" \/>\n<script type=\"application\/ld+json\" class=\"yoast-schema-graph\">{\"@context\":\"https:\/\/schema.org\",\"@graph\":[{\"@type\":[\"WebPage\",\"ItemPage\"],\"@id\":\"https:\/\/www.alquera.com\/oxido-de-zinc\/\",\"url\":\"https:\/\/www.alquera.com\/oxido-de-zinc\/\",\"name\":\"\u00d3xido de Zinc: Comprar Online - Alquera.com\",\"isPartOf\":{\"@id\":\"https:\/\/www.alquera.com\/en\/#website\"},\"primaryImageOfPage\":{\"@id\":\"https:\/\/www.alquera.com\/oxido-de-zinc\/#primaryimage\"},\"image\":{\"@id\":\"https:\/\/www.alquera.com\/oxido-de-zinc\/#primaryimage\"},\"thumbnailUrl\":\"https:\/\/www.alquera.com\/wp-content\/uploads\/2016\/06\/Oxido-de-Zinc.png\",\"datePublished\":\"2016-06-14T13:35:32+00:00\",\"dateModified\":\"2026-05-09T10:16:07+00:00\",\"description\":\"ENV\u00cdOS EN 24\/48H. Comprar \u00d3xido de Zinc en Alquera. Es muy utilizado en cosm\u00e9tica por sus propiedades protectoras.\",\"breadcrumb\":{\"@id\":\"https:\/\/www.alquera.com\/oxido-de-zinc\/#breadcrumb\"},\"inLanguage\":\"it-IT\",\"potentialAction\":[{\"@type\":\"ReadAction\",\"target\":[\"https:\/\/www.alquera.com\/oxido-de-zinc\/\"]}]},{\"@type\":\"ImageObject\",\"inLanguage\":\"it-IT\",\"@id\":\"https:\/\/www.alquera.com\/oxido-de-zinc\/#primaryimage\",\"url\":\"https:\/\/www.alquera.com\/wp-content\/uploads\/2016\/06\/Oxido-de-Zinc.png\",\"contentUrl\":\"https:\/\/www.alquera.com\/wp-content\/uploads\/2016\/06\/Oxido-de-Zinc.png\",\"width\":600,\"height\":578,\"caption\":\"Oxido de Zinc\"},{\"@type\":\"BreadcrumbList\",\"@id\":\"https:\/\/www.alquera.com\/oxido-de-zinc\/#breadcrumb\",\"itemListElement\":[{\"@type\":\"ListItem\",\"position\":1,\"name\":\"Inicio\",\"item\":\"https:\/\/www.alquera.com\/\"},{\"@type\":\"ListItem\",\"position\":2,\"name\":\"Alquera.com: Tienda Online de Productos Qu\u00edmicos y Material de Laboratorio\",\"item\":\"https:\/\/www.alquera.com\/en\/tienda\/\"},{\"@type\":\"ListItem\",\"position\":3,\"name\":\"\u00d3xido de Zinc\"}]},{\"@type\":\"WebSite\",\"@id\":\"https:\/\/www.alquera.com\/en\/#website\",\"url\":\"https:\/\/www.alquera.com\/en\/\",\"name\":\"Alquera.com\",\"description\":\"Tienda Online Productos Qu\u00edmicos y Material de Laboratorio\",\"publisher\":{\"@id\":\"https:\/\/www.alquera.com\/en\/#organization\"},\"potentialAction\":[{\"@type\":\"SearchAction\",\"target\":{\"@type\":\"EntryPoint\",\"urlTemplate\":\"https:\/\/www.alquera.com\/en\/?s={search_term_string}\"},\"query-input\":{\"@type\":\"PropertyValueSpecification\",\"valueRequired\":true,\"valueName\":\"search_term_string\"}}],\"inLanguage\":\"it-IT\"},{\"@type\":\"Organization\",\"@id\":\"https:\/\/www.alquera.com\/en\/#organization\",\"name\":\"ALQUERA CIENCIA SL\",\"url\":\"https:\/\/www.alquera.com\/en\/\",\"logo\":{\"@type\":\"ImageObject\",\"inLanguage\":\"it-IT\",\"@id\":\"https:\/\/www.alquera.com\/en\/#\/schema\/logo\/image\/\",\"url\":\"https:\/\/www.alquera.com\/wp-content\/uploads\/2020\/11\/logo_300_ancho.png\",\"contentUrl\":\"https:\/\/www.alquera.com\/wp-content\/uploads\/2020\/11\/logo_300_ancho.png\",\"width\":300,\"height\":86,\"caption\":\"ALQUERA CIENCIA SL\"},\"image\":{\"@id\":\"https:\/\/www.alquera.com\/en\/#\/schema\/logo\/image\/\"},\"sameAs\":[\"https:\/\/www.facebook.com\/alqueraciencia\",\"https:\/\/www.instagram.com\/alquera_ciencia\/\",\"https:\/\/www.youtube.com\/c\/alquera\"]}]}<\/script>\n<meta property=\"og:availability\" content=\"instock\" \/>\n<meta property=\"product:availability\" content=\"instock\" \/>\n<meta property=\"product:condition\" content=\"new\" \/>\n<!-- \/ Yoast SEO Premium plugin. -->","yoast_head_json":{"title":"Ossido di zinco: Acquistare online - Alquera.com","description":"SPEDIZIONI IN 24\/48H. Acquistare ossido di zinco in Alquera. \u00c8 ampiamente utilizzato in cosmetica per le sue propriet\u00e0 protettive.","robots":{"index":"index","follow":"follow","max-snippet":"max-snippet:-1","max-image-preview":"max-image-preview:large","max-video-preview":"max-video-preview:-1"},"canonical":"https:\/\/www.alquera.com\/it\/oxido-de-zinc\/","og_locale":"it_IT","og_type":"article","og_title":"\u00d3xido de Zinc: Comprar Online - Alquera.com","og_description":"ENV\u00cdOS EN 24\/48H. Comprar \u00d3xido de Zinc en Alquera. Es muy utilizado en cosm\u00e9tica por sus propiedades protectoras.","og_url":"https:\/\/www.alquera.com\/it\/oxido-de-zinc\/","og_site_name":"Alquera.com","article_publisher":"https:\/\/www.facebook.com\/alqueraciencia","article_modified_time":"2026-05-09T10:16:07+00:00","og_image":[{"width":600,"height":578,"url":"https:\/\/www.alquera.com\/wp-content\/uploads\/2016\/06\/Oxido-de-Zinc.png","type":"image\/png"}],"twitter_card":"summary_large_image","twitter_misc":{"Disponibilit\u00e0":"In stock"},"schema":{"@context":"https:\/\/schema.org","@graph":[{"@type":["WebPage","ItemPage"],"@id":"https:\/\/www.alquera.com\/oxido-de-zinc\/","url":"https:\/\/www.alquera.com\/oxido-de-zinc\/","name":"Ossido di zinco: Acquistare online - Alquera.com","isPartOf":{"@id":"https:\/\/www.alquera.com\/en\/#website"},"primaryImageOfPage":{"@id":"https:\/\/www.alquera.com\/oxido-de-zinc\/#primaryimage"},"image":{"@id":"https:\/\/www.alquera.com\/oxido-de-zinc\/#primaryimage"},"thumbnailUrl":"https:\/\/www.alquera.com\/wp-content\/uploads\/2016\/06\/Oxido-de-Zinc.png","datePublished":"2016-06-14T13:35:32+00:00","dateModified":"2026-05-09T10:16:07+00:00","description":"SPEDIZIONI IN 24\/48H. Acquistare ossido di zinco in Alquera. \u00c8 ampiamente utilizzato in cosmetica per le sue propriet\u00e0 protettive.","breadcrumb":{"@id":"https:\/\/www.alquera.com\/oxido-de-zinc\/#breadcrumb"},"inLanguage":"it-IT","potentialAction":[{"@type":"ReadAction","target":["https:\/\/www.alquera.com\/oxido-de-zinc\/"]}]},{"@type":"ImageObject","inLanguage":"it-IT","@id":"https:\/\/www.alquera.com\/oxido-de-zinc\/#primaryimage","url":"https:\/\/www.alquera.com\/wp-content\/uploads\/2016\/06\/Oxido-de-Zinc.png","contentUrl":"https:\/\/www.alquera.com\/wp-content\/uploads\/2016\/06\/Oxido-de-Zinc.png","width":600,"height":578,"caption":"Oxido de Zinc"},{"@type":"BreadcrumbList","@id":"https:\/\/www.alquera.com\/oxido-de-zinc\/#breadcrumb","itemListElement":[{"@type":"ListItem","position":1,"name":"Inicio","item":"https:\/\/www.alquera.com\/"},{"@type":"ListItem","position":2,"name":"Alquera.com: Tienda Online de Productos Qu\u00edmicos y Material de Laboratorio","item":"https:\/\/www.alquera.com\/en\/tienda\/"},{"@type":"ListItem","position":3,"name":"\u00d3xido de Zinc"}]},{"@type":"WebSite","@id":"https:\/\/www.alquera.com\/en\/#website","url":"https:\/\/www.alquera.com\/en\/","name":"Alquera.com","description":"Negozio online di prodotti chimici e forniture di laboratorio","publisher":{"@id":"https:\/\/www.alquera.com\/en\/#organization"},"potentialAction":[{"@type":"SearchAction","target":{"@type":"EntryPoint","urlTemplate":"https:\/\/www.alquera.com\/en\/?s={search_term_string}"},"query-input":{"@type":"PropertyValueSpecification","valueRequired":true,"valueName":"search_term_string"}}],"inLanguage":"it-IT"},{"@type":"Organization","@id":"https:\/\/www.alquera.com\/en\/#organization","name":"ALQUERA CIENCIA SL","url":"https:\/\/www.alquera.com\/en\/","logo":{"@type":"ImageObject","inLanguage":"it-IT","@id":"https:\/\/www.alquera.com\/en\/#\/schema\/logo\/image\/","url":"https:\/\/www.alquera.com\/wp-content\/uploads\/2020\/11\/logo_300_ancho.png","contentUrl":"https:\/\/www.alquera.com\/wp-content\/uploads\/2020\/11\/logo_300_ancho.png","width":300,"height":86,"caption":"ALQUERA CIENCIA SL"},"image":{"@id":"https:\/\/www.alquera.com\/en\/#\/schema\/logo\/image\/"},"sameAs":["https:\/\/www.facebook.com\/alqueraciencia","https:\/\/www.instagram.com\/alquera_ciencia\/","https:\/\/www.youtube.com\/c\/alquera"]}]},"og_availability":"instock","product_availability":"instock","product_condition":"new"},"_links":{"self":[{"href":"https:\/\/www.alquera.com\/it\/wp-json\/wp\/v2\/product\/621","targetHints":{"allow":["GET"]}}],"collection":[{"href":"https:\/\/www.alquera.com\/it\/wp-json\/wp\/v2\/product"}],"about":[{"href":"https:\/\/www.alquera.com\/it\/wp-json\/wp\/v2\/types\/product"}],"replies":[{"embeddable":true,"href":"https:\/\/www.alquera.com\/it\/wp-json\/wp\/v2\/comments?post=621"}],"wp:featuredmedia":[{"embeddable":true,"href":"https:\/\/www.alquera.com\/it\/wp-json\/wp\/v2\/media\/37775"}],"wp:attachment":[{"href":"https:\/\/www.alquera.com\/it\/wp-json\/wp\/v2\/media?parent=621"}],"wp:term":[{"taxonomy":"product_brand","embeddable":true,"href":"https:\/\/www.alquera.com\/it\/wp-json\/wp\/v2\/product_brand?post=621"},{"taxonomy":"product_cat","embeddable":true,"href":"https:\/\/www.alquera.com\/it\/wp-json\/wp\/v2\/product_cat?post=621"},{"taxonomy":"product_tag","embeddable":true,"href":"https:\/\/www.alquera.com\/it\/wp-json\/wp\/v2\/product_tag?post=621"}],"curies":[{"name":"wp","href":"https:\/\/api.w.org\/{rel}","templated":true}]}}