{"id":813,"date":"2017-06-26T19:52:23","date_gmt":"2017-06-26T19:52:23","guid":{"rendered":"http:\/\/localhost\/alquera\/productos\/producto\/acetato-de-sodio-1kg\/"},"modified":"2026-02-23T16:13:30","modified_gmt":"2026-02-23T16:13:30","slug":"acetato-de-sodio","status":"publish","type":"product","link":"https:\/\/www.alquera.com\/it\/acetato-de-sodio\/","title":{"rendered":"Acetato di Sodio Triidrato"},"content":{"rendered":"<p>L'acetato di sodio, chiamato anche etanoato di sodio, \u00e8 un composto chimico con formula NaC2H3O2. \u00c8 il sale di sodio dell'acido acetico e viene comunemente utilizzato per la regolazione del pH e come additivo alimentare. Viene anche utilizzato negli esperimenti per la produzione di ghiaccio caldo, in quanto ha la particolarit\u00e0 di cristallizzare istantaneamente in una reazione esotermica in determinate situazioni.<\/p>\n<h2 class=\"productdescription\">IDENTIFICAZIONE E PROPRIET\u00c0 DELL'ACETATO DI SODIO<\/h2>\n<p><strong>Nome:<\/strong> Acetato di sodio<br \/>\n<strong>Sinonimi:<\/strong> Acido acetico, sale di sodio, triidrato.<br \/>\n<strong>Formula chimica<\/strong>CH3COONa 3H2O<br \/>\n<strong>CAS:<\/strong> 6131-90-4<br \/>\n<strong>CE:<\/strong> 204-823-8<\/p>\n<ul>\n<li>Aspetto: solido<\/li>\n<li>Colore: Bianco<\/li>\n<li>Odore: inodore<\/li>\n<li>pH: 8,9 (soluzione 0,1m)<\/li>\n<li>Punto di ebollizione: 122,8 \u00baC<\/li>\n<li>Punto di congelamento\/fusione: 57,8 \u00baC<\/li>\n<li>Solubilit\u00e0: Solubile in acqua<\/li>\n<li>Peso specifico\/densit\u00e0: 1,45<\/li>\n<li>Peso molecolare: 136,08<\/li>\n<\/ul>\n<h2>USI DELL'ACETATO DI SODIO TRIIDRATO<\/h2>\n<ul>\n<li>L'acetato di sodio \u00e8 utilizzato nell'industria tessile per rimuovere i residui di acido solforico.<\/li>\n<li>Nell'industria tessile funge anche da fotoresistenza, soprattutto quando si tratta di coloranti a base di anilina.<\/li>\n<li>La soluzione di acido acetico e acetato di sodio agisce come soluzione tampone per mantenere il pH a determinati valori.<\/li>\n<li>Viene utilizzato anche nelle borse termiche scaldamani. Nei sacchetti in cui il contenuto si indurisce quando viene pressato dal riscaldamento per un certo periodo di tempo.<\/li>\n<\/ul>\n<h2><strong>CRISTALLIZZAZIONE ISTANTANEA DELL'ACETATO DI SODIO<\/strong><\/h2>\n<p>L'acetato di sodio ha la peculiarit\u00e0 di cristallizzare istantaneamente in una soluzione satura. Per ottenere questa cristallizzazione istantanea, \u00e8 necessario sciogliere 200 g di prodotto in 50 ml di acqua e riscaldarlo durante la dissoluzione. Trattandosi di un prodotto idratato, quando viene riscaldato, il prodotto stesso rilascia acqua.<\/p>\n<p>Si lascia quindi raffreddare. Una volta raffreddata a meno di 40\u00ba, quando si introduce una perturbazione nella soluzione, questa cristallizza istantaneamente.<\/p>\n<div style=\"width: 640px;\" class=\"wp-video\"><video class=\"wp-video-shortcode\" id=\"video-813-1\" width=\"640\" height=\"640\" preload=\"metadata\" controls=\"controls\"><source type=\"video\/mp4\" src=\"https:\/\/www.alquera.com\/wp-content\/uploads\/2017\/06\/acetato-sodio-instagram-alquera.mp4?_=1\" \/><a href=\"https:\/\/www.alquera.com\/wp-content\/uploads\/2017\/06\/acetato-sodio-instagram-alquera.mp4\">https:\/\/www.alquera.com\/wp-content\/uploads\/2017\/06\/acetato-sodio-instagram-alquera.mp4<\/a><\/video><\/div>\n<p>&nbsp;<\/p>\n<p><img loading=\"lazy\" decoding=\"async\" class=\"alignnone wp-image-38474\" src=\"https:\/\/www.alquera.com\/wp-content\/uploads\/2017\/06\/acetato-de-sodio-cristalizacion-instantanea-300x186.jpg\" alt=\"acetato de sodio cristalizaci\u00f3n\" width=\"373\" height=\"231\" srcset=\"https:\/\/www.alquera.com\/wp-content\/uploads\/2017\/06\/acetato-de-sodio-cristalizacion-instantanea-300x186.jpg 300w, https:\/\/www.alquera.com\/wp-content\/uploads\/2017\/06\/acetato-de-sodio-cristalizacion-instantanea-600x373.jpg 600w, https:\/\/www.alquera.com\/wp-content\/uploads\/2017\/06\/acetato-de-sodio-cristalizacion-instantanea.jpg 750w\" sizes=\"auto, (max-width: 373px) 100vw, 373px\" \/><\/p>\n<p>Poich\u00e9 cristallizza istantaneamente, si riscalda. Questo esperimento \u00e8 quindi noto anche come <strong>ghiaccio caldo<\/strong>. Ulteriori informazioni su questo esperimento sono disponibili qui: <a href=\"https:\/\/www.experimentoscientificos.es\/experimento-hielo-caliente\/\">esperimento del ghiaccio caldo<\/a><\/p>","protected":false},"excerpt":{"rendered":"<p>Acquistare l'Acetato di Sodio Triidrato da piccole confezioni da 1 kg a sacchi da 25 kg. Il prezzo dei diversi formati di Sodio Acetato Triidrato pu\u00f2 essere visualizzato selezionando il formato desiderato. L'ordine viene effettuato direttamente via web seguendo i passaggi indicati, con consegna in 4\/5 giorni.<\/p>","protected":false},"featured_media":35785,"comment_status":"open","ping_status":"closed","template":"","meta":{"_acf_changed":false,"site-sidebar-layout":"default","site-content-layout":"default","ast-site-content-layout":"default","site-content-style":"default","site-sidebar-style":"default","ast-global-header-display":"","ast-banner-title-visibility":"","ast-main-header-display":"","ast-hfb-above-header-display":"","ast-hfb-below-header-display":"","ast-hfb-mobile-header-display":"","site-post-title":"","ast-breadcrumbs-content":"","ast-featured-img":"","footer-sml-layout":"","ast-disable-related-posts":"","theme-transparent-header-meta":"default","adv-header-id-meta":"","stick-header-meta":"default","header-above-stick-meta":"","header-main-stick-meta":"","header-below-stick-meta":"","astra-migrate-meta-layouts":"set","ast-page-background-enabled":"default","ast-page-background-meta":{"desktop":{"background-color":"var(--ast-global-color-4)","background-image":"","background-repeat":"repeat","background-position":"center center","background-size":"auto","background-attachment":"scroll","background-type":"","background-media":"","overlay-type":"","overlay-color":"","overlay-opacity":"","overlay-gradient":""},"tablet":{"background-color":"","background-image":"","background-repeat":"repeat","background-position":"center center","background-size":"auto","background-attachment":"scroll","background-type":"","background-media":"","overlay-type":"","overlay-color":"","overlay-opacity":"","overlay-gradient":""},"mobile":{"background-color":"","background-image":"","background-repeat":"repeat","background-position":"center center","background-size":"auto","background-attachment":"scroll","background-type":"","background-media":"","overlay-type":"","overlay-color":"","overlay-opacity":"","overlay-gradient":""}},"ast-content-background-meta":{"desktop":{"background-color":"var(--ast-global-color-5)","background-image":"","background-repeat":"repeat","background-position":"center center","background-size":"auto","background-attachment":"scroll","background-type":"","background-media":"","overlay-type":"","overlay-color":"","overlay-opacity":"","overlay-gradient":""},"tablet":{"background-color":"var(--ast-global-color-5)","background-image":"","background-repeat":"repeat","background-position":"center center","background-size":"auto","background-attachment":"scroll","background-type":"","background-media":"","overlay-type":"","overlay-color":"","overlay-opacity":"","overlay-gradient":""},"mobile":{"background-color":"var(--ast-global-color-5)","background-image":"","background-repeat":"repeat","background-position":"center center","background-size":"auto","background-attachment":"scroll","background-type":"","background-media":"","overlay-type":"","overlay-color":"","overlay-opacity":"","overlay-gradient":""}}},"product_brand":[],"product_cat":[206,21],"product_tag":[],"class_list":{"0":"post-813","1":"product","2":"type-product","3":"status-publish","4":"has-post-thumbnail","6":"product_cat-productos-experimentos","7":"product_cat-productos","8":"pa_cantidad-1kg","9":"pa_cantidad-5kg","10":"pa_cantidad-25kg","11":"desktop-align-left","12":"tablet-align-left","13":"mobile-align-left","14":"ast-product-gallery-layout-horizontal-slider","15":"ast-magnify-disabled","16":"ast-product-single-variable","17":"ast-product-tabs-layout-horizontal","18":"ast-qv-on-image","20":"first","21":"instock","22":"taxable","23":"shipping-taxable","24":"purchasable","25":"product-type-variable","26":"has-default-attributes"},"acf":[],"yoast_head":"<!-- This site is optimized with the Yoast SEO Premium plugin v27.1 (Yoast SEO v27.1.1) - https:\/\/yoast.com\/product\/yoast-seo-premium-wordpress\/ -->\n<title>Acetato de Sodio Trihidratado: Comprar Online - Alquera.com<\/title>\n<meta name=\"description\" content=\"ENV\u00cdOS EN 24\/48H. El acetato de sodio trihidratado es un producto cuya caracter\u00edstica principal es la cristalizaci\u00f3n instant\u00e1nea\" \/>\n<meta name=\"robots\" content=\"index, follow, max-snippet:-1, max-image-preview:large, max-video-preview:-1\" \/>\n<link rel=\"canonical\" href=\"https:\/\/www.alquera.com\/it\/acetato-de-sodio\/\" \/>\n<meta property=\"og:locale\" content=\"it_IT\" \/>\n<meta property=\"og:type\" content=\"article\" \/>\n<meta property=\"og:title\" content=\"Acetato de Sodio Trihidratado: Comprar Online - Alquera.com\" \/>\n<meta property=\"og:description\" content=\"ENV\u00cdOS EN 24\/48H. El acetato de sodio trihidratado es un producto cuya caracter\u00edstica principal es la cristalizaci\u00f3n instant\u00e1nea\" \/>\n<meta property=\"og:url\" content=\"https:\/\/www.alquera.com\/it\/acetato-de-sodio\/\" \/>\n<meta property=\"og:site_name\" content=\"Alquera.com\" \/>\n<meta property=\"article:publisher\" content=\"https:\/\/www.facebook.com\/alqueraciencia\" \/>\n<meta property=\"article:modified_time\" content=\"2026-02-23T16:13:30+00:00\" \/>\n<meta property=\"og:image\" content=\"https:\/\/www.alquera.com\/wp-content\/uploads\/2017\/06\/ACETATO-DE-SODIO.png\" \/>\n\t<meta property=\"og:image:width\" content=\"800\" \/>\n\t<meta property=\"og:image:height\" content=\"800\" \/>\n\t<meta property=\"og:image:type\" content=\"image\/png\" \/>\n<meta name=\"twitter:card\" content=\"summary_large_image\" \/>\n<meta name=\"twitter:label1\" content=\"Disponibilit\u00e0\" \/>\n\t<meta name=\"twitter:data1\" content=\"In stock\" \/>\n<script type=\"application\/ld+json\" class=\"yoast-schema-graph\">{\"@context\":\"https:\/\/schema.org\",\"@graph\":[{\"@type\":[\"WebPage\",\"ItemPage\"],\"@id\":\"https:\/\/www.alquera.com\/acetato-de-sodio\/\",\"url\":\"https:\/\/www.alquera.com\/acetato-de-sodio\/\",\"name\":\"Acetato de Sodio Trihidratado: Comprar Online - Alquera.com\",\"isPartOf\":{\"@id\":\"https:\/\/www.alquera.com\/en\/#website\"},\"primaryImageOfPage\":{\"@id\":\"https:\/\/www.alquera.com\/acetato-de-sodio\/#primaryimage\"},\"image\":{\"@id\":\"https:\/\/www.alquera.com\/acetato-de-sodio\/#primaryimage\"},\"thumbnailUrl\":\"https:\/\/www.alquera.com\/wp-content\/uploads\/2017\/06\/ACETATO-DE-SODIO.png\",\"datePublished\":\"2017-06-26T19:52:23+00:00\",\"dateModified\":\"2026-02-23T16:13:30+00:00\",\"description\":\"ENV\u00cdOS EN 24\/48H. El acetato de sodio trihidratado es un producto cuya caracter\u00edstica principal es la cristalizaci\u00f3n instant\u00e1nea\",\"breadcrumb\":{\"@id\":\"https:\/\/www.alquera.com\/acetato-de-sodio\/#breadcrumb\"},\"inLanguage\":\"it-IT\",\"potentialAction\":[{\"@type\":\"ReadAction\",\"target\":[\"https:\/\/www.alquera.com\/acetato-de-sodio\/\"]}]},{\"@type\":\"ImageObject\",\"inLanguage\":\"it-IT\",\"@id\":\"https:\/\/www.alquera.com\/acetato-de-sodio\/#primaryimage\",\"url\":\"https:\/\/www.alquera.com\/wp-content\/uploads\/2017\/06\/ACETATO-DE-SODIO.png\",\"contentUrl\":\"https:\/\/www.alquera.com\/wp-content\/uploads\/2017\/06\/ACETATO-DE-SODIO.png\",\"width\":800,\"height\":800,\"caption\":\"ACETATO DE SODIO\"},{\"@type\":\"BreadcrumbList\",\"@id\":\"https:\/\/www.alquera.com\/acetato-de-sodio\/#breadcrumb\",\"itemListElement\":[{\"@type\":\"ListItem\",\"position\":1,\"name\":\"Inicio\",\"item\":\"https:\/\/www.alquera.com\/\"},{\"@type\":\"ListItem\",\"position\":2,\"name\":\"Alquera.com: Tienda Online de Productos Qu\u00edmicos y Material de Laboratorio\",\"item\":\"https:\/\/www.alquera.com\/en\/tienda\/\"},{\"@type\":\"ListItem\",\"position\":3,\"name\":\"Acetato de Sodio Trihidratado\"}]},{\"@type\":\"WebSite\",\"@id\":\"https:\/\/www.alquera.com\/en\/#website\",\"url\":\"https:\/\/www.alquera.com\/en\/\",\"name\":\"Alquera.com\",\"description\":\"Tienda Online Productos Qu\u00edmicos y Material de Laboratorio\",\"publisher\":{\"@id\":\"https:\/\/www.alquera.com\/en\/#organization\"},\"potentialAction\":[{\"@type\":\"SearchAction\",\"target\":{\"@type\":\"EntryPoint\",\"urlTemplate\":\"https:\/\/www.alquera.com\/en\/?s={search_term_string}\"},\"query-input\":{\"@type\":\"PropertyValueSpecification\",\"valueRequired\":true,\"valueName\":\"search_term_string\"}}],\"inLanguage\":\"it-IT\"},{\"@type\":\"Organization\",\"@id\":\"https:\/\/www.alquera.com\/en\/#organization\",\"name\":\"ALQUERA CIENCIA SL\",\"url\":\"https:\/\/www.alquera.com\/en\/\",\"logo\":{\"@type\":\"ImageObject\",\"inLanguage\":\"it-IT\",\"@id\":\"https:\/\/www.alquera.com\/en\/#\/schema\/logo\/image\/\",\"url\":\"https:\/\/www.alquera.com\/wp-content\/uploads\/2020\/11\/logo_300_ancho.png\",\"contentUrl\":\"https:\/\/www.alquera.com\/wp-content\/uploads\/2020\/11\/logo_300_ancho.png\",\"width\":300,\"height\":86,\"caption\":\"ALQUERA CIENCIA SL\"},\"image\":{\"@id\":\"https:\/\/www.alquera.com\/en\/#\/schema\/logo\/image\/\"},\"sameAs\":[\"https:\/\/www.facebook.com\/alqueraciencia\",\"https:\/\/www.instagram.com\/alquera_ciencia\/\",\"https:\/\/www.youtube.com\/c\/alquera\"]}]}<\/script>\n<meta property=\"og:availability\" content=\"instock\" \/>\n<meta property=\"product:availability\" content=\"instock\" \/>\n<meta property=\"product:retailer_item_id\" content=\"ALCS1\" \/>\n<meta property=\"product:condition\" content=\"new\" \/>\n<!-- \/ Yoast SEO Premium plugin. -->","yoast_head_json":{"title":"Sodio Acetato Triidrato Triidrato: Acquistare Online - Alquera.com","description":"SPEDIZIONI IN 24\/48 ORE. L'acetato di sodio triidrato \u00e8 un prodotto la cui caratteristica principale \u00e8 la cristallizzazione istantanea.","robots":{"index":"index","follow":"follow","max-snippet":"max-snippet:-1","max-image-preview":"max-image-preview:large","max-video-preview":"max-video-preview:-1"},"canonical":"https:\/\/www.alquera.com\/it\/acetato-de-sodio\/","og_locale":"it_IT","og_type":"article","og_title":"Acetato de Sodio Trihidratado: Comprar Online - Alquera.com","og_description":"ENV\u00cdOS EN 24\/48H. El acetato de sodio trihidratado es un producto cuya caracter\u00edstica principal es la cristalizaci\u00f3n instant\u00e1nea","og_url":"https:\/\/www.alquera.com\/it\/acetato-de-sodio\/","og_site_name":"Alquera.com","article_publisher":"https:\/\/www.facebook.com\/alqueraciencia","article_modified_time":"2026-02-23T16:13:30+00:00","og_image":[{"width":800,"height":800,"url":"https:\/\/www.alquera.com\/wp-content\/uploads\/2017\/06\/ACETATO-DE-SODIO.png","type":"image\/png"}],"twitter_card":"summary_large_image","twitter_misc":{"Disponibilit\u00e0":"In stock"},"schema":{"@context":"https:\/\/schema.org","@graph":[{"@type":["WebPage","ItemPage"],"@id":"https:\/\/www.alquera.com\/acetato-de-sodio\/","url":"https:\/\/www.alquera.com\/acetato-de-sodio\/","name":"Sodio Acetato Triidrato Triidrato: Acquistare Online - Alquera.com","isPartOf":{"@id":"https:\/\/www.alquera.com\/en\/#website"},"primaryImageOfPage":{"@id":"https:\/\/www.alquera.com\/acetato-de-sodio\/#primaryimage"},"image":{"@id":"https:\/\/www.alquera.com\/acetato-de-sodio\/#primaryimage"},"thumbnailUrl":"https:\/\/www.alquera.com\/wp-content\/uploads\/2017\/06\/ACETATO-DE-SODIO.png","datePublished":"2017-06-26T19:52:23+00:00","dateModified":"2026-02-23T16:13:30+00:00","description":"SPEDIZIONI IN 24\/48 ORE. L'acetato di sodio triidrato \u00e8 un prodotto la cui caratteristica principale \u00e8 la cristallizzazione istantanea.","breadcrumb":{"@id":"https:\/\/www.alquera.com\/acetato-de-sodio\/#breadcrumb"},"inLanguage":"it-IT","potentialAction":[{"@type":"ReadAction","target":["https:\/\/www.alquera.com\/acetato-de-sodio\/"]}]},{"@type":"ImageObject","inLanguage":"it-IT","@id":"https:\/\/www.alquera.com\/acetato-de-sodio\/#primaryimage","url":"https:\/\/www.alquera.com\/wp-content\/uploads\/2017\/06\/ACETATO-DE-SODIO.png","contentUrl":"https:\/\/www.alquera.com\/wp-content\/uploads\/2017\/06\/ACETATO-DE-SODIO.png","width":800,"height":800,"caption":"ACETATO DE SODIO"},{"@type":"BreadcrumbList","@id":"https:\/\/www.alquera.com\/acetato-de-sodio\/#breadcrumb","itemListElement":[{"@type":"ListItem","position":1,"name":"Inicio","item":"https:\/\/www.alquera.com\/"},{"@type":"ListItem","position":2,"name":"Alquera.com: Tienda Online de Productos Qu\u00edmicos y Material de Laboratorio","item":"https:\/\/www.alquera.com\/en\/tienda\/"},{"@type":"ListItem","position":3,"name":"Acetato de Sodio Trihidratado"}]},{"@type":"WebSite","@id":"https:\/\/www.alquera.com\/en\/#website","url":"https:\/\/www.alquera.com\/en\/","name":"Alquera.com","description":"Negozio online di prodotti chimici e forniture di laboratorio","publisher":{"@id":"https:\/\/www.alquera.com\/en\/#organization"},"potentialAction":[{"@type":"SearchAction","target":{"@type":"EntryPoint","urlTemplate":"https:\/\/www.alquera.com\/en\/?s={search_term_string}"},"query-input":{"@type":"PropertyValueSpecification","valueRequired":true,"valueName":"search_term_string"}}],"inLanguage":"it-IT"},{"@type":"Organization","@id":"https:\/\/www.alquera.com\/en\/#organization","name":"ALQUERA CIENCIA SL","url":"https:\/\/www.alquera.com\/en\/","logo":{"@type":"ImageObject","inLanguage":"it-IT","@id":"https:\/\/www.alquera.com\/en\/#\/schema\/logo\/image\/","url":"https:\/\/www.alquera.com\/wp-content\/uploads\/2020\/11\/logo_300_ancho.png","contentUrl":"https:\/\/www.alquera.com\/wp-content\/uploads\/2020\/11\/logo_300_ancho.png","width":300,"height":86,"caption":"ALQUERA CIENCIA SL"},"image":{"@id":"https:\/\/www.alquera.com\/en\/#\/schema\/logo\/image\/"},"sameAs":["https:\/\/www.facebook.com\/alqueraciencia","https:\/\/www.instagram.com\/alquera_ciencia\/","https:\/\/www.youtube.com\/c\/alquera"]}]},"og_availability":"instock","product_availability":"instock","product_retailer_item_id":"ALCS1","product_condition":"new"},"_links":{"self":[{"href":"https:\/\/www.alquera.com\/it\/wp-json\/wp\/v2\/product\/813","targetHints":{"allow":["GET"]}}],"collection":[{"href":"https:\/\/www.alquera.com\/it\/wp-json\/wp\/v2\/product"}],"about":[{"href":"https:\/\/www.alquera.com\/it\/wp-json\/wp\/v2\/types\/product"}],"replies":[{"embeddable":true,"href":"https:\/\/www.alquera.com\/it\/wp-json\/wp\/v2\/comments?post=813"}],"wp:featuredmedia":[{"embeddable":true,"href":"https:\/\/www.alquera.com\/it\/wp-json\/wp\/v2\/media\/35785"}],"wp:attachment":[{"href":"https:\/\/www.alquera.com\/it\/wp-json\/wp\/v2\/media?parent=813"}],"wp:term":[{"taxonomy":"product_brand","embeddable":true,"href":"https:\/\/www.alquera.com\/it\/wp-json\/wp\/v2\/product_brand?post=813"},{"taxonomy":"product_cat","embeddable":true,"href":"https:\/\/www.alquera.com\/it\/wp-json\/wp\/v2\/product_cat?post=813"},{"taxonomy":"product_tag","embeddable":true,"href":"https:\/\/www.alquera.com\/it\/wp-json\/wp\/v2\/product_tag?post=813"}],"curies":[{"name":"wp","href":"https:\/\/api.w.org\/{rel}","templated":true}]}}