{"id":861,"date":"2017-06-29T14:36:30","date_gmt":"2017-06-29T14:36:30","guid":{"rendered":"http:\/\/localhost\/alquera\/productos\/producto\/bicarbonato-de-potasio-5kg\/"},"modified":"2026-04-03T09:49:43","modified_gmt":"2026-04-03T09:49:43","slug":"bicarbonato-de-potasio","status":"publish","type":"product","link":"https:\/\/www.alquera.com\/it\/bicarbonato-de-potasio\/","title":{"rendered":"Bicarbonato di Potassio"},"content":{"rendered":"<h2>IDENTIFICAZIONE E PROPRIET\u00c0 DEL BICARBONATO DI POTASSIO<\/h2>\n<p><strong>Nome:<\/strong> Bicarbonato di Potassio<br \/>\n<strong>Sinonimi:<\/strong>\u00a0Idrogenocarbonato di potassio, Bicarbonato<br \/>\n<strong>Formula chimica:<\/strong> KHCO3<br \/>\n<strong>CAS:<\/strong> 298-14-6<br \/>\n<strong>CE:<\/strong> 206-059-0<br \/>\n<strong>Tossicologia<\/strong>Tossicit\u00e0: IV Leggermente tossico. Periodo di rientro: non \u00e8 richiesto un intervallo di rientro prima del raccolto e pu\u00f2 essere utilizzato in post-raccolta.<\/p>\n<ul>\n<li>Stato fisico (20\u00baC): Solido - Polvere<\/li>\n<li>Colore: Bianco<\/li>\n<li>Odore: inodore<\/li>\n<li>Punto di partenza\/punto di ebollizione\/intervallo di ebollizione: &gt;100\u00baC<\/li>\n<li>Infiammabilit\u00e0: Non infiammabile. Non combustibile.<\/li>\n<li>Punto di fusione: &gt;100\u00baC<\/li>\n<li>Temperatura di decomposizione: 100-120\u00baC<\/li>\n<li>Solubilit\u00e0: Molto solubile in acqua, 224-362 g\/L 20\u00baC (ECHA)<\/li>\n<li>Coefficiente di ripartizione (n-ottanolo\/acqua) (valore logaritmico): Secondo il regolamento REACH \u00e7 (Allegato VII, 7.8, colonna II), lo studio del coefficiente di ripartizione n-ottanolo\/acqua non \u00e8 necessario, poich\u00e9 la sostanza chimica \u00e8 inorganica.<\/li>\n<li>Densit\u00e0 relativa (acqua=1): 2,17<\/li>\n<\/ul>\n<h2>USI<\/h2>\n<ul>\n<li>Uso industriale<\/li>\n<li>Uso professionale<\/li>\n<li>Laboratorio<\/li>\n<li>Regolatore di pH<\/li>\n<li>Sintesi chimica<\/li>\n<li>Materie prime<\/li>\n<\/ul>","protected":false},"excerpt":{"rendered":"<p>Acquista il Bicarbonato di potassio da confezioni da 250 g a sacchi da 25 kg. \u00c8 possibile vedere il prezzo dei diversi formati di Bicarbonato di potassio quando si seleziona il formato desiderato. L'ordine viene effettuato direttamente via web seguendo i passaggi indicati e la consegna avviene in 4\/5 giorni.<\/p>","protected":false},"featured_media":35747,"comment_status":"open","ping_status":"closed","template":"","meta":{"_acf_changed":false,"site-sidebar-layout":"default","site-content-layout":"default","ast-site-content-layout":"default","site-content-style":"default","site-sidebar-style":"default","ast-global-header-display":"","ast-banner-title-visibility":"","ast-main-header-display":"","ast-hfb-above-header-display":"","ast-hfb-below-header-display":"","ast-hfb-mobile-header-display":"","site-post-title":"","ast-breadcrumbs-content":"","ast-featured-img":"","footer-sml-layout":"","ast-disable-related-posts":"","theme-transparent-header-meta":"default","adv-header-id-meta":"","stick-header-meta":"default","header-above-stick-meta":"","header-main-stick-meta":"","header-below-stick-meta":"","astra-migrate-meta-layouts":"default","ast-page-background-enabled":"default","ast-page-background-meta":{"desktop":{"background-color":"var(--ast-global-color-4)","background-image":"","background-repeat":"repeat","background-position":"center center","background-size":"auto","background-attachment":"scroll","background-type":"","background-media":"","overlay-type":"","overlay-color":"","overlay-opacity":"","overlay-gradient":""},"tablet":{"background-color":"","background-image":"","background-repeat":"repeat","background-position":"center center","background-size":"auto","background-attachment":"scroll","background-type":"","background-media":"","overlay-type":"","overlay-color":"","overlay-opacity":"","overlay-gradient":""},"mobile":{"background-color":"","background-image":"","background-repeat":"repeat","background-position":"center center","background-size":"auto","background-attachment":"scroll","background-type":"","background-media":"","overlay-type":"","overlay-color":"","overlay-opacity":"","overlay-gradient":""}},"ast-content-background-meta":{"desktop":{"background-color":"var(--ast-global-color-5)","background-image":"","background-repeat":"repeat","background-position":"center center","background-size":"auto","background-attachment":"scroll","background-type":"","background-media":"","overlay-type":"","overlay-color":"","overlay-opacity":"","overlay-gradient":""},"tablet":{"background-color":"var(--ast-global-color-5)","background-image":"","background-repeat":"repeat","background-position":"center center","background-size":"auto","background-attachment":"scroll","background-type":"","background-media":"","overlay-type":"","overlay-color":"","overlay-opacity":"","overlay-gradient":""},"mobile":{"background-color":"var(--ast-global-color-5)","background-image":"","background-repeat":"repeat","background-position":"center center","background-size":"auto","background-attachment":"scroll","background-type":"","background-media":"","overlay-type":"","overlay-color":"","overlay-opacity":"","overlay-gradient":""}}},"product_brand":[],"product_cat":[213,21],"product_tag":[],"class_list":{"0":"post-861","1":"product","2":"type-product","3":"status-publish","4":"has-post-thumbnail","6":"product_cat-agroquimicos","7":"product_cat-productos","8":"pa_cantidad-250g","9":"pa_cantidad-1kg","10":"pa_cantidad-5kg","11":"pa_cantidad-25kg","12":"desktop-align-left","13":"tablet-align-left","14":"mobile-align-left","15":"ast-product-gallery-layout-horizontal-slider","16":"ast-product-gallery-with-no-image","17":"ast-magnify-disabled","18":"ast-product-single-variable","19":"ast-product-tabs-layout-horizontal","20":"ast-qv-on-image","22":"first","23":"instock","24":"taxable","25":"shipping-taxable","26":"purchasable","27":"product-type-variable","28":"has-default-attributes"},"acf":[],"yoast_head":"<!-- This site is optimized with the Yoast SEO Premium plugin v27.1 (Yoast SEO v27.1.1) - https:\/\/yoast.com\/product\/yoast-seo-premium-wordpress\/ -->\n<title>Bicarbonato de Potasio: Comprar Online - Alquera.com<\/title>\n<meta name=\"description\" content=\"ENV\u00cdOS EN 24\/48H. Comprar Bicarbonato de Potasio, riqueza &gt;98% en la tienda online de Alquera. Env\u00edos a toda la Pen\u00ednsula, Islas y Europa.\" \/>\n<meta name=\"robots\" content=\"index, follow, max-snippet:-1, max-image-preview:large, max-video-preview:-1\" \/>\n<link rel=\"canonical\" href=\"https:\/\/www.alquera.com\/it\/bicarbonato-de-potasio\/\" \/>\n<meta property=\"og:locale\" content=\"it_IT\" \/>\n<meta property=\"og:type\" content=\"article\" \/>\n<meta property=\"og:title\" content=\"Bicarbonato de Potasio: Comprar Online - Alquera.com\" \/>\n<meta property=\"og:description\" content=\"ENV\u00cdOS EN 24\/48H. Comprar Bicarbonato de Potasio, riqueza &gt;98% en la tienda online de Alquera. Env\u00edos a toda la Pen\u00ednsula, Islas y Europa.\" \/>\n<meta property=\"og:url\" content=\"https:\/\/www.alquera.com\/it\/bicarbonato-de-potasio\/\" \/>\n<meta property=\"og:site_name\" content=\"Alquera.com\" \/>\n<meta property=\"article:publisher\" content=\"https:\/\/www.facebook.com\/alqueraciencia\" \/>\n<meta property=\"article:modified_time\" content=\"2026-04-03T09:49:43+00:00\" \/>\n<meta property=\"og:image\" content=\"https:\/\/www.alquera.com\/wp-content\/uploads\/2017\/06\/IMG-4318.png\" \/>\n\t<meta property=\"og:image:width\" content=\"800\" \/>\n\t<meta property=\"og:image:height\" content=\"800\" \/>\n\t<meta property=\"og:image:type\" content=\"image\/png\" \/>\n<meta name=\"twitter:card\" content=\"summary_large_image\" \/>\n<meta name=\"twitter:label1\" content=\"Disponibilit\u00e0\" \/>\n\t<meta name=\"twitter:data1\" content=\"In stock\" \/>\n<script type=\"application\/ld+json\" class=\"yoast-schema-graph\">{\"@context\":\"https:\/\/schema.org\",\"@graph\":[{\"@type\":[\"WebPage\",\"ItemPage\"],\"@id\":\"https:\/\/www.alquera.com\/bicarbonato-de-potasio\/\",\"url\":\"https:\/\/www.alquera.com\/bicarbonato-de-potasio\/\",\"name\":\"Bicarbonato de Potasio: Comprar Online - Alquera.com\",\"isPartOf\":{\"@id\":\"https:\/\/www.alquera.com\/en\/#website\"},\"primaryImageOfPage\":{\"@id\":\"https:\/\/www.alquera.com\/bicarbonato-de-potasio\/#primaryimage\"},\"image\":{\"@id\":\"https:\/\/www.alquera.com\/bicarbonato-de-potasio\/#primaryimage\"},\"thumbnailUrl\":\"https:\/\/www.alquera.com\/wp-content\/uploads\/2017\/06\/IMG-4318.png\",\"datePublished\":\"2017-06-29T14:36:30+00:00\",\"dateModified\":\"2026-04-03T09:49:43+00:00\",\"description\":\"ENV\u00cdOS EN 24\/48H. Comprar Bicarbonato de Potasio, riqueza >98% en la tienda online de Alquera. Env\u00edos a toda la Pen\u00ednsula, Islas y Europa.\",\"breadcrumb\":{\"@id\":\"https:\/\/www.alquera.com\/bicarbonato-de-potasio\/#breadcrumb\"},\"inLanguage\":\"it-IT\",\"potentialAction\":[{\"@type\":\"ReadAction\",\"target\":[\"https:\/\/www.alquera.com\/bicarbonato-de-potasio\/\"]}]},{\"@type\":\"ImageObject\",\"inLanguage\":\"it-IT\",\"@id\":\"https:\/\/www.alquera.com\/bicarbonato-de-potasio\/#primaryimage\",\"url\":\"https:\/\/www.alquera.com\/wp-content\/uploads\/2017\/06\/IMG-4318.png\",\"contentUrl\":\"https:\/\/www.alquera.com\/wp-content\/uploads\/2017\/06\/IMG-4318.png\",\"width\":800,\"height\":800,\"caption\":\"Bicarbonato de potasio\"},{\"@type\":\"BreadcrumbList\",\"@id\":\"https:\/\/www.alquera.com\/bicarbonato-de-potasio\/#breadcrumb\",\"itemListElement\":[{\"@type\":\"ListItem\",\"position\":1,\"name\":\"Inicio\",\"item\":\"https:\/\/www.alquera.com\/\"},{\"@type\":\"ListItem\",\"position\":2,\"name\":\"Alquera.com: Tienda Online de Productos Qu\u00edmicos y Material de Laboratorio\",\"item\":\"https:\/\/www.alquera.com\/en\/tienda\/\"},{\"@type\":\"ListItem\",\"position\":3,\"name\":\"Bicarbonato de Potasio\"}]},{\"@type\":\"WebSite\",\"@id\":\"https:\/\/www.alquera.com\/en\/#website\",\"url\":\"https:\/\/www.alquera.com\/en\/\",\"name\":\"Alquera.com\",\"description\":\"Tienda Online Productos Qu\u00edmicos y Material de Laboratorio\",\"publisher\":{\"@id\":\"https:\/\/www.alquera.com\/en\/#organization\"},\"potentialAction\":[{\"@type\":\"SearchAction\",\"target\":{\"@type\":\"EntryPoint\",\"urlTemplate\":\"https:\/\/www.alquera.com\/en\/?s={search_term_string}\"},\"query-input\":{\"@type\":\"PropertyValueSpecification\",\"valueRequired\":true,\"valueName\":\"search_term_string\"}}],\"inLanguage\":\"it-IT\"},{\"@type\":\"Organization\",\"@id\":\"https:\/\/www.alquera.com\/en\/#organization\",\"name\":\"ALQUERA CIENCIA SL\",\"url\":\"https:\/\/www.alquera.com\/en\/\",\"logo\":{\"@type\":\"ImageObject\",\"inLanguage\":\"it-IT\",\"@id\":\"https:\/\/www.alquera.com\/en\/#\/schema\/logo\/image\/\",\"url\":\"https:\/\/www.alquera.com\/wp-content\/uploads\/2020\/11\/logo_300_ancho.png\",\"contentUrl\":\"https:\/\/www.alquera.com\/wp-content\/uploads\/2020\/11\/logo_300_ancho.png\",\"width\":300,\"height\":86,\"caption\":\"ALQUERA CIENCIA SL\"},\"image\":{\"@id\":\"https:\/\/www.alquera.com\/en\/#\/schema\/logo\/image\/\"},\"sameAs\":[\"https:\/\/www.facebook.com\/alqueraciencia\",\"https:\/\/www.instagram.com\/alquera_ciencia\/\",\"https:\/\/www.youtube.com\/c\/alquera\"]}]}<\/script>\n<meta property=\"og:availability\" content=\"instock\" \/>\n<meta property=\"product:availability\" content=\"instock\" \/>\n<meta property=\"product:retailer_item_id\" content=\"ALCS16_5\" \/>\n<meta property=\"product:condition\" content=\"new\" \/>\n<!-- \/ Yoast SEO Premium plugin. -->","yoast_head_json":{"title":"Bicarbonato di potassio: acquistare online - Alquera.com","description":"SPEDIZIONI IN 24\/48 ORE. Acquistate il Bicarbonato di potassio, ricchezza &gt;98% nel negozio online di Alquera. Spedizioni in tutta la Penisola, Isole ed Europa.","robots":{"index":"index","follow":"follow","max-snippet":"max-snippet:-1","max-image-preview":"max-image-preview:large","max-video-preview":"max-video-preview:-1"},"canonical":"https:\/\/www.alquera.com\/it\/bicarbonato-de-potasio\/","og_locale":"it_IT","og_type":"article","og_title":"Bicarbonato de Potasio: Comprar Online - Alquera.com","og_description":"ENV\u00cdOS EN 24\/48H. Comprar Bicarbonato de Potasio, riqueza >98% en la tienda online de Alquera. Env\u00edos a toda la Pen\u00ednsula, Islas y Europa.","og_url":"https:\/\/www.alquera.com\/it\/bicarbonato-de-potasio\/","og_site_name":"Alquera.com","article_publisher":"https:\/\/www.facebook.com\/alqueraciencia","article_modified_time":"2026-04-03T09:49:43+00:00","og_image":[{"width":800,"height":800,"url":"https:\/\/www.alquera.com\/wp-content\/uploads\/2017\/06\/IMG-4318.png","type":"image\/png"}],"twitter_card":"summary_large_image","twitter_misc":{"Disponibilit\u00e0":"In stock"},"schema":{"@context":"https:\/\/schema.org","@graph":[{"@type":["WebPage","ItemPage"],"@id":"https:\/\/www.alquera.com\/bicarbonato-de-potasio\/","url":"https:\/\/www.alquera.com\/bicarbonato-de-potasio\/","name":"Bicarbonato di potassio: acquistare online - Alquera.com","isPartOf":{"@id":"https:\/\/www.alquera.com\/en\/#website"},"primaryImageOfPage":{"@id":"https:\/\/www.alquera.com\/bicarbonato-de-potasio\/#primaryimage"},"image":{"@id":"https:\/\/www.alquera.com\/bicarbonato-de-potasio\/#primaryimage"},"thumbnailUrl":"https:\/\/www.alquera.com\/wp-content\/uploads\/2017\/06\/IMG-4318.png","datePublished":"2017-06-29T14:36:30+00:00","dateModified":"2026-04-03T09:49:43+00:00","description":"SPEDIZIONI IN 24\/48 ORE. Acquistate il Bicarbonato di potassio, ricchezza &gt;98% nel negozio online di Alquera. Spedizioni in tutta la Penisola, Isole ed Europa.","breadcrumb":{"@id":"https:\/\/www.alquera.com\/bicarbonato-de-potasio\/#breadcrumb"},"inLanguage":"it-IT","potentialAction":[{"@type":"ReadAction","target":["https:\/\/www.alquera.com\/bicarbonato-de-potasio\/"]}]},{"@type":"ImageObject","inLanguage":"it-IT","@id":"https:\/\/www.alquera.com\/bicarbonato-de-potasio\/#primaryimage","url":"https:\/\/www.alquera.com\/wp-content\/uploads\/2017\/06\/IMG-4318.png","contentUrl":"https:\/\/www.alquera.com\/wp-content\/uploads\/2017\/06\/IMG-4318.png","width":800,"height":800,"caption":"Bicarbonato de potasio"},{"@type":"BreadcrumbList","@id":"https:\/\/www.alquera.com\/bicarbonato-de-potasio\/#breadcrumb","itemListElement":[{"@type":"ListItem","position":1,"name":"Inicio","item":"https:\/\/www.alquera.com\/"},{"@type":"ListItem","position":2,"name":"Alquera.com: Tienda Online de Productos Qu\u00edmicos y Material de Laboratorio","item":"https:\/\/www.alquera.com\/en\/tienda\/"},{"@type":"ListItem","position":3,"name":"Bicarbonato de Potasio"}]},{"@type":"WebSite","@id":"https:\/\/www.alquera.com\/en\/#website","url":"https:\/\/www.alquera.com\/en\/","name":"Alquera.com","description":"Negozio online di prodotti chimici e forniture di laboratorio","publisher":{"@id":"https:\/\/www.alquera.com\/en\/#organization"},"potentialAction":[{"@type":"SearchAction","target":{"@type":"EntryPoint","urlTemplate":"https:\/\/www.alquera.com\/en\/?s={search_term_string}"},"query-input":{"@type":"PropertyValueSpecification","valueRequired":true,"valueName":"search_term_string"}}],"inLanguage":"it-IT"},{"@type":"Organization","@id":"https:\/\/www.alquera.com\/en\/#organization","name":"ALQUERA CIENCIA SL","url":"https:\/\/www.alquera.com\/en\/","logo":{"@type":"ImageObject","inLanguage":"it-IT","@id":"https:\/\/www.alquera.com\/en\/#\/schema\/logo\/image\/","url":"https:\/\/www.alquera.com\/wp-content\/uploads\/2020\/11\/logo_300_ancho.png","contentUrl":"https:\/\/www.alquera.com\/wp-content\/uploads\/2020\/11\/logo_300_ancho.png","width":300,"height":86,"caption":"ALQUERA CIENCIA SL"},"image":{"@id":"https:\/\/www.alquera.com\/en\/#\/schema\/logo\/image\/"},"sameAs":["https:\/\/www.facebook.com\/alqueraciencia","https:\/\/www.instagram.com\/alquera_ciencia\/","https:\/\/www.youtube.com\/c\/alquera"]}]},"og_availability":"instock","product_availability":"instock","product_retailer_item_id":"ALCS16_5","product_condition":"new"},"_links":{"self":[{"href":"https:\/\/www.alquera.com\/it\/wp-json\/wp\/v2\/product\/861","targetHints":{"allow":["GET"]}}],"collection":[{"href":"https:\/\/www.alquera.com\/it\/wp-json\/wp\/v2\/product"}],"about":[{"href":"https:\/\/www.alquera.com\/it\/wp-json\/wp\/v2\/types\/product"}],"replies":[{"embeddable":true,"href":"https:\/\/www.alquera.com\/it\/wp-json\/wp\/v2\/comments?post=861"}],"wp:featuredmedia":[{"embeddable":true,"href":"https:\/\/www.alquera.com\/it\/wp-json\/wp\/v2\/media\/35747"}],"wp:attachment":[{"href":"https:\/\/www.alquera.com\/it\/wp-json\/wp\/v2\/media?parent=861"}],"wp:term":[{"taxonomy":"product_brand","embeddable":true,"href":"https:\/\/www.alquera.com\/it\/wp-json\/wp\/v2\/product_brand?post=861"},{"taxonomy":"product_cat","embeddable":true,"href":"https:\/\/www.alquera.com\/it\/wp-json\/wp\/v2\/product_cat?post=861"},{"taxonomy":"product_tag","embeddable":true,"href":"https:\/\/www.alquera.com\/it\/wp-json\/wp\/v2\/product_tag?post=861"}],"curies":[{"name":"wp","href":"https:\/\/api.w.org\/{rel}","templated":true}]}}