{"id":885,"date":"2017-07-07T16:17:41","date_gmt":"2017-07-07T16:17:41","guid":{"rendered":"http:\/\/localhost\/alquera\/productos\/producto\/borax-5kg\/"},"modified":"2026-05-16T11:56:33","modified_gmt":"2026-05-16T11:56:33","slug":"borax","status":"publish","type":"product","link":"https:\/\/www.alquera.com\/it\/borax\/","title":{"rendered":"Borace Decaidrato"},"content":{"rendered":"<p>Borace \u00e8 il nome commerciale del sale di boro.  Il borace \u00e8 un cristallo bianco facilmente solubile in acqua. Il borace ha una moltitudine di usi, sia nei detergenti, ammorbidenti, saponi, ... sia in gioielleria come fondente per saldare oro, argento, ecc. Si usa anche nella produzione di vetro e di componenti per vernici.<\/p>\n<h2>IDENTIFICAZIONE E PROPRIET\u00c0<\/h2>\n<p><strong>Nome<\/strong>Borace decaidrato<br \/>\n<strong>Sinonimi<\/strong>Tetraborato di disodio decaidrato, tetraborato di sodio decaidrato, tetraborato di sodio decaidrato<br \/>\n<strong>CAS:<\/strong> 1303-96-4<br \/>\n<strong>CE:<\/strong> 215-540-4<\/p>\n<ul>\n<li>Aspetto (20\u00baC; 1013 hPa): solido cristallino bianco (polvere o granulare)<\/li>\n<li>Odore: inodore<\/li>\n<li>pH (20\u00baC): 9,3 (soluzione a 0,1%) 9,2 (soluzione a 1,0%) 9,3 (soluzione a 4,7%)<\/li>\n<li>Punto di fusione: 741\u00baC<\/li>\n<li>Punto di ebollizione: 1575\u00baC<\/li>\n<li>Pressione di vapore (50\u00baC): &lt;300 kPa<\/li>\n<li>Densit\u00e0 relativa (20\u00baC): 1,73 g\/cm3<\/li>\n<li>Solubilit\u00e0 in acqua (20\u00baC): 4,7%<\/li>\n<li>Solubilit\u00e0 in acqua (100\u00baC): 65,6%<\/li>\n<li>Coefficiente di ripartizione n-ottanolo\/acqua (Log Pow) (20\u00baC): -0,757<\/li>\n<li>Temperatura di decomposizione: -95\u00baC<\/li>\n<li>Propriet\u00e0 esplosive: non esplosivo<\/li>\n<li>Propriet\u00e0 ossidanti: Non comburente<\/li>\n<\/ul>\n<h2>IMPIEGHI:<\/h2>\n<p>Gli usi e le propriet\u00e0 sono illustrati in dettaglio in questa sezione: <a href=\"https:\/\/www.alquera.com\/it\/borax\/usos-borax\/\" target=\"_blank\" rel=\"noopener noreferrer\">Usi del borace<\/a>.<\/p>\n<ul>\n<li><strong>IN DETERGENTI<\/strong><\/li>\n<\/ul>\n<p>Il borace \u00e8 uno degli ingredienti che compongono la maggior parte dei saponi, dei detergenti e degli ammorbidenti. Il borace viene utilizzato perch\u00e9, essendo un composto anfotero (reagisce con acidi e basi), \u00e8 un buon regolatore del pH, oltre ad ammorbidire i carbonati presenti nell'acqua, consentendo una maggiore pulizia.<br \/>\nLa borace viene talvolta utilizzata come potenziatore di detersivi. Soprattutto in caso di utilizzo di un detergente molto basico, un potenziatore come la borace viene utilizzato per migliorare le propriet\u00e0 del detergente. La borace viene anche utilizzata per la produzione insieme a <a href=\"https:\/\/www.alquera.com\/it\/carbonato-de-sodio\/\">carbonato di sodio<\/a> di detergenti per la casa.<\/p>\n<ul>\n<li><strong>IN GIOIELLERIA:<\/strong><\/li>\n<\/ul>\n<p>Nella fusione dell'oro e dell'argento, il borace viene utilizzato per sciogliere gli ossidi che si formano durante il riscaldamento dell'oro e dell'argento. Permette al materiale fuso di scorrere sullo stampo e di mantenere la sua lucentezza.<\/p>\n<h3>Fare la melma con il borace (esperimento)<\/h3>\n<p>Uno degli esperimenti o dei mestieri pi\u00f9 comuni tra i giovani \u00e8 la realizzazione di uno slime, o pasta appiccicosa. Il modo pi\u00f9 comune ed efficace per fare uno slime \u00e8 con il borace.<\/p>\n<h3>ALTRI USI:<\/h3>\n<p>Il borace viene utilizzato anche nella produzione di vetro, smalti, fertilizzanti fogliari e componenti di vernici.<\/p>","protected":false},"excerpt":{"rendered":"<p>Acquistate facilmente il borace, dalle piccole confezioni da 250 grammi ai sacchi da 25 kg. \u00c8 possibile vedere il prezzo dei diversi formati di borace quando si seleziona il formato desiderato. L'ordine viene effettuato direttamente via web seguendo i passaggi indicati e la consegna avviene in 4\/5 giorni.<\/p>","protected":false},"featured_media":884,"comment_status":"open","ping_status":"closed","template":"","meta":{"_acf_changed":false,"site-sidebar-layout":"default","site-content-layout":"default","ast-site-content-layout":"default","site-content-style":"default","site-sidebar-style":"default","ast-global-header-display":"","ast-banner-title-visibility":"","ast-main-header-display":"","ast-hfb-above-header-display":"","ast-hfb-below-header-display":"","ast-hfb-mobile-header-display":"","site-post-title":"","ast-breadcrumbs-content":"","ast-featured-img":"","footer-sml-layout":"","ast-disable-related-posts":"","theme-transparent-header-meta":"default","adv-header-id-meta":"","stick-header-meta":"default","header-above-stick-meta":"","header-main-stick-meta":"","header-below-stick-meta":"","astra-migrate-meta-layouts":"default","ast-page-background-enabled":"default","ast-page-background-meta":{"desktop":{"background-color":"var(--ast-global-color-4)","background-image":"","background-repeat":"repeat","background-position":"center center","background-size":"auto","background-attachment":"scroll","background-type":"","background-media":"","overlay-type":"","overlay-color":"","overlay-opacity":"","overlay-gradient":""},"tablet":{"background-color":"","background-image":"","background-repeat":"repeat","background-position":"center center","background-size":"auto","background-attachment":"scroll","background-type":"","background-media":"","overlay-type":"","overlay-color":"","overlay-opacity":"","overlay-gradient":""},"mobile":{"background-color":"","background-image":"","background-repeat":"repeat","background-position":"center center","background-size":"auto","background-attachment":"scroll","background-type":"","background-media":"","overlay-type":"","overlay-color":"","overlay-opacity":"","overlay-gradient":""}},"ast-content-background-meta":{"desktop":{"background-color":"var(--ast-global-color-5)","background-image":"","background-repeat":"repeat","background-position":"center center","background-size":"auto","background-attachment":"scroll","background-type":"","background-media":"","overlay-type":"","overlay-color":"","overlay-opacity":"","overlay-gradient":""},"tablet":{"background-color":"var(--ast-global-color-5)","background-image":"","background-repeat":"repeat","background-position":"center center","background-size":"auto","background-attachment":"scroll","background-type":"","background-media":"","overlay-type":"","overlay-color":"","overlay-opacity":"","overlay-gradient":""},"mobile":{"background-color":"var(--ast-global-color-5)","background-image":"","background-repeat":"repeat","background-position":"center center","background-size":"auto","background-attachment":"scroll","background-type":"","background-media":"","overlay-type":"","overlay-color":"","overlay-opacity":"","overlay-gradient":""}}},"product_brand":[],"product_cat":[213,21],"product_tag":[],"class_list":{"0":"post-885","1":"product","2":"type-product","3":"status-publish","4":"has-post-thumbnail","6":"product_cat-agroquimicos","7":"product_cat-productos","8":"pa_cantidad-250g","9":"pa_cantidad-1kg","10":"pa_cantidad-5kg","11":"desktop-align-left","12":"tablet-align-left","13":"mobile-align-left","14":"ast-product-gallery-layout-horizontal-slider","15":"ast-product-gallery-with-no-image","16":"ast-magnify-disabled","17":"ast-product-single-variable","18":"ast-product-tabs-layout-horizontal","19":"ast-qv-on-image","21":"first","22":"instock","23":"taxable","24":"shipping-taxable","25":"purchasable","26":"product-type-variable","27":"has-default-attributes"},"acf":[],"yoast_head":"<!-- This site is optimized with the Yoast SEO Premium plugin v27.1 (Yoast SEO v27.1.1) - https:\/\/yoast.com\/product\/yoast-seo-premium-wordpress\/ -->\n<title>Borax Decahidratado - Comprar Online - Alquera.com<\/title>\n<meta name=\"description\" content=\"ENV\u00cdOS EN 24\/48H. Comprar Borax Decahidratado. Uso para fabricaci\u00f3n detergentes, suavizantes, jabones, as\u00ed como en joyer\u00eda.\" \/>\n<meta name=\"robots\" content=\"index, follow, max-snippet:-1, max-image-preview:large, max-video-preview:-1\" \/>\n<link rel=\"canonical\" href=\"https:\/\/www.alquera.com\/it\/borax\/\" \/>\n<meta property=\"og:locale\" content=\"it_IT\" \/>\n<meta property=\"og:type\" content=\"article\" \/>\n<meta property=\"og:title\" content=\"Borax Decahidratado: Comprar Online - Alquera.com\" \/>\n<meta property=\"og:description\" content=\"ENV\u00cdOS EN 24\/48H. Comprar Borax Decahidratado. Uso para fabricaci\u00f3n detergentes, suavizantes, jabones, as\u00ed como en joyer\u00eda.\" \/>\n<meta property=\"og:url\" content=\"https:\/\/www.alquera.com\/it\/borax\/\" \/>\n<meta property=\"og:site_name\" content=\"Alquera.com\" \/>\n<meta property=\"article:publisher\" content=\"https:\/\/www.facebook.com\/alqueraciencia\" \/>\n<meta property=\"article:modified_time\" content=\"2026-05-16T11:56:33+00:00\" \/>\n<meta property=\"og:image\" content=\"https:\/\/www.alquera.com\/wp-content\/uploads\/2017\/07\/1059-thickbox_default-Borax-Decahidratado-5Kg.jpg\" \/>\n\t<meta property=\"og:image:width\" content=\"800\" \/>\n\t<meta property=\"og:image:height\" content=\"800\" \/>\n\t<meta property=\"og:image:type\" content=\"image\/jpeg\" \/>\n<meta name=\"twitter:card\" content=\"summary_large_image\" \/>\n<meta name=\"twitter:label1\" content=\"Disponibilit\u00e0\" \/>\n\t<meta name=\"twitter:data1\" content=\"In stock\" \/>\n<script type=\"application\/ld+json\" class=\"yoast-schema-graph\">{\"@context\":\"https:\/\/schema.org\",\"@graph\":[{\"@type\":[\"WebPage\",\"ItemPage\"],\"@id\":\"https:\/\/www.alquera.com\/borax\/\",\"url\":\"https:\/\/www.alquera.com\/borax\/\",\"name\":\"Borax Decahidratado - Comprar Online - Alquera.com\",\"isPartOf\":{\"@id\":\"https:\/\/www.alquera.com\/en\/#website\"},\"primaryImageOfPage\":{\"@id\":\"https:\/\/www.alquera.com\/borax\/#primaryimage\"},\"image\":{\"@id\":\"https:\/\/www.alquera.com\/borax\/#primaryimage\"},\"thumbnailUrl\":\"https:\/\/www.alquera.com\/wp-content\/uploads\/2017\/07\/1059-thickbox_default-Borax-Decahidratado-5Kg.jpg\",\"datePublished\":\"2017-07-07T16:17:41+00:00\",\"dateModified\":\"2026-05-16T11:56:33+00:00\",\"description\":\"ENV\u00cdOS EN 24\/48H. Comprar Borax Decahidratado. Uso para fabricaci\u00f3n detergentes, suavizantes, jabones, as\u00ed como en joyer\u00eda.\",\"breadcrumb\":{\"@id\":\"https:\/\/www.alquera.com\/borax\/#breadcrumb\"},\"inLanguage\":\"it-IT\",\"potentialAction\":[{\"@type\":\"ReadAction\",\"target\":[\"https:\/\/www.alquera.com\/borax\/\"]}]},{\"@type\":\"ImageObject\",\"inLanguage\":\"it-IT\",\"@id\":\"https:\/\/www.alquera.com\/borax\/#primaryimage\",\"url\":\"https:\/\/www.alquera.com\/wp-content\/uploads\/2017\/07\/1059-thickbox_default-Borax-Decahidratado-5Kg.jpg\",\"contentUrl\":\"https:\/\/www.alquera.com\/wp-content\/uploads\/2017\/07\/1059-thickbox_default-Borax-Decahidratado-5Kg.jpg\",\"width\":800,\"height\":800,\"caption\":\"Borax Decahidratado\"},{\"@type\":\"BreadcrumbList\",\"@id\":\"https:\/\/www.alquera.com\/borax\/#breadcrumb\",\"itemListElement\":[{\"@type\":\"ListItem\",\"position\":1,\"name\":\"Inicio\",\"item\":\"https:\/\/www.alquera.com\/\"},{\"@type\":\"ListItem\",\"position\":2,\"name\":\"Alquera.com: Tienda Online de Productos Qu\u00edmicos y Material de Laboratorio\",\"item\":\"https:\/\/www.alquera.com\/en\/tienda\/\"},{\"@type\":\"ListItem\",\"position\":3,\"name\":\"Borax Decahidratado\"}]},{\"@type\":\"WebSite\",\"@id\":\"https:\/\/www.alquera.com\/en\/#website\",\"url\":\"https:\/\/www.alquera.com\/en\/\",\"name\":\"Alquera.com\",\"description\":\"Tienda Online Productos Qu\u00edmicos y Material de Laboratorio\",\"publisher\":{\"@id\":\"https:\/\/www.alquera.com\/en\/#organization\"},\"potentialAction\":[{\"@type\":\"SearchAction\",\"target\":{\"@type\":\"EntryPoint\",\"urlTemplate\":\"https:\/\/www.alquera.com\/en\/?s={search_term_string}\"},\"query-input\":{\"@type\":\"PropertyValueSpecification\",\"valueRequired\":true,\"valueName\":\"search_term_string\"}}],\"inLanguage\":\"it-IT\"},{\"@type\":\"Organization\",\"@id\":\"https:\/\/www.alquera.com\/en\/#organization\",\"name\":\"ALQUERA CIENCIA SL\",\"url\":\"https:\/\/www.alquera.com\/en\/\",\"logo\":{\"@type\":\"ImageObject\",\"inLanguage\":\"it-IT\",\"@id\":\"https:\/\/www.alquera.com\/en\/#\/schema\/logo\/image\/\",\"url\":\"https:\/\/www.alquera.com\/wp-content\/uploads\/2020\/11\/logo_300_ancho.png\",\"contentUrl\":\"https:\/\/www.alquera.com\/wp-content\/uploads\/2020\/11\/logo_300_ancho.png\",\"width\":300,\"height\":86,\"caption\":\"ALQUERA CIENCIA SL\"},\"image\":{\"@id\":\"https:\/\/www.alquera.com\/en\/#\/schema\/logo\/image\/\"},\"sameAs\":[\"https:\/\/www.facebook.com\/alqueraciencia\",\"https:\/\/www.instagram.com\/alquera_ciencia\/\",\"https:\/\/www.youtube.com\/c\/alquera\"]}]}<\/script>\n<meta property=\"og:availability\" content=\"instock\" \/>\n<meta property=\"product:availability\" content=\"instock\" \/>\n<meta property=\"product:retailer_item_id\" content=\"AL100061\" \/>\n<meta property=\"product:condition\" content=\"new\" \/>\n<!-- \/ Yoast SEO Premium plugin. -->","yoast_head_json":{"title":"Borace decaidrato - Acquistare online - Alquera.com","description":"SPEDIZIONE IN 24\/48 ORE. Acquistare Borace decaidrato. Utilizzato nella produzione di detergenti, ammorbidenti, saponi e nella gioielleria.","robots":{"index":"index","follow":"follow","max-snippet":"max-snippet:-1","max-image-preview":"max-image-preview:large","max-video-preview":"max-video-preview:-1"},"canonical":"https:\/\/www.alquera.com\/it\/borax\/","og_locale":"it_IT","og_type":"article","og_title":"Borax Decahidratado: Comprar Online - Alquera.com","og_description":"ENV\u00cdOS EN 24\/48H. Comprar Borax Decahidratado. Uso para fabricaci\u00f3n detergentes, suavizantes, jabones, as\u00ed como en joyer\u00eda.","og_url":"https:\/\/www.alquera.com\/it\/borax\/","og_site_name":"Alquera.com","article_publisher":"https:\/\/www.facebook.com\/alqueraciencia","article_modified_time":"2026-05-16T11:56:33+00:00","og_image":[{"width":800,"height":800,"url":"https:\/\/www.alquera.com\/wp-content\/uploads\/2017\/07\/1059-thickbox_default-Borax-Decahidratado-5Kg.jpg","type":"image\/jpeg"}],"twitter_card":"summary_large_image","twitter_misc":{"Disponibilit\u00e0":"In stock"},"schema":{"@context":"https:\/\/schema.org","@graph":[{"@type":["WebPage","ItemPage"],"@id":"https:\/\/www.alquera.com\/borax\/","url":"https:\/\/www.alquera.com\/borax\/","name":"Borace decaidrato - Acquistare online - Alquera.com","isPartOf":{"@id":"https:\/\/www.alquera.com\/en\/#website"},"primaryImageOfPage":{"@id":"https:\/\/www.alquera.com\/borax\/#primaryimage"},"image":{"@id":"https:\/\/www.alquera.com\/borax\/#primaryimage"},"thumbnailUrl":"https:\/\/www.alquera.com\/wp-content\/uploads\/2017\/07\/1059-thickbox_default-Borax-Decahidratado-5Kg.jpg","datePublished":"2017-07-07T16:17:41+00:00","dateModified":"2026-05-16T11:56:33+00:00","description":"SPEDIZIONE IN 24\/48 ORE. Acquistare Borace decaidrato. Utilizzato nella produzione di detergenti, ammorbidenti, saponi e nella gioielleria.","breadcrumb":{"@id":"https:\/\/www.alquera.com\/borax\/#breadcrumb"},"inLanguage":"it-IT","potentialAction":[{"@type":"ReadAction","target":["https:\/\/www.alquera.com\/borax\/"]}]},{"@type":"ImageObject","inLanguage":"it-IT","@id":"https:\/\/www.alquera.com\/borax\/#primaryimage","url":"https:\/\/www.alquera.com\/wp-content\/uploads\/2017\/07\/1059-thickbox_default-Borax-Decahidratado-5Kg.jpg","contentUrl":"https:\/\/www.alquera.com\/wp-content\/uploads\/2017\/07\/1059-thickbox_default-Borax-Decahidratado-5Kg.jpg","width":800,"height":800,"caption":"Borax Decahidratado"},{"@type":"BreadcrumbList","@id":"https:\/\/www.alquera.com\/borax\/#breadcrumb","itemListElement":[{"@type":"ListItem","position":1,"name":"Inicio","item":"https:\/\/www.alquera.com\/"},{"@type":"ListItem","position":2,"name":"Alquera.com: Tienda Online de Productos Qu\u00edmicos y Material de Laboratorio","item":"https:\/\/www.alquera.com\/en\/tienda\/"},{"@type":"ListItem","position":3,"name":"Borax Decahidratado"}]},{"@type":"WebSite","@id":"https:\/\/www.alquera.com\/en\/#website","url":"https:\/\/www.alquera.com\/en\/","name":"Alquera.com","description":"Negozio online di prodotti chimici e forniture di laboratorio","publisher":{"@id":"https:\/\/www.alquera.com\/en\/#organization"},"potentialAction":[{"@type":"SearchAction","target":{"@type":"EntryPoint","urlTemplate":"https:\/\/www.alquera.com\/en\/?s={search_term_string}"},"query-input":{"@type":"PropertyValueSpecification","valueRequired":true,"valueName":"search_term_string"}}],"inLanguage":"it-IT"},{"@type":"Organization","@id":"https:\/\/www.alquera.com\/en\/#organization","name":"ALQUERA CIENCIA SL","url":"https:\/\/www.alquera.com\/en\/","logo":{"@type":"ImageObject","inLanguage":"it-IT","@id":"https:\/\/www.alquera.com\/en\/#\/schema\/logo\/image\/","url":"https:\/\/www.alquera.com\/wp-content\/uploads\/2020\/11\/logo_300_ancho.png","contentUrl":"https:\/\/www.alquera.com\/wp-content\/uploads\/2020\/11\/logo_300_ancho.png","width":300,"height":86,"caption":"ALQUERA CIENCIA SL"},"image":{"@id":"https:\/\/www.alquera.com\/en\/#\/schema\/logo\/image\/"},"sameAs":["https:\/\/www.facebook.com\/alqueraciencia","https:\/\/www.instagram.com\/alquera_ciencia\/","https:\/\/www.youtube.com\/c\/alquera"]}]},"og_availability":"instock","product_availability":"instock","product_retailer_item_id":"AL100061","product_condition":"new"},"_links":{"self":[{"href":"https:\/\/www.alquera.com\/it\/wp-json\/wp\/v2\/product\/885","targetHints":{"allow":["GET"]}}],"collection":[{"href":"https:\/\/www.alquera.com\/it\/wp-json\/wp\/v2\/product"}],"about":[{"href":"https:\/\/www.alquera.com\/it\/wp-json\/wp\/v2\/types\/product"}],"replies":[{"embeddable":true,"href":"https:\/\/www.alquera.com\/it\/wp-json\/wp\/v2\/comments?post=885"}],"wp:featuredmedia":[{"embeddable":true,"href":"https:\/\/www.alquera.com\/it\/wp-json\/wp\/v2\/media\/884"}],"wp:attachment":[{"href":"https:\/\/www.alquera.com\/it\/wp-json\/wp\/v2\/media?parent=885"}],"wp:term":[{"taxonomy":"product_brand","embeddable":true,"href":"https:\/\/www.alquera.com\/it\/wp-json\/wp\/v2\/product_brand?post=885"},{"taxonomy":"product_cat","embeddable":true,"href":"https:\/\/www.alquera.com\/it\/wp-json\/wp\/v2\/product_cat?post=885"},{"taxonomy":"product_tag","embeddable":true,"href":"https:\/\/www.alquera.com\/it\/wp-json\/wp\/v2\/product_tag?post=885"}],"curies":[{"name":"wp","href":"https:\/\/api.w.org\/{rel}","templated":true}]}}