{"id":984,"date":"2017-10-18T13:30:19","date_gmt":"2017-10-18T13:30:19","guid":{"rendered":"http:\/\/localhost\/alquera\/productos\/producto\/matraz-erlenmeyer-cuello-estrecho-250ml\/"},"modified":"2026-04-09T03:36:26","modified_gmt":"2026-04-09T03:36:26","slug":"matraz-erlenmeyer-cuello-estrecho","status":"publish","type":"product","link":"https:\/\/www.alquera.com\/it\/matraz-erlenmeyer-cuello-estrecho\/","title":{"rendered":"Beuta a collo stretto"},"content":{"rendered":"<p>Beuta. Vetro borosilicato LGB 3.3. Graduato. Secondo DIN 12380, ISO<br \/>\n1773. Sterilizzabile in autoclave a 121\u00ba. In diversi volumi, 50ml, 100ml, 250ml, 500ml e 1000ml.<\/p>\n<h2>PALLONI: PROPRIET\u00c0 TECNICHE<\/h2>\n<p><img loading=\"lazy\" decoding=\"async\" class=\"alignnone size-large wp-image-46862\" src=\"https:\/\/www.alquera.com\/wp-content\/uploads\/2017\/10\/datos-tecnicos-1024x329.png\" alt=\"DATOS T\u00c9CNICOS MATRACES\" width=\"1024\" height=\"329\" srcset=\"https:\/\/www.alquera.com\/wp-content\/uploads\/2017\/10\/datos-tecnicos-1024x329.png 1024w, https:\/\/www.alquera.com\/wp-content\/uploads\/2017\/10\/datos-tecnicos-300x96.png 300w, https:\/\/www.alquera.com\/wp-content\/uploads\/2017\/10\/datos-tecnicos-768x247.png 768w, https:\/\/www.alquera.com\/wp-content\/uploads\/2017\/10\/datos-tecnicos-18x6.png 18w, https:\/\/www.alquera.com\/wp-content\/uploads\/2017\/10\/datos-tecnicos-600x193.png 600w, https:\/\/www.alquera.com\/wp-content\/uploads\/2017\/10\/datos-tecnicos.png 1246w\" sizes=\"auto, (max-width: 1024px) 100vw, 1024px\" \/><\/p>\n<h2>MATRAZ ERLENMEYER DE BOROSILICATO<\/h2>\n<p>Il vetro borosilicato 3.3 \u00e8 un vetro con un contenuto minimo di silice.<br \/>\n\u00c8 praticamente privo di magnesio, calce e zinco e contiene solo tracce di metalli pesanti.<\/p>\n<p><strong>Composizione chimica:<\/strong><\/p>\n<ul>\n<li>81% in peso SiO2<\/li>\n<li>13,0% in peso di B2O3<\/li>\n<li>4% in peso di Na2O<\/li>\n<\/ul>\n<p><strong>Propriet\u00e0 termiche:<\/strong><br \/>\nCoefficiente di espansione lineare: 32,5 x10-7 \u00ba C<br \/>\nTemperatura massima di esercizio: 515 \u00ba C<br \/>\nTemperatura di ricottura: 565 \u00ba C<br \/>\nTemperatura di rammollimento: 820 \u00ba C<br \/>\nCalore specifico: 0,2<br \/>\nConduttivit\u00e0 termica (cal\/cm3 \/ \u00ba C \/ sec): 0,0027<br \/>\nResistenza chimica:<br \/>\nEste vidrio es altamente resistente al agua, soluciones neutras y \u00e1cidas, \u00e1cidos concentrados y sus mezclas, as\u00ed como a cloruro, bromo, yodo, y disolventes org\u00e1nicos. Incluso durante el largos per\u00edodos de exposici\u00f3n y a temperaturas superiores a 100 \u00b0 C, su resistencia qu\u00edmica supera la de la mayor\u00eda de los metales y otros materiales.<br \/>\nPu\u00f2 resistere a ripetute sterilizzazioni a secco e a umido senza deterioramento della superficie e conseguente<br \/>\ncontaminaci\u00f3n. Resiste al ataque de diversas sustancias qu\u00edmicas. S\u00f3lo el \u00e1cido fluorh\u00eddrico, el \u00e1cido fosf\u00f3rico muy caliente y soluciones alcalinas con el aumento de la concentraci\u00f3n y la temperatura, atacan cada vez m\u00e1s la superficie de vidrio.<\/p>","protected":false},"excerpt":{"rendered":"<p class=\"ai-optimize-47\">Comprar Matraz Erlenmeyer de Cuello Estrecho. Indispensable para trabajo en Laboratorio. Vidrio Borosilicato LGB 3.3. Graduado. Esterilizable en autoclave a 121\u00ba. En diferentes vol\u00famenes, de 50ml, 100ml, 250ml, 500ml y 1000ml. Puedes hacer el pedido directamente por la p\u00e1gina web siguiendo los pasos que se indican. Env\u00edos en 24\/48h a toda la Pen\u00ednsula, 4-5 d\u00edas en Europa.<\/p>","protected":false},"featured_media":32804,"comment_status":"open","ping_status":"closed","template":"","meta":{"_acf_changed":false,"site-sidebar-layout":"default","site-content-layout":"default","ast-site-content-layout":"default","site-content-style":"default","site-sidebar-style":"default","ast-global-header-display":"","ast-banner-title-visibility":"","ast-main-header-display":"","ast-hfb-above-header-display":"","ast-hfb-below-header-display":"","ast-hfb-mobile-header-display":"","site-post-title":"","ast-breadcrumbs-content":"","ast-featured-img":"","footer-sml-layout":"","ast-disable-related-posts":"","theme-transparent-header-meta":"default","adv-header-id-meta":"","stick-header-meta":"default","header-above-stick-meta":"","header-main-stick-meta":"","header-below-stick-meta":"","astra-migrate-meta-layouts":"set","ast-page-background-enabled":"default","ast-page-background-meta":{"desktop":{"background-color":"var(--ast-global-color-4)","background-image":"","background-repeat":"repeat","background-position":"center center","background-size":"auto","background-attachment":"scroll","background-type":"","background-media":"","overlay-type":"","overlay-color":"","overlay-opacity":"","overlay-gradient":""},"tablet":{"background-color":"","background-image":"","background-repeat":"repeat","background-position":"center center","background-size":"auto","background-attachment":"scroll","background-type":"","background-media":"","overlay-type":"","overlay-color":"","overlay-opacity":"","overlay-gradient":""},"mobile":{"background-color":"","background-image":"","background-repeat":"repeat","background-position":"center center","background-size":"auto","background-attachment":"scroll","background-type":"","background-media":"","overlay-type":"","overlay-color":"","overlay-opacity":"","overlay-gradient":""}},"ast-content-background-meta":{"desktop":{"background-color":"var(--ast-global-color-5)","background-image":"","background-repeat":"repeat","background-position":"center center","background-size":"auto","background-attachment":"scroll","background-type":"","background-media":"","overlay-type":"","overlay-color":"","overlay-opacity":"","overlay-gradient":""},"tablet":{"background-color":"var(--ast-global-color-5)","background-image":"","background-repeat":"repeat","background-position":"center center","background-size":"auto","background-attachment":"scroll","background-type":"","background-media":"","overlay-type":"","overlay-color":"","overlay-opacity":"","overlay-gradient":""},"mobile":{"background-color":"var(--ast-global-color-5)","background-image":"","background-repeat":"repeat","background-position":"center center","background-size":"auto","background-attachment":"scroll","background-type":"","background-media":"","overlay-type":"","overlay-color":"","overlay-opacity":"","overlay-gradient":""}}},"product_brand":[],"product_cat":[21,26],"product_tag":[],"class_list":{"0":"post-984","1":"product","2":"type-product","3":"status-publish","4":"has-post-thumbnail","6":"product_cat-productos","7":"product_cat-material-de-laboratorio","8":"pa_cantidad-50ml","9":"pa_cantidad-100ml","10":"pa_cantidad-250ml","11":"pa_cantidad-500ml","12":"pa_cantidad-1000ml","13":"pa_unidades-247","14":"pa_unidades-249","15":"desktop-align-left","16":"tablet-align-left","17":"mobile-align-left","18":"ast-product-gallery-layout-horizontal-slider","19":"ast-magnify-disabled","20":"ast-product-single-variable","21":"ast-product-tabs-layout-horizontal","22":"ast-qv-on-image","24":"first","25":"instock","26":"taxable","27":"shipping-taxable","28":"purchasable","29":"product-type-variable","30":"has-default-attributes"},"acf":[],"yoast_head":"<!-- This site is optimized with the Yoast SEO Premium plugin v27.1 (Yoast SEO v27.1.1) - https:\/\/yoast.com\/product\/yoast-seo-premium-wordpress\/ -->\n<title>Matraz Erlenmeyer Cuello Estrecho: Comprar Online - Alquera.com<\/title>\n<meta name=\"description\" content=\"ENV\u00cdOS EN 24\/48H. Matraz Erlenmeyer de Laboratorio Cuello Estrecho. Visita todas nuestras referencias de matraces, vasos,... de laboratorio en Alquera.\" \/>\n<meta name=\"robots\" content=\"index, follow, max-snippet:-1, max-image-preview:large, max-video-preview:-1\" \/>\n<link rel=\"canonical\" href=\"https:\/\/www.alquera.com\/it\/matraz-erlenmeyer-cuello-estrecho\/\" \/>\n<meta property=\"og:locale\" content=\"it_IT\" \/>\n<meta property=\"og:type\" content=\"article\" \/>\n<meta property=\"og:title\" content=\"Matraz Erlenmeyer Cuello Estrecho: Comprar Online - Alquera.com\" \/>\n<meta property=\"og:description\" content=\"ENV\u00cdOS EN 24\/48H. Matraz Erlenmeyer de Laboratorio Cuello Estrecho. Visita todas nuestras referencias de matraces, vasos,... de laboratorio en Alquera.\" \/>\n<meta property=\"og:url\" content=\"https:\/\/www.alquera.com\/it\/matraz-erlenmeyer-cuello-estrecho\/\" \/>\n<meta property=\"og:site_name\" content=\"Alquera.com\" \/>\n<meta property=\"article:publisher\" content=\"https:\/\/www.facebook.com\/alqueraciencia\" \/>\n<meta property=\"article:modified_time\" content=\"2026-04-09T03:36:26+00:00\" \/>\n<meta property=\"og:image\" content=\"https:\/\/www.alquera.com\/wp-content\/uploads\/2017\/10\/MATRAZ-ERLENMEYER-1.png\" \/>\n\t<meta property=\"og:image:width\" content=\"600\" \/>\n\t<meta property=\"og:image:height\" content=\"600\" \/>\n\t<meta property=\"og:image:type\" content=\"image\/png\" \/>\n<meta name=\"twitter:card\" content=\"summary_large_image\" \/>\n<meta name=\"twitter:label1\" content=\"Disponibilit\u00e0\" \/>\n\t<meta name=\"twitter:data1\" content=\"In stock\" \/>\n<script type=\"application\/ld+json\" class=\"yoast-schema-graph\">{\"@context\":\"https:\/\/schema.org\",\"@graph\":[{\"@type\":[\"WebPage\",\"ItemPage\"],\"@id\":\"https:\/\/www.alquera.com\/matraz-erlenmeyer-cuello-estrecho\/\",\"url\":\"https:\/\/www.alquera.com\/matraz-erlenmeyer-cuello-estrecho\/\",\"name\":\"Matraz Erlenmeyer Cuello Estrecho: Comprar Online - Alquera.com\",\"isPartOf\":{\"@id\":\"https:\/\/www.alquera.com\/en\/#website\"},\"primaryImageOfPage\":{\"@id\":\"https:\/\/www.alquera.com\/matraz-erlenmeyer-cuello-estrecho\/#primaryimage\"},\"image\":{\"@id\":\"https:\/\/www.alquera.com\/matraz-erlenmeyer-cuello-estrecho\/#primaryimage\"},\"thumbnailUrl\":\"https:\/\/www.alquera.com\/wp-content\/uploads\/2017\/10\/MATRAZ-ERLENMEYER-1.png\",\"datePublished\":\"2017-10-18T13:30:19+00:00\",\"dateModified\":\"2026-04-09T03:36:26+00:00\",\"description\":\"ENV\u00cdOS EN 24\/48H. Matraz Erlenmeyer de Laboratorio Cuello Estrecho. Visita todas nuestras referencias de matraces, vasos,... de laboratorio en Alquera.\",\"breadcrumb\":{\"@id\":\"https:\/\/www.alquera.com\/matraz-erlenmeyer-cuello-estrecho\/#breadcrumb\"},\"inLanguage\":\"it-IT\",\"potentialAction\":[{\"@type\":\"ReadAction\",\"target\":[\"https:\/\/www.alquera.com\/matraz-erlenmeyer-cuello-estrecho\/\"]}]},{\"@type\":\"ImageObject\",\"inLanguage\":\"it-IT\",\"@id\":\"https:\/\/www.alquera.com\/matraz-erlenmeyer-cuello-estrecho\/#primaryimage\",\"url\":\"https:\/\/www.alquera.com\/wp-content\/uploads\/2017\/10\/MATRAZ-ERLENMEYER-1.png\",\"contentUrl\":\"https:\/\/www.alquera.com\/wp-content\/uploads\/2017\/10\/MATRAZ-ERLENMEYER-1.png\",\"width\":600,\"height\":600,\"caption\":\"MATRACES\"},{\"@type\":\"BreadcrumbList\",\"@id\":\"https:\/\/www.alquera.com\/matraz-erlenmeyer-cuello-estrecho\/#breadcrumb\",\"itemListElement\":[{\"@type\":\"ListItem\",\"position\":1,\"name\":\"Inicio\",\"item\":\"https:\/\/www.alquera.com\/\"},{\"@type\":\"ListItem\",\"position\":2,\"name\":\"Alquera.com: Tienda Online de Productos Qu\u00edmicos y Material de Laboratorio\",\"item\":\"https:\/\/www.alquera.com\/en\/tienda\/\"},{\"@type\":\"ListItem\",\"position\":3,\"name\":\"Matraz Erlenmeyer Cuello Estrecho\"}]},{\"@type\":\"WebSite\",\"@id\":\"https:\/\/www.alquera.com\/en\/#website\",\"url\":\"https:\/\/www.alquera.com\/en\/\",\"name\":\"Alquera.com\",\"description\":\"Tienda Online Productos Qu\u00edmicos y Material de Laboratorio\",\"publisher\":{\"@id\":\"https:\/\/www.alquera.com\/en\/#organization\"},\"potentialAction\":[{\"@type\":\"SearchAction\",\"target\":{\"@type\":\"EntryPoint\",\"urlTemplate\":\"https:\/\/www.alquera.com\/en\/?s={search_term_string}\"},\"query-input\":{\"@type\":\"PropertyValueSpecification\",\"valueRequired\":true,\"valueName\":\"search_term_string\"}}],\"inLanguage\":\"it-IT\"},{\"@type\":\"Organization\",\"@id\":\"https:\/\/www.alquera.com\/en\/#organization\",\"name\":\"ALQUERA CIENCIA SL\",\"url\":\"https:\/\/www.alquera.com\/en\/\",\"logo\":{\"@type\":\"ImageObject\",\"inLanguage\":\"it-IT\",\"@id\":\"https:\/\/www.alquera.com\/en\/#\/schema\/logo\/image\/\",\"url\":\"https:\/\/www.alquera.com\/wp-content\/uploads\/2020\/11\/logo_300_ancho.png\",\"contentUrl\":\"https:\/\/www.alquera.com\/wp-content\/uploads\/2020\/11\/logo_300_ancho.png\",\"width\":300,\"height\":86,\"caption\":\"ALQUERA CIENCIA SL\"},\"image\":{\"@id\":\"https:\/\/www.alquera.com\/en\/#\/schema\/logo\/image\/\"},\"sameAs\":[\"https:\/\/www.facebook.com\/alqueraciencia\",\"https:\/\/www.instagram.com\/alquera_ciencia\/\",\"https:\/\/www.youtube.com\/c\/alquera\"]}]}<\/script>\n<meta property=\"og:availability\" content=\"instock\" \/>\n<meta property=\"product:availability\" content=\"instock\" \/>\n<meta property=\"product:retailer_item_id\" content=\"ALCS39\" \/>\n<meta property=\"product:condition\" content=\"new\" \/>\n<!-- \/ Yoast SEO Premium plugin. -->","yoast_head_json":{"title":"Beuta a collo stretto: Acquistare online - Alquera.com","description":"ENV\u00cdOS EN 24\/48H. Matraz Erlenmeyer de Laboratorio Cuello Estrecho. Visita todas nuestras referencias de matraces, vasos,... de laboratorio en Alquera.","robots":{"index":"index","follow":"follow","max-snippet":"max-snippet:-1","max-image-preview":"max-image-preview:large","max-video-preview":"max-video-preview:-1"},"canonical":"https:\/\/www.alquera.com\/it\/matraz-erlenmeyer-cuello-estrecho\/","og_locale":"it_IT","og_type":"article","og_title":"Matraz Erlenmeyer Cuello Estrecho: Comprar Online - Alquera.com","og_description":"ENV\u00cdOS EN 24\/48H. Matraz Erlenmeyer de Laboratorio Cuello Estrecho. Visita todas nuestras referencias de matraces, vasos,... de laboratorio en Alquera.","og_url":"https:\/\/www.alquera.com\/it\/matraz-erlenmeyer-cuello-estrecho\/","og_site_name":"Alquera.com","article_publisher":"https:\/\/www.facebook.com\/alqueraciencia","article_modified_time":"2026-04-09T03:36:26+00:00","og_image":[{"width":600,"height":600,"url":"https:\/\/www.alquera.com\/wp-content\/uploads\/2017\/10\/MATRAZ-ERLENMEYER-1.png","type":"image\/png"}],"twitter_card":"summary_large_image","twitter_misc":{"Disponibilit\u00e0":"In stock"},"schema":{"@context":"https:\/\/schema.org","@graph":[{"@type":["WebPage","ItemPage"],"@id":"https:\/\/www.alquera.com\/matraz-erlenmeyer-cuello-estrecho\/","url":"https:\/\/www.alquera.com\/matraz-erlenmeyer-cuello-estrecho\/","name":"Beuta a collo stretto: Acquistare online - Alquera.com","isPartOf":{"@id":"https:\/\/www.alquera.com\/en\/#website"},"primaryImageOfPage":{"@id":"https:\/\/www.alquera.com\/matraz-erlenmeyer-cuello-estrecho\/#primaryimage"},"image":{"@id":"https:\/\/www.alquera.com\/matraz-erlenmeyer-cuello-estrecho\/#primaryimage"},"thumbnailUrl":"https:\/\/www.alquera.com\/wp-content\/uploads\/2017\/10\/MATRAZ-ERLENMEYER-1.png","datePublished":"2017-10-18T13:30:19+00:00","dateModified":"2026-04-09T03:36:26+00:00","description":"ENV\u00cdOS EN 24\/48H. Matraz Erlenmeyer de Laboratorio Cuello Estrecho. Visita todas nuestras referencias de matraces, vasos,... de laboratorio en Alquera.","breadcrumb":{"@id":"https:\/\/www.alquera.com\/matraz-erlenmeyer-cuello-estrecho\/#breadcrumb"},"inLanguage":"it-IT","potentialAction":[{"@type":"ReadAction","target":["https:\/\/www.alquera.com\/matraz-erlenmeyer-cuello-estrecho\/"]}]},{"@type":"ImageObject","inLanguage":"it-IT","@id":"https:\/\/www.alquera.com\/matraz-erlenmeyer-cuello-estrecho\/#primaryimage","url":"https:\/\/www.alquera.com\/wp-content\/uploads\/2017\/10\/MATRAZ-ERLENMEYER-1.png","contentUrl":"https:\/\/www.alquera.com\/wp-content\/uploads\/2017\/10\/MATRAZ-ERLENMEYER-1.png","width":600,"height":600,"caption":"MATRACES"},{"@type":"BreadcrumbList","@id":"https:\/\/www.alquera.com\/matraz-erlenmeyer-cuello-estrecho\/#breadcrumb","itemListElement":[{"@type":"ListItem","position":1,"name":"Inicio","item":"https:\/\/www.alquera.com\/"},{"@type":"ListItem","position":2,"name":"Alquera.com: Tienda Online de Productos Qu\u00edmicos y Material de Laboratorio","item":"https:\/\/www.alquera.com\/en\/tienda\/"},{"@type":"ListItem","position":3,"name":"Matraz Erlenmeyer Cuello Estrecho"}]},{"@type":"WebSite","@id":"https:\/\/www.alquera.com\/en\/#website","url":"https:\/\/www.alquera.com\/en\/","name":"Alquera.com","description":"Negozio online di prodotti chimici e forniture di laboratorio","publisher":{"@id":"https:\/\/www.alquera.com\/en\/#organization"},"potentialAction":[{"@type":"SearchAction","target":{"@type":"EntryPoint","urlTemplate":"https:\/\/www.alquera.com\/en\/?s={search_term_string}"},"query-input":{"@type":"PropertyValueSpecification","valueRequired":true,"valueName":"search_term_string"}}],"inLanguage":"it-IT"},{"@type":"Organization","@id":"https:\/\/www.alquera.com\/en\/#organization","name":"ALQUERA CIENCIA SL","url":"https:\/\/www.alquera.com\/en\/","logo":{"@type":"ImageObject","inLanguage":"it-IT","@id":"https:\/\/www.alquera.com\/en\/#\/schema\/logo\/image\/","url":"https:\/\/www.alquera.com\/wp-content\/uploads\/2020\/11\/logo_300_ancho.png","contentUrl":"https:\/\/www.alquera.com\/wp-content\/uploads\/2020\/11\/logo_300_ancho.png","width":300,"height":86,"caption":"ALQUERA CIENCIA SL"},"image":{"@id":"https:\/\/www.alquera.com\/en\/#\/schema\/logo\/image\/"},"sameAs":["https:\/\/www.facebook.com\/alqueraciencia","https:\/\/www.instagram.com\/alquera_ciencia\/","https:\/\/www.youtube.com\/c\/alquera"]}]},"og_availability":"instock","product_availability":"instock","product_retailer_item_id":"ALCS39","product_condition":"new"},"_links":{"self":[{"href":"https:\/\/www.alquera.com\/it\/wp-json\/wp\/v2\/product\/984","targetHints":{"allow":["GET"]}}],"collection":[{"href":"https:\/\/www.alquera.com\/it\/wp-json\/wp\/v2\/product"}],"about":[{"href":"https:\/\/www.alquera.com\/it\/wp-json\/wp\/v2\/types\/product"}],"replies":[{"embeddable":true,"href":"https:\/\/www.alquera.com\/it\/wp-json\/wp\/v2\/comments?post=984"}],"wp:featuredmedia":[{"embeddable":true,"href":"https:\/\/www.alquera.com\/it\/wp-json\/wp\/v2\/media\/32804"}],"wp:attachment":[{"href":"https:\/\/www.alquera.com\/it\/wp-json\/wp\/v2\/media?parent=984"}],"wp:term":[{"taxonomy":"product_brand","embeddable":true,"href":"https:\/\/www.alquera.com\/it\/wp-json\/wp\/v2\/product_brand?post=984"},{"taxonomy":"product_cat","embeddable":true,"href":"https:\/\/www.alquera.com\/it\/wp-json\/wp\/v2\/product_cat?post=984"},{"taxonomy":"product_tag","embeddable":true,"href":"https:\/\/www.alquera.com\/it\/wp-json\/wp\/v2\/product_tag?post=984"}],"curies":[{"name":"wp","href":"https:\/\/api.w.org\/{rel}","templated":true}]}}