{"id":321,"date":"2020-09-24T11:31:12","date_gmt":"2020-09-24T11:31:12","guid":{"rendered":"https:\/\/www.alquera.com\/productos\/?page_id=321"},"modified":"2021-11-27T09:51:06","modified_gmt":"2021-11-27T09:51:06","slug":"filtros-aire","status":"publish","type":"page","link":"https:\/\/www.alquera.com\/pt\/carbon-activo-en-polvo\/filtros-aire\/","title":{"rendered":"Filtros de Ar de Carbono Activo"},"content":{"rendered":"<p>O <a href=\"https:\/\/www.alquera.com\/pt\/carbon-activo\/\">carv\u00e3o activado<\/a> \u00e9 utilizado em filtros de ar gra\u00e7as \u00e0 sua capacidade de adsor\u00e7\u00e3o. O filtro de carv\u00e3o activado permite a adsor\u00e7\u00e3o de poluentes encontrados em gases na atmosfera industrial. Com filtros de carv\u00e3o activado \u00e9 poss\u00edvel adsorver certos s\u00f3lidos presentes nos gases, deixando-os livres de odores e compostos nocivos.<\/p>\n<p>O funcionamento dos filtros de ar \u00e0 base de carv\u00e3o activado \u00e9 muito simples. Em termos simples, as part\u00edculas poluentes no ar s\u00e3o adsorvidas na superf\u00edcie microporosa adesiva do carv\u00e3o activado. Uma vez esgotado todo o carv\u00e3o activado e n\u00e3o podendo mais ser adsorvidas mol\u00e9culas, as condi\u00e7\u00f5es ambientais s\u00e3o alteradas a fim de limpar o poluente e o carv\u00e3o activado permanece regenerado.<\/p>\n<p style=\"padding-left: 60px;\">\n<h2>VANTAGENS DOS FILTROS DE CARV\u00c3O ACTIVADO<\/h2>\n<p>A fim de medir a qualidade do ar interior (IAQ), \u00e9 avaliada pela composi\u00e7\u00e3o de gases e vapores, tanto org\u00e2nicos como n\u00e3o org\u00e2nicos (ozono, mon\u00f3xido de carbono, r\u00e1don, etc.), aeross\u00f3is, correntes e ru\u00eddo.<\/p>\n<p>Os filtros que incluem um sistema de tratamento do ar normalmente n\u00e3o t\u00eam efeito sobre os COV (compostos org\u00e2nicos vol\u00e1teis). Para remover vapores e gases, s\u00e3o necess\u00e1rios outros tratamentos, tais como adsor\u00e7\u00e3o ou combina\u00e7\u00e3o qu\u00edmica, mas principalmente por adsor\u00e7\u00e3o. Dos poss\u00edveis materiais adsorventes, tais como alumina ou gel de s\u00edlica, o carv\u00e3o activado oferece a vantagem adicional de remover tamb\u00e9m o ozono.<\/p>\n<p>Os COV mais abundantes em ambientes interiores p\u00fablicos e privados n\u00e3o industriais s\u00e3o tolueno, benzeno, etilbenzeno, m+p-xilenos, 1,2,4-trimetilbenzeno, 1,3,5-trimetilbenzeno, limoneno, \u03b1-pineno, p-diclorobenzeno, tricloroetileno, tetracloroetileno, decano, clorof\u00f3rmio, hexanal, n\u00e3oanal, acetona e 2-butoxietanol.<\/p>\n<p>\u00c9 tamb\u00e9m comum a utiliza\u00e7\u00e3o de filtros de carv\u00e3o activado para a redu\u00e7\u00e3o do ozono. Uma utiliza\u00e7\u00e3o muito comum \u00e9 em fotocopiadoras. O filtro de carv\u00e3o activado \u00e9 utilizado para reduzir a emiss\u00e3o de ozono para o ar interior dos escrit\u00f3rios. Tem uma efici\u00eancia muito elevada, mesmo superior a 90%.<\/p>\n<h3 class=\"widget-title\">Comprar <\/h3><div><div class=\"woocommerce\"><ul class=\"products columns-4\">\n<li class=\"desktop-align-left tablet-align-left mobile-align-left ast-product-gallery-layout-horizontal-slider ast-magnify-disabled ast-product-single-variable ast-product-tabs-layout-horizontal ast-qv-on-image product type-product post-495 status-publish first instock product_cat-productos-experimentos product_cat-productos has-post-thumbnail taxable shipping-taxable purchasable product-type-variable has-default-attributes\">\n\t<a href=\"https:\/\/www.alquera.com\/pt\/permanganato-de-potasio\/\" class=\"woocommerce-LoopProduct-link woocommerce-loop-product__link\"><img loading=\"lazy\" decoding=\"async\" width=\"300\" height=\"300\" src=\"https:\/\/www.alquera.com\/wp-content\/uploads\/2016\/01\/permanganato-200g-foto-nueva-300x300.png\" class=\"attachment-woocommerce_thumbnail size-woocommerce_thumbnail\" alt=\"permanganato 200g\" srcset=\"https:\/\/www.alquera.com\/wp-content\/uploads\/2016\/01\/permanganato-200g-foto-nueva-300x300.png 300w, https:\/\/www.alquera.com\/wp-content\/uploads\/2016\/01\/permanganato-200g-foto-nueva-150x150.png 150w, https:\/\/www.alquera.com\/wp-content\/uploads\/2016\/01\/permanganato-200g-foto-nueva-12x12.png 12w, https:\/\/www.alquera.com\/wp-content\/uploads\/2016\/01\/permanganato-200g-foto-nueva-100x100.png 100w\" sizes=\"auto, (max-width: 300px) 100vw, 300px\" \/><h2 class=\"woocommerce-loop-product__title\">Permanganato de Pot\u00e1ssio<\/h2><div class=\"review-rating\"><div class=\"star-rating\"><span style=\"width:100%\" data-no-translation=\"\" data-trp-gettext=\"\">Classificado <strong class=\"rating\">5.00<\/strong> em 5<\/span><\/div><\/div>\n<\/a><a href=\"https:\/\/www.alquera.com\/pt\/permanganato-de-potasio\/\" aria-describedby=\"woocommerce_loop_add_to_cart_link_describedby_495\" data-quantity=\"1\" class=\"button product_type_variable add_to_cart_button\" data-product_id=\"495\" data-product_sku=\"AL100111\" aria-label=\"Seleccione as op\u00e7\u00f5es para \u201cPermanganato de Potasio\u201d\" rel=\"nofollow\" data-no-translation=\"\" data-trp-gettext=\"\" data-no-translation-aria-label=\"\">Ver op\u00e7\u00f5es<\/a>\t<span id=\"woocommerce_loop_add_to_cart_link_describedby_495\" class=\"screen-reader-text\">\n\t\tEste produto tem v\u00e1rias variantes. As op\u00e7\u00f5es podem ser seleccionadas na p\u00e1gina do produto\t<\/span>\n<\/li>\n<\/ul>\n<\/div><\/div>\n<p class=\"widget-title\">Leia mais<\/p><a href=\"https:\/\/www.alquera.com\/pt\/carbon-activo-en-polvo\/\">Carv\u00e3o Activo<\/a>\n<!-- Page-list plugin v.5.9 wordpress.org\/plugins\/page-list\/ -->\n<ul class=\"page-list siblings-page-list\">\n<li class=\"page_item page-item-313 menu-item\"><a href=\"https:\/\/www.alquera.com\/pt\/carbon-activo-en-polvo\/acuarios\/\" class=\"menu-link\">O carbono activo nos aqu\u00e1rios<\/a><\/li>\n<li class=\"page_item page-item-306 menu-item\"><a href=\"https:\/\/www.alquera.com\/pt\/carbon-activo-en-polvo\/que-es-carbon-activo\/\" class=\"menu-link\">Carbono Activo. Usos e Aplica\u00e7\u00f5es<\/a><\/li>\n<li class=\"page_item page-item-316 menu-item\"><a href=\"https:\/\/www.alquera.com\/pt\/carbon-activo-en-polvo\/filtros-agua\/\" class=\"menu-link\">Filtros de \u00e1gua de carbono activo<\/a><\/li>\n<li class=\"page_item page-item-321 menu-item\"><a href=\"https:\/\/www.alquera.com\/pt\/carbon-activo-en-polvo\/filtros-aire\/\" class=\"menu-link\">Filtros de Ar de Carbono Activo<\/a><\/li>\n\n<\/ul>","protected":false},"excerpt":{"rendered":"<p>El carb\u00f3n activado es utilizado en filtros de aire gracias a su capacidad de adsorci\u00f3n. El filtro de carb\u00f3n activo permite adsorber contaminantes que se encuentran en gases en la atm\u00f3sfera de la industria. Con los filtros de carb\u00f3n activo se puede llevar a cabo la adsorci\u00f3n de ciertos s\u00f3lidos presentes en los gases, dej\u00e1ndolos [&hellip;]<\/p>\n","protected":false},"author":1,"featured_media":0,"parent":32604,"menu_order":0,"comment_status":"open","ping_status":"closed","template":"","meta":{"_acf_changed":false,"site-sidebar-layout":"default","site-content-layout":"default","ast-site-content-layout":"default","site-content-style":"default","site-sidebar-style":"default","ast-global-header-display":"","ast-banner-title-visibility":"","ast-main-header-display":"","ast-hfb-above-header-display":"","ast-hfb-below-header-display":"","ast-hfb-mobile-header-display":"","site-post-title":"","ast-breadcrumbs-content":"","ast-featured-img":"","footer-sml-layout":"","ast-disable-related-posts":"","theme-transparent-header-meta":"default","adv-header-id-meta":"","stick-header-meta":"default","header-above-stick-meta":"","header-main-stick-meta":"","header-below-stick-meta":"","astra-migrate-meta-layouts":"default","ast-page-background-enabled":"default","ast-page-background-meta":{"desktop":{"background-color":"var(--ast-global-color-4)","background-image":"","background-repeat":"repeat","background-position":"center center","background-size":"auto","background-attachment":"scroll","background-type":"","background-media":"","overlay-type":"","overlay-color":"","overlay-opacity":"","overlay-gradient":""},"tablet":{"background-color":"","background-image":"","background-repeat":"repeat","background-position":"center center","background-size":"auto","background-attachment":"scroll","background-type":"","background-media":"","overlay-type":"","overlay-color":"","overlay-opacity":"","overlay-gradient":""},"mobile":{"background-color":"","background-image":"","background-repeat":"repeat","background-position":"center center","background-size":"auto","background-attachment":"scroll","background-type":"","background-media":"","overlay-type":"","overlay-color":"","overlay-opacity":"","overlay-gradient":""}},"ast-content-background-meta":{"desktop":{"background-color":"var(--ast-global-color-5)","background-image":"","background-repeat":"repeat","background-position":"center center","background-size":"auto","background-attachment":"scroll","background-type":"","background-media":"","overlay-type":"","overlay-color":"","overlay-opacity":"","overlay-gradient":""},"tablet":{"background-color":"var(--ast-global-color-5)","background-image":"","background-repeat":"repeat","background-position":"center center","background-size":"auto","background-attachment":"scroll","background-type":"","background-media":"","overlay-type":"","overlay-color":"","overlay-opacity":"","overlay-gradient":""},"mobile":{"background-color":"var(--ast-global-color-5)","background-image":"","background-repeat":"repeat","background-position":"center center","background-size":"auto","background-attachment":"scroll","background-type":"","background-media":"","overlay-type":"","overlay-color":"","overlay-opacity":"","overlay-gradient":""}},"footnotes":""},"class_list":["post-321","page","type-page","status-publish","hentry"],"acf":[],"yoast_head":"<!-- This site is optimized with the Yoast SEO Premium plugin v27.1 (Yoast SEO v27.1.1) - https:\/\/yoast.com\/product\/yoast-seo-premium-wordpress\/ -->\n<title>Filtros de Aire de Carb\u00f3n Activo - Alquera.com<\/title>\n<meta name=\"robots\" content=\"index, follow, max-snippet:-1, max-image-preview:large, max-video-preview:-1\" \/>\n<link rel=\"canonical\" href=\"https:\/\/www.alquera.com\/pt\/carbon-activo-en-polvo\/filtros-aire\/\" \/>\n<meta property=\"og:locale\" content=\"pt_PT\" \/>\n<meta property=\"og:type\" content=\"article\" \/>\n<meta property=\"og:title\" content=\"Filtros de Aire de Carb\u00f3n Activo\" \/>\n<meta property=\"og:description\" content=\"El carb\u00f3n activado es utilizado en filtros de aire gracias a su capacidad de adsorci\u00f3n. El filtro de carb\u00f3n activo permite adsorber contaminantes que se encuentran en gases en la atm\u00f3sfera de la industria. Con los filtros de carb\u00f3n activo se puede llevar a cabo la adsorci\u00f3n de ciertos s\u00f3lidos presentes en los gases, dej\u00e1ndolos [&hellip;]\" \/>\n<meta property=\"og:url\" content=\"https:\/\/www.alquera.com\/pt\/carbon-activo-en-polvo\/filtros-aire\/\" \/>\n<meta property=\"og:site_name\" content=\"Alquera.com\" \/>\n<meta property=\"article:publisher\" content=\"https:\/\/www.facebook.com\/alqueraciencia\" \/>\n<meta property=\"article:modified_time\" content=\"2021-11-27T09:51:06+00:00\" \/>\n<meta name=\"twitter:card\" content=\"summary_large_image\" \/>\n<meta name=\"twitter:label1\" content=\"Tempo estimado de leitura\" \/>\n\t<meta name=\"twitter:data1\" content=\"2 minutos\" \/>\n<script type=\"application\/ld+json\" class=\"yoast-schema-graph\">{\"@context\":\"https:\/\/schema.org\",\"@graph\":[{\"@type\":\"WebPage\",\"@id\":\"https:\/\/www.alquera.com\/carbon-activo-en-polvo\/filtros-aire\/\",\"url\":\"https:\/\/www.alquera.com\/carbon-activo-en-polvo\/filtros-aire\/\",\"name\":\"Filtros de Aire de Carb\u00f3n Activo - Alquera.com\",\"isPartOf\":{\"@id\":\"https:\/\/www.alquera.com\/en\/#website\"},\"datePublished\":\"2020-09-24T11:31:12+00:00\",\"dateModified\":\"2021-11-27T09:51:06+00:00\",\"breadcrumb\":{\"@id\":\"https:\/\/www.alquera.com\/carbon-activo-en-polvo\/filtros-aire\/#breadcrumb\"},\"inLanguage\":\"pt-PT\",\"potentialAction\":[{\"@type\":\"ReadAction\",\"target\":[\"https:\/\/www.alquera.com\/carbon-activo-en-polvo\/filtros-aire\/\"]}]},{\"@type\":\"BreadcrumbList\",\"@id\":\"https:\/\/www.alquera.com\/carbon-activo-en-polvo\/filtros-aire\/#breadcrumb\",\"itemListElement\":[{\"@type\":\"ListItem\",\"position\":1,\"name\":\"Inicio\",\"item\":\"https:\/\/www.alquera.com\/\"},{\"@type\":\"ListItem\",\"position\":2,\"name\":\"Carb\u00f3n Activo\",\"item\":\"https:\/\/www.alquera.com\/carbon-activo-en-polvo\/\"},{\"@type\":\"ListItem\",\"position\":3,\"name\":\"Filtros de Aire de Carb\u00f3n Activo\"}]},{\"@type\":\"WebSite\",\"@id\":\"https:\/\/www.alquera.com\/en\/#website\",\"url\":\"https:\/\/www.alquera.com\/en\/\",\"name\":\"Alquera.com\",\"description\":\"Tienda Online Productos Qu\u00edmicos y Material de Laboratorio\",\"publisher\":{\"@id\":\"https:\/\/www.alquera.com\/en\/#organization\"},\"potentialAction\":[{\"@type\":\"SearchAction\",\"target\":{\"@type\":\"EntryPoint\",\"urlTemplate\":\"https:\/\/www.alquera.com\/en\/?s={search_term_string}\"},\"query-input\":{\"@type\":\"PropertyValueSpecification\",\"valueRequired\":true,\"valueName\":\"search_term_string\"}}],\"inLanguage\":\"pt-PT\"},{\"@type\":\"Organization\",\"@id\":\"https:\/\/www.alquera.com\/en\/#organization\",\"name\":\"ALQUERA CIENCIA SL\",\"url\":\"https:\/\/www.alquera.com\/en\/\",\"logo\":{\"@type\":\"ImageObject\",\"inLanguage\":\"pt-PT\",\"@id\":\"https:\/\/www.alquera.com\/en\/#\/schema\/logo\/image\/\",\"url\":\"https:\/\/www.alquera.com\/wp-content\/uploads\/2020\/11\/logo_300_ancho.png\",\"contentUrl\":\"https:\/\/www.alquera.com\/wp-content\/uploads\/2020\/11\/logo_300_ancho.png\",\"width\":300,\"height\":86,\"caption\":\"ALQUERA CIENCIA SL\"},\"image\":{\"@id\":\"https:\/\/www.alquera.com\/en\/#\/schema\/logo\/image\/\"},\"sameAs\":[\"https:\/\/www.facebook.com\/alqueraciencia\",\"https:\/\/www.instagram.com\/alquera_ciencia\/\",\"https:\/\/www.youtube.com\/c\/alquera\"]}]}<\/script>\n<!-- \/ Yoast SEO Premium plugin. -->","yoast_head_json":{"title":"Filtros de Ar de Carbono Activo - Alquera.com","robots":{"index":"index","follow":"follow","max-snippet":"max-snippet:-1","max-image-preview":"max-image-preview:large","max-video-preview":"max-video-preview:-1"},"canonical":"https:\/\/www.alquera.com\/pt\/carbon-activo-en-polvo\/filtros-aire\/","og_locale":"pt_PT","og_type":"article","og_title":"Filtros de Aire de Carb\u00f3n Activo","og_description":"El carb\u00f3n activado es utilizado en filtros de aire gracias a su capacidad de adsorci\u00f3n. El filtro de carb\u00f3n activo permite adsorber contaminantes que se encuentran en gases en la atm\u00f3sfera de la industria. Con los filtros de carb\u00f3n activo se puede llevar a cabo la adsorci\u00f3n de ciertos s\u00f3lidos presentes en los gases, dej\u00e1ndolos [&hellip;]","og_url":"https:\/\/www.alquera.com\/pt\/carbon-activo-en-polvo\/filtros-aire\/","og_site_name":"Alquera.com","article_publisher":"https:\/\/www.facebook.com\/alqueraciencia","article_modified_time":"2021-11-27T09:51:06+00:00","twitter_card":"summary_large_image","twitter_misc":{"Tempo estimado de leitura":"2 minutos"},"schema":{"@context":"https:\/\/schema.org","@graph":[{"@type":"WebPage","@id":"https:\/\/www.alquera.com\/carbon-activo-en-polvo\/filtros-aire\/","url":"https:\/\/www.alquera.com\/carbon-activo-en-polvo\/filtros-aire\/","name":"Filtros de Ar de Carbono Activo - Alquera.com","isPartOf":{"@id":"https:\/\/www.alquera.com\/en\/#website"},"datePublished":"2020-09-24T11:31:12+00:00","dateModified":"2021-11-27T09:51:06+00:00","breadcrumb":{"@id":"https:\/\/www.alquera.com\/carbon-activo-en-polvo\/filtros-aire\/#breadcrumb"},"inLanguage":"pt-PT","potentialAction":[{"@type":"ReadAction","target":["https:\/\/www.alquera.com\/carbon-activo-en-polvo\/filtros-aire\/"]}]},{"@type":"BreadcrumbList","@id":"https:\/\/www.alquera.com\/carbon-activo-en-polvo\/filtros-aire\/#breadcrumb","itemListElement":[{"@type":"ListItem","position":1,"name":"Inicio","item":"https:\/\/www.alquera.com\/"},{"@type":"ListItem","position":2,"name":"Carb\u00f3n Activo","item":"https:\/\/www.alquera.com\/carbon-activo-en-polvo\/"},{"@type":"ListItem","position":3,"name":"Filtros de Aire de Carb\u00f3n Activo"}]},{"@type":"WebSite","@id":"https:\/\/www.alquera.com\/en\/#website","url":"https:\/\/www.alquera.com\/en\/","name":"Alquera.com","description":"Loja on-line de produtos qu\u00edmicos e equipamento de laborat\u00f3rio","publisher":{"@id":"https:\/\/www.alquera.com\/en\/#organization"},"potentialAction":[{"@type":"SearchAction","target":{"@type":"EntryPoint","urlTemplate":"https:\/\/www.alquera.com\/en\/?s={search_term_string}"},"query-input":{"@type":"PropertyValueSpecification","valueRequired":true,"valueName":"search_term_string"}}],"inLanguage":"pt-PT"},{"@type":"Organization","@id":"https:\/\/www.alquera.com\/en\/#organization","name":"ALQUERA CIENCIA SL","url":"https:\/\/www.alquera.com\/en\/","logo":{"@type":"ImageObject","inLanguage":"pt-PT","@id":"https:\/\/www.alquera.com\/en\/#\/schema\/logo\/image\/","url":"https:\/\/www.alquera.com\/wp-content\/uploads\/2020\/11\/logo_300_ancho.png","contentUrl":"https:\/\/www.alquera.com\/wp-content\/uploads\/2020\/11\/logo_300_ancho.png","width":300,"height":86,"caption":"ALQUERA CIENCIA SL"},"image":{"@id":"https:\/\/www.alquera.com\/en\/#\/schema\/logo\/image\/"},"sameAs":["https:\/\/www.facebook.com\/alqueraciencia","https:\/\/www.instagram.com\/alquera_ciencia\/","https:\/\/www.youtube.com\/c\/alquera"]}]}},"_links":{"self":[{"href":"https:\/\/www.alquera.com\/pt\/wp-json\/wp\/v2\/pages\/321","targetHints":{"allow":["GET"]}}],"collection":[{"href":"https:\/\/www.alquera.com\/pt\/wp-json\/wp\/v2\/pages"}],"about":[{"href":"https:\/\/www.alquera.com\/pt\/wp-json\/wp\/v2\/types\/page"}],"author":[{"embeddable":true,"href":"https:\/\/www.alquera.com\/pt\/wp-json\/wp\/v2\/users\/1"}],"replies":[{"embeddable":true,"href":"https:\/\/www.alquera.com\/pt\/wp-json\/wp\/v2\/comments?post=321"}],"version-history":[{"count":3,"href":"https:\/\/www.alquera.com\/pt\/wp-json\/wp\/v2\/pages\/321\/revisions"}],"predecessor-version":[{"id":36213,"href":"https:\/\/www.alquera.com\/pt\/wp-json\/wp\/v2\/pages\/321\/revisions\/36213"}],"up":[{"embeddable":true,"href":"https:\/\/www.alquera.com\/pt\/wp-json\/wp\/v2\/pages\/32604"}],"wp:attachment":[{"href":"https:\/\/www.alquera.com\/pt\/wp-json\/wp\/v2\/media?parent=321"}],"curies":[{"name":"wp","href":"https:\/\/api.w.org\/{rel}","templated":true}]}}