{"id":32517,"date":"2020-12-31T10:55:52","date_gmt":"2020-12-31T10:55:52","guid":{"rendered":"https:\/\/www.alquera.com\/?page_id=32517"},"modified":"2026-03-14T15:59:18","modified_gmt":"2026-03-14T15:59:18","slug":"productos-quimicos","status":"publish","type":"page","link":"https:\/\/www.alquera.com\/pt\/productos-quimicos\/","title":{"rendered":"Todos os produtos"},"content":{"rendered":"<p>Encuentra en Alquera un amplio cat\u00e1logo de productos qu\u00edmicos. Puedes encontrar el producto qu\u00edmico que buscas, navegando aqu\u00ed abajo a trav\u00e9s del nombre. Encontrar\u00e1s diferentes formatos. Realiza la compra directamente online siguiendo los pasos que se indican. Los env\u00edos se realizan en 24\/48h de recibir el pedido. Para cualquier duda sobre el funcionamiento de Alquera escr\u00edbenos a info@alquera.com o a trav\u00e9s de alguno de los <a href=\"https:\/\/www.alquera.com\/pt\/contactenos\/\">medios de contacto<\/a>. Puedes buscar tambi\u00e9n todos los productos a trav\u00e9s del <a href=\"https:\/\/www.alquera.com\/pt\/msds\/\">CAS, MSDS, Ficha T\u00e9cnica<\/a>.<\/p>\n<div class=\"rte3\">\n<div class=\"gloslistrow\">\n<div class=\"gloslist\">\n<p class=\"glostitle\">A<\/p>\n<ul class=\"gloslista\">\n<li><a href=\"https:\/\/www.alquera.com\/pt\/acetato-de-sodio\/\">Acetato de S\u00f3dio<\/a><\/li>\n<li><a href=\"https:\/\/www.alquera.com\/pt\/acido-citrico\/\">\u00c1cido c\u00edtrico<\/a><\/li>\n<li><a href=\"https:\/\/www.alquera.com\/pt\/acido-oxalico\/\">\u00c1cido Ox\u00e1lico<\/a><\/li>\n<li><a href=\"https:\/\/www.alquera.com\/pt\/acido-fosforico\/\">\u00c1cido Fosf\u00f3rico<\/a><\/li>\n<li><a href=\"https:\/\/www.alquera.com\/pt\/alcohol-isopropilico\/\">\u00c1lcool isoprop\u00edlico<\/a><\/li>\n<li><a href=\"https:\/\/www.alquera.com\/pt\/alcohol-polivinilico\/\">\u00c1lcool polivin\u00edlico<\/a><\/li>\n<li><a href=\"https:\/\/www.alquera.com\/pt\/alumbre-en-polvo\/\">Alum\u00ednio em p\u00f3<\/a><\/li>\n<li><a href=\"https:\/\/www.alquera.com\/pt\/azufre-micronizado-tecnico\/\">P\u00f3 de Enxofre Micronizado<\/a><\/li>\n<li><a href=\"https:\/\/www.alquera.com\/pt\/azul-de-metileno\/\">P\u00f3 azul de metileno<\/a><\/li>\n<li><a href=\"https:\/\/www.alquera.com\/pt\/azul-de-metileno-1\/\">Azul de Metileno 1%\/\/ Azul de Metileno 1%\/<\/a><\/li>\n<li><a href=\"https:\/\/www.alquera.com\/pt\/azul-de-bromotimol-solucion-004\/\">Azul de Bromotimol 0,04%<\/a><\/li>\n<\/ul>\n<\/div>\n<div class=\"gloslist\">\n<p class=\"glostitle\">B<\/p>\n<ul class=\"gloslista\">\n<li><a href=\"https:\/\/www.alquera.com\/pt\/bicarbonato-de-potasio\/\">Bicarbonato de Pot\u00e1ssio<\/a><\/li>\n<li><a href=\"https:\/\/www.alquera.com\/pt\/bicarbonato-de-sodio\/\">Bicarbonato de S\u00f3dio<\/a><\/li>\n<li><a href=\"https:\/\/www.alquera.com\/pt\/bisulfito-de-sodio\/\">Bissulfito de S\u00f3dio L\u00edquido<\/a><\/li>\n<li><a href=\"https:\/\/www.alquera.com\/pt\/bisulfato-de-sodio\/\">Bissulfato de S\u00f3dio<\/a><\/li>\n<li><a href=\"https:\/\/www.alquera.com\/pt\/bolas-gel\/\">Bolas de gel<\/a><\/li>\n<li><a href=\"https:\/\/www.alquera.com\/pt\/borax\/\">B\u00f3rax<\/a><\/li>\n<li><a href=\"https:\/\/www.alquera.com\/pt\/brilliant-blue-fcf-granular\/\">Brilhante Azul FCF<\/a><\/li>\n<\/ul>\n<\/div>\n<div class=\"gloslist\">\n<p class=\"glostitle\">C<\/p>\n<ul class=\"gloslista\">\n<li><a href=\"https:\/\/www.alquera.com\/pt\/carbon-activo\/\">Carv\u00e3o activado (gr\u00e3o, p\u00f3 e pellets)<\/a><\/li>\n<li><a href=\"https:\/\/www.alquera.com\/pt\/carbonato-de-calcio\/\">Carbonato de C\u00e1lcio<\/a><\/li>\n<li><a href=\"https:\/\/www.alquera.com\/pt\/carbonato-potasio\/\">Carbonato de Pot\u00e1ssio<\/a><\/li>\n<li><a href=\"https:\/\/www.alquera.com\/pt\/carbonato-de-sodio\/\">Carbonato de S\u00f3dio<\/a><\/li>\n<li><a href=\"https:\/\/www.alquera.com\/pt\/chapas-de-hierro\/\">Chapas de ferro<\/a><\/li>\n<li><a href=\"https:\/\/www.alquera.com\/pt\/citrato-ferrico-amoniacal\/\">Citrato de Am\u00f3nio F\u00e9rrico<\/a><\/li>\n<li><a href=\"https:\/\/www.alquera.com\/pt\/cloruro-de-calcio\/\">Cloreto de C\u00e1lcio<\/a><\/li>\n<li><a href=\"https:\/\/www.alquera.com\/pt\/cloruro-de-magnesio\/\">Cloreto de magn\u00e9sio<\/a><\/li>\n<li><a href=\"https:\/\/www.alquera.com\/pt\/cloruro-sodio\/\">Cloreto de s\u00f3dio<\/a><\/li>\n<li><a href=\"https:\/\/www.alquera.com\/pt\/colorantes-alimentarios\/\">Corantes alimentares<\/a><\/li>\n<li><a href=\"https:\/\/www.alquera.com\/pt\/colorantes-pigmentos\/\">Corantes e Pigmentos<\/a><\/li>\n<li><a href=\"https:\/\/www.alquera.com\/pt\/cucharas-medidoras-de-plastico-10ml\/\">Colheres de medi\u00e7\u00e3o Pl\u00e1stico<\/a><\/li>\n<\/ul>\n<\/div>\n<\/div>\n<div class=\"gloslistrow\">\n<div class=\"gloslist\">\n<p class=\"glostitle\">D-E<\/p>\n<ul class=\"gloslista\">\n<li><a href=\"https:\/\/www.alquera.com\/pt\/desmoldeante-moldes-de-silicona\/\">Agente desmoldante<\/a><\/li>\n<li><a href=\"https:\/\/www.alquera.com\/pt\/polidimetilsiloxano-dimeticona\/\">Dimeticone - Dimethylsiloxane<\/a><\/li>\n<li><a href=\"https:\/\/www.alquera.com\/pt\/microespatula-cuchara-acero-inox-l-200-mm\/\">Funil de borosilicato<\/a><\/li>\n<li><a href=\"https:\/\/www.alquera.com\/pt\/embudo-vidrio\/\">Esp\u00e1tula de laborat\u00f3rio<\/a><\/li>\n<li><a href=\"https:\/\/www.alquera.com\/pt\/quelato-de-hierro-eddha\/\">EDDHA 6% - Quelato de ferro<\/a><\/li>\n<li><a href=\"https:\/\/www.alquera.com\/pt\/edta-sal-disodica-001-mol\/\">EDTA Sal diss\u00f3dico 0,01 mol\/l (0,01M) solu\u00e7\u00e3o titulada<\/a> (LAB)<\/li>\n<\/ul>\n<\/div>\n<div class=\"gloslist\">\n<p class=\"glostitle\">F<\/p>\n<ul class=\"gloslista\">\n<li><a href=\"https:\/\/www.alquera.com\/pt\/ferricianuro-de-potasa-rojo\/\">Ferricianeto de Pot\u00e1ssio Vermelho<\/a><\/li>\n<li><a href=\"https:\/\/www.alquera.com\/pt\/fenoftaleina-02\/\">Fenoftale\u00edna al 0,02%en metanol<\/a><\/li>\n<li><a href=\"https:\/\/www.alquera.com\/pt\/fluoresceina-sodica\/\">Fluoresce\u00edna de S\u00f3dio em P\u00f3<\/a><\/li>\n<li><a href=\"https:\/\/www.alquera.com\/pt\/fluoresceina-sodica-al-1\/\">Fluoresce\u00edna de S\u00f3dio 1%<\/a><\/li>\n<li><a href=\"https:\/\/www.alquera.com\/pt\/fosfato-monoamonico\/\">Fosfato Monoam\u00f3nico<\/a><\/li>\n<li><a href=\"https:\/\/www.alquera.com\/pt\/fosfato-monopotasico\/\">Fosfato Monopot\u00e1ssico<\/a><\/li>\n<\/ul>\n<\/div>\n<div class=\"gloslist\">\n<p class=\"glostitle\">G<\/p>\n<ul class=\"gloslista\">\n<li><a href=\"https:\/\/www.alquera.com\/pt\/glicerina\/\">Glicerina<\/a><\/li>\n<li><a href=\"https:\/\/www.alquera.com\/pt\/gradilla-blanca-plastico-8-agujeros\/\">Rack Pl\u00e1stico Branco 8 buracos<\/a><\/li>\n<li><a href=\"https:\/\/www.alquera.com\/pt\/goma-arabiga-en-polvo\/\">Goma ar\u00e1bica em p\u00f3<\/a><\/li>\n<\/ul>\n<\/div>\n<\/div>\n<div class=\"gloslistrow\">\n<div class=\"gloslist\">\n<p class=\"glostitle\">H<\/p>\n<ul class=\"gloslista\">\n<li><a href=\"https:\/\/www.alquera.com\/pt\/hidrogel\/\">Hidrogel<\/a><\/li>\n<li><a href=\"https:\/\/www.alquera.com\/pt\/hidroxido-de-potasio-1kg\/\">Hidr\u00f3xido de Pot\u00e1ssio<\/a><\/li>\n<li><a href=\"https:\/\/www.alquera.com\/pt\/hiposulfito-de-sodio\/\">Hipossulfito de S\u00f3dio<\/a><\/li>\n<li><a href=\"https:\/\/www.alquera.com\/pt\/hidroxido-de-sodio\/\">Hidr\u00f3xido de S\u00f3dio<\/a><\/li>\n<li>Ferro de engomar (<a href=\"https:\/\/www.alquera.com\/pt\/chapas-de-hierro\/\">Crach\u00e1s<\/a>, <a href=\"https:\/\/www.alquera.com\/pt\/limaduras-de-hierro\/\">Arquivos<\/a>, <a href=\"https:\/\/www.alquera.com\/pt\/polvos-de-hierro\/\">Poeira<\/a>)<\/li>\n<\/ul>\n<\/div>\n<div class=\"gloslist\">\n<p class=\"glostitle\">I-J-K<\/p>\n<ul class=\"gloslista\">\n<li><a href=\"https:\/\/www.alquera.com\/pt\/imanes-neodimio\/\">\u00cdmanes de Neod\u00edmio<\/a><\/li>\n<li><a href=\"https:\/\/www.alquera.com\/pt\/jarra-medidora-de-polipropileno\/\">Frasco de polipropileno<\/a><\/li>\n<li><a href=\"https:\/\/www.alquera.com\/pt\/jeringas-para-medicion-liquidos\/\">Seringas de medi\u00e7\u00e3o l\u00edquidas<\/a><\/li>\n<li><a href=\"https:\/\/www.alquera.com\/pt\/kelamix-complex\/\">Kelamix<\/a><\/li>\n<li><a href=\"https:\/\/www.alquera.com\/pt\/kit-escolar-electrico\/\">Kit escolar el\u00e9ctrico<\/a><\/li>\n<\/ul>\n<\/div>\n<div class=\"gloslistrow\">\n<div class=\"gloslist\">\n<p class=\"glostitle\">M<\/p>\n<ul>\n<li><a href=\"https:\/\/www.alquera.com\/pt\/material-de-laboratorio\/\">Equipamento de laborat\u00f3rio<\/a><\/li>\n<li><a href=\"https:\/\/www.alquera.com\/pt\/matraz-aforado\/\">Frasco Volum\u00e9trico (com rolha)<\/a><\/li>\n<li><a href=\"https:\/\/www.alquera.com\/pt\/matraz-erlenmeyer-cuello-estrecho\/\">Erlenmeyer Frasco<\/a><\/li>\n<li><a href=\"https:\/\/www.alquera.com\/pt\/medidor-de-ph\/\">Medidor de pH<\/a><\/li>\n<li><a href=\"https:\/\/www.alquera.com\/pt\/medidor-de-tds-solidos-disueltos\/\">TDS - Medidor de S\u00f3lidos Dissolvidos<\/a><\/li>\n<li><a href=\"https:\/\/www.alquera.com\/pt\/metabisulfito-de-sodio\/\">Metabissulfito de S\u00f3dio<\/a><\/li>\n<li><a href=\"https:\/\/www.alquera.com\/pt\/micorrizas\/\">Micorrizas em Tablets<\/a><\/li>\n<li><a href=\"https:\/\/www.alquera.com\/pt\/micorrizas-polvo\/\">Mycorrhizal Powder<\/a><\/li>\n<\/ul>\n<\/div>\n<div class=\"gloslist\">\n<p class=\"glostitle\">N<\/p>\n<ul class=\"gloslista\">\n<li><a href=\"https:\/\/www.alquera.com\/pt\/negro-de-eriocromo\/\">Eriochrome Black 1%<\/a> (LAB)<\/li>\n<li><a href=\"https:\/\/www.alquera.com\/pt\/nieve-artificial\/\">Neve Artificial<\/a><\/li>\n<li><a href=\"https:\/\/www.alquera.com\/pt\/nitrato-de-calcio\/\">Nitrato de C\u00e1lcio<\/a><\/li>\n<li><a href=\"https:\/\/www.alquera.com\/pt\/nitrato-de-cobre\/\">Nitrato de Cobre<\/a><\/li>\n<li><a href=\"https:\/\/www.alquera.com\/pt\/nitrato-de-hierro\/\">Nitrato de Ferro<\/a><\/li>\n<li><a href=\"https:\/\/www.alquera.com\/pt\/nitrato-de-plata\/\">Nitrato de Prata<\/a><\/li>\n<li><a href=\"https:\/\/www.alquera.com\/pt\/nitrato-de-potasio\/\">Nitrato de Pot\u00e1ssio<\/a><\/li>\n<\/ul>\n<\/div>\n<div class=\"gloslist\">\n<p class=\"glostitle\">L<\/p>\n<ul class=\"gloslista\">\n<li><a href=\"https:\/\/www.alquera.com\/pt\/limaduras-de-hierro\/\"> Limalhas de Ferro<\/a><\/li>\n<li><a href=\"https:\/\/www.alquera.com\/pt\/linterna-luz-ultravioleta\/\"> Lanterna ultravioleta<\/a><\/li>\n<\/ul>\n<\/div>\n<\/div>\n<div class=\"gloslistrow\">\n<div class=\"gloslist\">\n<p class=\"glostitle\">O<\/p>\n<ul class=\"gloslista\">\n<li><a href=\"https:\/\/www.alquera.com\/pt\/oxido-de-cerio\/\">\u00d3xido de C\u00e9rio<\/a><\/li>\n<li><a href=\"https:\/\/www.alquera.com\/pt\/oxido-de-aluminio\/\">\u00d3xido de Alum\u00ednio<\/a><\/li>\n<\/ul>\n<\/div>\n<div class=\"gloslist\">\n<p class=\"glostitle\">P<\/p>\n<ul class=\"gloslista\">\n<li><a href=\"https:\/\/www.alquera.com\/pt\/parafina-para-velas\/\">Cera de Parafina para Velas<\/a><\/li>\n<li><a href=\"https:\/\/www.alquera.com\/pt\/permanganato-de-potasio\/\">Permanganato de Pot\u00e1ssio<\/a><\/li>\n<li><a href=\"https:\/\/www.alquera.com\/pt\/peroxido-de-hidrogeno-30\/\">Per\u00f3xido de Hidrog\u00e9no 30%\u00a0<\/a><\/li>\n<li><a href=\"https:\/\/www.alquera.com\/pt\/poliacrilamida\/\"> Poliacrilamida ani\u00f3nica<\/a><\/li>\n<li><a href=\"https:\/\/www.alquera.com\/pt\/poliacrilamida-cationica\/\">Poliacrilamida cati\u00f3nica<\/a><\/li>\n<li><a href=\"https:\/\/www.alquera.com\/pt\/poliacrilato-de-potasio\/\"> Poliacrilato de Pot\u00e1ssio <\/a><\/li>\n<li><a href=\"https:\/\/www.alquera.com\/pt\/poliacrilato-de-sodio\/\"> Poliacrilato de S\u00f3dio<\/a><\/li>\n<li><a href=\"https:\/\/www.alquera.com\/pt\/polidimetilsiloxano-dimeticona\/\">Polidimetilsiloxano - Dimeticone<\/a><\/li>\n<li><a href=\"https:\/\/www.alquera.com\/pt\/polvos-de-hierro\/\"> P\u00f3s de Ferro<\/a><\/li>\n<li><a href=\"https:\/\/www.alquera.com\/pt\/polvo-de-zinc\/\">Zinco em p\u00f3<\/a><\/li>\n<\/ul>\n<\/div>\n<div class=\"gloslist\">\n<p class=\"glostitle\">Q<\/p>\n<ul>\n<li><a href=\"https:\/\/www.alquera.com\/pt\/quelato-de-hierro-eddha\/\">Quelato de ferro. EDDHA 6%<\/a><\/li>\n<\/ul>\n<\/div>\n<\/div>\n<div class=\"gloslistrow\">\n<div class=\"gloslist\">\n<p class=\"glostitle\">R<\/p>\n<ul class=\"gloslista\">\n<li><a href=\"https:\/\/www.alquera.com\/pt\/rodamina-b\/\">Rodamina<\/a><\/li>\n<\/ul>\n<\/div>\n<div class=\"gloslist\">\n<p class=\"glostitle\">S<\/p>\n<ul class=\"gloslista\">\n<li><a href=\"https:\/\/www.alquera.com\/pt\/silicato-de-potasio\/\">Silicato de Pot\u00e1ssio<\/a><\/li>\n<li><a href=\"https:\/\/www.alquera.com\/pt\/silicato-de-sodio\/\">Silicato de S\u00f3dio<\/a><\/li>\n<li><a href=\"https:\/\/www.alquera.com\/pt\/silicona-para-moldes-catalizador\/\">Silicone para Moldes + Catalisador<\/a><\/li>\n<li><a href=\"https:\/\/www.alquera.com\/pt\/sulfato-de-aluminio\/\">Sulfato de Alum\u00ednio<\/a><\/li>\n<li><a href=\"https:\/\/www.alquera.com\/pt\/sulfato-de-calcio\/\">Sulfato de C\u00e1lcio<\/a><\/li>\n<li><a href=\"https:\/\/www.alquera.com\/pt\/sulfato-de-cobre\/\">Sulfato de Cobre em P\u00f3<\/a><\/li>\n<li><a href=\"https:\/\/www.alquera.com\/pt\/sulfato-de-cobre-piedra\/\">Sulfato de Cobre P\u00e9treo<\/a><\/li>\n<li><a href=\"https:\/\/www.alquera.com\/pt\/sulfato-de-hierro\/\">Sulfato de Ferro<\/a><\/li>\n<li><a href=\"https:\/\/www.alquera.com\/pt\/sulfato-magnesio\/\">Sulfato de Magn\u00e9sio <\/a><\/li>\n<li><a href=\"https:\/\/www.alquera.com\/pt\/sulfato-de-manganeso\/\">Sulfato de Mangan\u00eas <\/a><\/li>\n<li><a href=\"https:\/\/www.alquera.com\/pt\/sulfato-de-potasio\/\">Sulfato de Pot\u00e1ssio<\/a><\/li>\n<li><a href=\"https:\/\/www.alquera.com\/pt\/sulfato-de-sodio\/\">Sulfato de S\u00f3dio<\/a><\/li>\n<li><a href=\"https:\/\/www.alquera.com\/pt\/sulfato-de-zinc\/\">Sulfato de zinco<\/a><\/li>\n<li><a href=\"https:\/\/www.alquera.com\/pt\/sulfato-de-niquel\/\">Sulfato de N\u00edquel <\/a><\/li>\n<\/ul>\n<\/div>\n<div class=\"gloslist\">\n<p class=\"glostitle\">T-U-V-V-Y<\/p>\n<ul class=\"gloslista\">\n<li><a href=\"https:\/\/www.alquera.com\/pt\/termometro-de-varilla\/\">Term\u00f3metro de Vara<\/a><\/li>\n<li><a href=\"https:\/\/www.alquera.com\/pt\/tierra-de-diatomeas\/\">Terra Diatom\u00e1cea<\/a><\/li>\n<li><a href=\"https:\/\/www.alquera.com\/pt\/tripolifosfato-de-sodio\/\">Tripolifosfato de S\u00f3dio<\/a><\/li>\n<li><a href=\"https:\/\/www.alquera.com\/pt\/tubos-de-ensayo-de-vidrio\/\">Tubos de ensaio<\/a><\/li>\n<li><a href=\"https:\/\/www.alquera.com\/pt\/urea\/\">Ureia 46%N<\/a><\/li>\n<li><a href=\"https:\/\/www.alquera.com\/pt\/vaselina-filante\/\">Vaselina Filante<\/a><\/li>\n<li><a href=\"https:\/\/www.alquera.com\/pt\/vaso-de-precipitado\/\">Copos Precipitados de Vidro<\/a><\/li>\n<li><a href=\"https:\/\/www.alquera.com\/pt\/vaso-precipitados-polipropileno\/\">Copos de precipitado de polipropileno<\/a><\/li>\n<li><a href=\"https:\/\/www.alquera.com\/pt\/yoduro-de-potasio\/\">Iodeto de Pot\u00e1ssio<\/a><\/li>\n<\/ul>\n<\/div>\n<\/div>\n<div class=\"clear\"><\/div>\n<\/div>\n<\/div>","protected":false},"excerpt":{"rendered":"<p>Encuentra en Alquera un amplio cat\u00e1logo de productos qu\u00edmicos. Puedes encontrar el producto qu\u00edmico que buscas, navegando aqu\u00ed abajo a trav\u00e9s del nombre. Encontrar\u00e1s diferentes formatos. Realiza la compra directamente online siguiendo los pasos que se indican. Los env\u00edos se realizan en 24\/48h de recibir el pedido. Para cualquier duda sobre el funcionamiento de Alquera [&hellip;]<\/p>\n","protected":false},"author":1,"featured_media":0,"parent":0,"menu_order":0,"comment_status":"closed","ping_status":"closed","template":"","meta":{"_acf_changed":false,"site-sidebar-layout":"left-sidebar","site-content-layout":"default","ast-site-content-layout":"default","site-content-style":"default","site-sidebar-style":"default","ast-global-header-display":"","ast-banner-title-visibility":"","ast-main-header-display":"","ast-hfb-above-header-display":"","ast-hfb-below-header-display":"","ast-hfb-mobile-header-display":"","site-post-title":"","ast-breadcrumbs-content":"","ast-featured-img":"","footer-sml-layout":"","ast-disable-related-posts":"","theme-transparent-header-meta":"default","adv-header-id-meta":"","stick-header-meta":"default","header-above-stick-meta":"","header-main-stick-meta":"","header-below-stick-meta":"","astra-migrate-meta-layouts":"set","ast-page-background-enabled":"default","ast-page-background-meta":{"desktop":{"background-color":"var(--ast-global-color-4)","background-image":"","background-repeat":"repeat","background-position":"center center","background-size":"auto","background-attachment":"scroll","background-type":"","background-media":"","overlay-type":"","overlay-color":"","overlay-opacity":"","overlay-gradient":""},"tablet":{"background-color":"","background-image":"","background-repeat":"repeat","background-position":"center center","background-size":"auto","background-attachment":"scroll","background-type":"","background-media":"","overlay-type":"","overlay-color":"","overlay-opacity":"","overlay-gradient":""},"mobile":{"background-color":"","background-image":"","background-repeat":"repeat","background-position":"center center","background-size":"auto","background-attachment":"scroll","background-type":"","background-media":"","overlay-type":"","overlay-color":"","overlay-opacity":"","overlay-gradient":""}},"ast-content-background-meta":{"desktop":{"background-color":"var(--ast-global-color-5)","background-image":"","background-repeat":"repeat","background-position":"center center","background-size":"auto","background-attachment":"scroll","background-type":"","background-media":"","overlay-type":"","overlay-color":"","overlay-opacity":"","overlay-gradient":""},"tablet":{"background-color":"var(--ast-global-color-5)","background-image":"","background-repeat":"repeat","background-position":"center center","background-size":"auto","background-attachment":"scroll","background-type":"","background-media":"","overlay-type":"","overlay-color":"","overlay-opacity":"","overlay-gradient":""},"mobile":{"background-color":"var(--ast-global-color-5)","background-image":"","background-repeat":"repeat","background-position":"center center","background-size":"auto","background-attachment":"scroll","background-type":"","background-media":"","overlay-type":"","overlay-color":"","overlay-opacity":"","overlay-gradient":""}},"footnotes":""},"class_list":["post-32517","page","type-page","status-publish","hentry"],"acf":[],"yoast_head":"<!-- This site is optimized with the Yoast SEO Premium plugin v27.1 (Yoast SEO v27.1.1) - https:\/\/yoast.com\/product\/yoast-seo-premium-wordpress\/ -->\n<title>Todos los Productos - Alquera.com<\/title>\n<meta name=\"robots\" content=\"index, follow, max-snippet:-1, max-image-preview:large, max-video-preview:-1\" \/>\n<link rel=\"canonical\" href=\"https:\/\/www.alquera.com\/pt\/productos-quimicos\/\" \/>\n<meta property=\"og:locale\" content=\"pt_PT\" \/>\n<meta property=\"og:type\" content=\"article\" \/>\n<meta property=\"og:title\" content=\"Todos los Productos\" \/>\n<meta property=\"og:description\" content=\"Encuentra en Alquera un amplio cat\u00e1logo de productos qu\u00edmicos. Puedes encontrar el producto qu\u00edmico que buscas, navegando aqu\u00ed abajo a trav\u00e9s del nombre. Encontrar\u00e1s diferentes formatos. Realiza la compra directamente online siguiendo los pasos que se indican. Los env\u00edos se realizan en 24\/48h de recibir el pedido. Para cualquier duda sobre el funcionamiento de Alquera [&hellip;]\" \/>\n<meta property=\"og:url\" content=\"https:\/\/www.alquera.com\/pt\/productos-quimicos\/\" \/>\n<meta property=\"og:site_name\" content=\"Alquera.com\" \/>\n<meta property=\"article:publisher\" content=\"https:\/\/www.facebook.com\/alqueraciencia\" \/>\n<meta property=\"article:modified_time\" content=\"2026-03-14T15:59:18+00:00\" \/>\n<meta name=\"twitter:card\" content=\"summary_large_image\" \/>\n<meta name=\"twitter:label1\" content=\"Tempo estimado de leitura\" \/>\n\t<meta name=\"twitter:data1\" content=\"2 minutos\" \/>\n<script type=\"application\/ld+json\" class=\"yoast-schema-graph\">{\"@context\":\"https:\/\/schema.org\",\"@graph\":[{\"@type\":\"WebPage\",\"@id\":\"https:\/\/www.alquera.com\/productos-quimicos\/\",\"url\":\"https:\/\/www.alquera.com\/productos-quimicos\/\",\"name\":\"Todos los Productos - Alquera.com\",\"isPartOf\":{\"@id\":\"https:\/\/www.alquera.com\/en\/#website\"},\"datePublished\":\"2020-12-31T10:55:52+00:00\",\"dateModified\":\"2026-03-14T15:59:18+00:00\",\"breadcrumb\":{\"@id\":\"https:\/\/www.alquera.com\/productos-quimicos\/#breadcrumb\"},\"inLanguage\":\"pt-PT\",\"potentialAction\":[{\"@type\":\"ReadAction\",\"target\":[\"https:\/\/www.alquera.com\/productos-quimicos\/\"]}]},{\"@type\":\"BreadcrumbList\",\"@id\":\"https:\/\/www.alquera.com\/productos-quimicos\/#breadcrumb\",\"itemListElement\":[{\"@type\":\"ListItem\",\"position\":1,\"name\":\"Inicio\",\"item\":\"https:\/\/www.alquera.com\/\"},{\"@type\":\"ListItem\",\"position\":2,\"name\":\"Todos los Productos\"}]},{\"@type\":\"WebSite\",\"@id\":\"https:\/\/www.alquera.com\/en\/#website\",\"url\":\"https:\/\/www.alquera.com\/en\/\",\"name\":\"Alquera.com\",\"description\":\"Tienda Online Productos Qu\u00edmicos y Material de Laboratorio\",\"publisher\":{\"@id\":\"https:\/\/www.alquera.com\/en\/#organization\"},\"potentialAction\":[{\"@type\":\"SearchAction\",\"target\":{\"@type\":\"EntryPoint\",\"urlTemplate\":\"https:\/\/www.alquera.com\/en\/?s={search_term_string}\"},\"query-input\":{\"@type\":\"PropertyValueSpecification\",\"valueRequired\":true,\"valueName\":\"search_term_string\"}}],\"inLanguage\":\"pt-PT\"},{\"@type\":\"Organization\",\"@id\":\"https:\/\/www.alquera.com\/en\/#organization\",\"name\":\"ALQUERA CIENCIA SL\",\"url\":\"https:\/\/www.alquera.com\/en\/\",\"logo\":{\"@type\":\"ImageObject\",\"inLanguage\":\"pt-PT\",\"@id\":\"https:\/\/www.alquera.com\/en\/#\/schema\/logo\/image\/\",\"url\":\"https:\/\/www.alquera.com\/wp-content\/uploads\/2020\/11\/logo_300_ancho.png\",\"contentUrl\":\"https:\/\/www.alquera.com\/wp-content\/uploads\/2020\/11\/logo_300_ancho.png\",\"width\":300,\"height\":86,\"caption\":\"ALQUERA CIENCIA SL\"},\"image\":{\"@id\":\"https:\/\/www.alquera.com\/en\/#\/schema\/logo\/image\/\"},\"sameAs\":[\"https:\/\/www.facebook.com\/alqueraciencia\",\"https:\/\/www.instagram.com\/alquera_ciencia\/\",\"https:\/\/www.youtube.com\/c\/alquera\"]}]}<\/script>\n<!-- \/ Yoast SEO Premium plugin. -->","yoast_head_json":{"title":"Todos os produtos - Alquera.com","robots":{"index":"index","follow":"follow","max-snippet":"max-snippet:-1","max-image-preview":"max-image-preview:large","max-video-preview":"max-video-preview:-1"},"canonical":"https:\/\/www.alquera.com\/pt\/productos-quimicos\/","og_locale":"pt_PT","og_type":"article","og_title":"Todos los Productos","og_description":"Encuentra en Alquera un amplio cat\u00e1logo de productos qu\u00edmicos. Puedes encontrar el producto qu\u00edmico que buscas, navegando aqu\u00ed abajo a trav\u00e9s del nombre. Encontrar\u00e1s diferentes formatos. Realiza la compra directamente online siguiendo los pasos que se indican. Los env\u00edos se realizan en 24\/48h de recibir el pedido. Para cualquier duda sobre el funcionamiento de Alquera [&hellip;]","og_url":"https:\/\/www.alquera.com\/pt\/productos-quimicos\/","og_site_name":"Alquera.com","article_publisher":"https:\/\/www.facebook.com\/alqueraciencia","article_modified_time":"2026-03-14T15:59:18+00:00","twitter_card":"summary_large_image","twitter_misc":{"Tempo estimado de leitura":"2 minutos"},"schema":{"@context":"https:\/\/schema.org","@graph":[{"@type":"WebPage","@id":"https:\/\/www.alquera.com\/productos-quimicos\/","url":"https:\/\/www.alquera.com\/productos-quimicos\/","name":"Todos os produtos - Alquera.com","isPartOf":{"@id":"https:\/\/www.alquera.com\/en\/#website"},"datePublished":"2020-12-31T10:55:52+00:00","dateModified":"2026-03-14T15:59:18+00:00","breadcrumb":{"@id":"https:\/\/www.alquera.com\/productos-quimicos\/#breadcrumb"},"inLanguage":"pt-PT","potentialAction":[{"@type":"ReadAction","target":["https:\/\/www.alquera.com\/productos-quimicos\/"]}]},{"@type":"BreadcrumbList","@id":"https:\/\/www.alquera.com\/productos-quimicos\/#breadcrumb","itemListElement":[{"@type":"ListItem","position":1,"name":"Inicio","item":"https:\/\/www.alquera.com\/"},{"@type":"ListItem","position":2,"name":"Todos los Productos"}]},{"@type":"WebSite","@id":"https:\/\/www.alquera.com\/en\/#website","url":"https:\/\/www.alquera.com\/en\/","name":"Alquera.com","description":"Loja on-line de produtos qu\u00edmicos e equipamento de laborat\u00f3rio","publisher":{"@id":"https:\/\/www.alquera.com\/en\/#organization"},"potentialAction":[{"@type":"SearchAction","target":{"@type":"EntryPoint","urlTemplate":"https:\/\/www.alquera.com\/en\/?s={search_term_string}"},"query-input":{"@type":"PropertyValueSpecification","valueRequired":true,"valueName":"search_term_string"}}],"inLanguage":"pt-PT"},{"@type":"Organization","@id":"https:\/\/www.alquera.com\/en\/#organization","name":"ALQUERA CIENCIA SL","url":"https:\/\/www.alquera.com\/en\/","logo":{"@type":"ImageObject","inLanguage":"pt-PT","@id":"https:\/\/www.alquera.com\/en\/#\/schema\/logo\/image\/","url":"https:\/\/www.alquera.com\/wp-content\/uploads\/2020\/11\/logo_300_ancho.png","contentUrl":"https:\/\/www.alquera.com\/wp-content\/uploads\/2020\/11\/logo_300_ancho.png","width":300,"height":86,"caption":"ALQUERA CIENCIA SL"},"image":{"@id":"https:\/\/www.alquera.com\/en\/#\/schema\/logo\/image\/"},"sameAs":["https:\/\/www.facebook.com\/alqueraciencia","https:\/\/www.instagram.com\/alquera_ciencia\/","https:\/\/www.youtube.com\/c\/alquera"]}]}},"_links":{"self":[{"href":"https:\/\/www.alquera.com\/pt\/wp-json\/wp\/v2\/pages\/32517","targetHints":{"allow":["GET"]}}],"collection":[{"href":"https:\/\/www.alquera.com\/pt\/wp-json\/wp\/v2\/pages"}],"about":[{"href":"https:\/\/www.alquera.com\/pt\/wp-json\/wp\/v2\/types\/page"}],"author":[{"embeddable":true,"href":"https:\/\/www.alquera.com\/pt\/wp-json\/wp\/v2\/users\/1"}],"replies":[{"embeddable":true,"href":"https:\/\/www.alquera.com\/pt\/wp-json\/wp\/v2\/comments?post=32517"}],"version-history":[{"count":97,"href":"https:\/\/www.alquera.com\/pt\/wp-json\/wp\/v2\/pages\/32517\/revisions"}],"predecessor-version":[{"id":53504,"href":"https:\/\/www.alquera.com\/pt\/wp-json\/wp\/v2\/pages\/32517\/revisions\/53504"}],"wp:attachment":[{"href":"https:\/\/www.alquera.com\/pt\/wp-json\/wp\/v2\/media?parent=32517"}],"curies":[{"name":"wp","href":"https:\/\/api.w.org\/{rel}","templated":true}]}}