{"id":32937,"date":"2021-02-16T10:50:54","date_gmt":"2021-02-16T10:50:54","guid":{"rendered":"https:\/\/www.alquera.com\/?page_id=32937"},"modified":"2021-03-21T06:35:09","modified_gmt":"2021-03-21T06:35:09","slug":"tensioactivos","status":"publish","type":"page","link":"https:\/\/www.alquera.com\/pt\/tensioactivos\/","title":{"rendered":"Surfactantes"},"content":{"rendered":"<p>Se alguma vez tiver olhado para os ingredientes da maioria dos produtos de limpeza no supermercado, ter\u00e1 notado a nota\u00e7\u00e3o no final dos ingredientes onde diz. Tensioactivos &lt;5%. O que s\u00e3o tensioactivos? N\u00e3o s\u00e3o eles obrigados a dizer que componentes t\u00eam estes produtos?<\/p>\n<h2>QUE S\u00c3O SURFACTANTES. EXEMPLOS<\/h2>\n<p>Um tensioactivo \u00e9 uma subst\u00e2ncia que influencia a superf\u00edcie de contacto entre duas fases (por exemplo, dois l\u00edquidos insol\u00faveis um no outro) por meio de tens\u00e3o superficial. Os tensioactivos s\u00e3o subst\u00e2ncias que tornam poss\u00edvel a dissolu\u00e7\u00e3o de dois produtos insol\u00faveis um no outro.<\/p>\n<p>Os tensioactivos s\u00e3o compostos por uma parte hidrof\u00f3bica ou hidrof\u00f3bica e um resto hidr\u00f3filo, ou hidrossol\u00favel.<\/p>\n<p>Todos os tensioactivos t\u00eam propriedades umectantes, dispersantes, deflocalizantes, detergentes, emulsionantes, suspensivas e solubilizantes at\u00e9 certo ponto, mas geralmente uma destas propriedades domina sobre as outras, o que restringe a utiliza\u00e7\u00e3o de cada tensioactivo para uma determinada aplica\u00e7\u00e3o.<\/p>\n<p>Os surfactantes mais comuns s\u00e3o os carboxilatos, que incluem sais de carboxilato (sab\u00f5es) como o estearato de s\u00f3dio.  Encontra tamb\u00e9m o <b>sulfato de l\u00e1urilo de s\u00f3dio .<\/b><\/p>\n<p>Em resumo, os tensioactivos variam desde sab\u00f5es a qualquer componente que esteja inclu\u00eddo para emulsionar (permitir a mistura), dar solubilidade, dispersar um produto, etc. S\u00e3o utilizados em produtos de limpeza, cosm\u00e9ticos e alimentos. S\u00e3o utilizados em produtos de limpeza, cosm\u00e9ticos e alimentos. A maioria deles s\u00e3o os temidos \"qu\u00edmicos\" que est\u00e3o contidos em praticamente todos os produtos dom\u00e9sticos e s\u00e3o os que tendem a ser reduzidos nos chamados produtos org\u00e2nicos.<\/p>\n<p><em>Fonte: <a href=\"https:\/\/es.wikipedia.org\/wiki\/Tensoactivo\">Surfactantes da Wikip\u00e9dia<\/a>, <a href=\"https:\/\/en.wikipedia.org\/wiki\/Surfactant\">Surfactantes<\/a><\/em><\/p>\n<h2>LABELLING<\/h2>\n<p>Uma das partes mais importantes da classifica\u00e7\u00e3o dos produtos, quer sejam produtos de limpeza ou produtos qu\u00edmicos em geral, \u00e9 a rotulagem. Existe um regulamento geral europeu para a rotulagem de produtos qu\u00edmicos. Todos os produtos de limpeza devem ser rotulados com s\u00edmbolos e frases de perigo, dependendo da sua composi\u00e7\u00e3o.<\/p>\n<p><a href=\"https:\/\/www.alquera.com\/pt\/tensioactivos\/1272_2008-etiquetado-y-envasado-_-celex_32008r1272_es_txt\/\" rel=\"attachment wp-att-33394\">1272_2008 ROTULAGEM E EMBALAGEM _ CELEX_32008R1272_PT_TXT<\/a><\/p>","protected":false},"excerpt":{"rendered":"<p>Si te has fijado alguna vez en los componentes de la gran parte de productos de limpieza en el supermercado, te habr\u00e1s fijado la anotaci\u00f3n del final de los ingredientes donde dice. Tensioactivos &lt;5%. \u00bfQu\u00e9 son los tensioactivos? \u00bfNo est\u00e1n obligados a decir qu\u00e9 componentes tienen estos productos? QUE SON LOS TENSIOACTIVOS. EJEMPLOS Un tensioactivo [&hellip;]<\/p>\n","protected":false},"author":1,"featured_media":0,"parent":0,"menu_order":0,"comment_status":"closed","ping_status":"closed","template":"","meta":{"_acf_changed":false,"site-sidebar-layout":"default","site-content-layout":"","ast-site-content-layout":"default","site-content-style":"default","site-sidebar-style":"default","ast-global-header-display":"","ast-banner-title-visibility":"","ast-main-header-display":"","ast-hfb-above-header-display":"","ast-hfb-below-header-display":"","ast-hfb-mobile-header-display":"","site-post-title":"","ast-breadcrumbs-content":"","ast-featured-img":"","footer-sml-layout":"","ast-disable-related-posts":"","theme-transparent-header-meta":"","adv-header-id-meta":"","stick-header-meta":"","header-above-stick-meta":"","header-main-stick-meta":"","header-below-stick-meta":"","astra-migrate-meta-layouts":"default","ast-page-background-enabled":"default","ast-page-background-meta":{"desktop":{"background-color":"var(--ast-global-color-4)","background-image":"","background-repeat":"repeat","background-position":"center center","background-size":"auto","background-attachment":"scroll","background-type":"","background-media":"","overlay-type":"","overlay-color":"","overlay-opacity":"","overlay-gradient":""},"tablet":{"background-color":"","background-image":"","background-repeat":"repeat","background-position":"center center","background-size":"auto","background-attachment":"scroll","background-type":"","background-media":"","overlay-type":"","overlay-color":"","overlay-opacity":"","overlay-gradient":""},"mobile":{"background-color":"","background-image":"","background-repeat":"repeat","background-position":"center center","background-size":"auto","background-attachment":"scroll","background-type":"","background-media":"","overlay-type":"","overlay-color":"","overlay-opacity":"","overlay-gradient":""}},"ast-content-background-meta":{"desktop":{"background-color":"var(--ast-global-color-5)","background-image":"","background-repeat":"repeat","background-position":"center center","background-size":"auto","background-attachment":"scroll","background-type":"","background-media":"","overlay-type":"","overlay-color":"","overlay-opacity":"","overlay-gradient":""},"tablet":{"background-color":"var(--ast-global-color-5)","background-image":"","background-repeat":"repeat","background-position":"center center","background-size":"auto","background-attachment":"scroll","background-type":"","background-media":"","overlay-type":"","overlay-color":"","overlay-opacity":"","overlay-gradient":""},"mobile":{"background-color":"var(--ast-global-color-5)","background-image":"","background-repeat":"repeat","background-position":"center center","background-size":"auto","background-attachment":"scroll","background-type":"","background-media":"","overlay-type":"","overlay-color":"","overlay-opacity":"","overlay-gradient":""}},"footnotes":""},"class_list":["post-32937","page","type-page","status-publish","hentry"],"acf":[],"yoast_head":"<!-- This site is optimized with the Yoast SEO Premium plugin v27.1 (Yoast SEO v27.1.1) - https:\/\/yoast.com\/product\/yoast-seo-premium-wordpress\/ -->\n<title>Tensioactivos - Alquera.com<\/title>\n<meta name=\"description\" content=\"Los tensiactivos es el nombre con caracter general que agrupa a qu\u00edmicos que act\u00faan como principios activos en productos de limpieza.\" \/>\n<meta name=\"robots\" content=\"index, follow, max-snippet:-1, max-image-preview:large, max-video-preview:-1\" \/>\n<link rel=\"canonical\" href=\"https:\/\/www.alquera.com\/pt\/tensioactivos\/\" \/>\n<meta property=\"og:locale\" content=\"pt_PT\" \/>\n<meta property=\"og:type\" content=\"article\" \/>\n<meta property=\"og:title\" content=\"Tensioactivos\" \/>\n<meta property=\"og:description\" content=\"Los tensiactivos es el nombre con caracter general que agrupa a qu\u00edmicos que act\u00faan como principios activos en productos de limpieza.\" \/>\n<meta property=\"og:url\" content=\"https:\/\/www.alquera.com\/pt\/tensioactivos\/\" \/>\n<meta property=\"og:site_name\" content=\"Alquera.com\" \/>\n<meta property=\"article:publisher\" content=\"https:\/\/www.facebook.com\/alqueraciencia\" \/>\n<meta property=\"article:modified_time\" content=\"2021-03-21T06:35:09+00:00\" \/>\n<meta name=\"twitter:card\" content=\"summary_large_image\" \/>\n<meta name=\"twitter:label1\" content=\"Tempo estimado de leitura\" \/>\n\t<meta name=\"twitter:data1\" content=\"2 minutos\" \/>\n<script type=\"application\/ld+json\" class=\"yoast-schema-graph\">{\"@context\":\"https:\/\/schema.org\",\"@graph\":[{\"@type\":\"WebPage\",\"@id\":\"https:\/\/www.alquera.com\/tensioactivos\/\",\"url\":\"https:\/\/www.alquera.com\/tensioactivos\/\",\"name\":\"Tensioactivos - Alquera.com\",\"isPartOf\":{\"@id\":\"https:\/\/www.alquera.com\/en\/#website\"},\"datePublished\":\"2021-02-16T10:50:54+00:00\",\"dateModified\":\"2021-03-21T06:35:09+00:00\",\"description\":\"Los tensiactivos es el nombre con caracter general que agrupa a qu\u00edmicos que act\u00faan como principios activos en productos de limpieza.\",\"breadcrumb\":{\"@id\":\"https:\/\/www.alquera.com\/tensioactivos\/#breadcrumb\"},\"inLanguage\":\"pt-PT\",\"potentialAction\":[{\"@type\":\"ReadAction\",\"target\":[\"https:\/\/www.alquera.com\/tensioactivos\/\"]}]},{\"@type\":\"BreadcrumbList\",\"@id\":\"https:\/\/www.alquera.com\/tensioactivos\/#breadcrumb\",\"itemListElement\":[{\"@type\":\"ListItem\",\"position\":1,\"name\":\"Inicio\",\"item\":\"https:\/\/www.alquera.com\/\"},{\"@type\":\"ListItem\",\"position\":2,\"name\":\"Tensioactivos\"}]},{\"@type\":\"WebSite\",\"@id\":\"https:\/\/www.alquera.com\/en\/#website\",\"url\":\"https:\/\/www.alquera.com\/en\/\",\"name\":\"Alquera.com\",\"description\":\"Tienda Online Productos Qu\u00edmicos y Material de Laboratorio\",\"publisher\":{\"@id\":\"https:\/\/www.alquera.com\/en\/#organization\"},\"potentialAction\":[{\"@type\":\"SearchAction\",\"target\":{\"@type\":\"EntryPoint\",\"urlTemplate\":\"https:\/\/www.alquera.com\/en\/?s={search_term_string}\"},\"query-input\":{\"@type\":\"PropertyValueSpecification\",\"valueRequired\":true,\"valueName\":\"search_term_string\"}}],\"inLanguage\":\"pt-PT\"},{\"@type\":\"Organization\",\"@id\":\"https:\/\/www.alquera.com\/en\/#organization\",\"name\":\"ALQUERA CIENCIA SL\",\"url\":\"https:\/\/www.alquera.com\/en\/\",\"logo\":{\"@type\":\"ImageObject\",\"inLanguage\":\"pt-PT\",\"@id\":\"https:\/\/www.alquera.com\/en\/#\/schema\/logo\/image\/\",\"url\":\"https:\/\/www.alquera.com\/wp-content\/uploads\/2020\/11\/logo_300_ancho.png\",\"contentUrl\":\"https:\/\/www.alquera.com\/wp-content\/uploads\/2020\/11\/logo_300_ancho.png\",\"width\":300,\"height\":86,\"caption\":\"ALQUERA CIENCIA SL\"},\"image\":{\"@id\":\"https:\/\/www.alquera.com\/en\/#\/schema\/logo\/image\/\"},\"sameAs\":[\"https:\/\/www.facebook.com\/alqueraciencia\",\"https:\/\/www.instagram.com\/alquera_ciencia\/\",\"https:\/\/www.youtube.com\/c\/alquera\"]}]}<\/script>\n<!-- \/ Yoast SEO Premium plugin. -->","yoast_head_json":{"title":"Surfactantes - Alquera.com","description":"Surfactantes \u00e9 o nome geral dos produtos qu\u00edmicos que actuam como ingredientes activos em produtos de limpeza.","robots":{"index":"index","follow":"follow","max-snippet":"max-snippet:-1","max-image-preview":"max-image-preview:large","max-video-preview":"max-video-preview:-1"},"canonical":"https:\/\/www.alquera.com\/pt\/tensioactivos\/","og_locale":"pt_PT","og_type":"article","og_title":"Tensioactivos","og_description":"Los tensiactivos es el nombre con caracter general que agrupa a qu\u00edmicos que act\u00faan como principios activos en productos de limpieza.","og_url":"https:\/\/www.alquera.com\/pt\/tensioactivos\/","og_site_name":"Alquera.com","article_publisher":"https:\/\/www.facebook.com\/alqueraciencia","article_modified_time":"2021-03-21T06:35:09+00:00","twitter_card":"summary_large_image","twitter_misc":{"Tempo estimado de leitura":"2 minutos"},"schema":{"@context":"https:\/\/schema.org","@graph":[{"@type":"WebPage","@id":"https:\/\/www.alquera.com\/tensioactivos\/","url":"https:\/\/www.alquera.com\/tensioactivos\/","name":"Surfactantes - Alquera.com","isPartOf":{"@id":"https:\/\/www.alquera.com\/en\/#website"},"datePublished":"2021-02-16T10:50:54+00:00","dateModified":"2021-03-21T06:35:09+00:00","description":"Surfactantes \u00e9 o nome geral dos produtos qu\u00edmicos que actuam como ingredientes activos em produtos de limpeza.","breadcrumb":{"@id":"https:\/\/www.alquera.com\/tensioactivos\/#breadcrumb"},"inLanguage":"pt-PT","potentialAction":[{"@type":"ReadAction","target":["https:\/\/www.alquera.com\/tensioactivos\/"]}]},{"@type":"BreadcrumbList","@id":"https:\/\/www.alquera.com\/tensioactivos\/#breadcrumb","itemListElement":[{"@type":"ListItem","position":1,"name":"Inicio","item":"https:\/\/www.alquera.com\/"},{"@type":"ListItem","position":2,"name":"Tensioactivos"}]},{"@type":"WebSite","@id":"https:\/\/www.alquera.com\/en\/#website","url":"https:\/\/www.alquera.com\/en\/","name":"Alquera.com","description":"Loja on-line de produtos qu\u00edmicos e equipamento de laborat\u00f3rio","publisher":{"@id":"https:\/\/www.alquera.com\/en\/#organization"},"potentialAction":[{"@type":"SearchAction","target":{"@type":"EntryPoint","urlTemplate":"https:\/\/www.alquera.com\/en\/?s={search_term_string}"},"query-input":{"@type":"PropertyValueSpecification","valueRequired":true,"valueName":"search_term_string"}}],"inLanguage":"pt-PT"},{"@type":"Organization","@id":"https:\/\/www.alquera.com\/en\/#organization","name":"ALQUERA CIENCIA SL","url":"https:\/\/www.alquera.com\/en\/","logo":{"@type":"ImageObject","inLanguage":"pt-PT","@id":"https:\/\/www.alquera.com\/en\/#\/schema\/logo\/image\/","url":"https:\/\/www.alquera.com\/wp-content\/uploads\/2020\/11\/logo_300_ancho.png","contentUrl":"https:\/\/www.alquera.com\/wp-content\/uploads\/2020\/11\/logo_300_ancho.png","width":300,"height":86,"caption":"ALQUERA CIENCIA SL"},"image":{"@id":"https:\/\/www.alquera.com\/en\/#\/schema\/logo\/image\/"},"sameAs":["https:\/\/www.facebook.com\/alqueraciencia","https:\/\/www.instagram.com\/alquera_ciencia\/","https:\/\/www.youtube.com\/c\/alquera"]}]}},"_links":{"self":[{"href":"https:\/\/www.alquera.com\/pt\/wp-json\/wp\/v2\/pages\/32937","targetHints":{"allow":["GET"]}}],"collection":[{"href":"https:\/\/www.alquera.com\/pt\/wp-json\/wp\/v2\/pages"}],"about":[{"href":"https:\/\/www.alquera.com\/pt\/wp-json\/wp\/v2\/types\/page"}],"author":[{"embeddable":true,"href":"https:\/\/www.alquera.com\/pt\/wp-json\/wp\/v2\/users\/1"}],"replies":[{"embeddable":true,"href":"https:\/\/www.alquera.com\/pt\/wp-json\/wp\/v2\/comments?post=32937"}],"version-history":[{"count":4,"href":"https:\/\/www.alquera.com\/pt\/wp-json\/wp\/v2\/pages\/32937\/revisions"}],"predecessor-version":[{"id":33396,"href":"https:\/\/www.alquera.com\/pt\/wp-json\/wp\/v2\/pages\/32937\/revisions\/33396"}],"wp:attachment":[{"href":"https:\/\/www.alquera.com\/pt\/wp-json\/wp\/v2\/media?parent=32937"}],"curies":[{"name":"wp","href":"https:\/\/api.w.org\/{rel}","templated":true}]}}