{"id":331,"date":"2020-09-24T13:33:10","date_gmt":"2020-09-24T13:33:10","guid":{"rendered":"https:\/\/www.alquera.com\/productos\/?page_id=331"},"modified":"2021-09-20T12:05:05","modified_gmt":"2021-09-20T12:05:05","slug":"fungicida","status":"publish","type":"page","link":"https:\/\/www.alquera.com\/pt\/sulfato-de-cobre\/fungicida\/","title":{"rendered":"Fungicida de Sulfato de Cobre"},"content":{"rendered":"<p>O fungicida sulfato de cobre \u00e9 utilizado na agricultura biol\u00f3gica gra\u00e7as \u00e0 sua ac\u00e7\u00e3o desinfectante (elimina microrganismos), uma vez que previne e cura o desenvolvimento de um certo grupo de fungos que atacam as plantas e podem causar a sua morte ou perda da colheita.<\/p>\n\n\n\n<h2 class=\"wp-block-heading\">Fungos nos quais o sulfato de cobre actua como fungicida<\/h2>\n\n\n\n<p>Como fungicida, actua sobre os fungos que causam:<\/p>\n\n\n\n<p><p>Bolor cinzento (<em>Botrytis cinerea<\/em>): manifesta-se pela forma\u00e7\u00e3o de uma massa de algod\u00e3o castanho a cinzento e o apodrecimento de flores, frutos ou tecidos tenros. Este fungo ocorre em: <strong>morango, br\u00f3colos, baunilha, rosa, etc.<\/strong><\/p>\n<p><img loading=\"lazy\" decoding=\"async\" class=\"size-medium wp-image-32300 aligncenter\" src=\"https:\/\/www.alquera.com\/wp-content\/uploads\/2020\/12\/fresas_mohogris-300x226.png\" alt=\"Sulfato de Cobre Fungicida\" width=\"300\" height=\"226\" srcset=\"https:\/\/www.alquera.com\/wp-content\/uploads\/2020\/12\/fresas_mohogris-300x226.png 300w, https:\/\/www.alquera.com\/wp-content\/uploads\/2020\/12\/fresas_mohogris.png 516w\" sizes=\"auto, (max-width: 300px) 100vw, 300px\" \/><\/p><\/p>\n\n\n\n<p><p>Chupadera (<em>Rizoctonia<\/em> spp.): manifesta-se por danos ou les\u00f5es na base do caule (colo da planta) quando a planta se encontra na sua fase tenra (primeiras semanas de vida), o que provoca a quebra do caule e a morte da planta. Ocorre em<strong> feij\u00e3o, malagueta, espinafre, beterraba, acelga, etc.<\/strong><\/p>\n<p><img loading=\"lazy\" decoding=\"async\" class=\"size-medium wp-image-32301 aligncenter\" src=\"https:\/\/www.alquera.com\/wp-content\/uploads\/2020\/12\/Fungicida-300x191.png\" alt=\"sulfato de cobre como fungicida\" width=\"300\" height=\"191\" srcset=\"https:\/\/www.alquera.com\/wp-content\/uploads\/2020\/12\/Fungicida-300x191.png 300w, https:\/\/www.alquera.com\/wp-content\/uploads\/2020\/12\/Fungicida.png 519w\" sizes=\"auto, (max-width: 300px) 100vw, 300px\" \/><\/p>\n<p>&nbsp;<\/p><\/p>\n\n\n\n\n\n<h2 class=\"wp-block-heading\">Como o sulfato de cobre \u00e9 aplicado \u00e0s plantas<\/h2>\n\n\n\n\n\n<p>A aplica\u00e7\u00e3o de sulfato de cobre \u00e0s plantas \u00e9 muito simples, apenas necessitar\u00e1 dos seguintes materiais, sendo o \u00fanico que poder\u00e1 n\u00e3o ter em casa o sulfato de cobre:<\/p>\n\n\n\n<h3 class=\"wp-block-heading\"><strong>Materiais<\/strong><\/h3>\n\n\n\n<ul class=\"wp-block-list\"><li>1 litro de \u00e1gua<\/li><li>10 gramas de sulfato de cobre.&nbsp;<\/li><li>Uma colher<\/li><li>1 Aspersor<\/li><\/ul>\n\n\n\n<h3 class=\"wp-block-heading\"><strong>Prepara\u00e7\u00e3o<\/strong><\/h3>\n\n\n\n<p>A propor\u00e7\u00e3o a ser utilizada \u00e9 de 10 gramas de sulfato de cobre por litro de \u00e1gua. Misturar ambos os elementos e agitar at\u00e9 que o sulfato de cobre esteja completamente dissolvido. A \u00e1gua ter\u00e1 uma cor azul, t\u00edpica do Sulfato de Cobre.<\/p>\n\n\n\n<h3 class=\"wp-block-heading\"><strong>Recomenda\u00e7\u00f5es para aplica\u00e7\u00e3o<\/strong><\/h3>\n\n\n\n<p>O sulfato de cobre deve ser aplicado dispersando got\u00edculas muito finas com um aspersor (manual ou autom\u00e1tico). Deve ser aplicado tanto na parte superior como na parte inferior das folhas. Nas culturas em crescimento \u00e9 aconselh\u00e1vel fazer duas aplica\u00e7\u00f5es por semana em per\u00edodos de baixas temperaturas e alta humidade (Inverno), pois \u00e9 nestas condi\u00e7\u00f5es que as condi\u00e7\u00f5es s\u00e3o favor\u00e1veis para o desenvolvimento dos fungos acima mencionados.<\/p>\n\n\n\n<p><strong>Aplica\u00e7\u00e3o em plantas de alface<\/strong><\/p>\n\n\n\n<p>N\u00e3o h\u00e1 problemas de toxicidade nas plantas, ou seja, n\u00e3o causa murchid\u00e3o ou morte da cultura a menos que a dose recomendada seja excedida ou que as temperaturas ambientes sejam elevadas.<\/p>\n\n\n\n<p>O sulfato de cobre \u00e9 por vezes utilizado dentro da <a href=\"https:\/\/www.alquera.com\/pt\/sulfato-de-cobre\/caldo-bordeles-agricultura\/\">Broth Bordeles<\/a> para utiliza\u00e7\u00e3o como fungicida.<\/p>\n\n\n\n<p>Outros usos do sulfato de cobre s\u00e3o tamb\u00e9m como <a href=\"https:\/\/www.alquera.com\/pt\/sulfato-de-cobre\/piscinas\/\">algicida em piscinas<\/a> e como <a href=\"https:\/\/www.alquera.com\/pt\/sulfato-de-cobre\/alimentacion-animal\/\">suplemento de alimenta\u00e7\u00e3o animal<\/a>.<\/p>\n\n\n\n<h3 class=\"widget-title\">Comprar <\/h3><div><div class=\"woocommerce\"><ul class=\"products columns-4\">\n<li class=\"desktop-align-left tablet-align-left mobile-align-left ast-product-gallery-layout-horizontal-slider ast-magnify-disabled ast-product-single-variable ast-product-tabs-layout-horizontal ast-qv-on-image product type-product post-495 status-publish first instock product_cat-productos-experimentos product_cat-productos has-post-thumbnail taxable shipping-taxable purchasable product-type-variable has-default-attributes\">\n\t<a href=\"https:\/\/www.alquera.com\/pt\/permanganato-de-potasio\/\" class=\"woocommerce-LoopProduct-link woocommerce-loop-product__link\"><img loading=\"lazy\" decoding=\"async\" width=\"300\" height=\"300\" src=\"https:\/\/www.alquera.com\/wp-content\/uploads\/2016\/01\/permanganato-200g-foto-nueva-300x300.png\" class=\"attachment-woocommerce_thumbnail size-woocommerce_thumbnail\" alt=\"permanganato 200g\" srcset=\"https:\/\/www.alquera.com\/wp-content\/uploads\/2016\/01\/permanganato-200g-foto-nueva-300x300.png 300w, https:\/\/www.alquera.com\/wp-content\/uploads\/2016\/01\/permanganato-200g-foto-nueva-150x150.png 150w, https:\/\/www.alquera.com\/wp-content\/uploads\/2016\/01\/permanganato-200g-foto-nueva-12x12.png 12w, https:\/\/www.alquera.com\/wp-content\/uploads\/2016\/01\/permanganato-200g-foto-nueva-100x100.png 100w\" sizes=\"auto, (max-width: 300px) 100vw, 300px\" \/><h2 class=\"woocommerce-loop-product__title\">Permanganato de Pot\u00e1ssio<\/h2><div class=\"review-rating\"><div class=\"star-rating\"><span style=\"width:100%\" data-no-translation=\"\" data-trp-gettext=\"\">Classificado <strong class=\"rating\">5.00<\/strong> em 5<\/span><\/div><\/div>\n<\/a><a href=\"https:\/\/www.alquera.com\/pt\/permanganato-de-potasio\/\" aria-describedby=\"woocommerce_loop_add_to_cart_link_describedby_495\" data-quantity=\"1\" class=\"button product_type_variable add_to_cart_button\" data-product_id=\"495\" data-product_sku=\"AL100111\" aria-label=\"Seleccione as op\u00e7\u00f5es para \u201cPermanganato de Potasio\u201d\" rel=\"nofollow\" data-no-translation=\"\" data-trp-gettext=\"\" data-no-translation-aria-label=\"\">Ver op\u00e7\u00f5es<\/a>\t<span id=\"woocommerce_loop_add_to_cart_link_describedby_495\" class=\"screen-reader-text\">\n\t\tEste produto tem v\u00e1rias variantes. As op\u00e7\u00f5es podem ser seleccionadas na p\u00e1gina do produto\t<\/span>\n<\/li>\n<\/ul>\n<\/div><\/div>\n\n\n\n<p class=\"widget-title\">Leia mais<\/p><a href=\"https:\/\/www.alquera.com\/pt\/sulfato-de-cobre\/\">Sulfato de Cobre<\/a>\n<!-- Page-list plugin v.5.9 wordpress.org\/plugins\/page-list\/ -->\n<ul class=\"page-list siblings-page-list\">\n<li class=\"page_item page-item-9998 menu-item\"><a href=\"https:\/\/www.alquera.com\/pt\/sulfato-de-cobre\/caldo-bordeles-agricultura\/\" class=\"menu-link\">Caldo Bordelaise<\/a><\/li>\n<li class=\"page_item page-item-9989 menu-item\"><a href=\"https:\/\/www.alquera.com\/pt\/sulfato-de-cobre\/alimentacion-animal\/\" class=\"menu-link\">Sulfato de Cobre Ra\u00e7\u00e3o Animal<\/a><\/li>\n<li class=\"page_item page-item-331 menu-item\"><a href=\"https:\/\/www.alquera.com\/pt\/sulfato-de-cobre\/fungicida\/\" class=\"menu-link\">Fungicida de Sulfato de Cobre<\/a><\/li>\n<li class=\"page_item page-item-9992 menu-item\"><a href=\"https:\/\/www.alquera.com\/pt\/sulfato-de-cobre\/piscinas\/\" class=\"menu-link\">Piscinas de Sulfato de Cobre<\/a><\/li>\n<li class=\"page_item page-item-324 menu-item\"><a href=\"https:\/\/www.alquera.com\/pt\/sulfato-de-cobre\/usos\/\" class=\"menu-link\">Utiliza sulfato de cobre<\/a><\/li>\n\n<\/ul>","protected":false},"excerpt":{"rendered":"<p>El Sulfato de Cobre&nbsp;fungicida es utilizado en la agricultura ecol\u00f3gica gracias a su acci\u00f3n desinfectante (elimina microorganismos), ya que&nbsp;previene y cura el desarrollo de cierto grupo de hongos que atacan a las plantas y puede causar su muerte o p\u00e9rdida de la cosecha. Hongos sobre los que act\u00faa el Sulfato de Cobre Fungicida Como fungicida [&hellip;]<\/p>\n","protected":false},"author":1,"featured_media":0,"parent":32602,"menu_order":0,"comment_status":"open","ping_status":"closed","template":"","meta":{"_acf_changed":false,"site-sidebar-layout":"left-sidebar","site-content-layout":"default","ast-site-content-layout":"default","site-content-style":"default","site-sidebar-style":"default","ast-global-header-display":"","ast-banner-title-visibility":"","ast-main-header-display":"","ast-hfb-above-header-display":"","ast-hfb-below-header-display":"","ast-hfb-mobile-header-display":"","site-post-title":"","ast-breadcrumbs-content":"","ast-featured-img":"","footer-sml-layout":"","ast-disable-related-posts":"","theme-transparent-header-meta":"default","adv-header-id-meta":"","stick-header-meta":"default","header-above-stick-meta":"","header-main-stick-meta":"","header-below-stick-meta":"","astra-migrate-meta-layouts":"default","ast-page-background-enabled":"default","ast-page-background-meta":{"desktop":{"background-color":"var(--ast-global-color-4)","background-image":"","background-repeat":"repeat","background-position":"center center","background-size":"auto","background-attachment":"scroll","background-type":"","background-media":"","overlay-type":"","overlay-color":"","overlay-opacity":"","overlay-gradient":""},"tablet":{"background-color":"","background-image":"","background-repeat":"repeat","background-position":"center center","background-size":"auto","background-attachment":"scroll","background-type":"","background-media":"","overlay-type":"","overlay-color":"","overlay-opacity":"","overlay-gradient":""},"mobile":{"background-color":"","background-image":"","background-repeat":"repeat","background-position":"center center","background-size":"auto","background-attachment":"scroll","background-type":"","background-media":"","overlay-type":"","overlay-color":"","overlay-opacity":"","overlay-gradient":""}},"ast-content-background-meta":{"desktop":{"background-color":"var(--ast-global-color-5)","background-image":"","background-repeat":"repeat","background-position":"center center","background-size":"auto","background-attachment":"scroll","background-type":"","background-media":"","overlay-type":"","overlay-color":"","overlay-opacity":"","overlay-gradient":""},"tablet":{"background-color":"var(--ast-global-color-5)","background-image":"","background-repeat":"repeat","background-position":"center center","background-size":"auto","background-attachment":"scroll","background-type":"","background-media":"","overlay-type":"","overlay-color":"","overlay-opacity":"","overlay-gradient":""},"mobile":{"background-color":"var(--ast-global-color-5)","background-image":"","background-repeat":"repeat","background-position":"center center","background-size":"auto","background-attachment":"scroll","background-type":"","background-media":"","overlay-type":"","overlay-color":"","overlay-opacity":"","overlay-gradient":""}},"footnotes":""},"class_list":["post-331","page","type-page","status-publish","hentry"],"acf":[],"yoast_head":"<!-- This site is optimized with the Yoast SEO Premium plugin v27.1 (Yoast SEO v27.1.1) - https:\/\/yoast.com\/product\/yoast-seo-premium-wordpress\/ -->\n<title>Sulfato de Cobre Fungicida - Alquera.com<\/title>\n<meta name=\"robots\" content=\"index, follow, max-snippet:-1, max-image-preview:large, max-video-preview:-1\" \/>\n<link rel=\"canonical\" href=\"https:\/\/www.alquera.com\/pt\/sulfato-de-cobre\/fungicida\/\" \/>\n<meta property=\"og:locale\" content=\"pt_PT\" \/>\n<meta property=\"og:type\" content=\"article\" \/>\n<meta property=\"og:title\" content=\"Sulfato de Cobre Fungicida\" \/>\n<meta property=\"og:description\" content=\"El Sulfato de Cobre&nbsp;fungicida es utilizado en la agricultura ecol\u00f3gica gracias a su acci\u00f3n desinfectante (elimina microorganismos), ya que&nbsp;previene y cura el desarrollo de cierto grupo de hongos que atacan a las plantas y puede causar su muerte o p\u00e9rdida de la cosecha. Hongos sobre los que act\u00faa el Sulfato de Cobre Fungicida Como fungicida [&hellip;]\" \/>\n<meta property=\"og:url\" content=\"https:\/\/www.alquera.com\/pt\/sulfato-de-cobre\/fungicida\/\" \/>\n<meta property=\"og:site_name\" content=\"Alquera.com\" \/>\n<meta property=\"article:publisher\" content=\"https:\/\/www.facebook.com\/alqueraciencia\" \/>\n<meta property=\"article:modified_time\" content=\"2021-09-20T12:05:05+00:00\" \/>\n<meta property=\"og:image\" content=\"https:\/\/www.alquera.com\/wp-content\/uploads\/2020\/12\/fresas_mohogris-300x226.png\" \/>\n<meta name=\"twitter:card\" content=\"summary_large_image\" \/>\n<meta name=\"twitter:label1\" content=\"Tempo estimado de leitura\" \/>\n\t<meta name=\"twitter:data1\" content=\"3 minutos\" \/>\n<script type=\"application\/ld+json\" class=\"yoast-schema-graph\">{\"@context\":\"https:\/\/schema.org\",\"@graph\":[{\"@type\":\"WebPage\",\"@id\":\"https:\/\/www.alquera.com\/sulfato-de-cobre\/fungicida\/\",\"url\":\"https:\/\/www.alquera.com\/sulfato-de-cobre\/fungicida\/\",\"name\":\"Sulfato de Cobre Fungicida - Alquera.com\",\"isPartOf\":{\"@id\":\"https:\/\/www.alquera.com\/en\/#website\"},\"primaryImageOfPage\":{\"@id\":\"https:\/\/www.alquera.com\/sulfato-de-cobre\/fungicida\/#primaryimage\"},\"image\":{\"@id\":\"https:\/\/www.alquera.com\/sulfato-de-cobre\/fungicida\/#primaryimage\"},\"thumbnailUrl\":\"https:\/\/www.alquera.com\/wp-content\/uploads\/2020\/12\/fresas_mohogris-300x226.png\",\"datePublished\":\"2020-09-24T13:33:10+00:00\",\"dateModified\":\"2021-09-20T12:05:05+00:00\",\"breadcrumb\":{\"@id\":\"https:\/\/www.alquera.com\/sulfato-de-cobre\/fungicida\/#breadcrumb\"},\"inLanguage\":\"pt-PT\",\"potentialAction\":[{\"@type\":\"ReadAction\",\"target\":[\"https:\/\/www.alquera.com\/sulfato-de-cobre\/fungicida\/\"]}]},{\"@type\":\"ImageObject\",\"inLanguage\":\"pt-PT\",\"@id\":\"https:\/\/www.alquera.com\/sulfato-de-cobre\/fungicida\/#primaryimage\",\"url\":\"https:\/\/www.alquera.com\/wp-content\/uploads\/2020\/12\/fresas_mohogris-300x226.png\",\"contentUrl\":\"https:\/\/www.alquera.com\/wp-content\/uploads\/2020\/12\/fresas_mohogris-300x226.png\"},{\"@type\":\"BreadcrumbList\",\"@id\":\"https:\/\/www.alquera.com\/sulfato-de-cobre\/fungicida\/#breadcrumb\",\"itemListElement\":[{\"@type\":\"ListItem\",\"position\":1,\"name\":\"Inicio\",\"item\":\"https:\/\/www.alquera.com\/\"},{\"@type\":\"ListItem\",\"position\":2,\"name\":\"Sulfato de Cobre\",\"item\":\"https:\/\/www.alquera.com\/sulfato-de-cobre\/\"},{\"@type\":\"ListItem\",\"position\":3,\"name\":\"Sulfato de Cobre Fungicida\"}]},{\"@type\":\"WebSite\",\"@id\":\"https:\/\/www.alquera.com\/en\/#website\",\"url\":\"https:\/\/www.alquera.com\/en\/\",\"name\":\"Alquera.com\",\"description\":\"Tienda Online Productos Qu\u00edmicos y Material de Laboratorio\",\"publisher\":{\"@id\":\"https:\/\/www.alquera.com\/en\/#organization\"},\"potentialAction\":[{\"@type\":\"SearchAction\",\"target\":{\"@type\":\"EntryPoint\",\"urlTemplate\":\"https:\/\/www.alquera.com\/en\/?s={search_term_string}\"},\"query-input\":{\"@type\":\"PropertyValueSpecification\",\"valueRequired\":true,\"valueName\":\"search_term_string\"}}],\"inLanguage\":\"pt-PT\"},{\"@type\":\"Organization\",\"@id\":\"https:\/\/www.alquera.com\/en\/#organization\",\"name\":\"ALQUERA CIENCIA SL\",\"url\":\"https:\/\/www.alquera.com\/en\/\",\"logo\":{\"@type\":\"ImageObject\",\"inLanguage\":\"pt-PT\",\"@id\":\"https:\/\/www.alquera.com\/en\/#\/schema\/logo\/image\/\",\"url\":\"https:\/\/www.alquera.com\/wp-content\/uploads\/2020\/11\/logo_300_ancho.png\",\"contentUrl\":\"https:\/\/www.alquera.com\/wp-content\/uploads\/2020\/11\/logo_300_ancho.png\",\"width\":300,\"height\":86,\"caption\":\"ALQUERA CIENCIA SL\"},\"image\":{\"@id\":\"https:\/\/www.alquera.com\/en\/#\/schema\/logo\/image\/\"},\"sameAs\":[\"https:\/\/www.facebook.com\/alqueraciencia\",\"https:\/\/www.instagram.com\/alquera_ciencia\/\",\"https:\/\/www.youtube.com\/c\/alquera\"]}]}<\/script>\n<!-- \/ Yoast SEO Premium plugin. -->","yoast_head_json":{"title":"Fungicida de Sulfato de Cobre - Alquera.com","robots":{"index":"index","follow":"follow","max-snippet":"max-snippet:-1","max-image-preview":"max-image-preview:large","max-video-preview":"max-video-preview:-1"},"canonical":"https:\/\/www.alquera.com\/pt\/sulfato-de-cobre\/fungicida\/","og_locale":"pt_PT","og_type":"article","og_title":"Sulfato de Cobre Fungicida","og_description":"El Sulfato de Cobre&nbsp;fungicida es utilizado en la agricultura ecol\u00f3gica gracias a su acci\u00f3n desinfectante (elimina microorganismos), ya que&nbsp;previene y cura el desarrollo de cierto grupo de hongos que atacan a las plantas y puede causar su muerte o p\u00e9rdida de la cosecha. Hongos sobre los que act\u00faa el Sulfato de Cobre Fungicida Como fungicida [&hellip;]","og_url":"https:\/\/www.alquera.com\/pt\/sulfato-de-cobre\/fungicida\/","og_site_name":"Alquera.com","article_publisher":"https:\/\/www.facebook.com\/alqueraciencia","article_modified_time":"2021-09-20T12:05:05+00:00","og_image":[{"url":"https:\/\/www.alquera.com\/wp-content\/uploads\/2020\/12\/fresas_mohogris-300x226.png","type":"","width":"","height":""}],"twitter_card":"summary_large_image","twitter_misc":{"Tempo estimado de leitura":"3 minutos"},"schema":{"@context":"https:\/\/schema.org","@graph":[{"@type":"WebPage","@id":"https:\/\/www.alquera.com\/sulfato-de-cobre\/fungicida\/","url":"https:\/\/www.alquera.com\/sulfato-de-cobre\/fungicida\/","name":"Fungicida de Sulfato de Cobre - Alquera.com","isPartOf":{"@id":"https:\/\/www.alquera.com\/en\/#website"},"primaryImageOfPage":{"@id":"https:\/\/www.alquera.com\/sulfato-de-cobre\/fungicida\/#primaryimage"},"image":{"@id":"https:\/\/www.alquera.com\/sulfato-de-cobre\/fungicida\/#primaryimage"},"thumbnailUrl":"https:\/\/www.alquera.com\/wp-content\/uploads\/2020\/12\/fresas_mohogris-300x226.png","datePublished":"2020-09-24T13:33:10+00:00","dateModified":"2021-09-20T12:05:05+00:00","breadcrumb":{"@id":"https:\/\/www.alquera.com\/sulfato-de-cobre\/fungicida\/#breadcrumb"},"inLanguage":"pt-PT","potentialAction":[{"@type":"ReadAction","target":["https:\/\/www.alquera.com\/sulfato-de-cobre\/fungicida\/"]}]},{"@type":"ImageObject","inLanguage":"pt-PT","@id":"https:\/\/www.alquera.com\/sulfato-de-cobre\/fungicida\/#primaryimage","url":"https:\/\/www.alquera.com\/wp-content\/uploads\/2020\/12\/fresas_mohogris-300x226.png","contentUrl":"https:\/\/www.alquera.com\/wp-content\/uploads\/2020\/12\/fresas_mohogris-300x226.png"},{"@type":"BreadcrumbList","@id":"https:\/\/www.alquera.com\/sulfato-de-cobre\/fungicida\/#breadcrumb","itemListElement":[{"@type":"ListItem","position":1,"name":"Inicio","item":"https:\/\/www.alquera.com\/"},{"@type":"ListItem","position":2,"name":"Sulfato de Cobre","item":"https:\/\/www.alquera.com\/sulfato-de-cobre\/"},{"@type":"ListItem","position":3,"name":"Sulfato de Cobre Fungicida"}]},{"@type":"WebSite","@id":"https:\/\/www.alquera.com\/en\/#website","url":"https:\/\/www.alquera.com\/en\/","name":"Alquera.com","description":"Loja on-line de produtos qu\u00edmicos e equipamento de laborat\u00f3rio","publisher":{"@id":"https:\/\/www.alquera.com\/en\/#organization"},"potentialAction":[{"@type":"SearchAction","target":{"@type":"EntryPoint","urlTemplate":"https:\/\/www.alquera.com\/en\/?s={search_term_string}"},"query-input":{"@type":"PropertyValueSpecification","valueRequired":true,"valueName":"search_term_string"}}],"inLanguage":"pt-PT"},{"@type":"Organization","@id":"https:\/\/www.alquera.com\/en\/#organization","name":"ALQUERA CIENCIA SL","url":"https:\/\/www.alquera.com\/en\/","logo":{"@type":"ImageObject","inLanguage":"pt-PT","@id":"https:\/\/www.alquera.com\/en\/#\/schema\/logo\/image\/","url":"https:\/\/www.alquera.com\/wp-content\/uploads\/2020\/11\/logo_300_ancho.png","contentUrl":"https:\/\/www.alquera.com\/wp-content\/uploads\/2020\/11\/logo_300_ancho.png","width":300,"height":86,"caption":"ALQUERA CIENCIA SL"},"image":{"@id":"https:\/\/www.alquera.com\/en\/#\/schema\/logo\/image\/"},"sameAs":["https:\/\/www.facebook.com\/alqueraciencia","https:\/\/www.instagram.com\/alquera_ciencia\/","https:\/\/www.youtube.com\/c\/alquera"]}]}},"_links":{"self":[{"href":"https:\/\/www.alquera.com\/pt\/wp-json\/wp\/v2\/pages\/331","targetHints":{"allow":["GET"]}}],"collection":[{"href":"https:\/\/www.alquera.com\/pt\/wp-json\/wp\/v2\/pages"}],"about":[{"href":"https:\/\/www.alquera.com\/pt\/wp-json\/wp\/v2\/types\/page"}],"author":[{"embeddable":true,"href":"https:\/\/www.alquera.com\/pt\/wp-json\/wp\/v2\/users\/1"}],"replies":[{"embeddable":true,"href":"https:\/\/www.alquera.com\/pt\/wp-json\/wp\/v2\/comments?post=331"}],"version-history":[{"count":15,"href":"https:\/\/www.alquera.com\/pt\/wp-json\/wp\/v2\/pages\/331\/revisions"}],"predecessor-version":[{"id":35144,"href":"https:\/\/www.alquera.com\/pt\/wp-json\/wp\/v2\/pages\/331\/revisions\/35144"}],"up":[{"embeddable":true,"href":"https:\/\/www.alquera.com\/pt\/wp-json\/wp\/v2\/pages\/32602"}],"wp:attachment":[{"href":"https:\/\/www.alquera.com\/pt\/wp-json\/wp\/v2\/media?parent=331"}],"curies":[{"name":"wp","href":"https:\/\/api.w.org\/{rel}","templated":true}]}}