{"id":33277,"date":"2021-03-16T12:49:52","date_gmt":"2021-03-16T12:49:52","guid":{"rendered":"https:\/\/www.alquera.com\/?page_id=33277"},"modified":"2021-09-12T13:44:52","modified_gmt":"2021-09-12T13:44:52","slug":"quitar-oxido","status":"publish","type":"page","link":"https:\/\/www.alquera.com\/pt\/acido-oxalico\/quitar-oxido\/","title":{"rendered":"Remo\u00e7\u00e3o da ferrugem do \u00e1cido ox\u00e1lico"},"content":{"rendered":"<p>Uma das aplica\u00e7\u00f5es do\u00a0<a href=\"https:\/\/www.alquera.com\/pt\/acido-oxalico\/\">\u00e1cido ox\u00e1lico<\/a>\u00a0\u00e9 remover a ferrugem das pe\u00e7as met\u00e1licas. \u00c9 especialmente adequado para pe\u00e7as de a\u00e7o que tenham sido cromadas, tais como pe\u00e7as de bicicleta. A raz\u00e3o para o utilizar em pe\u00e7as cromadas \u00e9 porque o \u00e1cido ox\u00e1lico n\u00e3o comer\u00e1 o cr\u00f3mio como o faz com outros produtos de limpeza de metais, que cont\u00eam \u00e1cido mais forte, como o \u00e1cido clor\u00eddrico.<\/p>\n<div id=\"attachment_87\" class=\"wp-caption aligncenter\">\n<p><a href=\"https:\/\/www.alquera.com\/pt\/acido-oxalico\/quitar-oxido\/piezas-oxidadas\/\" rel=\"attachment wp-att-33315\"><img loading=\"lazy\" decoding=\"async\" class=\"aligncenter wp-image-33315 size-full\" src=\"https:\/\/www.alquera.com\/wp-content\/uploads\/2021\/03\/piezas-oxidadas.png\" alt=\"quitar \u00f3xido \u00e1cido ox\u00e1lico\" width=\"600\" height=\"300\" srcset=\"https:\/\/www.alquera.com\/wp-content\/uploads\/2021\/03\/piezas-oxidadas.png 600w, https:\/\/www.alquera.com\/wp-content\/uploads\/2021\/03\/piezas-oxidadas-300x150.png 300w\" sizes=\"auto, (max-width: 600px) 100vw, 600px\" \/><\/a><\/p>\n<\/div>\n<h2><span id=\"Que_es_una_pieza_cromada\">O que \u00e9 uma pe\u00e7a cromada?<\/span><\/h2>\n<p>Vamos ver como remover a ferrugem com \u00e1cido ox\u00e1lico. Como j\u00e1 mencion\u00e1mos, este m\u00e9todo \u00e9 muito bom para todas as partes met\u00e1licas, e especialmente \u00fatil no caso das partes cromadas, uma vez que o \u00e1cido ox\u00e1lico respeitar\u00e1 a camada de cr\u00f3mio, sem o comer.<\/p>\n<p>Uma pe\u00e7a met\u00e1lica cromada \u00e9 um peda\u00e7o de a\u00e7o que recebeu um tratamento cromado para lhe dar uma apar\u00eancia mais brilhante. Tem um efeito est\u00e9tico nas pe\u00e7as. Pode v\u00ea-lo em talheres e ferragens. Nesta imagem podem-se ver exemplos de pe\u00e7as cromadas.<\/p>\n<div id=\"attachment_88\" class=\"wp-caption aligncenter\"><\/div>\n<p><a href=\"https:\/\/www.alquera.com\/pt\/acido-oxalico\/quitar-oxido\/piezas-cromadas\/\" rel=\"attachment wp-att-33316\"><img loading=\"lazy\" decoding=\"async\" class=\"size-full wp-image-33316 aligncenter\" src=\"https:\/\/www.alquera.com\/wp-content\/uploads\/2021\/03\/piezas-cromadas.png\" alt=\"quitar \u00f3xido en piezas cromadas\" width=\"600\" height=\"300\" srcset=\"https:\/\/www.alquera.com\/wp-content\/uploads\/2021\/03\/piezas-cromadas.png 600w, https:\/\/www.alquera.com\/wp-content\/uploads\/2021\/03\/piezas-cromadas-300x150.png 300w\" sizes=\"auto, (max-width: 600px) 100vw, 600px\" \/><\/a><\/p>\n<h2><span id=\"Como_quitar_el_oxido_con_acido_oxalico\">Como remover ferrugem com \u00e1cido ox\u00e1lico<\/span><\/h2>\n<ol>\n<li>Limpar as pe\u00e7as a enferrujar com \u00e1gua e sab\u00e3o para remover o p\u00f3 e outras part\u00edculas.<\/li>\n<li>Tomar \u00e1cido ox\u00e1lico (vem na forma de p\u00f3) e dilu\u00ed-lo durante alguns minutos. <strong>100 gramas por litro de \u00e1gua<\/strong> numa bacia ou balde<\/li>\n<li>Introduzir as partes oxidadas. Dependendo do grau de oxida\u00e7\u00e3o, ter\u00e1 de os deixar mais ou menos tempo. Em m\u00e9dia, 2-3 horas devem ser suficientes.<\/li>\n<li>Remover as pe\u00e7as e enxagu\u00e1-las bem com \u00e1gua para remover a ferrugem.<\/li>\n<li>Secar bem as pe\u00e7as. Esta secagem \u00e9 importante para evitar que voltem a enferrujar.<\/li>\n<li>Para as fazer durar mais tempo, pode aplicar uma camada de graxa ou lubrificante. Isto ir\u00e1 manter as pe\u00e7as em bom estado durante um per\u00edodo de tempo mais longo.<\/li>\n<\/ol>\n<p>Este produto \u00e9 especialmente utilizado em pe\u00e7as de bicicleta. Vejamos este caso particular para pe\u00e7as de bicicleta.<\/p>\n<h2><strong>Como remover a Ferrugem da Bicicleta<\/strong><\/h2>\n<p><strong>Materiais:<\/strong>\u00a0Necessitar\u00e1 de 200 a 300 gramas de\u00a0<a href=\"https:\/\/www.alquera.com\/pt\/acido-oxalico\/\">\u00e1cido ox\u00e1lico<\/a>400 lixas de gr\u00e3o fino, palha de a\u00e7o 00, ferramentas para desmontar a bicicleta, desengordurante, escova, etc.<\/p>\n<ol>\n<li><strong>Desmontar a bicicleta :<\/strong> \u00c9 poss\u00edvel fazer o trabalho sem desmontar mas n\u00e3o se obter\u00e1 um bom resultado, por isso \u00e9 melhor desmontar a bicicleta inteira. Quando a bicicleta estiver completamente desmontada, separar as partes enferrujadas. As partes enferrujadas ser\u00e3o de a\u00e7o ou ferro, uma vez que as partes de alum\u00ednio n\u00e3o enferrujam. \u00c9 importante n\u00e3o colocar as pe\u00e7as de alum\u00ednio em contacto com o \u00e1cido devido \u00e0 reac\u00e7\u00e3o que poderiam causar. Depois retire toda a gordura e \u00f3leo das partes enferrujadas de ferro ou a\u00e7o que separou.<\/li>\n<li><b>Prepara\u00e7\u00e3o da solu\u00e7\u00e3o de \u00e1cido ox\u00e1lico:<\/b>\u00a0Usar luvas e \u00f3culos de protec\u00e7\u00e3o para evitar o contacto directo com o \u00e1cido.<strong>. Num cubo<\/strong> preparar duas colheres de sopa (cerca de 100 gramas) de \u00e1cido ox\u00e1lico por litro de \u00e1gua.<\/li>\n<li><strong>Introduzir as partes enferrujadas na solu\u00e7\u00e3o:<\/strong> Colocar as partes enferrujadas e limpas da bicicleta na solu\u00e7\u00e3o. As pe\u00e7as devem ser colocadas de tal forma que fiquem completamente submersas.  Deixe-os ficar no balde durante 24 a 48 horas.  O \u00e1cido ox\u00e1lico actua dissolvendo a camada de sujidade no contacto, n\u00e3o \u00e9 necess\u00e1rio esfregar as pe\u00e7as.<\/li>\n<li>Depois de mergulhar durante 24 a 48 horas, retirar as pe\u00e7as. As pe\u00e7as ser\u00e3o cobertas com uma camada branca que dever\u00e1 ser removida directamente com \u00e1gua e sab\u00e3o.<\/li>\n<\/ol>\n<p><strong>Revis\u00e3o:<\/strong>\u00a0Verificar cada pe\u00e7a e tentar corrigir quaisquer pequenos defeitos, tais como arranh\u00f5es.  Remov\u00ea-los com lixa de granulometria fina.<\/p>\n<p><strong>Andar de bicicleta:<\/strong>\u00a0Uma vez todas as pe\u00e7as limpas e secas, \u00e9 altura de as voltar a montar com o maior cuidado. A sua bicicleta estar\u00e1 como nova.<\/p>\n<h3 class=\"widget-title\">Comprar <\/h3><div><div class=\"woocommerce\"><ul class=\"products columns-4\">\n<li class=\"desktop-align-left tablet-align-left mobile-align-left ast-product-gallery-layout-horizontal-slider ast-magnify-disabled ast-product-single-variable ast-product-tabs-layout-horizontal ast-qv-on-image product type-product post-495 status-publish first instock product_cat-productos-experimentos product_cat-productos has-post-thumbnail taxable shipping-taxable purchasable product-type-variable has-default-attributes\">\n\t<a href=\"https:\/\/www.alquera.com\/pt\/permanganato-de-potasio\/\" class=\"woocommerce-LoopProduct-link woocommerce-loop-product__link\"><img loading=\"lazy\" decoding=\"async\" width=\"300\" height=\"300\" src=\"https:\/\/www.alquera.com\/wp-content\/uploads\/2016\/01\/permanganato-200g-foto-nueva-300x300.png\" class=\"attachment-woocommerce_thumbnail size-woocommerce_thumbnail\" alt=\"permanganato 200g\" srcset=\"https:\/\/www.alquera.com\/wp-content\/uploads\/2016\/01\/permanganato-200g-foto-nueva-300x300.png 300w, https:\/\/www.alquera.com\/wp-content\/uploads\/2016\/01\/permanganato-200g-foto-nueva-150x150.png 150w, https:\/\/www.alquera.com\/wp-content\/uploads\/2016\/01\/permanganato-200g-foto-nueva-12x12.png 12w, https:\/\/www.alquera.com\/wp-content\/uploads\/2016\/01\/permanganato-200g-foto-nueva-100x100.png 100w\" sizes=\"auto, (max-width: 300px) 100vw, 300px\" \/><h2 class=\"woocommerce-loop-product__title\">Permanganato de Pot\u00e1ssio<\/h2><div class=\"review-rating\"><div class=\"star-rating\"><span style=\"width:100%\" data-no-translation=\"\" data-trp-gettext=\"\">Classificado <strong class=\"rating\">5.00<\/strong> em 5<\/span><\/div><\/div>\n<\/a><a href=\"https:\/\/www.alquera.com\/pt\/permanganato-de-potasio\/\" aria-describedby=\"woocommerce_loop_add_to_cart_link_describedby_495\" data-quantity=\"1\" class=\"button product_type_variable add_to_cart_button\" data-product_id=\"495\" data-product_sku=\"AL100111\" aria-label=\"Seleccione as op\u00e7\u00f5es para \u201cPermanganato de Potasio\u201d\" rel=\"nofollow\" data-no-translation=\"\" data-trp-gettext=\"\" data-no-translation-aria-label=\"\">Ver op\u00e7\u00f5es<\/a>\t<span id=\"woocommerce_loop_add_to_cart_link_describedby_495\" class=\"screen-reader-text\">\n\t\tEste produto tem v\u00e1rias variantes. As op\u00e7\u00f5es podem ser seleccionadas na p\u00e1gina do produto\t<\/span>\n<\/li>\n<\/ul>\n<\/div><\/div>\n<p class=\"widget-title\">Leia mais<\/p><a href=\"https:\/\/www.alquera.com\/pt\/acido-oxalico\/\">\u00c1cido ox\u00e1lico<\/a>\n<!-- Page-list plugin v.5.9 wordpress.org\/plugins\/page-list\/ -->\n<ul class=\"page-list siblings-page-list\">\n<li class=\"page_item page-item-33282 menu-item\"><a href=\"https:\/\/www.alquera.com\/pt\/acido-oxalico\/apicultura\/\" class=\"menu-link\">\u00c1cido ox\u00e1lico na apicultura<\/a><\/li>\n<li class=\"page_item page-item-33336 menu-item\"><a href=\"https:\/\/www.alquera.com\/pt\/acido-oxalico\/limpieza-fibra-vidrio\/\" class=\"menu-link\">Limpeza em fibra de vidro<\/a><\/li>\n<li class=\"page_item page-item-33280 menu-item\"><a href=\"https:\/\/www.alquera.com\/pt\/acido-oxalico\/pulir-suelos\/\" class=\"menu-link\">Polimento de pisos com \u00e1cido ox\u00e1lico<\/a><\/li>\n<li class=\"page_item page-item-33277 menu-item\"><a href=\"https:\/\/www.alquera.com\/pt\/acido-oxalico\/quitar-oxido\/\" class=\"menu-link\">Remo\u00e7\u00e3o da ferrugem do \u00e1cido ox\u00e1lico<\/a><\/li>\n<li class=\"page_item page-item-33275 menu-item\"><a href=\"https:\/\/www.alquera.com\/pt\/acido-oxalico\/usos\/\" class=\"menu-link\">Utiliza \u00c1cido Ox\u00e1lico<\/a><\/li>\n\n<\/ul>\n<div><\/div>","protected":false},"excerpt":{"rendered":"<p>Una de las aplicaciones del\u00a0\u00e1cido ox\u00e1lico\u00a0es la de quitar \u00f3xido en piezas met\u00e1licas. Est\u00e1 especialmente indicado para piezas de acero que han sido cromadas, como ser\u00edan las piezas de la bicicleta. El motivo de utilizarlo en piezas cromadas es porque el \u00e1cido ox\u00e1lico no se va a comer el cromo como si ocurre con otros [&hellip;]<\/p>\n","protected":false},"author":1,"featured_media":0,"parent":33273,"menu_order":0,"comment_status":"closed","ping_status":"closed","template":"","meta":{"_acf_changed":false,"site-sidebar-layout":"default","site-content-layout":"","ast-site-content-layout":"default","site-content-style":"default","site-sidebar-style":"default","ast-global-header-display":"","ast-banner-title-visibility":"","ast-main-header-display":"","ast-hfb-above-header-display":"","ast-hfb-below-header-display":"","ast-hfb-mobile-header-display":"","site-post-title":"","ast-breadcrumbs-content":"","ast-featured-img":"","footer-sml-layout":"","ast-disable-related-posts":"","theme-transparent-header-meta":"","adv-header-id-meta":"","stick-header-meta":"","header-above-stick-meta":"","header-main-stick-meta":"","header-below-stick-meta":"","astra-migrate-meta-layouts":"default","ast-page-background-enabled":"default","ast-page-background-meta":{"desktop":{"background-color":"var(--ast-global-color-4)","background-image":"","background-repeat":"repeat","background-position":"center center","background-size":"auto","background-attachment":"scroll","background-type":"","background-media":"","overlay-type":"","overlay-color":"","overlay-opacity":"","overlay-gradient":""},"tablet":{"background-color":"","background-image":"","background-repeat":"repeat","background-position":"center center","background-size":"auto","background-attachment":"scroll","background-type":"","background-media":"","overlay-type":"","overlay-color":"","overlay-opacity":"","overlay-gradient":""},"mobile":{"background-color":"","background-image":"","background-repeat":"repeat","background-position":"center center","background-size":"auto","background-attachment":"scroll","background-type":"","background-media":"","overlay-type":"","overlay-color":"","overlay-opacity":"","overlay-gradient":""}},"ast-content-background-meta":{"desktop":{"background-color":"var(--ast-global-color-5)","background-image":"","background-repeat":"repeat","background-position":"center center","background-size":"auto","background-attachment":"scroll","background-type":"","background-media":"","overlay-type":"","overlay-color":"","overlay-opacity":"","overlay-gradient":""},"tablet":{"background-color":"var(--ast-global-color-5)","background-image":"","background-repeat":"repeat","background-position":"center center","background-size":"auto","background-attachment":"scroll","background-type":"","background-media":"","overlay-type":"","overlay-color":"","overlay-opacity":"","overlay-gradient":""},"mobile":{"background-color":"var(--ast-global-color-5)","background-image":"","background-repeat":"repeat","background-position":"center center","background-size":"auto","background-attachment":"scroll","background-type":"","background-media":"","overlay-type":"","overlay-color":"","overlay-opacity":"","overlay-gradient":""}},"footnotes":""},"class_list":["post-33277","page","type-page","status-publish","hentry"],"acf":[],"yoast_head":"<!-- This site is optimized with the Yoast SEO Premium plugin v27.1 (Yoast SEO v27.1.1) - https:\/\/yoast.com\/product\/yoast-seo-premium-wordpress\/ -->\n<title>Quitar \u00d3xido con \u00c1cido Ox\u00e1lico - Alquera.com<\/title>\n<meta name=\"description\" content=\"Vamos a ver como quitar el \u00f3xido especialmente en piezas cromadas utilizando \u00e1cido ox\u00e1lico. Deja tus piezas como nuevas!\" \/>\n<meta name=\"robots\" content=\"index, follow, max-snippet:-1, max-image-preview:large, max-video-preview:-1\" \/>\n<link rel=\"canonical\" href=\"https:\/\/www.alquera.com\/pt\/acido-oxalico\/quitar-oxido\/\" \/>\n<meta property=\"og:locale\" content=\"pt_PT\" \/>\n<meta property=\"og:type\" content=\"article\" \/>\n<meta property=\"og:title\" content=\"Quitar \u00d3xido con \u00c1cido Ox\u00e1lico\" \/>\n<meta property=\"og:description\" content=\"Vamos a ver como quitar el \u00f3xido especialmente en piezas cromadas utilizando \u00e1cido ox\u00e1lico. Deja tus piezas como nuevas!\" \/>\n<meta property=\"og:url\" content=\"https:\/\/www.alquera.com\/pt\/acido-oxalico\/quitar-oxido\/\" \/>\n<meta property=\"og:site_name\" content=\"Alquera.com\" \/>\n<meta property=\"article:publisher\" content=\"https:\/\/www.facebook.com\/alqueraciencia\" \/>\n<meta property=\"article:modified_time\" content=\"2021-09-12T13:44:52+00:00\" \/>\n<meta property=\"og:image\" content=\"https:\/\/www.alquera.com\/wp-content\/uploads\/2021\/03\/piezas-oxidadas.png\" \/>\n<meta name=\"twitter:card\" content=\"summary_large_image\" \/>\n<meta name=\"twitter:label1\" content=\"Tempo estimado de leitura\" \/>\n\t<meta name=\"twitter:data1\" content=\"3 minutos\" \/>\n<script type=\"application\/ld+json\" class=\"yoast-schema-graph\">{\"@context\":\"https:\/\/schema.org\",\"@graph\":[{\"@type\":\"WebPage\",\"@id\":\"https:\/\/www.alquera.com\/acido-oxalico\/quitar-oxido\/\",\"url\":\"https:\/\/www.alquera.com\/acido-oxalico\/quitar-oxido\/\",\"name\":\"Quitar \u00d3xido con \u00c1cido Ox\u00e1lico - Alquera.com\",\"isPartOf\":{\"@id\":\"https:\/\/www.alquera.com\/en\/#website\"},\"primaryImageOfPage\":{\"@id\":\"https:\/\/www.alquera.com\/acido-oxalico\/quitar-oxido\/#primaryimage\"},\"image\":{\"@id\":\"https:\/\/www.alquera.com\/acido-oxalico\/quitar-oxido\/#primaryimage\"},\"thumbnailUrl\":\"https:\/\/www.alquera.com\/wp-content\/uploads\/2021\/03\/piezas-oxidadas.png\",\"datePublished\":\"2021-03-16T12:49:52+00:00\",\"dateModified\":\"2021-09-12T13:44:52+00:00\",\"description\":\"Vamos a ver como quitar el \u00f3xido especialmente en piezas cromadas utilizando \u00e1cido ox\u00e1lico. Deja tus piezas como nuevas!\",\"breadcrumb\":{\"@id\":\"https:\/\/www.alquera.com\/acido-oxalico\/quitar-oxido\/#breadcrumb\"},\"inLanguage\":\"pt-PT\",\"potentialAction\":[{\"@type\":\"ReadAction\",\"target\":[\"https:\/\/www.alquera.com\/acido-oxalico\/quitar-oxido\/\"]}]},{\"@type\":\"ImageObject\",\"inLanguage\":\"pt-PT\",\"@id\":\"https:\/\/www.alquera.com\/acido-oxalico\/quitar-oxido\/#primaryimage\",\"url\":\"https:\/\/www.alquera.com\/wp-content\/uploads\/2021\/03\/piezas-oxidadas.png\",\"contentUrl\":\"https:\/\/www.alquera.com\/wp-content\/uploads\/2021\/03\/piezas-oxidadas.png\"},{\"@type\":\"BreadcrumbList\",\"@id\":\"https:\/\/www.alquera.com\/acido-oxalico\/quitar-oxido\/#breadcrumb\",\"itemListElement\":[{\"@type\":\"ListItem\",\"position\":1,\"name\":\"Inicio\",\"item\":\"https:\/\/www.alquera.com\/\"},{\"@type\":\"ListItem\",\"position\":2,\"name\":\"Acido Ox\u00e1lico\",\"item\":\"https:\/\/www.alquera.com\/acido-oxalico\/\"},{\"@type\":\"ListItem\",\"position\":3,\"name\":\"Quitar \u00d3xido con \u00c1cido Ox\u00e1lico\"}]},{\"@type\":\"WebSite\",\"@id\":\"https:\/\/www.alquera.com\/en\/#website\",\"url\":\"https:\/\/www.alquera.com\/en\/\",\"name\":\"Alquera.com\",\"description\":\"Tienda Online Productos Qu\u00edmicos y Material de Laboratorio\",\"publisher\":{\"@id\":\"https:\/\/www.alquera.com\/en\/#organization\"},\"potentialAction\":[{\"@type\":\"SearchAction\",\"target\":{\"@type\":\"EntryPoint\",\"urlTemplate\":\"https:\/\/www.alquera.com\/en\/?s={search_term_string}\"},\"query-input\":{\"@type\":\"PropertyValueSpecification\",\"valueRequired\":true,\"valueName\":\"search_term_string\"}}],\"inLanguage\":\"pt-PT\"},{\"@type\":\"Organization\",\"@id\":\"https:\/\/www.alquera.com\/en\/#organization\",\"name\":\"ALQUERA CIENCIA SL\",\"url\":\"https:\/\/www.alquera.com\/en\/\",\"logo\":{\"@type\":\"ImageObject\",\"inLanguage\":\"pt-PT\",\"@id\":\"https:\/\/www.alquera.com\/en\/#\/schema\/logo\/image\/\",\"url\":\"https:\/\/www.alquera.com\/wp-content\/uploads\/2020\/11\/logo_300_ancho.png\",\"contentUrl\":\"https:\/\/www.alquera.com\/wp-content\/uploads\/2020\/11\/logo_300_ancho.png\",\"width\":300,\"height\":86,\"caption\":\"ALQUERA CIENCIA SL\"},\"image\":{\"@id\":\"https:\/\/www.alquera.com\/en\/#\/schema\/logo\/image\/\"},\"sameAs\":[\"https:\/\/www.facebook.com\/alqueraciencia\",\"https:\/\/www.instagram.com\/alquera_ciencia\/\",\"https:\/\/www.youtube.com\/c\/alquera\"]}]}<\/script>\n<!-- \/ Yoast SEO Premium plugin. -->","yoast_head_json":{"title":"Remo\u00e7\u00e3o de Ferrugem com \u00c1cido Ox\u00e1lico - Alquera.com","description":"Vamos ver como remover a ferrugem especialmente nas partes cromadas utilizando \u00e1cido ox\u00e1lico. Deixe as suas pe\u00e7as como novas!","robots":{"index":"index","follow":"follow","max-snippet":"max-snippet:-1","max-image-preview":"max-image-preview:large","max-video-preview":"max-video-preview:-1"},"canonical":"https:\/\/www.alquera.com\/pt\/acido-oxalico\/quitar-oxido\/","og_locale":"pt_PT","og_type":"article","og_title":"Quitar \u00d3xido con \u00c1cido Ox\u00e1lico","og_description":"Vamos a ver como quitar el \u00f3xido especialmente en piezas cromadas utilizando \u00e1cido ox\u00e1lico. Deja tus piezas como nuevas!","og_url":"https:\/\/www.alquera.com\/pt\/acido-oxalico\/quitar-oxido\/","og_site_name":"Alquera.com","article_publisher":"https:\/\/www.facebook.com\/alqueraciencia","article_modified_time":"2021-09-12T13:44:52+00:00","og_image":[{"url":"https:\/\/www.alquera.com\/wp-content\/uploads\/2021\/03\/piezas-oxidadas.png","type":"","width":"","height":""}],"twitter_card":"summary_large_image","twitter_misc":{"Tempo estimado de leitura":"3 minutos"},"schema":{"@context":"https:\/\/schema.org","@graph":[{"@type":"WebPage","@id":"https:\/\/www.alquera.com\/acido-oxalico\/quitar-oxido\/","url":"https:\/\/www.alquera.com\/acido-oxalico\/quitar-oxido\/","name":"Remo\u00e7\u00e3o de Ferrugem com \u00c1cido Ox\u00e1lico - Alquera.com","isPartOf":{"@id":"https:\/\/www.alquera.com\/en\/#website"},"primaryImageOfPage":{"@id":"https:\/\/www.alquera.com\/acido-oxalico\/quitar-oxido\/#primaryimage"},"image":{"@id":"https:\/\/www.alquera.com\/acido-oxalico\/quitar-oxido\/#primaryimage"},"thumbnailUrl":"https:\/\/www.alquera.com\/wp-content\/uploads\/2021\/03\/piezas-oxidadas.png","datePublished":"2021-03-16T12:49:52+00:00","dateModified":"2021-09-12T13:44:52+00:00","description":"Vamos ver como remover a ferrugem especialmente nas partes cromadas utilizando \u00e1cido ox\u00e1lico. Deixe as suas pe\u00e7as como novas!","breadcrumb":{"@id":"https:\/\/www.alquera.com\/acido-oxalico\/quitar-oxido\/#breadcrumb"},"inLanguage":"pt-PT","potentialAction":[{"@type":"ReadAction","target":["https:\/\/www.alquera.com\/acido-oxalico\/quitar-oxido\/"]}]},{"@type":"ImageObject","inLanguage":"pt-PT","@id":"https:\/\/www.alquera.com\/acido-oxalico\/quitar-oxido\/#primaryimage","url":"https:\/\/www.alquera.com\/wp-content\/uploads\/2021\/03\/piezas-oxidadas.png","contentUrl":"https:\/\/www.alquera.com\/wp-content\/uploads\/2021\/03\/piezas-oxidadas.png"},{"@type":"BreadcrumbList","@id":"https:\/\/www.alquera.com\/acido-oxalico\/quitar-oxido\/#breadcrumb","itemListElement":[{"@type":"ListItem","position":1,"name":"Inicio","item":"https:\/\/www.alquera.com\/"},{"@type":"ListItem","position":2,"name":"Acido Ox\u00e1lico","item":"https:\/\/www.alquera.com\/acido-oxalico\/"},{"@type":"ListItem","position":3,"name":"Quitar \u00d3xido con \u00c1cido Ox\u00e1lico"}]},{"@type":"WebSite","@id":"https:\/\/www.alquera.com\/en\/#website","url":"https:\/\/www.alquera.com\/en\/","name":"Alquera.com","description":"Loja on-line de produtos qu\u00edmicos e equipamento de laborat\u00f3rio","publisher":{"@id":"https:\/\/www.alquera.com\/en\/#organization"},"potentialAction":[{"@type":"SearchAction","target":{"@type":"EntryPoint","urlTemplate":"https:\/\/www.alquera.com\/en\/?s={search_term_string}"},"query-input":{"@type":"PropertyValueSpecification","valueRequired":true,"valueName":"search_term_string"}}],"inLanguage":"pt-PT"},{"@type":"Organization","@id":"https:\/\/www.alquera.com\/en\/#organization","name":"ALQUERA CIENCIA SL","url":"https:\/\/www.alquera.com\/en\/","logo":{"@type":"ImageObject","inLanguage":"pt-PT","@id":"https:\/\/www.alquera.com\/en\/#\/schema\/logo\/image\/","url":"https:\/\/www.alquera.com\/wp-content\/uploads\/2020\/11\/logo_300_ancho.png","contentUrl":"https:\/\/www.alquera.com\/wp-content\/uploads\/2020\/11\/logo_300_ancho.png","width":300,"height":86,"caption":"ALQUERA CIENCIA SL"},"image":{"@id":"https:\/\/www.alquera.com\/en\/#\/schema\/logo\/image\/"},"sameAs":["https:\/\/www.facebook.com\/alqueraciencia","https:\/\/www.instagram.com\/alquera_ciencia\/","https:\/\/www.youtube.com\/c\/alquera"]}]}},"_links":{"self":[{"href":"https:\/\/www.alquera.com\/pt\/wp-json\/wp\/v2\/pages\/33277","targetHints":{"allow":["GET"]}}],"collection":[{"href":"https:\/\/www.alquera.com\/pt\/wp-json\/wp\/v2\/pages"}],"about":[{"href":"https:\/\/www.alquera.com\/pt\/wp-json\/wp\/v2\/types\/page"}],"author":[{"embeddable":true,"href":"https:\/\/www.alquera.com\/pt\/wp-json\/wp\/v2\/users\/1"}],"replies":[{"embeddable":true,"href":"https:\/\/www.alquera.com\/pt\/wp-json\/wp\/v2\/comments?post=33277"}],"version-history":[{"count":9,"href":"https:\/\/www.alquera.com\/pt\/wp-json\/wp\/v2\/pages\/33277\/revisions"}],"predecessor-version":[{"id":33329,"href":"https:\/\/www.alquera.com\/pt\/wp-json\/wp\/v2\/pages\/33277\/revisions\/33329"}],"up":[{"embeddable":true,"href":"https:\/\/www.alquera.com\/pt\/wp-json\/wp\/v2\/pages\/33273"}],"wp:attachment":[{"href":"https:\/\/www.alquera.com\/pt\/wp-json\/wp\/v2\/media?parent=33277"}],"curies":[{"name":"wp","href":"https:\/\/api.w.org\/{rel}","templated":true}]}}