{"id":33280,"date":"2021-03-16T13:28:29","date_gmt":"2021-03-16T13:28:29","guid":{"rendered":"https:\/\/www.alquera.com\/?page_id=33280"},"modified":"2021-09-12T13:44:35","modified_gmt":"2021-09-12T13:44:35","slug":"pulir-suelos","status":"publish","type":"page","link":"https:\/\/www.alquera.com\/pt\/acido-oxalico\/pulir-suelos\/","title":{"rendered":"Polimento de pisos com \u00e1cido ox\u00e1lico"},"content":{"rendered":"<p>M\u00e1rmore, granito, terrazzo ou qualquer pavimento de pedra polida proporcionam uma beleza e eleg\u00e2ncia inigual\u00e1veis a qualquer edif\u00edcio. S\u00e3o pavimentos muito dur\u00e1veis, mas com o passar do tempo, sofrem desgaste, maus tratos, arranh\u00f5es e manchas, que precisam de ser tratados. \u00c9 necess\u00e1rio realizar um <strong>polimento destes pavimentos<\/strong>especialmente em m\u00e1rmore e granito.<\/p>\n<p>Devido \u00e0 dureza destes materiais, os processos de polimento s\u00e3o dif\u00edceis, os\u00a0<a href=\"https:\/\/www.alquera.com\/pt\/acido-oxalico\/\">\u00e1cido ox\u00e1lico<\/a> ir\u00e1 ajud\u00e1-lo nesta tarefa de polimento, sendo um produto muito econ\u00f3mico e f\u00e1cil de aplicar. Aqui explicamos a utiliza\u00e7\u00e3o de \u00e1cido ox\u00e1lico para o polimento de pavimentos.<\/p>\n<h2><span id=\"PISOS_DE_MARMOL\">PISOS MAR\u00cdTIMOS<\/span><\/h2>\n<p>O m\u00e1rmore \u00e9 um dos materiais mais valorizados na decora\u00e7\u00e3o de uma casa. O\u00a0<strong>m\u00e1rmore<\/strong>\u00a0\u00e9 muito elegante e luminoso. \u00c9 de notar que embora seja um grande material, \u00e9 tamb\u00e9m muito poroso. A porosidade significa que \u00e9 capaz de absorver muitas subst\u00e2ncias, perdendo o seu brilho. Por conseguinte, \u00e9 importante limp\u00e1-los frequentemente, e cuidar deles regularmente.<\/p>\n<p>O m\u00e1rmore n\u00e3o deve ser limpo com um produto abrasivo como a lix\u00edvia, uma vez que isto poderia danific\u00e1-lo. E deve ser mantida t\u00e3o seca quanto poss\u00edvel. Ap\u00f3s a esfregadela, deve ser seca a fundo para a manter seca. Deve ser aplicada uma camada de cera para minimizar a porosidade. A cada 4-5 anos \u00e9 recomendado polir o ch\u00e3o de m\u00e1rmore. Um dos produtos utilizados para polir pavimentos de m\u00e1rmore \u00e9 o \u00e1cido ox\u00e1lico. Na sec\u00e7\u00e3o seguinte dizemos-lhe como polir pavimentos com \u00e1cido ox\u00e1lico.<\/p>\n<h2><span id=\"COMO_PULIR_PISOS_DE_MARMOL_Y_GRANITO_CON_ACIDO_OXALICO\"><strong>COMO POLIR PAVIMENTOS DE M\u00c1RMORE E GRANITO COM \u00c1CIDO OX\u00c1LICO<\/strong><\/span><\/h2>\n<ol>\n<li>Para a limpeza de um\u00a0<strong>ch\u00e3o de m\u00e1rmore com \u00e1cido ox\u00e1lico<\/strong>\u00a0(como com qualquer outro \u00e1cido), come\u00e7ar por remover graxa, cera, ou qualquer outra sujidade do ch\u00e3o. Para isso pode utilizar produtos de limpeza anti-gorduras dispon\u00edveis comercialmente. Limpar especialmente nas zonas por onde passa o maior n\u00famero de pessoas, nas bordas onde se acumulam gordura e sujidade, e sob mobili\u00e1rio que se encontra no mesmo local h\u00e1 muito tempo.<\/li>\n<\/ol>\n<div id=\"attachment_19\" class=\"wp-caption aligncenter\">\n<p class=\"wp-caption-text\"><img loading=\"lazy\" decoding=\"async\" class=\"alignnone size-full wp-image-33318\" src=\"https:\/\/www.alquera.com\/wp-content\/uploads\/2021\/03\/desengrasar.png\" alt=\"limpieza suelos marmol primer paso\" width=\"600\" height=\"286\" srcset=\"https:\/\/www.alquera.com\/wp-content\/uploads\/2021\/03\/desengrasar.png 600w, https:\/\/www.alquera.com\/wp-content\/uploads\/2021\/03\/desengrasar-300x143.png 300w\" sizes=\"auto, (max-width: 600px) 100vw, 600px\" \/><\/p>\n<\/div>\n<p>&nbsp;<\/p>\n<p>2. se os danos no ch\u00e3o n\u00e3o forem extensos e apenas for necess\u00e1rio real\u00e7ar o polimento existente, todo o processo de polimento pode ser feito \u00e0 m\u00e3o. Utilizar palha de a\u00e7o muito fina 00 e movimentos circulares. Basta adicionar o \u00e1cido ox\u00e1lico juntamente com um pouco de \u00e1gua e come\u00e7ar a lixar as \u00e1reas danificadas.<\/p>\n<p>Se o ch\u00e3o tiver muito desgaste e manchas, \u00e9 melhor usar um polidor autom\u00e1tico.<\/p>\n<p><img loading=\"lazy\" decoding=\"async\" class=\"size-full wp-image-33319 aligncenter\" src=\"https:\/\/www.alquera.com\/wp-content\/uploads\/2021\/03\/unnamed.jpg\" alt=\"pulir suelos con acido ox\" width=\"512\" height=\"341\" srcset=\"https:\/\/www.alquera.com\/wp-content\/uploads\/2021\/03\/unnamed.jpg 512w, https:\/\/www.alquera.com\/wp-content\/uploads\/2021\/03\/unnamed-300x200.jpg 300w\" sizes=\"auto, (max-width: 512px) 100vw, 512px\" \/><\/p>\n<p>3. Lavar e limpar com \u00e1gua para remover res\u00edduos.<\/p>\n<div id=\"attachment_20\" class=\"wp-caption aligncenter\">\n<p class=\"wp-caption-text\">\n<\/div>\n<p>4. Para finalizar o trabalho de <strong>polimento de pavimentos, m\u00e1rmore, pedra, etc.<\/strong>... ,... , deve ser aplicado um produto de polimento especial.<\/p>\n<h3><span id=\"Mantenimiento_del_suelo_de_marmol_y_granito\">Manuten\u00e7\u00e3o de pavimentos de m\u00e1rmore e granito.<\/span><\/h3>\n<p>\u00c9 importante realizar trabalhos de manuten\u00e7\u00e3o para garantir que o verniz \u00e1cido ox\u00e1lico dure muito tempo. Para este fim, s\u00f3 \u00e9 necess\u00e1rio limpar regularmente o p\u00f3, e evitar o uso de lim\u00e3o ou vinagre. Em caso de derrame de qualquer l\u00edquido ou subst\u00e2ncia, este deve ser imediatamente limpo, pois os pavimentos de m\u00e1rmore e granito s\u00e3o porosos e os l\u00edquidos podem penetrar muito facilmente.<\/p>\n<div><h3 class=\"widget-title\">Comprar <\/h3><div><div class=\"woocommerce\"><ul class=\"products columns-4\">\n<li class=\"desktop-align-left tablet-align-left mobile-align-left ast-product-gallery-layout-horizontal-slider ast-magnify-disabled ast-product-single-variable ast-product-tabs-layout-horizontal ast-qv-on-image product type-product post-495 status-publish first instock product_cat-productos-experimentos product_cat-productos has-post-thumbnail taxable shipping-taxable purchasable product-type-variable has-default-attributes\">\n\t<a href=\"https:\/\/www.alquera.com\/pt\/permanganato-de-potasio\/\" class=\"woocommerce-LoopProduct-link woocommerce-loop-product__link\"><img loading=\"lazy\" decoding=\"async\" width=\"300\" height=\"300\" src=\"https:\/\/www.alquera.com\/wp-content\/uploads\/2016\/01\/permanganato-200g-foto-nueva-300x300.png\" class=\"attachment-woocommerce_thumbnail size-woocommerce_thumbnail\" alt=\"permanganato 200g\" srcset=\"https:\/\/www.alquera.com\/wp-content\/uploads\/2016\/01\/permanganato-200g-foto-nueva-300x300.png 300w, https:\/\/www.alquera.com\/wp-content\/uploads\/2016\/01\/permanganato-200g-foto-nueva-150x150.png 150w, https:\/\/www.alquera.com\/wp-content\/uploads\/2016\/01\/permanganato-200g-foto-nueva-12x12.png 12w, https:\/\/www.alquera.com\/wp-content\/uploads\/2016\/01\/permanganato-200g-foto-nueva-100x100.png 100w\" sizes=\"auto, (max-width: 300px) 100vw, 300px\" \/><h2 class=\"woocommerce-loop-product__title\">Permanganato de Pot\u00e1ssio<\/h2><div class=\"review-rating\"><div class=\"star-rating\"><span style=\"width:100%\" data-no-translation=\"\" data-trp-gettext=\"\">Classificado <strong class=\"rating\">5.00<\/strong> em 5<\/span><\/div><\/div>\n<\/a><a href=\"https:\/\/www.alquera.com\/pt\/permanganato-de-potasio\/\" aria-describedby=\"woocommerce_loop_add_to_cart_link_describedby_495\" data-quantity=\"1\" class=\"button product_type_variable add_to_cart_button\" data-product_id=\"495\" data-product_sku=\"AL100111\" aria-label=\"Seleccione as op\u00e7\u00f5es para \u201cPermanganato de Potasio\u201d\" rel=\"nofollow\" data-no-translation=\"\" data-trp-gettext=\"\" data-no-translation-aria-label=\"\">Ver op\u00e7\u00f5es<\/a>\t<span id=\"woocommerce_loop_add_to_cart_link_describedby_495\" class=\"screen-reader-text\">\n\t\tEste produto tem v\u00e1rias variantes. As op\u00e7\u00f5es podem ser seleccionadas na p\u00e1gina do produto\t<\/span>\n<\/li>\n<\/ul>\n<\/div><\/div><\/div>\n<div><p class=\"widget-title\">Leia mais<\/p><a href=\"https:\/\/www.alquera.com\/pt\/acido-oxalico\/\">\u00c1cido ox\u00e1lico<\/a>\n<!-- Page-list plugin v.5.9 wordpress.org\/plugins\/page-list\/ -->\n<ul class=\"page-list siblings-page-list\">\n<li class=\"page_item page-item-33282 menu-item\"><a href=\"https:\/\/www.alquera.com\/pt\/acido-oxalico\/apicultura\/\" class=\"menu-link\">\u00c1cido ox\u00e1lico na apicultura<\/a><\/li>\n<li class=\"page_item page-item-33336 menu-item\"><a href=\"https:\/\/www.alquera.com\/pt\/acido-oxalico\/limpieza-fibra-vidrio\/\" class=\"menu-link\">Limpeza em fibra de vidro<\/a><\/li>\n<li class=\"page_item page-item-33280 menu-item\"><a href=\"https:\/\/www.alquera.com\/pt\/acido-oxalico\/pulir-suelos\/\" class=\"menu-link\">Polimento de pisos com \u00e1cido ox\u00e1lico<\/a><\/li>\n<li class=\"page_item page-item-33277 menu-item\"><a href=\"https:\/\/www.alquera.com\/pt\/acido-oxalico\/quitar-oxido\/\" class=\"menu-link\">Remo\u00e7\u00e3o da ferrugem do \u00e1cido ox\u00e1lico<\/a><\/li>\n<li class=\"page_item page-item-33275 menu-item\"><a href=\"https:\/\/www.alquera.com\/pt\/acido-oxalico\/usos\/\" class=\"menu-link\">Utiliza \u00c1cido Ox\u00e1lico<\/a><\/li>\n\n<\/ul><\/div>","protected":false},"excerpt":{"rendered":"<p>Los suelos de m\u00e1rmol, granito, terrazo o cualquier piedra pulida, le proporcionan una belleza y elegancia sin igual a cualquier edificaci\u00f3n. Son pisos muy duraderos, pero al pasar el tiempo, sufren desgaste, maltratos, rayados y manchas, que son necesarios de tratar. Es necesario realizar un pulido de estos suelos o pisos, especialmente en los m\u00e1rmol [&hellip;]<\/p>\n","protected":false},"author":1,"featured_media":0,"parent":33273,"menu_order":0,"comment_status":"closed","ping_status":"closed","template":"","meta":{"_acf_changed":false,"site-sidebar-layout":"default","site-content-layout":"","ast-site-content-layout":"default","site-content-style":"default","site-sidebar-style":"default","ast-global-header-display":"","ast-banner-title-visibility":"","ast-main-header-display":"","ast-hfb-above-header-display":"","ast-hfb-below-header-display":"","ast-hfb-mobile-header-display":"","site-post-title":"","ast-breadcrumbs-content":"","ast-featured-img":"","footer-sml-layout":"","ast-disable-related-posts":"","theme-transparent-header-meta":"","adv-header-id-meta":"","stick-header-meta":"","header-above-stick-meta":"","header-main-stick-meta":"","header-below-stick-meta":"","astra-migrate-meta-layouts":"default","ast-page-background-enabled":"default","ast-page-background-meta":{"desktop":{"background-color":"var(--ast-global-color-4)","background-image":"","background-repeat":"repeat","background-position":"center center","background-size":"auto","background-attachment":"scroll","background-type":"","background-media":"","overlay-type":"","overlay-color":"","overlay-opacity":"","overlay-gradient":""},"tablet":{"background-color":"","background-image":"","background-repeat":"repeat","background-position":"center center","background-size":"auto","background-attachment":"scroll","background-type":"","background-media":"","overlay-type":"","overlay-color":"","overlay-opacity":"","overlay-gradient":""},"mobile":{"background-color":"","background-image":"","background-repeat":"repeat","background-position":"center center","background-size":"auto","background-attachment":"scroll","background-type":"","background-media":"","overlay-type":"","overlay-color":"","overlay-opacity":"","overlay-gradient":""}},"ast-content-background-meta":{"desktop":{"background-color":"var(--ast-global-color-5)","background-image":"","background-repeat":"repeat","background-position":"center center","background-size":"auto","background-attachment":"scroll","background-type":"","background-media":"","overlay-type":"","overlay-color":"","overlay-opacity":"","overlay-gradient":""},"tablet":{"background-color":"var(--ast-global-color-5)","background-image":"","background-repeat":"repeat","background-position":"center center","background-size":"auto","background-attachment":"scroll","background-type":"","background-media":"","overlay-type":"","overlay-color":"","overlay-opacity":"","overlay-gradient":""},"mobile":{"background-color":"var(--ast-global-color-5)","background-image":"","background-repeat":"repeat","background-position":"center center","background-size":"auto","background-attachment":"scroll","background-type":"","background-media":"","overlay-type":"","overlay-color":"","overlay-opacity":"","overlay-gradient":""}},"footnotes":""},"class_list":["post-33280","page","type-page","status-publish","hentry"],"acf":[],"yoast_head":"<!-- This site is optimized with the Yoast SEO Premium plugin v27.1 (Yoast SEO v27.1.1) - https:\/\/yoast.com\/product\/yoast-seo-premium-wordpress\/ -->\n<title>Pulir Suelos con \u00c1cido Ox\u00e1lico - Alquera.com<\/title>\n<meta name=\"description\" content=\"Vamos a ver c\u00f3mo pulir los suelos de m\u00e1rmol y de granito utilizando \u00e1cido ox\u00e1lico para el pulido. El \u00e1cido ox\u00e1lico es un \u00e1cido org\u00e1nico.\" \/>\n<meta name=\"robots\" content=\"index, follow, max-snippet:-1, max-image-preview:large, max-video-preview:-1\" \/>\n<link rel=\"canonical\" href=\"https:\/\/www.alquera.com\/pt\/acido-oxalico\/pulir-suelos\/\" \/>\n<meta property=\"og:locale\" content=\"pt_PT\" \/>\n<meta property=\"og:type\" content=\"article\" \/>\n<meta property=\"og:title\" content=\"Pulir Suelos con \u00c1cido Ox\u00e1lico\" \/>\n<meta property=\"og:description\" content=\"Vamos a ver c\u00f3mo pulir los suelos de m\u00e1rmol y de granito utilizando \u00e1cido ox\u00e1lico para el pulido. El \u00e1cido ox\u00e1lico es un \u00e1cido org\u00e1nico.\" \/>\n<meta property=\"og:url\" content=\"https:\/\/www.alquera.com\/pt\/acido-oxalico\/pulir-suelos\/\" \/>\n<meta property=\"og:site_name\" content=\"Alquera.com\" \/>\n<meta property=\"article:publisher\" content=\"https:\/\/www.facebook.com\/alqueraciencia\" \/>\n<meta property=\"article:modified_time\" content=\"2021-09-12T13:44:35+00:00\" \/>\n<meta property=\"og:image\" content=\"https:\/\/www.alquera.com\/wp-content\/uploads\/2021\/03\/desengrasar.png\" \/>\n<meta name=\"twitter:card\" content=\"summary_large_image\" \/>\n<meta name=\"twitter:label1\" content=\"Tempo estimado de leitura\" \/>\n\t<meta name=\"twitter:data1\" content=\"3 minutos\" \/>\n<script type=\"application\/ld+json\" class=\"yoast-schema-graph\">{\"@context\":\"https:\/\/schema.org\",\"@graph\":[{\"@type\":\"WebPage\",\"@id\":\"https:\/\/www.alquera.com\/acido-oxalico\/pulir-suelos\/\",\"url\":\"https:\/\/www.alquera.com\/acido-oxalico\/pulir-suelos\/\",\"name\":\"Pulir Suelos con \u00c1cido Ox\u00e1lico - Alquera.com\",\"isPartOf\":{\"@id\":\"https:\/\/www.alquera.com\/en\/#website\"},\"primaryImageOfPage\":{\"@id\":\"https:\/\/www.alquera.com\/acido-oxalico\/pulir-suelos\/#primaryimage\"},\"image\":{\"@id\":\"https:\/\/www.alquera.com\/acido-oxalico\/pulir-suelos\/#primaryimage\"},\"thumbnailUrl\":\"https:\/\/www.alquera.com\/wp-content\/uploads\/2021\/03\/desengrasar.png\",\"datePublished\":\"2021-03-16T13:28:29+00:00\",\"dateModified\":\"2021-09-12T13:44:35+00:00\",\"description\":\"Vamos a ver c\u00f3mo pulir los suelos de m\u00e1rmol y de granito utilizando \u00e1cido ox\u00e1lico para el pulido. El \u00e1cido ox\u00e1lico es un \u00e1cido org\u00e1nico.\",\"breadcrumb\":{\"@id\":\"https:\/\/www.alquera.com\/acido-oxalico\/pulir-suelos\/#breadcrumb\"},\"inLanguage\":\"pt-PT\",\"potentialAction\":[{\"@type\":\"ReadAction\",\"target\":[\"https:\/\/www.alquera.com\/acido-oxalico\/pulir-suelos\/\"]}]},{\"@type\":\"ImageObject\",\"inLanguage\":\"pt-PT\",\"@id\":\"https:\/\/www.alquera.com\/acido-oxalico\/pulir-suelos\/#primaryimage\",\"url\":\"https:\/\/www.alquera.com\/wp-content\/uploads\/2021\/03\/desengrasar.png\",\"contentUrl\":\"https:\/\/www.alquera.com\/wp-content\/uploads\/2021\/03\/desengrasar.png\"},{\"@type\":\"BreadcrumbList\",\"@id\":\"https:\/\/www.alquera.com\/acido-oxalico\/pulir-suelos\/#breadcrumb\",\"itemListElement\":[{\"@type\":\"ListItem\",\"position\":1,\"name\":\"Inicio\",\"item\":\"https:\/\/www.alquera.com\/\"},{\"@type\":\"ListItem\",\"position\":2,\"name\":\"Acido Ox\u00e1lico\",\"item\":\"https:\/\/www.alquera.com\/acido-oxalico\/\"},{\"@type\":\"ListItem\",\"position\":3,\"name\":\"Pulir Suelos con \u00c1cido Ox\u00e1lico\"}]},{\"@type\":\"WebSite\",\"@id\":\"https:\/\/www.alquera.com\/en\/#website\",\"url\":\"https:\/\/www.alquera.com\/en\/\",\"name\":\"Alquera.com\",\"description\":\"Tienda Online Productos Qu\u00edmicos y Material de Laboratorio\",\"publisher\":{\"@id\":\"https:\/\/www.alquera.com\/en\/#organization\"},\"potentialAction\":[{\"@type\":\"SearchAction\",\"target\":{\"@type\":\"EntryPoint\",\"urlTemplate\":\"https:\/\/www.alquera.com\/en\/?s={search_term_string}\"},\"query-input\":{\"@type\":\"PropertyValueSpecification\",\"valueRequired\":true,\"valueName\":\"search_term_string\"}}],\"inLanguage\":\"pt-PT\"},{\"@type\":\"Organization\",\"@id\":\"https:\/\/www.alquera.com\/en\/#organization\",\"name\":\"ALQUERA CIENCIA SL\",\"url\":\"https:\/\/www.alquera.com\/en\/\",\"logo\":{\"@type\":\"ImageObject\",\"inLanguage\":\"pt-PT\",\"@id\":\"https:\/\/www.alquera.com\/en\/#\/schema\/logo\/image\/\",\"url\":\"https:\/\/www.alquera.com\/wp-content\/uploads\/2020\/11\/logo_300_ancho.png\",\"contentUrl\":\"https:\/\/www.alquera.com\/wp-content\/uploads\/2020\/11\/logo_300_ancho.png\",\"width\":300,\"height\":86,\"caption\":\"ALQUERA CIENCIA SL\"},\"image\":{\"@id\":\"https:\/\/www.alquera.com\/en\/#\/schema\/logo\/image\/\"},\"sameAs\":[\"https:\/\/www.facebook.com\/alqueraciencia\",\"https:\/\/www.instagram.com\/alquera_ciencia\/\",\"https:\/\/www.youtube.com\/c\/alquera\"]}]}<\/script>\n<!-- \/ Yoast SEO Premium plugin. -->","yoast_head_json":{"title":"Polimento de solos com \u00c1cido Ox\u00e1lico - Alquera.com","description":"Vamos ver como polir pavimentos de m\u00e1rmore e granito utilizando \u00e1cido ox\u00e1lico para o polimento. O \u00e1cido ox\u00e1lico \u00e9 um \u00e1cido org\u00e2nico.","robots":{"index":"index","follow":"follow","max-snippet":"max-snippet:-1","max-image-preview":"max-image-preview:large","max-video-preview":"max-video-preview:-1"},"canonical":"https:\/\/www.alquera.com\/pt\/acido-oxalico\/pulir-suelos\/","og_locale":"pt_PT","og_type":"article","og_title":"Pulir Suelos con \u00c1cido Ox\u00e1lico","og_description":"Vamos a ver c\u00f3mo pulir los suelos de m\u00e1rmol y de granito utilizando \u00e1cido ox\u00e1lico para el pulido. El \u00e1cido ox\u00e1lico es un \u00e1cido org\u00e1nico.","og_url":"https:\/\/www.alquera.com\/pt\/acido-oxalico\/pulir-suelos\/","og_site_name":"Alquera.com","article_publisher":"https:\/\/www.facebook.com\/alqueraciencia","article_modified_time":"2021-09-12T13:44:35+00:00","og_image":[{"url":"https:\/\/www.alquera.com\/wp-content\/uploads\/2021\/03\/desengrasar.png","type":"","width":"","height":""}],"twitter_card":"summary_large_image","twitter_misc":{"Tempo estimado de leitura":"3 minutos"},"schema":{"@context":"https:\/\/schema.org","@graph":[{"@type":"WebPage","@id":"https:\/\/www.alquera.com\/acido-oxalico\/pulir-suelos\/","url":"https:\/\/www.alquera.com\/acido-oxalico\/pulir-suelos\/","name":"Polimento de solos com \u00c1cido Ox\u00e1lico - Alquera.com","isPartOf":{"@id":"https:\/\/www.alquera.com\/en\/#website"},"primaryImageOfPage":{"@id":"https:\/\/www.alquera.com\/acido-oxalico\/pulir-suelos\/#primaryimage"},"image":{"@id":"https:\/\/www.alquera.com\/acido-oxalico\/pulir-suelos\/#primaryimage"},"thumbnailUrl":"https:\/\/www.alquera.com\/wp-content\/uploads\/2021\/03\/desengrasar.png","datePublished":"2021-03-16T13:28:29+00:00","dateModified":"2021-09-12T13:44:35+00:00","description":"Vamos ver como polir pavimentos de m\u00e1rmore e granito utilizando \u00e1cido ox\u00e1lico para o polimento. O \u00e1cido ox\u00e1lico \u00e9 um \u00e1cido org\u00e2nico.","breadcrumb":{"@id":"https:\/\/www.alquera.com\/acido-oxalico\/pulir-suelos\/#breadcrumb"},"inLanguage":"pt-PT","potentialAction":[{"@type":"ReadAction","target":["https:\/\/www.alquera.com\/acido-oxalico\/pulir-suelos\/"]}]},{"@type":"ImageObject","inLanguage":"pt-PT","@id":"https:\/\/www.alquera.com\/acido-oxalico\/pulir-suelos\/#primaryimage","url":"https:\/\/www.alquera.com\/wp-content\/uploads\/2021\/03\/desengrasar.png","contentUrl":"https:\/\/www.alquera.com\/wp-content\/uploads\/2021\/03\/desengrasar.png"},{"@type":"BreadcrumbList","@id":"https:\/\/www.alquera.com\/acido-oxalico\/pulir-suelos\/#breadcrumb","itemListElement":[{"@type":"ListItem","position":1,"name":"Inicio","item":"https:\/\/www.alquera.com\/"},{"@type":"ListItem","position":2,"name":"Acido Ox\u00e1lico","item":"https:\/\/www.alquera.com\/acido-oxalico\/"},{"@type":"ListItem","position":3,"name":"Pulir Suelos con \u00c1cido Ox\u00e1lico"}]},{"@type":"WebSite","@id":"https:\/\/www.alquera.com\/en\/#website","url":"https:\/\/www.alquera.com\/en\/","name":"Alquera.com","description":"Loja on-line de produtos qu\u00edmicos e equipamento de laborat\u00f3rio","publisher":{"@id":"https:\/\/www.alquera.com\/en\/#organization"},"potentialAction":[{"@type":"SearchAction","target":{"@type":"EntryPoint","urlTemplate":"https:\/\/www.alquera.com\/en\/?s={search_term_string}"},"query-input":{"@type":"PropertyValueSpecification","valueRequired":true,"valueName":"search_term_string"}}],"inLanguage":"pt-PT"},{"@type":"Organization","@id":"https:\/\/www.alquera.com\/en\/#organization","name":"ALQUERA CIENCIA SL","url":"https:\/\/www.alquera.com\/en\/","logo":{"@type":"ImageObject","inLanguage":"pt-PT","@id":"https:\/\/www.alquera.com\/en\/#\/schema\/logo\/image\/","url":"https:\/\/www.alquera.com\/wp-content\/uploads\/2020\/11\/logo_300_ancho.png","contentUrl":"https:\/\/www.alquera.com\/wp-content\/uploads\/2020\/11\/logo_300_ancho.png","width":300,"height":86,"caption":"ALQUERA CIENCIA SL"},"image":{"@id":"https:\/\/www.alquera.com\/en\/#\/schema\/logo\/image\/"},"sameAs":["https:\/\/www.facebook.com\/alqueraciencia","https:\/\/www.instagram.com\/alquera_ciencia\/","https:\/\/www.youtube.com\/c\/alquera"]}]}},"_links":{"self":[{"href":"https:\/\/www.alquera.com\/pt\/wp-json\/wp\/v2\/pages\/33280","targetHints":{"allow":["GET"]}}],"collection":[{"href":"https:\/\/www.alquera.com\/pt\/wp-json\/wp\/v2\/pages"}],"about":[{"href":"https:\/\/www.alquera.com\/pt\/wp-json\/wp\/v2\/types\/page"}],"author":[{"embeddable":true,"href":"https:\/\/www.alquera.com\/pt\/wp-json\/wp\/v2\/users\/1"}],"replies":[{"embeddable":true,"href":"https:\/\/www.alquera.com\/pt\/wp-json\/wp\/v2\/comments?post=33280"}],"version-history":[{"count":4,"href":"https:\/\/www.alquera.com\/pt\/wp-json\/wp\/v2\/pages\/33280\/revisions"}],"predecessor-version":[{"id":33328,"href":"https:\/\/www.alquera.com\/pt\/wp-json\/wp\/v2\/pages\/33280\/revisions\/33328"}],"up":[{"embeddable":true,"href":"https:\/\/www.alquera.com\/pt\/wp-json\/wp\/v2\/pages\/33273"}],"wp:attachment":[{"href":"https:\/\/www.alquera.com\/pt\/wp-json\/wp\/v2\/media?parent=33280"}],"curies":[{"name":"wp","href":"https:\/\/api.w.org\/{rel}","templated":true}]}}