{"id":33336,"date":"2021-03-17T10:28:21","date_gmt":"2021-03-17T10:28:21","guid":{"rendered":"https:\/\/www.alquera.com\/?page_id=33336"},"modified":"2021-09-12T13:44:27","modified_gmt":"2021-09-12T13:44:27","slug":"limpieza-fibra-vidrio","status":"publish","type":"page","link":"https:\/\/www.alquera.com\/pt\/acido-oxalico\/limpieza-fibra-vidrio\/","title":{"rendered":"Limpeza em fibra de vidro"},"content":{"rendered":"<p>O <a href=\"https:\/\/www.alquera.com\/pt\/acido-oxalico\/\">\u00e1cido ox\u00e1lico<\/a> \u00e9 um \u00e1cido org\u00e2nico fraco, amplamente utilizado em certos tipos de limpeza, especialmente para a remo\u00e7\u00e3o de \u00f3xidos de pe\u00e7as met\u00e1licas e pe\u00e7as feitas com <strong>fibra de vidro<\/strong> tais como barcos, pranchas de surf e banheiras. No caso de cascos de barcos, tamb\u00e9m provou ser um excelente produto de limpeza de algas e outras incrusta\u00e7\u00f5es no barco.<\/p>\n<h2>SOBRE \u00c1CIDO OX\u00c1LICO<\/h2>\n<p>O \u00e1cido ox\u00e1lico \u00e9 um produto qu\u00edmico em p\u00f3 branco. Est\u00e1 dispon\u00edvel comercialmente na forma di-hidratada, o que torna o p\u00f3 um pouco molhado.<\/p>\n<p><a href=\"https:\/\/www.alquera.com\/pt\/acido-oxalico\/limpieza-fibra-vidrio\/acido-oxalico-1kg-polvo-2\/\" rel=\"attachment wp-att-33337\"><img loading=\"lazy\" decoding=\"async\" class=\"wp-image-33337 aligncenter\" src=\"https:\/\/www.alquera.com\/wp-content\/uploads\/2021\/03\/ACIDO-OXALICO-1KG-POLVO-scaled.jpg\" alt=\"acido oxalico limpieza fibra de vidrio\" width=\"400\" height=\"400\" srcset=\"https:\/\/www.alquera.com\/wp-content\/uploads\/2021\/03\/ACIDO-OXALICO-1KG-POLVO-scaled.jpg 800w, https:\/\/www.alquera.com\/wp-content\/uploads\/2021\/03\/ACIDO-OXALICO-1KG-POLVO-300x300.jpg 300w, https:\/\/www.alquera.com\/wp-content\/uploads\/2021\/03\/ACIDO-OXALICO-1KG-POLVO-1024x1024.jpg 1024w, https:\/\/www.alquera.com\/wp-content\/uploads\/2021\/03\/ACIDO-OXALICO-1KG-POLVO-150x150.jpg 150w, https:\/\/www.alquera.com\/wp-content\/uploads\/2021\/03\/ACIDO-OXALICO-1KG-POLVO-768x768.jpg 768w, https:\/\/www.alquera.com\/wp-content\/uploads\/2021\/03\/ACIDO-OXALICO-1KG-POLVO-600x600.jpg 600w, https:\/\/www.alquera.com\/wp-content\/uploads\/2021\/03\/ACIDO-OXALICO-1KG-POLVO-100x100.jpg 100w\" sizes=\"auto, (max-width: 400px) 100vw, 400px\" \/><\/a><\/p>\n<p>O \u00e1cido ox\u00e1lico \u00e9 por vezes encontrado comercialmente em solu\u00e7\u00e3o. Trata-se apenas de uma solu\u00e7\u00e3o de \u00e1cido ox\u00e1lico em \u00e1gua, geralmente a 10% (100 gramas de \u00e1cido ox\u00e1lico por litro de \u00e1gua), que \u00e9 a propor\u00e7\u00e3o em que \u00e9 utilizada para limpeza. Em Alquera encontra <a href=\"https:\/\/www.alquera.com\/pt\/acido-oxalico\/\">\u00e1cido ox\u00e1lico em p\u00f3<\/a>. \u00c9 ent\u00e3o f\u00e1cil fazer uma solu\u00e7\u00e3o, misturando 100 gramas de \u00e1cido ox\u00e1lico por 1 litro de \u00e1gua.<\/p>\n<h2>COMO FAZER A LIMPEZA EM FIBRA DE VIDRO COM \u00c1CIDO OX\u00c1LICO<\/h2>\n<h3>REMO\u00c7\u00c3O DE FERRUGEM DA FIBRA DE VIDRO<\/h3>\n<p><a href=\"https:\/\/www.alquera.com\/pt\/acido-oxalico\/limpieza-fibra-vidrio\/limpieza-oxido-fibra-de-vidrio\/\" rel=\"attachment wp-att-33346\"><img loading=\"lazy\" decoding=\"async\" class=\"size-full wp-image-33346 aligncenter\" src=\"https:\/\/www.alquera.com\/wp-content\/uploads\/2021\/03\/limpieza-oxido-fibra-de-vidrio.png\" alt=\"limpieza oxido fibra de vidrio\" width=\"600\" height=\"300\" srcset=\"https:\/\/www.alquera.com\/wp-content\/uploads\/2021\/03\/limpieza-oxido-fibra-de-vidrio.png 600w, https:\/\/www.alquera.com\/wp-content\/uploads\/2021\/03\/limpieza-oxido-fibra-de-vidrio-300x150.png 300w\" sizes=\"auto, (max-width: 600px) 100vw, 600px\" \/><\/a><\/p>\n<ul>\n<li>Limpe toda a \u00e1rea enferrujada com o seu produto de limpeza habitual ou, se n\u00e3o o fizer, com \u00e1gua e sab\u00e3o para remover a gordura.<\/li>\n<li>Fazer uma solu\u00e7\u00e3o de 100 gramas de \u00e1cido ox\u00e1lico por litro de \u00e1gua quente (n\u00e3o fervente). A \u00e1gua quente ir\u00e1 simplesmente facilitar a dissolu\u00e7\u00e3o do \u00e1cido ox\u00e1lico na \u00e1gua.<\/li>\n<li>Aplicar a solu\u00e7\u00e3o nas n\u00f3doas de ferrugem com um pano. \u00c9 necess\u00e1rio usar luvas para este passo.<\/li>\n<li>Licen\u00e7a para agir durante 1-2 horas<\/li>\n<li>Esfregar a \u00e1rea tratada com um pano h\u00famido. A ferrugem deve sair por si s\u00f3.<\/li>\n<li>Lavar bem com \u00e1gua toda a \u00e1rea onde aplicou o \u00e1cido.<\/li>\n<\/ul>\n<h3>REMOVER MANCHAS DE ALGAS E MICRORGANISMOS<\/h3>\n<p><a href=\"https:\/\/www.alquera.com\/pt\/acido-oxalico\/limpieza-fibra-vidrio\/limpieza-algas-en-embarcaciones\/\" rel=\"attachment wp-att-33347\"><img loading=\"lazy\" decoding=\"async\" class=\"size-full wp-image-33347 aligncenter\" src=\"https:\/\/www.alquera.com\/wp-content\/uploads\/2021\/03\/limpieza-algas-en-embarcaciones.png\" alt=\"limpieza algas en embarcaciones\" width=\"600\" height=\"300\" srcset=\"https:\/\/www.alquera.com\/wp-content\/uploads\/2021\/03\/limpieza-algas-en-embarcaciones.png 600w, https:\/\/www.alquera.com\/wp-content\/uploads\/2021\/03\/limpieza-algas-en-embarcaciones-300x150.png 300w\" sizes=\"auto, (max-width: 600px) 100vw, 600px\" \/><\/a><\/p>\n<ul>\n<li>O \u00e1cido ox\u00e1lico \u00e9 uma das solu\u00e7\u00f5es mais eficazes para a limpeza de algas e microrganismos dos navios.<\/li>\n<li>O caminho a seguir \u00e9 criar uma solu\u00e7\u00e3o do \u00e1cido e \u00e1gua quente, que ir\u00e1 dissolver o p\u00f3 \u00e1cido. A \u00e1gua quente ir\u00e1 encorajar o \u00e1cido a dissolver-se.<\/li>\n<li>Neste caso, a melhor maneira de aplicar a solu\u00e7\u00e3o \u00e1cida e de \u00e1gua \u00e9 utilizar uma m\u00e1quina de pulveriza\u00e7\u00e3o (como as normalmente utilizadas em jardins), o que pode facilitar o trabalho.<\/li>\n<li>Cobrir toda a \u00e1rea a ser tratada com a solu\u00e7\u00e3o e deix\u00e1-la de molho durante cerca de vinte minutos antes de ser enxaguada. Ao aplicar o pulverizador, ver\u00e1 as manchas come\u00e7arem a dissolver-se.<\/li>\n<li>Ap\u00f3s 20 minutos enxaguar toda a \u00e1rea que foi coberta com a solu\u00e7\u00e3o \u00e1cida com \u00e1gua.<\/li>\n<\/ul>\n<h3 class=\"widget-title\">Comprar <\/h3><div><div class=\"woocommerce\"><ul class=\"products columns-4\">\n<li class=\"desktop-align-left tablet-align-left mobile-align-left ast-product-gallery-layout-horizontal-slider ast-magnify-disabled ast-product-single-variable ast-product-tabs-layout-horizontal ast-qv-on-image product type-product post-495 status-publish first instock product_cat-productos-experimentos product_cat-productos has-post-thumbnail taxable shipping-taxable purchasable product-type-variable has-default-attributes\">\n\t<a href=\"https:\/\/www.alquera.com\/pt\/permanganato-de-potasio\/\" class=\"woocommerce-LoopProduct-link woocommerce-loop-product__link\"><img loading=\"lazy\" decoding=\"async\" width=\"300\" height=\"300\" src=\"https:\/\/www.alquera.com\/wp-content\/uploads\/2016\/01\/permanganato-200g-foto-nueva-300x300.png\" class=\"attachment-woocommerce_thumbnail size-woocommerce_thumbnail\" alt=\"permanganato 200g\" srcset=\"https:\/\/www.alquera.com\/wp-content\/uploads\/2016\/01\/permanganato-200g-foto-nueva-300x300.png 300w, https:\/\/www.alquera.com\/wp-content\/uploads\/2016\/01\/permanganato-200g-foto-nueva-150x150.png 150w, https:\/\/www.alquera.com\/wp-content\/uploads\/2016\/01\/permanganato-200g-foto-nueva-12x12.png 12w, https:\/\/www.alquera.com\/wp-content\/uploads\/2016\/01\/permanganato-200g-foto-nueva-100x100.png 100w\" sizes=\"auto, (max-width: 300px) 100vw, 300px\" \/><h2 class=\"woocommerce-loop-product__title\">Permanganato de Pot\u00e1ssio<\/h2><div class=\"review-rating\"><div class=\"star-rating\"><span style=\"width:100%\" data-no-translation=\"\" data-trp-gettext=\"\">Classificado <strong class=\"rating\">5.00<\/strong> em 5<\/span><\/div><\/div>\n<\/a><a href=\"https:\/\/www.alquera.com\/pt\/permanganato-de-potasio\/\" aria-describedby=\"woocommerce_loop_add_to_cart_link_describedby_495\" data-quantity=\"1\" class=\"button product_type_variable add_to_cart_button\" data-product_id=\"495\" data-product_sku=\"AL100111\" aria-label=\"Seleccione as op\u00e7\u00f5es para \u201cPermanganato de Potasio\u201d\" rel=\"nofollow\" data-no-translation=\"\" data-trp-gettext=\"\" data-no-translation-aria-label=\"\">Ver op\u00e7\u00f5es<\/a>\t<span id=\"woocommerce_loop_add_to_cart_link_describedby_495\" class=\"screen-reader-text\">\n\t\tEste produto tem v\u00e1rias variantes. As op\u00e7\u00f5es podem ser seleccionadas na p\u00e1gina do produto\t<\/span>\n<\/li>\n<\/ul>\n<\/div><\/div>\n<p class=\"widget-title\">Leia mais<\/p><a href=\"https:\/\/www.alquera.com\/pt\/acido-oxalico\/\">\u00c1cido ox\u00e1lico<\/a>\n<!-- Page-list plugin v.5.9 wordpress.org\/plugins\/page-list\/ -->\n<ul class=\"page-list siblings-page-list\">\n<li class=\"page_item page-item-33282 menu-item\"><a href=\"https:\/\/www.alquera.com\/pt\/acido-oxalico\/apicultura\/\" class=\"menu-link\">\u00c1cido ox\u00e1lico na apicultura<\/a><\/li>\n<li class=\"page_item page-item-33336 menu-item\"><a href=\"https:\/\/www.alquera.com\/pt\/acido-oxalico\/limpieza-fibra-vidrio\/\" class=\"menu-link\">Limpeza em fibra de vidro<\/a><\/li>\n<li class=\"page_item page-item-33280 menu-item\"><a href=\"https:\/\/www.alquera.com\/pt\/acido-oxalico\/pulir-suelos\/\" class=\"menu-link\">Polimento de pisos com \u00e1cido ox\u00e1lico<\/a><\/li>\n<li class=\"page_item page-item-33277 menu-item\"><a href=\"https:\/\/www.alquera.com\/pt\/acido-oxalico\/quitar-oxido\/\" class=\"menu-link\">Remo\u00e7\u00e3o da ferrugem do \u00e1cido ox\u00e1lico<\/a><\/li>\n<li class=\"page_item page-item-33275 menu-item\"><a href=\"https:\/\/www.alquera.com\/pt\/acido-oxalico\/usos\/\" class=\"menu-link\">Utiliza \u00c1cido Ox\u00e1lico<\/a><\/li>\n\n<\/ul>\n<p>&nbsp;<\/p>","protected":false},"excerpt":{"rendered":"<p>El \u00e1cido ox\u00e1lico es un \u00e1cido org\u00e1nico d\u00e9bil, muy utilizado en determinados tipo de limpieza, especialmente para eliminaci\u00f3n de \u00f3xidos en piezas met\u00e1licas y el piezas hechas con fibra de vidrio como son las embarcaciones de barcos, tablas de surf, ba\u00f1eras. En el caso de los cascos de las embarcaciones tambi\u00e9n se ha demostrado ser [&hellip;]<\/p>\n","protected":false},"author":1,"featured_media":0,"parent":33273,"menu_order":0,"comment_status":"closed","ping_status":"closed","template":"","meta":{"_acf_changed":false,"site-sidebar-layout":"default","site-content-layout":"","ast-site-content-layout":"default","site-content-style":"default","site-sidebar-style":"default","ast-global-header-display":"","ast-banner-title-visibility":"","ast-main-header-display":"","ast-hfb-above-header-display":"","ast-hfb-below-header-display":"","ast-hfb-mobile-header-display":"","site-post-title":"","ast-breadcrumbs-content":"","ast-featured-img":"","footer-sml-layout":"","ast-disable-related-posts":"","theme-transparent-header-meta":"","adv-header-id-meta":"","stick-header-meta":"","header-above-stick-meta":"","header-main-stick-meta":"","header-below-stick-meta":"","astra-migrate-meta-layouts":"default","ast-page-background-enabled":"default","ast-page-background-meta":{"desktop":{"background-color":"var(--ast-global-color-4)","background-image":"","background-repeat":"repeat","background-position":"center center","background-size":"auto","background-attachment":"scroll","background-type":"","background-media":"","overlay-type":"","overlay-color":"","overlay-opacity":"","overlay-gradient":""},"tablet":{"background-color":"","background-image":"","background-repeat":"repeat","background-position":"center center","background-size":"auto","background-attachment":"scroll","background-type":"","background-media":"","overlay-type":"","overlay-color":"","overlay-opacity":"","overlay-gradient":""},"mobile":{"background-color":"","background-image":"","background-repeat":"repeat","background-position":"center center","background-size":"auto","background-attachment":"scroll","background-type":"","background-media":"","overlay-type":"","overlay-color":"","overlay-opacity":"","overlay-gradient":""}},"ast-content-background-meta":{"desktop":{"background-color":"var(--ast-global-color-5)","background-image":"","background-repeat":"repeat","background-position":"center center","background-size":"auto","background-attachment":"scroll","background-type":"","background-media":"","overlay-type":"","overlay-color":"","overlay-opacity":"","overlay-gradient":""},"tablet":{"background-color":"var(--ast-global-color-5)","background-image":"","background-repeat":"repeat","background-position":"center center","background-size":"auto","background-attachment":"scroll","background-type":"","background-media":"","overlay-type":"","overlay-color":"","overlay-opacity":"","overlay-gradient":""},"mobile":{"background-color":"var(--ast-global-color-5)","background-image":"","background-repeat":"repeat","background-position":"center center","background-size":"auto","background-attachment":"scroll","background-type":"","background-media":"","overlay-type":"","overlay-color":"","overlay-opacity":"","overlay-gradient":""}},"footnotes":""},"class_list":["post-33336","page","type-page","status-publish","hentry"],"acf":[],"yoast_head":"<!-- This site is optimized with the Yoast SEO Premium plugin v27.1 (Yoast SEO v27.1.1) - https:\/\/yoast.com\/product\/yoast-seo-premium-wordpress\/ -->\n<title>Limpieza de Fibra de Vidrio - Alquera.com<\/title>\n<meta name=\"description\" content=\"El \u00e1cido ox\u00e1lico es un producto ideal para la limpieza de las embarcaciones. Tanto para las manchas de \u00e1xido como para algas.\" \/>\n<meta name=\"robots\" content=\"index, follow, max-snippet:-1, max-image-preview:large, max-video-preview:-1\" \/>\n<link rel=\"canonical\" href=\"https:\/\/www.alquera.com\/pt\/acido-oxalico\/limpieza-fibra-vidrio\/\" \/>\n<meta property=\"og:locale\" content=\"pt_PT\" \/>\n<meta property=\"og:type\" content=\"article\" \/>\n<meta property=\"og:title\" content=\"Limpieza de Fibra de Vidrio\" \/>\n<meta property=\"og:description\" content=\"El \u00e1cido ox\u00e1lico es un producto ideal para la limpieza de las embarcaciones. Tanto para las manchas de \u00e1xido como para algas.\" \/>\n<meta property=\"og:url\" content=\"https:\/\/www.alquera.com\/pt\/acido-oxalico\/limpieza-fibra-vidrio\/\" \/>\n<meta property=\"og:site_name\" content=\"Alquera.com\" \/>\n<meta property=\"article:publisher\" content=\"https:\/\/www.facebook.com\/alqueraciencia\" \/>\n<meta property=\"article:modified_time\" content=\"2021-09-12T13:44:27+00:00\" \/>\n<meta property=\"og:image\" content=\"https:\/\/www.alquera.com\/wp-content\/uploads\/2021\/03\/ACIDO-OXALICO-1KG-POLVO-scaled.jpg\" \/>\n<meta name=\"twitter:card\" content=\"summary_large_image\" \/>\n<meta name=\"twitter:label1\" content=\"Tempo estimado de leitura\" \/>\n\t<meta name=\"twitter:data1\" content=\"2 minutos\" \/>\n<script type=\"application\/ld+json\" class=\"yoast-schema-graph\">{\"@context\":\"https:\/\/schema.org\",\"@graph\":[{\"@type\":\"WebPage\",\"@id\":\"https:\/\/www.alquera.com\/acido-oxalico\/limpieza-fibra-vidrio\/\",\"url\":\"https:\/\/www.alquera.com\/acido-oxalico\/limpieza-fibra-vidrio\/\",\"name\":\"Limpieza de Fibra de Vidrio - Alquera.com\",\"isPartOf\":{\"@id\":\"https:\/\/www.alquera.com\/en\/#website\"},\"primaryImageOfPage\":{\"@id\":\"https:\/\/www.alquera.com\/acido-oxalico\/limpieza-fibra-vidrio\/#primaryimage\"},\"image\":{\"@id\":\"https:\/\/www.alquera.com\/acido-oxalico\/limpieza-fibra-vidrio\/#primaryimage\"},\"thumbnailUrl\":\"https:\/\/www.alquera.com\/wp-content\/uploads\/2021\/03\/ACIDO-OXALICO-1KG-POLVO-scaled.jpg\",\"datePublished\":\"2021-03-17T10:28:21+00:00\",\"dateModified\":\"2021-09-12T13:44:27+00:00\",\"description\":\"El \u00e1cido ox\u00e1lico es un producto ideal para la limpieza de las embarcaciones. Tanto para las manchas de \u00e1xido como para algas.\",\"breadcrumb\":{\"@id\":\"https:\/\/www.alquera.com\/acido-oxalico\/limpieza-fibra-vidrio\/#breadcrumb\"},\"inLanguage\":\"pt-PT\",\"potentialAction\":[{\"@type\":\"ReadAction\",\"target\":[\"https:\/\/www.alquera.com\/acido-oxalico\/limpieza-fibra-vidrio\/\"]}]},{\"@type\":\"ImageObject\",\"inLanguage\":\"pt-PT\",\"@id\":\"https:\/\/www.alquera.com\/acido-oxalico\/limpieza-fibra-vidrio\/#primaryimage\",\"url\":\"https:\/\/www.alquera.com\/wp-content\/uploads\/2021\/03\/ACIDO-OXALICO-1KG-POLVO-scaled.jpg\",\"contentUrl\":\"https:\/\/www.alquera.com\/wp-content\/uploads\/2021\/03\/ACIDO-OXALICO-1KG-POLVO-scaled.jpg\"},{\"@type\":\"BreadcrumbList\",\"@id\":\"https:\/\/www.alquera.com\/acido-oxalico\/limpieza-fibra-vidrio\/#breadcrumb\",\"itemListElement\":[{\"@type\":\"ListItem\",\"position\":1,\"name\":\"Inicio\",\"item\":\"https:\/\/www.alquera.com\/\"},{\"@type\":\"ListItem\",\"position\":2,\"name\":\"Acido Ox\u00e1lico\",\"item\":\"https:\/\/www.alquera.com\/acido-oxalico\/\"},{\"@type\":\"ListItem\",\"position\":3,\"name\":\"Limpieza de Fibra de Vidrio\"}]},{\"@type\":\"WebSite\",\"@id\":\"https:\/\/www.alquera.com\/en\/#website\",\"url\":\"https:\/\/www.alquera.com\/en\/\",\"name\":\"Alquera.com\",\"description\":\"Tienda Online Productos Qu\u00edmicos y Material de Laboratorio\",\"publisher\":{\"@id\":\"https:\/\/www.alquera.com\/en\/#organization\"},\"potentialAction\":[{\"@type\":\"SearchAction\",\"target\":{\"@type\":\"EntryPoint\",\"urlTemplate\":\"https:\/\/www.alquera.com\/en\/?s={search_term_string}\"},\"query-input\":{\"@type\":\"PropertyValueSpecification\",\"valueRequired\":true,\"valueName\":\"search_term_string\"}}],\"inLanguage\":\"pt-PT\"},{\"@type\":\"Organization\",\"@id\":\"https:\/\/www.alquera.com\/en\/#organization\",\"name\":\"ALQUERA CIENCIA SL\",\"url\":\"https:\/\/www.alquera.com\/en\/\",\"logo\":{\"@type\":\"ImageObject\",\"inLanguage\":\"pt-PT\",\"@id\":\"https:\/\/www.alquera.com\/en\/#\/schema\/logo\/image\/\",\"url\":\"https:\/\/www.alquera.com\/wp-content\/uploads\/2020\/11\/logo_300_ancho.png\",\"contentUrl\":\"https:\/\/www.alquera.com\/wp-content\/uploads\/2020\/11\/logo_300_ancho.png\",\"width\":300,\"height\":86,\"caption\":\"ALQUERA CIENCIA SL\"},\"image\":{\"@id\":\"https:\/\/www.alquera.com\/en\/#\/schema\/logo\/image\/\"},\"sameAs\":[\"https:\/\/www.facebook.com\/alqueraciencia\",\"https:\/\/www.instagram.com\/alquera_ciencia\/\",\"https:\/\/www.youtube.com\/c\/alquera\"]}]}<\/script>\n<!-- \/ Yoast SEO Premium plugin. -->","yoast_head_json":{"title":"Limpeza de fibra de vidro - Alquera.com","description":"O \u00e1cido ox\u00e1lico \u00e9 um produto ideal para a limpeza de barcos. Tanto para manchas de ferrugem como para algas.","robots":{"index":"index","follow":"follow","max-snippet":"max-snippet:-1","max-image-preview":"max-image-preview:large","max-video-preview":"max-video-preview:-1"},"canonical":"https:\/\/www.alquera.com\/pt\/acido-oxalico\/limpieza-fibra-vidrio\/","og_locale":"pt_PT","og_type":"article","og_title":"Limpieza de Fibra de Vidrio","og_description":"El \u00e1cido ox\u00e1lico es un producto ideal para la limpieza de las embarcaciones. Tanto para las manchas de \u00e1xido como para algas.","og_url":"https:\/\/www.alquera.com\/pt\/acido-oxalico\/limpieza-fibra-vidrio\/","og_site_name":"Alquera.com","article_publisher":"https:\/\/www.facebook.com\/alqueraciencia","article_modified_time":"2021-09-12T13:44:27+00:00","og_image":[{"url":"https:\/\/www.alquera.com\/wp-content\/uploads\/2021\/03\/ACIDO-OXALICO-1KG-POLVO-scaled.jpg","type":"","width":"","height":""}],"twitter_card":"summary_large_image","twitter_misc":{"Tempo estimado de leitura":"2 minutos"},"schema":{"@context":"https:\/\/schema.org","@graph":[{"@type":"WebPage","@id":"https:\/\/www.alquera.com\/acido-oxalico\/limpieza-fibra-vidrio\/","url":"https:\/\/www.alquera.com\/acido-oxalico\/limpieza-fibra-vidrio\/","name":"Limpeza de fibra de vidro - Alquera.com","isPartOf":{"@id":"https:\/\/www.alquera.com\/en\/#website"},"primaryImageOfPage":{"@id":"https:\/\/www.alquera.com\/acido-oxalico\/limpieza-fibra-vidrio\/#primaryimage"},"image":{"@id":"https:\/\/www.alquera.com\/acido-oxalico\/limpieza-fibra-vidrio\/#primaryimage"},"thumbnailUrl":"https:\/\/www.alquera.com\/wp-content\/uploads\/2021\/03\/ACIDO-OXALICO-1KG-POLVO-scaled.jpg","datePublished":"2021-03-17T10:28:21+00:00","dateModified":"2021-09-12T13:44:27+00:00","description":"O \u00e1cido ox\u00e1lico \u00e9 um produto ideal para a limpeza de barcos. Tanto para manchas de ferrugem como para algas.","breadcrumb":{"@id":"https:\/\/www.alquera.com\/acido-oxalico\/limpieza-fibra-vidrio\/#breadcrumb"},"inLanguage":"pt-PT","potentialAction":[{"@type":"ReadAction","target":["https:\/\/www.alquera.com\/acido-oxalico\/limpieza-fibra-vidrio\/"]}]},{"@type":"ImageObject","inLanguage":"pt-PT","@id":"https:\/\/www.alquera.com\/acido-oxalico\/limpieza-fibra-vidrio\/#primaryimage","url":"https:\/\/www.alquera.com\/wp-content\/uploads\/2021\/03\/ACIDO-OXALICO-1KG-POLVO-scaled.jpg","contentUrl":"https:\/\/www.alquera.com\/wp-content\/uploads\/2021\/03\/ACIDO-OXALICO-1KG-POLVO-scaled.jpg"},{"@type":"BreadcrumbList","@id":"https:\/\/www.alquera.com\/acido-oxalico\/limpieza-fibra-vidrio\/#breadcrumb","itemListElement":[{"@type":"ListItem","position":1,"name":"Inicio","item":"https:\/\/www.alquera.com\/"},{"@type":"ListItem","position":2,"name":"Acido Ox\u00e1lico","item":"https:\/\/www.alquera.com\/acido-oxalico\/"},{"@type":"ListItem","position":3,"name":"Limpieza de Fibra de Vidrio"}]},{"@type":"WebSite","@id":"https:\/\/www.alquera.com\/en\/#website","url":"https:\/\/www.alquera.com\/en\/","name":"Alquera.com","description":"Loja on-line de produtos qu\u00edmicos e equipamento de laborat\u00f3rio","publisher":{"@id":"https:\/\/www.alquera.com\/en\/#organization"},"potentialAction":[{"@type":"SearchAction","target":{"@type":"EntryPoint","urlTemplate":"https:\/\/www.alquera.com\/en\/?s={search_term_string}"},"query-input":{"@type":"PropertyValueSpecification","valueRequired":true,"valueName":"search_term_string"}}],"inLanguage":"pt-PT"},{"@type":"Organization","@id":"https:\/\/www.alquera.com\/en\/#organization","name":"ALQUERA CIENCIA SL","url":"https:\/\/www.alquera.com\/en\/","logo":{"@type":"ImageObject","inLanguage":"pt-PT","@id":"https:\/\/www.alquera.com\/en\/#\/schema\/logo\/image\/","url":"https:\/\/www.alquera.com\/wp-content\/uploads\/2020\/11\/logo_300_ancho.png","contentUrl":"https:\/\/www.alquera.com\/wp-content\/uploads\/2020\/11\/logo_300_ancho.png","width":300,"height":86,"caption":"ALQUERA CIENCIA SL"},"image":{"@id":"https:\/\/www.alquera.com\/en\/#\/schema\/logo\/image\/"},"sameAs":["https:\/\/www.facebook.com\/alqueraciencia","https:\/\/www.instagram.com\/alquera_ciencia\/","https:\/\/www.youtube.com\/c\/alquera"]}]}},"_links":{"self":[{"href":"https:\/\/www.alquera.com\/pt\/wp-json\/wp\/v2\/pages\/33336","targetHints":{"allow":["GET"]}}],"collection":[{"href":"https:\/\/www.alquera.com\/pt\/wp-json\/wp\/v2\/pages"}],"about":[{"href":"https:\/\/www.alquera.com\/pt\/wp-json\/wp\/v2\/types\/page"}],"author":[{"embeddable":true,"href":"https:\/\/www.alquera.com\/pt\/wp-json\/wp\/v2\/users\/1"}],"replies":[{"embeddable":true,"href":"https:\/\/www.alquera.com\/pt\/wp-json\/wp\/v2\/comments?post=33336"}],"version-history":[{"count":9,"href":"https:\/\/www.alquera.com\/pt\/wp-json\/wp\/v2\/pages\/33336\/revisions"}],"predecessor-version":[{"id":33350,"href":"https:\/\/www.alquera.com\/pt\/wp-json\/wp\/v2\/pages\/33336\/revisions\/33350"}],"up":[{"embeddable":true,"href":"https:\/\/www.alquera.com\/pt\/wp-json\/wp\/v2\/pages\/33273"}],"wp:attachment":[{"href":"https:\/\/www.alquera.com\/pt\/wp-json\/wp\/v2\/media?parent=33336"}],"curies":[{"name":"wp","href":"https:\/\/api.w.org\/{rel}","templated":true}]}}