{"id":33353,"date":"2021-03-17T12:38:10","date_gmt":"2021-03-17T12:38:10","guid":{"rendered":"https:\/\/www.alquera.com\/?page_id=33353"},"modified":"2026-02-23T14:40:46","modified_gmt":"2026-02-23T14:40:46","slug":"pintar","status":"publish","type":"page","link":"https:\/\/www.alquera.com\/pt\/sulfato-de-hierro\/pintar\/","title":{"rendered":"Sulfato de Ferro para Pintura"},"content":{"rendered":"<p>Se quiser dar um toque avermelhado e enferrujado a uma parede, vamos ver como usar o\u00a0<strong>sulfato de ferro para pintura<\/strong>. Com este m\u00e9todo, pode dar uma cor especial a uma parede, a uma escada ou a um lago. Obter\u00e1 um efeito muito caracter\u00edstico e especial avermelhado, semi-oxidado.<\/p>\n<p><a href=\"https:\/\/www.alquera.com\/pt\/sulfato-de-hierro\/pintar\/sulfato-de-hierro-para-pintar\/\" rel=\"attachment wp-att-33358\"><img loading=\"lazy\" decoding=\"async\" class=\"size-full wp-image-33358 aligncenter\" src=\"https:\/\/www.alquera.com\/wp-content\/uploads\/2021\/03\/SULFATO-DE-HIERRO-PARA-PINTAR.png\" alt=\"sulfato de hierro para pinta\" width=\"554\" height=\"253\" srcset=\"https:\/\/www.alquera.com\/wp-content\/uploads\/2021\/03\/SULFATO-DE-HIERRO-PARA-PINTAR.png 554w, https:\/\/www.alquera.com\/wp-content\/uploads\/2021\/03\/SULFATO-DE-HIERRO-PARA-PINTAR-300x137.png 300w\" sizes=\"auto, (max-width: 554px) 100vw, 554px\" \/><\/a><\/p>\n<p>El sulfato de hierro es una sal de hierro, de f\u00f3rmula qu\u00edmica FeSO4. Mezclado con agua, libera los iones de hierro que se oxidar\u00e1n r\u00e1pidamente, generando ese color rojizo caracter\u00edstico. Lo puedes conseguir en Alquera &#8211;&gt; <a href=\"https:\/\/www.alquera.com\/pt\/sulfato-de-hierro\/\">sulfato de hierro<\/a>\u00a0<\/p>\n<h2>COMPRAR SULFATO DE HIERRO<\/h2>\n<p>Si est\u00e1s buscando comprar sulfato de hierro para pintar, en Alquera puedes encontrarlo en diferentes formatos: desde 1kg, 5kg y 25kg. Podr\u00e1s descarte la ficha t\u00e9cnica y la msds sobre el propio producto en el apartado documentaci\u00f3n.<\/p>\n<div style=\"text-align: center;\"><div class=\"woocommerce\"><ul class=\"products columns-4\">\n<li class=\"desktop-align-left tablet-align-left mobile-align-left ast-product-gallery-layout-horizontal-slider ast-magnify-disabled ast-product-single-variable ast-product-tabs-layout-horizontal ast-qv-on-image product type-product post-950 status-publish first instock product_cat-agroquimicos has-post-thumbnail taxable shipping-taxable purchasable product-type-variable has-default-attributes\">\n\t<a href=\"https:\/\/www.alquera.com\/pt\/sulfato-de-hierro\/\" class=\"woocommerce-LoopProduct-link woocommerce-loop-product__link\"><img loading=\"lazy\" decoding=\"async\" width=\"300\" height=\"300\" src=\"https:\/\/www.alquera.com\/wp-content\/uploads\/2017\/09\/992-thickbox_default-Sulfato-de-Hierro-5Kg-300x300.jpg\" class=\"attachment-woocommerce_thumbnail size-woocommerce_thumbnail\" alt=\"Comprar Sulfato de Hierro\" srcset=\"https:\/\/www.alquera.com\/wp-content\/uploads\/2017\/09\/992-thickbox_default-Sulfato-de-Hierro-5Kg-300x300.jpg 300w, https:\/\/www.alquera.com\/wp-content\/uploads\/2017\/09\/992-thickbox_default-Sulfato-de-Hierro-5Kg-100x100.jpg 100w, https:\/\/www.alquera.com\/wp-content\/uploads\/2017\/09\/992-thickbox_default-Sulfato-de-Hierro-5Kg-600x600.jpg 600w, https:\/\/www.alquera.com\/wp-content\/uploads\/2017\/09\/992-thickbox_default-Sulfato-de-Hierro-5Kg-150x150.jpg 150w, https:\/\/www.alquera.com\/wp-content\/uploads\/2017\/09\/992-thickbox_default-Sulfato-de-Hierro-5Kg-768x768.jpg 768w, https:\/\/www.alquera.com\/wp-content\/uploads\/2017\/09\/992-thickbox_default-Sulfato-de-Hierro-5Kg.jpg 800w\" sizes=\"auto, (max-width: 300px) 100vw, 300px\" \/><h2 class=\"woocommerce-loop-product__title\">Sulfato de Ferro<\/h2><div class=\"review-rating\"><div class=\"star-rating\"><span style=\"width:100%\" data-no-translation=\"\" data-trp-gettext=\"\">Classificado <strong class=\"rating\">5.00<\/strong> em 5<\/span><\/div><\/div>\n<\/a><a href=\"https:\/\/www.alquera.com\/pt\/sulfato-de-hierro\/\" aria-describedby=\"woocommerce_loop_add_to_cart_link_describedby_950\" data-quantity=\"1\" class=\"button product_type_variable add_to_cart_button\" data-product_id=\"950\" data-product_sku=\"AL100161\" aria-label=\"Seleccione as op\u00e7\u00f5es para \u201cSulfato de Hierro\u201d\" rel=\"nofollow\" data-no-translation=\"\" data-trp-gettext=\"\" data-no-translation-aria-label=\"\">Ver op\u00e7\u00f5es<\/a>\t<span id=\"woocommerce_loop_add_to_cart_link_describedby_950\" class=\"screen-reader-text\">\n\t\tEste produto tem v\u00e1rias variantes. As op\u00e7\u00f5es podem ser seleccionadas na p\u00e1gina do produto\t<\/span>\n<\/li>\n<\/ul>\n<\/div><\/div>\n<h2>COMO UTILIZAR SULFATO DE FERRO PARA PINTURA<\/h2>\n<p>Para utilizar sulfato de ferro na pintura, basta misturar o sal de sulfato de ferro na \u00e1gua e aplic\u00e1-lo na superf\u00edcie que pretende pintar. A quantidade de sulfato de ferro a ser dilu\u00edda em \u00e1gua depende da cor que se pretende obter. Comece por utilizar <strong>10 gramas por litro de \u00e1gua<\/strong> e testar a cor, e adicionar mais se quiser uma cor mais avermelhada.<\/p>\n<p>A mistura de \u00e1gua e sulfato de ferro deve ser aplicada uniformemente sobre toda a superf\u00edcie a ser tingida. Desta forma, quando a mistura secar, vai-se transformar na cor vermelha caracter\u00edstica que pretendemos alcan\u00e7ar. \u00c9 prov\u00e1vel que no in\u00edcio a cor que se obt\u00e9m seja um pouco alaranjada. Isto seria devido ao excesso de sal, que precisaria de ser lavado. Isto \u00e9 feito esfregando com uma escova, o excesso de sulfato de ferro \u00e9 removido e o efeito tingido desejado \u00e9 alcan\u00e7ado.<\/p>\n<p>A manuten\u00e7\u00e3o deste tipo de tinta deve ser feita de 3 em 3 anos e a pintura deve ser mantida at\u00e9 estar em perfeitas condi\u00e7\u00f5es.<\/p>\n<p><iframe loading=\"lazy\" src=\"https:\/\/www.youtube.com\/embed\/g03rSiUMFUA?feature=oembed\" width=\"665\" height=\"374\" frameborder=\"0\" allowfullscreen=\"allowfullscreen\" data-mce-fragment=\"1\"><\/iframe><\/p>\n<h2>PRECAU\u00c7\u00d5ES COM SULFATO DE FERRO<\/h2>\n<p>Deve ter-se especial cuidado quando se utiliza sulfato ferroso, uma vez que \u00e9 um qu\u00edmico corrosivo e mancha qualquer pe\u00e7a de vestu\u00e1rio, vestu\u00e1rio e objectos que entram em contacto com ele. \u00c9 portanto necess\u00e1rio utilizar protec\u00e7\u00e3o quando se lida com este material.<\/p>\n\n\n<figure class=\"wp-block-image size-large\"><img loading=\"lazy\" decoding=\"async\" width=\"683\" height=\"1024\" src=\"https:\/\/www.alquera.com\/wp-content\/uploads\/2025\/01\/SULFATO-DE-HIERRO-1KG-INTERNACIONAL-683x1024.png\" alt=\"\" class=\"wp-image-51181\" srcset=\"https:\/\/www.alquera.com\/wp-content\/uploads\/2025\/01\/SULFATO-DE-HIERRO-1KG-INTERNACIONAL-683x1024.png 683w, https:\/\/www.alquera.com\/wp-content\/uploads\/2025\/01\/SULFATO-DE-HIERRO-1KG-INTERNACIONAL-200x300.png 200w, https:\/\/www.alquera.com\/wp-content\/uploads\/2025\/01\/SULFATO-DE-HIERRO-1KG-INTERNACIONAL-768x1151.png 768w, https:\/\/www.alquera.com\/wp-content\/uploads\/2025\/01\/SULFATO-DE-HIERRO-1KG-INTERNACIONAL-1025x1536.png 1025w, https:\/\/www.alquera.com\/wp-content\/uploads\/2025\/01\/SULFATO-DE-HIERRO-1KG-INTERNACIONAL-1367x2048.png 1367w, https:\/\/www.alquera.com\/wp-content\/uploads\/2025\/01\/SULFATO-DE-HIERRO-1KG-INTERNACIONAL-8x12.png 8w, https:\/\/www.alquera.com\/wp-content\/uploads\/2025\/01\/SULFATO-DE-HIERRO-1KG-INTERNACIONAL-600x899.png 600w, https:\/\/www.alquera.com\/wp-content\/uploads\/2025\/01\/SULFATO-DE-HIERRO-1KG-INTERNACIONAL.png 1535w\" sizes=\"auto, (max-width: 683px) 100vw, 683px\" \/><\/figure>\n\n\n\n<h2 class=\"wp-block-heading\" id=\"h-mas-informacion-sulfato-ferrico\">M\u00c1S INFORMACI\u00d3N SULFATO F\u00c9RRICO<\/h2>\n\n\n\n<p>Puedes ver m\u00e1s informaci\u00f3n sobre el sulfato f\u00e9rrico en estas p\u00e1ginas<\/p>\n\n\n\n<ul class=\"wp-block-list\">\n<li><a href=\"https:\/\/www.alquera.com\/pt\/sulfato-de-hierro\/plantas\/\">Sulfato de Ferro para Plantas<\/a><\/li>\n\n\n\n<li><a href=\"https:\/\/www.alquera.com\/pt\/sulfato-de-hierro\/usos\/\">Utiliza sulfato de ferro<\/a><\/li>\n\n\n\n<li><a href=\"https:\/\/www.alquera.com\/pt\/sulfato-de-hierro\/\">Comprar sulfato de ferro<\/a><\/li>\n<\/ul>\n\n\n\n<p><\/p>","protected":false},"excerpt":{"rendered":"<p>Si quieres dar un toque rojizo, oxidado a un muro, vamos a ver c\u00f3mo utilizar el\u00a0sulfato de hierro para pintar. Con este m\u00e9todo, podr\u00e1s\u00a0dar un color especial a un muro, unas escaleras, un estanque. Conseguir\u00e1s un efecto rojizo, semioxidado muy caracter\u00edstico y especial. El sulfato de hierro es una sal de hierro, de f\u00f3rmula qu\u00edmica [&hellip;]<\/p>\n","protected":false},"author":1,"featured_media":0,"parent":33351,"menu_order":0,"comment_status":"closed","ping_status":"closed","template":"","meta":{"_acf_changed":false,"site-sidebar-layout":"left-sidebar","site-content-layout":"","ast-site-content-layout":"default","site-content-style":"default","site-sidebar-style":"unboxed","ast-global-header-display":"","ast-banner-title-visibility":"","ast-main-header-display":"","ast-hfb-above-header-display":"","ast-hfb-below-header-display":"","ast-hfb-mobile-header-display":"","site-post-title":"","ast-breadcrumbs-content":"","ast-featured-img":"","footer-sml-layout":"","ast-disable-related-posts":"","theme-transparent-header-meta":"","adv-header-id-meta":"","stick-header-meta":"","header-above-stick-meta":"","header-main-stick-meta":"","header-below-stick-meta":"","astra-migrate-meta-layouts":"set","ast-page-background-enabled":"default","ast-page-background-meta":{"desktop":{"background-color":"var(--ast-global-color-4)","background-image":"","background-repeat":"repeat","background-position":"center center","background-size":"auto","background-attachment":"scroll","background-type":"","background-media":"","overlay-type":"","overlay-color":"","overlay-opacity":"","overlay-gradient":""},"tablet":{"background-color":"","background-image":"","background-repeat":"repeat","background-position":"center center","background-size":"auto","background-attachment":"scroll","background-type":"","background-media":"","overlay-type":"","overlay-color":"","overlay-opacity":"","overlay-gradient":""},"mobile":{"background-color":"","background-image":"","background-repeat":"repeat","background-position":"center center","background-size":"auto","background-attachment":"scroll","background-type":"","background-media":"","overlay-type":"","overlay-color":"","overlay-opacity":"","overlay-gradient":""}},"ast-content-background-meta":{"desktop":{"background-color":"var(--ast-global-color-5)","background-image":"","background-repeat":"repeat","background-position":"center center","background-size":"auto","background-attachment":"scroll","background-type":"","background-media":"","overlay-type":"","overlay-color":"","overlay-opacity":"","overlay-gradient":""},"tablet":{"background-color":"var(--ast-global-color-5)","background-image":"","background-repeat":"repeat","background-position":"center center","background-size":"auto","background-attachment":"scroll","background-type":"","background-media":"","overlay-type":"","overlay-color":"","overlay-opacity":"","overlay-gradient":""},"mobile":{"background-color":"var(--ast-global-color-5)","background-image":"","background-repeat":"repeat","background-position":"center center","background-size":"auto","background-attachment":"scroll","background-type":"","background-media":"","overlay-type":"","overlay-color":"","overlay-opacity":"","overlay-gradient":""}},"footnotes":""},"class_list":["post-33353","page","type-page","status-publish","hentry"],"acf":[],"yoast_head":"<!-- This site is optimized with the Yoast SEO Premium plugin v27.1 (Yoast SEO v27.1.1) - https:\/\/yoast.com\/product\/yoast-seo-premium-wordpress\/ -->\n<title>Sulfato de Hierro para Pintar - Alquera.com<\/title>\n<meta name=\"description\" content=\"El sulfato de hierro se utiliza comunmente para te\u00f1ir de color \u00f3xido las paredes de hormig\u00f3n. Econ\u00f3mico y muy r\u00e1pido. Aqu\u00ed te lo contamos.\" \/>\n<meta name=\"robots\" content=\"index, follow, max-snippet:-1, max-image-preview:large, max-video-preview:-1\" \/>\n<link rel=\"canonical\" href=\"https:\/\/www.alquera.com\/pt\/sulfato-de-hierro\/pintar\/\" \/>\n<meta property=\"og:locale\" content=\"pt_PT\" \/>\n<meta property=\"og:type\" content=\"article\" \/>\n<meta property=\"og:title\" content=\"Sulfato de Hierro para Pintar\" \/>\n<meta property=\"og:description\" content=\"El sulfato de hierro se utiliza comunmente para te\u00f1ir de color \u00f3xido las paredes de hormig\u00f3n. Econ\u00f3mico y muy r\u00e1pido. Aqu\u00ed te lo contamos.\" \/>\n<meta property=\"og:url\" content=\"https:\/\/www.alquera.com\/pt\/sulfato-de-hierro\/pintar\/\" \/>\n<meta property=\"og:site_name\" content=\"Alquera.com\" \/>\n<meta property=\"article:publisher\" content=\"https:\/\/www.facebook.com\/alqueraciencia\" \/>\n<meta property=\"article:modified_time\" content=\"2026-02-23T14:40:46+00:00\" \/>\n<meta property=\"og:image\" content=\"https:\/\/www.alquera.com\/wp-content\/uploads\/2021\/03\/SULFATO-DE-HIERRO-PARA-PINTAR.png\" \/>\n\t<meta property=\"og:image:width\" content=\"554\" \/>\n\t<meta property=\"og:image:height\" content=\"253\" \/>\n\t<meta property=\"og:image:type\" content=\"image\/png\" \/>\n<meta name=\"twitter:card\" content=\"summary_large_image\" \/>\n<meta name=\"twitter:label1\" content=\"Tempo estimado de leitura\" \/>\n\t<meta name=\"twitter:data1\" content=\"3 minutos\" \/>\n<script type=\"application\/ld+json\" class=\"yoast-schema-graph\">{\"@context\":\"https:\/\/schema.org\",\"@graph\":[{\"@type\":\"WebPage\",\"@id\":\"https:\/\/www.alquera.com\/sulfato-de-hierro\/pintar\/\",\"url\":\"https:\/\/www.alquera.com\/sulfato-de-hierro\/pintar\/\",\"name\":\"Sulfato de Hierro para Pintar - Alquera.com\",\"isPartOf\":{\"@id\":\"https:\/\/www.alquera.com\/en\/#website\"},\"primaryImageOfPage\":{\"@id\":\"https:\/\/www.alquera.com\/sulfato-de-hierro\/pintar\/#primaryimage\"},\"image\":{\"@id\":\"https:\/\/www.alquera.com\/sulfato-de-hierro\/pintar\/#primaryimage\"},\"thumbnailUrl\":\"https:\/\/www.alquera.com\/wp-content\/uploads\/2021\/03\/SULFATO-DE-HIERRO-PARA-PINTAR.png\",\"datePublished\":\"2021-03-17T12:38:10+00:00\",\"dateModified\":\"2026-02-23T14:40:46+00:00\",\"description\":\"El sulfato de hierro se utiliza comunmente para te\u00f1ir de color \u00f3xido las paredes de hormig\u00f3n. Econ\u00f3mico y muy r\u00e1pido. Aqu\u00ed te lo contamos.\",\"breadcrumb\":{\"@id\":\"https:\/\/www.alquera.com\/sulfato-de-hierro\/pintar\/#breadcrumb\"},\"inLanguage\":\"pt-PT\",\"potentialAction\":[{\"@type\":\"ReadAction\",\"target\":[\"https:\/\/www.alquera.com\/sulfato-de-hierro\/pintar\/\"]}]},{\"@type\":\"ImageObject\",\"inLanguage\":\"pt-PT\",\"@id\":\"https:\/\/www.alquera.com\/sulfato-de-hierro\/pintar\/#primaryimage\",\"url\":\"https:\/\/www.alquera.com\/wp-content\/uploads\/2021\/03\/SULFATO-DE-HIERRO-PARA-PINTAR.png\",\"contentUrl\":\"https:\/\/www.alquera.com\/wp-content\/uploads\/2021\/03\/SULFATO-DE-HIERRO-PARA-PINTAR.png\"},{\"@type\":\"BreadcrumbList\",\"@id\":\"https:\/\/www.alquera.com\/sulfato-de-hierro\/pintar\/#breadcrumb\",\"itemListElement\":[{\"@type\":\"ListItem\",\"position\":1,\"name\":\"Inicio\",\"item\":\"https:\/\/www.alquera.com\/\"},{\"@type\":\"ListItem\",\"position\":2,\"name\":\"Sulfato de Hierro\",\"item\":\"https:\/\/www.alquera.com\/sulfato-de-hierro\/\"},{\"@type\":\"ListItem\",\"position\":3,\"name\":\"Sulfato de Hierro para Pintar\"}]},{\"@type\":\"WebSite\",\"@id\":\"https:\/\/www.alquera.com\/en\/#website\",\"url\":\"https:\/\/www.alquera.com\/en\/\",\"name\":\"Alquera.com\",\"description\":\"Tienda Online Productos Qu\u00edmicos y Material de Laboratorio\",\"publisher\":{\"@id\":\"https:\/\/www.alquera.com\/en\/#organization\"},\"potentialAction\":[{\"@type\":\"SearchAction\",\"target\":{\"@type\":\"EntryPoint\",\"urlTemplate\":\"https:\/\/www.alquera.com\/en\/?s={search_term_string}\"},\"query-input\":{\"@type\":\"PropertyValueSpecification\",\"valueRequired\":true,\"valueName\":\"search_term_string\"}}],\"inLanguage\":\"pt-PT\"},{\"@type\":\"Organization\",\"@id\":\"https:\/\/www.alquera.com\/en\/#organization\",\"name\":\"ALQUERA CIENCIA SL\",\"url\":\"https:\/\/www.alquera.com\/en\/\",\"logo\":{\"@type\":\"ImageObject\",\"inLanguage\":\"pt-PT\",\"@id\":\"https:\/\/www.alquera.com\/en\/#\/schema\/logo\/image\/\",\"url\":\"https:\/\/www.alquera.com\/wp-content\/uploads\/2020\/11\/logo_300_ancho.png\",\"contentUrl\":\"https:\/\/www.alquera.com\/wp-content\/uploads\/2020\/11\/logo_300_ancho.png\",\"width\":300,\"height\":86,\"caption\":\"ALQUERA CIENCIA SL\"},\"image\":{\"@id\":\"https:\/\/www.alquera.com\/en\/#\/schema\/logo\/image\/\"},\"sameAs\":[\"https:\/\/www.facebook.com\/alqueraciencia\",\"https:\/\/www.instagram.com\/alquera_ciencia\/\",\"https:\/\/www.youtube.com\/c\/alquera\"]}]}<\/script>\n<!-- \/ Yoast SEO Premium plugin. -->","yoast_head_json":{"title":"Sulfato de Ferro para Pintura - Alquera.com","description":"O sulfato de ferro \u00e9 normalmente utilizado para manchar paredes de bet\u00e3o de cor ferrugem. Econ\u00f3mico e muito r\u00e1pido. Aqui vos contamos sobre isso.","robots":{"index":"index","follow":"follow","max-snippet":"max-snippet:-1","max-image-preview":"max-image-preview:large","max-video-preview":"max-video-preview:-1"},"canonical":"https:\/\/www.alquera.com\/pt\/sulfato-de-hierro\/pintar\/","og_locale":"pt_PT","og_type":"article","og_title":"Sulfato de Hierro para Pintar","og_description":"El sulfato de hierro se utiliza comunmente para te\u00f1ir de color \u00f3xido las paredes de hormig\u00f3n. Econ\u00f3mico y muy r\u00e1pido. Aqu\u00ed te lo contamos.","og_url":"https:\/\/www.alquera.com\/pt\/sulfato-de-hierro\/pintar\/","og_site_name":"Alquera.com","article_publisher":"https:\/\/www.facebook.com\/alqueraciencia","article_modified_time":"2026-02-23T14:40:46+00:00","og_image":[{"width":554,"height":253,"url":"https:\/\/www.alquera.com\/wp-content\/uploads\/2021\/03\/SULFATO-DE-HIERRO-PARA-PINTAR.png","type":"image\/png"}],"twitter_card":"summary_large_image","twitter_misc":{"Tempo estimado de leitura":"3 minutos"},"schema":{"@context":"https:\/\/schema.org","@graph":[{"@type":"WebPage","@id":"https:\/\/www.alquera.com\/sulfato-de-hierro\/pintar\/","url":"https:\/\/www.alquera.com\/sulfato-de-hierro\/pintar\/","name":"Sulfato de Ferro para Pintura - Alquera.com","isPartOf":{"@id":"https:\/\/www.alquera.com\/en\/#website"},"primaryImageOfPage":{"@id":"https:\/\/www.alquera.com\/sulfato-de-hierro\/pintar\/#primaryimage"},"image":{"@id":"https:\/\/www.alquera.com\/sulfato-de-hierro\/pintar\/#primaryimage"},"thumbnailUrl":"https:\/\/www.alquera.com\/wp-content\/uploads\/2021\/03\/SULFATO-DE-HIERRO-PARA-PINTAR.png","datePublished":"2021-03-17T12:38:10+00:00","dateModified":"2026-02-23T14:40:46+00:00","description":"O sulfato de ferro \u00e9 normalmente utilizado para manchar paredes de bet\u00e3o de cor ferrugem. Econ\u00f3mico e muito r\u00e1pido. Aqui vos contamos sobre isso.","breadcrumb":{"@id":"https:\/\/www.alquera.com\/sulfato-de-hierro\/pintar\/#breadcrumb"},"inLanguage":"pt-PT","potentialAction":[{"@type":"ReadAction","target":["https:\/\/www.alquera.com\/sulfato-de-hierro\/pintar\/"]}]},{"@type":"ImageObject","inLanguage":"pt-PT","@id":"https:\/\/www.alquera.com\/sulfato-de-hierro\/pintar\/#primaryimage","url":"https:\/\/www.alquera.com\/wp-content\/uploads\/2021\/03\/SULFATO-DE-HIERRO-PARA-PINTAR.png","contentUrl":"https:\/\/www.alquera.com\/wp-content\/uploads\/2021\/03\/SULFATO-DE-HIERRO-PARA-PINTAR.png"},{"@type":"BreadcrumbList","@id":"https:\/\/www.alquera.com\/sulfato-de-hierro\/pintar\/#breadcrumb","itemListElement":[{"@type":"ListItem","position":1,"name":"Inicio","item":"https:\/\/www.alquera.com\/"},{"@type":"ListItem","position":2,"name":"Sulfato de Hierro","item":"https:\/\/www.alquera.com\/sulfato-de-hierro\/"},{"@type":"ListItem","position":3,"name":"Sulfato de Hierro para Pintar"}]},{"@type":"WebSite","@id":"https:\/\/www.alquera.com\/en\/#website","url":"https:\/\/www.alquera.com\/en\/","name":"Alquera.com","description":"Loja on-line de produtos qu\u00edmicos e equipamento de laborat\u00f3rio","publisher":{"@id":"https:\/\/www.alquera.com\/en\/#organization"},"potentialAction":[{"@type":"SearchAction","target":{"@type":"EntryPoint","urlTemplate":"https:\/\/www.alquera.com\/en\/?s={search_term_string}"},"query-input":{"@type":"PropertyValueSpecification","valueRequired":true,"valueName":"search_term_string"}}],"inLanguage":"pt-PT"},{"@type":"Organization","@id":"https:\/\/www.alquera.com\/en\/#organization","name":"ALQUERA CIENCIA SL","url":"https:\/\/www.alquera.com\/en\/","logo":{"@type":"ImageObject","inLanguage":"pt-PT","@id":"https:\/\/www.alquera.com\/en\/#\/schema\/logo\/image\/","url":"https:\/\/www.alquera.com\/wp-content\/uploads\/2020\/11\/logo_300_ancho.png","contentUrl":"https:\/\/www.alquera.com\/wp-content\/uploads\/2020\/11\/logo_300_ancho.png","width":300,"height":86,"caption":"ALQUERA CIENCIA SL"},"image":{"@id":"https:\/\/www.alquera.com\/en\/#\/schema\/logo\/image\/"},"sameAs":["https:\/\/www.facebook.com\/alqueraciencia","https:\/\/www.instagram.com\/alquera_ciencia\/","https:\/\/www.youtube.com\/c\/alquera"]}]}},"_links":{"self":[{"href":"https:\/\/www.alquera.com\/pt\/wp-json\/wp\/v2\/pages\/33353","targetHints":{"allow":["GET"]}}],"collection":[{"href":"https:\/\/www.alquera.com\/pt\/wp-json\/wp\/v2\/pages"}],"about":[{"href":"https:\/\/www.alquera.com\/pt\/wp-json\/wp\/v2\/types\/page"}],"author":[{"embeddable":true,"href":"https:\/\/www.alquera.com\/pt\/wp-json\/wp\/v2\/users\/1"}],"replies":[{"embeddable":true,"href":"https:\/\/www.alquera.com\/pt\/wp-json\/wp\/v2\/comments?post=33353"}],"version-history":[{"count":18,"href":"https:\/\/www.alquera.com\/pt\/wp-json\/wp\/v2\/pages\/33353\/revisions"}],"predecessor-version":[{"id":56856,"href":"https:\/\/www.alquera.com\/pt\/wp-json\/wp\/v2\/pages\/33353\/revisions\/56856"}],"up":[{"embeddable":true,"href":"https:\/\/www.alquera.com\/pt\/wp-json\/wp\/v2\/pages\/33351"}],"wp:attachment":[{"href":"https:\/\/www.alquera.com\/pt\/wp-json\/wp\/v2\/media?parent=33353"}],"curies":[{"name":"wp","href":"https:\/\/api.w.org\/{rel}","templated":true}]}}