{"id":33360,"date":"2021-03-17T13:18:29","date_gmt":"2021-03-17T13:18:29","guid":{"rendered":"https:\/\/www.alquera.com\/?page_id=33360"},"modified":"2026-02-23T14:42:28","modified_gmt":"2026-02-23T14:42:28","slug":"plantas","status":"publish","type":"page","link":"https:\/\/www.alquera.com\/pt\/sulfato-de-hierro\/plantas\/","title":{"rendered":"Sulfato de Ferro para Plantas"},"content":{"rendered":"<p>As plantas necessitam de 12 nutrientes para o seu desenvolvimento adequado, destes 12 nutrientes s\u00e3o os chamados macronutrientes que necessitam em grandes quantidades e os micronutrientes que necessitam em quantidades inferiores. O\u00a0<strong>sulfato de ferro para plantas<\/strong>\u00a0est\u00e1 relacionado com a defici\u00eancia de ferro. O ferro faz parte dos micronutrientes. Em alguns solos, especialmente em solos com um pH elevado, acontece que os micronutrientes se tornam insol\u00faveis, por exemplo, o ferro \u00e9 insol\u00favel no solo.\u00a0<strong>ferro<\/strong>.<\/p>\n<h2>BAIXAR O PH DO SOLO COM SULFATO DE FERRO HEPTAHIDRATO<\/h2>\n<p>O <a href=\"https:\/\/www.alquera.com\/pt\/sulfato-de-hierro\/\">sulfato de hierro<\/a> O sulfato de ferro \u00e9 um produto qu\u00edmico, com a f\u00f3rmula FeSO4, que est\u00e1 dispon\u00edvel na forma de p\u00f3 e granulado. O sulfato de ferro \u00e9 um sal que, quando misturado com o solo, o acidifica, ou seja, baixa o pH para valores inferiores a 7.\u00a0<strong>ferro<\/strong>.<a href=\"https:\/\/www.alquera.com\/pt\/?attachment_id=949\" rel=\"attachment wp-att-949\"><img loading=\"lazy\" decoding=\"async\" class=\"wp-image-949 size-medium aligncenter\" src=\"https:\/\/www.alquera.com\/wp-content\/uploads\/2017\/09\/993-thickbox_default-Sulfato-de-Hierro-5Kg-300x300.jpg\" alt=\"Sulfato de Hierro\" width=\"300\" height=\"300\" srcset=\"https:\/\/www.alquera.com\/wp-content\/uploads\/2017\/09\/993-thickbox_default-Sulfato-de-Hierro-5Kg-300x300.jpg 300w, https:\/\/www.alquera.com\/wp-content\/uploads\/2017\/09\/993-thickbox_default-Sulfato-de-Hierro-5Kg-100x100.jpg 100w, https:\/\/www.alquera.com\/wp-content\/uploads\/2017\/09\/993-thickbox_default-Sulfato-de-Hierro-5Kg-600x600.jpg 600w, https:\/\/www.alquera.com\/wp-content\/uploads\/2017\/09\/993-thickbox_default-Sulfato-de-Hierro-5Kg-150x150.jpg 150w, https:\/\/www.alquera.com\/wp-content\/uploads\/2017\/09\/993-thickbox_default-Sulfato-de-Hierro-5Kg-768x768.jpg 768w, https:\/\/www.alquera.com\/wp-content\/uploads\/2017\/09\/993-thickbox_default-Sulfato-de-Hierro-5Kg.jpg 800w\" sizes=\"auto, (max-width: 300px) 100vw, 300px\" \/><\/a>A forma em que o sulfato de ferro \u00e9 apresentado pode ser na forma de part\u00edculas, que \u00e9 o formato mais adequado para a sua dissolu\u00e7\u00e3o em \u00e1gua. Na agricultura, a forma granulada \u00e9 tamb\u00e9m utilizada, neste caso \u00e9 misturada com o solo, sem o dissolver na \u00e1gua. Recomenda-se a utiliza\u00e7\u00e3o da forma particulada e a sua dissolu\u00e7\u00e3o em \u00e1gua.<\/p>\n<h2>COMPRAR SULFATO DE HIERRO<\/h2>\n<p>Si est\u00e1s buscando comprar sulfato de hierro para pintar, en Alquera puedes encontrarlo en diferentes formatos: desde 1kg, 5kg y 25kg. Podr\u00e1s descarte la ficha t\u00e9cnica y la MSDS sobre el propio producto en el apartado documentaci\u00f3n.<\/p>\n<div style=\"text-align: center;\"><div class=\"woocommerce\"><ul class=\"products columns-4\">\n<li class=\"desktop-align-left tablet-align-left mobile-align-left ast-product-gallery-layout-horizontal-slider ast-magnify-disabled ast-product-single-variable ast-product-tabs-layout-horizontal ast-qv-on-image product type-product post-950 status-publish first instock product_cat-agroquimicos has-post-thumbnail taxable shipping-taxable purchasable product-type-variable has-default-attributes\">\n\t<a href=\"https:\/\/www.alquera.com\/pt\/sulfato-de-hierro\/\" class=\"woocommerce-LoopProduct-link woocommerce-loop-product__link\"><img loading=\"lazy\" decoding=\"async\" width=\"300\" height=\"300\" src=\"https:\/\/www.alquera.com\/wp-content\/uploads\/2017\/09\/992-thickbox_default-Sulfato-de-Hierro-5Kg-300x300.jpg\" class=\"attachment-woocommerce_thumbnail size-woocommerce_thumbnail\" alt=\"Comprar Sulfato de Hierro\" srcset=\"https:\/\/www.alquera.com\/wp-content\/uploads\/2017\/09\/992-thickbox_default-Sulfato-de-Hierro-5Kg-300x300.jpg 300w, https:\/\/www.alquera.com\/wp-content\/uploads\/2017\/09\/992-thickbox_default-Sulfato-de-Hierro-5Kg-100x100.jpg 100w, https:\/\/www.alquera.com\/wp-content\/uploads\/2017\/09\/992-thickbox_default-Sulfato-de-Hierro-5Kg-600x600.jpg 600w, https:\/\/www.alquera.com\/wp-content\/uploads\/2017\/09\/992-thickbox_default-Sulfato-de-Hierro-5Kg-150x150.jpg 150w, https:\/\/www.alquera.com\/wp-content\/uploads\/2017\/09\/992-thickbox_default-Sulfato-de-Hierro-5Kg-768x768.jpg 768w, https:\/\/www.alquera.com\/wp-content\/uploads\/2017\/09\/992-thickbox_default-Sulfato-de-Hierro-5Kg.jpg 800w\" sizes=\"auto, (max-width: 300px) 100vw, 300px\" \/><h2 class=\"woocommerce-loop-product__title\">Sulfato de Ferro<\/h2><div class=\"review-rating\"><div class=\"star-rating\"><span style=\"width:100%\" data-no-translation=\"\" data-trp-gettext=\"\">Classificado <strong class=\"rating\">5.00<\/strong> em 5<\/span><\/div><\/div>\n<\/a><a href=\"https:\/\/www.alquera.com\/pt\/sulfato-de-hierro\/\" aria-describedby=\"woocommerce_loop_add_to_cart_link_describedby_950\" data-quantity=\"1\" class=\"button product_type_variable add_to_cart_button\" data-product_id=\"950\" data-product_sku=\"AL100161\" aria-label=\"Seleccione as op\u00e7\u00f5es para \u201cSulfato de Hierro\u201d\" rel=\"nofollow\" data-no-translation=\"\" data-trp-gettext=\"\" data-no-translation-aria-label=\"\">Ver op\u00e7\u00f5es<\/a>\t<span id=\"woocommerce_loop_add_to_cart_link_describedby_950\" class=\"screen-reader-text\">\n\t\tEste produto tem v\u00e1rias variantes. As op\u00e7\u00f5es podem ser seleccionadas na p\u00e1gina do produto\t<\/span>\n<\/li>\n<\/ul>\n<\/div><\/div>\n<h2>COMO FORNECER SULFATO DE FERRO PARA O SOLO<\/h2>\n<p>Para fornecer sulfato de ferro no solo, <strong>a \u00e1rea seria irrigada com \u00e1gua contendo 3 gramas de sulfato de ferro dissolvido no mesmo por litro.<\/strong>. \u00c1gua uma vez por m\u00eas com esta \u00e1gua. Nas panelas n\u00e3o se utiliza sulfato de ferro mas sim \u00e1cido c\u00edtrico.<\/p>\n<p>Como sugest\u00e3o, pode complementar o tratamento com sulfato de ferro adicionando 3 gramas por litro de quelatos de ferro a outra \u00e1gua. Isto tamb\u00e9m deve ser aplicado uma vez por m\u00eas, numa semana diferente daquela em que a \u00e1gua de sulfato de ferro foi adicionada.<\/p>\n<p>Com estes dois produtos (sulfato de ferro e quelatos de ferro) as plantas acid\u00f3filas do jardim ter\u00e3o ferro suficiente e os outros micronutrientes como o mangan\u00eas ou o cobre gra\u00e7as \u00e0 liberta\u00e7\u00e3o do sulfato atrav\u00e9s da redu\u00e7\u00e3o do pH do solo.<\/p>\n<p>Resta fornecer o resto dos nutrientes para a fertiliza\u00e7\u00e3o completa das plantas, especialmente os macronutrientes: azoto, f\u00f3sforo e pot\u00e1ssio.  Em solos alcalinos, a dosagem de f\u00f3sforo e pot\u00e1ssio \u00e9 aumentada, uma vez que alguns se perdem \u00e0 medida que se tornam insol\u00faveis.<\/p>\n<h2>FERRO EM PLANTAS<\/h2>\n<p>O<strong>\u00a0ferro\u00a0<\/strong>\u00e9 um restaurador para algumas enzimas e pigmentos para reduzir nitratos e sulfatos; \u00e9 tamb\u00e9m um\u00a0<strong>gerador de energia<\/strong>\u00a0que n\u00e3o \u00e9 utilizada na s\u00edntese da clorofila, mas \u00e9 essencial na sua forma\u00e7\u00e3o, para a nutri\u00e7\u00e3o das culturas, crescimento das plantas e sa\u00fade vegetal.<\/p>\n<div class=\"imgCat\">\n<p><a href=\"https:\/\/www.alquera.com\/pt\/sulfato-de-hierro\/plantas\/hierro-en-plantas_clorosis\/\" rel=\"attachment wp-att-33361\"><img loading=\"lazy\" decoding=\"async\" class=\"size-full wp-image-33361 aligncenter\" src=\"https:\/\/www.alquera.com\/wp-content\/uploads\/2021\/03\/Hierro-en-plantas_clorosis.png\" alt=\"falta de hierro en plantas\" width=\"554\" height=\"253\" srcset=\"https:\/\/www.alquera.com\/wp-content\/uploads\/2021\/03\/Hierro-en-plantas_clorosis.png 554w, https:\/\/www.alquera.com\/wp-content\/uploads\/2021\/03\/Hierro-en-plantas_clorosis-300x137.png 300w\" sizes=\"auto, (max-width: 554px) 100vw, 554px\" \/><\/a><\/p>\n<\/div>\n<div class=\"rte3\">\n<h3>Defici\u00eancia de ferro nas plantas<\/h3>\n<p>A car\u00eancia de ferro nas plantas manifesta-se nas folhas jovens, que ficam amarelas, devido a um desequil\u00edbrio entre a clorofila e o caroteno. Da mesma forma, o transporte fotossint\u00e9tico \u00e9 reduzido, o que resulta numa diminui\u00e7\u00e3o de a\u00e7\u00facares, amido e alguns amino\u00e1cidos.<\/p>\n<p>Al\u00e9m disso, quando as plantas sofrem de defici\u00eancia de ferro, outros elementos acumulam e alteram a s\u00edntese de prote\u00ednas e o enriquecimento de l\u00edpidos e \u00e1cidos gordos insaturados, enquanto as nervuras permanecem verdes, produzindo clorose f\u00e9rrica, que pode atacar apenas alguns ramos, ainda que os outros possam permanecer saud\u00e1veis.<\/p>\n<p>A primeira coisa a fazer \u00e9 examinar as ra\u00edzes da planta doente, uma vez que pode estar sobreaquecido e, portanto, incapaz de absorver adequadamente os nutrientes. Pode at\u00e9 acontecer que as ra\u00edzes estejam doentes, o que dificulta a sua absor\u00e7\u00e3o do ferro.<\/p>\n<h3>Excesso de ingest\u00e3o de ferro<\/h3>\n<p>A defici\u00eancia de ferro produz altera\u00e7\u00f5es morfol\u00f3gicas e fisiol\u00f3gicas; na raiz h\u00e1 um aumento do di\u00e2metro da zona apical da raiz, e a forma\u00e7\u00e3o de p\u00ealos radiculares abundantes. Se o problema n\u00e3o estiver na raiz, \u00e9 aconselh\u00e1vel verificar o pH ou o grau de acidez do solo.<\/p>\n<p>O oposto acontece quando a planta \u00e9 confrontada com uma absor\u00e7\u00e3o excessiva de ferro, que raramente ocorre devido \u00e0 r\u00e1pida convers\u00e3o do ferro sol\u00favel em compostos insol\u00faveis, e quase inteiramente sem toxicidade para as culturas que crescem nela, dispon\u00edveis para as plantas. Acontece que o excesso de ferro provoca a altera\u00e7\u00e3o da fluoresc\u00eancia da clorofila. Como resultado, a planta ter\u00e1 dificuldade em absorver correctamente a energia solar.<\/p>\n<p><\/p>\n<h2 id=\"h-mas-informacion-sulfato-ferrico\" class=\"wp-block-heading\">M\u00c1S INFORMACI\u00d3N SULFATO F\u00c9RRICO<\/h2>\n<p> <\/p>\n<p>Puedes ver m\u00e1s informaci\u00f3n sobre el sulfato f\u00e9rrico en estas p\u00e1ginas<\/p>\n<p> <\/p>\n<ul class=\"wp-block-list\">\n<li><a href=\"https:\/\/www.alquera.com\/pt\/sulfato-de-hierro\/pintar\/\">Sulfato de Ferro para Pintura<\/a><\/li>\n \n<li><a href=\"https:\/\/www.alquera.com\/pt\/sulfato-de-hierro\/usos\/\">Utiliza sulfato de ferro<\/a><\/li>\n \n<li><a href=\"https:\/\/www.alquera.com\/pt\/sulfato-de-hierro\/\">Comprar sulfato de ferro<\/a><\/li>\n<\/ul>\n<p><\/p>\n<\/div>\n\n\n<p><\/p>","protected":false},"excerpt":{"rendered":"<p>Las plantas necesitan 12 nutrientes para su correcto desarrollo, de estos 12 nutrientes est\u00e1n los llamados macronutrientes que necesitan en cantidades altas y los micronutrientes que necesitan en cantidades menores. El\u00a0sulfato de hierro para plantas\u00a0est\u00e1 relacionado con la falta de hierro. El hierro forma parte de los micronutrientes. En algunos suelos, especialmente en suelos que [&hellip;]<\/p>\n","protected":false},"author":1,"featured_media":0,"parent":33351,"menu_order":0,"comment_status":"closed","ping_status":"closed","template":"","meta":{"_acf_changed":false,"site-sidebar-layout":"left-sidebar","site-content-layout":"","ast-site-content-layout":"default","site-content-style":"default","site-sidebar-style":"default","ast-global-header-display":"","ast-banner-title-visibility":"","ast-main-header-display":"","ast-hfb-above-header-display":"","ast-hfb-below-header-display":"","ast-hfb-mobile-header-display":"","site-post-title":"","ast-breadcrumbs-content":"","ast-featured-img":"","footer-sml-layout":"","ast-disable-related-posts":"","theme-transparent-header-meta":"","adv-header-id-meta":"","stick-header-meta":"","header-above-stick-meta":"","header-main-stick-meta":"","header-below-stick-meta":"","astra-migrate-meta-layouts":"set","ast-page-background-enabled":"default","ast-page-background-meta":{"desktop":{"background-color":"var(--ast-global-color-4)","background-image":"","background-repeat":"repeat","background-position":"center center","background-size":"auto","background-attachment":"scroll","background-type":"","background-media":"","overlay-type":"","overlay-color":"","overlay-opacity":"","overlay-gradient":""},"tablet":{"background-color":"","background-image":"","background-repeat":"repeat","background-position":"center center","background-size":"auto","background-attachment":"scroll","background-type":"","background-media":"","overlay-type":"","overlay-color":"","overlay-opacity":"","overlay-gradient":""},"mobile":{"background-color":"","background-image":"","background-repeat":"repeat","background-position":"center center","background-size":"auto","background-attachment":"scroll","background-type":"","background-media":"","overlay-type":"","overlay-color":"","overlay-opacity":"","overlay-gradient":""}},"ast-content-background-meta":{"desktop":{"background-color":"var(--ast-global-color-5)","background-image":"","background-repeat":"repeat","background-position":"center center","background-size":"auto","background-attachment":"scroll","background-type":"","background-media":"","overlay-type":"","overlay-color":"","overlay-opacity":"","overlay-gradient":""},"tablet":{"background-color":"var(--ast-global-color-5)","background-image":"","background-repeat":"repeat","background-position":"center center","background-size":"auto","background-attachment":"scroll","background-type":"","background-media":"","overlay-type":"","overlay-color":"","overlay-opacity":"","overlay-gradient":""},"mobile":{"background-color":"var(--ast-global-color-5)","background-image":"","background-repeat":"repeat","background-position":"center center","background-size":"auto","background-attachment":"scroll","background-type":"","background-media":"","overlay-type":"","overlay-color":"","overlay-opacity":"","overlay-gradient":""}},"footnotes":""},"class_list":["post-33360","page","type-page","status-publish","hentry"],"acf":[],"yoast_head":"<!-- This site is optimized with the Yoast SEO Premium plugin v27.1 (Yoast SEO v27.1.1) - https:\/\/yoast.com\/product\/yoast-seo-premium-wordpress\/ -->\n<title>Sulfato de Hierro para Plantas - Alquera.com<\/title>\n<meta name=\"description\" content=\"El hierro es uno de los micronutrientes que necesitan las plantas. Vamos a ver c\u00f3mo aplicar hierro a trav\u00e9s de sulfato de hierro.\" \/>\n<meta name=\"robots\" content=\"index, follow, max-snippet:-1, max-image-preview:large, max-video-preview:-1\" \/>\n<link rel=\"canonical\" href=\"https:\/\/www.alquera.com\/pt\/sulfato-de-hierro\/plantas\/\" \/>\n<meta property=\"og:locale\" content=\"pt_PT\" \/>\n<meta property=\"og:type\" content=\"article\" \/>\n<meta property=\"og:title\" content=\"Sulfato de Hierro para Plantas\" \/>\n<meta property=\"og:description\" content=\"El hierro es uno de los micronutrientes que necesitan las plantas. Vamos a ver c\u00f3mo aplicar hierro a trav\u00e9s de sulfato de hierro.\" \/>\n<meta property=\"og:url\" content=\"https:\/\/www.alquera.com\/pt\/sulfato-de-hierro\/plantas\/\" \/>\n<meta property=\"og:site_name\" content=\"Alquera.com\" \/>\n<meta property=\"article:publisher\" content=\"https:\/\/www.facebook.com\/alqueraciencia\" \/>\n<meta property=\"article:modified_time\" content=\"2026-02-23T14:42:28+00:00\" \/>\n<meta property=\"og:image\" content=\"https:\/\/www.alquera.com\/wp-content\/uploads\/2017\/09\/993-thickbox_default-Sulfato-de-Hierro-5Kg.jpg\" \/>\n\t<meta property=\"og:image:width\" content=\"800\" \/>\n\t<meta property=\"og:image:height\" content=\"800\" \/>\n\t<meta property=\"og:image:type\" content=\"image\/jpeg\" \/>\n<meta name=\"twitter:card\" content=\"summary_large_image\" \/>\n<meta name=\"twitter:label1\" content=\"Tempo estimado de leitura\" \/>\n\t<meta name=\"twitter:data1\" content=\"5 minutos\" \/>\n<script type=\"application\/ld+json\" class=\"yoast-schema-graph\">{\"@context\":\"https:\/\/schema.org\",\"@graph\":[{\"@type\":\"WebPage\",\"@id\":\"https:\/\/www.alquera.com\/sulfato-de-hierro\/plantas\/\",\"url\":\"https:\/\/www.alquera.com\/sulfato-de-hierro\/plantas\/\",\"name\":\"Sulfato de Hierro para Plantas - Alquera.com\",\"isPartOf\":{\"@id\":\"https:\/\/www.alquera.com\/en\/#website\"},\"primaryImageOfPage\":{\"@id\":\"https:\/\/www.alquera.com\/sulfato-de-hierro\/plantas\/#primaryimage\"},\"image\":{\"@id\":\"https:\/\/www.alquera.com\/sulfato-de-hierro\/plantas\/#primaryimage\"},\"thumbnailUrl\":\"https:\/\/www.alquera.com\/wp-content\/uploads\/2017\/09\/993-thickbox_default-Sulfato-de-Hierro-5Kg-300x300.jpg\",\"datePublished\":\"2021-03-17T13:18:29+00:00\",\"dateModified\":\"2026-02-23T14:42:28+00:00\",\"description\":\"El hierro es uno de los micronutrientes que necesitan las plantas. Vamos a ver c\u00f3mo aplicar hierro a trav\u00e9s de sulfato de hierro.\",\"breadcrumb\":{\"@id\":\"https:\/\/www.alquera.com\/sulfato-de-hierro\/plantas\/#breadcrumb\"},\"inLanguage\":\"pt-PT\",\"potentialAction\":[{\"@type\":\"ReadAction\",\"target\":[\"https:\/\/www.alquera.com\/sulfato-de-hierro\/plantas\/\"]}]},{\"@type\":\"ImageObject\",\"inLanguage\":\"pt-PT\",\"@id\":\"https:\/\/www.alquera.com\/sulfato-de-hierro\/plantas\/#primaryimage\",\"url\":\"https:\/\/www.alquera.com\/wp-content\/uploads\/2017\/09\/993-thickbox_default-Sulfato-de-Hierro-5Kg-300x300.jpg\",\"contentUrl\":\"https:\/\/www.alquera.com\/wp-content\/uploads\/2017\/09\/993-thickbox_default-Sulfato-de-Hierro-5Kg-300x300.jpg\"},{\"@type\":\"BreadcrumbList\",\"@id\":\"https:\/\/www.alquera.com\/sulfato-de-hierro\/plantas\/#breadcrumb\",\"itemListElement\":[{\"@type\":\"ListItem\",\"position\":1,\"name\":\"Inicio\",\"item\":\"https:\/\/www.alquera.com\/\"},{\"@type\":\"ListItem\",\"position\":2,\"name\":\"Sulfato de Hierro\",\"item\":\"https:\/\/www.alquera.com\/sulfato-de-hierro\/\"},{\"@type\":\"ListItem\",\"position\":3,\"name\":\"Sulfato de Hierro para Plantas\"}]},{\"@type\":\"WebSite\",\"@id\":\"https:\/\/www.alquera.com\/en\/#website\",\"url\":\"https:\/\/www.alquera.com\/en\/\",\"name\":\"Alquera.com\",\"description\":\"Tienda Online Productos Qu\u00edmicos y Material de Laboratorio\",\"publisher\":{\"@id\":\"https:\/\/www.alquera.com\/en\/#organization\"},\"potentialAction\":[{\"@type\":\"SearchAction\",\"target\":{\"@type\":\"EntryPoint\",\"urlTemplate\":\"https:\/\/www.alquera.com\/en\/?s={search_term_string}\"},\"query-input\":{\"@type\":\"PropertyValueSpecification\",\"valueRequired\":true,\"valueName\":\"search_term_string\"}}],\"inLanguage\":\"pt-PT\"},{\"@type\":\"Organization\",\"@id\":\"https:\/\/www.alquera.com\/en\/#organization\",\"name\":\"ALQUERA CIENCIA SL\",\"url\":\"https:\/\/www.alquera.com\/en\/\",\"logo\":{\"@type\":\"ImageObject\",\"inLanguage\":\"pt-PT\",\"@id\":\"https:\/\/www.alquera.com\/en\/#\/schema\/logo\/image\/\",\"url\":\"https:\/\/www.alquera.com\/wp-content\/uploads\/2020\/11\/logo_300_ancho.png\",\"contentUrl\":\"https:\/\/www.alquera.com\/wp-content\/uploads\/2020\/11\/logo_300_ancho.png\",\"width\":300,\"height\":86,\"caption\":\"ALQUERA CIENCIA SL\"},\"image\":{\"@id\":\"https:\/\/www.alquera.com\/en\/#\/schema\/logo\/image\/\"},\"sameAs\":[\"https:\/\/www.facebook.com\/alqueraciencia\",\"https:\/\/www.instagram.com\/alquera_ciencia\/\",\"https:\/\/www.youtube.com\/c\/alquera\"]}]}<\/script>\n<!-- \/ Yoast SEO Premium plugin. -->","yoast_head_json":{"title":"Sulfato de Ferro para Plantas - Alquera.com","description":"O ferro \u00e9 um dos micronutrientes que as plantas necessitam. Vamos ver como aplicar o ferro atrav\u00e9s do sulfato de ferro.","robots":{"index":"index","follow":"follow","max-snippet":"max-snippet:-1","max-image-preview":"max-image-preview:large","max-video-preview":"max-video-preview:-1"},"canonical":"https:\/\/www.alquera.com\/pt\/sulfato-de-hierro\/plantas\/","og_locale":"pt_PT","og_type":"article","og_title":"Sulfato de Hierro para Plantas","og_description":"El hierro es uno de los micronutrientes que necesitan las plantas. Vamos a ver c\u00f3mo aplicar hierro a trav\u00e9s de sulfato de hierro.","og_url":"https:\/\/www.alquera.com\/pt\/sulfato-de-hierro\/plantas\/","og_site_name":"Alquera.com","article_publisher":"https:\/\/www.facebook.com\/alqueraciencia","article_modified_time":"2026-02-23T14:42:28+00:00","og_image":[{"width":800,"height":800,"url":"https:\/\/www.alquera.com\/wp-content\/uploads\/2017\/09\/993-thickbox_default-Sulfato-de-Hierro-5Kg.jpg","type":"image\/jpeg"}],"twitter_card":"summary_large_image","twitter_misc":{"Tempo estimado de leitura":"5 minutos"},"schema":{"@context":"https:\/\/schema.org","@graph":[{"@type":"WebPage","@id":"https:\/\/www.alquera.com\/sulfato-de-hierro\/plantas\/","url":"https:\/\/www.alquera.com\/sulfato-de-hierro\/plantas\/","name":"Sulfato de Ferro para Plantas - Alquera.com","isPartOf":{"@id":"https:\/\/www.alquera.com\/en\/#website"},"primaryImageOfPage":{"@id":"https:\/\/www.alquera.com\/sulfato-de-hierro\/plantas\/#primaryimage"},"image":{"@id":"https:\/\/www.alquera.com\/sulfato-de-hierro\/plantas\/#primaryimage"},"thumbnailUrl":"https:\/\/www.alquera.com\/wp-content\/uploads\/2017\/09\/993-thickbox_default-Sulfato-de-Hierro-5Kg-300x300.jpg","datePublished":"2021-03-17T13:18:29+00:00","dateModified":"2026-02-23T14:42:28+00:00","description":"O ferro \u00e9 um dos micronutrientes que as plantas necessitam. Vamos ver como aplicar o ferro atrav\u00e9s do sulfato de ferro.","breadcrumb":{"@id":"https:\/\/www.alquera.com\/sulfato-de-hierro\/plantas\/#breadcrumb"},"inLanguage":"pt-PT","potentialAction":[{"@type":"ReadAction","target":["https:\/\/www.alquera.com\/sulfato-de-hierro\/plantas\/"]}]},{"@type":"ImageObject","inLanguage":"pt-PT","@id":"https:\/\/www.alquera.com\/sulfato-de-hierro\/plantas\/#primaryimage","url":"https:\/\/www.alquera.com\/wp-content\/uploads\/2017\/09\/993-thickbox_default-Sulfato-de-Hierro-5Kg-300x300.jpg","contentUrl":"https:\/\/www.alquera.com\/wp-content\/uploads\/2017\/09\/993-thickbox_default-Sulfato-de-Hierro-5Kg-300x300.jpg"},{"@type":"BreadcrumbList","@id":"https:\/\/www.alquera.com\/sulfato-de-hierro\/plantas\/#breadcrumb","itemListElement":[{"@type":"ListItem","position":1,"name":"Inicio","item":"https:\/\/www.alquera.com\/"},{"@type":"ListItem","position":2,"name":"Sulfato de Hierro","item":"https:\/\/www.alquera.com\/sulfato-de-hierro\/"},{"@type":"ListItem","position":3,"name":"Sulfato de Hierro para Plantas"}]},{"@type":"WebSite","@id":"https:\/\/www.alquera.com\/en\/#website","url":"https:\/\/www.alquera.com\/en\/","name":"Alquera.com","description":"Loja on-line de produtos qu\u00edmicos e equipamento de laborat\u00f3rio","publisher":{"@id":"https:\/\/www.alquera.com\/en\/#organization"},"potentialAction":[{"@type":"SearchAction","target":{"@type":"EntryPoint","urlTemplate":"https:\/\/www.alquera.com\/en\/?s={search_term_string}"},"query-input":{"@type":"PropertyValueSpecification","valueRequired":true,"valueName":"search_term_string"}}],"inLanguage":"pt-PT"},{"@type":"Organization","@id":"https:\/\/www.alquera.com\/en\/#organization","name":"ALQUERA CIENCIA SL","url":"https:\/\/www.alquera.com\/en\/","logo":{"@type":"ImageObject","inLanguage":"pt-PT","@id":"https:\/\/www.alquera.com\/en\/#\/schema\/logo\/image\/","url":"https:\/\/www.alquera.com\/wp-content\/uploads\/2020\/11\/logo_300_ancho.png","contentUrl":"https:\/\/www.alquera.com\/wp-content\/uploads\/2020\/11\/logo_300_ancho.png","width":300,"height":86,"caption":"ALQUERA CIENCIA SL"},"image":{"@id":"https:\/\/www.alquera.com\/en\/#\/schema\/logo\/image\/"},"sameAs":["https:\/\/www.facebook.com\/alqueraciencia","https:\/\/www.instagram.com\/alquera_ciencia\/","https:\/\/www.youtube.com\/c\/alquera"]}]}},"_links":{"self":[{"href":"https:\/\/www.alquera.com\/pt\/wp-json\/wp\/v2\/pages\/33360","targetHints":{"allow":["GET"]}}],"collection":[{"href":"https:\/\/www.alquera.com\/pt\/wp-json\/wp\/v2\/pages"}],"about":[{"href":"https:\/\/www.alquera.com\/pt\/wp-json\/wp\/v2\/types\/page"}],"author":[{"embeddable":true,"href":"https:\/\/www.alquera.com\/pt\/wp-json\/wp\/v2\/users\/1"}],"replies":[{"embeddable":true,"href":"https:\/\/www.alquera.com\/pt\/wp-json\/wp\/v2\/comments?post=33360"}],"version-history":[{"count":7,"href":"https:\/\/www.alquera.com\/pt\/wp-json\/wp\/v2\/pages\/33360\/revisions"}],"predecessor-version":[{"id":56858,"href":"https:\/\/www.alquera.com\/pt\/wp-json\/wp\/v2\/pages\/33360\/revisions\/56858"}],"up":[{"embeddable":true,"href":"https:\/\/www.alquera.com\/pt\/wp-json\/wp\/v2\/pages\/33351"}],"wp:attachment":[{"href":"https:\/\/www.alquera.com\/pt\/wp-json\/wp\/v2\/media?parent=33360"}],"curies":[{"name":"wp","href":"https:\/\/api.w.org\/{rel}","templated":true}]}}