{"id":35948,"date":"2021-11-14T12:58:59","date_gmt":"2021-11-14T12:58:59","guid":{"rendered":"https:\/\/www.alquera.com\/?page_id=35948"},"modified":"2025-06-13T07:23:40","modified_gmt":"2025-06-13T07:23:40","slug":"tubos-de-ensayo-de-vidrio","status":"publish","type":"page","link":"https:\/\/www.alquera.com\/pt\/tubos-de-ensayo-de-vidrio\/","title":{"rendered":"TUBOS DE TESTE"},"content":{"rendered":"<p>Comprar tubos de ensaio de vidro, seleccionando os tamanhos e o tipo de vidro mostrados abaixo. Pode comprar tubos de ensaio de vidro neutro, adequados para produtos que n\u00e3o se destinam a ser aquecidos directamente, mas que devem ter uma elevada resist\u00eancia mec\u00e2nica. Tamb\u00e9m tem tubos de ensaio feitos de vidro borossilicato LGB. Ver abaixo as suas caracter\u00edsticas.<\/p>\n\n\n\n<table class=\"tabletab\">\n<tbody>\n<tr class=\"tablelabtr\">\n<td colspan=\"8\"><span style=\"box-sizing: inherit;\">\n<div style=\"width: 20%; float: left\">\n<img decoding=\"async\"  src=\"https:\/\/www.alquera.com\/wp-content\/uploads\/2021\/11\/TUBOS-ENSAYO-VIDRIO-NEUTRO-1.png\" style=\"\"\/>\n<\/div>\n<div style =\"width: 75%; float: left; margin-left: 5%\">\n<span style=\"box-sizing: inherit;\"><h2>TUBOS DE ENSAIO DE VIDRO NEUTRO<\/h2><\/span><span style=\"box-sizing: inherit;\">Fabricado em vidro neutro LBG N. Sem aro\n<\/span>\n\n\n<p><a href=\"https:\/\/www.alquera.com\/wp-content\/uploads\/2021\/11\/PDS-418_TUBOS-DE-ENSAYO-VIDRIO-NEUTRO.pdf\" target=\"_blank\" rel=\"noopener\">Descarregar Ficha T\u00e9cnica<\/a><\/p><\/td>\n<\/div>\n<\/tr>\n<tr class=\"tablelabtr2\">\n\n<td class=\"tablelabtd\"><span style=\"box-sizing: inherit;\">capacidade<\/span><\/td>\n<td class=\"tablelabtd\">\u00d8 exterior (mm)<\/span><\/td>\n<td class=\"tablelabtd\">l (mm)<\/span><\/td>\n<td class=\"tablelabtd\"><span style=\"box-sizing: inherit;\">espessura (mm)<\/span><\/td>\n<td class=\"tablelabtd\"><span style=\"box-sizing: inherit;\">unidades<\/span><\/td>\n<td class=\"tablelabtd\"><span style=\"box-sizing: inherit;\">pre\u00e7o<\/span><\/td>\n<td class=\"tablelabtd\"><span style=\"box-sizing: inherit;\">stocks<\/span><\/td>\n<td class=\"tablelabtd\"><span style=\"box-sizing: inherit;\"><\/span><\/td>\n\n<\/tr>\n<tr style=\"height: 15.0pt;\">\n<td rowspan=\"2\" class=\"tablelabtd\">10 ml<\/td>\n<td rowspan=\"2\" class=\"tablelabtd\">16<\/td>\n<td rowspan=\"2\" class=\"tablelabtd\">100<\/td>\n<td rowspan=\"2\" class=\"tablelabtd\">1,0 &#8211; 1,2<\/td>\n<td class=\"tablelabtd\">10<\/span><\/td>\n<td class=\"tablelabtd\">2,90\u20ac<\/span><\/td>\n<td class=\"tablelabtd\" style=\"color: #7dbb16\">em stock<\/span><\/td>\n\n<td class=\"tablelabtd\"><a href=\"https:\/\/www.alquera.com\/pt\/carrito\/?add-to-cart=35921\">Adicionar ao carrinho<\/a><\/td>\n<\/tr>\n<tr style=\"height: 15.0pt;\">\n<td class=\"tablelabtd\">100<\/span><\/td>\n<td class=\"tablelabtd\">18,90\u20ac<\/span><\/td>\n<td class=\"tablelabtd\" style=\"color: #7dbb16\">em stock<\/span><\/td>\n<td class=\"tablelabtd\"><a href=\"https:\/\/www.alquera.com\/pt\/carrito\/?add-to-cart=35922\">Adicionar ao carrinho<\/a><\/td>\n<\/tr>\n<tr style=\"height: 15.0pt;\">\n<td rowspan=\"2\" class=\"tablelabtd\">19 ml<\/td>\n<td rowspan=\"2\" class=\"tablelabtd\">16<\/td>\n<td rowspan=\"2\" class=\"tablelabtd\">150<\/td>\n<td rowspan=\"2\" class=\"tablelabtd\">1,0 &#8211; 1,2<\/td>\n<td class=\"tablelabtd\">10<\/span><\/td>\n<td class=\"tablelabtd\">3,80\u20ac<\/span><\/td>\n<td class=\"tablelabtd\" style=\"color: #7dbb16\">em stock<\/span><\/td>\n\n<td class=\"tablelabtd\"><a href=\"https:\/\/www.alquera.com\/pt\/carrito\/?add-to-cart=35924\">Adicionar ao carrinho<\/a><\/td>\n<\/tr>\n<\/tr>\n<tr style=\"height: 15.0pt;\">\n<td class=\"tablelabtd\">100<\/span><\/td>\n<td class=\"tablelabtd\">22,90\u20ac<\/span><\/td>\n<td class=\"tablelabtd\" style=\"color: #7dbb16\">em stock<\/span><\/td>\n\n<td class=\"tablelabtd\"><a href=\"https:\/\/www.alquera.com\/pt\/carrito\/?add-to-cart=35923\">Adicionar ao carrinho<\/a><\/td>\n<\/tr>\n<tr style=\"height: 14.5pt;\">\n<td rowspan=\"2\" class=\"tablelabtd\">43 ml<\/td>\n<td rowspan=\"2\" class=\"tablelabtd\">20<\/td>\n<td rowspan=\"2\" class=\"tablelabtd\">200<\/td>\n<td rowspan=\"2\" class=\"tablelabtd\">1,0 &#8211; 1,2<\/td>\n<td class=\"tablelabtd\"><span style=\"box-sizing: inherit;\">10<\/span><\/td>\n<td class=\"tablelabtd\">4,8\u20ac<\/span><\/td>\n<td class=\"tablelabtd\" style=\"color: #7dbb16\">em stock<\/span><\/td>\n\n<td class=\"tablelabtd\"><a href=\"https:\/\/www.alquera.com\/pt\/carrito\/?add-to-cart=35926\">Adicionar ao carrinho<\/a><\/td>\n<\/tr>\n<tr style=\"height: 14.5pt;\">\n<td class=\"tablelabtd\"><span style=\"box-sizing: inherit;\">100<\/span><\/td>\n<td class=\"tablelabtd\">30,25\u20ac<\/span><\/td>\n<td class=\"tablelabtd\" style=\"color: #7dbb16\">em stock<\/span><\/td>\n\n<td class=\"tablelabtd\"><a href=\"https:\/\/www.alquera.com\/pt\/carrito\/?add-to-cart=35925\">Adicionar ao carrinho<\/a><\/td>\n<\/tr>\n<\/tbody>\n<\/table><\/p>\n\n\n\n<table class=\"tabletab\">\n<tbody>\n<tr class=\"tablelabtr\">\n<td colspan=\"8\"><span style=\"box-sizing: inherit;\">\n<div style=\"width: 20%; float: left\">\n<img decoding=\"async\"  src=\"https:\/\/www.alquera.com\/wp-content\/uploads\/2021\/11\/TUBOS-ENSAYO-VIDRIO-NEUTRO-1.png\" style=\"\"\/>\n<\/div>\n<div style =\"width: 75%; float: left; margin-left: 5%\">\n<span style=\"box-sizing: inherit;\"><h2>TUBOS DE ENSAIO DE BOROSILICATO DE VIDRO LGB 3.3<\/h2><\/span><span style=\"box-sizing: inherit;\">Feito de vidro borossilicatado LBG 3.3. Sem flange\n<\/span>\n\n<p><a href=\"https:\/\/www.alquera.com\/wp-content\/uploads\/2021\/11\/PDS-418_TUBOS-DE-ENSAYO-VIDRIO-BOROSILICATO.pdf\" target=\"_blank\" rel=\"noopener\">Descarregar Ficha T\u00e9cnica<\/a><\/p><\/td>\n<\/div>\n<\/tr>\n<tr class=\"tablelabtr2\">\n\n<td class=\"tablelabtd\"><span style=\"box-sizing: inherit;\">capacidade<\/span><\/td>\n<td class=\"tablelabtd\">\u00d8 exterior (mm)<\/span><\/td>\n<td class=\"tablelabtd\">l (mm)<\/span><\/td>\n<td class=\"tablelabtd\"><span style=\"box-sizing: inherit;\">espessura (mm)<\/span><\/td>\n<td class=\"tablelabtd\"><span style=\"box-sizing: inherit;\">unidades<\/span><\/td>\n<td class=\"tablelabtd\"><span style=\"box-sizing: inherit;\">pre\u00e7o<\/span><\/td>\n<td class=\"tablelabtd\"><span style=\"box-sizing: inherit;\">stocks<\/span><\/td>\n<td class=\"tablelabtd\"><span style=\"box-sizing: inherit;\"><\/span><\/td>\n\n<\/tr>\n<tr style=\"height: 15.0pt;\">\n<td rowspan=\"2\" class=\"tablelabtd\">7 ml<\/td>\n<td rowspan=\"2\" class=\"tablelabtd\">12<\/td>\n<td rowspan=\"2\" class=\"tablelabtd\">100<\/td>\n<td rowspan=\"2\" class=\"tablelabtd\">1,0 &#8211; 1,2<\/td>\n<td class=\"tablelabtd\">10<\/span><\/td>\n<td class=\"tablelabtd\">2,90\u20ac<\/span><\/td>\n<td class=\"tablelabtd\" style=\"color: #7dbb16\">em stock<\/span><\/td>\n\n<td class=\"tablelabtd\"><a href=\"https:\/\/www.alquera.com\/pt\/carrito\/?add-to-cart=35935\">Adicionar ao carrinho<\/a><\/td>\n<\/tr>\n<tr style=\"height: 15.0pt;\">\n<td class=\"tablelabtd\">250<\/span><\/td>\n<td class=\"tablelabtd\">29,90\u20ac<\/span><\/td>\n<td class=\"tablelabtd\" style=\"color: #7dbb16\">em stock<\/span><\/td>\n<td class=\"tablelabtd\"><a href=\"https:\/\/www.alquera.com\/pt\/carrito\/?add-to-cart=35936\">Adicionar ao carrinho<\/a><\/td>\n<\/tr>\n<tr style=\"height: 15.0pt;\">\n<td rowspan=\"2\" class=\"tablelabtd\">10 ml<\/td>\n<td rowspan=\"2\" class=\"tablelabtd\">16<\/td>\n<td rowspan=\"2\" class=\"tablelabtd\">100<\/td>\n<td rowspan=\"2\" class=\"tablelabtd\">1,0 &#8211; 1,2<\/td>\n<td class=\"tablelabtd\">10<\/span><\/td>\n<td class=\"tablelabtd\">2,9\u20ac<\/span><\/td>\n<td class=\"tablelabtd\" style=\"color: #7dbb16\">em stock<\/span><\/td>\n\n<td class=\"tablelabtd\"><a href=\"https:\/\/www.alquera.com\/pt\/carrito\/?add-to-cart=35937\">Adicionar ao carrinho<\/a><\/td>\n<\/tr>\n<\/tr>\n<tr style=\"height: 15.0pt;\">\n<td class=\"tablelabtd\">250<\/span><\/td>\n<td class=\"tablelabtd\">38,90\u20ac<\/span><\/td>\n<td class=\"tablelabtd\" style=\"color: #7dbb16\">em stock<\/span><\/td>\n\n<td class=\"tablelabtd\"><a href=\"https:\/\/www.alquera.com\/pt\/carrito\/?add-to-cart=35938\">Adicionar ao carrinho<\/a><\/td>\n<\/tr>\n<tr style=\"height: 14.5pt;\">\n<td rowspan=\"2\" class=\"tablelabtd\">19 ml<\/td>\n<td rowspan=\"2\" class=\"tablelabtd\">16<\/td>\n<td rowspan=\"2\" class=\"tablelabtd\">150<\/td>\n<td rowspan=\"2\" class=\"tablelabtd\">1,0 &#8211; 1,2<\/td>\n<td class=\"tablelabtd\"><span style=\"box-sizing: inherit;\">10<\/span><\/td>\n<td class=\"tablelabtd\">3,9\u20ac<\/span><\/td>\n<td class=\"tablelabtd\" style=\"color: #7dbb16\">em stock<\/span><\/td>\n\n<td class=\"tablelabtd\"><a href=\"https:\/\/www.alquera.com\/pt\/carrito\/?add-to-cart=35939\">Adicionar ao carrinho<\/a><\/td>\n<\/tr>\n<tr style=\"height: 14.5pt;\">\n<td class=\"tablelabtd\"><span style=\"box-sizing: inherit;\">250<\/span><\/td>\n<td class=\"tablelabtd\">50,82\u20ac<\/span><\/td>\n<td class=\"tablelabtd\" style=\"color: #7dbb16\">em stock<\/span><\/td>\n\n<td class=\"tablelabtd\"><a href=\"https:\/\/www.alquera.com\/pt\/carrito\/?add-to-cart=35940\">Adicionar ao carrinho<\/a><\/td>\n<\/tr>\n<\/tbody>\n<\/table><\/p>\n\n\n<h2>VIDRO NEUTRAL<\/h2>\n<p>LBG N \u00e9 um vidro borossilicato neutro com alta resist\u00eancia qu\u00edmica. O seu coeficiente de expans\u00e3o<br \/>a m\u00e9dia linear \u00e9 de 8,0-10-6 K-1. \u00c9 utilizado em produtos que n\u00e3o se destinam a ser aquecidos directamente mas que devem ter uma elevada resist\u00eancia mec\u00e2nica (argamassas, dessecadores, frascos de Kitasate...) e em alguns materiais volum\u00e9tricos (por exemplo, pipetas, buretas...).<\/p>\n<h2>VIDRO DE BOROSSILICATO<\/h2>\n<p>LBG 3.3 \u00e9 um vidro borosilicato com um teor m\u00ednimo de s\u00edlica de 80% e um coeficiente de expans\u00e3o muito baixo (3,3-10-6 K-1) que pertence ao grupo dos borosilicatos \"3,3\" tal como definido na norma ISO 3585. \u00c9 utilizado em produtos onde a resist\u00eancia qu\u00edmica, a resist\u00eancia mec\u00e2nica e a resist\u00eancia a mudan\u00e7as bruscas de temperatura devem ser combinadas, e devido a esta combina\u00e7\u00e3o \u00fanica de propriedades, \u00e9 o tipo de vidro de refer\u00eancia a partir do qual a maioria dos produtos de laborat\u00f3rio s\u00e3o fabricados.<br \/>PROPRIEDADES<br \/>Coeficiente de expans\u00e3o linear (@ 20\/300 \u00baC): 3,3-10-6 K-1<br \/>Temperatura de recozimento (Ponto de deforma\u00e7\u00e3o): 520 \u00b0C<br \/>Temperatura do ponto de recozimento: 560 \u00b1 10 \u00b0C<br \/>Temperatura de amolecimento (ponto de amolecimento): 820 \u00b1 10 \u00b0C<br \/>Densidade: 2,23 \u00b1 0,02 g\/cm\u00b3<br \/>Resist\u00eancia hidrol\u00edtica (de acordo com ISO 719, \u00e1gua a 98 \u00baC): Classe 1<br \/>Resist\u00eancia hidrol\u00edtica (de acordo com ISO 720, \u00e1gua a 121 \u00baC): Classe 1<br \/>Resist\u00eancia aos \u00e1cidos (de acordo com a norma ISO 1776): Classe 1<br \/>Resist\u00eancia aos \u00e1lcalis (de acordo com a norma ISO 695): Classe 2<br \/>COMPOSI\u00c7\u00c3O T\u00cdPICA<br \/>80,4% por peso SiO2<br \/>13,0% por peso B2O3<br \/>4,2% wt\/wt Na2O<br \/>2,4% por peso Al2O3<\/p>","protected":false},"excerpt":{"rendered":"<p>Comprar tubos de ensayo de vidrio, seleccionando las medidas y tipo de vidrio que te mostramos a continuaci\u00f3n. Puedes comprar tubos de ensayo de vidrio neutro, adecuados para productos que no est\u00e1n destinados a ser calentados directamente pero encambio han de tener gran resistencia mec\u00e1nica. Tambi\u00e9n tienes tubos de ensayo de vidrio borosilicato LGB. Puedes [&hellip;]<\/p>\n","protected":false},"author":1,"featured_media":0,"parent":0,"menu_order":0,"comment_status":"closed","ping_status":"closed","template":"","meta":{"_acf_changed":false,"site-sidebar-layout":"left-sidebar","site-content-layout":"default","ast-site-content-layout":"default","site-content-style":"default","site-sidebar-style":"default","ast-global-header-display":"","ast-banner-title-visibility":"","ast-main-header-display":"","ast-hfb-above-header-display":"","ast-hfb-below-header-display":"","ast-hfb-mobile-header-display":"","site-post-title":"","ast-breadcrumbs-content":"","ast-featured-img":"","footer-sml-layout":"","ast-disable-related-posts":"","theme-transparent-header-meta":"default","adv-header-id-meta":"","stick-header-meta":"default","header-above-stick-meta":"","header-main-stick-meta":"","header-below-stick-meta":"","astra-migrate-meta-layouts":"set","ast-page-background-enabled":"default","ast-page-background-meta":{"desktop":{"background-color":"var(--ast-global-color-4)","background-image":"","background-repeat":"repeat","background-position":"center center","background-size":"auto","background-attachment":"scroll","background-type":"","background-media":"","overlay-type":"","overlay-color":"","overlay-opacity":"","overlay-gradient":""},"tablet":{"background-color":"","background-image":"","background-repeat":"repeat","background-position":"center center","background-size":"auto","background-attachment":"scroll","background-type":"","background-media":"","overlay-type":"","overlay-color":"","overlay-opacity":"","overlay-gradient":""},"mobile":{"background-color":"","background-image":"","background-repeat":"repeat","background-position":"center center","background-size":"auto","background-attachment":"scroll","background-type":"","background-media":"","overlay-type":"","overlay-color":"","overlay-opacity":"","overlay-gradient":""}},"ast-content-background-meta":{"desktop":{"background-color":"var(--ast-global-color-5)","background-image":"","background-repeat":"repeat","background-position":"center center","background-size":"auto","background-attachment":"scroll","background-type":"","background-media":"","overlay-type":"","overlay-color":"","overlay-opacity":"","overlay-gradient":""},"tablet":{"background-color":"var(--ast-global-color-5)","background-image":"","background-repeat":"repeat","background-position":"center center","background-size":"auto","background-attachment":"scroll","background-type":"","background-media":"","overlay-type":"","overlay-color":"","overlay-opacity":"","overlay-gradient":""},"mobile":{"background-color":"var(--ast-global-color-5)","background-image":"","background-repeat":"repeat","background-position":"center center","background-size":"auto","background-attachment":"scroll","background-type":"","background-media":"","overlay-type":"","overlay-color":"","overlay-opacity":"","overlay-gradient":""}},"footnotes":""},"class_list":["post-35948","page","type-page","status-publish","hentry"],"acf":[],"yoast_head":"<!-- This site is optimized with the Yoast SEO Premium plugin v27.1 (Yoast SEO v27.1.1) - https:\/\/yoast.com\/product\/yoast-seo-premium-wordpress\/ -->\n<title>TUBOS DE ENSAYO - Alquera.com<\/title>\n<meta name=\"robots\" content=\"index, follow, max-snippet:-1, max-image-preview:large, max-video-preview:-1\" \/>\n<link rel=\"canonical\" href=\"https:\/\/www.alquera.com\/pt\/tubos-de-ensayo-de-vidrio\/\" \/>\n<meta property=\"og:locale\" content=\"pt_PT\" \/>\n<meta property=\"og:type\" content=\"article\" \/>\n<meta property=\"og:title\" content=\"TUBOS DE ENSAYO\" \/>\n<meta property=\"og:description\" content=\"Comprar tubos de ensayo de vidrio, seleccionando las medidas y tipo de vidrio que te mostramos a continuaci\u00f3n. Puedes comprar tubos de ensayo de vidrio neutro, adecuados para productos que no est\u00e1n destinados a ser calentados directamente pero encambio han de tener gran resistencia mec\u00e1nica. Tambi\u00e9n tienes tubos de ensayo de vidrio borosilicato LGB. Puedes [&hellip;]\" \/>\n<meta property=\"og:url\" content=\"https:\/\/www.alquera.com\/pt\/tubos-de-ensayo-de-vidrio\/\" \/>\n<meta property=\"og:site_name\" content=\"Alquera.com\" \/>\n<meta property=\"article:publisher\" content=\"https:\/\/www.facebook.com\/alqueraciencia\" \/>\n<meta property=\"article:modified_time\" content=\"2025-06-13T07:23:40+00:00\" \/>\n<meta property=\"og:image\" content=\"https:\/\/www.alquera.com\/wp-content\/uploads\/2021\/11\/TUBOS-ENSAYO-VIDRIO-NEUTRO-1.png\" \/>\n<meta name=\"twitter:card\" content=\"summary_large_image\" \/>\n<meta name=\"twitter:label1\" content=\"Tempo estimado de leitura\" \/>\n\t<meta name=\"twitter:data1\" content=\"3 minutos\" \/>\n<script type=\"application\/ld+json\" class=\"yoast-schema-graph\">{\"@context\":\"https:\/\/schema.org\",\"@graph\":[{\"@type\":\"WebPage\",\"@id\":\"https:\/\/www.alquera.com\/tubos-de-ensayo-de-vidrio\/\",\"url\":\"https:\/\/www.alquera.com\/tubos-de-ensayo-de-vidrio\/\",\"name\":\"TUBOS DE ENSAYO - Alquera.com\",\"isPartOf\":{\"@id\":\"https:\/\/www.alquera.com\/en\/#website\"},\"primaryImageOfPage\":{\"@id\":\"https:\/\/www.alquera.com\/tubos-de-ensayo-de-vidrio\/#primaryimage\"},\"image\":{\"@id\":\"https:\/\/www.alquera.com\/tubos-de-ensayo-de-vidrio\/#primaryimage\"},\"thumbnailUrl\":\"https:\/\/www.alquera.com\/wp-content\/uploads\/2021\/11\/TUBOS-ENSAYO-VIDRIO-NEUTRO-1.png\",\"datePublished\":\"2021-11-14T12:58:59+00:00\",\"dateModified\":\"2025-06-13T07:23:40+00:00\",\"breadcrumb\":{\"@id\":\"https:\/\/www.alquera.com\/tubos-de-ensayo-de-vidrio\/#breadcrumb\"},\"inLanguage\":\"pt-PT\",\"potentialAction\":[{\"@type\":\"ReadAction\",\"target\":[\"https:\/\/www.alquera.com\/tubos-de-ensayo-de-vidrio\/\"]}]},{\"@type\":\"ImageObject\",\"inLanguage\":\"pt-PT\",\"@id\":\"https:\/\/www.alquera.com\/tubos-de-ensayo-de-vidrio\/#primaryimage\",\"url\":\"https:\/\/www.alquera.com\/wp-content\/uploads\/2021\/11\/TUBOS-ENSAYO-VIDRIO-NEUTRO-1.png\",\"contentUrl\":\"https:\/\/www.alquera.com\/wp-content\/uploads\/2021\/11\/TUBOS-ENSAYO-VIDRIO-NEUTRO-1.png\"},{\"@type\":\"BreadcrumbList\",\"@id\":\"https:\/\/www.alquera.com\/tubos-de-ensayo-de-vidrio\/#breadcrumb\",\"itemListElement\":[{\"@type\":\"ListItem\",\"position\":1,\"name\":\"Inicio\",\"item\":\"https:\/\/www.alquera.com\/\"},{\"@type\":\"ListItem\",\"position\":2,\"name\":\"TUBOS DE ENSAYO\"}]},{\"@type\":\"WebSite\",\"@id\":\"https:\/\/www.alquera.com\/en\/#website\",\"url\":\"https:\/\/www.alquera.com\/en\/\",\"name\":\"Alquera.com\",\"description\":\"Tienda Online Productos Qu\u00edmicos y Material de Laboratorio\",\"publisher\":{\"@id\":\"https:\/\/www.alquera.com\/en\/#organization\"},\"potentialAction\":[{\"@type\":\"SearchAction\",\"target\":{\"@type\":\"EntryPoint\",\"urlTemplate\":\"https:\/\/www.alquera.com\/en\/?s={search_term_string}\"},\"query-input\":{\"@type\":\"PropertyValueSpecification\",\"valueRequired\":true,\"valueName\":\"search_term_string\"}}],\"inLanguage\":\"pt-PT\"},{\"@type\":\"Organization\",\"@id\":\"https:\/\/www.alquera.com\/en\/#organization\",\"name\":\"ALQUERA CIENCIA SL\",\"url\":\"https:\/\/www.alquera.com\/en\/\",\"logo\":{\"@type\":\"ImageObject\",\"inLanguage\":\"pt-PT\",\"@id\":\"https:\/\/www.alquera.com\/en\/#\/schema\/logo\/image\/\",\"url\":\"https:\/\/www.alquera.com\/wp-content\/uploads\/2020\/11\/logo_300_ancho.png\",\"contentUrl\":\"https:\/\/www.alquera.com\/wp-content\/uploads\/2020\/11\/logo_300_ancho.png\",\"width\":300,\"height\":86,\"caption\":\"ALQUERA CIENCIA SL\"},\"image\":{\"@id\":\"https:\/\/www.alquera.com\/en\/#\/schema\/logo\/image\/\"},\"sameAs\":[\"https:\/\/www.facebook.com\/alqueraciencia\",\"https:\/\/www.instagram.com\/alquera_ciencia\/\",\"https:\/\/www.youtube.com\/c\/alquera\"]}]}<\/script>\n<!-- \/ Yoast SEO Premium plugin. -->","yoast_head_json":{"title":"TESTE TUBES - Alquera.com","robots":{"index":"index","follow":"follow","max-snippet":"max-snippet:-1","max-image-preview":"max-image-preview:large","max-video-preview":"max-video-preview:-1"},"canonical":"https:\/\/www.alquera.com\/pt\/tubos-de-ensayo-de-vidrio\/","og_locale":"pt_PT","og_type":"article","og_title":"TUBOS DE ENSAYO","og_description":"Comprar tubos de ensayo de vidrio, seleccionando las medidas y tipo de vidrio que te mostramos a continuaci\u00f3n. Puedes comprar tubos de ensayo de vidrio neutro, adecuados para productos que no est\u00e1n destinados a ser calentados directamente pero encambio han de tener gran resistencia mec\u00e1nica. Tambi\u00e9n tienes tubos de ensayo de vidrio borosilicato LGB. Puedes [&hellip;]","og_url":"https:\/\/www.alquera.com\/pt\/tubos-de-ensayo-de-vidrio\/","og_site_name":"Alquera.com","article_publisher":"https:\/\/www.facebook.com\/alqueraciencia","article_modified_time":"2025-06-13T07:23:40+00:00","og_image":[{"url":"https:\/\/www.alquera.com\/wp-content\/uploads\/2021\/11\/TUBOS-ENSAYO-VIDRIO-NEUTRO-1.png","type":"","width":"","height":""}],"twitter_card":"summary_large_image","twitter_misc":{"Tempo estimado de leitura":"3 minutos"},"schema":{"@context":"https:\/\/schema.org","@graph":[{"@type":"WebPage","@id":"https:\/\/www.alquera.com\/tubos-de-ensayo-de-vidrio\/","url":"https:\/\/www.alquera.com\/tubos-de-ensayo-de-vidrio\/","name":"TESTE TUBES - Alquera.com","isPartOf":{"@id":"https:\/\/www.alquera.com\/en\/#website"},"primaryImageOfPage":{"@id":"https:\/\/www.alquera.com\/tubos-de-ensayo-de-vidrio\/#primaryimage"},"image":{"@id":"https:\/\/www.alquera.com\/tubos-de-ensayo-de-vidrio\/#primaryimage"},"thumbnailUrl":"https:\/\/www.alquera.com\/wp-content\/uploads\/2021\/11\/TUBOS-ENSAYO-VIDRIO-NEUTRO-1.png","datePublished":"2021-11-14T12:58:59+00:00","dateModified":"2025-06-13T07:23:40+00:00","breadcrumb":{"@id":"https:\/\/www.alquera.com\/tubos-de-ensayo-de-vidrio\/#breadcrumb"},"inLanguage":"pt-PT","potentialAction":[{"@type":"ReadAction","target":["https:\/\/www.alquera.com\/tubos-de-ensayo-de-vidrio\/"]}]},{"@type":"ImageObject","inLanguage":"pt-PT","@id":"https:\/\/www.alquera.com\/tubos-de-ensayo-de-vidrio\/#primaryimage","url":"https:\/\/www.alquera.com\/wp-content\/uploads\/2021\/11\/TUBOS-ENSAYO-VIDRIO-NEUTRO-1.png","contentUrl":"https:\/\/www.alquera.com\/wp-content\/uploads\/2021\/11\/TUBOS-ENSAYO-VIDRIO-NEUTRO-1.png"},{"@type":"BreadcrumbList","@id":"https:\/\/www.alquera.com\/tubos-de-ensayo-de-vidrio\/#breadcrumb","itemListElement":[{"@type":"ListItem","position":1,"name":"Inicio","item":"https:\/\/www.alquera.com\/"},{"@type":"ListItem","position":2,"name":"TUBOS DE ENSAYO"}]},{"@type":"WebSite","@id":"https:\/\/www.alquera.com\/en\/#website","url":"https:\/\/www.alquera.com\/en\/","name":"Alquera.com","description":"Loja on-line de produtos qu\u00edmicos e equipamento de laborat\u00f3rio","publisher":{"@id":"https:\/\/www.alquera.com\/en\/#organization"},"potentialAction":[{"@type":"SearchAction","target":{"@type":"EntryPoint","urlTemplate":"https:\/\/www.alquera.com\/en\/?s={search_term_string}"},"query-input":{"@type":"PropertyValueSpecification","valueRequired":true,"valueName":"search_term_string"}}],"inLanguage":"pt-PT"},{"@type":"Organization","@id":"https:\/\/www.alquera.com\/en\/#organization","name":"ALQUERA CIENCIA SL","url":"https:\/\/www.alquera.com\/en\/","logo":{"@type":"ImageObject","inLanguage":"pt-PT","@id":"https:\/\/www.alquera.com\/en\/#\/schema\/logo\/image\/","url":"https:\/\/www.alquera.com\/wp-content\/uploads\/2020\/11\/logo_300_ancho.png","contentUrl":"https:\/\/www.alquera.com\/wp-content\/uploads\/2020\/11\/logo_300_ancho.png","width":300,"height":86,"caption":"ALQUERA CIENCIA SL"},"image":{"@id":"https:\/\/www.alquera.com\/en\/#\/schema\/logo\/image\/"},"sameAs":["https:\/\/www.facebook.com\/alqueraciencia","https:\/\/www.instagram.com\/alquera_ciencia\/","https:\/\/www.youtube.com\/c\/alquera"]}]}},"_links":{"self":[{"href":"https:\/\/www.alquera.com\/pt\/wp-json\/wp\/v2\/pages\/35948","targetHints":{"allow":["GET"]}}],"collection":[{"href":"https:\/\/www.alquera.com\/pt\/wp-json\/wp\/v2\/pages"}],"about":[{"href":"https:\/\/www.alquera.com\/pt\/wp-json\/wp\/v2\/types\/page"}],"author":[{"embeddable":true,"href":"https:\/\/www.alquera.com\/pt\/wp-json\/wp\/v2\/users\/1"}],"replies":[{"embeddable":true,"href":"https:\/\/www.alquera.com\/pt\/wp-json\/wp\/v2\/comments?post=35948"}],"version-history":[{"count":62,"href":"https:\/\/www.alquera.com\/pt\/wp-json\/wp\/v2\/pages\/35948\/revisions"}],"predecessor-version":[{"id":53509,"href":"https:\/\/www.alquera.com\/pt\/wp-json\/wp\/v2\/pages\/35948\/revisions\/53509"}],"wp:attachment":[{"href":"https:\/\/www.alquera.com\/pt\/wp-json\/wp\/v2\/media?parent=35948"}],"curies":[{"name":"wp","href":"https:\/\/api.w.org\/{rel}","templated":true}]}}