{"id":37460,"date":"2022-03-29T08:49:13","date_gmt":"2022-03-29T08:49:13","guid":{"rendered":"https:\/\/www.alquera.com\/?page_id=37460"},"modified":"2022-09-29T10:22:14","modified_gmt":"2022-09-29T10:22:14","slug":"reactivos-laboratorio-lista","status":"publish","type":"page","link":"https:\/\/www.alquera.com\/pt\/reactivos-laboratorio-lista\/","title":{"rendered":"Reagentes de laborat\u00f3rio"},"content":{"rendered":"<p>Somos distribuidores de <strong>qu\u00edmicos para an\u00e1lises laboratoriais: LABBOX e PANREAC<\/strong>. O cat\u00e1logo de produtos, formatos e pre\u00e7os s\u00e3o os indicados pelo fabricante. Para <strong>fazer uma encomenda<\/strong>&nbsp; enviar-nos um e-mail indicando: CAS, NOME DO PRODUTO, QUANTIDADE (estes dados ser\u00e3o retirados do cat\u00e1logo\/web do fabricante), bem como os seus dados de expedi\u00e7\u00e3o e factura\u00e7\u00e3o.  Os envios s\u00e3o efectuados no prazo de 15 dias ap\u00f3s a recep\u00e7\u00e3o da confirma\u00e7\u00e3o da encomenda.<\/p>\n<div>\n<div style=\"width: 40%; float: left;\">\n<p><img loading=\"lazy\" decoding=\"async\" class=\"alignnone size-medium wp-image-39273\" src=\"https:\/\/www.alquera.com\/wp-content\/uploads\/2022\/09\/Logo-Labbox-300x162.jpg\" alt=\"cat\u00e1logo labbox\" width=\"300\" height=\"162\" srcset=\"https:\/\/www.alquera.com\/wp-content\/uploads\/2022\/09\/Logo-Labbox-300x162.jpg 300w, https:\/\/www.alquera.com\/wp-content\/uploads\/2022\/09\/Logo-Labbox-18x10.jpg 18w, https:\/\/www.alquera.com\/wp-content\/uploads\/2022\/09\/Logo-Labbox.jpg 482w\" sizes=\"auto, (max-width: 300px) 100vw, 300px\" \/><\/p>\n<div style=\"margin-left: 5%;\"><a style=\"color: white; background: #7dbb16; padding: 10px; border-radius: 3px; text-decoration: none;\" href=\"https:\/\/www.alquera.com\/wp-content\/uploads\/2022\/09\/CATALOGO-LABBOX-2022.pdf\" target=\"_blank\" rel=\"noopener\">Descarregar Cat\u00e1logo<\/a><a style=\"color: white; background: #0274be; padding: 10px; border-radius: 3px; text-decoration: none; margin-left: 5%;\" href=\"https:\/\/ies.labbox.com\/categoria\/productos-quimicos\/reactivos-y-productos-quimicos\/\" target=\"_blank\" rel=\"noopener\">Ir para Labbox<\/a><\/div>\n<\/div>\n<div style=\"width: 40%; float: left; margin-left: 5%;\"><img loading=\"lazy\" decoding=\"async\" class=\"alignnone size-medium wp-image-39272\" src=\"https:\/\/www.alquera.com\/wp-content\/uploads\/2022\/09\/LOGO-PANREAC-300x162.png\" alt=\"cat\u00e1logo panreac\" width=\"300\" height=\"162\" srcset=\"https:\/\/www.alquera.com\/wp-content\/uploads\/2022\/09\/LOGO-PANREAC-300x162.png 300w, https:\/\/www.alquera.com\/wp-content\/uploads\/2022\/09\/LOGO-PANREAC-18x10.png 18w, https:\/\/www.alquera.com\/wp-content\/uploads\/2022\/09\/LOGO-PANREAC.png 482w\" sizes=\"auto, (max-width: 300px) 100vw, 300px\" \/><p><\/p>\n<div style=\"margin-left: 5%;\">\n<p><a style=\"color: white; background: #7dbb16; padding: 10px; border-radius: 3px; text-decoration: none;\" href=\"https:\/\/www.alquera.com\/wp-content\/uploads\/2022\/09\/CATALOGO-PANREAC-2022.pdf\" target=\"_blank\" rel=\"noopener\">Descarregar Cat\u00e1logo<\/a><a style=\"color: white; background: #0274be; padding: 10px; border-radius: 3px; text-decoration: none; margin-left: 5%;\" href=\"https:\/\/www.itwreagents.com\/iberia\/es\/home\" target=\"_blank\" rel=\"noopener\">Ir para Panreac<\/a><\/p>\n<\/div>\n<\/div>\n<\/div>\n<div class=\"clear\">&nbsp;<\/div>\n<h2 style=\"margin-top: 40px; text-align: center;\">COMO ENCOMENDAR<\/h2>\n<p>Para <strong>fazer uma encomenda<\/strong>&nbsp; envie-nos um e-mail para info@alquera.com indicando os produtos de que necessita: CAS, PRODUCT NAME, QUANTITY. Estes dados ser\u00e3o retirados do website\/cat\u00e1logo do fabricante. Envie-nos tamb\u00e9m os seus dados de expedi\u00e7\u00e3o e factura\u00e7\u00e3o. Pode encomendar produtos de 1 ou v\u00e1rios fabricantes.<\/p>\n<p>Enviar-lhe-emos um proforma para pagamento por transfer\u00eancia banc\u00e1ria. As entregas s\u00e3o feitas no prazo de 15 dias ap\u00f3s a recep\u00e7\u00e3o da confirma\u00e7\u00e3o da encomenda.<\/p>\n\n\n<p><\/p>","protected":false},"excerpt":{"rendered":"<p>Somos distribuidores de productos qu\u00edmicos para an\u00e1lisis en laboratorio: LABBOX y PANREAC. El cat\u00e1logo de productos, formatos y precios son los indicados por el fabricante. Para realizar un pedido&nbsp; env\u00edanos un e-mail indicando: CAS, NOMBRE PRODUCTO, CANTIDAD (estos datos se coger\u00e1n del cat\u00e1logo\/web del fabricante) as\u00ed como tus datos de env\u00edo y facturaci\u00f3n.&nbsp; Los env\u00edos [&hellip;]<\/p>\n","protected":false},"author":1,"featured_media":0,"parent":0,"menu_order":0,"comment_status":"closed","ping_status":"closed","template":"","meta":{"_acf_changed":false,"site-sidebar-layout":"default","site-content-layout":"default","ast-site-content-layout":"default","site-content-style":"default","site-sidebar-style":"default","ast-global-header-display":"","ast-banner-title-visibility":"","ast-main-header-display":"","ast-hfb-above-header-display":"","ast-hfb-below-header-display":"","ast-hfb-mobile-header-display":"","site-post-title":"","ast-breadcrumbs-content":"","ast-featured-img":"","footer-sml-layout":"","ast-disable-related-posts":"","theme-transparent-header-meta":"default","adv-header-id-meta":"","stick-header-meta":"default","header-above-stick-meta":"","header-main-stick-meta":"","header-below-stick-meta":"","astra-migrate-meta-layouts":"default","ast-page-background-enabled":"default","ast-page-background-meta":{"desktop":{"background-color":"var(--ast-global-color-4)","background-image":"","background-repeat":"repeat","background-position":"center center","background-size":"auto","background-attachment":"scroll","background-type":"","background-media":"","overlay-type":"","overlay-color":"","overlay-opacity":"","overlay-gradient":""},"tablet":{"background-color":"","background-image":"","background-repeat":"repeat","background-position":"center center","background-size":"auto","background-attachment":"scroll","background-type":"","background-media":"","overlay-type":"","overlay-color":"","overlay-opacity":"","overlay-gradient":""},"mobile":{"background-color":"","background-image":"","background-repeat":"repeat","background-position":"center center","background-size":"auto","background-attachment":"scroll","background-type":"","background-media":"","overlay-type":"","overlay-color":"","overlay-opacity":"","overlay-gradient":""}},"ast-content-background-meta":{"desktop":{"background-color":"var(--ast-global-color-5)","background-image":"","background-repeat":"repeat","background-position":"center center","background-size":"auto","background-attachment":"scroll","background-type":"","background-media":"","overlay-type":"","overlay-color":"","overlay-opacity":"","overlay-gradient":""},"tablet":{"background-color":"var(--ast-global-color-5)","background-image":"","background-repeat":"repeat","background-position":"center center","background-size":"auto","background-attachment":"scroll","background-type":"","background-media":"","overlay-type":"","overlay-color":"","overlay-opacity":"","overlay-gradient":""},"mobile":{"background-color":"var(--ast-global-color-5)","background-image":"","background-repeat":"repeat","background-position":"center center","background-size":"auto","background-attachment":"scroll","background-type":"","background-media":"","overlay-type":"","overlay-color":"","overlay-opacity":"","overlay-gradient":""}},"footnotes":""},"class_list":["post-37460","page","type-page","status-publish","hentry"],"acf":[],"yoast_head":"<!-- This site is optimized with the Yoast SEO Premium plugin v27.1 (Yoast SEO v27.1.1) - https:\/\/yoast.com\/product\/yoast-seo-premium-wordpress\/ -->\n<title>Reactivos Laboratorio - Alquera.com<\/title>\n<meta name=\"robots\" content=\"index, follow, max-snippet:-1, max-image-preview:large, max-video-preview:-1\" \/>\n<link rel=\"canonical\" href=\"https:\/\/www.alquera.com\/pt\/reactivos-laboratorio-lista\/\" \/>\n<meta property=\"og:locale\" content=\"pt_PT\" \/>\n<meta property=\"og:type\" content=\"article\" \/>\n<meta property=\"og:title\" content=\"Reactivos Laboratorio\" \/>\n<meta property=\"og:description\" content=\"Somos distribuidores de productos qu\u00edmicos para an\u00e1lisis en laboratorio: LABBOX y PANREAC. El cat\u00e1logo de productos, formatos y precios son los indicados por el fabricante. Para realizar un pedido&nbsp; env\u00edanos un e-mail indicando: CAS, NOMBRE PRODUCTO, CANTIDAD (estos datos se coger\u00e1n del cat\u00e1logo\/web del fabricante) as\u00ed como tus datos de env\u00edo y facturaci\u00f3n.&nbsp; Los env\u00edos [&hellip;]\" \/>\n<meta property=\"og:url\" content=\"https:\/\/www.alquera.com\/pt\/reactivos-laboratorio-lista\/\" \/>\n<meta property=\"og:site_name\" content=\"Alquera.com\" \/>\n<meta property=\"article:publisher\" content=\"https:\/\/www.facebook.com\/alqueraciencia\" \/>\n<meta property=\"article:modified_time\" content=\"2022-09-29T10:22:14+00:00\" \/>\n<meta property=\"og:image\" content=\"https:\/\/www.alquera.com\/wp-content\/uploads\/2022\/09\/Logo-Labbox-300x162.jpg\" \/>\n<meta name=\"twitter:card\" content=\"summary_large_image\" \/>\n<meta name=\"twitter:label1\" content=\"Tempo estimado de leitura\" \/>\n\t<meta name=\"twitter:data1\" content=\"2 minutos\" \/>\n<script type=\"application\/ld+json\" class=\"yoast-schema-graph\">{\"@context\":\"https:\/\/schema.org\",\"@graph\":[{\"@type\":\"WebPage\",\"@id\":\"https:\/\/www.alquera.com\/reactivos-laboratorio-lista\/\",\"url\":\"https:\/\/www.alquera.com\/reactivos-laboratorio-lista\/\",\"name\":\"Reactivos Laboratorio - Alquera.com\",\"isPartOf\":{\"@id\":\"https:\/\/www.alquera.com\/en\/#website\"},\"primaryImageOfPage\":{\"@id\":\"https:\/\/www.alquera.com\/reactivos-laboratorio-lista\/#primaryimage\"},\"image\":{\"@id\":\"https:\/\/www.alquera.com\/reactivos-laboratorio-lista\/#primaryimage\"},\"thumbnailUrl\":\"https:\/\/www.alquera.com\/wp-content\/uploads\/2022\/09\/Logo-Labbox-300x162.jpg\",\"datePublished\":\"2022-03-29T08:49:13+00:00\",\"dateModified\":\"2022-09-29T10:22:14+00:00\",\"breadcrumb\":{\"@id\":\"https:\/\/www.alquera.com\/reactivos-laboratorio-lista\/#breadcrumb\"},\"inLanguage\":\"pt-PT\",\"potentialAction\":[{\"@type\":\"ReadAction\",\"target\":[\"https:\/\/www.alquera.com\/reactivos-laboratorio-lista\/\"]}]},{\"@type\":\"ImageObject\",\"inLanguage\":\"pt-PT\",\"@id\":\"https:\/\/www.alquera.com\/reactivos-laboratorio-lista\/#primaryimage\",\"url\":\"https:\/\/www.alquera.com\/wp-content\/uploads\/2022\/09\/Logo-Labbox-300x162.jpg\",\"contentUrl\":\"https:\/\/www.alquera.com\/wp-content\/uploads\/2022\/09\/Logo-Labbox-300x162.jpg\"},{\"@type\":\"BreadcrumbList\",\"@id\":\"https:\/\/www.alquera.com\/reactivos-laboratorio-lista\/#breadcrumb\",\"itemListElement\":[{\"@type\":\"ListItem\",\"position\":1,\"name\":\"Inicio\",\"item\":\"https:\/\/www.alquera.com\/\"},{\"@type\":\"ListItem\",\"position\":2,\"name\":\"Reactivos Laboratorio\"}]},{\"@type\":\"WebSite\",\"@id\":\"https:\/\/www.alquera.com\/en\/#website\",\"url\":\"https:\/\/www.alquera.com\/en\/\",\"name\":\"Alquera.com\",\"description\":\"Tienda Online Productos Qu\u00edmicos y Material de Laboratorio\",\"publisher\":{\"@id\":\"https:\/\/www.alquera.com\/en\/#organization\"},\"potentialAction\":[{\"@type\":\"SearchAction\",\"target\":{\"@type\":\"EntryPoint\",\"urlTemplate\":\"https:\/\/www.alquera.com\/en\/?s={search_term_string}\"},\"query-input\":{\"@type\":\"PropertyValueSpecification\",\"valueRequired\":true,\"valueName\":\"search_term_string\"}}],\"inLanguage\":\"pt-PT\"},{\"@type\":\"Organization\",\"@id\":\"https:\/\/www.alquera.com\/en\/#organization\",\"name\":\"ALQUERA CIENCIA SL\",\"url\":\"https:\/\/www.alquera.com\/en\/\",\"logo\":{\"@type\":\"ImageObject\",\"inLanguage\":\"pt-PT\",\"@id\":\"https:\/\/www.alquera.com\/en\/#\/schema\/logo\/image\/\",\"url\":\"https:\/\/www.alquera.com\/wp-content\/uploads\/2020\/11\/logo_300_ancho.png\",\"contentUrl\":\"https:\/\/www.alquera.com\/wp-content\/uploads\/2020\/11\/logo_300_ancho.png\",\"width\":300,\"height\":86,\"caption\":\"ALQUERA CIENCIA SL\"},\"image\":{\"@id\":\"https:\/\/www.alquera.com\/en\/#\/schema\/logo\/image\/\"},\"sameAs\":[\"https:\/\/www.facebook.com\/alqueraciencia\",\"https:\/\/www.instagram.com\/alquera_ciencia\/\",\"https:\/\/www.youtube.com\/c\/alquera\"]}]}<\/script>\n<!-- \/ Yoast SEO Premium plugin. -->","yoast_head_json":{"title":"Reagentes de laborat\u00f3rio - Alquera.com","robots":{"index":"index","follow":"follow","max-snippet":"max-snippet:-1","max-image-preview":"max-image-preview:large","max-video-preview":"max-video-preview:-1"},"canonical":"https:\/\/www.alquera.com\/pt\/reactivos-laboratorio-lista\/","og_locale":"pt_PT","og_type":"article","og_title":"Reactivos Laboratorio","og_description":"Somos distribuidores de productos qu\u00edmicos para an\u00e1lisis en laboratorio: LABBOX y PANREAC. El cat\u00e1logo de productos, formatos y precios son los indicados por el fabricante. Para realizar un pedido&nbsp; env\u00edanos un e-mail indicando: CAS, NOMBRE PRODUCTO, CANTIDAD (estos datos se coger\u00e1n del cat\u00e1logo\/web del fabricante) as\u00ed como tus datos de env\u00edo y facturaci\u00f3n.&nbsp; Los env\u00edos [&hellip;]","og_url":"https:\/\/www.alquera.com\/pt\/reactivos-laboratorio-lista\/","og_site_name":"Alquera.com","article_publisher":"https:\/\/www.facebook.com\/alqueraciencia","article_modified_time":"2022-09-29T10:22:14+00:00","og_image":[{"url":"https:\/\/www.alquera.com\/wp-content\/uploads\/2022\/09\/Logo-Labbox-300x162.jpg","type":"","width":"","height":""}],"twitter_card":"summary_large_image","twitter_misc":{"Tempo estimado de leitura":"2 minutos"},"schema":{"@context":"https:\/\/schema.org","@graph":[{"@type":"WebPage","@id":"https:\/\/www.alquera.com\/reactivos-laboratorio-lista\/","url":"https:\/\/www.alquera.com\/reactivos-laboratorio-lista\/","name":"Reagentes de laborat\u00f3rio - Alquera.com","isPartOf":{"@id":"https:\/\/www.alquera.com\/en\/#website"},"primaryImageOfPage":{"@id":"https:\/\/www.alquera.com\/reactivos-laboratorio-lista\/#primaryimage"},"image":{"@id":"https:\/\/www.alquera.com\/reactivos-laboratorio-lista\/#primaryimage"},"thumbnailUrl":"https:\/\/www.alquera.com\/wp-content\/uploads\/2022\/09\/Logo-Labbox-300x162.jpg","datePublished":"2022-03-29T08:49:13+00:00","dateModified":"2022-09-29T10:22:14+00:00","breadcrumb":{"@id":"https:\/\/www.alquera.com\/reactivos-laboratorio-lista\/#breadcrumb"},"inLanguage":"pt-PT","potentialAction":[{"@type":"ReadAction","target":["https:\/\/www.alquera.com\/reactivos-laboratorio-lista\/"]}]},{"@type":"ImageObject","inLanguage":"pt-PT","@id":"https:\/\/www.alquera.com\/reactivos-laboratorio-lista\/#primaryimage","url":"https:\/\/www.alquera.com\/wp-content\/uploads\/2022\/09\/Logo-Labbox-300x162.jpg","contentUrl":"https:\/\/www.alquera.com\/wp-content\/uploads\/2022\/09\/Logo-Labbox-300x162.jpg"},{"@type":"BreadcrumbList","@id":"https:\/\/www.alquera.com\/reactivos-laboratorio-lista\/#breadcrumb","itemListElement":[{"@type":"ListItem","position":1,"name":"Inicio","item":"https:\/\/www.alquera.com\/"},{"@type":"ListItem","position":2,"name":"Reactivos Laboratorio"}]},{"@type":"WebSite","@id":"https:\/\/www.alquera.com\/en\/#website","url":"https:\/\/www.alquera.com\/en\/","name":"Alquera.com","description":"Loja on-line de produtos qu\u00edmicos e equipamento de laborat\u00f3rio","publisher":{"@id":"https:\/\/www.alquera.com\/en\/#organization"},"potentialAction":[{"@type":"SearchAction","target":{"@type":"EntryPoint","urlTemplate":"https:\/\/www.alquera.com\/en\/?s={search_term_string}"},"query-input":{"@type":"PropertyValueSpecification","valueRequired":true,"valueName":"search_term_string"}}],"inLanguage":"pt-PT"},{"@type":"Organization","@id":"https:\/\/www.alquera.com\/en\/#organization","name":"ALQUERA CIENCIA SL","url":"https:\/\/www.alquera.com\/en\/","logo":{"@type":"ImageObject","inLanguage":"pt-PT","@id":"https:\/\/www.alquera.com\/en\/#\/schema\/logo\/image\/","url":"https:\/\/www.alquera.com\/wp-content\/uploads\/2020\/11\/logo_300_ancho.png","contentUrl":"https:\/\/www.alquera.com\/wp-content\/uploads\/2020\/11\/logo_300_ancho.png","width":300,"height":86,"caption":"ALQUERA CIENCIA SL"},"image":{"@id":"https:\/\/www.alquera.com\/en\/#\/schema\/logo\/image\/"},"sameAs":["https:\/\/www.facebook.com\/alqueraciencia","https:\/\/www.instagram.com\/alquera_ciencia\/","https:\/\/www.youtube.com\/c\/alquera"]}]}},"_links":{"self":[{"href":"https:\/\/www.alquera.com\/pt\/wp-json\/wp\/v2\/pages\/37460","targetHints":{"allow":["GET"]}}],"collection":[{"href":"https:\/\/www.alquera.com\/pt\/wp-json\/wp\/v2\/pages"}],"about":[{"href":"https:\/\/www.alquera.com\/pt\/wp-json\/wp\/v2\/types\/page"}],"author":[{"embeddable":true,"href":"https:\/\/www.alquera.com\/pt\/wp-json\/wp\/v2\/users\/1"}],"replies":[{"embeddable":true,"href":"https:\/\/www.alquera.com\/pt\/wp-json\/wp\/v2\/comments?post=37460"}],"version-history":[{"count":41,"href":"https:\/\/www.alquera.com\/pt\/wp-json\/wp\/v2\/pages\/37460\/revisions"}],"predecessor-version":[{"id":39317,"href":"https:\/\/www.alquera.com\/pt\/wp-json\/wp\/v2\/pages\/37460\/revisions\/39317"}],"wp:attachment":[{"href":"https:\/\/www.alquera.com\/pt\/wp-json\/wp\/v2\/media?parent=37460"}],"curies":[{"name":"wp","href":"https:\/\/api.w.org\/{rel}","templated":true}]}}