{"id":39758,"date":"2022-11-11T09:43:34","date_gmt":"2022-11-11T09:43:34","guid":{"rendered":"https:\/\/www.alquera.com\/?page_id=39758"},"modified":"2023-01-26T15:01:09","modified_gmt":"2023-01-26T15:01:09","slug":"experimentos-de-ciencias","status":"publish","type":"page","link":"https:\/\/www.alquera.com\/pt\/experimentos-de-ciencias\/","title":{"rendered":"Experi\u00eancias cient\u00edficas"},"content":{"rendered":"<p>Nesta sec\u00e7\u00e3o propomos uma s\u00e9rie de pr\u00e1ticas ou experi\u00eancias de qu\u00edmica a serem realizadas em grupo. Os produtos utilizados s\u00e3o produtos quimicamente puros, ou com um grau de pureza suficiente para a experimenta\u00e7\u00e3o (n\u00e3o anal\u00edtica). Nesta sec\u00e7\u00e3o, pode encontrar produtos soltos para completar alguma pr\u00e1tica: <a href=\"https:\/\/www.alquera.com\/pt\/productos-quimicos\/\">todos os produtos<\/a>. Dentro de cada pr\u00e1tica encontrar\u00e1 as explica\u00e7\u00f5es, a lista de materiais inclu\u00eddos e n\u00e3o inclu\u00eddos, bem como a documenta\u00e7\u00e3o t\u00e9cnica associada \u00e0 pr\u00e1tica. <\/p>\n\n\n\n<div class=\"filter-list\">\n\n  \n<\/div>\n\n\n\n\n\n<h2 class=\"wp-block-heading\" id=\"h-a-quien-va-dirigido-los-experimentos\">A QUEM AS EXPERI\u00caNCIAS S\u00c3O DIRIGIDAS<\/h2>\n\n\n\n<p>As experi\u00eancias qu\u00edmicas, ou experi\u00eancias cient\u00edficas, destinam-se ao p\u00fablico em geral, embora tenham sido especificamente concebidas para serem feitas v\u00e1rias vezes ou em grupo. A raz\u00e3o para isto \u00e9 o tempo necess\u00e1rio para preparar cada experi\u00eancia. Tamb\u00e9m se tem em conta que a realiza\u00e7\u00e3o de experi\u00eancias n\u00e3o \u00e9 uma pr\u00e1tica barata e o facto de se pensar em fazer-se em grupo ou v\u00e1rias vezes optimiza o tempo e o custo da prepara\u00e7\u00e3o.<\/p>\n\n\n\n<h2 class=\"wp-block-heading\" id=\"h-como-pedir-un-kit-para-los-experimentos\">COMO ENCOMENDAR UM KIT DE EXPERI\u00caNCIA<\/h2>\n\n\n\n<p>Pode encomendar um kit directamente dentro do pr\u00f3prio produto. As entregas s\u00e3o feitas diariamente e s\u00e3o recebidas em 24\/28h em Espanha e Portugal e em 4-5 dias na Europa. Se tiver alguma d\u00favida, n\u00e3o hesite em <a href=\"https:\/\/www.alquera.com\/pt\/contactenos\/\">contacte-nos<\/a>. Dentro de cada pr\u00e1tica ver\u00e1 uma lista detalhada de produtos, que se necessitar em grandes quantidades ou reabastecimento pode encomendar atrav\u00e9s do pr\u00f3prio produto. <\/p>\n\n\n\n<h2 class=\"wp-block-heading\" id=\"h-que-tipo-de-practicas-se-detallan\">QUE TIPO DE PR\u00c1TICAS S\u00c3O DETALHADAS<\/h2>\n\n\n\n<p>Encontrar\u00e1 experi\u00eancias em qu\u00edmica, magnetismo, reac\u00e7\u00f5es \u00e1cido-base simples, reac\u00e7\u00f5es de oxida\u00e7\u00e3o-redu\u00e7\u00e3o e cristaliza\u00e7\u00e3o. <\/p>","protected":false},"excerpt":{"rendered":"<p>En este apartado te proponemos una serie de pr\u00e1cticas de qu\u00edmica o experimentos para realizar en grupo. Los productos utilizados son productos qu\u00edmicamente puros, o con un grado de pureza suficiente para experimentaci\u00f3n (no anal\u00edtica). puedes encontrar los productos sueltos para completar alguna pr\u00e1ctica en este apartado: todos los productos. Dentro de cada pr\u00e1ctica encontrar\u00e1s [&hellip;]<\/p>\n","protected":false},"author":1,"featured_media":0,"parent":0,"menu_order":0,"comment_status":"closed","ping_status":"closed","template":"","meta":{"_acf_changed":false,"site-sidebar-layout":"no-sidebar","site-content-layout":"default","ast-site-content-layout":"default","site-content-style":"default","site-sidebar-style":"default","ast-global-header-display":"","ast-banner-title-visibility":"","ast-main-header-display":"","ast-hfb-above-header-display":"","ast-hfb-below-header-display":"","ast-hfb-mobile-header-display":"","site-post-title":"","ast-breadcrumbs-content":"","ast-featured-img":"","footer-sml-layout":"","ast-disable-related-posts":"","theme-transparent-header-meta":"default","adv-header-id-meta":"","stick-header-meta":"default","header-above-stick-meta":"","header-main-stick-meta":"","header-below-stick-meta":"","astra-migrate-meta-layouts":"default","ast-page-background-enabled":"default","ast-page-background-meta":{"desktop":{"background-color":"var(--ast-global-color-4)","background-image":"","background-repeat":"repeat","background-position":"center center","background-size":"auto","background-attachment":"scroll","background-type":"","background-media":"","overlay-type":"","overlay-color":"","overlay-opacity":"","overlay-gradient":""},"tablet":{"background-color":"","background-image":"","background-repeat":"repeat","background-position":"center center","background-size":"auto","background-attachment":"scroll","background-type":"","background-media":"","overlay-type":"","overlay-color":"","overlay-opacity":"","overlay-gradient":""},"mobile":{"background-color":"","background-image":"","background-repeat":"repeat","background-position":"center center","background-size":"auto","background-attachment":"scroll","background-type":"","background-media":"","overlay-type":"","overlay-color":"","overlay-opacity":"","overlay-gradient":""}},"ast-content-background-meta":{"desktop":{"background-color":"var(--ast-global-color-5)","background-image":"","background-repeat":"repeat","background-position":"center center","background-size":"auto","background-attachment":"scroll","background-type":"","background-media":"","overlay-type":"","overlay-color":"","overlay-opacity":"","overlay-gradient":""},"tablet":{"background-color":"var(--ast-global-color-5)","background-image":"","background-repeat":"repeat","background-position":"center center","background-size":"auto","background-attachment":"scroll","background-type":"","background-media":"","overlay-type":"","overlay-color":"","overlay-opacity":"","overlay-gradient":""},"mobile":{"background-color":"var(--ast-global-color-5)","background-image":"","background-repeat":"repeat","background-position":"center center","background-size":"auto","background-attachment":"scroll","background-type":"","background-media":"","overlay-type":"","overlay-color":"","overlay-opacity":"","overlay-gradient":""}},"footnotes":""},"class_list":["post-39758","page","type-page","status-publish","hentry"],"acf":[],"yoast_head":"<!-- This site is optimized with the Yoast SEO Premium plugin v27.1 (Yoast SEO v27.1.1) - https:\/\/yoast.com\/product\/yoast-seo-premium-wordpress\/ -->\n<title>Experimentos de Ciencias - Alquera.com<\/title>\n<meta name=\"robots\" content=\"index, follow, max-snippet:-1, max-image-preview:large, max-video-preview:-1\" \/>\n<link rel=\"canonical\" href=\"https:\/\/www.alquera.com\/pt\/experimentos-de-ciencias\/\" \/>\n<meta property=\"og:locale\" content=\"pt_PT\" \/>\n<meta property=\"og:type\" content=\"article\" \/>\n<meta property=\"og:title\" content=\"Experimentos de Ciencias\" \/>\n<meta property=\"og:description\" content=\"En este apartado te proponemos una serie de pr\u00e1cticas de qu\u00edmica o experimentos para realizar en grupo. Los productos utilizados son productos qu\u00edmicamente puros, o con un grado de pureza suficiente para experimentaci\u00f3n (no anal\u00edtica). puedes encontrar los productos sueltos para completar alguna pr\u00e1ctica en este apartado: todos los productos. Dentro de cada pr\u00e1ctica encontrar\u00e1s [&hellip;]\" \/>\n<meta property=\"og:url\" content=\"https:\/\/www.alquera.com\/pt\/experimentos-de-ciencias\/\" \/>\n<meta property=\"og:site_name\" content=\"Alquera.com\" \/>\n<meta property=\"article:publisher\" content=\"https:\/\/www.facebook.com\/alqueraciencia\" \/>\n<meta property=\"article:modified_time\" content=\"2023-01-26T15:01:09+00:00\" \/>\n<meta name=\"twitter:card\" content=\"summary_large_image\" \/>\n<meta name=\"twitter:label1\" content=\"Tempo estimado de leitura\" \/>\n\t<meta name=\"twitter:data1\" content=\"2 minutos\" \/>\n<script type=\"application\/ld+json\" class=\"yoast-schema-graph\">{\"@context\":\"https:\/\/schema.org\",\"@graph\":[{\"@type\":\"WebPage\",\"@id\":\"https:\/\/www.alquera.com\/experimentos-de-ciencias\/\",\"url\":\"https:\/\/www.alquera.com\/experimentos-de-ciencias\/\",\"name\":\"Experimentos de Ciencias - Alquera.com\",\"isPartOf\":{\"@id\":\"https:\/\/www.alquera.com\/en\/#website\"},\"datePublished\":\"2022-11-11T09:43:34+00:00\",\"dateModified\":\"2023-01-26T15:01:09+00:00\",\"breadcrumb\":{\"@id\":\"https:\/\/www.alquera.com\/experimentos-de-ciencias\/#breadcrumb\"},\"inLanguage\":\"pt-PT\",\"potentialAction\":[{\"@type\":\"ReadAction\",\"target\":[\"https:\/\/www.alquera.com\/experimentos-de-ciencias\/\"]}]},{\"@type\":\"BreadcrumbList\",\"@id\":\"https:\/\/www.alquera.com\/experimentos-de-ciencias\/#breadcrumb\",\"itemListElement\":[{\"@type\":\"ListItem\",\"position\":1,\"name\":\"Inicio\",\"item\":\"https:\/\/www.alquera.com\/\"},{\"@type\":\"ListItem\",\"position\":2,\"name\":\"Experimentos de Ciencias\"}]},{\"@type\":\"WebSite\",\"@id\":\"https:\/\/www.alquera.com\/en\/#website\",\"url\":\"https:\/\/www.alquera.com\/en\/\",\"name\":\"Alquera.com\",\"description\":\"Tienda Online Productos Qu\u00edmicos y Material de Laboratorio\",\"publisher\":{\"@id\":\"https:\/\/www.alquera.com\/en\/#organization\"},\"potentialAction\":[{\"@type\":\"SearchAction\",\"target\":{\"@type\":\"EntryPoint\",\"urlTemplate\":\"https:\/\/www.alquera.com\/en\/?s={search_term_string}\"},\"query-input\":{\"@type\":\"PropertyValueSpecification\",\"valueRequired\":true,\"valueName\":\"search_term_string\"}}],\"inLanguage\":\"pt-PT\"},{\"@type\":\"Organization\",\"@id\":\"https:\/\/www.alquera.com\/en\/#organization\",\"name\":\"ALQUERA CIENCIA SL\",\"url\":\"https:\/\/www.alquera.com\/en\/\",\"logo\":{\"@type\":\"ImageObject\",\"inLanguage\":\"pt-PT\",\"@id\":\"https:\/\/www.alquera.com\/en\/#\/schema\/logo\/image\/\",\"url\":\"https:\/\/www.alquera.com\/wp-content\/uploads\/2020\/11\/logo_300_ancho.png\",\"contentUrl\":\"https:\/\/www.alquera.com\/wp-content\/uploads\/2020\/11\/logo_300_ancho.png\",\"width\":300,\"height\":86,\"caption\":\"ALQUERA CIENCIA SL\"},\"image\":{\"@id\":\"https:\/\/www.alquera.com\/en\/#\/schema\/logo\/image\/\"},\"sameAs\":[\"https:\/\/www.facebook.com\/alqueraciencia\",\"https:\/\/www.instagram.com\/alquera_ciencia\/\",\"https:\/\/www.youtube.com\/c\/alquera\"]}]}<\/script>\n<!-- \/ Yoast SEO Premium plugin. -->","yoast_head_json":{"title":"Experi\u00eancias Cient\u00edficas - Alquera.com","robots":{"index":"index","follow":"follow","max-snippet":"max-snippet:-1","max-image-preview":"max-image-preview:large","max-video-preview":"max-video-preview:-1"},"canonical":"https:\/\/www.alquera.com\/pt\/experimentos-de-ciencias\/","og_locale":"pt_PT","og_type":"article","og_title":"Experimentos de Ciencias","og_description":"En este apartado te proponemos una serie de pr\u00e1cticas de qu\u00edmica o experimentos para realizar en grupo. Los productos utilizados son productos qu\u00edmicamente puros, o con un grado de pureza suficiente para experimentaci\u00f3n (no anal\u00edtica). puedes encontrar los productos sueltos para completar alguna pr\u00e1ctica en este apartado: todos los productos. Dentro de cada pr\u00e1ctica encontrar\u00e1s [&hellip;]","og_url":"https:\/\/www.alquera.com\/pt\/experimentos-de-ciencias\/","og_site_name":"Alquera.com","article_publisher":"https:\/\/www.facebook.com\/alqueraciencia","article_modified_time":"2023-01-26T15:01:09+00:00","twitter_card":"summary_large_image","twitter_misc":{"Tempo estimado de leitura":"2 minutos"},"schema":{"@context":"https:\/\/schema.org","@graph":[{"@type":"WebPage","@id":"https:\/\/www.alquera.com\/experimentos-de-ciencias\/","url":"https:\/\/www.alquera.com\/experimentos-de-ciencias\/","name":"Experi\u00eancias Cient\u00edficas - Alquera.com","isPartOf":{"@id":"https:\/\/www.alquera.com\/en\/#website"},"datePublished":"2022-11-11T09:43:34+00:00","dateModified":"2023-01-26T15:01:09+00:00","breadcrumb":{"@id":"https:\/\/www.alquera.com\/experimentos-de-ciencias\/#breadcrumb"},"inLanguage":"pt-PT","potentialAction":[{"@type":"ReadAction","target":["https:\/\/www.alquera.com\/experimentos-de-ciencias\/"]}]},{"@type":"BreadcrumbList","@id":"https:\/\/www.alquera.com\/experimentos-de-ciencias\/#breadcrumb","itemListElement":[{"@type":"ListItem","position":1,"name":"Inicio","item":"https:\/\/www.alquera.com\/"},{"@type":"ListItem","position":2,"name":"Experimentos de Ciencias"}]},{"@type":"WebSite","@id":"https:\/\/www.alquera.com\/en\/#website","url":"https:\/\/www.alquera.com\/en\/","name":"Alquera.com","description":"Loja on-line de produtos qu\u00edmicos e equipamento de laborat\u00f3rio","publisher":{"@id":"https:\/\/www.alquera.com\/en\/#organization"},"potentialAction":[{"@type":"SearchAction","target":{"@type":"EntryPoint","urlTemplate":"https:\/\/www.alquera.com\/en\/?s={search_term_string}"},"query-input":{"@type":"PropertyValueSpecification","valueRequired":true,"valueName":"search_term_string"}}],"inLanguage":"pt-PT"},{"@type":"Organization","@id":"https:\/\/www.alquera.com\/en\/#organization","name":"ALQUERA CIENCIA SL","url":"https:\/\/www.alquera.com\/en\/","logo":{"@type":"ImageObject","inLanguage":"pt-PT","@id":"https:\/\/www.alquera.com\/en\/#\/schema\/logo\/image\/","url":"https:\/\/www.alquera.com\/wp-content\/uploads\/2020\/11\/logo_300_ancho.png","contentUrl":"https:\/\/www.alquera.com\/wp-content\/uploads\/2020\/11\/logo_300_ancho.png","width":300,"height":86,"caption":"ALQUERA CIENCIA SL"},"image":{"@id":"https:\/\/www.alquera.com\/en\/#\/schema\/logo\/image\/"},"sameAs":["https:\/\/www.facebook.com\/alqueraciencia","https:\/\/www.instagram.com\/alquera_ciencia\/","https:\/\/www.youtube.com\/c\/alquera"]}]}},"_links":{"self":[{"href":"https:\/\/www.alquera.com\/pt\/wp-json\/wp\/v2\/pages\/39758","targetHints":{"allow":["GET"]}}],"collection":[{"href":"https:\/\/www.alquera.com\/pt\/wp-json\/wp\/v2\/pages"}],"about":[{"href":"https:\/\/www.alquera.com\/pt\/wp-json\/wp\/v2\/types\/page"}],"author":[{"embeddable":true,"href":"https:\/\/www.alquera.com\/pt\/wp-json\/wp\/v2\/users\/1"}],"replies":[{"embeddable":true,"href":"https:\/\/www.alquera.com\/pt\/wp-json\/wp\/v2\/comments?post=39758"}],"version-history":[{"count":57,"href":"https:\/\/www.alquera.com\/pt\/wp-json\/wp\/v2\/pages\/39758\/revisions"}],"predecessor-version":[{"id":40847,"href":"https:\/\/www.alquera.com\/pt\/wp-json\/wp\/v2\/pages\/39758\/revisions\/40847"}],"wp:attachment":[{"href":"https:\/\/www.alquera.com\/pt\/wp-json\/wp\/v2\/media?parent=39758"}],"curies":[{"name":"wp","href":"https:\/\/api.w.org\/{rel}","templated":true}]}}