{"id":5,"date":"2016-06-30T08:05:20","date_gmt":"2016-06-30T08:05:20","guid":{"rendered":""},"modified":"2025-01-31T05:51:32","modified_gmt":"2025-01-31T05:51:32","slug":"usos","status":"publish","type":"page","link":"https:\/\/www.alquera.com\/pt\/sulfato-de-potasio\/usos\/","title":{"rendered":"Utiliza sulfato de pot\u00e1ssio"},"content":{"rendered":"<p>O <a href=\"https:\/\/www.alquera.com\/pt\/sulfato-de-potasio\/\"><strong>sulfato de pot\u00e1ssio<\/strong><\/a>&nbsp;ou sulfato de pot\u00e1ssio \u00e9 um composto qu\u00edmico com a f\u00f3rmula <strong>K2SO4<\/strong>que \u00e9 apresentado como um p\u00f3 ou gr\u00e2nulos brancos.<\/p>\n<p>O sulfato de pot\u00e1ssio \u00e9 utilizado principalmente como fertilizante nas culturas. O pot\u00e1ssio (K) \u00e9 um dos principais nutrientes vegetais e o sulfato de pot\u00e1ssio \u00e9 a principal forma de o fornecer. \u00c9 tamb\u00e9m utilizado como aditivo alimentar com o c\u00f3digo E515.<\/p>\n<p><img loading=\"lazy\" decoding=\"async\" class=\"size-medium wp-image-32207 aligncenter\" src=\"https:\/\/www.alquera.com\/wp-content\/uploads\/2020\/12\/SULFATO-DE-POTASIO-POLVO-SOP-300x300.jpg\" alt=\"\" width=\"300\" height=\"300\" srcset=\"https:\/\/www.alquera.com\/wp-content\/uploads\/2020\/12\/SULFATO-DE-POTASIO-POLVO-SOP-300x300.jpg 300w, https:\/\/www.alquera.com\/wp-content\/uploads\/2020\/12\/SULFATO-DE-POTASIO-POLVO-SOP-1024x1024.jpg 1024w, https:\/\/www.alquera.com\/wp-content\/uploads\/2020\/12\/SULFATO-DE-POTASIO-POLVO-SOP-150x150.jpg 150w, https:\/\/www.alquera.com\/wp-content\/uploads\/2020\/12\/SULFATO-DE-POTASIO-POLVO-SOP-768x768.jpg 768w, https:\/\/www.alquera.com\/wp-content\/uploads\/2020\/12\/SULFATO-DE-POTASIO-POLVO-SOP-1536x1536.jpg 1536w, https:\/\/www.alquera.com\/wp-content\/uploads\/2020\/12\/SULFATO-DE-POTASIO-POLVO-SOP-600x600.jpg 600w, https:\/\/www.alquera.com\/wp-content\/uploads\/2020\/12\/SULFATO-DE-POTASIO-POLVO-SOP-100x100.jpg 100w, https:\/\/www.alquera.com\/wp-content\/uploads\/2020\/12\/SULFATO-DE-POTASIO-POLVO-SOP-scaled.jpg 800w\" sizes=\"auto, (max-width: 300px) 100vw, 300px\" \/><\/p>\n<h2><strong>F\u00f3rmula qu\u00edmica do sulfato de pot\u00e1ssio<\/strong><\/h2>\n<p>Aqui podemos ver a f\u00f3rmula qu\u00edmica do sulfato de pot\u00e1ssio e outras propriedades qu\u00edmicas do sulfato de pot\u00e1ssio:<\/p>\n<table>\n<tbody>\n<tr>\n<th scope=\"row\">Outros nomes<\/th>\n<td colspan=\"2\">Arcanita<br \/>\nSulfato de pot\u00e1ssio<br \/>\nSal dipot\u00e1ssico de \u00e1cido sulf\u00farico<br \/>\nSulfato de pot\u00e1ssio di-pot\u00e1ssio<\/td>\n<\/tr>\n<tr>\n<th scope=\"row\">F\u00f3rmula qu\u00edmica<\/th>\n<td colspan=\"2\">K<sub>2<\/sub>SO<sub>4<\/sub><\/td>\n<\/tr>\n<tr>\n<th scope=\"row\">N\u00famero CAS<\/th>\n<td colspan=\"2\">7778-80-5<\/td>\n<\/tr>\n<tr>\n<th colspan=\"3\">Propriedades f\u00edsicas<\/th>\n<\/tr>\n<tr>\n<th scope=\"row\">Apar\u00eancia<\/th>\n<td colspan=\"2\">s\u00f3lido branco<\/td>\n<\/tr>\n<tr>\n<th scope=\"row\">Densidade<\/th>\n<td colspan=\"2\">2,66 g\/cm<sup>3<\/sup><\/td>\n<\/tr>\n<tr>\n<th colspan=\"3\">Propriedades qu\u00edmicas<\/th>\n<\/tr>\n<tr>\n<th scope=\"row\">Solubilidade na \u00e1gua<\/th>\n<td colspan=\"2\">111 g\/L (20 \u00b0C)<br \/>\n120 g\/L (25 \u00b0C)<br \/>\n240 g\/L (100 \u00b0C)<\/td>\n<\/tr>\n<tr>\n<th scope=\"row\"><\/th>\n<td colspan=\"2\"><\/td>\n<\/tr>\n<tr>\n<th scope=\"row\">Fam\u00edlia<\/th>\n<td colspan=\"2\">sulfato<\/td>\n<\/tr>\n<\/tbody>\n<\/table>\n<h2>Onde encontrar Sulfato de Pot\u00e1ssio<\/h2>\n<p><strong>Fontes naturais:<\/strong> Fontes naturais de sulfato de pot\u00e1ssio s\u00e3o os sais que cont\u00eam grandes quantidades de magn\u00e9sio. Os minerais s\u00e3o: Kainite, Sch\u00f6nite, Leonite, Langbeinite, Glaserite, Polihalite<\/p>\n<p><strong>S\u00edntese:<\/strong> \u00c9 muito comum obt\u00ea-lo atrav\u00e9s de s\u00edntese na ind\u00fastria. Pode ser sintetizada atrav\u00e9s da reac\u00e7\u00e3o de \u00e1cido sulf\u00farico com hidr\u00f3xido de pot\u00e1ssio, sendo a f\u00f3rmula a seguinte: H<sub>2<\/sub>SO<sub>4<\/sub> + 2KOH -&gt; K<sub>2<\/sub>SO<sub>4<\/sub> + 2H<sub>2<\/sub>O.<\/p>\n<h2>&nbsp;Usos do sulfato de pot\u00e1ssio<\/h2>\n<ul>\n<li>A principal utiliza\u00e7\u00e3o seria como&nbsp;<a href=\"https:\/\/www.alquera.com\/pt\/sulfato-de-potasio\/fertilizante\/\" rel=\"noopener noreferrer\">fertilizante<\/a>&nbsp;da ind\u00fastria agr\u00edcola, para fornecer o pot\u00e1ssio que as plantas precisam para cultivar as suas culturas: ver fertilizante de sulfato de pot\u00e1ssio.<\/li>\n<li>No <a href=\"https:\/\/www.alquera.com\/pt\/sulfato-de-potasio\/acuario\/\">aqu\u00e1rios<\/a> o papel do sulfato de pot\u00e1ssio individual \u00e9 especialmente importante, uma vez que o resto dos nutrientes necess\u00e1rios \u00e0s plantas ser\u00e1 fornecido pelo pr\u00f3prio aqu\u00e1rio (atrav\u00e9s da alimenta\u00e7\u00e3o dos peixes): ver mais sobre o sulfato de pot\u00e1ssio no aqu\u00e1rio.<\/li>\n<li>\u00c9 tamb\u00e9m utilizada na ind\u00fastria farmac\u00eautica como mat\u00e9ria-prima para medicamentos, como fornecedor de pot\u00e1ssio.<\/li>\n<\/ul>\n<p>O pot\u00e1ssio \u00e9 um dos nutrientes que as plantas necessitam para o seu crescimento. No total, h\u00e1 12 nutrientes diferentes de que as plantas necessitam. Para al\u00e9m do pot\u00e1ssio, existem ainda azoto, f\u00f3sforo, enxofre, magn\u00e9sio, c\u00e1lcio, ferro, cobre, cobre, zinco, boro, mangan\u00eas, cloro e molibd\u00e9nio. Existem fertilizantes combinados que dar\u00e3o o fornecimento combinado dos nutrientes ou fertilizantes espec\u00edficos que dar\u00e3o o componente espec\u00edfico, como o nitrato de pot\u00e1ssio para dar o fornecimento de azoto.<\/p>\n<h3 class=\"widget-title\">Comprar <\/h3><div><div class=\"woocommerce\"><ul class=\"products columns-4\">\n<li class=\"desktop-align-left tablet-align-left mobile-align-left ast-product-gallery-layout-horizontal-slider ast-magnify-disabled ast-product-single-variable ast-product-tabs-layout-horizontal ast-qv-on-image product type-product post-495 status-publish first instock product_cat-productos-experimentos product_cat-productos has-post-thumbnail taxable shipping-taxable purchasable product-type-variable has-default-attributes\">\n\t<a href=\"https:\/\/www.alquera.com\/pt\/permanganato-de-potasio\/\" class=\"woocommerce-LoopProduct-link woocommerce-loop-product__link\"><img loading=\"lazy\" decoding=\"async\" width=\"300\" height=\"300\" src=\"https:\/\/www.alquera.com\/wp-content\/uploads\/2016\/01\/permanganato-200g-foto-nueva-300x300.png\" class=\"attachment-woocommerce_thumbnail size-woocommerce_thumbnail\" alt=\"permanganato 200g\" srcset=\"https:\/\/www.alquera.com\/wp-content\/uploads\/2016\/01\/permanganato-200g-foto-nueva-300x300.png 300w, https:\/\/www.alquera.com\/wp-content\/uploads\/2016\/01\/permanganato-200g-foto-nueva-150x150.png 150w, https:\/\/www.alquera.com\/wp-content\/uploads\/2016\/01\/permanganato-200g-foto-nueva-12x12.png 12w, https:\/\/www.alquera.com\/wp-content\/uploads\/2016\/01\/permanganato-200g-foto-nueva-100x100.png 100w\" sizes=\"auto, (max-width: 300px) 100vw, 300px\" \/><h2 class=\"woocommerce-loop-product__title\">Permanganato de Pot\u00e1ssio<\/h2><div class=\"review-rating\"><div class=\"star-rating\"><span style=\"width:100%\" data-no-translation=\"\" data-trp-gettext=\"\">Classificado <strong class=\"rating\">5.00<\/strong> em 5<\/span><\/div><\/div>\n<\/a><a href=\"https:\/\/www.alquera.com\/pt\/permanganato-de-potasio\/\" aria-describedby=\"woocommerce_loop_add_to_cart_link_describedby_495\" data-quantity=\"1\" class=\"button product_type_variable add_to_cart_button\" data-product_id=\"495\" data-product_sku=\"AL100111\" aria-label=\"Seleccione as op\u00e7\u00f5es para \u201cPermanganato de Potasio\u201d\" rel=\"nofollow\" data-no-translation=\"\" data-trp-gettext=\"\" data-no-translation-aria-label=\"\">Ver op\u00e7\u00f5es<\/a>\t<span id=\"woocommerce_loop_add_to_cart_link_describedby_495\" class=\"screen-reader-text\">\n\t\tEste produto tem v\u00e1rias variantes. As op\u00e7\u00f5es podem ser seleccionadas na p\u00e1gina do produto\t<\/span>\n<\/li>\n<\/ul>\n<\/div><\/div>","protected":false},"excerpt":{"rendered":"<p>El sulfato de potasio&nbsp;o sulfato potasico es un compuesto qu\u00edmico de f\u00f3rmula K2SO4, que se presenta como polvo blanco o en grano. El sulfato de potasio es utilizado principalmente como fertilizante en los cultivos. El potasio (K) es uno de los nutrientes principales de las plantas y&nbsp;el sulfato de potasio es la forma principal de [&hellip;]<\/p>\n","protected":false},"author":1,"featured_media":0,"parent":32591,"menu_order":1,"comment_status":"open","ping_status":"closed","template":"","meta":{"_acf_changed":false,"site-sidebar-layout":"default","site-content-layout":"default","ast-site-content-layout":"narrow-width-container","site-content-style":"default","site-sidebar-style":"default","ast-global-header-display":"","ast-banner-title-visibility":"","ast-main-header-display":"","ast-hfb-above-header-display":"","ast-hfb-below-header-display":"","ast-hfb-mobile-header-display":"","site-post-title":"","ast-breadcrumbs-content":"","ast-featured-img":"","footer-sml-layout":"","ast-disable-related-posts":"","theme-transparent-header-meta":"default","adv-header-id-meta":"","stick-header-meta":"default","header-above-stick-meta":"","header-main-stick-meta":"","header-below-stick-meta":"","astra-migrate-meta-layouts":"set","ast-page-background-enabled":"default","ast-page-background-meta":{"desktop":{"background-color":"var(--ast-global-color-4)","background-image":"","background-repeat":"repeat","background-position":"center center","background-size":"auto","background-attachment":"scroll","background-type":"","background-media":"","overlay-type":"","overlay-color":"","overlay-opacity":"","overlay-gradient":""},"tablet":{"background-color":"","background-image":"","background-repeat":"repeat","background-position":"center center","background-size":"auto","background-attachment":"scroll","background-type":"","background-media":"","overlay-type":"","overlay-color":"","overlay-opacity":"","overlay-gradient":""},"mobile":{"background-color":"","background-image":"","background-repeat":"repeat","background-position":"center center","background-size":"auto","background-attachment":"scroll","background-type":"","background-media":"","overlay-type":"","overlay-color":"","overlay-opacity":"","overlay-gradient":""}},"ast-content-background-meta":{"desktop":{"background-color":"var(--ast-global-color-5)","background-image":"","background-repeat":"repeat","background-position":"center center","background-size":"auto","background-attachment":"scroll","background-type":"","background-media":"","overlay-type":"","overlay-color":"","overlay-opacity":"","overlay-gradient":""},"tablet":{"background-color":"var(--ast-global-color-5)","background-image":"","background-repeat":"repeat","background-position":"center center","background-size":"auto","background-attachment":"scroll","background-type":"","background-media":"","overlay-type":"","overlay-color":"","overlay-opacity":"","overlay-gradient":""},"mobile":{"background-color":"var(--ast-global-color-5)","background-image":"","background-repeat":"repeat","background-position":"center center","background-size":"auto","background-attachment":"scroll","background-type":"","background-media":"","overlay-type":"","overlay-color":"","overlay-opacity":"","overlay-gradient":""}},"footnotes":""},"class_list":["post-5","page","type-page","status-publish","hentry"],"acf":[],"yoast_head":"<!-- This site is optimized with the Yoast SEO Premium plugin v27.1 (Yoast SEO v27.1.1) - https:\/\/yoast.com\/product\/yoast-seo-premium-wordpress\/ -->\n<title>Usos Sulfato de Potasio - Alquera.com<\/title>\n<meta name=\"robots\" content=\"index, follow, max-snippet:-1, max-image-preview:large, max-video-preview:-1\" \/>\n<link rel=\"canonical\" href=\"https:\/\/www.alquera.com\/pt\/sulfato-de-potasio\/usos\/\" \/>\n<meta property=\"og:locale\" content=\"pt_PT\" \/>\n<meta property=\"og:type\" content=\"article\" \/>\n<meta property=\"og:title\" content=\"Usos Sulfato de Potasio\" \/>\n<meta property=\"og:description\" content=\"El sulfato de potasio&nbsp;o sulfato potasico es un compuesto qu\u00edmico de f\u00f3rmula K2SO4, que se presenta como polvo blanco o en grano. El sulfato de potasio es utilizado principalmente como fertilizante en los cultivos. El potasio (K) es uno de los nutrientes principales de las plantas y&nbsp;el sulfato de potasio es la forma principal de [&hellip;]\" \/>\n<meta property=\"og:url\" content=\"https:\/\/www.alquera.com\/pt\/sulfato-de-potasio\/usos\/\" \/>\n<meta property=\"og:site_name\" content=\"Alquera.com\" \/>\n<meta property=\"article:publisher\" content=\"https:\/\/www.facebook.com\/alqueraciencia\" \/>\n<meta property=\"article:modified_time\" content=\"2025-01-31T05:51:32+00:00\" \/>\n<meta property=\"og:image\" content=\"https:\/\/www.alquera.com\/wp-content\/uploads\/2020\/12\/SULFATO-DE-POTASIO-POLVO-SOP-scaled.jpg\" \/>\n\t<meta property=\"og:image:width\" content=\"800\" \/>\n\t<meta property=\"og:image:height\" content=\"800\" \/>\n\t<meta property=\"og:image:type\" content=\"image\/jpeg\" \/>\n<meta name=\"twitter:card\" content=\"summary_large_image\" \/>\n<meta name=\"twitter:label1\" content=\"Tempo estimado de leitura\" \/>\n\t<meta name=\"twitter:data1\" content=\"2 minutos\" \/>\n<script type=\"application\/ld+json\" class=\"yoast-schema-graph\">{\"@context\":\"https:\/\/schema.org\",\"@graph\":[{\"@type\":\"WebPage\",\"@id\":\"https:\/\/www.alquera.com\/sulfato-de-potasio\/usos\/\",\"url\":\"https:\/\/www.alquera.com\/sulfato-de-potasio\/usos\/\",\"name\":\"Usos Sulfato de Potasio - Alquera.com\",\"isPartOf\":{\"@id\":\"https:\/\/www.alquera.com\/en\/#website\"},\"primaryImageOfPage\":{\"@id\":\"https:\/\/www.alquera.com\/sulfato-de-potasio\/usos\/#primaryimage\"},\"image\":{\"@id\":\"https:\/\/www.alquera.com\/sulfato-de-potasio\/usos\/#primaryimage\"},\"thumbnailUrl\":\"https:\/\/www.alquera.com\/wp-content\/uploads\/2020\/12\/SULFATO-DE-POTASIO-POLVO-SOP-300x300.jpg\",\"datePublished\":\"2016-06-30T08:05:20+00:00\",\"dateModified\":\"2025-01-31T05:51:32+00:00\",\"breadcrumb\":{\"@id\":\"https:\/\/www.alquera.com\/sulfato-de-potasio\/usos\/#breadcrumb\"},\"inLanguage\":\"pt-PT\",\"potentialAction\":[{\"@type\":\"ReadAction\",\"target\":[\"https:\/\/www.alquera.com\/sulfato-de-potasio\/usos\/\"]}]},{\"@type\":\"ImageObject\",\"inLanguage\":\"pt-PT\",\"@id\":\"https:\/\/www.alquera.com\/sulfato-de-potasio\/usos\/#primaryimage\",\"url\":\"https:\/\/www.alquera.com\/wp-content\/uploads\/2020\/12\/SULFATO-DE-POTASIO-POLVO-SOP-300x300.jpg\",\"contentUrl\":\"https:\/\/www.alquera.com\/wp-content\/uploads\/2020\/12\/SULFATO-DE-POTASIO-POLVO-SOP-300x300.jpg\"},{\"@type\":\"BreadcrumbList\",\"@id\":\"https:\/\/www.alquera.com\/sulfato-de-potasio\/usos\/#breadcrumb\",\"itemListElement\":[{\"@type\":\"ListItem\",\"position\":1,\"name\":\"Inicio\",\"item\":\"https:\/\/www.alquera.com\/\"},{\"@type\":\"ListItem\",\"position\":2,\"name\":\"Sulfato de Potasio\",\"item\":\"https:\/\/www.alquera.com\/sulfato-de-potasio\/\"},{\"@type\":\"ListItem\",\"position\":3,\"name\":\"Usos Sulfato de Potasio\"}]},{\"@type\":\"WebSite\",\"@id\":\"https:\/\/www.alquera.com\/en\/#website\",\"url\":\"https:\/\/www.alquera.com\/en\/\",\"name\":\"Alquera.com\",\"description\":\"Tienda Online Productos Qu\u00edmicos y Material de Laboratorio\",\"publisher\":{\"@id\":\"https:\/\/www.alquera.com\/en\/#organization\"},\"potentialAction\":[{\"@type\":\"SearchAction\",\"target\":{\"@type\":\"EntryPoint\",\"urlTemplate\":\"https:\/\/www.alquera.com\/en\/?s={search_term_string}\"},\"query-input\":{\"@type\":\"PropertyValueSpecification\",\"valueRequired\":true,\"valueName\":\"search_term_string\"}}],\"inLanguage\":\"pt-PT\"},{\"@type\":\"Organization\",\"@id\":\"https:\/\/www.alquera.com\/en\/#organization\",\"name\":\"ALQUERA CIENCIA SL\",\"url\":\"https:\/\/www.alquera.com\/en\/\",\"logo\":{\"@type\":\"ImageObject\",\"inLanguage\":\"pt-PT\",\"@id\":\"https:\/\/www.alquera.com\/en\/#\/schema\/logo\/image\/\",\"url\":\"https:\/\/www.alquera.com\/wp-content\/uploads\/2020\/11\/logo_300_ancho.png\",\"contentUrl\":\"https:\/\/www.alquera.com\/wp-content\/uploads\/2020\/11\/logo_300_ancho.png\",\"width\":300,\"height\":86,\"caption\":\"ALQUERA CIENCIA SL\"},\"image\":{\"@id\":\"https:\/\/www.alquera.com\/en\/#\/schema\/logo\/image\/\"},\"sameAs\":[\"https:\/\/www.facebook.com\/alqueraciencia\",\"https:\/\/www.instagram.com\/alquera_ciencia\/\",\"https:\/\/www.youtube.com\/c\/alquera\"]}]}<\/script>\n<!-- \/ Yoast SEO Premium plugin. -->","yoast_head_json":{"title":"Utiliza sulfato de pot\u00e1ssio - Alquera.com","robots":{"index":"index","follow":"follow","max-snippet":"max-snippet:-1","max-image-preview":"max-image-preview:large","max-video-preview":"max-video-preview:-1"},"canonical":"https:\/\/www.alquera.com\/pt\/sulfato-de-potasio\/usos\/","og_locale":"pt_PT","og_type":"article","og_title":"Usos Sulfato de Potasio","og_description":"El sulfato de potasio&nbsp;o sulfato potasico es un compuesto qu\u00edmico de f\u00f3rmula K2SO4, que se presenta como polvo blanco o en grano. El sulfato de potasio es utilizado principalmente como fertilizante en los cultivos. El potasio (K) es uno de los nutrientes principales de las plantas y&nbsp;el sulfato de potasio es la forma principal de [&hellip;]","og_url":"https:\/\/www.alquera.com\/pt\/sulfato-de-potasio\/usos\/","og_site_name":"Alquera.com","article_publisher":"https:\/\/www.facebook.com\/alqueraciencia","article_modified_time":"2025-01-31T05:51:32+00:00","og_image":[{"width":800,"height":800,"url":"https:\/\/www.alquera.com\/wp-content\/uploads\/2020\/12\/SULFATO-DE-POTASIO-POLVO-SOP-scaled.jpg","type":"image\/jpeg"}],"twitter_card":"summary_large_image","twitter_misc":{"Tempo estimado de leitura":"2 minutos"},"schema":{"@context":"https:\/\/schema.org","@graph":[{"@type":"WebPage","@id":"https:\/\/www.alquera.com\/sulfato-de-potasio\/usos\/","url":"https:\/\/www.alquera.com\/sulfato-de-potasio\/usos\/","name":"Utiliza sulfato de pot\u00e1ssio - Alquera.com","isPartOf":{"@id":"https:\/\/www.alquera.com\/en\/#website"},"primaryImageOfPage":{"@id":"https:\/\/www.alquera.com\/sulfato-de-potasio\/usos\/#primaryimage"},"image":{"@id":"https:\/\/www.alquera.com\/sulfato-de-potasio\/usos\/#primaryimage"},"thumbnailUrl":"https:\/\/www.alquera.com\/wp-content\/uploads\/2020\/12\/SULFATO-DE-POTASIO-POLVO-SOP-300x300.jpg","datePublished":"2016-06-30T08:05:20+00:00","dateModified":"2025-01-31T05:51:32+00:00","breadcrumb":{"@id":"https:\/\/www.alquera.com\/sulfato-de-potasio\/usos\/#breadcrumb"},"inLanguage":"pt-PT","potentialAction":[{"@type":"ReadAction","target":["https:\/\/www.alquera.com\/sulfato-de-potasio\/usos\/"]}]},{"@type":"ImageObject","inLanguage":"pt-PT","@id":"https:\/\/www.alquera.com\/sulfato-de-potasio\/usos\/#primaryimage","url":"https:\/\/www.alquera.com\/wp-content\/uploads\/2020\/12\/SULFATO-DE-POTASIO-POLVO-SOP-300x300.jpg","contentUrl":"https:\/\/www.alquera.com\/wp-content\/uploads\/2020\/12\/SULFATO-DE-POTASIO-POLVO-SOP-300x300.jpg"},{"@type":"BreadcrumbList","@id":"https:\/\/www.alquera.com\/sulfato-de-potasio\/usos\/#breadcrumb","itemListElement":[{"@type":"ListItem","position":1,"name":"Inicio","item":"https:\/\/www.alquera.com\/"},{"@type":"ListItem","position":2,"name":"Sulfato de Potasio","item":"https:\/\/www.alquera.com\/sulfato-de-potasio\/"},{"@type":"ListItem","position":3,"name":"Usos Sulfato de Potasio"}]},{"@type":"WebSite","@id":"https:\/\/www.alquera.com\/en\/#website","url":"https:\/\/www.alquera.com\/en\/","name":"Alquera.com","description":"Loja on-line de produtos qu\u00edmicos e equipamento de laborat\u00f3rio","publisher":{"@id":"https:\/\/www.alquera.com\/en\/#organization"},"potentialAction":[{"@type":"SearchAction","target":{"@type":"EntryPoint","urlTemplate":"https:\/\/www.alquera.com\/en\/?s={search_term_string}"},"query-input":{"@type":"PropertyValueSpecification","valueRequired":true,"valueName":"search_term_string"}}],"inLanguage":"pt-PT"},{"@type":"Organization","@id":"https:\/\/www.alquera.com\/en\/#organization","name":"ALQUERA CIENCIA SL","url":"https:\/\/www.alquera.com\/en\/","logo":{"@type":"ImageObject","inLanguage":"pt-PT","@id":"https:\/\/www.alquera.com\/en\/#\/schema\/logo\/image\/","url":"https:\/\/www.alquera.com\/wp-content\/uploads\/2020\/11\/logo_300_ancho.png","contentUrl":"https:\/\/www.alquera.com\/wp-content\/uploads\/2020\/11\/logo_300_ancho.png","width":300,"height":86,"caption":"ALQUERA CIENCIA SL"},"image":{"@id":"https:\/\/www.alquera.com\/en\/#\/schema\/logo\/image\/"},"sameAs":["https:\/\/www.facebook.com\/alqueraciencia","https:\/\/www.instagram.com\/alquera_ciencia\/","https:\/\/www.youtube.com\/c\/alquera"]}]}},"_links":{"self":[{"href":"https:\/\/www.alquera.com\/pt\/wp-json\/wp\/v2\/pages\/5","targetHints":{"allow":["GET"]}}],"collection":[{"href":"https:\/\/www.alquera.com\/pt\/wp-json\/wp\/v2\/pages"}],"about":[{"href":"https:\/\/www.alquera.com\/pt\/wp-json\/wp\/v2\/types\/page"}],"author":[{"embeddable":true,"href":"https:\/\/www.alquera.com\/pt\/wp-json\/wp\/v2\/users\/1"}],"replies":[{"embeddable":true,"href":"https:\/\/www.alquera.com\/pt\/wp-json\/wp\/v2\/comments?post=5"}],"version-history":[{"count":11,"href":"https:\/\/www.alquera.com\/pt\/wp-json\/wp\/v2\/pages\/5\/revisions"}],"predecessor-version":[{"id":51299,"href":"https:\/\/www.alquera.com\/pt\/wp-json\/wp\/v2\/pages\/5\/revisions\/51299"}],"up":[{"embeddable":true,"href":"https:\/\/www.alquera.com\/pt\/wp-json\/wp\/v2\/pages\/32591"}],"wp:attachment":[{"href":"https:\/\/www.alquera.com\/pt\/wp-json\/wp\/v2\/media?parent=5"}],"curies":[{"name":"wp","href":"https:\/\/api.w.org\/{rel}","templated":true}]}}