{"id":7,"date":"2016-06-30T08:06:56","date_gmt":"2016-06-30T08:06:56","guid":{"rendered":"http:\/\/sulfatodro.cluster003.ovh.net\/?page_id=7"},"modified":"2021-09-12T14:15:21","modified_gmt":"2021-09-12T14:15:21","slug":"acuario","status":"publish","type":"page","link":"https:\/\/www.alquera.com\/pt\/sulfato-de-potasio\/acuario\/","title":{"rendered":"Aqu\u00e1rio de sulfato de pot\u00e1ssio"},"content":{"rendered":"<p>Se \u00e9 um especialista em aquariofilia, ou mant\u00e9m o seu aqu\u00e1rio h\u00e1 muito tempo, j\u00e1 saber\u00e1 que manter as plantas verdes \u00e9 um trabalho adicional para manter os peixes. Ter\u00e1 notado que \u00e9 f\u00e1cil para as suas plantas ficarem amarelas ou castanhas. Se isto acontecer, as suas plantas s\u00e3o deficientes em pot\u00e1ssio. De todos os nutrientes que as suas plantas de aqu\u00e1rio necessitam, o pot\u00e1ssio \u00e9 o \u00fanico que n\u00e3o pode obter da comida dos seus pr\u00f3prios peixes.  Esta falta de pot\u00e1ssio pode ser resolvida utilizando o <a href=\"https:\/\/www.alquera.com\/pt\/sulfato-de-potasio\/\">sulfato de pot\u00e1ssio<\/a>. Vejamos os componentes que as plantas de aqu\u00e1rio necessitam:<\/p>\n<p>As plantas precisam de macro e micronutrientes para o seu ciclo de vida e as plantas de aqu\u00e1rio n\u00e3o s\u00e3o excep\u00e7\u00e3o.<\/p>\n<h3>Componentes necess\u00e1rios para plantas de aqu\u00e1rio<\/h3>\n<p><img loading=\"lazy\" decoding=\"async\" class=\"wp-image-32219 aligncenter\" src=\"https:\/\/www.alquera.com\/wp-content\/uploads\/2020\/12\/sulfato-de-potasio-acuario-300x144.jpg\" alt=\"\" width=\"450\" height=\"215\" srcset=\"https:\/\/www.alquera.com\/wp-content\/uploads\/2020\/12\/sulfato-de-potasio-acuario-300x144.jpg 300w, https:\/\/www.alquera.com\/wp-content\/uploads\/2020\/12\/sulfato-de-potasio-acuario-600x287.jpg 600w, https:\/\/www.alquera.com\/wp-content\/uploads\/2020\/12\/sulfato-de-potasio-acuario.jpg 702w\" sizes=\"auto, (max-width: 450px) 100vw, 450px\" \/><\/p>\n<p>O <strong>macronutrientes<\/strong>Estes s\u00e3o os nutrientes que s\u00e3o necess\u00e1rios em maiores quantidades. Estes componentes s\u00e3o: nitrog\u00e9nio (N), f\u00f3sforo (P), pot\u00e1ssio (K), c\u00e1lcio (Ca), magn\u00e9sio (Mg) e enxofre (S).<\/p>\n<p>O <strong>micronutrientes<\/strong> s\u00e3o os nutrientes que as plantas necessitam em menores quantidades, os chamados nutrientes vestigiais: ferro (Fe), cobre (Cu), zinco (Zn), mangan\u00eas (Mn), boro (B) e molibd\u00e9nio (Mb).<\/p>\n<p>Macronutrientes importantes tais como nitrato e fosfato s\u00e3o fornecidos \u00e0s plantas atrav\u00e9s da alimenta\u00e7\u00e3o e dos res\u00edduos org\u00e2nicos gerados pelos peixes, e os micronutrientes necess\u00e1rios podem ser obtidos atrav\u00e9s da mudan\u00e7a da \u00e1gua da torneira.<\/p>\n<p>No entanto, o pot\u00e1ssio \u00e9 um macronutriente que n\u00e3o \u00e9 gerado em aqu\u00e1rios nem pode ser obtido de forma significativa atrav\u00e9s da mudan\u00e7a da \u00e1gua; portanto, ser\u00e1 necess\u00e1rio um fornecimento de pot\u00e1ssio para a manuten\u00e7\u00e3o das plantas no aqu\u00e1rio. O sulfato de pot\u00e1ssio \u00e9 o composto mais comummente utilizado para extrair pot\u00e1ssio.<\/p>\n<h2><strong>Dosagem recomendada para aqu\u00e1rio de pot\u00e1ssio com sulfato de pot\u00e1ssio<\/strong><\/h2>\n<p>Ao seleccionar a dosagem apropriada de sulfato de pot\u00e1ssio para o aqu\u00e1rio \u00e9 necess\u00e1rio ter em conta alguns factores, tais como os seguintes:<\/p>\n<ul>\n<li>O tamanho do aqu\u00e1rio.<\/li>\n<li>O n\u00famero de plantas no interior.<\/li>\n<li>O tipo de planta encontrada no aqu\u00e1rio.<\/li>\n<li>A ilumina\u00e7\u00e3o de que disp\u00f5e.<\/li>\n<li>Frequ\u00eancia da mudan\u00e7a de \u00e1gua<\/li>\n<\/ul>\n<p>A <strong>recomenda\u00e7\u00e3o para um aqu\u00e1rio padr\u00e3o<\/strong> seriam os seguintes montantes:<\/p>\n<p>50 gramas de sulfato de pot\u00e1ssio misturado com 1L de \u00e1gua, mexer bem, e deixar repousar durante 24 horas. Depois, para cada 100L de \u00e1gua de aqu\u00e1rio, adicionar cerca de 20ml da solu\u00e7\u00e3o. A frequ\u00eancia com que os 20ml de sulfato de pot\u00e1ssio por 100ml de \u00e1gua devem ser adicionados \u00e9 de 15 em 15 dias, no momento de mudar a \u00e1gua do aqu\u00e1rio.<\/p>\n<p>&nbsp;<\/p>\n<p>Neste v\u00eddeo pode ver um exemplo de como preparar sulfato de pot\u00e1ssio para aqu\u00e1rios:<\/p>\n<div class=\"ast-oembed-container\" style=\"height: 100%;\"><iframe loading=\"lazy\" title=\"Tutorial: Como preparar sulfato de pot\u00e1ssio para fertiliza\u00e7\u00e3o em aqu\u00e1rio\" width=\"500\" height=\"281\" src=\"https:\/\/www.youtube.com\/embed\/lI6c0u7C20E?feature=oembed\" frameborder=\"0\" allow=\"accelerometer; autoplay; clipboard-write; encrypted-media; gyroscope; picture-in-picture; web-share\" referrerpolicy=\"strict-origin-when-cross-origin\" allowfullscreen><\/iframe><\/div>\n<p>&nbsp;<\/p>\n<h2><strong>Como detectar uma defici\u00eancia de pot\u00e1ssio num aqu\u00e1rio?<\/strong><\/h2>\n<p>A defici\u00eancia de pot\u00e1ssio em plantas de aqu\u00e1rio pode tornar-se evidente quando as folhas come\u00e7am a ficar um pouco mais claras, at\u00e9 que as \u00e1reas brancas se tornem transparentes se n\u00e3o forem tratadas. Nos piores casos, come\u00e7ar\u00e3o a formar-se buracos nas folhas.<\/p>\n<p>\u00c9 tamb\u00e9m aconselh\u00e1vel fertilizar se as plantas forem colocadas antes dos peixes, uma vez que n\u00e3o ter\u00e3o quaisquer nutrientes.<\/p>\n<p>O sulfato de pot\u00e1ssio n\u00e3o \u00e9 utilizado apenas para plantas de aqu\u00e1rio.  \u00c9 tamb\u00e9m utilizado para fertiliza\u00e7\u00e3o de plantas secas, uma vez que o pot\u00e1ssio \u00e9 um dos nutrientes essenciais. Leia mais em <a href=\"https:\/\/www.alquera.com\/pt\/sulfato-de-potasio\/fertilizante\/\">esta sec\u00e7\u00e3o<\/a>.<\/p>\n<h3 class=\"widget-title\">Comprar <\/h3><div><div class=\"woocommerce\"><ul class=\"products columns-4\">\n<li class=\"desktop-align-left tablet-align-left mobile-align-left ast-product-gallery-layout-horizontal-slider ast-magnify-disabled ast-product-single-variable ast-product-tabs-layout-horizontal ast-qv-on-image product type-product post-495 status-publish first instock product_cat-productos-experimentos product_cat-productos has-post-thumbnail taxable shipping-taxable purchasable product-type-variable has-default-attributes\">\n\t<a href=\"https:\/\/www.alquera.com\/pt\/permanganato-de-potasio\/\" class=\"woocommerce-LoopProduct-link woocommerce-loop-product__link\"><img loading=\"lazy\" decoding=\"async\" width=\"300\" height=\"300\" src=\"https:\/\/www.alquera.com\/wp-content\/uploads\/2016\/01\/permanganato-200g-foto-nueva-300x300.png\" class=\"attachment-woocommerce_thumbnail size-woocommerce_thumbnail\" alt=\"permanganato 200g\" srcset=\"https:\/\/www.alquera.com\/wp-content\/uploads\/2016\/01\/permanganato-200g-foto-nueva-300x300.png 300w, https:\/\/www.alquera.com\/wp-content\/uploads\/2016\/01\/permanganato-200g-foto-nueva-150x150.png 150w, https:\/\/www.alquera.com\/wp-content\/uploads\/2016\/01\/permanganato-200g-foto-nueva-12x12.png 12w, https:\/\/www.alquera.com\/wp-content\/uploads\/2016\/01\/permanganato-200g-foto-nueva-100x100.png 100w\" sizes=\"auto, (max-width: 300px) 100vw, 300px\" \/><h2 class=\"woocommerce-loop-product__title\">Permanganato de Pot\u00e1ssio<\/h2><div class=\"review-rating\"><div class=\"star-rating\"><span style=\"width:100%\" data-no-translation=\"\" data-trp-gettext=\"\">Classificado <strong class=\"rating\">5.00<\/strong> em 5<\/span><\/div><\/div>\n<\/a><a href=\"https:\/\/www.alquera.com\/pt\/permanganato-de-potasio\/\" aria-describedby=\"woocommerce_loop_add_to_cart_link_describedby_495\" data-quantity=\"1\" class=\"button product_type_variable add_to_cart_button\" data-product_id=\"495\" data-product_sku=\"AL100111\" aria-label=\"Seleccione as op\u00e7\u00f5es para \u201cPermanganato de Potasio\u201d\" rel=\"nofollow\" data-no-translation=\"\" data-trp-gettext=\"\" data-no-translation-aria-label=\"\">Ver op\u00e7\u00f5es<\/a>\t<span id=\"woocommerce_loop_add_to_cart_link_describedby_495\" class=\"screen-reader-text\">\n\t\tEste produto tem v\u00e1rias variantes. As op\u00e7\u00f5es podem ser seleccionadas na p\u00e1gina do produto\t<\/span>\n<\/li>\n<\/ul>\n<\/div><\/div>\n<p class=\"widget-title\">Leia mais<\/p><a href=\"https:\/\/www.alquera.com\/pt\/sulfato-de-potasio\/\">Sulfato de Pot\u00e1ssio<\/a>\n<!-- Page-list plugin v.5.9 wordpress.org\/plugins\/page-list\/ -->\n<ul class=\"page-list siblings-page-list\">\n<li class=\"page_item page-item-5 menu-item\"><a href=\"https:\/\/www.alquera.com\/pt\/sulfato-de-potasio\/usos\/\" class=\"menu-link\">Utiliza sulfato de pot\u00e1ssio<\/a><\/li>\n<li class=\"page_item page-item-9 menu-item\"><a href=\"https:\/\/www.alquera.com\/pt\/sulfato-de-potasio\/fertilizante\/\" class=\"menu-link\">Fertilizante de sulfato de pot\u00e1ssio<\/a><\/li>\n<li class=\"page_item page-item-7 menu-item\"><a href=\"https:\/\/www.alquera.com\/pt\/sulfato-de-potasio\/acuario\/\" class=\"menu-link\">Aqu\u00e1rio de sulfato de pot\u00e1ssio<\/a><\/li>\n\n<\/ul>","protected":false},"excerpt":{"rendered":"<p>Si eres un especialista en acuarios, o llevas tiempo manteniendo tu acuario, ya sabr\u00e1s que mantener las plantas verdes es un trabajo adicional a la crianza de los peces. Habr\u00e1s visto que es f\u00e1cil que tus plantas se tornen de un color amarillo o marr\u00f3n. Si llegas a esa situaci\u00f3n es que tus plantas tienen [&hellip;]<\/p>\n","protected":false},"author":1,"featured_media":0,"parent":32591,"menu_order":3,"comment_status":"open","ping_status":"closed","template":"","meta":{"_acf_changed":false,"site-sidebar-layout":"default","site-content-layout":"default","ast-site-content-layout":"default","site-content-style":"default","site-sidebar-style":"default","ast-global-header-display":"","ast-banner-title-visibility":"","ast-main-header-display":"","ast-hfb-above-header-display":"","ast-hfb-below-header-display":"","ast-hfb-mobile-header-display":"","site-post-title":"","ast-breadcrumbs-content":"","ast-featured-img":"","footer-sml-layout":"","ast-disable-related-posts":"","theme-transparent-header-meta":"default","adv-header-id-meta":"","stick-header-meta":"default","header-above-stick-meta":"","header-main-stick-meta":"","header-below-stick-meta":"","astra-migrate-meta-layouts":"default","ast-page-background-enabled":"default","ast-page-background-meta":{"desktop":{"background-color":"var(--ast-global-color-4)","background-image":"","background-repeat":"repeat","background-position":"center center","background-size":"auto","background-attachment":"scroll","background-type":"","background-media":"","overlay-type":"","overlay-color":"","overlay-opacity":"","overlay-gradient":""},"tablet":{"background-color":"","background-image":"","background-repeat":"repeat","background-position":"center center","background-size":"auto","background-attachment":"scroll","background-type":"","background-media":"","overlay-type":"","overlay-color":"","overlay-opacity":"","overlay-gradient":""},"mobile":{"background-color":"","background-image":"","background-repeat":"repeat","background-position":"center center","background-size":"auto","background-attachment":"scroll","background-type":"","background-media":"","overlay-type":"","overlay-color":"","overlay-opacity":"","overlay-gradient":""}},"ast-content-background-meta":{"desktop":{"background-color":"var(--ast-global-color-5)","background-image":"","background-repeat":"repeat","background-position":"center center","background-size":"auto","background-attachment":"scroll","background-type":"","background-media":"","overlay-type":"","overlay-color":"","overlay-opacity":"","overlay-gradient":""},"tablet":{"background-color":"var(--ast-global-color-5)","background-image":"","background-repeat":"repeat","background-position":"center center","background-size":"auto","background-attachment":"scroll","background-type":"","background-media":"","overlay-type":"","overlay-color":"","overlay-opacity":"","overlay-gradient":""},"mobile":{"background-color":"var(--ast-global-color-5)","background-image":"","background-repeat":"repeat","background-position":"center center","background-size":"auto","background-attachment":"scroll","background-type":"","background-media":"","overlay-type":"","overlay-color":"","overlay-opacity":"","overlay-gradient":""}},"footnotes":""},"class_list":["post-7","page","type-page","status-publish","hentry"],"acf":[],"yoast_head":"<!-- This site is optimized with the Yoast SEO Premium plugin v27.1 (Yoast SEO v27.1.1) - https:\/\/yoast.com\/product\/yoast-seo-premium-wordpress\/ -->\n<title>Sulfato Potasico Acuario - Alquera.com<\/title>\n<meta name=\"robots\" content=\"index, follow, max-snippet:-1, max-image-preview:large, max-video-preview:-1\" \/>\n<link rel=\"canonical\" href=\"https:\/\/www.alquera.com\/pt\/sulfato-de-potasio\/acuario\/\" \/>\n<meta property=\"og:locale\" content=\"pt_PT\" \/>\n<meta property=\"og:type\" content=\"article\" \/>\n<meta property=\"og:title\" content=\"Sulfato Potasico Acuario\" \/>\n<meta property=\"og:description\" content=\"Si eres un especialista en acuarios, o llevas tiempo manteniendo tu acuario, ya sabr\u00e1s que mantener las plantas verdes es un trabajo adicional a la crianza de los peces. Habr\u00e1s visto que es f\u00e1cil que tus plantas se tornen de un color amarillo o marr\u00f3n. Si llegas a esa situaci\u00f3n es que tus plantas tienen [&hellip;]\" \/>\n<meta property=\"og:url\" content=\"https:\/\/www.alquera.com\/pt\/sulfato-de-potasio\/acuario\/\" \/>\n<meta property=\"og:site_name\" content=\"Alquera.com\" \/>\n<meta property=\"article:publisher\" content=\"https:\/\/www.facebook.com\/alqueraciencia\" \/>\n<meta property=\"article:modified_time\" content=\"2021-09-12T14:15:21+00:00\" \/>\n<meta property=\"og:image\" content=\"https:\/\/www.alquera.com\/wp-content\/uploads\/2020\/12\/sulfato-de-potasio-acuario-300x144.jpg\" \/>\n<meta name=\"twitter:card\" content=\"summary_large_image\" \/>\n<meta name=\"twitter:label1\" content=\"Tempo estimado de leitura\" \/>\n\t<meta name=\"twitter:data1\" content=\"3 minutos\" \/>\n<script type=\"application\/ld+json\" class=\"yoast-schema-graph\">{\"@context\":\"https:\/\/schema.org\",\"@graph\":[{\"@type\":\"WebPage\",\"@id\":\"https:\/\/www.alquera.com\/sulfato-de-potasio\/acuario\/\",\"url\":\"https:\/\/www.alquera.com\/sulfato-de-potasio\/acuario\/\",\"name\":\"Sulfato Potasico Acuario - Alquera.com\",\"isPartOf\":{\"@id\":\"https:\/\/www.alquera.com\/en\/#website\"},\"primaryImageOfPage\":{\"@id\":\"https:\/\/www.alquera.com\/sulfato-de-potasio\/acuario\/#primaryimage\"},\"image\":{\"@id\":\"https:\/\/www.alquera.com\/sulfato-de-potasio\/acuario\/#primaryimage\"},\"thumbnailUrl\":\"https:\/\/www.alquera.com\/wp-content\/uploads\/2020\/12\/sulfato-de-potasio-acuario-300x144.jpg\",\"datePublished\":\"2016-06-30T08:06:56+00:00\",\"dateModified\":\"2021-09-12T14:15:21+00:00\",\"breadcrumb\":{\"@id\":\"https:\/\/www.alquera.com\/sulfato-de-potasio\/acuario\/#breadcrumb\"},\"inLanguage\":\"pt-PT\",\"potentialAction\":[{\"@type\":\"ReadAction\",\"target\":[\"https:\/\/www.alquera.com\/sulfato-de-potasio\/acuario\/\"]}]},{\"@type\":\"ImageObject\",\"inLanguage\":\"pt-PT\",\"@id\":\"https:\/\/www.alquera.com\/sulfato-de-potasio\/acuario\/#primaryimage\",\"url\":\"https:\/\/www.alquera.com\/wp-content\/uploads\/2020\/12\/sulfato-de-potasio-acuario-300x144.jpg\",\"contentUrl\":\"https:\/\/www.alquera.com\/wp-content\/uploads\/2020\/12\/sulfato-de-potasio-acuario-300x144.jpg\"},{\"@type\":\"BreadcrumbList\",\"@id\":\"https:\/\/www.alquera.com\/sulfato-de-potasio\/acuario\/#breadcrumb\",\"itemListElement\":[{\"@type\":\"ListItem\",\"position\":1,\"name\":\"Inicio\",\"item\":\"https:\/\/www.alquera.com\/\"},{\"@type\":\"ListItem\",\"position\":2,\"name\":\"Sulfato de Potasio\",\"item\":\"https:\/\/www.alquera.com\/sulfato-de-potasio\/\"},{\"@type\":\"ListItem\",\"position\":3,\"name\":\"Sulfato Potasico Acuario\"}]},{\"@type\":\"WebSite\",\"@id\":\"https:\/\/www.alquera.com\/en\/#website\",\"url\":\"https:\/\/www.alquera.com\/en\/\",\"name\":\"Alquera.com\",\"description\":\"Tienda Online Productos Qu\u00edmicos y Material de Laboratorio\",\"publisher\":{\"@id\":\"https:\/\/www.alquera.com\/en\/#organization\"},\"potentialAction\":[{\"@type\":\"SearchAction\",\"target\":{\"@type\":\"EntryPoint\",\"urlTemplate\":\"https:\/\/www.alquera.com\/en\/?s={search_term_string}\"},\"query-input\":{\"@type\":\"PropertyValueSpecification\",\"valueRequired\":true,\"valueName\":\"search_term_string\"}}],\"inLanguage\":\"pt-PT\"},{\"@type\":\"Organization\",\"@id\":\"https:\/\/www.alquera.com\/en\/#organization\",\"name\":\"ALQUERA CIENCIA SL\",\"url\":\"https:\/\/www.alquera.com\/en\/\",\"logo\":{\"@type\":\"ImageObject\",\"inLanguage\":\"pt-PT\",\"@id\":\"https:\/\/www.alquera.com\/en\/#\/schema\/logo\/image\/\",\"url\":\"https:\/\/www.alquera.com\/wp-content\/uploads\/2020\/11\/logo_300_ancho.png\",\"contentUrl\":\"https:\/\/www.alquera.com\/wp-content\/uploads\/2020\/11\/logo_300_ancho.png\",\"width\":300,\"height\":86,\"caption\":\"ALQUERA CIENCIA SL\"},\"image\":{\"@id\":\"https:\/\/www.alquera.com\/en\/#\/schema\/logo\/image\/\"},\"sameAs\":[\"https:\/\/www.facebook.com\/alqueraciencia\",\"https:\/\/www.instagram.com\/alquera_ciencia\/\",\"https:\/\/www.youtube.com\/c\/alquera\"]}]}<\/script>\n<!-- \/ Yoast SEO Premium plugin. -->","yoast_head_json":{"title":"Aqu\u00e1rio de sulfato de pot\u00e1ssio - Alquera.com","robots":{"index":"index","follow":"follow","max-snippet":"max-snippet:-1","max-image-preview":"max-image-preview:large","max-video-preview":"max-video-preview:-1"},"canonical":"https:\/\/www.alquera.com\/pt\/sulfato-de-potasio\/acuario\/","og_locale":"pt_PT","og_type":"article","og_title":"Sulfato Potasico Acuario","og_description":"Si eres un especialista en acuarios, o llevas tiempo manteniendo tu acuario, ya sabr\u00e1s que mantener las plantas verdes es un trabajo adicional a la crianza de los peces. Habr\u00e1s visto que es f\u00e1cil que tus plantas se tornen de un color amarillo o marr\u00f3n. Si llegas a esa situaci\u00f3n es que tus plantas tienen [&hellip;]","og_url":"https:\/\/www.alquera.com\/pt\/sulfato-de-potasio\/acuario\/","og_site_name":"Alquera.com","article_publisher":"https:\/\/www.facebook.com\/alqueraciencia","article_modified_time":"2021-09-12T14:15:21+00:00","og_image":[{"url":"https:\/\/www.alquera.com\/wp-content\/uploads\/2020\/12\/sulfato-de-potasio-acuario-300x144.jpg","type":"","width":"","height":""}],"twitter_card":"summary_large_image","twitter_misc":{"Tempo estimado de leitura":"3 minutos"},"schema":{"@context":"https:\/\/schema.org","@graph":[{"@type":"WebPage","@id":"https:\/\/www.alquera.com\/sulfato-de-potasio\/acuario\/","url":"https:\/\/www.alquera.com\/sulfato-de-potasio\/acuario\/","name":"Aqu\u00e1rio de sulfato de pot\u00e1ssio - Alquera.com","isPartOf":{"@id":"https:\/\/www.alquera.com\/en\/#website"},"primaryImageOfPage":{"@id":"https:\/\/www.alquera.com\/sulfato-de-potasio\/acuario\/#primaryimage"},"image":{"@id":"https:\/\/www.alquera.com\/sulfato-de-potasio\/acuario\/#primaryimage"},"thumbnailUrl":"https:\/\/www.alquera.com\/wp-content\/uploads\/2020\/12\/sulfato-de-potasio-acuario-300x144.jpg","datePublished":"2016-06-30T08:06:56+00:00","dateModified":"2021-09-12T14:15:21+00:00","breadcrumb":{"@id":"https:\/\/www.alquera.com\/sulfato-de-potasio\/acuario\/#breadcrumb"},"inLanguage":"pt-PT","potentialAction":[{"@type":"ReadAction","target":["https:\/\/www.alquera.com\/sulfato-de-potasio\/acuario\/"]}]},{"@type":"ImageObject","inLanguage":"pt-PT","@id":"https:\/\/www.alquera.com\/sulfato-de-potasio\/acuario\/#primaryimage","url":"https:\/\/www.alquera.com\/wp-content\/uploads\/2020\/12\/sulfato-de-potasio-acuario-300x144.jpg","contentUrl":"https:\/\/www.alquera.com\/wp-content\/uploads\/2020\/12\/sulfato-de-potasio-acuario-300x144.jpg"},{"@type":"BreadcrumbList","@id":"https:\/\/www.alquera.com\/sulfato-de-potasio\/acuario\/#breadcrumb","itemListElement":[{"@type":"ListItem","position":1,"name":"Inicio","item":"https:\/\/www.alquera.com\/"},{"@type":"ListItem","position":2,"name":"Sulfato de Potasio","item":"https:\/\/www.alquera.com\/sulfato-de-potasio\/"},{"@type":"ListItem","position":3,"name":"Sulfato Potasico Acuario"}]},{"@type":"WebSite","@id":"https:\/\/www.alquera.com\/en\/#website","url":"https:\/\/www.alquera.com\/en\/","name":"Alquera.com","description":"Loja on-line de produtos qu\u00edmicos e equipamento de laborat\u00f3rio","publisher":{"@id":"https:\/\/www.alquera.com\/en\/#organization"},"potentialAction":[{"@type":"SearchAction","target":{"@type":"EntryPoint","urlTemplate":"https:\/\/www.alquera.com\/en\/?s={search_term_string}"},"query-input":{"@type":"PropertyValueSpecification","valueRequired":true,"valueName":"search_term_string"}}],"inLanguage":"pt-PT"},{"@type":"Organization","@id":"https:\/\/www.alquera.com\/en\/#organization","name":"ALQUERA CIENCIA SL","url":"https:\/\/www.alquera.com\/en\/","logo":{"@type":"ImageObject","inLanguage":"pt-PT","@id":"https:\/\/www.alquera.com\/en\/#\/schema\/logo\/image\/","url":"https:\/\/www.alquera.com\/wp-content\/uploads\/2020\/11\/logo_300_ancho.png","contentUrl":"https:\/\/www.alquera.com\/wp-content\/uploads\/2020\/11\/logo_300_ancho.png","width":300,"height":86,"caption":"ALQUERA CIENCIA SL"},"image":{"@id":"https:\/\/www.alquera.com\/en\/#\/schema\/logo\/image\/"},"sameAs":["https:\/\/www.facebook.com\/alqueraciencia","https:\/\/www.instagram.com\/alquera_ciencia\/","https:\/\/www.youtube.com\/c\/alquera"]}]}},"_links":{"self":[{"href":"https:\/\/www.alquera.com\/pt\/wp-json\/wp\/v2\/pages\/7","targetHints":{"allow":["GET"]}}],"collection":[{"href":"https:\/\/www.alquera.com\/pt\/wp-json\/wp\/v2\/pages"}],"about":[{"href":"https:\/\/www.alquera.com\/pt\/wp-json\/wp\/v2\/types\/page"}],"author":[{"embeddable":true,"href":"https:\/\/www.alquera.com\/pt\/wp-json\/wp\/v2\/users\/1"}],"replies":[{"embeddable":true,"href":"https:\/\/www.alquera.com\/pt\/wp-json\/wp\/v2\/comments?post=7"}],"version-history":[{"count":11,"href":"https:\/\/www.alquera.com\/pt\/wp-json\/wp\/v2\/pages\/7\/revisions"}],"predecessor-version":[{"id":34967,"href":"https:\/\/www.alquera.com\/pt\/wp-json\/wp\/v2\/pages\/7\/revisions\/34967"}],"up":[{"embeddable":true,"href":"https:\/\/www.alquera.com\/pt\/wp-json\/wp\/v2\/pages\/32591"}],"wp:attachment":[{"href":"https:\/\/www.alquera.com\/pt\/wp-json\/wp\/v2\/media?parent=7"}],"curies":[{"name":"wp","href":"https:\/\/api.w.org\/{rel}","templated":true}]}}