{"id":9,"date":"2016-06-30T08:28:48","date_gmt":"2016-06-30T08:28:48","guid":{"rendered":"http:\/\/sulfatodro.cluster003.ovh.net\/?page_id=9"},"modified":"2021-09-12T13:59:59","modified_gmt":"2021-09-12T13:59:59","slug":"fertilizante","status":"publish","type":"page","link":"https:\/\/www.alquera.com\/pt\/sulfato-de-potasio\/fertilizante\/","title":{"rendered":"Fertilizante de sulfato de pot\u00e1ssio"},"content":{"rendered":"<p>O <a href=\"https:\/\/www.alquera.com\/pt\/sulfato-de-potasio\/\"><strong>sulfato de pot\u00e1ssio<\/strong><\/a>\u00a0 ou sulfato de pot\u00e1ssio \u00e9 um composto que \u00e9 amplamente utilizado como um <strong>fertilizante<\/strong> de v\u00e1rias culturas, uma vez que \u00e9 uma fonte importante de <strong>pot\u00e1ssio.<\/strong> O pot\u00e1ssio \u00e9 um dos 12 principais nutrientes que as plantas precisam para crescer.<\/p>\n<h2>Sulfato de pot\u00e1ssio como fertilizante<\/h2>\n<p>O pot\u00e1ssio \u00e9 um elemento bastante comum na natureza. Encontra-se na superf\u00edcie das argilas e nas v\u00e1rias camadas de barro, mas dificilmente \u00e9 absorvido pelas ra\u00edzes das plantas desta forma. O pot\u00e1ssio tamb\u00e9m pode ser obtido do solo atrav\u00e9s da degrada\u00e7\u00e3o bacteriana, mas este processo \u00e9 muito lento e insuficiente para os n\u00edveis requeridos numa cultura. \u00c9 portanto necess\u00e1rio fazer um <strong>pot\u00e1ssio extra<\/strong>. Uma das formas mais comuns de o fazer \u00e9 atrav\u00e9s <strong>Sulfato de Pot\u00e1ssio<\/strong><\/p>\n<h2>Pot\u00e1ssio em Plantas<\/h2>\n<h3>Fun\u00e7\u00e3o do pot\u00e1ssio nas plantas<\/h3>\n<p>O <strong>pot\u00e1ssio<\/strong> \u00e9 um dos 12 principais nutrientes que as plantas necessitam. O pot\u00e1ssio em particular, juntamente com o azoto e o f\u00f3sforo, \u00e9 um dos 3 nutrientes que as plantas necessitam em maior quantidade.<\/p>\n<p>A presen\u00e7a de pot\u00e1ssio nas plantas cumpre fun\u00e7\u00f5es importantes, tais como as seguintes:<\/p>\n<ul>\n<li><strong>Forma a\u00e7\u00facares:<\/strong>\u00a0Uma boa concentra\u00e7\u00e3o de pot\u00e1ssio \u00e9 a caracter\u00edstica que permite que uma fruta seja mais doce do que outra; assim, se o sabor das frutas ou vegetais for um pouco azedo, \u00e9 provavelmente falta de pot\u00e1ssio.<\/li>\n<\/ul>\n<ul>\n<li>Estimula a <strong>conte\u00fado em \u00e1gua<\/strong> das c\u00e9lulas, e este facto est\u00e1 por isso intimamente relacionado com a engorda e a qualidade do fruto. Tem tamb\u00e9m um efeito de controlo sobre a permeabilidade das membranas celulares. Menos perda de \u00e1gua significa melhor preserva\u00e7\u00e3o de fruta e legumes. Desta forma, o pot\u00e1ssio est\u00e1 envolvido na engorda e qualidade da fruta, bem como o seu conte\u00fado em \u00e1gua, o que permite uma melhor preserva\u00e7\u00e3o da fruta e dos vegetais.<\/li>\n<\/ul>\n<ul>\n<li>O pot\u00e1ssio tamb\u00e9m ajuda a absor\u00e7\u00e3o de outros nutrientes tais como azoto, f\u00f3sforo e ferro.<\/li>\n<\/ul>\n<ul>\n<li>Aumento da resist\u00eancia das plantas: O pot\u00e1ssio contribui para a resist\u00eancia da planta ao frio e ao calor excessivo; tamb\u00e9m \u00e9 refor\u00e7ado na presen\u00e7a de insectos e doen\u00e7as.<\/li>\n<\/ul>\n<h3>Sintomas de defici\u00eancia de Pot\u00e1ssio<\/h3>\n<p>Defici\u00eancia de pot\u00e1ssio\u00a0<strong>pode ser observado <\/strong>\u00a0As folhas verdes tornam-se amarelas e as bordas e pontas das folhas mais velhas secam. Nas plantas deficientes em pot\u00e1ssio, o teor de pot\u00e1ssio \u00e9 reduzido. <strong>flora\u00e7\u00e3o<\/strong> e desenvolvimento de toda a planta.<\/p>\n<p><img loading=\"lazy\" decoding=\"async\" class=\"size-full wp-image-32217 aligncenter\" src=\"https:\/\/www.alquera.com\/wp-content\/uploads\/2020\/12\/falta-sulfato-de-potasio.jpg\" alt=\"falta de sulfato de potasio\" width=\"275\" height=\"183\" \/><\/p>\n<h2>Quando fertilizar com sulfato de pot\u00e1ssio<\/h2>\n<p>O sulfato de pot\u00e1ssio \u00e9 uma das formas de fornecimento de pot\u00e1ssio mais comummente utilizadas nas culturas. A sua utiliza\u00e7\u00e3o \u00e9 motivada pela detec\u00e7\u00e3o de uma falta de pot\u00e1ssio nas plantas ou numa base regular devido a uma das seguintes situa\u00e7\u00f5es<\/p>\n<ul>\n<li>Quando a defici\u00eancia principal do solo \u00e9 de pot\u00e1ssio ou os n\u00edveis de pot\u00e1ssio s\u00e3o adequados e precisamos de reabastecer o pot\u00e1ssio consumido pelas plantas.<\/li>\n<li>Quando as culturas consomem grandes quantidades de pot\u00e1ssio, como no caso do cultivo do tomate ou da paprica, por exemplo.<\/li>\n<li>Quando o pH de um solo alcalino deve ser reduzido.<\/li>\n<li>No caso de solos arenosos, a defici\u00eancia de pot\u00e1ssio \u00e9 muito comum, porque a chuva lava o pot\u00e1ssio das ra\u00edzes. Um levantamento constante do solo \u00e9 sempre aconselh\u00e1vel.<\/li>\n<li>Nas plantas de aqu\u00e1rio \u00e9 especialmente importante porque o pot\u00e1ssio n\u00e3o pode ser obtido de outras fontes. Pode ler mais em Sulfato de Pot\u00e1ssio em Plantas de Aqu\u00e1rio<\/li>\n<\/ul>\n<h2>Constituintes Sulfato de Pot\u00e1ssio Fertilizante<\/h2>\n<table>\n<tbody>\n<tr>\n<td colspan=\"2\" width=\"449\"><strong>Propriedades qu\u00edmicas\u00a0<\/strong><\/td>\n<\/tr>\n<tr>\n<td width=\"224\"><strong>F\u00f3rmula qu\u00edmica<\/strong><\/td>\n<td width=\"224\">K<sub>2<\/sub>SO<sub>4<\/sub><\/td>\n<\/tr>\n<tr>\n<td width=\"224\"><strong>Conte\u00fado K20<\/strong><\/td>\n<td width=\"224\">48-53%<\/td>\n<\/tr>\n<tr>\n<td width=\"224\"><strong>Teor de enxofre<\/strong><\/td>\n<td width=\"224\">17-18%<\/td>\n<\/tr>\n<tr>\n<td width=\"224\"><strong>Solubilidade em \u00e1gua (25\u00b0C)<\/strong><\/td>\n<td width=\"224\">120 g\/l<\/td>\n<\/tr>\n<tr>\n<td width=\"224\"><strong>pH da solu\u00e7\u00e3o<\/strong><\/td>\n<td width=\"224\">7<\/td>\n<\/tr>\n<\/tbody>\n<\/table>\n<h2>Dosagem Fertilizante de sulfato de pot\u00e1ssio<\/h2>\n<p>A fim de conhecer as necessidades de sulfato de pot\u00e1ssio de um determinado solo, \u00e9 necess\u00e1rio realizar um estudo do solo e receber uma prescri\u00e7\u00e3o de um t\u00e9cnico ou agr\u00f3nomo. Como orienta\u00e7\u00e3o, a tabela seguinte pode ser utilizada para a gest\u00e3o do sulfato de pot\u00e1ssio:<\/p>\n<table>\n<tbody>\n<tr>\n<td rowspan=\"2\" width=\"150\"><strong>N\u00edvel de K e S <\/strong><\/p>\n<p><strong>no terreno<\/strong><\/td>\n<td colspan=\"2\" width=\"299\"><strong>Dose necess\u00e1ria de sulfato de pot\u00e1ssio<\/strong><\/td>\n<\/tr>\n<tr>\n<td width=\"150\"><strong>Granular<\/strong><\/td>\n<td width=\"150\"><strong>P\u00f3 sol\u00favel<\/strong><\/td>\n<\/tr>\n<tr>\n<td width=\"150\">Muito baixo<\/td>\n<td width=\"150\">150-200 Kg\/ha<\/td>\n<td width=\"150\">1 Kg\/200litros<\/td>\n<\/tr>\n<tr>\n<td width=\"150\">Em<\/td>\n<td width=\"150\">100-150 Kg\/ha<\/td>\n<td width=\"150\">750gr\/200litros<\/td>\n<\/tr>\n<tr>\n<td width=\"150\">M\u00e9dio<\/td>\n<td width=\"150\">50-100Kg\/ha<\/td>\n<td width=\"150\">500gr\/200litros<\/td>\n<\/tr>\n<tr>\n<td width=\"150\">Alto<\/td>\n<td width=\"150\">N\u00e3o requer<\/td>\n<td width=\"150\">N\u00e3o requer<\/td>\n<\/tr>\n<\/tbody>\n<\/table>\n<p>&nbsp;<\/p>\n<h3 class=\"widget-title\">Comprar <\/h3><div><div class=\"woocommerce\"><ul class=\"products columns-4\">\n<li class=\"desktop-align-left tablet-align-left mobile-align-left ast-product-gallery-layout-horizontal-slider ast-magnify-disabled ast-product-single-variable ast-product-tabs-layout-horizontal ast-qv-on-image product type-product post-495 status-publish first instock product_cat-productos-experimentos product_cat-productos has-post-thumbnail taxable shipping-taxable purchasable product-type-variable has-default-attributes\">\n\t<a href=\"https:\/\/www.alquera.com\/pt\/permanganato-de-potasio\/\" class=\"woocommerce-LoopProduct-link woocommerce-loop-product__link\"><img loading=\"lazy\" decoding=\"async\" width=\"300\" height=\"300\" src=\"https:\/\/www.alquera.com\/wp-content\/uploads\/2016\/01\/permanganato-200g-foto-nueva-300x300.png\" class=\"attachment-woocommerce_thumbnail size-woocommerce_thumbnail\" alt=\"permanganato 200g\" srcset=\"https:\/\/www.alquera.com\/wp-content\/uploads\/2016\/01\/permanganato-200g-foto-nueva-300x300.png 300w, https:\/\/www.alquera.com\/wp-content\/uploads\/2016\/01\/permanganato-200g-foto-nueva-150x150.png 150w, https:\/\/www.alquera.com\/wp-content\/uploads\/2016\/01\/permanganato-200g-foto-nueva-12x12.png 12w, https:\/\/www.alquera.com\/wp-content\/uploads\/2016\/01\/permanganato-200g-foto-nueva-100x100.png 100w\" sizes=\"auto, (max-width: 300px) 100vw, 300px\" \/><h2 class=\"woocommerce-loop-product__title\">Permanganato de Pot\u00e1ssio<\/h2><div class=\"review-rating\"><div class=\"star-rating\"><span style=\"width:100%\" data-no-translation=\"\" data-trp-gettext=\"\">Classificado <strong class=\"rating\">5.00<\/strong> em 5<\/span><\/div><\/div>\n<\/a><a href=\"https:\/\/www.alquera.com\/pt\/permanganato-de-potasio\/\" aria-describedby=\"woocommerce_loop_add_to_cart_link_describedby_495\" data-quantity=\"1\" class=\"button product_type_variable add_to_cart_button\" data-product_id=\"495\" data-product_sku=\"AL100111\" aria-label=\"Seleccione as op\u00e7\u00f5es para \u201cPermanganato de Potasio\u201d\" rel=\"nofollow\" data-no-translation=\"\" data-trp-gettext=\"\" data-no-translation-aria-label=\"\">Ver op\u00e7\u00f5es<\/a>\t<span id=\"woocommerce_loop_add_to_cart_link_describedby_495\" class=\"screen-reader-text\">\n\t\tEste produto tem v\u00e1rias variantes. As op\u00e7\u00f5es podem ser seleccionadas na p\u00e1gina do produto\t<\/span>\n<\/li>\n<\/ul>\n<\/div><\/div>\n<p class=\"widget-title\">Leia mais<\/p><a href=\"https:\/\/www.alquera.com\/pt\/sulfato-de-potasio\/\">Sulfato de Pot\u00e1ssio<\/a>\n<!-- Page-list plugin v.5.9 wordpress.org\/plugins\/page-list\/ -->\n<ul class=\"page-list siblings-page-list\">\n<li class=\"page_item page-item-5 menu-item\"><a href=\"https:\/\/www.alquera.com\/pt\/sulfato-de-potasio\/usos\/\" class=\"menu-link\">Utiliza sulfato de pot\u00e1ssio<\/a><\/li>\n<li class=\"page_item page-item-9 menu-item\"><a href=\"https:\/\/www.alquera.com\/pt\/sulfato-de-potasio\/fertilizante\/\" class=\"menu-link\">Fertilizante de sulfato de pot\u00e1ssio<\/a><\/li>\n<li class=\"page_item page-item-7 menu-item\"><a href=\"https:\/\/www.alquera.com\/pt\/sulfato-de-potasio\/acuario\/\" class=\"menu-link\">Aqu\u00e1rio de sulfato de pot\u00e1ssio<\/a><\/li>\n\n<\/ul>","protected":false},"excerpt":{"rendered":"<p>El sulfato de potasio\u00a0 o sulfato pot\u00e1sico es un compuesto muy utilizado como fertilizante de diversos cultivos, ya que es una\u00a0fuente principal de potasio. El potasio es uno de los 12 nutrientes principales que necesitan las plantas para crecer. Sulfato de potasio como fertilizante El potasio es un elemento bastante com\u00fan en la naturaleza. Se [&hellip;]<\/p>\n","protected":false},"author":1,"featured_media":0,"parent":32591,"menu_order":2,"comment_status":"open","ping_status":"closed","template":"","meta":{"_acf_changed":false,"site-sidebar-layout":"default","site-content-layout":"","ast-site-content-layout":"default","site-content-style":"default","site-sidebar-style":"default","ast-global-header-display":"","ast-banner-title-visibility":"","ast-main-header-display":"","ast-hfb-above-header-display":"","ast-hfb-below-header-display":"","ast-hfb-mobile-header-display":"","site-post-title":"","ast-breadcrumbs-content":"","ast-featured-img":"","footer-sml-layout":"","ast-disable-related-posts":"","theme-transparent-header-meta":"","adv-header-id-meta":"","stick-header-meta":"","header-above-stick-meta":"","header-main-stick-meta":"","header-below-stick-meta":"","astra-migrate-meta-layouts":"default","ast-page-background-enabled":"default","ast-page-background-meta":{"desktop":{"background-color":"var(--ast-global-color-4)","background-image":"","background-repeat":"repeat","background-position":"center center","background-size":"auto","background-attachment":"scroll","background-type":"","background-media":"","overlay-type":"","overlay-color":"","overlay-opacity":"","overlay-gradient":""},"tablet":{"background-color":"","background-image":"","background-repeat":"repeat","background-position":"center center","background-size":"auto","background-attachment":"scroll","background-type":"","background-media":"","overlay-type":"","overlay-color":"","overlay-opacity":"","overlay-gradient":""},"mobile":{"background-color":"","background-image":"","background-repeat":"repeat","background-position":"center center","background-size":"auto","background-attachment":"scroll","background-type":"","background-media":"","overlay-type":"","overlay-color":"","overlay-opacity":"","overlay-gradient":""}},"ast-content-background-meta":{"desktop":{"background-color":"var(--ast-global-color-5)","background-image":"","background-repeat":"repeat","background-position":"center center","background-size":"auto","background-attachment":"scroll","background-type":"","background-media":"","overlay-type":"","overlay-color":"","overlay-opacity":"","overlay-gradient":""},"tablet":{"background-color":"var(--ast-global-color-5)","background-image":"","background-repeat":"repeat","background-position":"center center","background-size":"auto","background-attachment":"scroll","background-type":"","background-media":"","overlay-type":"","overlay-color":"","overlay-opacity":"","overlay-gradient":""},"mobile":{"background-color":"var(--ast-global-color-5)","background-image":"","background-repeat":"repeat","background-position":"center center","background-size":"auto","background-attachment":"scroll","background-type":"","background-media":"","overlay-type":"","overlay-color":"","overlay-opacity":"","overlay-gradient":""}},"footnotes":""},"class_list":["post-9","page","type-page","status-publish","hentry"],"acf":[],"yoast_head":"<!-- This site is optimized with the Yoast SEO Premium plugin v27.1 (Yoast SEO v27.1.1) - https:\/\/yoast.com\/product\/yoast-seo-premium-wordpress\/ -->\n<title>Sulfato de Potasio Fertilizante - Alquera.com<\/title>\n<meta name=\"robots\" content=\"index, follow, max-snippet:-1, max-image-preview:large, max-video-preview:-1\" \/>\n<link rel=\"canonical\" href=\"https:\/\/www.alquera.com\/pt\/sulfato-de-potasio\/fertilizante\/\" \/>\n<meta property=\"og:locale\" content=\"pt_PT\" \/>\n<meta property=\"og:type\" content=\"article\" \/>\n<meta property=\"og:title\" content=\"Sulfato de Potasio Fertilizante\" \/>\n<meta property=\"og:description\" content=\"El sulfato de potasio\u00a0 o sulfato pot\u00e1sico es un compuesto muy utilizado como fertilizante de diversos cultivos, ya que es una\u00a0fuente principal de potasio. El potasio es uno de los 12 nutrientes principales que necesitan las plantas para crecer. Sulfato de potasio como fertilizante El potasio es un elemento bastante com\u00fan en la naturaleza. Se [&hellip;]\" \/>\n<meta property=\"og:url\" content=\"https:\/\/www.alquera.com\/pt\/sulfato-de-potasio\/fertilizante\/\" \/>\n<meta property=\"og:site_name\" content=\"Alquera.com\" \/>\n<meta property=\"article:publisher\" content=\"https:\/\/www.facebook.com\/alqueraciencia\" \/>\n<meta property=\"article:modified_time\" content=\"2021-09-12T13:59:59+00:00\" \/>\n<meta property=\"og:image\" content=\"https:\/\/www.alquera.com\/wp-content\/uploads\/2020\/12\/falta-sulfato-de-potasio.jpg\" \/>\n<meta name=\"twitter:card\" content=\"summary_large_image\" \/>\n<meta name=\"twitter:label1\" content=\"Tempo estimado de leitura\" \/>\n\t<meta name=\"twitter:data1\" content=\"4 minutos\" \/>\n<script type=\"application\/ld+json\" class=\"yoast-schema-graph\">{\"@context\":\"https:\/\/schema.org\",\"@graph\":[{\"@type\":\"WebPage\",\"@id\":\"https:\/\/www.alquera.com\/sulfato-de-potasio\/fertilizante\/\",\"url\":\"https:\/\/www.alquera.com\/sulfato-de-potasio\/fertilizante\/\",\"name\":\"Sulfato de Potasio Fertilizante - Alquera.com\",\"isPartOf\":{\"@id\":\"https:\/\/www.alquera.com\/en\/#website\"},\"primaryImageOfPage\":{\"@id\":\"https:\/\/www.alquera.com\/sulfato-de-potasio\/fertilizante\/#primaryimage\"},\"image\":{\"@id\":\"https:\/\/www.alquera.com\/sulfato-de-potasio\/fertilizante\/#primaryimage\"},\"thumbnailUrl\":\"https:\/\/www.alquera.com\/wp-content\/uploads\/2020\/12\/falta-sulfato-de-potasio.jpg\",\"datePublished\":\"2016-06-30T08:28:48+00:00\",\"dateModified\":\"2021-09-12T13:59:59+00:00\",\"breadcrumb\":{\"@id\":\"https:\/\/www.alquera.com\/sulfato-de-potasio\/fertilizante\/#breadcrumb\"},\"inLanguage\":\"pt-PT\",\"potentialAction\":[{\"@type\":\"ReadAction\",\"target\":[\"https:\/\/www.alquera.com\/sulfato-de-potasio\/fertilizante\/\"]}]},{\"@type\":\"ImageObject\",\"inLanguage\":\"pt-PT\",\"@id\":\"https:\/\/www.alquera.com\/sulfato-de-potasio\/fertilizante\/#primaryimage\",\"url\":\"https:\/\/www.alquera.com\/wp-content\/uploads\/2020\/12\/falta-sulfato-de-potasio.jpg\",\"contentUrl\":\"https:\/\/www.alquera.com\/wp-content\/uploads\/2020\/12\/falta-sulfato-de-potasio.jpg\"},{\"@type\":\"BreadcrumbList\",\"@id\":\"https:\/\/www.alquera.com\/sulfato-de-potasio\/fertilizante\/#breadcrumb\",\"itemListElement\":[{\"@type\":\"ListItem\",\"position\":1,\"name\":\"Inicio\",\"item\":\"https:\/\/www.alquera.com\/\"},{\"@type\":\"ListItem\",\"position\":2,\"name\":\"Sulfato de Potasio\",\"item\":\"https:\/\/www.alquera.com\/sulfato-de-potasio\/\"},{\"@type\":\"ListItem\",\"position\":3,\"name\":\"Sulfato de Potasio Fertilizante\"}]},{\"@type\":\"WebSite\",\"@id\":\"https:\/\/www.alquera.com\/en\/#website\",\"url\":\"https:\/\/www.alquera.com\/en\/\",\"name\":\"Alquera.com\",\"description\":\"Tienda Online Productos Qu\u00edmicos y Material de Laboratorio\",\"publisher\":{\"@id\":\"https:\/\/www.alquera.com\/en\/#organization\"},\"potentialAction\":[{\"@type\":\"SearchAction\",\"target\":{\"@type\":\"EntryPoint\",\"urlTemplate\":\"https:\/\/www.alquera.com\/en\/?s={search_term_string}\"},\"query-input\":{\"@type\":\"PropertyValueSpecification\",\"valueRequired\":true,\"valueName\":\"search_term_string\"}}],\"inLanguage\":\"pt-PT\"},{\"@type\":\"Organization\",\"@id\":\"https:\/\/www.alquera.com\/en\/#organization\",\"name\":\"ALQUERA CIENCIA SL\",\"url\":\"https:\/\/www.alquera.com\/en\/\",\"logo\":{\"@type\":\"ImageObject\",\"inLanguage\":\"pt-PT\",\"@id\":\"https:\/\/www.alquera.com\/en\/#\/schema\/logo\/image\/\",\"url\":\"https:\/\/www.alquera.com\/wp-content\/uploads\/2020\/11\/logo_300_ancho.png\",\"contentUrl\":\"https:\/\/www.alquera.com\/wp-content\/uploads\/2020\/11\/logo_300_ancho.png\",\"width\":300,\"height\":86,\"caption\":\"ALQUERA CIENCIA SL\"},\"image\":{\"@id\":\"https:\/\/www.alquera.com\/en\/#\/schema\/logo\/image\/\"},\"sameAs\":[\"https:\/\/www.facebook.com\/alqueraciencia\",\"https:\/\/www.instagram.com\/alquera_ciencia\/\",\"https:\/\/www.youtube.com\/c\/alquera\"]}]}<\/script>\n<!-- \/ Yoast SEO Premium plugin. -->","yoast_head_json":{"title":"Fertilizante de sulfato de pot\u00e1ssio - Alquera.com","robots":{"index":"index","follow":"follow","max-snippet":"max-snippet:-1","max-image-preview":"max-image-preview:large","max-video-preview":"max-video-preview:-1"},"canonical":"https:\/\/www.alquera.com\/pt\/sulfato-de-potasio\/fertilizante\/","og_locale":"pt_PT","og_type":"article","og_title":"Sulfato de Potasio Fertilizante","og_description":"El sulfato de potasio\u00a0 o sulfato pot\u00e1sico es un compuesto muy utilizado como fertilizante de diversos cultivos, ya que es una\u00a0fuente principal de potasio. El potasio es uno de los 12 nutrientes principales que necesitan las plantas para crecer. Sulfato de potasio como fertilizante El potasio es un elemento bastante com\u00fan en la naturaleza. Se [&hellip;]","og_url":"https:\/\/www.alquera.com\/pt\/sulfato-de-potasio\/fertilizante\/","og_site_name":"Alquera.com","article_publisher":"https:\/\/www.facebook.com\/alqueraciencia","article_modified_time":"2021-09-12T13:59:59+00:00","og_image":[{"url":"https:\/\/www.alquera.com\/wp-content\/uploads\/2020\/12\/falta-sulfato-de-potasio.jpg","type":"","width":"","height":""}],"twitter_card":"summary_large_image","twitter_misc":{"Tempo estimado de leitura":"4 minutos"},"schema":{"@context":"https:\/\/schema.org","@graph":[{"@type":"WebPage","@id":"https:\/\/www.alquera.com\/sulfato-de-potasio\/fertilizante\/","url":"https:\/\/www.alquera.com\/sulfato-de-potasio\/fertilizante\/","name":"Fertilizante de sulfato de pot\u00e1ssio - Alquera.com","isPartOf":{"@id":"https:\/\/www.alquera.com\/en\/#website"},"primaryImageOfPage":{"@id":"https:\/\/www.alquera.com\/sulfato-de-potasio\/fertilizante\/#primaryimage"},"image":{"@id":"https:\/\/www.alquera.com\/sulfato-de-potasio\/fertilizante\/#primaryimage"},"thumbnailUrl":"https:\/\/www.alquera.com\/wp-content\/uploads\/2020\/12\/falta-sulfato-de-potasio.jpg","datePublished":"2016-06-30T08:28:48+00:00","dateModified":"2021-09-12T13:59:59+00:00","breadcrumb":{"@id":"https:\/\/www.alquera.com\/sulfato-de-potasio\/fertilizante\/#breadcrumb"},"inLanguage":"pt-PT","potentialAction":[{"@type":"ReadAction","target":["https:\/\/www.alquera.com\/sulfato-de-potasio\/fertilizante\/"]}]},{"@type":"ImageObject","inLanguage":"pt-PT","@id":"https:\/\/www.alquera.com\/sulfato-de-potasio\/fertilizante\/#primaryimage","url":"https:\/\/www.alquera.com\/wp-content\/uploads\/2020\/12\/falta-sulfato-de-potasio.jpg","contentUrl":"https:\/\/www.alquera.com\/wp-content\/uploads\/2020\/12\/falta-sulfato-de-potasio.jpg"},{"@type":"BreadcrumbList","@id":"https:\/\/www.alquera.com\/sulfato-de-potasio\/fertilizante\/#breadcrumb","itemListElement":[{"@type":"ListItem","position":1,"name":"Inicio","item":"https:\/\/www.alquera.com\/"},{"@type":"ListItem","position":2,"name":"Sulfato de Potasio","item":"https:\/\/www.alquera.com\/sulfato-de-potasio\/"},{"@type":"ListItem","position":3,"name":"Sulfato de Potasio Fertilizante"}]},{"@type":"WebSite","@id":"https:\/\/www.alquera.com\/en\/#website","url":"https:\/\/www.alquera.com\/en\/","name":"Alquera.com","description":"Loja on-line de produtos qu\u00edmicos e equipamento de laborat\u00f3rio","publisher":{"@id":"https:\/\/www.alquera.com\/en\/#organization"},"potentialAction":[{"@type":"SearchAction","target":{"@type":"EntryPoint","urlTemplate":"https:\/\/www.alquera.com\/en\/?s={search_term_string}"},"query-input":{"@type":"PropertyValueSpecification","valueRequired":true,"valueName":"search_term_string"}}],"inLanguage":"pt-PT"},{"@type":"Organization","@id":"https:\/\/www.alquera.com\/en\/#organization","name":"ALQUERA CIENCIA SL","url":"https:\/\/www.alquera.com\/en\/","logo":{"@type":"ImageObject","inLanguage":"pt-PT","@id":"https:\/\/www.alquera.com\/en\/#\/schema\/logo\/image\/","url":"https:\/\/www.alquera.com\/wp-content\/uploads\/2020\/11\/logo_300_ancho.png","contentUrl":"https:\/\/www.alquera.com\/wp-content\/uploads\/2020\/11\/logo_300_ancho.png","width":300,"height":86,"caption":"ALQUERA CIENCIA SL"},"image":{"@id":"https:\/\/www.alquera.com\/en\/#\/schema\/logo\/image\/"},"sameAs":["https:\/\/www.facebook.com\/alqueraciencia","https:\/\/www.instagram.com\/alquera_ciencia\/","https:\/\/www.youtube.com\/c\/alquera"]}]}},"_links":{"self":[{"href":"https:\/\/www.alquera.com\/pt\/wp-json\/wp\/v2\/pages\/9","targetHints":{"allow":["GET"]}}],"collection":[{"href":"https:\/\/www.alquera.com\/pt\/wp-json\/wp\/v2\/pages"}],"about":[{"href":"https:\/\/www.alquera.com\/pt\/wp-json\/wp\/v2\/types\/page"}],"author":[{"embeddable":true,"href":"https:\/\/www.alquera.com\/pt\/wp-json\/wp\/v2\/users\/1"}],"replies":[{"embeddable":true,"href":"https:\/\/www.alquera.com\/pt\/wp-json\/wp\/v2\/comments?post=9"}],"version-history":[{"count":4,"href":"https:\/\/www.alquera.com\/pt\/wp-json\/wp\/v2\/pages\/9\/revisions"}],"predecessor-version":[{"id":33196,"href":"https:\/\/www.alquera.com\/pt\/wp-json\/wp\/v2\/pages\/9\/revisions\/33196"}],"up":[{"embeddable":true,"href":"https:\/\/www.alquera.com\/pt\/wp-json\/wp\/v2\/pages\/32591"}],"wp:attachment":[{"href":"https:\/\/www.alquera.com\/pt\/wp-json\/wp\/v2\/media?parent=9"}],"curies":[{"name":"wp","href":"https:\/\/api.w.org\/{rel}","templated":true}]}}