{"id":9086,"date":"2020-10-06T11:18:06","date_gmt":"2020-10-06T11:18:06","guid":{"rendered":"http:\/\/localhost\/alquera\/?page_id=9086"},"modified":"2025-01-29T10:23:44","modified_gmt":"2025-01-29T10:23:44","slug":"9-politica-de-privacidad","status":"publish","type":"page","link":"https:\/\/www.alquera.com\/pt\/9-politica-de-privacidad\/","title":{"rendered":"Pol\u00edtica de Privacidade"},"content":{"rendered":"<h2 class=\"wp-block-heading\">POL\u00cdTICA DE COOKIES<\/h2>\r\n\r\n\r\n\r\n<p><strong>UTILIZA\u00c7\u00c3O DE COOKIES E DO FICHEIRO DE ACTIVIDADES<\/strong><\/p>\r\n\r\n\r\n\r\n<p>O fornecedor, por sua pr\u00f3pria conta ou a de um terceiro contratado para fornecer servi\u00e7os de medi\u00e7\u00e3o, pode utilizar cookies quando um utilizador navega no website. Os cookies s\u00e3o ficheiros enviados para o navegador por um servidor web a fim de registar as actividades do utilizador durante o seu tempo de navega\u00e7\u00e3o.<\/p>\r\n\r\n\r\n\r\n<p>Os cookies utilizados pelo s\u00edtio web est\u00e3o apenas associados a um utilizador an\u00f3nimo e ao seu computador, e n\u00e3o fornecem por si s\u00f3 os dados pessoais do utilizador.<\/p>\r\n\r\n\r\n\r\n<p>Atrav\u00e9s da utiliza\u00e7\u00e3o de cookies \u00e9 poss\u00edvel que o servidor onde se encontra o website reconhe\u00e7a o browser utilizado pelo utilizador para facilitar a navega\u00e7\u00e3o, permitindo, por exemplo, o acesso a utilizadores que se tenham previamente registado, acesso a \u00e1reas, servi\u00e7os, promo\u00e7\u00f5es ou concursos reservados exclusivamente para eles sem terem de se registar em cada visita. S\u00e3o tamb\u00e9m utilizados para medir a audi\u00eancia e os par\u00e2metros de tr\u00e1fego, monitorizar o progresso e o n\u00famero de entradas.<\/p>\r\n\r\n\r\n\r\n<p>O utilizador tem a possibilidade de configurar o seu navegador para ser notificado da recep\u00e7\u00e3o de cookies e para impedir a sua instala\u00e7\u00e3o no seu computador. Para mais informa\u00e7\u00f5es, consulte as instru\u00e7\u00f5es e manuais do seu navegador.<\/p>\r\n\r\n\r\n\r\n<p>Para utilizar o website, n\u00e3o \u00e9 necess\u00e1rio que o utilizador permita a instala\u00e7\u00e3o dos cookies enviados pelo website, ou o terceiro agindo em seu nome, sem preju\u00edzo do facto de ser necess\u00e1rio que o utilizador fa\u00e7a o login como tal em cada um dos servi\u00e7os cuja presta\u00e7\u00e3o requer registo pr\u00e9vio ou \"login\".<\/p>\r\n\r\n\r\n\r\n<p>Os cookies utilizados neste website s\u00e3o, em qualquer caso, de natureza tempor\u00e1ria com o \u00fanico objectivo de tornar a sua transmiss\u00e3o subsequente mais eficiente. Em nenhuma circunst\u00e2ncia ser\u00e3o utilizados cookies para recolher informa\u00e7\u00f5es pessoais.<\/p>\r\n\r\n\r\n\r\n<p><strong>DEFINI\u00c7\u00c3O E FUN\u00c7\u00d5ES<\/strong><\/p>\r\n\r\n\r\n\r\n<p>Um cookie \u00e9 um ficheiro que \u00e9 descarregado para o seu computador quando acede a determinados websites. Os cookies permitem, entre outras coisas, armazenar e recuperar informa\u00e7\u00f5es sobre os h\u00e1bitos de navega\u00e7\u00e3o de um utilizador ou do seu computador e, dependendo da informa\u00e7\u00e3o que cont\u00eam e da forma como utiliza o seu computador, podem ser utilizados para reconhecer o utilizador.<\/p>\r\n\r\n\r\n\r\n<p><strong>TIPOS DE COOKIES UTILIZADOS<\/strong><\/p>\r\n\r\n\r\n\r\n<p><em>1. biscoitos de desempenho<\/em><\/p>\r\n\r\n\r\n\r\n<p>Estes s\u00e3o cookies, processados por n\u00f3s ou por terceiros, que recolhem informa\u00e7\u00f5es sobre a forma como o website \u00e9 utilizado (por exemplo, as p\u00e1ginas que visita ou se ocorrem quaisquer erros) e que nos ajudam a localizar e resolver problemas, quantificar o n\u00famero de utilizadores ou medir a utiliza\u00e7\u00e3o do website. Toda a informa\u00e7\u00e3o recolhida \u00e9 completamente an\u00f3nima e ajuda-nos a compreender como funciona o nosso site e a fazer melhorias para facilitar a sua navega\u00e7\u00e3o.<\/p>\r\n\r\n\r\n\r\n<p>A utiliza\u00e7\u00e3o destes cookies ir\u00e1 permitir:<\/p>\r\n\r\n\r\n\r\n<p>Navega no site e, por sua vez, podemos compilar informa\u00e7\u00f5es sobre a forma como utiliza o site, para compreender a usabilidade do site, e ajudar-nos a fazer melhorias conforme necess\u00e1rio. Estes cookies n\u00e3o recolher\u00e3o qualquer informa\u00e7\u00e3o sobre si que possa ser utilizada para fins publicit\u00e1rios, ou informa\u00e7\u00f5es sobre as suas prefer\u00eancias (como os seus dados de utilizador) para al\u00e9m daquela visita em particular.<\/p>\r\n\r\n\r\n\r\n<p><em>2. Cookies funcionais<\/em><\/p>\r\n\r\n\r\n\r\n<p>O nosso objectivo com estes cookies \u00e9 melhorar a experi\u00eancia do utilizador. S\u00e3o utilizados para recordar determinadas configura\u00e7\u00f5es ou para fornecer determinados servi\u00e7os ou mensagens que possam melhorar a sua experi\u00eancia no nosso site. Por exemplo, lembram-se do pa\u00eds ou l\u00edngua que seleccionou ao visitar as p\u00e1ginas, e n\u00e3o s\u00e3o utilizados para fins de marketing.<\/p>\r\n\r\n\r\n\r\n<p>A utiliza\u00e7\u00e3o destes cookies ir\u00e1 permitir:<\/p>\r\n\r\n\r\n\r\n<p>Lembre-se dos seus dados de login de cliente quando regressar ao site. Nunca recolher qualquer informa\u00e7\u00e3o sobre si que possa ser utilizada para fins publicit\u00e1rios, ou informa\u00e7\u00f5es sobre as suas prefer\u00eancias (como os seus dados de utilizador) para al\u00e9m dessa visita em particular.<\/p>\r\n\r\n\r\n\r\n<p><em>3. Marketing de Cookies<\/em><\/p>\r\n\r\n\r\n\r\n<p>Estes s\u00e3o cookies geridos por terceiros. S\u00e3o enviados para o equipamento terminal do utilizador a partir de um computador ou dom\u00ednio que n\u00e3o \u00e9 gerido pelo editor, mas por outra entidade que processa os dados obtidos atrav\u00e9s dos cookies. Por conseguinte, pode utilizar as ferramentas destes terceiros para restringir a utiliza\u00e7\u00e3o destes cookies. Por exemplo, alguns deles s\u00e3o utilizados para ligar a outros websites que fornecem certos servi\u00e7os para ver ou descarregar v\u00eddeos, partilhar conte\u00fados em redes sociais (Facebook, Twitter ou Google). E, noutros casos, podem tamb\u00e9m modificar os an\u00fancios de outros s\u00edtios Web para os adaptar \u00e0s suas prefer\u00eancias.<\/p>\r\n\r\n\r\n\r\n<p>A utiliza\u00e7\u00e3o destes cookies ir\u00e1 permitir:<\/p>\r\n\r\n\r\n\r\n<p>Liga\u00e7\u00e3o a redes sociais, visualiza\u00e7\u00e3o ou descarregamento de v\u00eddeos, obten\u00e7\u00e3o de informa\u00e7\u00e3o sobre a sua visita ao nosso s\u00edtio web \u00fatil para a personaliza\u00e7\u00e3o de an\u00fancios a serem mostrados noutros s\u00edtios web ou p\u00e1ginas web. Tamb\u00e9m \u00e9 poss\u00edvel que quando visita uma p\u00e1gina web ou abre um e-mail onde um an\u00fancio ou promo\u00e7\u00e3o sobre os nossos produtos ou servi\u00e7os \u00e9 publicado, um cookie possa ser instalado no seu navegador que nos ajude a mostrar-lhe posteriormente publicidade relacionada com a pesquisa que fez, desenvolver um controlo dos nossos an\u00fancios em rela\u00e7\u00e3o, por exemplo, ao n\u00famero de vezes que s\u00e3o vistos, onde aparecem, a que horas s\u00e3o vistos, etc.<\/p>\r\n\r\n\r\n\r\n<p><strong>REVOGA\u00c7\u00c3O E ELIMINA\u00c7\u00c3O DE COOKIES<\/strong><\/p>\r\n\r\n\r\n\r\n<p>Pode permitir, bloquear ou apagar os cookies instalados no seu computador, configurando as op\u00e7\u00f5es do seu navegador.<br \/>instalados no seu computador, se n\u00e3o permitir a instala\u00e7\u00e3o de cookies no seu navegador, poder\u00e1 n\u00e3o conseguir aceder a alguns dos seguintes websites<br \/>sec\u00e7\u00f5es do nosso s\u00edtio web.<\/p>\r\n\r\n\r\n\r\n<p>Para saber como gerir os cookies no seu navegador, visite os links abaixo:<\/p>\r\n\r\n\r\n\r\n<p>Firefox de\u00a0<a href=\"http:\/\/support.mozilla.org\/es\/kb\/habilitar-y-deshabilitar-cookies-que-los-sitios-we\">http:\/\/support.mozilla.org\/es\/kb\/habilitar-y-deshabilitar-cookies-que-los-sitios-we<\/a><br \/>Cr\u00f3mio de\u00a0<a href=\"http:\/\/support.google.com\/chrome\/bin\/answer.py?hl=es&amp;answer=95647\">http:\/\/support.google.com\/chrome\/bin\/answer.py?hl=es&amp;answer=95647<\/a><br \/>Explorador de\u00a0<a href=\"http:\/\/windows.microsoft.com\/es-es\/windows7\/how-to-manage-cookies-in-internet-explorer-9\">http:\/\/windows.microsoft.com\/es-es\/windows7\/how-to-manage-cookies-in-internet-explorer-9<\/a><br \/>Safari de\u00a0<a href=\"http:\/\/support.apple.com\/kb\/ph5042\">http:\/\/support.apple.com\/kb\/ph5042<\/a><\/p>\r\n\r\n\r\n\r\n<p>Al\u00e9m disso, se desejar mais informa\u00e7\u00f5es sobre como utilizamos cookies, envie por favor um e-mail para: info@alquera.com<\/p>","protected":false},"excerpt":{"rendered":"<p>POL\u00cdTICA DE COOKIES USO DE COOKIES Y DEL FICHERO DE ACTIVIDAD El prestador por su propia cuenta o la de un tercero contratado para la prestaci\u00f3n de servicios de medici\u00f3n, pueden utilizar cookies cuando un usuario navega por el sitio web. Las cookies son ficheros enviados al navegador por medio de un servidor web con [&hellip;]<\/p>\n","protected":false},"author":1,"featured_media":0,"parent":0,"menu_order":0,"comment_status":"closed","ping_status":"closed","template":"","meta":{"_acf_changed":false,"site-sidebar-layout":"left-sidebar","site-content-layout":"","ast-site-content-layout":"default","site-content-style":"default","site-sidebar-style":"default","ast-global-header-display":"","ast-banner-title-visibility":"","ast-main-header-display":"","ast-hfb-above-header-display":"","ast-hfb-below-header-display":"","ast-hfb-mobile-header-display":"","site-post-title":"","ast-breadcrumbs-content":"","ast-featured-img":"","footer-sml-layout":"","ast-disable-related-posts":"","theme-transparent-header-meta":"","adv-header-id-meta":"","stick-header-meta":"","header-above-stick-meta":"","header-main-stick-meta":"","header-below-stick-meta":"","astra-migrate-meta-layouts":"set","ast-page-background-enabled":"default","ast-page-background-meta":{"desktop":{"background-color":"var(--ast-global-color-4)","background-image":"","background-repeat":"repeat","background-position":"center center","background-size":"auto","background-attachment":"scroll","background-type":"","background-media":"","overlay-type":"","overlay-color":"","overlay-opacity":"","overlay-gradient":""},"tablet":{"background-color":"","background-image":"","background-repeat":"repeat","background-position":"center center","background-size":"auto","background-attachment":"scroll","background-type":"","background-media":"","overlay-type":"","overlay-color":"","overlay-opacity":"","overlay-gradient":""},"mobile":{"background-color":"","background-image":"","background-repeat":"repeat","background-position":"center center","background-size":"auto","background-attachment":"scroll","background-type":"","background-media":"","overlay-type":"","overlay-color":"","overlay-opacity":"","overlay-gradient":""}},"ast-content-background-meta":{"desktop":{"background-color":"var(--ast-global-color-5)","background-image":"","background-repeat":"repeat","background-position":"center center","background-size":"auto","background-attachment":"scroll","background-type":"","background-media":"","overlay-type":"","overlay-color":"","overlay-opacity":"","overlay-gradient":""},"tablet":{"background-color":"var(--ast-global-color-5)","background-image":"","background-repeat":"repeat","background-position":"center center","background-size":"auto","background-attachment":"scroll","background-type":"","background-media":"","overlay-type":"","overlay-color":"","overlay-opacity":"","overlay-gradient":""},"mobile":{"background-color":"var(--ast-global-color-5)","background-image":"","background-repeat":"repeat","background-position":"center center","background-size":"auto","background-attachment":"scroll","background-type":"","background-media":"","overlay-type":"","overlay-color":"","overlay-opacity":"","overlay-gradient":""}},"footnotes":""},"class_list":["post-9086","page","type-page","status-publish","hentry"],"acf":[],"yoast_head":"<!-- This site is optimized with the Yoast SEO Premium plugin v27.1 (Yoast SEO v27.1.1) - https:\/\/yoast.com\/product\/yoast-seo-premium-wordpress\/ -->\n<title>Pol\u00edtica de Privacidad - Alquera.com<\/title>\n<meta name=\"robots\" content=\"index, follow, max-snippet:-1, max-image-preview:large, max-video-preview:-1\" \/>\n<link rel=\"canonical\" href=\"https:\/\/www.alquera.com\/pt\/9-politica-de-privacidad\/\" \/>\n<meta property=\"og:locale\" content=\"pt_PT\" \/>\n<meta property=\"og:type\" content=\"article\" \/>\n<meta property=\"og:title\" content=\"Pol\u00edtica de Privacidad\" \/>\n<meta property=\"og:description\" content=\"POL\u00cdTICA DE COOKIES USO DE COOKIES Y DEL FICHERO DE ACTIVIDAD El prestador por su propia cuenta o la de un tercero contratado para la prestaci\u00f3n de servicios de medici\u00f3n, pueden utilizar cookies cuando un usuario navega por el sitio web. Las cookies son ficheros enviados al navegador por medio de un servidor web con [&hellip;]\" \/>\n<meta property=\"og:url\" content=\"https:\/\/www.alquera.com\/pt\/9-politica-de-privacidad\/\" \/>\n<meta property=\"og:site_name\" content=\"Alquera.com\" \/>\n<meta property=\"article:publisher\" content=\"https:\/\/www.facebook.com\/alqueraciencia\" \/>\n<meta property=\"article:modified_time\" content=\"2025-01-29T10:23:44+00:00\" \/>\n<meta name=\"twitter:card\" content=\"summary_large_image\" \/>\n<meta name=\"twitter:label1\" content=\"Tempo estimado de leitura\" \/>\n\t<meta name=\"twitter:data1\" content=\"5 minutos\" \/>\n<script type=\"application\/ld+json\" class=\"yoast-schema-graph\">{\"@context\":\"https:\/\/schema.org\",\"@graph\":[{\"@type\":\"WebPage\",\"@id\":\"https:\/\/www.alquera.com\/9-politica-de-privacidad\/\",\"url\":\"https:\/\/www.alquera.com\/9-politica-de-privacidad\/\",\"name\":\"Pol\u00edtica de Privacidad - Alquera.com\",\"isPartOf\":{\"@id\":\"https:\/\/www.alquera.com\/en\/#website\"},\"datePublished\":\"2020-10-06T11:18:06+00:00\",\"dateModified\":\"2025-01-29T10:23:44+00:00\",\"breadcrumb\":{\"@id\":\"https:\/\/www.alquera.com\/9-politica-de-privacidad\/#breadcrumb\"},\"inLanguage\":\"pt-PT\",\"potentialAction\":[{\"@type\":\"ReadAction\",\"target\":[\"https:\/\/www.alquera.com\/9-politica-de-privacidad\/\"]}]},{\"@type\":\"BreadcrumbList\",\"@id\":\"https:\/\/www.alquera.com\/9-politica-de-privacidad\/#breadcrumb\",\"itemListElement\":[{\"@type\":\"ListItem\",\"position\":1,\"name\":\"Inicio\",\"item\":\"https:\/\/www.alquera.com\/\"},{\"@type\":\"ListItem\",\"position\":2,\"name\":\"Pol\u00edtica de Privacidad\"}]},{\"@type\":\"WebSite\",\"@id\":\"https:\/\/www.alquera.com\/en\/#website\",\"url\":\"https:\/\/www.alquera.com\/en\/\",\"name\":\"Alquera.com\",\"description\":\"Tienda Online Productos Qu\u00edmicos y Material de Laboratorio\",\"publisher\":{\"@id\":\"https:\/\/www.alquera.com\/en\/#organization\"},\"potentialAction\":[{\"@type\":\"SearchAction\",\"target\":{\"@type\":\"EntryPoint\",\"urlTemplate\":\"https:\/\/www.alquera.com\/en\/?s={search_term_string}\"},\"query-input\":{\"@type\":\"PropertyValueSpecification\",\"valueRequired\":true,\"valueName\":\"search_term_string\"}}],\"inLanguage\":\"pt-PT\"},{\"@type\":\"Organization\",\"@id\":\"https:\/\/www.alquera.com\/en\/#organization\",\"name\":\"ALQUERA CIENCIA SL\",\"url\":\"https:\/\/www.alquera.com\/en\/\",\"logo\":{\"@type\":\"ImageObject\",\"inLanguage\":\"pt-PT\",\"@id\":\"https:\/\/www.alquera.com\/en\/#\/schema\/logo\/image\/\",\"url\":\"https:\/\/www.alquera.com\/wp-content\/uploads\/2020\/11\/logo_300_ancho.png\",\"contentUrl\":\"https:\/\/www.alquera.com\/wp-content\/uploads\/2020\/11\/logo_300_ancho.png\",\"width\":300,\"height\":86,\"caption\":\"ALQUERA CIENCIA SL\"},\"image\":{\"@id\":\"https:\/\/www.alquera.com\/en\/#\/schema\/logo\/image\/\"},\"sameAs\":[\"https:\/\/www.facebook.com\/alqueraciencia\",\"https:\/\/www.instagram.com\/alquera_ciencia\/\",\"https:\/\/www.youtube.com\/c\/alquera\"]}]}<\/script>\n<!-- \/ Yoast SEO Premium plugin. -->","yoast_head_json":{"title":"Pol\u00edtica de Privacidade - Alquera.com","robots":{"index":"index","follow":"follow","max-snippet":"max-snippet:-1","max-image-preview":"max-image-preview:large","max-video-preview":"max-video-preview:-1"},"canonical":"https:\/\/www.alquera.com\/pt\/9-politica-de-privacidad\/","og_locale":"pt_PT","og_type":"article","og_title":"Pol\u00edtica de Privacidad","og_description":"POL\u00cdTICA DE COOKIES USO DE COOKIES Y DEL FICHERO DE ACTIVIDAD El prestador por su propia cuenta o la de un tercero contratado para la prestaci\u00f3n de servicios de medici\u00f3n, pueden utilizar cookies cuando un usuario navega por el sitio web. Las cookies son ficheros enviados al navegador por medio de un servidor web con [&hellip;]","og_url":"https:\/\/www.alquera.com\/pt\/9-politica-de-privacidad\/","og_site_name":"Alquera.com","article_publisher":"https:\/\/www.facebook.com\/alqueraciencia","article_modified_time":"2025-01-29T10:23:44+00:00","twitter_card":"summary_large_image","twitter_misc":{"Tempo estimado de leitura":"5 minutos"},"schema":{"@context":"https:\/\/schema.org","@graph":[{"@type":"WebPage","@id":"https:\/\/www.alquera.com\/9-politica-de-privacidad\/","url":"https:\/\/www.alquera.com\/9-politica-de-privacidad\/","name":"Pol\u00edtica de Privacidade - Alquera.com","isPartOf":{"@id":"https:\/\/www.alquera.com\/en\/#website"},"datePublished":"2020-10-06T11:18:06+00:00","dateModified":"2025-01-29T10:23:44+00:00","breadcrumb":{"@id":"https:\/\/www.alquera.com\/9-politica-de-privacidad\/#breadcrumb"},"inLanguage":"pt-PT","potentialAction":[{"@type":"ReadAction","target":["https:\/\/www.alquera.com\/9-politica-de-privacidad\/"]}]},{"@type":"BreadcrumbList","@id":"https:\/\/www.alquera.com\/9-politica-de-privacidad\/#breadcrumb","itemListElement":[{"@type":"ListItem","position":1,"name":"Inicio","item":"https:\/\/www.alquera.com\/"},{"@type":"ListItem","position":2,"name":"Pol\u00edtica de Privacidad"}]},{"@type":"WebSite","@id":"https:\/\/www.alquera.com\/en\/#website","url":"https:\/\/www.alquera.com\/en\/","name":"Alquera.com","description":"Loja on-line de produtos qu\u00edmicos e equipamento de laborat\u00f3rio","publisher":{"@id":"https:\/\/www.alquera.com\/en\/#organization"},"potentialAction":[{"@type":"SearchAction","target":{"@type":"EntryPoint","urlTemplate":"https:\/\/www.alquera.com\/en\/?s={search_term_string}"},"query-input":{"@type":"PropertyValueSpecification","valueRequired":true,"valueName":"search_term_string"}}],"inLanguage":"pt-PT"},{"@type":"Organization","@id":"https:\/\/www.alquera.com\/en\/#organization","name":"ALQUERA CIENCIA SL","url":"https:\/\/www.alquera.com\/en\/","logo":{"@type":"ImageObject","inLanguage":"pt-PT","@id":"https:\/\/www.alquera.com\/en\/#\/schema\/logo\/image\/","url":"https:\/\/www.alquera.com\/wp-content\/uploads\/2020\/11\/logo_300_ancho.png","contentUrl":"https:\/\/www.alquera.com\/wp-content\/uploads\/2020\/11\/logo_300_ancho.png","width":300,"height":86,"caption":"ALQUERA CIENCIA SL"},"image":{"@id":"https:\/\/www.alquera.com\/en\/#\/schema\/logo\/image\/"},"sameAs":["https:\/\/www.facebook.com\/alqueraciencia","https:\/\/www.instagram.com\/alquera_ciencia\/","https:\/\/www.youtube.com\/c\/alquera"]}]}},"_links":{"self":[{"href":"https:\/\/www.alquera.com\/pt\/wp-json\/wp\/v2\/pages\/9086","targetHints":{"allow":["GET"]}}],"collection":[{"href":"https:\/\/www.alquera.com\/pt\/wp-json\/wp\/v2\/pages"}],"about":[{"href":"https:\/\/www.alquera.com\/pt\/wp-json\/wp\/v2\/types\/page"}],"author":[{"embeddable":true,"href":"https:\/\/www.alquera.com\/pt\/wp-json\/wp\/v2\/users\/1"}],"replies":[{"embeddable":true,"href":"https:\/\/www.alquera.com\/pt\/wp-json\/wp\/v2\/comments?post=9086"}],"version-history":[{"count":3,"href":"https:\/\/www.alquera.com\/pt\/wp-json\/wp\/v2\/pages\/9086\/revisions"}],"predecessor-version":[{"id":51192,"href":"https:\/\/www.alquera.com\/pt\/wp-json\/wp\/v2\/pages\/9086\/revisions\/51192"}],"wp:attachment":[{"href":"https:\/\/www.alquera.com\/pt\/wp-json\/wp\/v2\/media?parent=9086"}],"curies":[{"name":"wp","href":"https:\/\/api.w.org\/{rel}","templated":true}]}}