{"id":9360,"date":"2020-10-14T15:22:28","date_gmt":"2020-10-14T15:22:28","guid":{"rendered":"http:\/\/localhost\/alquera\/?page_id=9360"},"modified":"2021-09-12T13:49:48","modified_gmt":"2021-09-12T13:49:48","slug":"usos-borax","status":"publish","type":"page","link":"https:\/\/www.alquera.com\/pt\/borax\/usos-borax\/","title":{"rendered":"Usos do Borax"},"content":{"rendered":"<p>O <a href=\"https:\/\/www.alquera.com\/pt\/borax\/\">b\u00f3rax<\/a>tamb\u00e9m conhecido como borato de s\u00f3dio, ou tetraborato de s\u00f3dio, \u00e9 um sal de boro e tem a f\u00f3rmula qu\u00edmica\u00a0<strong>Na2B4O7-10H2O<\/strong>. \u00c9 um dos produtos qu\u00edmicos com o maior n\u00famero de pequenas aplica\u00e7\u00f5es, tanto a n\u00edvel dom\u00e9stico como industrial. Apresenta-se sob a forma de gr\u00e3o fino ou p\u00f3, de cor branca.<\/p>\n<h2>Usos do Borax<\/h2>\n<p>Estaremos a detalhar n\u00e3o s\u00f3 o que \u00e9 o b\u00f3rax, mas tamb\u00e9m para que \u00e9 utilizado, os seus usos e aplica\u00e7\u00f5es:<\/p>\n<ul>\n<li><a href=\"https:\/\/www.alquera.com\/pt\/borax\/potenciador-detergente\/\"><span style=\"text-decoration: underline;\">Detergente<\/span><\/a>\u00c9 um grande impulsionador do detergente. Tem propriedades que facilitam a remo\u00e7\u00e3o de manchas e mant\u00e9m o pH da \u00e1gua a um n\u00edvel \u00f3ptimo para a limpeza. Leia mais sobre a sua utiliza\u00e7\u00e3o como detergente.<\/li>\n<li><a href=\"https:\/\/www.alquera.com\/pt\/borax\/limpieza-hogar\/\">Limpeza<\/a>Borax pode ser o seu grande aliado como complemento para a limpeza da sua casa. Pode ser usado para remo\u00e7\u00e3o de odores, remo\u00e7\u00e3o de n\u00f3doas, limpeza dos azulejos, ...ler mais.<\/li>\n<li><a href=\"https:\/\/www.alquera.com\/pt\/borax\/limpieza-hogar\/\">Eliminar os odores:<\/a> Pode utiliz\u00e1-lo dilu\u00eddo em \u00e1gua como ambientador ou como p\u00f3 directamente sobre tapetes, ou em \u00e1reas onde se pretenda eliminar odores.<\/li>\n<li><a href=\"https:\/\/www.alquera.com\/pt\/borax\/soldar-plata\/\">Prata de Soldadura<\/a>O b\u00f3rax \u00e9 normalmente utilizado como fluxo para a prata, aqui pode ler como preparar o seu fluxo de b\u00f3rax para a soldadura.<\/li>\n<li><span style=\"text-decoration: underline;\">Lodo<\/span>: Fazer uma lama \u00e9 uma das experi\u00eancias mais populares que se fazem hoje em dia. H\u00e1 v\u00e1rias maneiras de fazer uma lama, com cola, espuma de barbear, ..... Sem d\u00favida que a melhor maneira de fazer lodo \u00e9 com o uso de Borax. Leia como fazer uma lama. Nos \u00faltimos tempos, est\u00e1 tamb\u00e9m a ser adicionado p\u00f3 qu\u00edmico de neve para fazer uma lama de nuvens.<\/li>\n<li>Cristais de b\u00f3rax: Outra experi\u00eancia bem conhecida com crian\u00e7as \u00e9 a fabrica\u00e7\u00e3o de cristais. O Borax aumenta a sua solubilidade ao aquecer o l\u00edquido em que est\u00e1 contido, e \u00e0 medida que arrefece cristaliza, criando cristais qu\u00edmicos divertidos. Leia como fazer cristais.<\/li>\n<\/ul>\n<h2>F\u00f3rmula Qu\u00edmica<\/h2>\n<p>A sua f\u00f3rmula qu\u00edmica \u00e9 Na2B4O7-10H2O, da\u00ed o nome tetraborato de s\u00f3dio ou simplesmente borato de s\u00f3dio. Outras caracter\u00edsticas f\u00edsico-qu\u00edmicas seriam:<\/p>\n<table class=\"infobox\">\n<tbody>\n<tr>\n<th scope=\"row\">Apar\u00eancia<\/th>\n<td colspan=\"2\">branco<\/td>\n<\/tr>\n<tr>\n<th scope=\"row\">Densidade<\/th>\n<td colspan=\"2\">1730 kg\/m<sup>3<\/sup>1,73 g\/cm<sup>3<\/sup><\/td>\n<\/tr>\n<tr>\n<th scope=\"row\">Massa molar<\/th>\n<td colspan=\"2\">381,4 g\/mol<\/td>\n<\/tr>\n<tr>\n<th scope=\"row\">Ponto de fus\u00e3o<\/th>\n<td colspan=\"2\">1014 K (741 \u00b0C)<\/td>\n<\/tr>\n<\/tbody>\n<\/table>\n<p>O b\u00f3rax \u00e9 por vezes confundido com o b\u00f3rax. <a href=\"https:\/\/www.alquera.com\/pt\/acido-borico\/\">\u00e1cido b\u00f3rico<\/a>Os dois produtos s\u00e3o complementares, f\u00e1ceis de obter um do outro, mas n\u00e3o devem ser confundidos uma vez que n\u00e3o s\u00e3o o mesmo produto.<\/p>\n<h3 class=\"widget-title\">Comprar <\/h3><div><div class=\"woocommerce\"><ul class=\"products columns-4\">\n<li class=\"desktop-align-left tablet-align-left mobile-align-left ast-product-gallery-layout-horizontal-slider ast-magnify-disabled ast-product-single-variable ast-product-tabs-layout-horizontal ast-qv-on-image product type-product post-495 status-publish first instock product_cat-productos-experimentos product_cat-productos has-post-thumbnail taxable shipping-taxable purchasable product-type-variable has-default-attributes\">\n\t<a href=\"https:\/\/www.alquera.com\/pt\/permanganato-de-potasio\/\" class=\"woocommerce-LoopProduct-link woocommerce-loop-product__link\"><img loading=\"lazy\" decoding=\"async\" width=\"300\" height=\"300\" src=\"https:\/\/www.alquera.com\/wp-content\/uploads\/2016\/01\/permanganato-200g-foto-nueva-300x300.png\" class=\"attachment-woocommerce_thumbnail size-woocommerce_thumbnail\" alt=\"permanganato 200g\" srcset=\"https:\/\/www.alquera.com\/wp-content\/uploads\/2016\/01\/permanganato-200g-foto-nueva-300x300.png 300w, https:\/\/www.alquera.com\/wp-content\/uploads\/2016\/01\/permanganato-200g-foto-nueva-150x150.png 150w, https:\/\/www.alquera.com\/wp-content\/uploads\/2016\/01\/permanganato-200g-foto-nueva-12x12.png 12w, https:\/\/www.alquera.com\/wp-content\/uploads\/2016\/01\/permanganato-200g-foto-nueva-100x100.png 100w\" sizes=\"auto, (max-width: 300px) 100vw, 300px\" \/><h2 class=\"woocommerce-loop-product__title\">Permanganato de Pot\u00e1ssio<\/h2><div class=\"review-rating\"><div class=\"star-rating\"><span style=\"width:100%\" data-no-translation=\"\" data-trp-gettext=\"\">Classificado <strong class=\"rating\">5.00<\/strong> em 5<\/span><\/div><\/div>\n<\/a><a href=\"https:\/\/www.alquera.com\/pt\/permanganato-de-potasio\/\" aria-describedby=\"woocommerce_loop_add_to_cart_link_describedby_495\" data-quantity=\"1\" class=\"button product_type_variable add_to_cart_button\" data-product_id=\"495\" data-product_sku=\"AL100111\" aria-label=\"Seleccione as op\u00e7\u00f5es para \u201cPermanganato de Potasio\u201d\" rel=\"nofollow\" data-no-translation=\"\" data-trp-gettext=\"\" data-no-translation-aria-label=\"\">Ver op\u00e7\u00f5es<\/a>\t<span id=\"woocommerce_loop_add_to_cart_link_describedby_495\" class=\"screen-reader-text\">\n\t\tEste produto tem v\u00e1rias variantes. As op\u00e7\u00f5es podem ser seleccionadas na p\u00e1gina do produto\t<\/span>\n<\/li>\n<\/ul>\n<\/div><\/div>","protected":false},"excerpt":{"rendered":"<p>El borax, tambi\u00e9n conocido como borato de sodio, o tetraborato de sodio, es una sal del boro y tiene de f\u00f3rmula qu\u00edmica\u00a0Na2B4O7\u00b710H2O. Es uno de los productos qu\u00edmicos con mayor n\u00famero de peque\u00f1as aplicaciones, tanto a nivel dom\u00e9stico como a nivel industrial. Se presenta en forma de grano fino o polvo, en color blanco. Usos [&hellip;]<\/p>\n","protected":false},"author":1,"featured_media":0,"parent":32600,"menu_order":0,"comment_status":"open","ping_status":"closed","template":"","meta":{"_acf_changed":false,"site-sidebar-layout":"default","site-content-layout":"","ast-site-content-layout":"default","site-content-style":"default","site-sidebar-style":"default","ast-global-header-display":"","ast-banner-title-visibility":"","ast-main-header-display":"","ast-hfb-above-header-display":"","ast-hfb-below-header-display":"","ast-hfb-mobile-header-display":"","site-post-title":"","ast-breadcrumbs-content":"","ast-featured-img":"","footer-sml-layout":"","ast-disable-related-posts":"","theme-transparent-header-meta":"","adv-header-id-meta":"","stick-header-meta":"","header-above-stick-meta":"","header-main-stick-meta":"","header-below-stick-meta":"","astra-migrate-meta-layouts":"default","ast-page-background-enabled":"default","ast-page-background-meta":{"desktop":{"background-color":"var(--ast-global-color-4)","background-image":"","background-repeat":"repeat","background-position":"center center","background-size":"auto","background-attachment":"scroll","background-type":"","background-media":"","overlay-type":"","overlay-color":"","overlay-opacity":"","overlay-gradient":""},"tablet":{"background-color":"","background-image":"","background-repeat":"repeat","background-position":"center center","background-size":"auto","background-attachment":"scroll","background-type":"","background-media":"","overlay-type":"","overlay-color":"","overlay-opacity":"","overlay-gradient":""},"mobile":{"background-color":"","background-image":"","background-repeat":"repeat","background-position":"center center","background-size":"auto","background-attachment":"scroll","background-type":"","background-media":"","overlay-type":"","overlay-color":"","overlay-opacity":"","overlay-gradient":""}},"ast-content-background-meta":{"desktop":{"background-color":"var(--ast-global-color-5)","background-image":"","background-repeat":"repeat","background-position":"center center","background-size":"auto","background-attachment":"scroll","background-type":"","background-media":"","overlay-type":"","overlay-color":"","overlay-opacity":"","overlay-gradient":""},"tablet":{"background-color":"var(--ast-global-color-5)","background-image":"","background-repeat":"repeat","background-position":"center center","background-size":"auto","background-attachment":"scroll","background-type":"","background-media":"","overlay-type":"","overlay-color":"","overlay-opacity":"","overlay-gradient":""},"mobile":{"background-color":"var(--ast-global-color-5)","background-image":"","background-repeat":"repeat","background-position":"center center","background-size":"auto","background-attachment":"scroll","background-type":"","background-media":"","overlay-type":"","overlay-color":"","overlay-opacity":"","overlay-gradient":""}},"footnotes":""},"class_list":["post-9360","page","type-page","status-publish","hentry"],"acf":[],"yoast_head":"<!-- This site is optimized with the Yoast SEO Premium plugin v27.1 (Yoast SEO v27.1.1) - https:\/\/yoast.com\/product\/yoast-seo-premium-wordpress\/ -->\n<title>Usos del Borax - Alquera.com<\/title>\n<meta name=\"description\" content=\"El borax es un producto qu\u00edmico con multitud de aplicaciones, desde potenciar lavado, soldado plata, hacer slime... Ver sus propiedades.\" \/>\n<meta name=\"robots\" content=\"index, follow, max-snippet:-1, max-image-preview:large, max-video-preview:-1\" \/>\n<link rel=\"canonical\" href=\"https:\/\/www.alquera.com\/pt\/borax\/usos-borax\/\" \/>\n<meta property=\"og:locale\" content=\"pt_PT\" \/>\n<meta property=\"og:type\" content=\"article\" \/>\n<meta property=\"og:title\" content=\"Usos del Borax\" \/>\n<meta property=\"og:description\" content=\"El borax es un producto qu\u00edmico con multitud de aplicaciones, desde potenciar lavado, soldado plata, hacer slime... Ver sus propiedades.\" \/>\n<meta property=\"og:url\" content=\"https:\/\/www.alquera.com\/pt\/borax\/usos-borax\/\" \/>\n<meta property=\"og:site_name\" content=\"Alquera.com\" \/>\n<meta property=\"article:publisher\" content=\"https:\/\/www.facebook.com\/alqueraciencia\" \/>\n<meta property=\"article:modified_time\" content=\"2021-09-12T13:49:48+00:00\" \/>\n<meta name=\"twitter:card\" content=\"summary_large_image\" \/>\n<meta name=\"twitter:label1\" content=\"Tempo estimado de leitura\" \/>\n\t<meta name=\"twitter:data1\" content=\"2 minutos\" \/>\n<script type=\"application\/ld+json\" class=\"yoast-schema-graph\">{\"@context\":\"https:\/\/schema.org\",\"@graph\":[{\"@type\":\"WebPage\",\"@id\":\"https:\/\/www.alquera.com\/borax\/usos-borax\/\",\"url\":\"https:\/\/www.alquera.com\/borax\/usos-borax\/\",\"name\":\"Usos del Borax - Alquera.com\",\"isPartOf\":{\"@id\":\"https:\/\/www.alquera.com\/en\/#website\"},\"datePublished\":\"2020-10-14T15:22:28+00:00\",\"dateModified\":\"2021-09-12T13:49:48+00:00\",\"description\":\"El borax es un producto qu\u00edmico con multitud de aplicaciones, desde potenciar lavado, soldado plata, hacer slime... Ver sus propiedades.\",\"breadcrumb\":{\"@id\":\"https:\/\/www.alquera.com\/borax\/usos-borax\/#breadcrumb\"},\"inLanguage\":\"pt-PT\",\"potentialAction\":[{\"@type\":\"ReadAction\",\"target\":[\"https:\/\/www.alquera.com\/borax\/usos-borax\/\"]}]},{\"@type\":\"BreadcrumbList\",\"@id\":\"https:\/\/www.alquera.com\/borax\/usos-borax\/#breadcrumb\",\"itemListElement\":[{\"@type\":\"ListItem\",\"position\":1,\"name\":\"Inicio\",\"item\":\"https:\/\/www.alquera.com\/\"},{\"@type\":\"ListItem\",\"position\":2,\"name\":\"Borax\",\"item\":\"https:\/\/www.alquera.com\/borax\/\"},{\"@type\":\"ListItem\",\"position\":3,\"name\":\"Usos del Borax\"}]},{\"@type\":\"WebSite\",\"@id\":\"https:\/\/www.alquera.com\/en\/#website\",\"url\":\"https:\/\/www.alquera.com\/en\/\",\"name\":\"Alquera.com\",\"description\":\"Tienda Online Productos Qu\u00edmicos y Material de Laboratorio\",\"publisher\":{\"@id\":\"https:\/\/www.alquera.com\/en\/#organization\"},\"potentialAction\":[{\"@type\":\"SearchAction\",\"target\":{\"@type\":\"EntryPoint\",\"urlTemplate\":\"https:\/\/www.alquera.com\/en\/?s={search_term_string}\"},\"query-input\":{\"@type\":\"PropertyValueSpecification\",\"valueRequired\":true,\"valueName\":\"search_term_string\"}}],\"inLanguage\":\"pt-PT\"},{\"@type\":\"Organization\",\"@id\":\"https:\/\/www.alquera.com\/en\/#organization\",\"name\":\"ALQUERA CIENCIA SL\",\"url\":\"https:\/\/www.alquera.com\/en\/\",\"logo\":{\"@type\":\"ImageObject\",\"inLanguage\":\"pt-PT\",\"@id\":\"https:\/\/www.alquera.com\/en\/#\/schema\/logo\/image\/\",\"url\":\"https:\/\/www.alquera.com\/wp-content\/uploads\/2020\/11\/logo_300_ancho.png\",\"contentUrl\":\"https:\/\/www.alquera.com\/wp-content\/uploads\/2020\/11\/logo_300_ancho.png\",\"width\":300,\"height\":86,\"caption\":\"ALQUERA CIENCIA SL\"},\"image\":{\"@id\":\"https:\/\/www.alquera.com\/en\/#\/schema\/logo\/image\/\"},\"sameAs\":[\"https:\/\/www.facebook.com\/alqueraciencia\",\"https:\/\/www.instagram.com\/alquera_ciencia\/\",\"https:\/\/www.youtube.com\/c\/alquera\"]}]}<\/script>\n<!-- \/ Yoast SEO Premium plugin. -->","yoast_head_json":{"title":"Usos do Borax - Alquera.com","description":"O Borax \u00e9 um produto qu\u00edmico com m\u00faltiplas aplica\u00e7\u00f5es, desde a lavagem com impulso, soldadura de prata, produ\u00e7\u00e3o de lodo... Ver as suas propriedades.","robots":{"index":"index","follow":"follow","max-snippet":"max-snippet:-1","max-image-preview":"max-image-preview:large","max-video-preview":"max-video-preview:-1"},"canonical":"https:\/\/www.alquera.com\/pt\/borax\/usos-borax\/","og_locale":"pt_PT","og_type":"article","og_title":"Usos del Borax","og_description":"El borax es un producto qu\u00edmico con multitud de aplicaciones, desde potenciar lavado, soldado plata, hacer slime... Ver sus propiedades.","og_url":"https:\/\/www.alquera.com\/pt\/borax\/usos-borax\/","og_site_name":"Alquera.com","article_publisher":"https:\/\/www.facebook.com\/alqueraciencia","article_modified_time":"2021-09-12T13:49:48+00:00","twitter_card":"summary_large_image","twitter_misc":{"Tempo estimado de leitura":"2 minutos"},"schema":{"@context":"https:\/\/schema.org","@graph":[{"@type":"WebPage","@id":"https:\/\/www.alquera.com\/borax\/usos-borax\/","url":"https:\/\/www.alquera.com\/borax\/usos-borax\/","name":"Usos do Borax - Alquera.com","isPartOf":{"@id":"https:\/\/www.alquera.com\/en\/#website"},"datePublished":"2020-10-14T15:22:28+00:00","dateModified":"2021-09-12T13:49:48+00:00","description":"O Borax \u00e9 um produto qu\u00edmico com m\u00faltiplas aplica\u00e7\u00f5es, desde a lavagem com impulso, soldadura de prata, produ\u00e7\u00e3o de lodo... Ver as suas propriedades.","breadcrumb":{"@id":"https:\/\/www.alquera.com\/borax\/usos-borax\/#breadcrumb"},"inLanguage":"pt-PT","potentialAction":[{"@type":"ReadAction","target":["https:\/\/www.alquera.com\/borax\/usos-borax\/"]}]},{"@type":"BreadcrumbList","@id":"https:\/\/www.alquera.com\/borax\/usos-borax\/#breadcrumb","itemListElement":[{"@type":"ListItem","position":1,"name":"Inicio","item":"https:\/\/www.alquera.com\/"},{"@type":"ListItem","position":2,"name":"Borax","item":"https:\/\/www.alquera.com\/borax\/"},{"@type":"ListItem","position":3,"name":"Usos del Borax"}]},{"@type":"WebSite","@id":"https:\/\/www.alquera.com\/en\/#website","url":"https:\/\/www.alquera.com\/en\/","name":"Alquera.com","description":"Loja on-line de produtos qu\u00edmicos e equipamento de laborat\u00f3rio","publisher":{"@id":"https:\/\/www.alquera.com\/en\/#organization"},"potentialAction":[{"@type":"SearchAction","target":{"@type":"EntryPoint","urlTemplate":"https:\/\/www.alquera.com\/en\/?s={search_term_string}"},"query-input":{"@type":"PropertyValueSpecification","valueRequired":true,"valueName":"search_term_string"}}],"inLanguage":"pt-PT"},{"@type":"Organization","@id":"https:\/\/www.alquera.com\/en\/#organization","name":"ALQUERA CIENCIA SL","url":"https:\/\/www.alquera.com\/en\/","logo":{"@type":"ImageObject","inLanguage":"pt-PT","@id":"https:\/\/www.alquera.com\/en\/#\/schema\/logo\/image\/","url":"https:\/\/www.alquera.com\/wp-content\/uploads\/2020\/11\/logo_300_ancho.png","contentUrl":"https:\/\/www.alquera.com\/wp-content\/uploads\/2020\/11\/logo_300_ancho.png","width":300,"height":86,"caption":"ALQUERA CIENCIA SL"},"image":{"@id":"https:\/\/www.alquera.com\/en\/#\/schema\/logo\/image\/"},"sameAs":["https:\/\/www.facebook.com\/alqueraciencia","https:\/\/www.instagram.com\/alquera_ciencia\/","https:\/\/www.youtube.com\/c\/alquera"]}]}},"_links":{"self":[{"href":"https:\/\/www.alquera.com\/pt\/wp-json\/wp\/v2\/pages\/9360","targetHints":{"allow":["GET"]}}],"collection":[{"href":"https:\/\/www.alquera.com\/pt\/wp-json\/wp\/v2\/pages"}],"about":[{"href":"https:\/\/www.alquera.com\/pt\/wp-json\/wp\/v2\/types\/page"}],"author":[{"embeddable":true,"href":"https:\/\/www.alquera.com\/pt\/wp-json\/wp\/v2\/users\/1"}],"replies":[{"embeddable":true,"href":"https:\/\/www.alquera.com\/pt\/wp-json\/wp\/v2\/comments?post=9360"}],"version-history":[{"count":8,"href":"https:\/\/www.alquera.com\/pt\/wp-json\/wp\/v2\/pages\/9360\/revisions"}],"predecessor-version":[{"id":33181,"href":"https:\/\/www.alquera.com\/pt\/wp-json\/wp\/v2\/pages\/9360\/revisions\/33181"}],"up":[{"embeddable":true,"href":"https:\/\/www.alquera.com\/pt\/wp-json\/wp\/v2\/pages\/32600"}],"wp:attachment":[{"href":"https:\/\/www.alquera.com\/pt\/wp-json\/wp\/v2\/media?parent=9360"}],"curies":[{"name":"wp","href":"https:\/\/api.w.org\/{rel}","templated":true}]}}