{"id":9369,"date":"2020-10-14T15:40:18","date_gmt":"2020-10-14T15:40:18","guid":{"rendered":"http:\/\/localhost\/alquera\/?page_id=9369"},"modified":"2021-09-12T13:49:37","modified_gmt":"2021-09-12T13:49:37","slug":"potenciador-detergente","status":"publish","type":"page","link":"https:\/\/www.alquera.com\/pt\/borax\/potenciador-detergente\/","title":{"rendered":"Detergente de B\u00f3rax Booster"},"content":{"rendered":"<p>O <a href=\"https:\/\/www.alquera.com\/pt\/borax\/\">b\u00f3rax<\/a> \u00e9 um produto qu\u00edmico, que se apresenta sob a forma de p\u00f3 branco, que entre algumas das suas caracter\u00edsticas est\u00e1 o facto de refor\u00e7ar o efeito do detergente de m\u00e1quina de lavar roupa. Tudo o que precisa de fazer \u00e9 adicionar meio copo de b\u00f3rax como detergente \u00e0 carga na sua m\u00e1quina de lavar roupa para conseguir os efeitos descritos abaixo:<\/p>\n<h2>O que \u00e9 o b\u00f3rax<\/h2>\n<p>O Borax \u00e9 um produto qu\u00edmico sob a forma de p\u00f3 branco. A sua f\u00f3rmula qu\u00edmica \u00e9\u00a0<strong>Na2B4O7-10H2O, <\/strong>e pode ser encontrado naturalmente na natureza.<\/p>\n<h3>Porqu\u00ea utilizar o Borax como detergente?<\/h3>\n<p>O Borax ir\u00e1 aumentar a pot\u00eancia do seu detergente. Basta colocar meia ch\u00e1vena de b\u00f3rax juntamente com a roupa na m\u00e1quina de lavar e adicionar o seu detergente normal, e isso ir\u00e1 impulsionar a lavagem da pr\u00f3xima lavagem:<\/p>\n<h3>1. roupas de lix\u00edvia<\/h3>\n<p>Quando misturado com \u00e1gua, o b\u00f3rax tem a propriedade de converter parte das mol\u00e9culas de \u00e1gua em per\u00f3xido de hidrog\u00e9nio, que \u00e9 um grande oxidante que permite a remo\u00e7\u00e3o de manchas muito dif\u00edceis tais como manchas de sangue ou de vinho. \u00c9 aplicado adicionando meia ch\u00e1vena de b\u00f3rax \u00e0 carga da m\u00e1quina de lavar.<\/p>\n<p><img loading=\"lazy\" decoding=\"async\" class=\"size-medium wp-image-32324 aligncenter\" src=\"https:\/\/www.alquera.com\/wp-content\/uploads\/2020\/12\/borax-ropa-blanca-300x156.jpg\" alt=\"borax ropa blanca\" width=\"300\" height=\"156\" srcset=\"https:\/\/www.alquera.com\/wp-content\/uploads\/2020\/12\/borax-ropa-blanca-300x156.jpg 300w, https:\/\/www.alquera.com\/wp-content\/uploads\/2020\/12\/borax-ropa-blanca.jpg 312w\" sizes=\"auto, (max-width: 300px) 100vw, 300px\" \/><\/p>\n<h3><\/h3>\n<h3>2. Poderosa ac\u00e7\u00e3o anti-manchas do detergente<\/h3>\n<p>Tamb\u00e9m pode ser aplicado separadamente directamente sobre a mancha. Uma pasta de b\u00f3rax \u00e9 feita com \u00e1gua e aplicada sobre a mancha teimosa.<\/p>\n<p><img loading=\"lazy\" decoding=\"async\" class=\"size-medium wp-image-32330 aligncenter\" src=\"https:\/\/www.alquera.com\/wp-content\/uploads\/2020\/12\/lavadora-300x169.jpg\" alt=\"borax detergente\" width=\"300\" height=\"169\" srcset=\"https:\/\/www.alquera.com\/wp-content\/uploads\/2020\/12\/lavadora-300x169.jpg 300w, https:\/\/www.alquera.com\/wp-content\/uploads\/2020\/12\/lavadora-1024x577.jpg 1024w, https:\/\/www.alquera.com\/wp-content\/uploads\/2020\/12\/lavadora-768x433.jpg 768w, https:\/\/www.alquera.com\/wp-content\/uploads\/2020\/12\/lavadora-600x338.jpg 600w, https:\/\/www.alquera.com\/wp-content\/uploads\/2020\/12\/lavadora-scaled.jpg 800w\" sizes=\"auto, (max-width: 300px) 100vw, 300px\" \/><\/p>\n<h3>3. mant\u00e9m o pH da \u00e1gua nos valores ideais para a limpeza.<\/h3>\n<p>O Borax tem um car\u00e1cter alcalino, mantendo o pH da \u00e1gua em cerca de 8. Ajuda a remover a dureza da \u00e1gua, tornando-a mais adequada para a lavagem. Basta adicionar meia ch\u00e1vena de b\u00f3rax \u00e0 carga normal de lavagem e adicionar detergente, como habitualmente. Combina o efeito 1 (remo\u00e7\u00e3o de manchas atrav\u00e9s do oxig\u00e9nio activo fornecido pelo per\u00f3xido de hidrog\u00e9nio) com o efeito de manter um pH ideal para a limpeza.<\/p>\n<h3>4. Neutraliza os odores na m\u00e1quina de lavar roupa e na lavandaria.<\/h3>\n<p>O Borax \u00e9 um desodorizante natural tanto para odores de humidade na m\u00e1quina de lavar roupa (por exemplo, fungos que ocorrem frequentemente em ambientes h\u00famidos) como para odores fortes na roupa. Funciona eliminando os fungos h\u00famidos, bem como os odores fortes em fraldas, ou os odores fortes de transpira\u00e7\u00e3o comuns nos humanos.<\/p>\n<h3 class=\"widget-title\">Comprar <\/h3><div><div class=\"woocommerce\"><ul class=\"products columns-4\">\n<li class=\"desktop-align-left tablet-align-left mobile-align-left ast-product-gallery-layout-horizontal-slider ast-magnify-disabled ast-product-single-variable ast-product-tabs-layout-horizontal ast-qv-on-image product type-product post-495 status-publish first instock product_cat-productos-experimentos product_cat-productos has-post-thumbnail taxable shipping-taxable purchasable product-type-variable has-default-attributes\">\n\t<a href=\"https:\/\/www.alquera.com\/pt\/permanganato-de-potasio\/\" class=\"woocommerce-LoopProduct-link woocommerce-loop-product__link\"><img loading=\"lazy\" decoding=\"async\" width=\"300\" height=\"300\" src=\"https:\/\/www.alquera.com\/wp-content\/uploads\/2016\/01\/permanganato-200g-foto-nueva-300x300.png\" class=\"attachment-woocommerce_thumbnail size-woocommerce_thumbnail\" alt=\"permanganato 200g\" srcset=\"https:\/\/www.alquera.com\/wp-content\/uploads\/2016\/01\/permanganato-200g-foto-nueva-300x300.png 300w, https:\/\/www.alquera.com\/wp-content\/uploads\/2016\/01\/permanganato-200g-foto-nueva-150x150.png 150w, https:\/\/www.alquera.com\/wp-content\/uploads\/2016\/01\/permanganato-200g-foto-nueva-12x12.png 12w, https:\/\/www.alquera.com\/wp-content\/uploads\/2016\/01\/permanganato-200g-foto-nueva-100x100.png 100w\" sizes=\"auto, (max-width: 300px) 100vw, 300px\" \/><h2 class=\"woocommerce-loop-product__title\">Permanganato de Pot\u00e1ssio<\/h2><div class=\"review-rating\"><div class=\"star-rating\"><span style=\"width:100%\" data-no-translation=\"\" data-trp-gettext=\"\">Classificado <strong class=\"rating\">5.00<\/strong> em 5<\/span><\/div><\/div>\n<\/a><a href=\"https:\/\/www.alquera.com\/pt\/permanganato-de-potasio\/\" aria-describedby=\"woocommerce_loop_add_to_cart_link_describedby_495\" data-quantity=\"1\" class=\"button product_type_variable add_to_cart_button\" data-product_id=\"495\" data-product_sku=\"AL100111\" aria-label=\"Seleccione as op\u00e7\u00f5es para \u201cPermanganato de Potasio\u201d\" rel=\"nofollow\" data-no-translation=\"\" data-trp-gettext=\"\" data-no-translation-aria-label=\"\">Ver op\u00e7\u00f5es<\/a>\t<span id=\"woocommerce_loop_add_to_cart_link_describedby_495\" class=\"screen-reader-text\">\n\t\tEste produto tem v\u00e1rias variantes. As op\u00e7\u00f5es podem ser seleccionadas na p\u00e1gina do produto\t<\/span>\n<\/li>\n<\/ul>\n<\/div><\/div>\n<p class=\"widget-title\">Leia mais<\/p><a href=\"https:\/\/www.alquera.com\/pt\/borax\/\">B\u00f3rax<\/a>\n<!-- Page-list plugin v.5.9 wordpress.org\/plugins\/page-list\/ -->\n<ul class=\"page-list siblings-page-list\">\n<li class=\"page_item page-item-9383 menu-item\"><a href=\"https:\/\/www.alquera.com\/pt\/borax\/insecticida\/\" class=\"menu-link\">B\u00f3rax como inseticida<\/a><\/li>\n<li class=\"page_item page-item-9369 menu-item\"><a href=\"https:\/\/www.alquera.com\/pt\/borax\/potenciador-detergente\/\" class=\"menu-link\">Detergente de B\u00f3rax Booster<\/a><\/li>\n<li class=\"page_item page-item-9380 menu-item\"><a href=\"https:\/\/www.alquera.com\/pt\/borax\/soldar-plata\/\" class=\"menu-link\">Prata de Solda B\u00f3rax<\/a><\/li>\n<li class=\"page_item page-item-9360 menu-item\"><a href=\"https:\/\/www.alquera.com\/pt\/borax\/usos-borax\/\" class=\"menu-link\">Usos do Borax<\/a><\/li>\n\n<\/ul>","protected":false},"excerpt":{"rendered":"<p>El borax es un producto qu\u00edmico, que se presenta en forma de polvo blanco, que entre alguna de sus caracter\u00edsticas est\u00e1 la de potenciar el efecto del detergente de lavadora. S\u00f3lo hace falta a\u00f1adir media taza de borax como detergente a la carga de tu lavadora habitual, para conseguir los efectos que te contamos a [&hellip;]<\/p>\n","protected":false},"author":1,"featured_media":0,"parent":32600,"menu_order":0,"comment_status":"open","ping_status":"closed","template":"","meta":{"_acf_changed":false,"site-sidebar-layout":"default","site-content-layout":"","ast-site-content-layout":"default","site-content-style":"default","site-sidebar-style":"default","ast-global-header-display":"","ast-banner-title-visibility":"","ast-main-header-display":"","ast-hfb-above-header-display":"","ast-hfb-below-header-display":"","ast-hfb-mobile-header-display":"","site-post-title":"","ast-breadcrumbs-content":"","ast-featured-img":"","footer-sml-layout":"","ast-disable-related-posts":"","theme-transparent-header-meta":"","adv-header-id-meta":"","stick-header-meta":"","header-above-stick-meta":"","header-main-stick-meta":"","header-below-stick-meta":"","astra-migrate-meta-layouts":"default","ast-page-background-enabled":"default","ast-page-background-meta":{"desktop":{"background-color":"var(--ast-global-color-4)","background-image":"","background-repeat":"repeat","background-position":"center center","background-size":"auto","background-attachment":"scroll","background-type":"","background-media":"","overlay-type":"","overlay-color":"","overlay-opacity":"","overlay-gradient":""},"tablet":{"background-color":"","background-image":"","background-repeat":"repeat","background-position":"center center","background-size":"auto","background-attachment":"scroll","background-type":"","background-media":"","overlay-type":"","overlay-color":"","overlay-opacity":"","overlay-gradient":""},"mobile":{"background-color":"","background-image":"","background-repeat":"repeat","background-position":"center center","background-size":"auto","background-attachment":"scroll","background-type":"","background-media":"","overlay-type":"","overlay-color":"","overlay-opacity":"","overlay-gradient":""}},"ast-content-background-meta":{"desktop":{"background-color":"var(--ast-global-color-5)","background-image":"","background-repeat":"repeat","background-position":"center center","background-size":"auto","background-attachment":"scroll","background-type":"","background-media":"","overlay-type":"","overlay-color":"","overlay-opacity":"","overlay-gradient":""},"tablet":{"background-color":"var(--ast-global-color-5)","background-image":"","background-repeat":"repeat","background-position":"center center","background-size":"auto","background-attachment":"scroll","background-type":"","background-media":"","overlay-type":"","overlay-color":"","overlay-opacity":"","overlay-gradient":""},"mobile":{"background-color":"var(--ast-global-color-5)","background-image":"","background-repeat":"repeat","background-position":"center center","background-size":"auto","background-attachment":"scroll","background-type":"","background-media":"","overlay-type":"","overlay-color":"","overlay-opacity":"","overlay-gradient":""}},"footnotes":""},"class_list":["post-9369","page","type-page","status-publish","hentry"],"acf":[],"yoast_head":"<!-- This site is optimized with the Yoast SEO Premium plugin v27.1 (Yoast SEO v27.1.1) - https:\/\/yoast.com\/product\/yoast-seo-premium-wordpress\/ -->\n<title>Borax Potenciador Detergente - Alquera.com<\/title>\n<meta name=\"robots\" content=\"index, follow, max-snippet:-1, max-image-preview:large, max-video-preview:-1\" \/>\n<link rel=\"canonical\" href=\"https:\/\/www.alquera.com\/pt\/borax\/potenciador-detergente\/\" \/>\n<meta property=\"og:locale\" content=\"pt_PT\" \/>\n<meta property=\"og:type\" content=\"article\" \/>\n<meta property=\"og:title\" content=\"Borax Potenciador Detergente\" \/>\n<meta property=\"og:description\" content=\"El borax es un producto qu\u00edmico, que se presenta en forma de polvo blanco, que entre alguna de sus caracter\u00edsticas est\u00e1 la de potenciar el efecto del detergente de lavadora. S\u00f3lo hace falta a\u00f1adir media taza de borax como detergente a la carga de tu lavadora habitual, para conseguir los efectos que te contamos a [&hellip;]\" \/>\n<meta property=\"og:url\" content=\"https:\/\/www.alquera.com\/pt\/borax\/potenciador-detergente\/\" \/>\n<meta property=\"og:site_name\" content=\"Alquera.com\" \/>\n<meta property=\"article:publisher\" content=\"https:\/\/www.facebook.com\/alqueraciencia\" \/>\n<meta property=\"article:modified_time\" content=\"2021-09-12T13:49:37+00:00\" \/>\n<meta property=\"og:image\" content=\"https:\/\/www.alquera.com\/wp-content\/uploads\/2020\/12\/borax-ropa-blanca-300x156.jpg\" \/>\n<meta name=\"twitter:card\" content=\"summary_large_image\" \/>\n<meta name=\"twitter:label1\" content=\"Tempo estimado de leitura\" \/>\n\t<meta name=\"twitter:data1\" content=\"2 minutos\" \/>\n<script type=\"application\/ld+json\" class=\"yoast-schema-graph\">{\"@context\":\"https:\/\/schema.org\",\"@graph\":[{\"@type\":\"WebPage\",\"@id\":\"https:\/\/www.alquera.com\/borax\/potenciador-detergente\/\",\"url\":\"https:\/\/www.alquera.com\/borax\/potenciador-detergente\/\",\"name\":\"Borax Potenciador Detergente - Alquera.com\",\"isPartOf\":{\"@id\":\"https:\/\/www.alquera.com\/en\/#website\"},\"primaryImageOfPage\":{\"@id\":\"https:\/\/www.alquera.com\/borax\/potenciador-detergente\/#primaryimage\"},\"image\":{\"@id\":\"https:\/\/www.alquera.com\/borax\/potenciador-detergente\/#primaryimage\"},\"thumbnailUrl\":\"https:\/\/www.alquera.com\/wp-content\/uploads\/2020\/12\/borax-ropa-blanca-300x156.jpg\",\"datePublished\":\"2020-10-14T15:40:18+00:00\",\"dateModified\":\"2021-09-12T13:49:37+00:00\",\"breadcrumb\":{\"@id\":\"https:\/\/www.alquera.com\/borax\/potenciador-detergente\/#breadcrumb\"},\"inLanguage\":\"pt-PT\",\"potentialAction\":[{\"@type\":\"ReadAction\",\"target\":[\"https:\/\/www.alquera.com\/borax\/potenciador-detergente\/\"]}]},{\"@type\":\"ImageObject\",\"inLanguage\":\"pt-PT\",\"@id\":\"https:\/\/www.alquera.com\/borax\/potenciador-detergente\/#primaryimage\",\"url\":\"https:\/\/www.alquera.com\/wp-content\/uploads\/2020\/12\/borax-ropa-blanca-300x156.jpg\",\"contentUrl\":\"https:\/\/www.alquera.com\/wp-content\/uploads\/2020\/12\/borax-ropa-blanca-300x156.jpg\"},{\"@type\":\"BreadcrumbList\",\"@id\":\"https:\/\/www.alquera.com\/borax\/potenciador-detergente\/#breadcrumb\",\"itemListElement\":[{\"@type\":\"ListItem\",\"position\":1,\"name\":\"Inicio\",\"item\":\"https:\/\/www.alquera.com\/\"},{\"@type\":\"ListItem\",\"position\":2,\"name\":\"Borax\",\"item\":\"https:\/\/www.alquera.com\/borax\/\"},{\"@type\":\"ListItem\",\"position\":3,\"name\":\"Borax Potenciador Detergente\"}]},{\"@type\":\"WebSite\",\"@id\":\"https:\/\/www.alquera.com\/en\/#website\",\"url\":\"https:\/\/www.alquera.com\/en\/\",\"name\":\"Alquera.com\",\"description\":\"Tienda Online Productos Qu\u00edmicos y Material de Laboratorio\",\"publisher\":{\"@id\":\"https:\/\/www.alquera.com\/en\/#organization\"},\"potentialAction\":[{\"@type\":\"SearchAction\",\"target\":{\"@type\":\"EntryPoint\",\"urlTemplate\":\"https:\/\/www.alquera.com\/en\/?s={search_term_string}\"},\"query-input\":{\"@type\":\"PropertyValueSpecification\",\"valueRequired\":true,\"valueName\":\"search_term_string\"}}],\"inLanguage\":\"pt-PT\"},{\"@type\":\"Organization\",\"@id\":\"https:\/\/www.alquera.com\/en\/#organization\",\"name\":\"ALQUERA CIENCIA SL\",\"url\":\"https:\/\/www.alquera.com\/en\/\",\"logo\":{\"@type\":\"ImageObject\",\"inLanguage\":\"pt-PT\",\"@id\":\"https:\/\/www.alquera.com\/en\/#\/schema\/logo\/image\/\",\"url\":\"https:\/\/www.alquera.com\/wp-content\/uploads\/2020\/11\/logo_300_ancho.png\",\"contentUrl\":\"https:\/\/www.alquera.com\/wp-content\/uploads\/2020\/11\/logo_300_ancho.png\",\"width\":300,\"height\":86,\"caption\":\"ALQUERA CIENCIA SL\"},\"image\":{\"@id\":\"https:\/\/www.alquera.com\/en\/#\/schema\/logo\/image\/\"},\"sameAs\":[\"https:\/\/www.facebook.com\/alqueraciencia\",\"https:\/\/www.instagram.com\/alquera_ciencia\/\",\"https:\/\/www.youtube.com\/c\/alquera\"]}]}<\/script>\n<!-- \/ Yoast SEO Premium plugin. -->","yoast_head_json":{"title":"Detergente Potenciador Borax - Alquera.com","robots":{"index":"index","follow":"follow","max-snippet":"max-snippet:-1","max-image-preview":"max-image-preview:large","max-video-preview":"max-video-preview:-1"},"canonical":"https:\/\/www.alquera.com\/pt\/borax\/potenciador-detergente\/","og_locale":"pt_PT","og_type":"article","og_title":"Borax Potenciador Detergente","og_description":"El borax es un producto qu\u00edmico, que se presenta en forma de polvo blanco, que entre alguna de sus caracter\u00edsticas est\u00e1 la de potenciar el efecto del detergente de lavadora. S\u00f3lo hace falta a\u00f1adir media taza de borax como detergente a la carga de tu lavadora habitual, para conseguir los efectos que te contamos a [&hellip;]","og_url":"https:\/\/www.alquera.com\/pt\/borax\/potenciador-detergente\/","og_site_name":"Alquera.com","article_publisher":"https:\/\/www.facebook.com\/alqueraciencia","article_modified_time":"2021-09-12T13:49:37+00:00","og_image":[{"url":"https:\/\/www.alquera.com\/wp-content\/uploads\/2020\/12\/borax-ropa-blanca-300x156.jpg","type":"","width":"","height":""}],"twitter_card":"summary_large_image","twitter_misc":{"Tempo estimado de leitura":"2 minutos"},"schema":{"@context":"https:\/\/schema.org","@graph":[{"@type":"WebPage","@id":"https:\/\/www.alquera.com\/borax\/potenciador-detergente\/","url":"https:\/\/www.alquera.com\/borax\/potenciador-detergente\/","name":"Detergente Potenciador Borax - Alquera.com","isPartOf":{"@id":"https:\/\/www.alquera.com\/en\/#website"},"primaryImageOfPage":{"@id":"https:\/\/www.alquera.com\/borax\/potenciador-detergente\/#primaryimage"},"image":{"@id":"https:\/\/www.alquera.com\/borax\/potenciador-detergente\/#primaryimage"},"thumbnailUrl":"https:\/\/www.alquera.com\/wp-content\/uploads\/2020\/12\/borax-ropa-blanca-300x156.jpg","datePublished":"2020-10-14T15:40:18+00:00","dateModified":"2021-09-12T13:49:37+00:00","breadcrumb":{"@id":"https:\/\/www.alquera.com\/borax\/potenciador-detergente\/#breadcrumb"},"inLanguage":"pt-PT","potentialAction":[{"@type":"ReadAction","target":["https:\/\/www.alquera.com\/borax\/potenciador-detergente\/"]}]},{"@type":"ImageObject","inLanguage":"pt-PT","@id":"https:\/\/www.alquera.com\/borax\/potenciador-detergente\/#primaryimage","url":"https:\/\/www.alquera.com\/wp-content\/uploads\/2020\/12\/borax-ropa-blanca-300x156.jpg","contentUrl":"https:\/\/www.alquera.com\/wp-content\/uploads\/2020\/12\/borax-ropa-blanca-300x156.jpg"},{"@type":"BreadcrumbList","@id":"https:\/\/www.alquera.com\/borax\/potenciador-detergente\/#breadcrumb","itemListElement":[{"@type":"ListItem","position":1,"name":"Inicio","item":"https:\/\/www.alquera.com\/"},{"@type":"ListItem","position":2,"name":"Borax","item":"https:\/\/www.alquera.com\/borax\/"},{"@type":"ListItem","position":3,"name":"Borax Potenciador Detergente"}]},{"@type":"WebSite","@id":"https:\/\/www.alquera.com\/en\/#website","url":"https:\/\/www.alquera.com\/en\/","name":"Alquera.com","description":"Loja on-line de produtos qu\u00edmicos e equipamento de laborat\u00f3rio","publisher":{"@id":"https:\/\/www.alquera.com\/en\/#organization"},"potentialAction":[{"@type":"SearchAction","target":{"@type":"EntryPoint","urlTemplate":"https:\/\/www.alquera.com\/en\/?s={search_term_string}"},"query-input":{"@type":"PropertyValueSpecification","valueRequired":true,"valueName":"search_term_string"}}],"inLanguage":"pt-PT"},{"@type":"Organization","@id":"https:\/\/www.alquera.com\/en\/#organization","name":"ALQUERA CIENCIA SL","url":"https:\/\/www.alquera.com\/en\/","logo":{"@type":"ImageObject","inLanguage":"pt-PT","@id":"https:\/\/www.alquera.com\/en\/#\/schema\/logo\/image\/","url":"https:\/\/www.alquera.com\/wp-content\/uploads\/2020\/11\/logo_300_ancho.png","contentUrl":"https:\/\/www.alquera.com\/wp-content\/uploads\/2020\/11\/logo_300_ancho.png","width":300,"height":86,"caption":"ALQUERA CIENCIA SL"},"image":{"@id":"https:\/\/www.alquera.com\/en\/#\/schema\/logo\/image\/"},"sameAs":["https:\/\/www.facebook.com\/alqueraciencia","https:\/\/www.instagram.com\/alquera_ciencia\/","https:\/\/www.youtube.com\/c\/alquera"]}]}},"_links":{"self":[{"href":"https:\/\/www.alquera.com\/pt\/wp-json\/wp\/v2\/pages\/9369","targetHints":{"allow":["GET"]}}],"collection":[{"href":"https:\/\/www.alquera.com\/pt\/wp-json\/wp\/v2\/pages"}],"about":[{"href":"https:\/\/www.alquera.com\/pt\/wp-json\/wp\/v2\/types\/page"}],"author":[{"embeddable":true,"href":"https:\/\/www.alquera.com\/pt\/wp-json\/wp\/v2\/users\/1"}],"replies":[{"embeddable":true,"href":"https:\/\/www.alquera.com\/pt\/wp-json\/wp\/v2\/comments?post=9369"}],"version-history":[{"count":5,"href":"https:\/\/www.alquera.com\/pt\/wp-json\/wp\/v2\/pages\/9369\/revisions"}],"predecessor-version":[{"id":33182,"href":"https:\/\/www.alquera.com\/pt\/wp-json\/wp\/v2\/pages\/9369\/revisions\/33182"}],"up":[{"embeddable":true,"href":"https:\/\/www.alquera.com\/pt\/wp-json\/wp\/v2\/pages\/32600"}],"wp:attachment":[{"href":"https:\/\/www.alquera.com\/pt\/wp-json\/wp\/v2\/media?parent=9369"}],"curies":[{"name":"wp","href":"https:\/\/api.w.org\/{rel}","templated":true}]}}