{"id":9383,"date":"2020-10-14T16:50:59","date_gmt":"2020-10-14T16:50:59","guid":{"rendered":"http:\/\/localhost\/alquera\/?page_id=9383"},"modified":"2021-09-12T13:47:51","modified_gmt":"2021-09-12T13:47:51","slug":"insecticida","status":"publish","type":"page","link":"https:\/\/www.alquera.com\/pt\/borax\/insecticida\/","title":{"rendered":"B\u00f3rax como inseticida"},"content":{"rendered":"<p>\u00c9 por vezes poss\u00edvel utilizar o b\u00f3rax como insecticida, para eliminar baratas e insectos. O b\u00f3rax \u00e9 um produto qu\u00edmico sob a forma de p\u00f3 branco, cujos componentes s\u00e3o o boro, o s\u00f3dio e o oxig\u00e9nio. O Borax \u00e9 utilizado em muitos campos no lar, especialmente na limpeza, remo\u00e7\u00e3o de odores, e \u00e9 tamb\u00e9m largamente utilizado para soldar prata.<\/p>\n<h2>Porque \u00e9 que o b\u00f3rax \u00e9 v\u00e1lido como insecticida?<\/h2>\n<p>O b\u00f3rax enquanto tal n\u00e3o \u00e9 o melhor insecticida. Mas se j\u00e1 tiver b\u00f3rax em casa, ou se quiser compr\u00e1-lo para o utilizar na limpeza, desodoriza\u00e7\u00e3o, etc., tamb\u00e9m pode ser utilizado como insecticida.  Se misturar b\u00f3rax com sumo de lim\u00e3o (ou \u00e1cido c\u00edtrico), ir\u00e1 criar um novo composto que \u00e9 \u00e1cido b\u00f3rico.  A f\u00f3rmula qu\u00edmica do \u00e1cido b\u00f3rico \u00e9 H<sub>3<\/sub>BO<sub>3<\/sub>\u00a0e de b\u00f3rax \u00e9 Na<sub>2<\/sub>B<sub>4<\/sub>O<sub>7<\/sub>-10H<sub>2<\/sub>O. O <a href=\"https:\/\/www.alquera.com\/pt\/acido-borico\/\">\u00e1cido b\u00f3rico<\/a> \u00e9 um dos produtos mais eficazes contra baratas e formigas.<\/p>\n<p><img loading=\"lazy\" decoding=\"async\" class=\"size-medium wp-image-32327 aligncenter\" src=\"https:\/\/www.alquera.com\/wp-content\/uploads\/2020\/12\/borax-1kg-300x300.jpg\" alt=\"borax\" width=\"300\" height=\"300\" srcset=\"https:\/\/www.alquera.com\/wp-content\/uploads\/2020\/12\/borax-1kg-300x300.jpg 300w, https:\/\/www.alquera.com\/wp-content\/uploads\/2020\/12\/borax-1kg-150x150.jpg 150w, https:\/\/www.alquera.com\/wp-content\/uploads\/2020\/12\/borax-1kg-100x100.jpg 100w, https:\/\/www.alquera.com\/wp-content\/uploads\/2020\/12\/borax-1kg.jpg 458w\" sizes=\"auto, (max-width: 300px) 100vw, 300px\" \/><\/p>\n<p>Tanto o b\u00f3rax como o \u00e1cido b\u00f3rico t\u00eam o mesmo aspecto, sob a forma de um p\u00f3 branco, e s\u00e3o frequentemente confundidos. N\u00e3o s\u00e3o o mesmo produto.<\/p>\n<h2>Como usar o b\u00f3rax para se livrar de baratas e formigas<\/h2>\n<p>Como mencionado na sec\u00e7\u00e3o anterior, o b\u00f3rax por si s\u00f3 n\u00e3o \u00e9 um insecticida, mas se o misturarmos com \u00e1cido c\u00edtrico, as part\u00edculas de b\u00f3rax decompor-se-\u00e3o em \u00e1cido b\u00f3rico, que \u00e9 um produto bem conhecido por eliminar baratas e formigas.<\/p>\n<p>A primeira coisa a fazer \u00e9 criar uma pasta com b\u00f3rax e sumo de lim\u00e3o (1 copo de b\u00f3rax com 1\/4 de sumo de lim\u00e3o).<\/p>\n<p>Subsequentemente, tem v\u00e1rios m\u00e9todos para aplicar esta pasta nas \u00e1reas vulner\u00e1veis da sua casa, onde podem aparecer baratas e formigas. Dado que, ao adicionar lim\u00e3o, o que conseguimos \u00e9 converter o b\u00f3rax em \u00e1cido b\u00f3rico (pelo menos parte dele), aqui est\u00e3o v\u00e1rias formas de o aplicar e eliminar os temidos insectos na sua casa: <a href=\"https:\/\/www.alquera.com\/pt\/acido-borico\/cucarachas\/\">como ver-se livre de baratas e formigas<\/a><\/p>\n<h3 class=\"widget-title\">Comprar <\/h3><div><div class=\"woocommerce\"><ul class=\"products columns-4\">\n<li class=\"desktop-align-left tablet-align-left mobile-align-left ast-product-gallery-layout-horizontal-slider ast-magnify-disabled ast-product-single-variable ast-product-tabs-layout-horizontal ast-qv-on-image product type-product post-495 status-publish first instock product_cat-productos-experimentos product_cat-productos has-post-thumbnail taxable shipping-taxable purchasable product-type-variable has-default-attributes\">\n\t<a href=\"https:\/\/www.alquera.com\/pt\/permanganato-de-potasio\/\" class=\"woocommerce-LoopProduct-link woocommerce-loop-product__link\"><img loading=\"lazy\" decoding=\"async\" width=\"300\" height=\"300\" src=\"https:\/\/www.alquera.com\/wp-content\/uploads\/2016\/01\/permanganato-200g-foto-nueva-300x300.png\" class=\"attachment-woocommerce_thumbnail size-woocommerce_thumbnail\" alt=\"permanganato 200g\" srcset=\"https:\/\/www.alquera.com\/wp-content\/uploads\/2016\/01\/permanganato-200g-foto-nueva-300x300.png 300w, https:\/\/www.alquera.com\/wp-content\/uploads\/2016\/01\/permanganato-200g-foto-nueva-150x150.png 150w, https:\/\/www.alquera.com\/wp-content\/uploads\/2016\/01\/permanganato-200g-foto-nueva-12x12.png 12w, https:\/\/www.alquera.com\/wp-content\/uploads\/2016\/01\/permanganato-200g-foto-nueva-100x100.png 100w\" sizes=\"auto, (max-width: 300px) 100vw, 300px\" \/><h2 class=\"woocommerce-loop-product__title\">Permanganato de Pot\u00e1ssio<\/h2><div class=\"review-rating\"><div class=\"star-rating\"><span style=\"width:100%\" data-no-translation=\"\" data-trp-gettext=\"\">Classificado <strong class=\"rating\">5.00<\/strong> em 5<\/span><\/div><\/div>\n<\/a><a href=\"https:\/\/www.alquera.com\/pt\/permanganato-de-potasio\/\" aria-describedby=\"woocommerce_loop_add_to_cart_link_describedby_495\" data-quantity=\"1\" class=\"button product_type_variable add_to_cart_button\" data-product_id=\"495\" data-product_sku=\"AL100111\" aria-label=\"Seleccione as op\u00e7\u00f5es para \u201cPermanganato de Potasio\u201d\" rel=\"nofollow\" data-no-translation=\"\" data-trp-gettext=\"\" data-no-translation-aria-label=\"\">Ver op\u00e7\u00f5es<\/a>\t<span id=\"woocommerce_loop_add_to_cart_link_describedby_495\" class=\"screen-reader-text\">\n\t\tEste produto tem v\u00e1rias variantes. As op\u00e7\u00f5es podem ser seleccionadas na p\u00e1gina do produto\t<\/span>\n<\/li>\n<\/ul>\n<\/div><\/div>\n<p class=\"widget-title\">Leia mais<\/p><a href=\"https:\/\/www.alquera.com\/pt\/borax\/\">B\u00f3rax<\/a>\n<!-- Page-list plugin v.5.9 wordpress.org\/plugins\/page-list\/ -->\n<ul class=\"page-list siblings-page-list\">\n<li class=\"page_item page-item-9383 menu-item\"><a href=\"https:\/\/www.alquera.com\/pt\/borax\/insecticida\/\" class=\"menu-link\">B\u00f3rax como inseticida<\/a><\/li>\n<li class=\"page_item page-item-9369 menu-item\"><a href=\"https:\/\/www.alquera.com\/pt\/borax\/potenciador-detergente\/\" class=\"menu-link\">Detergente de B\u00f3rax Booster<\/a><\/li>\n<li class=\"page_item page-item-9380 menu-item\"><a href=\"https:\/\/www.alquera.com\/pt\/borax\/soldar-plata\/\" class=\"menu-link\">Prata de Solda B\u00f3rax<\/a><\/li>\n<li class=\"page_item page-item-9360 menu-item\"><a href=\"https:\/\/www.alquera.com\/pt\/borax\/usos-borax\/\" class=\"menu-link\">Usos do Borax<\/a><\/li>\n\n<\/ul>","protected":false},"excerpt":{"rendered":"<p>En ocasiones es posible utilizar el borax como insectida, para eliminaci\u00f3n de cucarachas e insectos. El borax es un producto qu\u00edmico que se presenta en forma de polvo blanco, cuyos componentes son boro, sodio y ox\u00edgeno. El borax se utiliza en muchos campos en el hogar, especialmente en la limpieza, eliminaci\u00f3n de olores, y tambi\u00e9n [&hellip;]<\/p>\n","protected":false},"author":1,"featured_media":0,"parent":32600,"menu_order":0,"comment_status":"open","ping_status":"closed","template":"","meta":{"_acf_changed":false,"site-sidebar-layout":"default","site-content-layout":"","ast-site-content-layout":"default","site-content-style":"default","site-sidebar-style":"default","ast-global-header-display":"","ast-banner-title-visibility":"","ast-main-header-display":"","ast-hfb-above-header-display":"","ast-hfb-below-header-display":"","ast-hfb-mobile-header-display":"","site-post-title":"","ast-breadcrumbs-content":"","ast-featured-img":"","footer-sml-layout":"","ast-disable-related-posts":"","theme-transparent-header-meta":"","adv-header-id-meta":"","stick-header-meta":"","header-above-stick-meta":"","header-main-stick-meta":"","header-below-stick-meta":"","astra-migrate-meta-layouts":"default","ast-page-background-enabled":"default","ast-page-background-meta":{"desktop":{"background-color":"var(--ast-global-color-4)","background-image":"","background-repeat":"repeat","background-position":"center center","background-size":"auto","background-attachment":"scroll","background-type":"","background-media":"","overlay-type":"","overlay-color":"","overlay-opacity":"","overlay-gradient":""},"tablet":{"background-color":"","background-image":"","background-repeat":"repeat","background-position":"center center","background-size":"auto","background-attachment":"scroll","background-type":"","background-media":"","overlay-type":"","overlay-color":"","overlay-opacity":"","overlay-gradient":""},"mobile":{"background-color":"","background-image":"","background-repeat":"repeat","background-position":"center center","background-size":"auto","background-attachment":"scroll","background-type":"","background-media":"","overlay-type":"","overlay-color":"","overlay-opacity":"","overlay-gradient":""}},"ast-content-background-meta":{"desktop":{"background-color":"var(--ast-global-color-5)","background-image":"","background-repeat":"repeat","background-position":"center center","background-size":"auto","background-attachment":"scroll","background-type":"","background-media":"","overlay-type":"","overlay-color":"","overlay-opacity":"","overlay-gradient":""},"tablet":{"background-color":"var(--ast-global-color-5)","background-image":"","background-repeat":"repeat","background-position":"center center","background-size":"auto","background-attachment":"scroll","background-type":"","background-media":"","overlay-type":"","overlay-color":"","overlay-opacity":"","overlay-gradient":""},"mobile":{"background-color":"var(--ast-global-color-5)","background-image":"","background-repeat":"repeat","background-position":"center center","background-size":"auto","background-attachment":"scroll","background-type":"","background-media":"","overlay-type":"","overlay-color":"","overlay-opacity":"","overlay-gradient":""}},"footnotes":""},"class_list":["post-9383","page","type-page","status-publish","hentry"],"acf":[],"yoast_head":"<!-- This site is optimized with the Yoast SEO Premium plugin v27.1 (Yoast SEO v27.1.1) - https:\/\/yoast.com\/product\/yoast-seo-premium-wordpress\/ -->\n<title>Borax como Insecticida - Alquera.com<\/title>\n<meta name=\"robots\" content=\"index, follow, max-snippet:-1, max-image-preview:large, max-video-preview:-1\" \/>\n<link rel=\"canonical\" href=\"https:\/\/www.alquera.com\/pt\/borax\/insecticida\/\" \/>\n<meta property=\"og:locale\" content=\"pt_PT\" \/>\n<meta property=\"og:type\" content=\"article\" \/>\n<meta property=\"og:title\" content=\"Borax como Insecticida\" \/>\n<meta property=\"og:description\" content=\"En ocasiones es posible utilizar el borax como insectida, para eliminaci\u00f3n de cucarachas e insectos. El borax es un producto qu\u00edmico que se presenta en forma de polvo blanco, cuyos componentes son boro, sodio y ox\u00edgeno. El borax se utiliza en muchos campos en el hogar, especialmente en la limpieza, eliminaci\u00f3n de olores, y tambi\u00e9n [&hellip;]\" \/>\n<meta property=\"og:url\" content=\"https:\/\/www.alquera.com\/pt\/borax\/insecticida\/\" \/>\n<meta property=\"og:site_name\" content=\"Alquera.com\" \/>\n<meta property=\"article:publisher\" content=\"https:\/\/www.facebook.com\/alqueraciencia\" \/>\n<meta property=\"article:modified_time\" content=\"2021-09-12T13:47:51+00:00\" \/>\n<meta property=\"og:image\" content=\"https:\/\/www.alquera.com\/wp-content\/uploads\/2020\/12\/borax-1kg-300x300.jpg\" \/>\n<meta name=\"twitter:card\" content=\"summary_large_image\" \/>\n<meta name=\"twitter:label1\" content=\"Tempo estimado de leitura\" \/>\n\t<meta name=\"twitter:data1\" content=\"2 minutos\" \/>\n<script type=\"application\/ld+json\" class=\"yoast-schema-graph\">{\"@context\":\"https:\/\/schema.org\",\"@graph\":[{\"@type\":\"WebPage\",\"@id\":\"https:\/\/www.alquera.com\/borax\/insecticida\/\",\"url\":\"https:\/\/www.alquera.com\/borax\/insecticida\/\",\"name\":\"Borax como Insecticida - Alquera.com\",\"isPartOf\":{\"@id\":\"https:\/\/www.alquera.com\/en\/#website\"},\"primaryImageOfPage\":{\"@id\":\"https:\/\/www.alquera.com\/borax\/insecticida\/#primaryimage\"},\"image\":{\"@id\":\"https:\/\/www.alquera.com\/borax\/insecticida\/#primaryimage\"},\"thumbnailUrl\":\"https:\/\/www.alquera.com\/wp-content\/uploads\/2020\/12\/borax-1kg-300x300.jpg\",\"datePublished\":\"2020-10-14T16:50:59+00:00\",\"dateModified\":\"2021-09-12T13:47:51+00:00\",\"breadcrumb\":{\"@id\":\"https:\/\/www.alquera.com\/borax\/insecticida\/#breadcrumb\"},\"inLanguage\":\"pt-PT\",\"potentialAction\":[{\"@type\":\"ReadAction\",\"target\":[\"https:\/\/www.alquera.com\/borax\/insecticida\/\"]}]},{\"@type\":\"ImageObject\",\"inLanguage\":\"pt-PT\",\"@id\":\"https:\/\/www.alquera.com\/borax\/insecticida\/#primaryimage\",\"url\":\"https:\/\/www.alquera.com\/wp-content\/uploads\/2020\/12\/borax-1kg-300x300.jpg\",\"contentUrl\":\"https:\/\/www.alquera.com\/wp-content\/uploads\/2020\/12\/borax-1kg-300x300.jpg\"},{\"@type\":\"BreadcrumbList\",\"@id\":\"https:\/\/www.alquera.com\/borax\/insecticida\/#breadcrumb\",\"itemListElement\":[{\"@type\":\"ListItem\",\"position\":1,\"name\":\"Inicio\",\"item\":\"https:\/\/www.alquera.com\/\"},{\"@type\":\"ListItem\",\"position\":2,\"name\":\"Borax\",\"item\":\"https:\/\/www.alquera.com\/borax\/\"},{\"@type\":\"ListItem\",\"position\":3,\"name\":\"Borax como Insecticida\"}]},{\"@type\":\"WebSite\",\"@id\":\"https:\/\/www.alquera.com\/en\/#website\",\"url\":\"https:\/\/www.alquera.com\/en\/\",\"name\":\"Alquera.com\",\"description\":\"Tienda Online Productos Qu\u00edmicos y Material de Laboratorio\",\"publisher\":{\"@id\":\"https:\/\/www.alquera.com\/en\/#organization\"},\"potentialAction\":[{\"@type\":\"SearchAction\",\"target\":{\"@type\":\"EntryPoint\",\"urlTemplate\":\"https:\/\/www.alquera.com\/en\/?s={search_term_string}\"},\"query-input\":{\"@type\":\"PropertyValueSpecification\",\"valueRequired\":true,\"valueName\":\"search_term_string\"}}],\"inLanguage\":\"pt-PT\"},{\"@type\":\"Organization\",\"@id\":\"https:\/\/www.alquera.com\/en\/#organization\",\"name\":\"ALQUERA CIENCIA SL\",\"url\":\"https:\/\/www.alquera.com\/en\/\",\"logo\":{\"@type\":\"ImageObject\",\"inLanguage\":\"pt-PT\",\"@id\":\"https:\/\/www.alquera.com\/en\/#\/schema\/logo\/image\/\",\"url\":\"https:\/\/www.alquera.com\/wp-content\/uploads\/2020\/11\/logo_300_ancho.png\",\"contentUrl\":\"https:\/\/www.alquera.com\/wp-content\/uploads\/2020\/11\/logo_300_ancho.png\",\"width\":300,\"height\":86,\"caption\":\"ALQUERA CIENCIA SL\"},\"image\":{\"@id\":\"https:\/\/www.alquera.com\/en\/#\/schema\/logo\/image\/\"},\"sameAs\":[\"https:\/\/www.facebook.com\/alqueraciencia\",\"https:\/\/www.instagram.com\/alquera_ciencia\/\",\"https:\/\/www.youtube.com\/c\/alquera\"]}]}<\/script>\n<!-- \/ Yoast SEO Premium plugin. -->","yoast_head_json":{"title":"Borax como inseticida - Alquera.com","robots":{"index":"index","follow":"follow","max-snippet":"max-snippet:-1","max-image-preview":"max-image-preview:large","max-video-preview":"max-video-preview:-1"},"canonical":"https:\/\/www.alquera.com\/pt\/borax\/insecticida\/","og_locale":"pt_PT","og_type":"article","og_title":"Borax como Insecticida","og_description":"En ocasiones es posible utilizar el borax como insectida, para eliminaci\u00f3n de cucarachas e insectos. El borax es un producto qu\u00edmico que se presenta en forma de polvo blanco, cuyos componentes son boro, sodio y ox\u00edgeno. El borax se utiliza en muchos campos en el hogar, especialmente en la limpieza, eliminaci\u00f3n de olores, y tambi\u00e9n [&hellip;]","og_url":"https:\/\/www.alquera.com\/pt\/borax\/insecticida\/","og_site_name":"Alquera.com","article_publisher":"https:\/\/www.facebook.com\/alqueraciencia","article_modified_time":"2021-09-12T13:47:51+00:00","og_image":[{"url":"https:\/\/www.alquera.com\/wp-content\/uploads\/2020\/12\/borax-1kg-300x300.jpg","type":"","width":"","height":""}],"twitter_card":"summary_large_image","twitter_misc":{"Tempo estimado de leitura":"2 minutos"},"schema":{"@context":"https:\/\/schema.org","@graph":[{"@type":"WebPage","@id":"https:\/\/www.alquera.com\/borax\/insecticida\/","url":"https:\/\/www.alquera.com\/borax\/insecticida\/","name":"Borax como inseticida - Alquera.com","isPartOf":{"@id":"https:\/\/www.alquera.com\/en\/#website"},"primaryImageOfPage":{"@id":"https:\/\/www.alquera.com\/borax\/insecticida\/#primaryimage"},"image":{"@id":"https:\/\/www.alquera.com\/borax\/insecticida\/#primaryimage"},"thumbnailUrl":"https:\/\/www.alquera.com\/wp-content\/uploads\/2020\/12\/borax-1kg-300x300.jpg","datePublished":"2020-10-14T16:50:59+00:00","dateModified":"2021-09-12T13:47:51+00:00","breadcrumb":{"@id":"https:\/\/www.alquera.com\/borax\/insecticida\/#breadcrumb"},"inLanguage":"pt-PT","potentialAction":[{"@type":"ReadAction","target":["https:\/\/www.alquera.com\/borax\/insecticida\/"]}]},{"@type":"ImageObject","inLanguage":"pt-PT","@id":"https:\/\/www.alquera.com\/borax\/insecticida\/#primaryimage","url":"https:\/\/www.alquera.com\/wp-content\/uploads\/2020\/12\/borax-1kg-300x300.jpg","contentUrl":"https:\/\/www.alquera.com\/wp-content\/uploads\/2020\/12\/borax-1kg-300x300.jpg"},{"@type":"BreadcrumbList","@id":"https:\/\/www.alquera.com\/borax\/insecticida\/#breadcrumb","itemListElement":[{"@type":"ListItem","position":1,"name":"Inicio","item":"https:\/\/www.alquera.com\/"},{"@type":"ListItem","position":2,"name":"Borax","item":"https:\/\/www.alquera.com\/borax\/"},{"@type":"ListItem","position":3,"name":"Borax como Insecticida"}]},{"@type":"WebSite","@id":"https:\/\/www.alquera.com\/en\/#website","url":"https:\/\/www.alquera.com\/en\/","name":"Alquera.com","description":"Loja on-line de produtos qu\u00edmicos e equipamento de laborat\u00f3rio","publisher":{"@id":"https:\/\/www.alquera.com\/en\/#organization"},"potentialAction":[{"@type":"SearchAction","target":{"@type":"EntryPoint","urlTemplate":"https:\/\/www.alquera.com\/en\/?s={search_term_string}"},"query-input":{"@type":"PropertyValueSpecification","valueRequired":true,"valueName":"search_term_string"}}],"inLanguage":"pt-PT"},{"@type":"Organization","@id":"https:\/\/www.alquera.com\/en\/#organization","name":"ALQUERA CIENCIA SL","url":"https:\/\/www.alquera.com\/en\/","logo":{"@type":"ImageObject","inLanguage":"pt-PT","@id":"https:\/\/www.alquera.com\/en\/#\/schema\/logo\/image\/","url":"https:\/\/www.alquera.com\/wp-content\/uploads\/2020\/11\/logo_300_ancho.png","contentUrl":"https:\/\/www.alquera.com\/wp-content\/uploads\/2020\/11\/logo_300_ancho.png","width":300,"height":86,"caption":"ALQUERA CIENCIA SL"},"image":{"@id":"https:\/\/www.alquera.com\/en\/#\/schema\/logo\/image\/"},"sameAs":["https:\/\/www.facebook.com\/alqueraciencia","https:\/\/www.instagram.com\/alquera_ciencia\/","https:\/\/www.youtube.com\/c\/alquera"]}]}},"_links":{"self":[{"href":"https:\/\/www.alquera.com\/pt\/wp-json\/wp\/v2\/pages\/9383","targetHints":{"allow":["GET"]}}],"collection":[{"href":"https:\/\/www.alquera.com\/pt\/wp-json\/wp\/v2\/pages"}],"about":[{"href":"https:\/\/www.alquera.com\/pt\/wp-json\/wp\/v2\/types\/page"}],"author":[{"embeddable":true,"href":"https:\/\/www.alquera.com\/pt\/wp-json\/wp\/v2\/users\/1"}],"replies":[{"embeddable":true,"href":"https:\/\/www.alquera.com\/pt\/wp-json\/wp\/v2\/comments?post=9383"}],"version-history":[{"count":7,"href":"https:\/\/www.alquera.com\/pt\/wp-json\/wp\/v2\/pages\/9383\/revisions"}],"predecessor-version":[{"id":34960,"href":"https:\/\/www.alquera.com\/pt\/wp-json\/wp\/v2\/pages\/9383\/revisions\/34960"}],"up":[{"embeddable":true,"href":"https:\/\/www.alquera.com\/pt\/wp-json\/wp\/v2\/pages\/32600"}],"wp:attachment":[{"href":"https:\/\/www.alquera.com\/pt\/wp-json\/wp\/v2\/media?parent=9383"}],"curies":[{"name":"wp","href":"https:\/\/api.w.org\/{rel}","templated":true}]}}