{"id":9391,"date":"2020-10-14T17:03:38","date_gmt":"2020-10-14T17:03:38","guid":{"rendered":"http:\/\/localhost\/alquera\/?page_id=9391"},"modified":"2023-09-18T10:24:59","modified_gmt":"2023-09-18T10:24:59","slug":"usos-acido-borico","status":"publish","type":"page","link":"https:\/\/www.alquera.com\/pt\/acido-borico\/usos-acido-borico\/","title":{"rendered":"Utiliza \u00e1cido b\u00f3rico"},"content":{"rendered":"<p>O <a href=\"https:\/\/www.alquera.com\/pt\/acido-borico\/\">\u00e1cido b\u00f3rico<\/a> ou \u00e1cido trioxob\u00f3rico, \u00e9 um \u00e1cido com a f\u00f3rmula qu\u00edmica H<sub>3<\/sub>BO<sub>3.&nbsp;<\/sub>\u00c9 um composto derivado do \u00e1tomo de boro. O \u00e1cido b\u00f3rico encontra-se na natureza, em pequenas quantidades e principalmente em zonas vulc\u00e2nicas. Tamb\u00e9m pode ser obtido a partir de outros minerais, como o b\u00f3rax e a boracite, atrav\u00e9s de processos qu\u00edmicos. \u00c9 um p\u00f3 branco cristalino, encontrado na \u00e1gua do mar, nas \u00e1rvores e nos frutos. Podemos colocar-nos a quest\u00e3o:&nbsp;<strong>para que \u00e9 utilizado o \u00e1cido b\u00f3rico?<\/strong>&nbsp; As principais utiliza\u00e7\u00f5es e aplica\u00e7\u00f5es do \u00e1cido b\u00f3rico s\u00e3o as seguintes<\/p>\n\n\n\n<figure class=\"wp-block-image size-large\"><img loading=\"lazy\" decoding=\"async\" width=\"300\" height=\"227\" src=\"https:\/\/www.alquera.com\/wp-content\/uploads\/2020\/11\/acido_borico-300x227-1.png\" alt=\"\" class=\"wp-image-10259\" srcset=\"https:\/\/www.alquera.com\/wp-content\/uploads\/2020\/11\/acido_borico-300x227-1.png 300w, https:\/\/www.alquera.com\/wp-content\/uploads\/2020\/11\/acido_borico-300x227-1-64x48.png 64w\" sizes=\"auto, (max-width: 300px) 100vw, 300px\" \/><\/figure>\n\n\n\n<h2 class=\"wp-block-heading\" id=\"h-principales-usos-y-aplicaciones-del-acido-borico\">Principais utiliza\u00e7\u00f5es e aplica\u00e7\u00f5es do \u00e1cido b\u00f3rico:<\/h2>\n\n\n\n<p><strong>Insecticida:<\/strong><\/p>\n\n\n\n<p>Como inseticida, \u00e9 muito eficaz no controlo de insectos em casa, especialmente na cozinha, para eliminar baratas.  Aqui pode ver&nbsp;<a href=\"https:\/\/www.alquera.com\/pt\/acido-borico\/cucarachas\/\">como ver-se livre de baratas com \u00e1cido b\u00f3rico<\/a>. Tamb\u00e9m \u00e9 utilizado o&nbsp;<a href=\"https:\/\/www.alquera.com\/pt\/acido-borico\/termitas\/\">\u00e1cido b\u00f3rico para eliminar as t\u00e9rmitas<\/a>formigas, pulgas, etc. Deve-se ter cuidado ao armazenar em casa, para crian\u00e7as e animais de estima\u00e7\u00e3o.<\/p>\n\n\n\n<p><strong>Industrial:<\/strong><\/p>\n\n\n\n<p>\u00c9 na ind\u00fastria que a&nbsp;<strong>\u00e1cido b\u00f3rico<\/strong>tem a mais ampla aplica\u00e7\u00e3o, a sua principal utiliza\u00e7\u00e3o \u00e9 no fabrico de fibra de vidro, um produto utilizado no fabrico de um grande n\u00famero de produtos. Devido \u00e0s suas caracter\u00edsticas f\u00edsico-qu\u00edmicas, \u00e9 tamb\u00e9m utilizado em joalharia, extintores de inc\u00eandio, soldadura, dinamite, agentes de limpeza e sab\u00f5es, cer\u00e2mica, porcelana, ind\u00fastria nuclear, etc.<\/p>\n\n\n\n<p><strong>Outras aplica\u00e7\u00f5es:<\/strong><\/p>\n\n\n\n<p>O \u00e1cido b\u00f3rico tamb\u00e9m tem diferentes tipos de aplica\u00e7\u00f5es, tais como o tratamento da madeira, para evitar danos causados por fungos e insectos. A sua combina\u00e7\u00e3o com \u00f3leos minerais e vegetais torna-o um excelente lubrificante. Na ind\u00fastria metal\u00fargica, \u00e9 utilizado para ligas, tratamento e endurecimento de metais tais como ferro, a\u00e7o, alum\u00ednio, etc. Na ind\u00fastria qu\u00edmica, tem muitas aplica\u00e7\u00f5es, principalmente como regulador de pH, uma vez que \u00e9 considerado um \u00e1cido suave. \u00c9 tamb\u00e9m amplamente utilizado na limpeza dom\u00e9stica, \u00e9 muito bom para cer\u00e2mica e azulejos, como lix\u00edvia na lavagem de roupa, e na limpeza de acess\u00f3rios de cozinha.<\/p>\n\n\n\n<h2 class=\"wp-block-heading\" id=\"h-formula-quimica\">F\u00f3rmula Qu\u00edmica<\/h2>\n\n\n\n<p>A f\u00f3rmula qu\u00edmica do \u00e1cido b\u00f3rico \u00e9 H<sub>3<\/sub>BO<sub>3<\/sub>. O seu n\u00famero CAS \u00e9 100043-35-3 e a sua densidade \u00e9 1,435g\/cm.<sup>3<\/sup><\/p>\n\n\n\n<h2 class=\"wp-block-heading\" id=\"h-no-confundir-con-borax\">N\u00e3o confundir com B\u00f3rax<\/h2>\n\n\n\n<p>O \u00e1cido b\u00f3rico \u00e9 frequentemente confundido com o b\u00f3rax. Embora ambos sejam compostos cujo elemento principal \u00e9 o boro, n\u00e3o devem ser confundidos. Nesta sec\u00e7\u00e3o, mostramos algumas caracter\u00edsticas do&nbsp;<a href=\"https:\/\/www.alquera.com\/pt\/borax\/\">B\u00f3rax<\/a>.<\/p>","protected":false},"excerpt":{"rendered":"<p>El \u00e1cido b\u00f3rico o trioxob\u00f3rico, es un \u00e1cido cuya f\u00f3rmula qu\u00edmica es H3BO3.&nbsp;Es un compuesto derivado del&nbsp;\u00e1tomo&nbsp;de boro. El \u00e1cido borico encuentra en la naturaleza, en pocas cantidades y sobre todo en zonas volc\u00e1nicas. Tambi\u00e9n se puede obtener tambi\u00e9n de otros minerales, como el b\u00f3rax y la boracita, a trav\u00e9s de procesos qu\u00edmicos. Es un [&hellip;]<\/p>\n","protected":false},"author":1,"featured_media":0,"parent":32598,"menu_order":0,"comment_status":"open","ping_status":"closed","template":"","meta":{"_acf_changed":false,"site-sidebar-layout":"default","site-content-layout":"default","ast-site-content-layout":"default","site-content-style":"default","site-sidebar-style":"default","ast-global-header-display":"","ast-banner-title-visibility":"","ast-main-header-display":"","ast-hfb-above-header-display":"","ast-hfb-below-header-display":"","ast-hfb-mobile-header-display":"","site-post-title":"","ast-breadcrumbs-content":"","ast-featured-img":"","footer-sml-layout":"","ast-disable-related-posts":"","theme-transparent-header-meta":"default","adv-header-id-meta":"","stick-header-meta":"default","header-above-stick-meta":"","header-main-stick-meta":"","header-below-stick-meta":"","astra-migrate-meta-layouts":"default","ast-page-background-enabled":"default","ast-page-background-meta":{"desktop":{"background-color":"var(--ast-global-color-4)","background-image":"","background-repeat":"repeat","background-position":"center center","background-size":"auto","background-attachment":"scroll","background-type":"","background-media":"","overlay-type":"","overlay-color":"","overlay-opacity":"","overlay-gradient":""},"tablet":{"background-color":"","background-image":"","background-repeat":"repeat","background-position":"center center","background-size":"auto","background-attachment":"scroll","background-type":"","background-media":"","overlay-type":"","overlay-color":"","overlay-opacity":"","overlay-gradient":""},"mobile":{"background-color":"","background-image":"","background-repeat":"repeat","background-position":"center center","background-size":"auto","background-attachment":"scroll","background-type":"","background-media":"","overlay-type":"","overlay-color":"","overlay-opacity":"","overlay-gradient":""}},"ast-content-background-meta":{"desktop":{"background-color":"var(--ast-global-color-5)","background-image":"","background-repeat":"repeat","background-position":"center center","background-size":"auto","background-attachment":"scroll","background-type":"","background-media":"","overlay-type":"","overlay-color":"","overlay-opacity":"","overlay-gradient":""},"tablet":{"background-color":"var(--ast-global-color-5)","background-image":"","background-repeat":"repeat","background-position":"center center","background-size":"auto","background-attachment":"scroll","background-type":"","background-media":"","overlay-type":"","overlay-color":"","overlay-opacity":"","overlay-gradient":""},"mobile":{"background-color":"var(--ast-global-color-5)","background-image":"","background-repeat":"repeat","background-position":"center center","background-size":"auto","background-attachment":"scroll","background-type":"","background-media":"","overlay-type":"","overlay-color":"","overlay-opacity":"","overlay-gradient":""}},"footnotes":""},"class_list":["post-9391","page","type-page","status-publish","hentry"],"acf":[],"yoast_head":"<!-- This site is optimized with the Yoast SEO Premium plugin v27.1 (Yoast SEO v27.1.1) - https:\/\/yoast.com\/product\/yoast-seo-premium-wordpress\/ -->\n<title>Usos \u00c1cido B\u00f3rico - Alquera.com<\/title>\n<meta name=\"description\" content=\"El \u00e1cido b\u00f3rico es un producto qu\u00edmico con muchas aplicaciones a nivel industrial y dom\u00e9stico. Ver usos y propiedades\" \/>\n<meta name=\"robots\" content=\"index, follow, max-snippet:-1, max-image-preview:large, max-video-preview:-1\" \/>\n<link rel=\"canonical\" href=\"https:\/\/www.alquera.com\/pt\/acido-borico\/usos-acido-borico\/\" \/>\n<meta property=\"og:locale\" content=\"pt_PT\" \/>\n<meta property=\"og:type\" content=\"article\" \/>\n<meta property=\"og:title\" content=\"Usos \u00c1cido B\u00f3rico\" \/>\n<meta property=\"og:description\" content=\"El \u00e1cido b\u00f3rico es un producto qu\u00edmico con muchas aplicaciones a nivel industrial y dom\u00e9stico. Ver usos y propiedades\" \/>\n<meta property=\"og:url\" content=\"https:\/\/www.alquera.com\/pt\/acido-borico\/usos-acido-borico\/\" \/>\n<meta property=\"og:site_name\" content=\"Alquera.com\" \/>\n<meta property=\"article:publisher\" content=\"https:\/\/www.facebook.com\/alqueraciencia\" \/>\n<meta property=\"article:modified_time\" content=\"2023-09-18T10:24:59+00:00\" \/>\n<meta property=\"og:image\" content=\"https:\/\/www.alquera.com\/wp-content\/uploads\/2020\/11\/acido_borico-300x227-1.png\" \/>\n<meta name=\"twitter:card\" content=\"summary_large_image\" \/>\n<meta name=\"twitter:label1\" content=\"Tempo estimado de leitura\" \/>\n\t<meta name=\"twitter:data1\" content=\"3 minutos\" \/>\n<script type=\"application\/ld+json\" class=\"yoast-schema-graph\">{\"@context\":\"https:\/\/schema.org\",\"@graph\":[{\"@type\":\"WebPage\",\"@id\":\"https:\/\/www.alquera.com\/acido-borico\/usos-acido-borico\/\",\"url\":\"https:\/\/www.alquera.com\/acido-borico\/usos-acido-borico\/\",\"name\":\"Usos \u00c1cido B\u00f3rico - Alquera.com\",\"isPartOf\":{\"@id\":\"https:\/\/www.alquera.com\/en\/#website\"},\"primaryImageOfPage\":{\"@id\":\"https:\/\/www.alquera.com\/acido-borico\/usos-acido-borico\/#primaryimage\"},\"image\":{\"@id\":\"https:\/\/www.alquera.com\/acido-borico\/usos-acido-borico\/#primaryimage\"},\"thumbnailUrl\":\"https:\/\/www.alquera.com\/wp-content\/uploads\/2020\/11\/acido_borico-300x227-1.png\",\"datePublished\":\"2020-10-14T17:03:38+00:00\",\"dateModified\":\"2023-09-18T10:24:59+00:00\",\"description\":\"El \u00e1cido b\u00f3rico es un producto qu\u00edmico con muchas aplicaciones a nivel industrial y dom\u00e9stico. Ver usos y propiedades\",\"breadcrumb\":{\"@id\":\"https:\/\/www.alquera.com\/acido-borico\/usos-acido-borico\/#breadcrumb\"},\"inLanguage\":\"pt-PT\",\"potentialAction\":[{\"@type\":\"ReadAction\",\"target\":[\"https:\/\/www.alquera.com\/acido-borico\/usos-acido-borico\/\"]}]},{\"@type\":\"ImageObject\",\"inLanguage\":\"pt-PT\",\"@id\":\"https:\/\/www.alquera.com\/acido-borico\/usos-acido-borico\/#primaryimage\",\"url\":\"https:\/\/www.alquera.com\/wp-content\/uploads\/2020\/11\/acido_borico-300x227-1.png\",\"contentUrl\":\"https:\/\/www.alquera.com\/wp-content\/uploads\/2020\/11\/acido_borico-300x227-1.png\"},{\"@type\":\"BreadcrumbList\",\"@id\":\"https:\/\/www.alquera.com\/acido-borico\/usos-acido-borico\/#breadcrumb\",\"itemListElement\":[{\"@type\":\"ListItem\",\"position\":1,\"name\":\"Inicio\",\"item\":\"https:\/\/www.alquera.com\/\"},{\"@type\":\"ListItem\",\"position\":2,\"name\":\"Acido Borico\",\"item\":\"https:\/\/www.alquera.com\/acido-borico\/\"},{\"@type\":\"ListItem\",\"position\":3,\"name\":\"Usos \u00c1cido B\u00f3rico\"}]},{\"@type\":\"WebSite\",\"@id\":\"https:\/\/www.alquera.com\/en\/#website\",\"url\":\"https:\/\/www.alquera.com\/en\/\",\"name\":\"Alquera.com\",\"description\":\"Tienda Online Productos Qu\u00edmicos y Material de Laboratorio\",\"publisher\":{\"@id\":\"https:\/\/www.alquera.com\/en\/#organization\"},\"potentialAction\":[{\"@type\":\"SearchAction\",\"target\":{\"@type\":\"EntryPoint\",\"urlTemplate\":\"https:\/\/www.alquera.com\/en\/?s={search_term_string}\"},\"query-input\":{\"@type\":\"PropertyValueSpecification\",\"valueRequired\":true,\"valueName\":\"search_term_string\"}}],\"inLanguage\":\"pt-PT\"},{\"@type\":\"Organization\",\"@id\":\"https:\/\/www.alquera.com\/en\/#organization\",\"name\":\"ALQUERA CIENCIA SL\",\"url\":\"https:\/\/www.alquera.com\/en\/\",\"logo\":{\"@type\":\"ImageObject\",\"inLanguage\":\"pt-PT\",\"@id\":\"https:\/\/www.alquera.com\/en\/#\/schema\/logo\/image\/\",\"url\":\"https:\/\/www.alquera.com\/wp-content\/uploads\/2020\/11\/logo_300_ancho.png\",\"contentUrl\":\"https:\/\/www.alquera.com\/wp-content\/uploads\/2020\/11\/logo_300_ancho.png\",\"width\":300,\"height\":86,\"caption\":\"ALQUERA CIENCIA SL\"},\"image\":{\"@id\":\"https:\/\/www.alquera.com\/en\/#\/schema\/logo\/image\/\"},\"sameAs\":[\"https:\/\/www.facebook.com\/alqueraciencia\",\"https:\/\/www.instagram.com\/alquera_ciencia\/\",\"https:\/\/www.youtube.com\/c\/alquera\"]}]}<\/script>\n<!-- \/ Yoast SEO Premium plugin. -->","yoast_head_json":{"title":"Utiliza \u00c1cido B\u00f3rico - Alquera.com","description":"O \u00e1cido b\u00f3rico \u00e9 um qu\u00edmico com muitas aplica\u00e7\u00f5es industriais e dom\u00e9sticas. Ver usos e propriedades","robots":{"index":"index","follow":"follow","max-snippet":"max-snippet:-1","max-image-preview":"max-image-preview:large","max-video-preview":"max-video-preview:-1"},"canonical":"https:\/\/www.alquera.com\/pt\/acido-borico\/usos-acido-borico\/","og_locale":"pt_PT","og_type":"article","og_title":"Usos \u00c1cido B\u00f3rico","og_description":"El \u00e1cido b\u00f3rico es un producto qu\u00edmico con muchas aplicaciones a nivel industrial y dom\u00e9stico. Ver usos y propiedades","og_url":"https:\/\/www.alquera.com\/pt\/acido-borico\/usos-acido-borico\/","og_site_name":"Alquera.com","article_publisher":"https:\/\/www.facebook.com\/alqueraciencia","article_modified_time":"2023-09-18T10:24:59+00:00","og_image":[{"url":"https:\/\/www.alquera.com\/wp-content\/uploads\/2020\/11\/acido_borico-300x227-1.png","type":"","width":"","height":""}],"twitter_card":"summary_large_image","twitter_misc":{"Tempo estimado de leitura":"3 minutos"},"schema":{"@context":"https:\/\/schema.org","@graph":[{"@type":"WebPage","@id":"https:\/\/www.alquera.com\/acido-borico\/usos-acido-borico\/","url":"https:\/\/www.alquera.com\/acido-borico\/usos-acido-borico\/","name":"Utiliza \u00c1cido B\u00f3rico - Alquera.com","isPartOf":{"@id":"https:\/\/www.alquera.com\/en\/#website"},"primaryImageOfPage":{"@id":"https:\/\/www.alquera.com\/acido-borico\/usos-acido-borico\/#primaryimage"},"image":{"@id":"https:\/\/www.alquera.com\/acido-borico\/usos-acido-borico\/#primaryimage"},"thumbnailUrl":"https:\/\/www.alquera.com\/wp-content\/uploads\/2020\/11\/acido_borico-300x227-1.png","datePublished":"2020-10-14T17:03:38+00:00","dateModified":"2023-09-18T10:24:59+00:00","description":"O \u00e1cido b\u00f3rico \u00e9 um qu\u00edmico com muitas aplica\u00e7\u00f5es industriais e dom\u00e9sticas. Ver usos e propriedades","breadcrumb":{"@id":"https:\/\/www.alquera.com\/acido-borico\/usos-acido-borico\/#breadcrumb"},"inLanguage":"pt-PT","potentialAction":[{"@type":"ReadAction","target":["https:\/\/www.alquera.com\/acido-borico\/usos-acido-borico\/"]}]},{"@type":"ImageObject","inLanguage":"pt-PT","@id":"https:\/\/www.alquera.com\/acido-borico\/usos-acido-borico\/#primaryimage","url":"https:\/\/www.alquera.com\/wp-content\/uploads\/2020\/11\/acido_borico-300x227-1.png","contentUrl":"https:\/\/www.alquera.com\/wp-content\/uploads\/2020\/11\/acido_borico-300x227-1.png"},{"@type":"BreadcrumbList","@id":"https:\/\/www.alquera.com\/acido-borico\/usos-acido-borico\/#breadcrumb","itemListElement":[{"@type":"ListItem","position":1,"name":"Inicio","item":"https:\/\/www.alquera.com\/"},{"@type":"ListItem","position":2,"name":"Acido Borico","item":"https:\/\/www.alquera.com\/acido-borico\/"},{"@type":"ListItem","position":3,"name":"Usos \u00c1cido B\u00f3rico"}]},{"@type":"WebSite","@id":"https:\/\/www.alquera.com\/en\/#website","url":"https:\/\/www.alquera.com\/en\/","name":"Alquera.com","description":"Loja on-line de produtos qu\u00edmicos e equipamento de laborat\u00f3rio","publisher":{"@id":"https:\/\/www.alquera.com\/en\/#organization"},"potentialAction":[{"@type":"SearchAction","target":{"@type":"EntryPoint","urlTemplate":"https:\/\/www.alquera.com\/en\/?s={search_term_string}"},"query-input":{"@type":"PropertyValueSpecification","valueRequired":true,"valueName":"search_term_string"}}],"inLanguage":"pt-PT"},{"@type":"Organization","@id":"https:\/\/www.alquera.com\/en\/#organization","name":"ALQUERA CIENCIA SL","url":"https:\/\/www.alquera.com\/en\/","logo":{"@type":"ImageObject","inLanguage":"pt-PT","@id":"https:\/\/www.alquera.com\/en\/#\/schema\/logo\/image\/","url":"https:\/\/www.alquera.com\/wp-content\/uploads\/2020\/11\/logo_300_ancho.png","contentUrl":"https:\/\/www.alquera.com\/wp-content\/uploads\/2020\/11\/logo_300_ancho.png","width":300,"height":86,"caption":"ALQUERA CIENCIA SL"},"image":{"@id":"https:\/\/www.alquera.com\/en\/#\/schema\/logo\/image\/"},"sameAs":["https:\/\/www.facebook.com\/alqueraciencia","https:\/\/www.instagram.com\/alquera_ciencia\/","https:\/\/www.youtube.com\/c\/alquera"]}]}},"_links":{"self":[{"href":"https:\/\/www.alquera.com\/pt\/wp-json\/wp\/v2\/pages\/9391","targetHints":{"allow":["GET"]}}],"collection":[{"href":"https:\/\/www.alquera.com\/pt\/wp-json\/wp\/v2\/pages"}],"about":[{"href":"https:\/\/www.alquera.com\/pt\/wp-json\/wp\/v2\/types\/page"}],"author":[{"embeddable":true,"href":"https:\/\/www.alquera.com\/pt\/wp-json\/wp\/v2\/users\/1"}],"replies":[{"embeddable":true,"href":"https:\/\/www.alquera.com\/pt\/wp-json\/wp\/v2\/comments?post=9391"}],"version-history":[{"count":10,"href":"https:\/\/www.alquera.com\/pt\/wp-json\/wp\/v2\/pages\/9391\/revisions"}],"predecessor-version":[{"id":44259,"href":"https:\/\/www.alquera.com\/pt\/wp-json\/wp\/v2\/pages\/9391\/revisions\/44259"}],"up":[{"embeddable":true,"href":"https:\/\/www.alquera.com\/pt\/wp-json\/wp\/v2\/pages\/32598"}],"wp:attachment":[{"href":"https:\/\/www.alquera.com\/pt\/wp-json\/wp\/v2\/media?parent=9391"}],"curies":[{"name":"wp","href":"https:\/\/api.w.org\/{rel}","templated":true}]}}